{"id":12725,"date":"2023-09-22T18:08:04","date_gmt":"2023-09-22T15:08:04","guid":{"rendered":"https:\/\/www.asimina-cbh.com\/honeymoon-holidays\/"},"modified":"2024-09-23T15:07:17","modified_gmt":"2024-09-23T12:07:17","slug":"honeymoon-holidays","status":"publish","type":"page","link":"https:\/\/www.asimina-cbh.com\/de\/honeymoon-holidays\/","title":{"rendered":"Flitterwochen-Ferien"},"content":{"rendered":"<p>Ihre Flitterwochen in Paphos im Asimina Suites Hotel werden die Liebe, die Sie f\u00fcreinander empfinden, mit Sicherheit noch verst\u00e4rken. Abgesehen von unserer sensationellen Lage direkt am Meer am Strand von Paphos, die von morgens bis abends einen atemberaubenden Blick bietet, m\u00f6chten wir das Brautpaar auf eine Weise verw\u00f6hnen, die ihre Liebe noch mehr erbl\u00fchen l\u00e4sst.<\/p>\n<p>Wenn Sie das Asimina Suites Hotel f\u00fcr Ihre Flitterwochen in Paphos w\u00e4hlen, wird dies ein Erlebnis sein, an das Sie und Ihre Liebste oder Ihr Liebster sich ein Leben lang erinnern werden.<\/p>\n<p>Folgendes bieten wir unseren frisch verm\u00e4hlten G\u00e4sten w\u00e4hrend ihrer Flitterwochen:<\/p>\n<ul>\n<li>Bei Ankunft eingerichtete Suite mit einer Flasche Sekt<\/li>\n<li>Ein romantisches Abendessen bei Kerzenschein f\u00fcr zwei Personen, kostenlos<\/li>\n<li>Kostenlose Nutzung unserer Sauna und des Dampfbads, die Sie noch mehr entspannen werden, je nach Verf\u00fcgbarkeit<\/li>\n<li>Ein Upgrade der Suite, je nach Verf\u00fcgbarkeit<\/li>\n<\/ul>\n","protected":false},"excerpt":{"rendered":"<p>Ihre Flitterwochen in Paphos im Asimina Suites Hotel werden die Liebe, die Sie f\u00fcreinander empfinden, mit Sicherheit noch verst\u00e4rken. Abgesehen von unserer sensationellen Lage direkt am Meer am Strand von Paphos, die von morgens bis abends einen atemberaubenden Blick bietet, m\u00f6chten wir das Brautpaar auf eine Weise verw\u00f6hnen, die ihre Liebe noch mehr erbl\u00fchen l\u00e4sst.<\/p>\n","protected":false},"author":100,"featured_media":15848,"parent":0,"menu_order":0,"comment_status":"closed","ping_status":"closed","template":"","meta":{"_acf_changed":false,"footnotes":""},"class_list":["post-12725","page","type-page","status-publish","has-post-thumbnail","hentry"],"acf":[],"yoast_head":"<!-- This site is optimized with the Yoast SEO plugin v27.5 - https:\/\/yoast.com\/product\/yoast-seo-wordpress\/ -->\n<title>Flitterwochen in Paphos, Zypern | Asimina Suites Hotel<\/title>\n<meta name=\"description\" content=\"Das Asimina Suites Hotel bietet frisch Verheirateten in den Flitterwochen in Paphos zus\u00e4tzliche Vorteile und romantische Erlebnisse\" \/>\n<meta name=\"robots\" content=\"index, follow, max-snippet:-1, max-image-preview:large, max-video-preview:-1\" \/>\n<link rel=\"canonical\" href=\"https:\/\/www.asimina-cbh.com\/de\/honeymoon-holidays\/\" \/>\n<meta property=\"og:locale\" content=\"de_DE\" \/>\n<meta property=\"og:type\" content=\"article\" \/>\n<meta property=\"og:title\" content=\"Flitterwochen in Paphos, Zypern | Asimina Suites Hotel\" \/>\n<meta property=\"og:description\" content=\"Das Asimina Suites Hotel bietet frisch Verheirateten in den Flitterwochen in Paphos zus\u00e4tzliche Vorteile und romantische Erlebnisse\" \/>\n<meta property=\"og:url\" content=\"https:\/\/www.asimina-cbh.com\/de\/honeymoon-holidays\/\" \/>\n<meta property=\"og:site_name\" content=\"Asimina Suites Hotel\" \/>\n<meta property=\"article:modified_time\" content=\"2024-09-23T12:07:17+00:00\" \/>\n<meta property=\"og:image\" content=\"https:\/\/www.asimina-cbh.com\/app\/uploads\/sites\/31\/2020\/09\/42-ASIMINA-SUITES-HOTEL-PRIVATE-DINNER-BY-THE-BEACH.jpg\" \/>\n\t<meta property=\"og:image:width\" content=\"1200\" \/>\n\t<meta property=\"og:image:height\" content=\"798\" \/>\n\t<meta property=\"og:image:type\" content=\"image\/jpeg\" \/>\n<meta name=\"twitter:card\" content=\"summary_large_image\" \/>\n<meta name=\"twitter:label1\" content=\"Gesch\u00e4tzte Lesezeit\" \/>\n\t<meta name=\"twitter:data1\" content=\"1\u00a0Minute\" \/>\n<script type=\"application\/ld+json\" class=\"yoast-schema-graph\">{\"@context\":\"https:\\\/\\\/schema.org\",\"@graph\":[{\"@type\":\"WebPage\",\"@id\":\"https:\\\/\\\/www.asimina-cbh.com\\\/de\\\/honeymoon-holidays\\\/\",\"url\":\"https:\\\/\\\/www.asimina-cbh.com\\\/de\\\/honeymoon-holidays\\\/\",\"name\":\"Flitterwochen in Paphos, Zypern | Asimina Suites Hotel\",\"isPartOf\":{\"@id\":\"https:\\\/\\\/www.asimina-cbh.com\\\/de\\\/#website\"},\"primaryImageOfPage\":{\"@id\":\"https:\\\/\\\/www.asimina-cbh.com\\\/de\\\/honeymoon-holidays\\\/#primaryimage\"},\"image\":{\"@id\":\"https:\\\/\\\/www.asimina-cbh.com\\\/de\\\/honeymoon-holidays\\\/#primaryimage\"},\"thumbnailUrl\":\"https:\\\/\\\/www.asimina-cbh.com\\\/app\\\/uploads\\\/sites\\\/31\\\/2026\\\/02\\\/55.1-ASIMINA-SUITES-HOTEL-EXECUTIVE-SUITE-PRIVATE-POOL-SV-1-scaled.jpg\",\"datePublished\":\"2023-09-22T15:08:04+00:00\",\"dateModified\":\"2024-09-23T12:07:17+00:00\",\"description\":\"Das Asimina Suites Hotel bietet frisch Verheirateten in den Flitterwochen in Paphos zus\u00e4tzliche Vorteile und romantische Erlebnisse\",\"breadcrumb\":{\"@id\":\"https:\\\/\\\/www.asimina-cbh.com\\\/de\\\/honeymoon-holidays\\\/#breadcrumb\"},\"inLanguage\":\"de\",\"potentialAction\":[{\"@type\":\"ReadAction\",\"target\":[\"https:\\\/\\\/www.asimina-cbh.com\\\/de\\\/honeymoon-holidays\\\/\"]}]},{\"@type\":\"ImageObject\",\"inLanguage\":\"de\",\"@id\":\"https:\\\/\\\/www.asimina-cbh.com\\\/de\\\/honeymoon-holidays\\\/#primaryimage\",\"url\":\"https:\\\/\\\/www.asimina-cbh.com\\\/app\\\/uploads\\\/sites\\\/31\\\/2026\\\/02\\\/55.1-ASIMINA-SUITES-HOTEL-EXECUTIVE-SUITE-PRIVATE-POOL-SV-1-scaled.jpg\",\"contentUrl\":\"https:\\\/\\\/www.asimina-cbh.com\\\/app\\\/uploads\\\/sites\\\/31\\\/2026\\\/02\\\/55.1-ASIMINA-SUITES-HOTEL-EXECUTIVE-SUITE-PRIVATE-POOL-SV-1-scaled.jpg\",\"width\":2560,\"height\":1440},{\"@type\":\"BreadcrumbList\",\"@id\":\"https:\\\/\\\/www.asimina-cbh.com\\\/de\\\/honeymoon-holidays\\\/#breadcrumb\",\"itemListElement\":[{\"@type\":\"ListItem\",\"position\":1,\"name\":\"Home\",\"item\":\"https:\\\/\\\/www.asimina-cbh.com\\\/de\\\/\"},{\"@type\":\"ListItem\",\"position\":2,\"name\":\"Flitterwochen-Ferien\"}]},{\"@type\":\"WebSite\",\"@id\":\"https:\\\/\\\/www.asimina-cbh.com\\\/de\\\/#website\",\"url\":\"https:\\\/\\\/www.asimina-cbh.com\\\/de\\\/\",\"name\":\"Asimina Suites Hotel\",\"description\":\"Constantinou Bros Asimina Suites Hotel, 4 star hotel in Paphos Cyprus\",\"potentialAction\":[{\"@type\":\"SearchAction\",\"target\":{\"@type\":\"EntryPoint\",\"urlTemplate\":\"https:\\\/\\\/www.asimina-cbh.com\\\/de\\\/?s={search_term_string}\"},\"query-input\":{\"@type\":\"PropertyValueSpecification\",\"valueRequired\":true,\"valueName\":\"search_term_string\"}}],\"inLanguage\":\"de\"}]}<\/script>\n<!-- \/ Yoast SEO plugin. -->","yoast_head_json":{"title":"Flitterwochen in Paphos, Zypern | Asimina Suites Hotel","description":"Das Asimina Suites Hotel bietet frisch Verheirateten in den Flitterwochen in Paphos zus\u00e4tzliche Vorteile und romantische Erlebnisse","robots":{"index":"index","follow":"follow","max-snippet":"max-snippet:-1","max-image-preview":"max-image-preview:large","max-video-preview":"max-video-preview:-1"},"canonical":"https:\/\/www.asimina-cbh.com\/de\/honeymoon-holidays\/","og_locale":"de_DE","og_type":"article","og_title":"Flitterwochen in Paphos, Zypern | Asimina Suites Hotel","og_description":"Das Asimina Suites Hotel bietet frisch Verheirateten in den Flitterwochen in Paphos zus\u00e4tzliche Vorteile und romantische Erlebnisse","og_url":"https:\/\/www.asimina-cbh.com\/de\/honeymoon-holidays\/","og_site_name":"Asimina Suites Hotel","article_modified_time":"2024-09-23T12:07:17+00:00","og_image":[{"width":1200,"height":798,"url":"https:\/\/www.asimina-cbh.com\/app\/uploads\/sites\/31\/2020\/09\/42-ASIMINA-SUITES-HOTEL-PRIVATE-DINNER-BY-THE-BEACH.jpg","type":"image\/jpeg"}],"twitter_card":"summary_large_image","twitter_misc":{"Gesch\u00e4tzte Lesezeit":"1\u00a0Minute"},"schema":{"@context":"https:\/\/schema.org","@graph":[{"@type":"WebPage","@id":"https:\/\/www.asimina-cbh.com\/de\/honeymoon-holidays\/","url":"https:\/\/www.asimina-cbh.com\/de\/honeymoon-holidays\/","name":"Flitterwochen in Paphos, Zypern | Asimina Suites Hotel","isPartOf":{"@id":"https:\/\/www.asimina-cbh.com\/de\/#website"},"primaryImageOfPage":{"@id":"https:\/\/www.asimina-cbh.com\/de\/honeymoon-holidays\/#primaryimage"},"image":{"@id":"https:\/\/www.asimina-cbh.com\/de\/honeymoon-holidays\/#primaryimage"},"thumbnailUrl":"https:\/\/www.asimina-cbh.com\/app\/uploads\/sites\/31\/2026\/02\/55.1-ASIMINA-SUITES-HOTEL-EXECUTIVE-SUITE-PRIVATE-POOL-SV-1-scaled.jpg","datePublished":"2023-09-22T15:08:04+00:00","dateModified":"2024-09-23T12:07:17+00:00","description":"Das Asimina Suites Hotel bietet frisch Verheirateten in den Flitterwochen in Paphos zus\u00e4tzliche Vorteile und romantische Erlebnisse","breadcrumb":{"@id":"https:\/\/www.asimina-cbh.com\/de\/honeymoon-holidays\/#breadcrumb"},"inLanguage":"de","potentialAction":[{"@type":"ReadAction","target":["https:\/\/www.asimina-cbh.com\/de\/honeymoon-holidays\/"]}]},{"@type":"ImageObject","inLanguage":"de","@id":"https:\/\/www.asimina-cbh.com\/de\/honeymoon-holidays\/#primaryimage","url":"https:\/\/www.asimina-cbh.com\/app\/uploads\/sites\/31\/2026\/02\/55.1-ASIMINA-SUITES-HOTEL-EXECUTIVE-SUITE-PRIVATE-POOL-SV-1-scaled.jpg","contentUrl":"https:\/\/www.asimina-cbh.com\/app\/uploads\/sites\/31\/2026\/02\/55.1-ASIMINA-SUITES-HOTEL-EXECUTIVE-SUITE-PRIVATE-POOL-SV-1-scaled.jpg","width":2560,"height":1440},{"@type":"BreadcrumbList","@id":"https:\/\/www.asimina-cbh.com\/de\/honeymoon-holidays\/#breadcrumb","itemListElement":[{"@type":"ListItem","position":1,"name":"Home","item":"https:\/\/www.asimina-cbh.com\/de\/"},{"@type":"ListItem","position":2,"name":"Flitterwochen-Ferien"}]},{"@type":"WebSite","@id":"https:\/\/www.asimina-cbh.com\/de\/#website","url":"https:\/\/www.asimina-cbh.com\/de\/","name":"Asimina Suites Hotel","description":"Constantinou Bros Asimina Suites Hotel, 4 star hotel in Paphos Cyprus","potentialAction":[{"@type":"SearchAction","target":{"@type":"EntryPoint","urlTemplate":"https:\/\/www.asimina-cbh.com\/de\/?s={search_term_string}"},"query-input":{"@type":"PropertyValueSpecification","valueRequired":true,"valueName":"search_term_string"}}],"inLanguage":"de"}]}},"_links":{"self":[{"href":"https:\/\/www.asimina-cbh.com\/de\/wp-json\/wp\/v2\/pages\/12725","targetHints":{"allow":["GET"]}}],"collection":[{"href":"https:\/\/www.asimina-cbh.com\/de\/wp-json\/wp\/v2\/pages"}],"about":[{"href":"https:\/\/www.asimina-cbh.com\/de\/wp-json\/wp\/v2\/types\/page"}],"author":[{"embeddable":true,"href":"https:\/\/www.asimina-cbh.com\/de\/wp-json\/wp\/v2\/users\/100"}],"replies":[{"embeddable":true,"href":"https:\/\/www.asimina-cbh.com\/de\/wp-json\/wp\/v2\/comments?post=12725"}],"version-history":[{"count":5,"href":"https:\/\/www.asimina-cbh.com\/de\/wp-json\/wp\/v2\/pages\/12725\/revisions"}],"predecessor-version":[{"id":14681,"href":"https:\/\/www.asimina-cbh.com\/de\/wp-json\/wp\/v2\/pages\/12725\/revisions\/14681"}],"wp:featuredmedia":[{"embeddable":true,"href":"https:\/\/www.asimina-cbh.com\/de\/wp-json\/wp\/v2\/media\/15848"}],"wp:attachment":[{"href":"https:\/\/www.asimina-cbh.com\/de\/wp-json\/wp\/v2\/media?parent=12725"}],"curies":[{"name":"wp","href":"https:\/\/api.w.org\/{rel}","templated":true}]}}