{"id":12943,"date":"2024-07-22T15:05:59","date_gmt":"2024-07-22T12:05:59","guid":{"rendered":"https:\/\/www.asimina-cbh.com\/covid-19-gesundheitliche-sicherheitsmassnahmen\/"},"modified":"2024-09-23T14:16:42","modified_gmt":"2024-09-23T11:16:42","slug":"covid-19-gesundheitliche-sicherheitsmassnahmen","status":"publish","type":"page","link":"https:\/\/www.asimina-cbh.com\/de\/covid-19-gesundheitliche-sicherheitsmassnahmen\/","title":{"rendered":"COVID-19 Gesundheits- und Sicherheitsma\u00dfnahmen"},"content":{"rendered":"<p><strong>Constantinou Bros gibt die Wiederer\u00f6ffnung aller Hotels bekannt<\/strong><\/p>\n<p>Wir von Constantinou Bros Hotels freuen uns, Ihnen mitteilen zu k\u00f6nnen, dass wir mit der Wiederer\u00f6ffnung unserer Hotels beginnen.<\/p>\n<p>Zweifellos war es eine schwierige Situation f\u00fcr den gesamten Planeten, aber die strengen Ma\u00dfnahmen, die die zyprische Regierung sofort ergriffen hat, und der Beitrag aller, diese einzuhalten, haben schnell Fr\u00fcchte getragen. Die Weltgesundheitsorganisation erkl\u00e4rte Zypern offiziell zum <b>\u201esichersten Land im Mittelmeerraum und zum f\u00fcnft sichersten Land der Welt\u201c. <\/b>Nachdem Zypern bereits drei Phasen der schrittweisen Lockerung der restriktiven Ma\u00dfnahmen durchlaufen hat, ist es nun in der privilegierten Lage, die Er\u00f6ffnung und den Betrieb seiner Flugh\u00e4fen, Hotels, \u00f6ffentlichen Verkehrsmittel, Taxis, arch\u00e4ologischen St\u00e4tten, Museen, Restaurants, Bars und Einkaufszentren vorweisen zu k\u00f6nnen.<\/p>\n<p>In unseren Hotels hatten die Sicherheit, die Gesundheit und das Wohlbefinden unserer gesch\u00e4tzten G\u00e4ste schon immer oberste Priorit\u00e4t. Mit dem Auftreten der Covid-19-Pandemie haben wir die bestehenden Hygiene- und Sicherheitsma\u00dfnahmen auf der Grundlage der Protokolle, die uns von den unten aufgef\u00fchrten offiziellen Stellen und auch von Beratern vorgelegt wurden, verbessert und maximiert. Diese wurden von uns mit der Entwicklung der neuen Betriebsabl\u00e4ufe und der Schulung unseres Personals beauftragt:<\/p>\n<p>\u2713 Gesundheitsministerium Zypern<br \/>\n\u2713 Europ\u00e4isches Zentrum f\u00fcr die Pr\u00e4vention und die Kontrolle von Krankheiten (ECDC)<br \/>\n\u2713 Weltgesundheitsorganisation<\/p>\n<p>Wir verstehen, dass die Hygiene- und Abstandsregeln jeden Reisenden betreffen, aber wir m\u00f6chten Ihnen versichern, dass wir alle notwendigen Ma\u00dfnahmen zum Schutz unserer G\u00e4ste und unseres Personals ergriffen haben und weiterhin ergreifen werden, und wir nennen hier nur die wichtigsten:<\/p>\n<p>\u27a2 Aufrechterhaltung der Hotelbelegung auf einem sicheren Niveau<br \/>\n\u27a2 Hinweise auf die maximal zul\u00e4ssige Personenzahl an den Eing\u00e4ngen aller \u00f6ffentlichen Bereiche, Restaurants, Bars und Aufz\u00fcge<br \/>\n\u27a2 Handdesinfektionsstationen in allen Bereichen f\u00fcr G\u00e4ste und Mitarbeiter<br \/>\n\u27a2 Transparente Trennw\u00e4nde zwischen Mitarbeitern und G\u00e4sten an der Rezeption und in den Minim\u00e4rkten<br \/>\n\u27a2 St\u00e4ndiges Tragen pers\u00f6nlicher Schutzausr\u00fcstung durch das gesamte Personal (Gesichtsmaske, Handschuhe) und an allen Servicepunkten<br \/>\n\u27a2 Online-Check-in wird empfohlen, entweder \u00fcber unsere Website oder die mobile App von Constantinou Bros Hotels<br \/>\n\u27a2 Alle Verkaufsstellen arbeiten bargeldlos (nur Zimmerpreis oder Kreditkartenzahlung)<br \/>\n\u27a2 Desinfektion und Transport des Gep\u00e4cks der G\u00e4ste durch unser Personal au\u00dferhalb des , es sei denn, der Gast w\u00fcnscht etwas anderes<br \/>\n\u27a2 Nach der Abreise werden alle Zimmer gr\u00fcndlich gereinigt, gel\u00fcftet und desinfiziert und nach mindestens zwei Stunden einem neuen Gast angeboten<br \/>\n\u27a2 Decken, Speisekarten, Zeitschriften und Informationsbl\u00e4tter werden aus den Zimmern entfernt (auf Anfrage erh\u00e4ltlich)<br \/>\n\u27a2 Zus\u00e4tzliche Kissen und Decken bleiben im Zimmer, verpackt und mit Desinfektionsband versiegelt.<br \/>\n\u27a2 Der Aufdeckservice wird vor\u00fcbergehend ausgesetzt<br \/>\n\u27a2 Alle Bereiche, Tische, St\u00fchle, Sonnenliegen und h\u00e4ufig ber\u00fchrte Oberfl\u00e4chen (T\u00fcrklinken, Aufzugkn\u00f6pfe, Griffe, Wasserh\u00e4hne) werden st\u00e4ndig desinfiziert und gereinigt<br \/>\n\u27a2 In den Restaurants und Bars wird der Sicherheitsabstand zwischen den Tischen strikt eingehalten , und die Mahlzeiten werden sowohl in den Restaurants als auch \u2013 bei sch\u00f6nem Wetter \u2013 im Freien angeboten<br \/>\n\u27a2 Die Mahlzeiten bestehen aus einer Kombination aus Buffet und und so viel wie m\u00f6glich Einwegartikel (Speisekarten, Tischdecken usw.) sowie, falls erforderlich, ein zweiter Gang<br \/>\n\u27a2 Am Strand und an den Pools strikte Einhaltung der Sicherheitsabst\u00e4nde zwischen den Sonnenschirmen<br \/>\n\u27a2 Sport, Fitnessstudios, Friseursalons, Spas \u2013 Betrieb nur auf der Grundlage der Protokolle<br \/>\n\u27a2 St\u00e4ndige strenge Kontrollen durch unsere engagierten Teams hinsichtlich der Einhaltung und Umsetzung aller Ma\u00dfnahmen und Protokolle f\u00fcr Ihre Hygiene und Sicherheit<\/p>\n<p style=\"text-align: center;\"><strong>Unsere Hotels werden zu folgenden Terminen wiederer\u00f6ffnet:<\/strong><\/p>\n<p style=\"text-align: center;\">TUI BLUE PIONEER BEACH HOTEL 28.06.2020<br \/>\nCONSTANTINOU BROS ASIMINA SUITES HOTEL 02.07.2020<br \/>\nCONSTANTINOU BROS ATHENA ROYAL BEACH HOTEL 01.08.2020<br \/>\nCONSTANTINOU BROS ATHENA BEACH HOTEL 19.08.2020<\/p>\n<p>Bitte wenden Sie sich an Ihren Reiseberater, um mehr \u00fcber unsere Sonderangebote zu erfahren, oder besuchen Sie unsere Webseite <a href=\"https:\/\/www.cbh-cyprus.com\/\">www.cbh-cyprus.com<\/a><\/p>\n<p>Wir freuen uns darauf, Sie bald wieder bei uns begr\u00fc\u00dfen zu d\u00fcrfen und Ihnen unvergessliche Ferien auf dem Niveau der Gastfreundschaft zu bieten, das Sie gewohnt sind und in all den Jahren zu sch\u00e4tzen gelernt haben, und das mit noch mehr Sorgfalt f\u00fcr Sie und Ihre Lieben.<\/p>\n","protected":false},"excerpt":{"rendered":"<p>Constantinou Bros gibt die Wiederer\u00f6ffnung aller Hotels bekannt Wir von Constantinou Bros Hotels freuen uns, Ihnen mitteilen zu k\u00f6nnen, dass wir mit der Wiederer\u00f6ffnung unserer Hotels beginnen. Zweifellos war es eine schwierige Situation f\u00fcr den gesamten Planeten, aber die strengen Ma\u00dfnahmen, die die zyprische Regierung sofort ergriffen hat, und der Beitrag aller, diese einzuhalten, haben<\/p>\n","protected":false},"author":1,"featured_media":0,"parent":0,"menu_order":0,"comment_status":"closed","ping_status":"closed","template":"","meta":{"_acf_changed":false,"footnotes":""},"class_list":["post-12943","page","type-page","status-publish","hentry"],"acf":[],"yoast_head":"<!-- This site is optimized with the Yoast SEO plugin v27.5 - https:\/\/yoast.com\/product\/yoast-seo-wordpress\/ -->\n<title>COVID-19 Gesundheits- und Sicherheitsma\u00dfnahmen - Asimina Suites Hotel<\/title>\n<meta name=\"robots\" content=\"index, follow, max-snippet:-1, max-image-preview:large, max-video-preview:-1\" \/>\n<link rel=\"canonical\" href=\"https:\/\/www.asimina-cbh.com\/de\/covid-19-gesundheitliche-sicherheitsmassnahmen\/\" \/>\n<meta property=\"og:locale\" content=\"de_DE\" \/>\n<meta property=\"og:type\" content=\"article\" \/>\n<meta property=\"og:title\" content=\"COVID-19 Gesundheits- und Sicherheitsma\u00dfnahmen - Asimina Suites Hotel\" \/>\n<meta property=\"og:description\" content=\"Constantinou Bros gibt die Wiederer\u00f6ffnung aller Hotels bekannt Wir von Constantinou Bros Hotels freuen uns, Ihnen mitteilen zu k\u00f6nnen, dass wir mit der Wiederer\u00f6ffnung unserer Hotels beginnen. Zweifellos war es eine schwierige Situation f\u00fcr den gesamten Planeten, aber die strengen Ma\u00dfnahmen, die die zyprische Regierung sofort ergriffen hat, und der Beitrag aller, diese einzuhalten, haben\" \/>\n<meta property=\"og:url\" content=\"https:\/\/www.asimina-cbh.com\/de\/covid-19-gesundheitliche-sicherheitsmassnahmen\/\" \/>\n<meta property=\"og:site_name\" content=\"Asimina Suites Hotel\" \/>\n<meta property=\"article:modified_time\" content=\"2024-09-23T11:16:42+00:00\" \/>\n<meta name=\"twitter:card\" content=\"summary_large_image\" \/>\n<meta name=\"twitter:label1\" content=\"Gesch\u00e4tzte Lesezeit\" \/>\n\t<meta name=\"twitter:data1\" content=\"3\u00a0Minuten\" \/>\n<script type=\"application\/ld+json\" class=\"yoast-schema-graph\">{\"@context\":\"https:\\\/\\\/schema.org\",\"@graph\":[{\"@type\":\"WebPage\",\"@id\":\"https:\\\/\\\/www.asimina-cbh.com\\\/de\\\/covid-19-gesundheitliche-sicherheitsmassnahmen\\\/\",\"url\":\"https:\\\/\\\/www.asimina-cbh.com\\\/de\\\/covid-19-gesundheitliche-sicherheitsmassnahmen\\\/\",\"name\":\"COVID-19 Gesundheits- und Sicherheitsma\u00dfnahmen - Asimina Suites Hotel\",\"isPartOf\":{\"@id\":\"https:\\\/\\\/www.asimina-cbh.com\\\/de\\\/#website\"},\"datePublished\":\"2024-07-22T12:05:59+00:00\",\"dateModified\":\"2024-09-23T11:16:42+00:00\",\"breadcrumb\":{\"@id\":\"https:\\\/\\\/www.asimina-cbh.com\\\/de\\\/covid-19-gesundheitliche-sicherheitsmassnahmen\\\/#breadcrumb\"},\"inLanguage\":\"de\",\"potentialAction\":[{\"@type\":\"ReadAction\",\"target\":[\"https:\\\/\\\/www.asimina-cbh.com\\\/de\\\/covid-19-gesundheitliche-sicherheitsmassnahmen\\\/\"]}]},{\"@type\":\"BreadcrumbList\",\"@id\":\"https:\\\/\\\/www.asimina-cbh.com\\\/de\\\/covid-19-gesundheitliche-sicherheitsmassnahmen\\\/#breadcrumb\",\"itemListElement\":[{\"@type\":\"ListItem\",\"position\":1,\"name\":\"Home\",\"item\":\"https:\\\/\\\/www.asimina-cbh.com\\\/de\\\/\"},{\"@type\":\"ListItem\",\"position\":2,\"name\":\"COVID-19 Gesundheits- und Sicherheitsma\u00dfnahmen\"}]},{\"@type\":\"WebSite\",\"@id\":\"https:\\\/\\\/www.asimina-cbh.com\\\/de\\\/#website\",\"url\":\"https:\\\/\\\/www.asimina-cbh.com\\\/de\\\/\",\"name\":\"Asimina Suites Hotel\",\"description\":\"Constantinou Bros Asimina Suites Hotel, 4 star hotel in Paphos Cyprus\",\"potentialAction\":[{\"@type\":\"SearchAction\",\"target\":{\"@type\":\"EntryPoint\",\"urlTemplate\":\"https:\\\/\\\/www.asimina-cbh.com\\\/de\\\/?s={search_term_string}\"},\"query-input\":{\"@type\":\"PropertyValueSpecification\",\"valueRequired\":true,\"valueName\":\"search_term_string\"}}],\"inLanguage\":\"de\"}]}<\/script>\n<!-- \/ Yoast SEO plugin. -->","yoast_head_json":{"title":"COVID-19 Gesundheits- und Sicherheitsma\u00dfnahmen - Asimina Suites Hotel","robots":{"index":"index","follow":"follow","max-snippet":"max-snippet:-1","max-image-preview":"max-image-preview:large","max-video-preview":"max-video-preview:-1"},"canonical":"https:\/\/www.asimina-cbh.com\/de\/covid-19-gesundheitliche-sicherheitsmassnahmen\/","og_locale":"de_DE","og_type":"article","og_title":"COVID-19 Gesundheits- und Sicherheitsma\u00dfnahmen - Asimina Suites Hotel","og_description":"Constantinou Bros gibt die Wiederer\u00f6ffnung aller Hotels bekannt Wir von Constantinou Bros Hotels freuen uns, Ihnen mitteilen zu k\u00f6nnen, dass wir mit der Wiederer\u00f6ffnung unserer Hotels beginnen. Zweifellos war es eine schwierige Situation f\u00fcr den gesamten Planeten, aber die strengen Ma\u00dfnahmen, die die zyprische Regierung sofort ergriffen hat, und der Beitrag aller, diese einzuhalten, haben","og_url":"https:\/\/www.asimina-cbh.com\/de\/covid-19-gesundheitliche-sicherheitsmassnahmen\/","og_site_name":"Asimina Suites Hotel","article_modified_time":"2024-09-23T11:16:42+00:00","twitter_card":"summary_large_image","twitter_misc":{"Gesch\u00e4tzte Lesezeit":"3\u00a0Minuten"},"schema":{"@context":"https:\/\/schema.org","@graph":[{"@type":"WebPage","@id":"https:\/\/www.asimina-cbh.com\/de\/covid-19-gesundheitliche-sicherheitsmassnahmen\/","url":"https:\/\/www.asimina-cbh.com\/de\/covid-19-gesundheitliche-sicherheitsmassnahmen\/","name":"COVID-19 Gesundheits- und Sicherheitsma\u00dfnahmen - Asimina Suites Hotel","isPartOf":{"@id":"https:\/\/www.asimina-cbh.com\/de\/#website"},"datePublished":"2024-07-22T12:05:59+00:00","dateModified":"2024-09-23T11:16:42+00:00","breadcrumb":{"@id":"https:\/\/www.asimina-cbh.com\/de\/covid-19-gesundheitliche-sicherheitsmassnahmen\/#breadcrumb"},"inLanguage":"de","potentialAction":[{"@type":"ReadAction","target":["https:\/\/www.asimina-cbh.com\/de\/covid-19-gesundheitliche-sicherheitsmassnahmen\/"]}]},{"@type":"BreadcrumbList","@id":"https:\/\/www.asimina-cbh.com\/de\/covid-19-gesundheitliche-sicherheitsmassnahmen\/#breadcrumb","itemListElement":[{"@type":"ListItem","position":1,"name":"Home","item":"https:\/\/www.asimina-cbh.com\/de\/"},{"@type":"ListItem","position":2,"name":"COVID-19 Gesundheits- und Sicherheitsma\u00dfnahmen"}]},{"@type":"WebSite","@id":"https:\/\/www.asimina-cbh.com\/de\/#website","url":"https:\/\/www.asimina-cbh.com\/de\/","name":"Asimina Suites Hotel","description":"Constantinou Bros Asimina Suites Hotel, 4 star hotel in Paphos Cyprus","potentialAction":[{"@type":"SearchAction","target":{"@type":"EntryPoint","urlTemplate":"https:\/\/www.asimina-cbh.com\/de\/?s={search_term_string}"},"query-input":{"@type":"PropertyValueSpecification","valueRequired":true,"valueName":"search_term_string"}}],"inLanguage":"de"}]}},"_links":{"self":[{"href":"https:\/\/www.asimina-cbh.com\/de\/wp-json\/wp\/v2\/pages\/12943","targetHints":{"allow":["GET"]}}],"collection":[{"href":"https:\/\/www.asimina-cbh.com\/de\/wp-json\/wp\/v2\/pages"}],"about":[{"href":"https:\/\/www.asimina-cbh.com\/de\/wp-json\/wp\/v2\/types\/page"}],"author":[{"embeddable":true,"href":"https:\/\/www.asimina-cbh.com\/de\/wp-json\/wp\/v2\/users\/1"}],"replies":[{"embeddable":true,"href":"https:\/\/www.asimina-cbh.com\/de\/wp-json\/wp\/v2\/comments?post=12943"}],"version-history":[{"count":3,"href":"https:\/\/www.asimina-cbh.com\/de\/wp-json\/wp\/v2\/pages\/12943\/revisions"}],"predecessor-version":[{"id":14665,"href":"https:\/\/www.asimina-cbh.com\/de\/wp-json\/wp\/v2\/pages\/12943\/revisions\/14665"}],"wp:attachment":[{"href":"https:\/\/www.asimina-cbh.com\/de\/wp-json\/wp\/v2\/media?parent=12943"}],"curies":[{"name":"wp","href":"https:\/\/api.w.org\/{rel}","templated":true}]}}