{"id":12949,"date":"2024-07-22T15:06:03","date_gmt":"2024-07-22T12:06:03","guid":{"rendered":"https:\/\/www.asimina-cbh.com\/news\/constantinou-bros-ankundigt-die-eroffnung-aller-hotels\/"},"modified":"2024-09-17T12:55:56","modified_gmt":"2024-09-17T09:55:56","slug":"constantinou-bros-ankundigt-die-eroffnung-aller-hotels","status":"publish","type":"page","link":"https:\/\/www.asimina-cbh.com\/de\/nachrichten\/constantinou-bros-ankundigt-die-eroffnung-aller-hotels\/","title":{"rendered":"Wiederer\u00f6ffnung von Constantinou Bros Hotels"},"content":{"rendered":"<p>Wir von Constantinou Bros Hotels haben das Vergn\u00fcgen, die Wiederer\u00f6ffnung aller unserer Hotels bekannt zu geben.<br \/>\nZweifellos war es eine schwierige Situation f\u00fcr den gesamten Planeten, aber die strengen Ma\u00dfnahmen, die von der zypriotischen Regierung sofort ergriffen wurden, und der Beitrag aller, die dazu beigetragen haben, haben schnell Fr\u00fcchte getragen.<br \/>\nDie Weltgesundheitsorganisation erkl\u00e4rte Zypern offiziell zum &#8222;sichersten Mittelmeerland und zum f\u00fcnft-sichersten Land der Welt&#8220;.<br \/>\nNachdem Zypern bereits drei Phasen der schrittweisen Lockerung der restriktiven Ma\u00dfnahmen durchlaufen hat, ist es nun in der privilegierten Lage, die \u00d6ffnung und den Betrieb seiner Flugh\u00e4fen, Hotels, \u00f6ffentlichen Verkehrsmittel, Taxis, arch\u00e4ologischen St\u00e4tten, Museen, Restaurants, Bars und Einkaufszentren zu r\u00fchmen. In unseren Hotels haben die Sicherheit, die Gesundheit und das Wohlbefinden unserer gesch\u00e4tzten G\u00e4ste seit jeher oberste Priorit\u00e4t. Mit dem Auftreten der Covid-19-Pandemie \u00e4nderten sich die Prozesse, die wir schon immer befolgt haben, indem wir die Hygiene- und Sicherheitsma\u00dfnahmen auf der Grundlage der Protokolle, die uns von den unten genannten offiziellen Stellen vorgelegt wurden, und auch von Beratern, die wir mit der Entwicklung der neuen Betriebsabl\u00e4ufe und der Schulung unseres Personals beauftragt haben, verbessert und maximiert haben:<\/p>\n<ul>\n<li>Zypern Ministerium f\u00fcr Gesundheit<\/li>\n<li>Europ\u00e4isches Zentrum f\u00fcr die Pr\u00e4vention und die Kontrolle von Krankheiten (ECDC)<\/li>\n<li>Weltgesundheitsorganisation<\/li>\n<\/ul>\n<p>Wir verstehen, dass die Hygiene und die sozialen Distanzierungsma\u00dfnahmen jeden Reisenden betreffen, aber wir m\u00f6chten Ihnen versichern, dass wir alle notwendigen Ma\u00dfnahmen zum Schutz unserer G\u00e4ste und unseres Personals ergriffen haben und weiterhin ergreifen werden, und wir erw\u00e4hnen hier nur die wichtigsten:<\/p>\n<ul>\n<li>Aufrechterhaltung der Auslastung der Hotels auf einem sicheren Niveau<\/li>\n<li>Anpassung des Hotelbetriebs, um sicherzustellen, dass ausreichende Abst\u00e4nde eingehalten werden.<\/li>\n<li>H\u00e4ndedesinfektionsstationen in allen Bereichen f\u00fcr G\u00e4ste und Personal<\/li>\n<li>Transparente Trennw\u00e4nde zwischen Mitarbeitern und G\u00e4sten an der Rezeption und in den Mini-M\u00e4rkten<\/li>\n<li>St\u00e4ndiges Tragen von pers\u00f6nlicher Schutzausr\u00fcstung durch das gesamte Personal (Gesichtsmaske, Handschuhe) und an allen Servicepunkten<\/li>\n<li>Online Check-in erw\u00fcnscht<\/li>\n<li>Alle Verkaufsstellen arbeiten bargeldlos (nur Zimmergeb\u00fchr oder Kreditkartenzahlung)<\/li>\n<li>Desinfektion und Transport des Gep\u00e4cks der G\u00e4ste durch unser Personal au\u00dferhalb des Zimmers, es sei denn, der Gast w\u00fcnscht etwas anderes<\/li>\n<li>Nach der Abreise werden alle Zimmer gr\u00fcndlich gereinigt, gel\u00fcftet und desinfiziert und nach mindestens zwei Stunden einem Neuank\u00f6mmling zur Verf\u00fcgung gestellt<\/li>\n<li>Bettbez\u00fcge, zus\u00e4tzliche Kissen, Decken, Speisekarten, Zeitschriften und Informationsbl\u00e4tter werden aus den Zimmern entfernt (auf Anfrage erh\u00e4ltlich)<\/li>\n<li>Alle Bereiche, Tische, St\u00fchle, Sonnenliegen und Oberfl\u00e4chen, die h\u00e4ufig ber\u00fchrt werden (T\u00fcrklinken, Aufzugskn\u00f6pfe, Griffe, Wasserh\u00e4hne), werden st\u00e4ndig desinfiziert und desinfiziert<\/li>\n<li>Sicherheitsabstand von <sup>3<\/sup> m2 pro Gast in den Restaurants und Bars und Mahlzeiten, die sowohl in den Restaurants als auch &#8211; je nach Wetterlage &#8211; im Freien angeboten werden<\/li>\n<li>Den G\u00e4sten wird weiterhin eine Vielzahl von Speiseoptionen zur Verf\u00fcgung stehen, darunter Buffet, Men\u00fc und A La Carte, wobei die Restaurants je nach Auslastung des Hotels nach und nach ge\u00f6ffnet werden.<\/li>\n<li>Am Strand und an den Pools wird ein Sicherheitsabstand von 4 m zwischen den Sonnenschirmen eingehalten; jeder Sonnenschirm und zwei Liegest\u00fchle werden in einem Abstand von 2 m aufgestellt<\/li>\n<li>1 Person pro <sup>5m2<\/sup> Wasserfl\u00e4che in den Pools ist erlaubt<\/li>\n<li>Sport, Fitnessstudios, Friseursalons, Spas &#8211; die nur auf der Grundlage von Protokollen arbeiten<\/li>\n<li>St\u00e4ndige strenge Kontrollen durch unsere engagierten Teams hinsichtlich der Einhaltung und Umsetzung aller Ma\u00dfnahmen und Protokolle f\u00fcr Ihre Hygiene und Sicherheit.<\/li>\n<\/ul>\n<p>&nbsp;<\/p>\n<p style=\"text-align: center;\"><strong>Unsere Hotels werden an den folgenden Daten wieder ge\u00f6ffnet:<\/strong><\/p>\n<p style=\"text-align: center;\">TUI BLUE PIONEER BEACH HOTEL 28\/06\/2020<\/p>\n<p style=\"text-align: center;\">CONSTANTINOU BROS ATHENA BEACH HOTEL 01\/08\/2020<\/p>\n<p style=\"text-align: center;\">CONSTANTINOU BROS ATHENA ROYAL BEACH HOTEL 01\/08\/2020<\/p>\n<p style=\"text-align: center;\">CONSTANTINOU BROS ASIMINA SUITES HOTEL 02\/07\/2020<\/p>\n<p>\u00a0 Wenden Sie sich bitte an Ihren Reiseberater, um sich \u00fcber unsere Sonderangebote zu informieren, oder besuchen Sie unsere Webseite <a href=\"http:\/\/www.cbh-cyprus.com\">www.cbh-cyprus.com<\/a> Wir freuen uns darauf, Sie bald wieder bei uns begr\u00fc\u00dfen zu d\u00fcrfen und Ihnen einen unvergesslichen Urlaub mit der Gastfreundschaft zu bieten, an die Sie gew\u00f6hnt sind und die Sie in all den Jahren zu sch\u00e4tzen gelernt haben, mit noch mehr Sorgfalt f\u00fcr Sie und Ihre Lieben.<\/p>\n","protected":false},"excerpt":{"rendered":"<p>Wir von Constantinou Bros Hotels haben das Vergn\u00fcgen, die Wiederer\u00f6ffnung aller unserer Hotels bekannt zu geben. Zweifellos war es eine schwierige Situation f\u00fcr den gesamten Planeten, aber die strengen Ma\u00dfnahmen, die von der zypriotischen Regierung sofort ergriffen wurden, und der Beitrag aller, die dazu beigetragen haben, haben schnell Fr\u00fcchte getragen. Die Weltgesundheitsorganisation erkl\u00e4rte Zypern offiziell<\/p>\n","protected":false},"author":1,"featured_media":0,"parent":2383,"menu_order":0,"comment_status":"closed","ping_status":"closed","template":"","meta":{"_acf_changed":false,"footnotes":""},"class_list":["post-12949","page","type-page","status-publish","hentry"],"acf":[],"yoast_head":"<!-- This site is optimized with the Yoast SEO plugin v27.5 - https:\/\/yoast.com\/product\/yoast-seo-wordpress\/ -->\n<title>Wiederer\u00f6ffnung von Constantinou Bros Hotels - Asimina Suites Hotel<\/title>\n<meta name=\"robots\" content=\"index, follow, max-snippet:-1, max-image-preview:large, max-video-preview:-1\" \/>\n<link rel=\"canonical\" href=\"https:\/\/www.asimina-cbh.com\/de\/nachrichten\/constantinou-bros-ankundigt-die-eroffnung-aller-hotels\/\" \/>\n<meta property=\"og:locale\" content=\"de_DE\" \/>\n<meta property=\"og:type\" content=\"article\" \/>\n<meta property=\"og:title\" content=\"Wiederer\u00f6ffnung von Constantinou Bros Hotels - Asimina Suites Hotel\" \/>\n<meta property=\"og:description\" content=\"Wir von Constantinou Bros Hotels haben das Vergn\u00fcgen, die Wiederer\u00f6ffnung aller unserer Hotels bekannt zu geben. Zweifellos war es eine schwierige Situation f\u00fcr den gesamten Planeten, aber die strengen Ma\u00dfnahmen, die von der zypriotischen Regierung sofort ergriffen wurden, und der Beitrag aller, die dazu beigetragen haben, haben schnell Fr\u00fcchte getragen. Die Weltgesundheitsorganisation erkl\u00e4rte Zypern offiziell\" \/>\n<meta property=\"og:url\" content=\"https:\/\/www.asimina-cbh.com\/de\/nachrichten\/constantinou-bros-ankundigt-die-eroffnung-aller-hotels\/\" \/>\n<meta property=\"og:site_name\" content=\"Asimina Suites Hotel\" \/>\n<meta property=\"article:modified_time\" content=\"2024-09-17T09:55:56+00:00\" \/>\n<meta name=\"twitter:card\" content=\"summary_large_image\" \/>\n<meta name=\"twitter:label1\" content=\"Gesch\u00e4tzte Lesezeit\" \/>\n\t<meta name=\"twitter:data1\" content=\"4\u00a0Minuten\" \/>\n<script type=\"application\/ld+json\" class=\"yoast-schema-graph\">{\"@context\":\"https:\\\/\\\/schema.org\",\"@graph\":[{\"@type\":\"WebPage\",\"@id\":\"https:\\\/\\\/www.asimina-cbh.com\\\/de\\\/nachrichten\\\/constantinou-bros-ankundigt-die-eroffnung-aller-hotels\\\/\",\"url\":\"https:\\\/\\\/www.asimina-cbh.com\\\/de\\\/nachrichten\\\/constantinou-bros-ankundigt-die-eroffnung-aller-hotels\\\/\",\"name\":\"Wiederer\u00f6ffnung von Constantinou Bros Hotels - Asimina Suites Hotel\",\"isPartOf\":{\"@id\":\"https:\\\/\\\/www.asimina-cbh.com\\\/de\\\/#website\"},\"datePublished\":\"2024-07-22T12:06:03+00:00\",\"dateModified\":\"2024-09-17T09:55:56+00:00\",\"breadcrumb\":{\"@id\":\"https:\\\/\\\/www.asimina-cbh.com\\\/de\\\/nachrichten\\\/constantinou-bros-ankundigt-die-eroffnung-aller-hotels\\\/#breadcrumb\"},\"inLanguage\":\"de\",\"potentialAction\":[{\"@type\":\"ReadAction\",\"target\":[\"https:\\\/\\\/www.asimina-cbh.com\\\/de\\\/nachrichten\\\/constantinou-bros-ankundigt-die-eroffnung-aller-hotels\\\/\"]}]},{\"@type\":\"BreadcrumbList\",\"@id\":\"https:\\\/\\\/www.asimina-cbh.com\\\/de\\\/nachrichten\\\/constantinou-bros-ankundigt-die-eroffnung-aller-hotels\\\/#breadcrumb\",\"itemListElement\":[{\"@type\":\"ListItem\",\"position\":1,\"name\":\"Home\",\"item\":\"https:\\\/\\\/www.asimina-cbh.com\\\/de\\\/\"},{\"@type\":\"ListItem\",\"position\":2,\"name\":\"Nachrichten\",\"item\":\"https:\\\/\\\/www.asimina-cbh.com\\\/de\\\/nachrichten\\\/\"},{\"@type\":\"ListItem\",\"position\":3,\"name\":\"Wiederer\u00f6ffnung von Constantinou Bros Hotels\"}]},{\"@type\":\"WebSite\",\"@id\":\"https:\\\/\\\/www.asimina-cbh.com\\\/de\\\/#website\",\"url\":\"https:\\\/\\\/www.asimina-cbh.com\\\/de\\\/\",\"name\":\"Asimina Suites Hotel\",\"description\":\"Constantinou Bros Asimina Suites Hotel, 4 star hotel in Paphos Cyprus\",\"potentialAction\":[{\"@type\":\"SearchAction\",\"target\":{\"@type\":\"EntryPoint\",\"urlTemplate\":\"https:\\\/\\\/www.asimina-cbh.com\\\/de\\\/?s={search_term_string}\"},\"query-input\":{\"@type\":\"PropertyValueSpecification\",\"valueRequired\":true,\"valueName\":\"search_term_string\"}}],\"inLanguage\":\"de\"}]}<\/script>\n<!-- \/ Yoast SEO plugin. -->","yoast_head_json":{"title":"Wiederer\u00f6ffnung von Constantinou Bros Hotels - Asimina Suites Hotel","robots":{"index":"index","follow":"follow","max-snippet":"max-snippet:-1","max-image-preview":"max-image-preview:large","max-video-preview":"max-video-preview:-1"},"canonical":"https:\/\/www.asimina-cbh.com\/de\/nachrichten\/constantinou-bros-ankundigt-die-eroffnung-aller-hotels\/","og_locale":"de_DE","og_type":"article","og_title":"Wiederer\u00f6ffnung von Constantinou Bros Hotels - Asimina Suites Hotel","og_description":"Wir von Constantinou Bros Hotels haben das Vergn\u00fcgen, die Wiederer\u00f6ffnung aller unserer Hotels bekannt zu geben. Zweifellos war es eine schwierige Situation f\u00fcr den gesamten Planeten, aber die strengen Ma\u00dfnahmen, die von der zypriotischen Regierung sofort ergriffen wurden, und der Beitrag aller, die dazu beigetragen haben, haben schnell Fr\u00fcchte getragen. Die Weltgesundheitsorganisation erkl\u00e4rte Zypern offiziell","og_url":"https:\/\/www.asimina-cbh.com\/de\/nachrichten\/constantinou-bros-ankundigt-die-eroffnung-aller-hotels\/","og_site_name":"Asimina Suites Hotel","article_modified_time":"2024-09-17T09:55:56+00:00","twitter_card":"summary_large_image","twitter_misc":{"Gesch\u00e4tzte Lesezeit":"4\u00a0Minuten"},"schema":{"@context":"https:\/\/schema.org","@graph":[{"@type":"WebPage","@id":"https:\/\/www.asimina-cbh.com\/de\/nachrichten\/constantinou-bros-ankundigt-die-eroffnung-aller-hotels\/","url":"https:\/\/www.asimina-cbh.com\/de\/nachrichten\/constantinou-bros-ankundigt-die-eroffnung-aller-hotels\/","name":"Wiederer\u00f6ffnung von Constantinou Bros Hotels - Asimina Suites Hotel","isPartOf":{"@id":"https:\/\/www.asimina-cbh.com\/de\/#website"},"datePublished":"2024-07-22T12:06:03+00:00","dateModified":"2024-09-17T09:55:56+00:00","breadcrumb":{"@id":"https:\/\/www.asimina-cbh.com\/de\/nachrichten\/constantinou-bros-ankundigt-die-eroffnung-aller-hotels\/#breadcrumb"},"inLanguage":"de","potentialAction":[{"@type":"ReadAction","target":["https:\/\/www.asimina-cbh.com\/de\/nachrichten\/constantinou-bros-ankundigt-die-eroffnung-aller-hotels\/"]}]},{"@type":"BreadcrumbList","@id":"https:\/\/www.asimina-cbh.com\/de\/nachrichten\/constantinou-bros-ankundigt-die-eroffnung-aller-hotels\/#breadcrumb","itemListElement":[{"@type":"ListItem","position":1,"name":"Home","item":"https:\/\/www.asimina-cbh.com\/de\/"},{"@type":"ListItem","position":2,"name":"Nachrichten","item":"https:\/\/www.asimina-cbh.com\/de\/nachrichten\/"},{"@type":"ListItem","position":3,"name":"Wiederer\u00f6ffnung von Constantinou Bros Hotels"}]},{"@type":"WebSite","@id":"https:\/\/www.asimina-cbh.com\/de\/#website","url":"https:\/\/www.asimina-cbh.com\/de\/","name":"Asimina Suites Hotel","description":"Constantinou Bros Asimina Suites Hotel, 4 star hotel in Paphos Cyprus","potentialAction":[{"@type":"SearchAction","target":{"@type":"EntryPoint","urlTemplate":"https:\/\/www.asimina-cbh.com\/de\/?s={search_term_string}"},"query-input":{"@type":"PropertyValueSpecification","valueRequired":true,"valueName":"search_term_string"}}],"inLanguage":"de"}]}},"_links":{"self":[{"href":"https:\/\/www.asimina-cbh.com\/de\/wp-json\/wp\/v2\/pages\/12949","targetHints":{"allow":["GET"]}}],"collection":[{"href":"https:\/\/www.asimina-cbh.com\/de\/wp-json\/wp\/v2\/pages"}],"about":[{"href":"https:\/\/www.asimina-cbh.com\/de\/wp-json\/wp\/v2\/types\/page"}],"author":[{"embeddable":true,"href":"https:\/\/www.asimina-cbh.com\/de\/wp-json\/wp\/v2\/users\/1"}],"replies":[{"embeddable":true,"href":"https:\/\/www.asimina-cbh.com\/de\/wp-json\/wp\/v2\/comments?post=12949"}],"version-history":[{"count":3,"href":"https:\/\/www.asimina-cbh.com\/de\/wp-json\/wp\/v2\/pages\/12949\/revisions"}],"predecessor-version":[{"id":14551,"href":"https:\/\/www.asimina-cbh.com\/de\/wp-json\/wp\/v2\/pages\/12949\/revisions\/14551"}],"up":[{"embeddable":true,"href":"https:\/\/www.asimina-cbh.com\/de\/wp-json\/wp\/v2\/pages\/2383"}],"wp:attachment":[{"href":"https:\/\/www.asimina-cbh.com\/de\/wp-json\/wp\/v2\/media?parent=12949"}],"curies":[{"name":"wp","href":"https:\/\/api.w.org\/{rel}","templated":true}]}}