{"id":2120,"date":"2019-05-16T13:08:41","date_gmt":"2019-05-16T10:08:41","guid":{"rendered":"http:\/\/asimina-cbh.cms4.nelios.com\/the-hotel\/"},"modified":"2026-03-19T15:58:59","modified_gmt":"2026-03-19T12:58:59","slug":"the-hotel","status":"publish","type":"page","link":"https:\/\/www.asimina-cbh.com\/de\/the-hotel\/","title":{"rendered":"Das Hotel"},"content":{"rendered":"<h4>Wo die Zeit vergessen wird &#8230;<\/h4>\n<p>Das Constantinou Bros Asimina Suites Hotel ist ein luxuri\u00f6ses, auf Erwachsene ausgerichtetes 5-Sterne-Hotel mit Suiten, einem eigenen sch\u00f6nen Sandstrand und 2 (miteinander verbundenen) S\u00fc\u00dfwasser-Au\u00dfenpools. Einige der Suiten haben private Pools mit Holzdecks, w\u00e4hrend alle Suiten \u00fcber gro\u00dfe Balkone verf\u00fcgen. <\/p>\n<p>Das Hotel befindet sich in einer ruhigen Lage und ist dennoch nur wenige Minuten vom Flughafen Paphos, dem Stadtzentrum, den Gesch\u00e4ften und dem Nachtleben entfernt.<\/p>\n<p>Die Suiten bieten eine Vielzahl von Annehmlichkeiten wie Klimaanlage und Zentralheizung, einen separaten Wohnbereich (f\u00fcr die meisten Suiten), luxuri\u00f6se Marmorb\u00e4der, einen Smart-LCD-Satellitenfernseher, einen Safe, Badem\u00e4ntel und Hausschuhe, Tee- und Kaffeezubereitungsm\u00f6glichkeiten sowie eine Espressomaschine, eine Minibar, einen Haartrockner, ein B\u00fcgeleisen und viele weitere Annehmlichkeiten.<\/p>\n<p>Zu den besonderen Merkmalen geh\u00f6ren kostenloses Wi-Fi in allen Zimmern, \u00f6ffentlichen Bereichen und G\u00e4rten sowie kostenlose Parkpl\u00e4tze.<\/p>\n<p>Zu den Sport- und Freizeiteinrichtungen geh\u00f6ren 2 Au\u00dfenpools mit S\u00fc\u00dfwasseranschluss, 1 beheizter Innenpool, ein Tennisplatz mit Flutlicht und hervorragende Bowlinganlagen in den nahe gelegenen Schwesterhotels des Asimina.<\/p>\n<p>Genie\u00dfen Sie im Spa des Hotels eine beeindruckende Auswahl an Therapien und K\u00f6rperbehandlungen, einen Friseursalon, einen voll ausgestatteten Fitnessraum, ein Dampfbad und Saunen (eine davon f\u00fcr Nudisten).<\/p>\n","protected":false},"excerpt":{"rendered":"<p>Wo die Zeit vergessen wird &#8230; Das Constantinou Bros Asimina Suites Hotel ist ein luxuri\u00f6ses, auf Erwachsene ausgerichtetes 5-Sterne-Hotel mit Suiten, einem eigenen sch\u00f6nen Sandstrand und 2 (miteinander verbundenen) S\u00fc\u00dfwasser-Au\u00dfenpools. Einige der Suiten haben private Pools mit Holzdecks, w\u00e4hrend alle Suiten \u00fcber gro\u00dfe Balkone verf\u00fcgen. Das Hotel befindet sich in einer ruhigen Lage und ist<\/p>\n","protected":false},"author":1,"featured_media":15930,"parent":0,"menu_order":0,"comment_status":"closed","ping_status":"closed","template":"page-templates\/simple-list.php","meta":{"_acf_changed":false,"footnotes":""},"class_list":["post-2120","page","type-page","status-publish","has-post-thumbnail","hentry"],"acf":[],"yoast_head":"<!-- This site is optimized with the Yoast SEO plugin v27.5 - https:\/\/yoast.com\/product\/yoast-seo-wordpress\/ -->\n<title>5-Sterne-Hotel nur f\u00fcr Erwachsene in Paphos Strand || Asimina Suites Hotel<\/title>\n<meta name=\"description\" content=\"\u0391simina Suites by Constantinou Bros Hotels ist eine Oase am Strand und ein 5-Sterne-Hotel nur f\u00fcr Erwachsene in Paphos, Zypern, f\u00fcr einen romantischen und ruhigen Urlaub.\" \/>\n<meta name=\"robots\" content=\"index, follow, max-snippet:-1, max-image-preview:large, max-video-preview:-1\" \/>\n<link rel=\"canonical\" href=\"https:\/\/www.asimina-cbh.com\/de\/the-hotel\/\" \/>\n<meta property=\"og:locale\" content=\"de_DE\" \/>\n<meta property=\"og:type\" content=\"article\" \/>\n<meta property=\"og:title\" content=\"5-Sterne-Hotel nur f\u00fcr Erwachsene in Paphos Strand || Asimina Suites Hotel\" \/>\n<meta property=\"og:description\" content=\"\u0391simina Suites by Constantinou Bros Hotels ist eine Oase am Strand und ein 5-Sterne-Hotel nur f\u00fcr Erwachsene in Paphos, Zypern, f\u00fcr einen romantischen und ruhigen Urlaub.\" \/>\n<meta property=\"og:url\" content=\"https:\/\/www.asimina-cbh.com\/de\/the-hotel\/\" \/>\n<meta property=\"og:site_name\" content=\"Asimina Suites Hotel\" \/>\n<meta property=\"article:modified_time\" content=\"2026-03-19T12:58:59+00:00\" \/>\n<meta property=\"og:image\" content=\"https:\/\/www.asimina-cbh.com\/app\/uploads\/sites\/31\/2026\/02\/2-ASIMINA-SUITES-HOTEL-POOL-1.jpg\" \/>\n\t<meta property=\"og:image:width\" content=\"2500\" \/>\n\t<meta property=\"og:image:height\" content=\"1562\" \/>\n\t<meta property=\"og:image:type\" content=\"image\/jpeg\" \/>\n<meta name=\"twitter:card\" content=\"summary_large_image\" \/>\n<meta name=\"twitter:label1\" content=\"Gesch\u00e4tzte Lesezeit\" \/>\n\t<meta name=\"twitter:data1\" content=\"1\u00a0Minute\" \/>\n<script type=\"application\/ld+json\" class=\"yoast-schema-graph\">{\"@context\":\"https:\\\/\\\/schema.org\",\"@graph\":[{\"@type\":\"WebPage\",\"@id\":\"https:\\\/\\\/www.asimina-cbh.com\\\/de\\\/the-hotel\\\/\",\"url\":\"https:\\\/\\\/www.asimina-cbh.com\\\/de\\\/the-hotel\\\/\",\"name\":\"5-Sterne-Hotel nur f\u00fcr Erwachsene in Paphos Strand || Asimina Suites Hotel\",\"isPartOf\":{\"@id\":\"https:\\\/\\\/www.asimina-cbh.com\\\/de\\\/#website\"},\"primaryImageOfPage\":{\"@id\":\"https:\\\/\\\/www.asimina-cbh.com\\\/de\\\/the-hotel\\\/#primaryimage\"},\"image\":{\"@id\":\"https:\\\/\\\/www.asimina-cbh.com\\\/de\\\/the-hotel\\\/#primaryimage\"},\"thumbnailUrl\":\"https:\\\/\\\/www.asimina-cbh.com\\\/app\\\/uploads\\\/sites\\\/31\\\/2026\\\/02\\\/2-ASIMINA-SUITES-HOTEL-POOL-1.jpg\",\"datePublished\":\"2019-05-16T10:08:41+00:00\",\"dateModified\":\"2026-03-19T12:58:59+00:00\",\"description\":\"\u0391simina Suites by Constantinou Bros Hotels ist eine Oase am Strand und ein 5-Sterne-Hotel nur f\u00fcr Erwachsene in Paphos, Zypern, f\u00fcr einen romantischen und ruhigen Urlaub.\",\"breadcrumb\":{\"@id\":\"https:\\\/\\\/www.asimina-cbh.com\\\/de\\\/the-hotel\\\/#breadcrumb\"},\"inLanguage\":\"de\",\"potentialAction\":[{\"@type\":\"ReadAction\",\"target\":[\"https:\\\/\\\/www.asimina-cbh.com\\\/de\\\/the-hotel\\\/\"]}]},{\"@type\":\"ImageObject\",\"inLanguage\":\"de\",\"@id\":\"https:\\\/\\\/www.asimina-cbh.com\\\/de\\\/the-hotel\\\/#primaryimage\",\"url\":\"https:\\\/\\\/www.asimina-cbh.com\\\/app\\\/uploads\\\/sites\\\/31\\\/2026\\\/02\\\/2-ASIMINA-SUITES-HOTEL-POOL-1.jpg\",\"contentUrl\":\"https:\\\/\\\/www.asimina-cbh.com\\\/app\\\/uploads\\\/sites\\\/31\\\/2026\\\/02\\\/2-ASIMINA-SUITES-HOTEL-POOL-1.jpg\",\"width\":2500,\"height\":1562},{\"@type\":\"BreadcrumbList\",\"@id\":\"https:\\\/\\\/www.asimina-cbh.com\\\/de\\\/the-hotel\\\/#breadcrumb\",\"itemListElement\":[{\"@type\":\"ListItem\",\"position\":1,\"name\":\"Home\",\"item\":\"https:\\\/\\\/www.asimina-cbh.com\\\/de\\\/\"},{\"@type\":\"ListItem\",\"position\":2,\"name\":\"Das Hotel\"}]},{\"@type\":\"WebSite\",\"@id\":\"https:\\\/\\\/www.asimina-cbh.com\\\/de\\\/#website\",\"url\":\"https:\\\/\\\/www.asimina-cbh.com\\\/de\\\/\",\"name\":\"Asimina Suites Hotel\",\"description\":\"Constantinou Bros Asimina Suites Hotel, 4 star hotel in Paphos Cyprus\",\"potentialAction\":[{\"@type\":\"SearchAction\",\"target\":{\"@type\":\"EntryPoint\",\"urlTemplate\":\"https:\\\/\\\/www.asimina-cbh.com\\\/de\\\/?s={search_term_string}\"},\"query-input\":{\"@type\":\"PropertyValueSpecification\",\"valueRequired\":true,\"valueName\":\"search_term_string\"}}],\"inLanguage\":\"de\"}]}<\/script>\n<!-- \/ Yoast SEO plugin. -->","yoast_head_json":{"title":"5-Sterne-Hotel nur f\u00fcr Erwachsene in Paphos Strand || Asimina Suites Hotel","description":"\u0391simina Suites by Constantinou Bros Hotels ist eine Oase am Strand und ein 5-Sterne-Hotel nur f\u00fcr Erwachsene in Paphos, Zypern, f\u00fcr einen romantischen und ruhigen Urlaub.","robots":{"index":"index","follow":"follow","max-snippet":"max-snippet:-1","max-image-preview":"max-image-preview:large","max-video-preview":"max-video-preview:-1"},"canonical":"https:\/\/www.asimina-cbh.com\/de\/the-hotel\/","og_locale":"de_DE","og_type":"article","og_title":"5-Sterne-Hotel nur f\u00fcr Erwachsene in Paphos Strand || Asimina Suites Hotel","og_description":"\u0391simina Suites by Constantinou Bros Hotels ist eine Oase am Strand und ein 5-Sterne-Hotel nur f\u00fcr Erwachsene in Paphos, Zypern, f\u00fcr einen romantischen und ruhigen Urlaub.","og_url":"https:\/\/www.asimina-cbh.com\/de\/the-hotel\/","og_site_name":"Asimina Suites Hotel","article_modified_time":"2026-03-19T12:58:59+00:00","og_image":[{"width":2500,"height":1562,"url":"https:\/\/www.asimina-cbh.com\/app\/uploads\/sites\/31\/2026\/02\/2-ASIMINA-SUITES-HOTEL-POOL-1.jpg","type":"image\/jpeg"}],"twitter_card":"summary_large_image","twitter_misc":{"Gesch\u00e4tzte Lesezeit":"1\u00a0Minute"},"schema":{"@context":"https:\/\/schema.org","@graph":[{"@type":"WebPage","@id":"https:\/\/www.asimina-cbh.com\/de\/the-hotel\/","url":"https:\/\/www.asimina-cbh.com\/de\/the-hotel\/","name":"5-Sterne-Hotel nur f\u00fcr Erwachsene in Paphos Strand || Asimina Suites Hotel","isPartOf":{"@id":"https:\/\/www.asimina-cbh.com\/de\/#website"},"primaryImageOfPage":{"@id":"https:\/\/www.asimina-cbh.com\/de\/the-hotel\/#primaryimage"},"image":{"@id":"https:\/\/www.asimina-cbh.com\/de\/the-hotel\/#primaryimage"},"thumbnailUrl":"https:\/\/www.asimina-cbh.com\/app\/uploads\/sites\/31\/2026\/02\/2-ASIMINA-SUITES-HOTEL-POOL-1.jpg","datePublished":"2019-05-16T10:08:41+00:00","dateModified":"2026-03-19T12:58:59+00:00","description":"\u0391simina Suites by Constantinou Bros Hotels ist eine Oase am Strand und ein 5-Sterne-Hotel nur f\u00fcr Erwachsene in Paphos, Zypern, f\u00fcr einen romantischen und ruhigen Urlaub.","breadcrumb":{"@id":"https:\/\/www.asimina-cbh.com\/de\/the-hotel\/#breadcrumb"},"inLanguage":"de","potentialAction":[{"@type":"ReadAction","target":["https:\/\/www.asimina-cbh.com\/de\/the-hotel\/"]}]},{"@type":"ImageObject","inLanguage":"de","@id":"https:\/\/www.asimina-cbh.com\/de\/the-hotel\/#primaryimage","url":"https:\/\/www.asimina-cbh.com\/app\/uploads\/sites\/31\/2026\/02\/2-ASIMINA-SUITES-HOTEL-POOL-1.jpg","contentUrl":"https:\/\/www.asimina-cbh.com\/app\/uploads\/sites\/31\/2026\/02\/2-ASIMINA-SUITES-HOTEL-POOL-1.jpg","width":2500,"height":1562},{"@type":"BreadcrumbList","@id":"https:\/\/www.asimina-cbh.com\/de\/the-hotel\/#breadcrumb","itemListElement":[{"@type":"ListItem","position":1,"name":"Home","item":"https:\/\/www.asimina-cbh.com\/de\/"},{"@type":"ListItem","position":2,"name":"Das Hotel"}]},{"@type":"WebSite","@id":"https:\/\/www.asimina-cbh.com\/de\/#website","url":"https:\/\/www.asimina-cbh.com\/de\/","name":"Asimina Suites Hotel","description":"Constantinou Bros Asimina Suites Hotel, 4 star hotel in Paphos Cyprus","potentialAction":[{"@type":"SearchAction","target":{"@type":"EntryPoint","urlTemplate":"https:\/\/www.asimina-cbh.com\/de\/?s={search_term_string}"},"query-input":{"@type":"PropertyValueSpecification","valueRequired":true,"valueName":"search_term_string"}}],"inLanguage":"de"}]}},"_links":{"self":[{"href":"https:\/\/www.asimina-cbh.com\/de\/wp-json\/wp\/v2\/pages\/2120","targetHints":{"allow":["GET"]}}],"collection":[{"href":"https:\/\/www.asimina-cbh.com\/de\/wp-json\/wp\/v2\/pages"}],"about":[{"href":"https:\/\/www.asimina-cbh.com\/de\/wp-json\/wp\/v2\/types\/page"}],"author":[{"embeddable":true,"href":"https:\/\/www.asimina-cbh.com\/de\/wp-json\/wp\/v2\/users\/1"}],"replies":[{"embeddable":true,"href":"https:\/\/www.asimina-cbh.com\/de\/wp-json\/wp\/v2\/comments?post=2120"}],"version-history":[{"count":6,"href":"https:\/\/www.asimina-cbh.com\/de\/wp-json\/wp\/v2\/pages\/2120\/revisions"}],"predecessor-version":[{"id":15696,"href":"https:\/\/www.asimina-cbh.com\/de\/wp-json\/wp\/v2\/pages\/2120\/revisions\/15696"}],"wp:featuredmedia":[{"embeddable":true,"href":"https:\/\/www.asimina-cbh.com\/de\/wp-json\/wp\/v2\/media\/15930"}],"wp:attachment":[{"href":"https:\/\/www.asimina-cbh.com\/de\/wp-json\/wp\/v2\/media?parent=2120"}],"curies":[{"name":"wp","href":"https:\/\/api.w.org\/{rel}","templated":true}]}}