{"id":2127,"date":"2019-09-26T13:08:41","date_gmt":"2019-09-26T10:08:41","guid":{"rendered":"http:\/\/asimina-cbh.cms4.nelios.com\/the-hotel\/location\/"},"modified":"2026-02-18T12:19:43","modified_gmt":"2026-02-18T09:19:43","slug":"location","status":"publish","type":"page","link":"https:\/\/www.asimina-cbh.com\/de\/the-hotel\/location\/","title":{"rendered":"Lage"},"content":{"rendered":"<p>Das luxuri\u00f6se 5-Sterne Asimina Suites liegt gemeinsam mit dem 4-Sterne-Pioneer Beach Hotel am sch\u00f6nen Sandstrand in der N\u00e4he des Athena Beach und Athena Royal Beach Hotels. Das Hotel ist nur\u00a0 wenige Fu\u00dfminuten vom Tourismus-und Stadtzentrum sowie den historischen Sehensw\u00fcrdigkeiten, dem Kastell und dem Hafen.<\/p>\n<ul>\n<li>Die Lage in Kato Paphos<\/li>\n<li>Direkt am Strand<\/li>\n<li>500m zu den n\u00e4chstgelegenen Bars und Restaurants<\/li>\n<li>2 km zum Touristenzentrum<\/li>\n<li>3 km zum Fischer Hafen von Paphos<\/li>\n<li>15km zum internationalen Flughafen Paphos<\/li>\n<li>140km zum internationalen Flughafen Larnaca<\/li>\n<\/ul>\n<p><h4>Anfahrtsbeschreibung<\/h4>\n<\/p>\n<h5>Anfahrt vom Flughafen Paphos zum ASIMINA SUITES HOTEL:<\/h5>\n<ul>\n<li>Direkt nach der Ausfahrt des Flughafens, biegen Sie links auf die Hauptstra\u00dfe nach Paphos ab.<\/li>\n<li>Nach ca. 1 km auf der Stra\u00dfe werden Sie ein Schild zur A1 sehen, biegen Sie rechts ab.<\/li>\n<li>Sowie Sie sich der Autobahn n\u00e4hern, biegen Sie noch vor der Br\u00fccke nach links ab, um auf die Autobahn nach Paphos aufzufahren.<\/li>\n<li>Fahren Sie bis zum Ende der Autobahn. Sie kommen zu einem gro\u00dfen Kreisverkehr. Nehmen Sie die erste Abfahrt nach links.<\/li>\n<li>Fahren Sie bis Sie zu einem weiteren Kreisverkehr kommen. Davor werden Sie die Gesch\u00e4fte Debenhams\/Next auf Ihrer Linken sehen.<\/li>\n<li>Nehmen Sie die zweite Ausfahrt des Kreisverkehrs und fahren erneut geradeaus bis zu einem kleinen Kreisverkehr. Fahren Sie geradeaus weiter bis zum Ende der Strasse und biegen nach links.<\/li>\n<li>Bleiben Sie auf der Strasse bis zu einem Mini Kreisverkehr. Nehmen Sie die zweite Abfahrt und Sie sehen das Asimina Suites Hotel recht liegen. Die Fahrt vom Flughafen Paphos dauert ca. 20 Minuten.<\/li>\n<\/ul>\n<p><h5>Anfahrt vom Flughafen Larnaca zum ASIMINA SUITES HOTEL:<\/h5>\n<\/p>\n<ul>\n<li>Fahren Sie vom Flughafen auf der zweispurigen Stra\u00dfe, bis Sie die linke Abfahrt das mit Lemesos \/ Limassol ausgeschildert ist erreicht.<\/li>\n<li>Fahren Sie auf dieser Stra\u00dfe bis zu einem gro\u00dfen Kreisverkehr nehmen Sie die erste Abfahrt links. Sie sind jetzt auf der Autobahn nach Lemesos \/ Paphos<\/li>\n<li>Fahren Sie \u00fcber Lemesos\/Limassol und richten sich nach der Ausschilderung nach Paphos.<\/li>\n<li>Fahren Sie bis zum Ende der Autobahn. Sie kommen zu einem gro\u00dfen Kreisverkehr. Nehmen Sie die erste Abfahrt nach links.<\/li>\n<li>Fahren Sie bis Sie zu einem weiteren Kreisverkehr kommen. Davor werden Sie die Gesch\u00e4fte Debenhams\/Next auf Ihrer Linken sehen.<\/li>\n<li>Nehmen Sie die zweite Ausfahrt des Kreisverkehrs und fahren erneut geradeaus bis zu einem kleinen Kreisverkehr. Fahren Sie geradeaus weiter bis zum Ende der Strasse und biegen nach links.<\/li>\n<li>Bleiben Sie auf der Strasse bis zu einem Mini Kreisverkehr. Nehmen Sie die zweite Abfahrt und Sie sehen das Asimina Suites Hotel recht liegen. Die Fahrt vom Flughafen Larnaca dauert ca. 1.5 Stunden<\/li>\n<\/ul>\n","protected":false},"excerpt":{"rendered":"<p>Das luxuri\u00f6se 5-Sterne Asimina Suites liegt gemeinsam mit dem 4-Sterne-Pioneer Beach Hotel am sch\u00f6nen Sandstrand in der N\u00e4he des Athena Beach und Athena Royal Beach Hotels. Das Hotel ist nur\u00a0 wenige Fu\u00dfminuten vom Tourismus-und Stadtzentrum sowie den historischen Sehensw\u00fcrdigkeiten, dem Kastell und dem Hafen. Die Lage in Kato Paphos Direkt am Strand 500m zu den<\/p>\n","protected":false},"author":1,"featured_media":3672,"parent":2120,"menu_order":0,"comment_status":"closed","ping_status":"closed","template":"page-templates\/location.php","meta":{"_acf_changed":false,"footnotes":""},"class_list":["post-2127","page","type-page","status-publish","has-post-thumbnail","hentry"],"acf":[],"yoast_head":"<!-- This site is optimized with the Yoast SEO plugin v27.5 - https:\/\/yoast.com\/product\/yoast-seo-wordpress\/ -->\n<title>Lage - Asimina Suites Hotel<\/title>\n<meta name=\"robots\" content=\"index, follow, max-snippet:-1, max-image-preview:large, max-video-preview:-1\" \/>\n<link rel=\"canonical\" href=\"https:\/\/www.asimina-cbh.com\/de\/the-hotel\/location\/\" \/>\n<meta property=\"og:locale\" content=\"de_DE\" \/>\n<meta property=\"og:type\" content=\"article\" \/>\n<meta property=\"og:title\" content=\"Lage - Asimina Suites Hotel\" \/>\n<meta property=\"og:description\" content=\"Das luxuri\u00f6se 5-Sterne Asimina Suites liegt gemeinsam mit dem 4-Sterne-Pioneer Beach Hotel am sch\u00f6nen Sandstrand in der N\u00e4he des Athena Beach und Athena Royal Beach Hotels. Das Hotel ist nur\u00a0 wenige Fu\u00dfminuten vom Tourismus-und Stadtzentrum sowie den historischen Sehensw\u00fcrdigkeiten, dem Kastell und dem Hafen. Die Lage in Kato Paphos Direkt am Strand 500m zu den\" \/>\n<meta property=\"og:url\" content=\"https:\/\/www.asimina-cbh.com\/de\/the-hotel\/location\/\" \/>\n<meta property=\"og:site_name\" content=\"Asimina Suites Hotel\" \/>\n<meta property=\"article:modified_time\" content=\"2026-02-18T09:19:43+00:00\" \/>\n<meta property=\"og:image\" content=\"https:\/\/www.asimina-cbh.com\/app\/uploads\/sites\/31\/2020\/09\/18-ASIMINA-SUITES-HOTEL-LOBBY.jpg\" \/>\n\t<meta property=\"og:image:width\" content=\"1200\" \/>\n\t<meta property=\"og:image:height\" content=\"798\" \/>\n\t<meta property=\"og:image:type\" content=\"image\/jpeg\" \/>\n<meta name=\"twitter:card\" content=\"summary_large_image\" \/>\n<meta name=\"twitter:label1\" content=\"Gesch\u00e4tzte Lesezeit\" \/>\n\t<meta name=\"twitter:data1\" content=\"2\u00a0Minuten\" \/>\n<script type=\"application\/ld+json\" class=\"yoast-schema-graph\">{\"@context\":\"https:\\\/\\\/schema.org\",\"@graph\":[{\"@type\":\"WebPage\",\"@id\":\"https:\\\/\\\/www.asimina-cbh.com\\\/de\\\/the-hotel\\\/location\\\/\",\"url\":\"https:\\\/\\\/www.asimina-cbh.com\\\/de\\\/the-hotel\\\/location\\\/\",\"name\":\"Lage - Asimina Suites Hotel\",\"isPartOf\":{\"@id\":\"https:\\\/\\\/www.asimina-cbh.com\\\/de\\\/#website\"},\"primaryImageOfPage\":{\"@id\":\"https:\\\/\\\/www.asimina-cbh.com\\\/de\\\/the-hotel\\\/location\\\/#primaryimage\"},\"image\":{\"@id\":\"https:\\\/\\\/www.asimina-cbh.com\\\/de\\\/the-hotel\\\/location\\\/#primaryimage\"},\"thumbnailUrl\":\"https:\\\/\\\/www.asimina-cbh.com\\\/app\\\/uploads\\\/sites\\\/31\\\/2020\\\/09\\\/18-ASIMINA-SUITES-HOTEL-LOBBY.jpg\",\"datePublished\":\"2019-09-26T10:08:41+00:00\",\"dateModified\":\"2026-02-18T09:19:43+00:00\",\"breadcrumb\":{\"@id\":\"https:\\\/\\\/www.asimina-cbh.com\\\/de\\\/the-hotel\\\/location\\\/#breadcrumb\"},\"inLanguage\":\"de\",\"potentialAction\":[{\"@type\":\"ReadAction\",\"target\":[\"https:\\\/\\\/www.asimina-cbh.com\\\/de\\\/the-hotel\\\/location\\\/\"]}]},{\"@type\":\"ImageObject\",\"inLanguage\":\"de\",\"@id\":\"https:\\\/\\\/www.asimina-cbh.com\\\/de\\\/the-hotel\\\/location\\\/#primaryimage\",\"url\":\"https:\\\/\\\/www.asimina-cbh.com\\\/app\\\/uploads\\\/sites\\\/31\\\/2020\\\/09\\\/18-ASIMINA-SUITES-HOTEL-LOBBY.jpg\",\"contentUrl\":\"https:\\\/\\\/www.asimina-cbh.com\\\/app\\\/uploads\\\/sites\\\/31\\\/2020\\\/09\\\/18-ASIMINA-SUITES-HOTEL-LOBBY.jpg\",\"width\":1200,\"height\":798,\"caption\":\"Nur Sie und das Meer\"},{\"@type\":\"BreadcrumbList\",\"@id\":\"https:\\\/\\\/www.asimina-cbh.com\\\/de\\\/the-hotel\\\/location\\\/#breadcrumb\",\"itemListElement\":[{\"@type\":\"ListItem\",\"position\":1,\"name\":\"Home\",\"item\":\"https:\\\/\\\/www.asimina-cbh.com\\\/de\\\/\"},{\"@type\":\"ListItem\",\"position\":2,\"name\":\"Das Hotel\",\"item\":\"https:\\\/\\\/www.asimina-cbh.com\\\/de\\\/the-hotel\\\/\"},{\"@type\":\"ListItem\",\"position\":3,\"name\":\"Lage\"}]},{\"@type\":\"WebSite\",\"@id\":\"https:\\\/\\\/www.asimina-cbh.com\\\/de\\\/#website\",\"url\":\"https:\\\/\\\/www.asimina-cbh.com\\\/de\\\/\",\"name\":\"Asimina Suites Hotel\",\"description\":\"Constantinou Bros Asimina Suites Hotel, 4 star hotel in Paphos Cyprus\",\"potentialAction\":[{\"@type\":\"SearchAction\",\"target\":{\"@type\":\"EntryPoint\",\"urlTemplate\":\"https:\\\/\\\/www.asimina-cbh.com\\\/de\\\/?s={search_term_string}\"},\"query-input\":{\"@type\":\"PropertyValueSpecification\",\"valueRequired\":true,\"valueName\":\"search_term_string\"}}],\"inLanguage\":\"de\"}]}<\/script>\n<!-- \/ Yoast SEO plugin. -->","yoast_head_json":{"title":"Lage - Asimina Suites Hotel","robots":{"index":"index","follow":"follow","max-snippet":"max-snippet:-1","max-image-preview":"max-image-preview:large","max-video-preview":"max-video-preview:-1"},"canonical":"https:\/\/www.asimina-cbh.com\/de\/the-hotel\/location\/","og_locale":"de_DE","og_type":"article","og_title":"Lage - Asimina Suites Hotel","og_description":"Das luxuri\u00f6se 5-Sterne Asimina Suites liegt gemeinsam mit dem 4-Sterne-Pioneer Beach Hotel am sch\u00f6nen Sandstrand in der N\u00e4he des Athena Beach und Athena Royal Beach Hotels. Das Hotel ist nur\u00a0 wenige Fu\u00dfminuten vom Tourismus-und Stadtzentrum sowie den historischen Sehensw\u00fcrdigkeiten, dem Kastell und dem Hafen. Die Lage in Kato Paphos Direkt am Strand 500m zu den","og_url":"https:\/\/www.asimina-cbh.com\/de\/the-hotel\/location\/","og_site_name":"Asimina Suites Hotel","article_modified_time":"2026-02-18T09:19:43+00:00","og_image":[{"width":1200,"height":798,"url":"https:\/\/www.asimina-cbh.com\/app\/uploads\/sites\/31\/2020\/09\/18-ASIMINA-SUITES-HOTEL-LOBBY.jpg","type":"image\/jpeg"}],"twitter_card":"summary_large_image","twitter_misc":{"Gesch\u00e4tzte Lesezeit":"2\u00a0Minuten"},"schema":{"@context":"https:\/\/schema.org","@graph":[{"@type":"WebPage","@id":"https:\/\/www.asimina-cbh.com\/de\/the-hotel\/location\/","url":"https:\/\/www.asimina-cbh.com\/de\/the-hotel\/location\/","name":"Lage - Asimina Suites Hotel","isPartOf":{"@id":"https:\/\/www.asimina-cbh.com\/de\/#website"},"primaryImageOfPage":{"@id":"https:\/\/www.asimina-cbh.com\/de\/the-hotel\/location\/#primaryimage"},"image":{"@id":"https:\/\/www.asimina-cbh.com\/de\/the-hotel\/location\/#primaryimage"},"thumbnailUrl":"https:\/\/www.asimina-cbh.com\/app\/uploads\/sites\/31\/2020\/09\/18-ASIMINA-SUITES-HOTEL-LOBBY.jpg","datePublished":"2019-09-26T10:08:41+00:00","dateModified":"2026-02-18T09:19:43+00:00","breadcrumb":{"@id":"https:\/\/www.asimina-cbh.com\/de\/the-hotel\/location\/#breadcrumb"},"inLanguage":"de","potentialAction":[{"@type":"ReadAction","target":["https:\/\/www.asimina-cbh.com\/de\/the-hotel\/location\/"]}]},{"@type":"ImageObject","inLanguage":"de","@id":"https:\/\/www.asimina-cbh.com\/de\/the-hotel\/location\/#primaryimage","url":"https:\/\/www.asimina-cbh.com\/app\/uploads\/sites\/31\/2020\/09\/18-ASIMINA-SUITES-HOTEL-LOBBY.jpg","contentUrl":"https:\/\/www.asimina-cbh.com\/app\/uploads\/sites\/31\/2020\/09\/18-ASIMINA-SUITES-HOTEL-LOBBY.jpg","width":1200,"height":798,"caption":"Nur Sie und das Meer"},{"@type":"BreadcrumbList","@id":"https:\/\/www.asimina-cbh.com\/de\/the-hotel\/location\/#breadcrumb","itemListElement":[{"@type":"ListItem","position":1,"name":"Home","item":"https:\/\/www.asimina-cbh.com\/de\/"},{"@type":"ListItem","position":2,"name":"Das Hotel","item":"https:\/\/www.asimina-cbh.com\/de\/the-hotel\/"},{"@type":"ListItem","position":3,"name":"Lage"}]},{"@type":"WebSite","@id":"https:\/\/www.asimina-cbh.com\/de\/#website","url":"https:\/\/www.asimina-cbh.com\/de\/","name":"Asimina Suites Hotel","description":"Constantinou Bros Asimina Suites Hotel, 4 star hotel in Paphos Cyprus","potentialAction":[{"@type":"SearchAction","target":{"@type":"EntryPoint","urlTemplate":"https:\/\/www.asimina-cbh.com\/de\/?s={search_term_string}"},"query-input":{"@type":"PropertyValueSpecification","valueRequired":true,"valueName":"search_term_string"}}],"inLanguage":"de"}]}},"_links":{"self":[{"href":"https:\/\/www.asimina-cbh.com\/de\/wp-json\/wp\/v2\/pages\/2127","targetHints":{"allow":["GET"]}}],"collection":[{"href":"https:\/\/www.asimina-cbh.com\/de\/wp-json\/wp\/v2\/pages"}],"about":[{"href":"https:\/\/www.asimina-cbh.com\/de\/wp-json\/wp\/v2\/types\/page"}],"author":[{"embeddable":true,"href":"https:\/\/www.asimina-cbh.com\/de\/wp-json\/wp\/v2\/users\/1"}],"replies":[{"embeddable":true,"href":"https:\/\/www.asimina-cbh.com\/de\/wp-json\/wp\/v2\/comments?post=2127"}],"version-history":[{"count":8,"href":"https:\/\/www.asimina-cbh.com\/de\/wp-json\/wp\/v2\/pages\/2127\/revisions"}],"predecessor-version":[{"id":15898,"href":"https:\/\/www.asimina-cbh.com\/de\/wp-json\/wp\/v2\/pages\/2127\/revisions\/15898"}],"up":[{"embeddable":true,"href":"https:\/\/www.asimina-cbh.com\/de\/wp-json\/wp\/v2\/pages\/2120"}],"wp:featuredmedia":[{"embeddable":true,"href":"https:\/\/www.asimina-cbh.com\/de\/wp-json\/wp\/v2\/media\/3672"}],"wp:attachment":[{"href":"https:\/\/www.asimina-cbh.com\/de\/wp-json\/wp\/v2\/media?parent=2127"}],"curies":[{"name":"wp","href":"https:\/\/api.w.org\/{rel}","templated":true}]}}