{"id":2134,"date":"2019-09-25T13:58:42","date_gmt":"2019-09-25T10:58:42","guid":{"rendered":"http:\/\/asimina-cbh.cms4.nelios.com\/the-hotel\/leisure-facilities\/"},"modified":"2026-03-19T15:58:53","modified_gmt":"2026-03-19T12:58:53","slug":"leisure-facilities","status":"publish","type":"page","link":"https:\/\/www.asimina-cbh.com\/de\/the-hotel\/leisure-facilities\/","title":{"rendered":"Hotel Einrichtungen"},"content":{"rendered":"<p>Das Hotel bietet eine Reihe von Aktivit\u00e4ten f\u00fcr jeden Geschmack.<\/p>\n<h3>Sport- und Freizeiteinrichtungen<\/h3>\n<ul>\n<li>2 miteinander verbundene S\u00fc\u00dfwasser-Au\u00dfenpools in freier Form mit Jacuzzi-D\u00fcsen (miteinander verbunden)<\/li>\n<li>1 beheiztes S\u00fc\u00dfwasser-Hallenbad (April) mit Whirlpool-D\u00fcsen<\/li>\n<li>Kostenlose Badet\u00fccher, Sonnenliegen und Sonnenschirme an den Pools und am Strand<\/li>\n<li>1 Tennisplatz mit Flutlicht<\/li>\n<li>22 flache Bowling Greens in unseren benachbarten Schwesterhotels (ca. 300m) (gegen Geb\u00fchr)<\/li>\n<li>6 Indoor Bowling Greens in unseren benachbarten Schwesterhotels (ca. 300m) (gegen Geb\u00fchr)<\/li>\n<li>12 Indoor Short Mat Bowling Greens in unseren benachbarten Schwesterhotels (ca. 300m) (gegen Geb\u00fchr)<\/li>\n<li>Tischtennis<\/li>\n<li>Live Musik<\/li>\n<li>Abstellraum f\u00fcr Golfschl\u00e4ger<\/li>\n<li>Fitnesscenter und SPA<\/li>\n<li>Wellness Aktivit\u00e4ten<\/li>\n<li>Fahrradabstellraum\/Fahrradraum (gemeinsam mit dem Schwesterhotel) (Kapazit\u00e4t 98 Fahrr\u00e4der)<\/li>\n<\/ul>\n","protected":false},"excerpt":{"rendered":"<p>Das Hotel bietet eine Reihe von Aktivit\u00e4ten f\u00fcr jeden Geschmack. Sport- und Freizeiteinrichtungen 2 miteinander verbundene S\u00fc\u00dfwasser-Au\u00dfenpools in freier Form mit Jacuzzi-D\u00fcsen (miteinander verbunden) 1 beheiztes S\u00fc\u00dfwasser-Hallenbad (April) mit Whirlpool-D\u00fcsen Kostenlose Badet\u00fccher, Sonnenliegen und Sonnenschirme an den Pools und am Strand 1 Tennisplatz mit Flutlicht 22 flache Bowling Greens in unseren benachbarten Schwesterhotels (ca. 300m)<\/p>\n","protected":false},"author":1,"featured_media":9632,"parent":2120,"menu_order":0,"comment_status":"closed","ping_status":"closed","template":"","meta":{"_acf_changed":false,"footnotes":""},"class_list":["post-2134","page","type-page","status-publish","has-post-thumbnail","hentry"],"acf":[],"yoast_head":"<!-- This site is optimized with the Yoast SEO plugin v27.5 - https:\/\/yoast.com\/product\/yoast-seo-wordpress\/ -->\n<title>Hotel Einrichtungen - Asimina Suites Hotel<\/title>\n<meta name=\"description\" content=\"Hier finden Sie alle Informationen zu den Hoteleinrichtungen des Asimina Suites Hotel in Paphos by Constantinou Bros.\" \/>\n<meta name=\"robots\" content=\"index, follow, max-snippet:-1, max-image-preview:large, max-video-preview:-1\" \/>\n<link rel=\"canonical\" href=\"https:\/\/www.asimina-cbh.com\/de\/the-hotel\/leisure-facilities\/\" \/>\n<meta property=\"og:locale\" content=\"de_DE\" \/>\n<meta property=\"og:type\" content=\"article\" \/>\n<meta property=\"og:title\" content=\"Hotel Einrichtungen - Asimina Suites Hotel\" \/>\n<meta property=\"og:description\" content=\"Hier finden Sie alle Informationen zu den Hoteleinrichtungen des Asimina Suites Hotel in Paphos by Constantinou Bros.\" \/>\n<meta property=\"og:url\" content=\"https:\/\/www.asimina-cbh.com\/de\/the-hotel\/leisure-facilities\/\" \/>\n<meta property=\"og:site_name\" content=\"Asimina Suites Hotel\" \/>\n<meta property=\"article:modified_time\" content=\"2026-03-19T12:58:53+00:00\" \/>\n<meta property=\"og:image\" content=\"https:\/\/www.asimina-cbh.com\/app\/uploads\/sites\/31\/2022\/09\/2-ASIMINA-SUITES-HOTEL-BEACH-CABANAS-scaled1.webp\" \/>\n\t<meta property=\"og:image:width\" content=\"1280\" \/>\n\t<meta property=\"og:image:height\" content=\"852\" \/>\n\t<meta property=\"og:image:type\" content=\"image\/webp\" \/>\n<meta name=\"twitter:card\" content=\"summary_large_image\" \/>\n<meta name=\"twitter:label1\" content=\"Gesch\u00e4tzte Lesezeit\" \/>\n\t<meta name=\"twitter:data1\" content=\"1\u00a0Minute\" \/>\n<script type=\"application\/ld+json\" class=\"yoast-schema-graph\">{\"@context\":\"https:\\\/\\\/schema.org\",\"@graph\":[{\"@type\":\"WebPage\",\"@id\":\"https:\\\/\\\/www.asimina-cbh.com\\\/de\\\/the-hotel\\\/leisure-facilities\\\/\",\"url\":\"https:\\\/\\\/www.asimina-cbh.com\\\/de\\\/the-hotel\\\/leisure-facilities\\\/\",\"name\":\"Hotel Einrichtungen - Asimina Suites Hotel\",\"isPartOf\":{\"@id\":\"https:\\\/\\\/www.asimina-cbh.com\\\/de\\\/#website\"},\"primaryImageOfPage\":{\"@id\":\"https:\\\/\\\/www.asimina-cbh.com\\\/de\\\/the-hotel\\\/leisure-facilities\\\/#primaryimage\"},\"image\":{\"@id\":\"https:\\\/\\\/www.asimina-cbh.com\\\/de\\\/the-hotel\\\/leisure-facilities\\\/#primaryimage\"},\"thumbnailUrl\":\"https:\\\/\\\/www.asimina-cbh.com\\\/app\\\/uploads\\\/sites\\\/31\\\/2022\\\/09\\\/2-ASIMINA-SUITES-HOTEL-BEACH-CABANAS-scaled1.webp\",\"datePublished\":\"2019-09-25T10:58:42+00:00\",\"dateModified\":\"2026-03-19T12:58:53+00:00\",\"description\":\"Hier finden Sie alle Informationen zu den Hoteleinrichtungen des Asimina Suites Hotel in Paphos by Constantinou Bros.\",\"breadcrumb\":{\"@id\":\"https:\\\/\\\/www.asimina-cbh.com\\\/de\\\/the-hotel\\\/leisure-facilities\\\/#breadcrumb\"},\"inLanguage\":\"de\",\"potentialAction\":[{\"@type\":\"ReadAction\",\"target\":[\"https:\\\/\\\/www.asimina-cbh.com\\\/de\\\/the-hotel\\\/leisure-facilities\\\/\"]}]},{\"@type\":\"ImageObject\",\"inLanguage\":\"de\",\"@id\":\"https:\\\/\\\/www.asimina-cbh.com\\\/de\\\/the-hotel\\\/leisure-facilities\\\/#primaryimage\",\"url\":\"https:\\\/\\\/www.asimina-cbh.com\\\/app\\\/uploads\\\/sites\\\/31\\\/2022\\\/09\\\/2-ASIMINA-SUITES-HOTEL-BEACH-CABANAS-scaled1.webp\",\"contentUrl\":\"https:\\\/\\\/www.asimina-cbh.com\\\/app\\\/uploads\\\/sites\\\/31\\\/2022\\\/09\\\/2-ASIMINA-SUITES-HOTEL-BEACH-CABANAS-scaled1.webp\",\"width\":1280,\"height\":852},{\"@type\":\"BreadcrumbList\",\"@id\":\"https:\\\/\\\/www.asimina-cbh.com\\\/de\\\/the-hotel\\\/leisure-facilities\\\/#breadcrumb\",\"itemListElement\":[{\"@type\":\"ListItem\",\"position\":1,\"name\":\"Home\",\"item\":\"https:\\\/\\\/www.asimina-cbh.com\\\/de\\\/\"},{\"@type\":\"ListItem\",\"position\":2,\"name\":\"Das Hotel\",\"item\":\"https:\\\/\\\/www.asimina-cbh.com\\\/de\\\/the-hotel\\\/\"},{\"@type\":\"ListItem\",\"position\":3,\"name\":\"Hotel Einrichtungen\"}]},{\"@type\":\"WebSite\",\"@id\":\"https:\\\/\\\/www.asimina-cbh.com\\\/de\\\/#website\",\"url\":\"https:\\\/\\\/www.asimina-cbh.com\\\/de\\\/\",\"name\":\"Asimina Suites Hotel\",\"description\":\"Constantinou Bros Asimina Suites Hotel, 4 star hotel in Paphos Cyprus\",\"potentialAction\":[{\"@type\":\"SearchAction\",\"target\":{\"@type\":\"EntryPoint\",\"urlTemplate\":\"https:\\\/\\\/www.asimina-cbh.com\\\/de\\\/?s={search_term_string}\"},\"query-input\":{\"@type\":\"PropertyValueSpecification\",\"valueRequired\":true,\"valueName\":\"search_term_string\"}}],\"inLanguage\":\"de\"}]}<\/script>\n<!-- \/ Yoast SEO plugin. -->","yoast_head_json":{"title":"Hotel Einrichtungen - Asimina Suites Hotel","description":"Hier finden Sie alle Informationen zu den Hoteleinrichtungen des Asimina Suites Hotel in Paphos by Constantinou Bros.","robots":{"index":"index","follow":"follow","max-snippet":"max-snippet:-1","max-image-preview":"max-image-preview:large","max-video-preview":"max-video-preview:-1"},"canonical":"https:\/\/www.asimina-cbh.com\/de\/the-hotel\/leisure-facilities\/","og_locale":"de_DE","og_type":"article","og_title":"Hotel Einrichtungen - Asimina Suites Hotel","og_description":"Hier finden Sie alle Informationen zu den Hoteleinrichtungen des Asimina Suites Hotel in Paphos by Constantinou Bros.","og_url":"https:\/\/www.asimina-cbh.com\/de\/the-hotel\/leisure-facilities\/","og_site_name":"Asimina Suites Hotel","article_modified_time":"2026-03-19T12:58:53+00:00","og_image":[{"width":1280,"height":852,"url":"https:\/\/www.asimina-cbh.com\/app\/uploads\/sites\/31\/2022\/09\/2-ASIMINA-SUITES-HOTEL-BEACH-CABANAS-scaled1.webp","type":"image\/webp"}],"twitter_card":"summary_large_image","twitter_misc":{"Gesch\u00e4tzte Lesezeit":"1\u00a0Minute"},"schema":{"@context":"https:\/\/schema.org","@graph":[{"@type":"WebPage","@id":"https:\/\/www.asimina-cbh.com\/de\/the-hotel\/leisure-facilities\/","url":"https:\/\/www.asimina-cbh.com\/de\/the-hotel\/leisure-facilities\/","name":"Hotel Einrichtungen - Asimina Suites Hotel","isPartOf":{"@id":"https:\/\/www.asimina-cbh.com\/de\/#website"},"primaryImageOfPage":{"@id":"https:\/\/www.asimina-cbh.com\/de\/the-hotel\/leisure-facilities\/#primaryimage"},"image":{"@id":"https:\/\/www.asimina-cbh.com\/de\/the-hotel\/leisure-facilities\/#primaryimage"},"thumbnailUrl":"https:\/\/www.asimina-cbh.com\/app\/uploads\/sites\/31\/2022\/09\/2-ASIMINA-SUITES-HOTEL-BEACH-CABANAS-scaled1.webp","datePublished":"2019-09-25T10:58:42+00:00","dateModified":"2026-03-19T12:58:53+00:00","description":"Hier finden Sie alle Informationen zu den Hoteleinrichtungen des Asimina Suites Hotel in Paphos by Constantinou Bros.","breadcrumb":{"@id":"https:\/\/www.asimina-cbh.com\/de\/the-hotel\/leisure-facilities\/#breadcrumb"},"inLanguage":"de","potentialAction":[{"@type":"ReadAction","target":["https:\/\/www.asimina-cbh.com\/de\/the-hotel\/leisure-facilities\/"]}]},{"@type":"ImageObject","inLanguage":"de","@id":"https:\/\/www.asimina-cbh.com\/de\/the-hotel\/leisure-facilities\/#primaryimage","url":"https:\/\/www.asimina-cbh.com\/app\/uploads\/sites\/31\/2022\/09\/2-ASIMINA-SUITES-HOTEL-BEACH-CABANAS-scaled1.webp","contentUrl":"https:\/\/www.asimina-cbh.com\/app\/uploads\/sites\/31\/2022\/09\/2-ASIMINA-SUITES-HOTEL-BEACH-CABANAS-scaled1.webp","width":1280,"height":852},{"@type":"BreadcrumbList","@id":"https:\/\/www.asimina-cbh.com\/de\/the-hotel\/leisure-facilities\/#breadcrumb","itemListElement":[{"@type":"ListItem","position":1,"name":"Home","item":"https:\/\/www.asimina-cbh.com\/de\/"},{"@type":"ListItem","position":2,"name":"Das Hotel","item":"https:\/\/www.asimina-cbh.com\/de\/the-hotel\/"},{"@type":"ListItem","position":3,"name":"Hotel Einrichtungen"}]},{"@type":"WebSite","@id":"https:\/\/www.asimina-cbh.com\/de\/#website","url":"https:\/\/www.asimina-cbh.com\/de\/","name":"Asimina Suites Hotel","description":"Constantinou Bros Asimina Suites Hotel, 4 star hotel in Paphos Cyprus","potentialAction":[{"@type":"SearchAction","target":{"@type":"EntryPoint","urlTemplate":"https:\/\/www.asimina-cbh.com\/de\/?s={search_term_string}"},"query-input":{"@type":"PropertyValueSpecification","valueRequired":true,"valueName":"search_term_string"}}],"inLanguage":"de"}]}},"_links":{"self":[{"href":"https:\/\/www.asimina-cbh.com\/de\/wp-json\/wp\/v2\/pages\/2134","targetHints":{"allow":["GET"]}}],"collection":[{"href":"https:\/\/www.asimina-cbh.com\/de\/wp-json\/wp\/v2\/pages"}],"about":[{"href":"https:\/\/www.asimina-cbh.com\/de\/wp-json\/wp\/v2\/types\/page"}],"author":[{"embeddable":true,"href":"https:\/\/www.asimina-cbh.com\/de\/wp-json\/wp\/v2\/users\/1"}],"replies":[{"embeddable":true,"href":"https:\/\/www.asimina-cbh.com\/de\/wp-json\/wp\/v2\/comments?post=2134"}],"version-history":[{"count":9,"href":"https:\/\/www.asimina-cbh.com\/de\/wp-json\/wp\/v2\/pages\/2134\/revisions"}],"predecessor-version":[{"id":16267,"href":"https:\/\/www.asimina-cbh.com\/de\/wp-json\/wp\/v2\/pages\/2134\/revisions\/16267"}],"up":[{"embeddable":true,"href":"https:\/\/www.asimina-cbh.com\/de\/wp-json\/wp\/v2\/pages\/2120"}],"wp:featuredmedia":[{"embeddable":true,"href":"https:\/\/www.asimina-cbh.com\/de\/wp-json\/wp\/v2\/media\/9632"}],"wp:attachment":[{"href":"https:\/\/www.asimina-cbh.com\/de\/wp-json\/wp\/v2\/media?parent=2134"}],"curies":[{"name":"wp","href":"https:\/\/api.w.org\/{rel}","templated":true}]}}