{"id":2146,"date":"2019-09-24T13:54:48","date_gmt":"2019-09-24T10:54:48","guid":{"rendered":"http:\/\/asimina-cbh.cms4.nelios.com\/the-hotel\/special-features\/"},"modified":"2026-03-19T15:58:54","modified_gmt":"2026-03-19T12:58:54","slug":"special-features","status":"publish","type":"page","link":"https:\/\/www.asimina-cbh.com\/de\/the-hotel\/special-features\/","title":{"rendered":"Besondere Merkmale"},"content":{"rendered":"<h3>Besondere Merkmale<\/h3>\n<ul>\n<li>Adult Focused Hotel (\u00fcber 16 Jahre alt)<\/li>\n<li>VIP-Check-in-Service mit kostenlosem Begr\u00fc\u00dfungsgetr\u00e4nk und kalten Handt\u00fcchern<\/li>\n<li>Rauchverbot in allen Innenbereichen<\/li>\n<li>Motorroller sind auf dem Hotelgel\u00e4nde nicht erlaubt &#8211; ausgewiesene Parkpl\u00e4tze vorhanden<\/li>\n<li>Elektrische oder manuelle Rollst\u00fchle sind in den R\u00e4umlichkeiten des Hotels erlaubt<\/li>\n<li>Alle Food &amp; Beverage Abteilungen sind bargeldlos (nur Zimmergeb\u00fchr oder Kreditkartenzahlung)<\/li>\n<li>Souvenirladen<\/li>\n<li>Kostenloser Wi-Fi-Service in allen Suiten und \u00f6ffentlichen Bereichen<\/li>\n<li>Sp\u00e4tes Fr\u00fchst\u00fcck bis 11.00 Uhr.<\/li>\n<li>Kostenloser Parkplatz<\/li>\n<li>\u00dcppige G\u00e4rten und Sandstrand<\/li>\n<li>Airline-Reservierungen<\/li>\n<li>24-Stunden-Taxi-Service<\/li>\n<li>24 Stunden \u00e4rztlicher Bereitschaftsdienst<\/li>\n<li>W\u00e4hrungsumtausch<\/li>\n<li>Auto- und Fahrradvermietung<\/li>\n<li>Reservierungen f\u00fcr Touren &amp; Kreuzfahrten<\/li>\n<li>Limousinen-Service<\/li>\n<li>W\u00e4scherei und chemische Reinigung verf\u00fcgbar<\/li>\n<li>Vermietung von Hubschraubern und Privatjets<\/li>\n<li>Yacht mieten<\/li>\n<\/ul>\n","protected":false},"excerpt":{"rendered":"<p>Besondere Merkmale Adult Focused Hotel (\u00fcber 16 Jahre alt) VIP-Check-in-Service mit kostenlosem Begr\u00fc\u00dfungsgetr\u00e4nk und kalten Handt\u00fcchern Rauchverbot in allen Innenbereichen Motorroller sind auf dem Hotelgel\u00e4nde nicht erlaubt &#8211; ausgewiesene Parkpl\u00e4tze vorhanden Elektrische oder manuelle Rollst\u00fchle sind in den R\u00e4umlichkeiten des Hotels erlaubt Alle Food &amp; Beverage Abteilungen sind bargeldlos (nur Zimmergeb\u00fchr oder Kreditkartenzahlung) Souvenirladen Kostenloser<\/p>\n","protected":false},"author":1,"featured_media":9632,"parent":2120,"menu_order":0,"comment_status":"closed","ping_status":"closed","template":"","meta":{"_acf_changed":false,"footnotes":""},"class_list":["post-2146","page","type-page","status-publish","has-post-thumbnail","hentry"],"acf":[],"yoast_head":"<!-- This site is optimized with the Yoast SEO plugin v27.5 - https:\/\/yoast.com\/product\/yoast-seo-wordpress\/ -->\n<title>Besondere Merkmale - Asimina Suites Hotel<\/title>\n<meta name=\"description\" content=\"Hier finden Sie das gesamte Spektrum der Dienstleistungen und Besonderheiten, die im Asimina Suites Hotel in Paphos by Constantinou Bros.\" \/>\n<meta name=\"robots\" content=\"index, follow, max-snippet:-1, max-image-preview:large, max-video-preview:-1\" \/>\n<link rel=\"canonical\" href=\"https:\/\/www.asimina-cbh.com\/de\/the-hotel\/special-features\/\" \/>\n<meta property=\"og:locale\" content=\"de_DE\" \/>\n<meta property=\"og:type\" content=\"article\" \/>\n<meta property=\"og:title\" content=\"Besondere Merkmale - Asimina Suites Hotel\" \/>\n<meta property=\"og:description\" content=\"Hier finden Sie das gesamte Spektrum der Dienstleistungen und Besonderheiten, die im Asimina Suites Hotel in Paphos by Constantinou Bros.\" \/>\n<meta property=\"og:url\" content=\"https:\/\/www.asimina-cbh.com\/de\/the-hotel\/special-features\/\" \/>\n<meta property=\"og:site_name\" content=\"Asimina Suites Hotel\" \/>\n<meta property=\"article:modified_time\" content=\"2026-03-19T12:58:54+00:00\" \/>\n<meta property=\"og:image\" content=\"https:\/\/www.asimina-cbh.com\/app\/uploads\/sites\/31\/2022\/09\/2-ASIMINA-SUITES-HOTEL-BEACH-CABANAS-scaled1.webp\" \/>\n\t<meta property=\"og:image:width\" content=\"1280\" \/>\n\t<meta property=\"og:image:height\" content=\"852\" \/>\n\t<meta property=\"og:image:type\" content=\"image\/webp\" \/>\n<meta name=\"twitter:card\" content=\"summary_large_image\" \/>\n<meta name=\"twitter:label1\" content=\"Gesch\u00e4tzte Lesezeit\" \/>\n\t<meta name=\"twitter:data1\" content=\"1\u00a0Minute\" \/>\n<script type=\"application\/ld+json\" class=\"yoast-schema-graph\">{\"@context\":\"https:\\\/\\\/schema.org\",\"@graph\":[{\"@type\":\"WebPage\",\"@id\":\"https:\\\/\\\/www.asimina-cbh.com\\\/de\\\/the-hotel\\\/special-features\\\/\",\"url\":\"https:\\\/\\\/www.asimina-cbh.com\\\/de\\\/the-hotel\\\/special-features\\\/\",\"name\":\"Besondere Merkmale - Asimina Suites Hotel\",\"isPartOf\":{\"@id\":\"https:\\\/\\\/www.asimina-cbh.com\\\/de\\\/#website\"},\"primaryImageOfPage\":{\"@id\":\"https:\\\/\\\/www.asimina-cbh.com\\\/de\\\/the-hotel\\\/special-features\\\/#primaryimage\"},\"image\":{\"@id\":\"https:\\\/\\\/www.asimina-cbh.com\\\/de\\\/the-hotel\\\/special-features\\\/#primaryimage\"},\"thumbnailUrl\":\"https:\\\/\\\/www.asimina-cbh.com\\\/app\\\/uploads\\\/sites\\\/31\\\/2022\\\/09\\\/2-ASIMINA-SUITES-HOTEL-BEACH-CABANAS-scaled1.webp\",\"datePublished\":\"2019-09-24T10:54:48+00:00\",\"dateModified\":\"2026-03-19T12:58:54+00:00\",\"description\":\"Hier finden Sie das gesamte Spektrum der Dienstleistungen und Besonderheiten, die im Asimina Suites Hotel in Paphos by Constantinou Bros.\",\"breadcrumb\":{\"@id\":\"https:\\\/\\\/www.asimina-cbh.com\\\/de\\\/the-hotel\\\/special-features\\\/#breadcrumb\"},\"inLanguage\":\"de\",\"potentialAction\":[{\"@type\":\"ReadAction\",\"target\":[\"https:\\\/\\\/www.asimina-cbh.com\\\/de\\\/the-hotel\\\/special-features\\\/\"]}]},{\"@type\":\"ImageObject\",\"inLanguage\":\"de\",\"@id\":\"https:\\\/\\\/www.asimina-cbh.com\\\/de\\\/the-hotel\\\/special-features\\\/#primaryimage\",\"url\":\"https:\\\/\\\/www.asimina-cbh.com\\\/app\\\/uploads\\\/sites\\\/31\\\/2022\\\/09\\\/2-ASIMINA-SUITES-HOTEL-BEACH-CABANAS-scaled1.webp\",\"contentUrl\":\"https:\\\/\\\/www.asimina-cbh.com\\\/app\\\/uploads\\\/sites\\\/31\\\/2022\\\/09\\\/2-ASIMINA-SUITES-HOTEL-BEACH-CABANAS-scaled1.webp\",\"width\":1280,\"height\":852},{\"@type\":\"BreadcrumbList\",\"@id\":\"https:\\\/\\\/www.asimina-cbh.com\\\/de\\\/the-hotel\\\/special-features\\\/#breadcrumb\",\"itemListElement\":[{\"@type\":\"ListItem\",\"position\":1,\"name\":\"Home\",\"item\":\"https:\\\/\\\/www.asimina-cbh.com\\\/de\\\/\"},{\"@type\":\"ListItem\",\"position\":2,\"name\":\"Das Hotel\",\"item\":\"https:\\\/\\\/www.asimina-cbh.com\\\/de\\\/the-hotel\\\/\"},{\"@type\":\"ListItem\",\"position\":3,\"name\":\"Besondere Merkmale\"}]},{\"@type\":\"WebSite\",\"@id\":\"https:\\\/\\\/www.asimina-cbh.com\\\/de\\\/#website\",\"url\":\"https:\\\/\\\/www.asimina-cbh.com\\\/de\\\/\",\"name\":\"Asimina Suites Hotel\",\"description\":\"Constantinou Bros Asimina Suites Hotel, 4 star hotel in Paphos Cyprus\",\"potentialAction\":[{\"@type\":\"SearchAction\",\"target\":{\"@type\":\"EntryPoint\",\"urlTemplate\":\"https:\\\/\\\/www.asimina-cbh.com\\\/de\\\/?s={search_term_string}\"},\"query-input\":{\"@type\":\"PropertyValueSpecification\",\"valueRequired\":true,\"valueName\":\"search_term_string\"}}],\"inLanguage\":\"de\"}]}<\/script>\n<!-- \/ Yoast SEO plugin. -->","yoast_head_json":{"title":"Besondere Merkmale - Asimina Suites Hotel","description":"Hier finden Sie das gesamte Spektrum der Dienstleistungen und Besonderheiten, die im Asimina Suites Hotel in Paphos by Constantinou Bros.","robots":{"index":"index","follow":"follow","max-snippet":"max-snippet:-1","max-image-preview":"max-image-preview:large","max-video-preview":"max-video-preview:-1"},"canonical":"https:\/\/www.asimina-cbh.com\/de\/the-hotel\/special-features\/","og_locale":"de_DE","og_type":"article","og_title":"Besondere Merkmale - Asimina Suites Hotel","og_description":"Hier finden Sie das gesamte Spektrum der Dienstleistungen und Besonderheiten, die im Asimina Suites Hotel in Paphos by Constantinou Bros.","og_url":"https:\/\/www.asimina-cbh.com\/de\/the-hotel\/special-features\/","og_site_name":"Asimina Suites Hotel","article_modified_time":"2026-03-19T12:58:54+00:00","og_image":[{"width":1280,"height":852,"url":"https:\/\/www.asimina-cbh.com\/app\/uploads\/sites\/31\/2022\/09\/2-ASIMINA-SUITES-HOTEL-BEACH-CABANAS-scaled1.webp","type":"image\/webp"}],"twitter_card":"summary_large_image","twitter_misc":{"Gesch\u00e4tzte Lesezeit":"1\u00a0Minute"},"schema":{"@context":"https:\/\/schema.org","@graph":[{"@type":"WebPage","@id":"https:\/\/www.asimina-cbh.com\/de\/the-hotel\/special-features\/","url":"https:\/\/www.asimina-cbh.com\/de\/the-hotel\/special-features\/","name":"Besondere Merkmale - Asimina Suites Hotel","isPartOf":{"@id":"https:\/\/www.asimina-cbh.com\/de\/#website"},"primaryImageOfPage":{"@id":"https:\/\/www.asimina-cbh.com\/de\/the-hotel\/special-features\/#primaryimage"},"image":{"@id":"https:\/\/www.asimina-cbh.com\/de\/the-hotel\/special-features\/#primaryimage"},"thumbnailUrl":"https:\/\/www.asimina-cbh.com\/app\/uploads\/sites\/31\/2022\/09\/2-ASIMINA-SUITES-HOTEL-BEACH-CABANAS-scaled1.webp","datePublished":"2019-09-24T10:54:48+00:00","dateModified":"2026-03-19T12:58:54+00:00","description":"Hier finden Sie das gesamte Spektrum der Dienstleistungen und Besonderheiten, die im Asimina Suites Hotel in Paphos by Constantinou Bros.","breadcrumb":{"@id":"https:\/\/www.asimina-cbh.com\/de\/the-hotel\/special-features\/#breadcrumb"},"inLanguage":"de","potentialAction":[{"@type":"ReadAction","target":["https:\/\/www.asimina-cbh.com\/de\/the-hotel\/special-features\/"]}]},{"@type":"ImageObject","inLanguage":"de","@id":"https:\/\/www.asimina-cbh.com\/de\/the-hotel\/special-features\/#primaryimage","url":"https:\/\/www.asimina-cbh.com\/app\/uploads\/sites\/31\/2022\/09\/2-ASIMINA-SUITES-HOTEL-BEACH-CABANAS-scaled1.webp","contentUrl":"https:\/\/www.asimina-cbh.com\/app\/uploads\/sites\/31\/2022\/09\/2-ASIMINA-SUITES-HOTEL-BEACH-CABANAS-scaled1.webp","width":1280,"height":852},{"@type":"BreadcrumbList","@id":"https:\/\/www.asimina-cbh.com\/de\/the-hotel\/special-features\/#breadcrumb","itemListElement":[{"@type":"ListItem","position":1,"name":"Home","item":"https:\/\/www.asimina-cbh.com\/de\/"},{"@type":"ListItem","position":2,"name":"Das Hotel","item":"https:\/\/www.asimina-cbh.com\/de\/the-hotel\/"},{"@type":"ListItem","position":3,"name":"Besondere Merkmale"}]},{"@type":"WebSite","@id":"https:\/\/www.asimina-cbh.com\/de\/#website","url":"https:\/\/www.asimina-cbh.com\/de\/","name":"Asimina Suites Hotel","description":"Constantinou Bros Asimina Suites Hotel, 4 star hotel in Paphos Cyprus","potentialAction":[{"@type":"SearchAction","target":{"@type":"EntryPoint","urlTemplate":"https:\/\/www.asimina-cbh.com\/de\/?s={search_term_string}"},"query-input":{"@type":"PropertyValueSpecification","valueRequired":true,"valueName":"search_term_string"}}],"inLanguage":"de"}]}},"_links":{"self":[{"href":"https:\/\/www.asimina-cbh.com\/de\/wp-json\/wp\/v2\/pages\/2146","targetHints":{"allow":["GET"]}}],"collection":[{"href":"https:\/\/www.asimina-cbh.com\/de\/wp-json\/wp\/v2\/pages"}],"about":[{"href":"https:\/\/www.asimina-cbh.com\/de\/wp-json\/wp\/v2\/types\/page"}],"author":[{"embeddable":true,"href":"https:\/\/www.asimina-cbh.com\/de\/wp-json\/wp\/v2\/users\/1"}],"replies":[{"embeddable":true,"href":"https:\/\/www.asimina-cbh.com\/de\/wp-json\/wp\/v2\/comments?post=2146"}],"version-history":[{"count":6,"href":"https:\/\/www.asimina-cbh.com\/de\/wp-json\/wp\/v2\/pages\/2146\/revisions"}],"predecessor-version":[{"id":16269,"href":"https:\/\/www.asimina-cbh.com\/de\/wp-json\/wp\/v2\/pages\/2146\/revisions\/16269"}],"up":[{"embeddable":true,"href":"https:\/\/www.asimina-cbh.com\/de\/wp-json\/wp\/v2\/pages\/2120"}],"wp:featuredmedia":[{"embeddable":true,"href":"https:\/\/www.asimina-cbh.com\/de\/wp-json\/wp\/v2\/media\/9632"}],"wp:attachment":[{"href":"https:\/\/www.asimina-cbh.com\/de\/wp-json\/wp\/v2\/media?parent=2146"}],"curies":[{"name":"wp","href":"https:\/\/api.w.org\/{rel}","templated":true}]}}