{"id":2177,"date":"2019-05-16T13:08:40","date_gmt":"2019-05-16T10:08:40","guid":{"rendered":"http:\/\/asimina-cbh.cms4.nelios.com\/suites\/"},"modified":"2026-03-19T16:21:18","modified_gmt":"2026-03-19T13:21:18","slug":"zimmer","status":"publish","type":"page","link":"https:\/\/www.asimina-cbh.com\/de\/zimmer\/","title":{"rendered":"Suiten"},"content":{"rendered":"<p>Die Suiten bieten eine Vielzahl von Annehmlichkeiten wie Klimaanlage und Zentralheizung, einen separaten Wohnbereich (f\u00fcr die meisten Suiten), luxuri\u00f6se Marmorb\u00e4der, Flachbildschirm-LCD-Satellitenfernseher und Radio, einen kostenlosen Safe (in Laptop-Gr\u00f6\u00dfe), Badem\u00e4ntel und Hausschuhe, Tee- und Kaffeezubereitungsm\u00f6glichkeiten sowie eine Espressomaschine, eine Minibar, einen Haartrockner, B\u00fcgelm\u00f6glichkeiten und viele weitere Annehmlichkeiten.<br \/>\nZu den besonderen Merkmalen geh\u00f6ren kostenloses High-Speed-Wi-Fi in allen Zimmern, \u00f6ffentlichen Bereichen und G\u00e4rten sowie ein kostenloser Parkplatz.<\/p>\n","protected":false},"excerpt":{"rendered":"<p>Die Suiten bieten eine Vielzahl von Annehmlichkeiten wie Klimaanlage und Zentralheizung, einen separaten Wohnbereich (f\u00fcr die meisten Suiten), luxuri\u00f6se Marmorb\u00e4der, Flachbildschirm-LCD-Satellitenfernseher und Radio, einen kostenlosen Safe (in Laptop-Gr\u00f6\u00dfe), Badem\u00e4ntel und Hausschuhe, Tee- und Kaffeezubereitungsm\u00f6glichkeiten sowie eine Espressomaschine, eine Minibar, einen Haartrockner, B\u00fcgelm\u00f6glichkeiten und viele weitere Annehmlichkeiten. Zu den besonderen Merkmalen geh\u00f6ren kostenloses High-Speed-Wi-Fi in allen<\/p>\n","protected":false},"author":1,"featured_media":2698,"parent":0,"menu_order":0,"comment_status":"closed","ping_status":"closed","template":"page-templates\/rooms.php","meta":{"_acf_changed":false,"footnotes":""},"class_list":["post-2177","page","type-page","status-publish","has-post-thumbnail","hentry"],"acf":[],"yoast_head":"<!-- This site is optimized with the Yoast SEO plugin v27.3 - https:\/\/yoast.com\/product\/yoast-seo-wordpress\/ -->\n<title>Luxusunterkunft Paphos, Zypern || Asimina Suites Hotel<\/title>\n<meta name=\"description\" content=\"Im \u0391simina Suites by Constantinou Bros Hotels finden Sie die beste Auswahl an luxuri\u00f6sen Unterk\u00fcnften in Paphos f\u00fcr einen komfortablen und gro\u00dfz\u00fcgigen Aufenthalt.\" \/>\n<meta name=\"robots\" content=\"index, follow, max-snippet:-1, max-image-preview:large, max-video-preview:-1\" \/>\n<link rel=\"canonical\" href=\"https:\/\/www.asimina-cbh.com\/de\/zimmer\/\" \/>\n<meta property=\"og:locale\" content=\"de_DE\" \/>\n<meta property=\"og:type\" content=\"article\" \/>\n<meta property=\"og:title\" content=\"Luxusunterkunft Paphos, Zypern || Asimina Suites Hotel\" \/>\n<meta property=\"og:description\" content=\"Im \u0391simina Suites by Constantinou Bros Hotels finden Sie die beste Auswahl an luxuri\u00f6sen Unterk\u00fcnften in Paphos f\u00fcr einen komfortablen und gro\u00dfz\u00fcgigen Aufenthalt.\" \/>\n<meta property=\"og:url\" content=\"https:\/\/www.asimina-cbh.com\/de\/zimmer\/\" \/>\n<meta property=\"og:site_name\" content=\"Asimina Suites Hotel\" \/>\n<meta property=\"article:modified_time\" content=\"2026-03-19T13:21:18+00:00\" \/>\n<meta property=\"og:image\" content=\"https:\/\/www.asimina-cbh.com\/app\/uploads\/sites\/31\/2020\/01\/23-ASIMINA-SUITES-HOTEL-SUPERIOR-ONE-BEDROOM-SUITE-SV.jpg\" \/>\n\t<meta property=\"og:image:width\" content=\"1920\" \/>\n\t<meta property=\"og:image:height\" content=\"1278\" \/>\n\t<meta property=\"og:image:type\" content=\"image\/jpeg\" \/>\n<meta name=\"twitter:card\" content=\"summary_large_image\" \/>\n<meta name=\"twitter:label1\" content=\"Gesch\u00e4tzte Lesezeit\" \/>\n\t<meta name=\"twitter:data1\" content=\"1\u00a0Minute\" \/>\n<script type=\"application\/ld+json\" class=\"yoast-schema-graph\">{\"@context\":\"https:\\\/\\\/schema.org\",\"@graph\":[{\"@type\":\"WebPage\",\"@id\":\"https:\\\/\\\/www.asimina-cbh.com\\\/de\\\/zimmer\\\/\",\"url\":\"https:\\\/\\\/www.asimina-cbh.com\\\/de\\\/zimmer\\\/\",\"name\":\"Luxusunterkunft Paphos, Zypern || Asimina Suites Hotel\",\"isPartOf\":{\"@id\":\"https:\\\/\\\/www.asimina-cbh.com\\\/de\\\/#website\"},\"primaryImageOfPage\":{\"@id\":\"https:\\\/\\\/www.asimina-cbh.com\\\/de\\\/zimmer\\\/#primaryimage\"},\"image\":{\"@id\":\"https:\\\/\\\/www.asimina-cbh.com\\\/de\\\/zimmer\\\/#primaryimage\"},\"thumbnailUrl\":\"https:\\\/\\\/www.asimina-cbh.com\\\/app\\\/uploads\\\/sites\\\/31\\\/2020\\\/01\\\/23-ASIMINA-SUITES-HOTEL-SUPERIOR-ONE-BEDROOM-SUITE-SV.jpg\",\"datePublished\":\"2019-05-16T10:08:40+00:00\",\"dateModified\":\"2026-03-19T13:21:18+00:00\",\"description\":\"Im \u0391simina Suites by Constantinou Bros Hotels finden Sie die beste Auswahl an luxuri\u00f6sen Unterk\u00fcnften in Paphos f\u00fcr einen komfortablen und gro\u00dfz\u00fcgigen Aufenthalt.\",\"breadcrumb\":{\"@id\":\"https:\\\/\\\/www.asimina-cbh.com\\\/de\\\/zimmer\\\/#breadcrumb\"},\"inLanguage\":\"de\",\"potentialAction\":[{\"@type\":\"ReadAction\",\"target\":[\"https:\\\/\\\/www.asimina-cbh.com\\\/de\\\/zimmer\\\/\"]}]},{\"@type\":\"ImageObject\",\"inLanguage\":\"de\",\"@id\":\"https:\\\/\\\/www.asimina-cbh.com\\\/de\\\/zimmer\\\/#primaryimage\",\"url\":\"https:\\\/\\\/www.asimina-cbh.com\\\/app\\\/uploads\\\/sites\\\/31\\\/2020\\\/01\\\/23-ASIMINA-SUITES-HOTEL-SUPERIOR-ONE-BEDROOM-SUITE-SV.jpg\",\"contentUrl\":\"https:\\\/\\\/www.asimina-cbh.com\\\/app\\\/uploads\\\/sites\\\/31\\\/2020\\\/01\\\/23-ASIMINA-SUITES-HOTEL-SUPERIOR-ONE-BEDROOM-SUITE-SV.jpg\",\"width\":1920,\"height\":1278},{\"@type\":\"BreadcrumbList\",\"@id\":\"https:\\\/\\\/www.asimina-cbh.com\\\/de\\\/zimmer\\\/#breadcrumb\",\"itemListElement\":[{\"@type\":\"ListItem\",\"position\":1,\"name\":\"Home\",\"item\":\"https:\\\/\\\/www.asimina-cbh.com\\\/de\\\/\"},{\"@type\":\"ListItem\",\"position\":2,\"name\":\"Suiten\"}]},{\"@type\":\"WebSite\",\"@id\":\"https:\\\/\\\/www.asimina-cbh.com\\\/de\\\/#website\",\"url\":\"https:\\\/\\\/www.asimina-cbh.com\\\/de\\\/\",\"name\":\"Asimina Suites Hotel\",\"description\":\"Constantinou Bros Asimina Suites Hotel, 4 star hotel in Paphos Cyprus\",\"potentialAction\":[{\"@type\":\"SearchAction\",\"target\":{\"@type\":\"EntryPoint\",\"urlTemplate\":\"https:\\\/\\\/www.asimina-cbh.com\\\/de\\\/?s={search_term_string}\"},\"query-input\":{\"@type\":\"PropertyValueSpecification\",\"valueRequired\":true,\"valueName\":\"search_term_string\"}}],\"inLanguage\":\"de\"}]}<\/script>\n<!-- \/ Yoast SEO plugin. -->","yoast_head_json":{"title":"Luxusunterkunft Paphos, Zypern || Asimina Suites Hotel","description":"Im \u0391simina Suites by Constantinou Bros Hotels finden Sie die beste Auswahl an luxuri\u00f6sen Unterk\u00fcnften in Paphos f\u00fcr einen komfortablen und gro\u00dfz\u00fcgigen Aufenthalt.","robots":{"index":"index","follow":"follow","max-snippet":"max-snippet:-1","max-image-preview":"max-image-preview:large","max-video-preview":"max-video-preview:-1"},"canonical":"https:\/\/www.asimina-cbh.com\/de\/zimmer\/","og_locale":"de_DE","og_type":"article","og_title":"Luxusunterkunft Paphos, Zypern || Asimina Suites Hotel","og_description":"Im \u0391simina Suites by Constantinou Bros Hotels finden Sie die beste Auswahl an luxuri\u00f6sen Unterk\u00fcnften in Paphos f\u00fcr einen komfortablen und gro\u00dfz\u00fcgigen Aufenthalt.","og_url":"https:\/\/www.asimina-cbh.com\/de\/zimmer\/","og_site_name":"Asimina Suites Hotel","article_modified_time":"2026-03-19T13:21:18+00:00","og_image":[{"width":1920,"height":1278,"url":"https:\/\/www.asimina-cbh.com\/app\/uploads\/sites\/31\/2020\/01\/23-ASIMINA-SUITES-HOTEL-SUPERIOR-ONE-BEDROOM-SUITE-SV.jpg","type":"image\/jpeg"}],"twitter_card":"summary_large_image","twitter_misc":{"Gesch\u00e4tzte Lesezeit":"1\u00a0Minute"},"schema":{"@context":"https:\/\/schema.org","@graph":[{"@type":"WebPage","@id":"https:\/\/www.asimina-cbh.com\/de\/zimmer\/","url":"https:\/\/www.asimina-cbh.com\/de\/zimmer\/","name":"Luxusunterkunft Paphos, Zypern || Asimina Suites Hotel","isPartOf":{"@id":"https:\/\/www.asimina-cbh.com\/de\/#website"},"primaryImageOfPage":{"@id":"https:\/\/www.asimina-cbh.com\/de\/zimmer\/#primaryimage"},"image":{"@id":"https:\/\/www.asimina-cbh.com\/de\/zimmer\/#primaryimage"},"thumbnailUrl":"https:\/\/www.asimina-cbh.com\/app\/uploads\/sites\/31\/2020\/01\/23-ASIMINA-SUITES-HOTEL-SUPERIOR-ONE-BEDROOM-SUITE-SV.jpg","datePublished":"2019-05-16T10:08:40+00:00","dateModified":"2026-03-19T13:21:18+00:00","description":"Im \u0391simina Suites by Constantinou Bros Hotels finden Sie die beste Auswahl an luxuri\u00f6sen Unterk\u00fcnften in Paphos f\u00fcr einen komfortablen und gro\u00dfz\u00fcgigen Aufenthalt.","breadcrumb":{"@id":"https:\/\/www.asimina-cbh.com\/de\/zimmer\/#breadcrumb"},"inLanguage":"de","potentialAction":[{"@type":"ReadAction","target":["https:\/\/www.asimina-cbh.com\/de\/zimmer\/"]}]},{"@type":"ImageObject","inLanguage":"de","@id":"https:\/\/www.asimina-cbh.com\/de\/zimmer\/#primaryimage","url":"https:\/\/www.asimina-cbh.com\/app\/uploads\/sites\/31\/2020\/01\/23-ASIMINA-SUITES-HOTEL-SUPERIOR-ONE-BEDROOM-SUITE-SV.jpg","contentUrl":"https:\/\/www.asimina-cbh.com\/app\/uploads\/sites\/31\/2020\/01\/23-ASIMINA-SUITES-HOTEL-SUPERIOR-ONE-BEDROOM-SUITE-SV.jpg","width":1920,"height":1278},{"@type":"BreadcrumbList","@id":"https:\/\/www.asimina-cbh.com\/de\/zimmer\/#breadcrumb","itemListElement":[{"@type":"ListItem","position":1,"name":"Home","item":"https:\/\/www.asimina-cbh.com\/de\/"},{"@type":"ListItem","position":2,"name":"Suiten"}]},{"@type":"WebSite","@id":"https:\/\/www.asimina-cbh.com\/de\/#website","url":"https:\/\/www.asimina-cbh.com\/de\/","name":"Asimina Suites Hotel","description":"Constantinou Bros Asimina Suites Hotel, 4 star hotel in Paphos Cyprus","potentialAction":[{"@type":"SearchAction","target":{"@type":"EntryPoint","urlTemplate":"https:\/\/www.asimina-cbh.com\/de\/?s={search_term_string}"},"query-input":{"@type":"PropertyValueSpecification","valueRequired":true,"valueName":"search_term_string"}}],"inLanguage":"de"}]}},"_links":{"self":[{"href":"https:\/\/www.asimina-cbh.com\/de\/wp-json\/wp\/v2\/pages\/2177","targetHints":{"allow":["GET"]}}],"collection":[{"href":"https:\/\/www.asimina-cbh.com\/de\/wp-json\/wp\/v2\/pages"}],"about":[{"href":"https:\/\/www.asimina-cbh.com\/de\/wp-json\/wp\/v2\/types\/page"}],"author":[{"embeddable":true,"href":"https:\/\/www.asimina-cbh.com\/de\/wp-json\/wp\/v2\/users\/1"}],"replies":[{"embeddable":true,"href":"https:\/\/www.asimina-cbh.com\/de\/wp-json\/wp\/v2\/comments?post=2177"}],"version-history":[{"count":7,"href":"https:\/\/www.asimina-cbh.com\/de\/wp-json\/wp\/v2\/pages\/2177\/revisions"}],"predecessor-version":[{"id":16282,"href":"https:\/\/www.asimina-cbh.com\/de\/wp-json\/wp\/v2\/pages\/2177\/revisions\/16282"}],"wp:featuredmedia":[{"embeddable":true,"href":"https:\/\/www.asimina-cbh.com\/de\/wp-json\/wp\/v2\/media\/2698"}],"wp:attachment":[{"href":"https:\/\/www.asimina-cbh.com\/de\/wp-json\/wp\/v2\/media?parent=2177"}],"curies":[{"name":"wp","href":"https:\/\/api.w.org\/{rel}","templated":true}]}}