{"id":2224,"date":"2019-05-16T13:08:41","date_gmt":"2019-05-16T10:08:41","guid":{"rendered":"http:\/\/asimina-cbh.cms4.nelios.com\/elixir-spa\/"},"modified":"2024-09-17T12:54:57","modified_gmt":"2024-09-17T09:54:57","slug":"elixier-spa","status":"publish","type":"page","link":"https:\/\/www.asimina-cbh.com\/de\/elixier-spa\/","title":{"rendered":"Elixier Spa"},"content":{"rendered":"<h1 class=\"welcome-title big-size font-regular mt-5\">Elixir Spa im Asimina Suites, luxuri\u00f6ses Spa-Hotel in Paphos<\/h1>\n<p>&nbsp;<\/p>\n<p style=\"text-align: center;\"><img loading=\"lazy\" decoding=\"async\" class=\"aligncenter wp-image-2623\" src=\"https:\/\/www.asimina-cbh.com\/app\/uploads\/sites\/31\/2019\/12\/elixir-spa-600x300-1.jpg\" alt=\"\" width=\"250\" height=\"125\" \/><\/p>\n<p style=\"text-align: left;\">Erleben Sie Momente der Mu\u00dfe und Entspannung am Meer oder tauchen Sie ein in die ruhige Umgebung des voll ausgestatteten Elixir Spa.<\/p>\n<p style=\"text-align: left;\">Ein Gef\u00fchl von Ausgeglichenheit und Ruhe, Entspannung und Inspiration &#8211; all das finden Sie im Elixir Spa.<br \/>\nIn der exquisiten Umgebung unserer Hotels haben unsere G\u00e4ste die M\u00f6glichkeit, aus einem umfangreichen Angebot an Spa-Favoriten zu w\u00e4hlen.<br \/>\nErleben Sie pure Gl\u00fcckseligkeit und Gelassenheit in einem Refugium, in dem Sie sich entspannen, abschalten, auftanken und verj\u00fcngen k\u00f6nnen.<br \/>\nSie k\u00f6nnen einige unserer Behandlungen in unserem privaten Massagebereich unter freiem Himmel genie\u00dfen, w\u00e4hrend der Blick auf das t\u00fcrkisfarbene Mittelmeer und die duftende Brise, die von den sich am Horizont wiegenden Palmen her\u00fcberweht, Ihre Sinne belebt.<\/p>\n<h4 style=\"text-align: left;\">Einrichtungen &amp; Annehmlichkeiten<\/h4>\n<ul style=\"text-align: left;\">\n<li>Entspannende und therapeutische Massagen<\/li>\n<li>Aromatherapie<\/li>\n<li>Sport-Massagen<\/li>\n<li>Elixir Spa Signatur-Behandlungen<\/li>\n<li>Dampfbad (Frei nach Verf\u00fcgbarkeit)<\/li>\n<li>Sauna (kostenlos &#8211; je nach Verf\u00fcgbarkeit)<\/li>\n<li>Sauna f\u00fcr Nudisten (Frei nach Verf\u00fcgbarkeit)<\/li>\n<li>Entspannungsbereich<\/li>\n<li>Pakete f\u00fcr Paare<\/li>\n<li>Flitterwochen Pakete<\/li>\n<li>Spa-Pakete<\/li>\n<li>Unisex Friseursalon<\/li>\n<li>Fitnesscenter (143 m\u00b2) mit Cardio- und Krafttrainingsger\u00e4ten.<\/li>\n<li>Wellness Aktivit\u00e4ten<\/li>\n<\/ul>\n<p style=\"text-align: left;\">\n","protected":false},"excerpt":{"rendered":"<p>Elixir Spa im Asimina Suites, luxuri\u00f6ses Spa-Hotel in Paphos &nbsp; Erleben Sie Momente der Mu\u00dfe und Entspannung am Meer oder tauchen Sie ein in die ruhige Umgebung des voll ausgestatteten Elixir Spa. Ein Gef\u00fchl von Ausgeglichenheit und Ruhe, Entspannung und Inspiration &#8211; all das finden Sie im Elixir Spa. In der exquisiten Umgebung unserer Hotels<\/p>\n","protected":false},"author":1,"featured_media":1982,"parent":0,"menu_order":0,"comment_status":"closed","ping_status":"closed","template":"","meta":{"_acf_changed":false,"footnotes":""},"class_list":["post-2224","page","type-page","status-publish","has-post-thumbnail","hentry"],"acf":[],"yoast_head":"<!-- This site is optimized with the Yoast SEO plugin v27.5 - https:\/\/yoast.com\/product\/yoast-seo-wordpress\/ -->\n<title>Wiederbelebendes Luxus-Spa-Hotel in Paphos || Asimina Suites Hotel<\/title>\n<meta name=\"description\" content=\"Lassen Sie all Ihre Sorgen los, begeben Sie sich in die heilenden H\u00e4nde unserer Therapeuten und erleben Sie entspannende und revitalisierende Sitzungen in unserem luxuri\u00f6sen Spa-Hotel in Paphos.\" \/>\n<meta name=\"robots\" content=\"index, follow, max-snippet:-1, max-image-preview:large, max-video-preview:-1\" \/>\n<link rel=\"canonical\" href=\"https:\/\/www.asimina-cbh.com\/de\/elixier-spa\/\" \/>\n<meta property=\"og:locale\" content=\"de_DE\" \/>\n<meta property=\"og:type\" content=\"article\" \/>\n<meta property=\"og:title\" content=\"Wiederbelebendes Luxus-Spa-Hotel in Paphos || Asimina Suites Hotel\" \/>\n<meta property=\"og:description\" content=\"Lassen Sie all Ihre Sorgen los, begeben Sie sich in die heilenden H\u00e4nde unserer Therapeuten und erleben Sie entspannende und revitalisierende Sitzungen in unserem luxuri\u00f6sen Spa-Hotel in Paphos.\" \/>\n<meta property=\"og:url\" content=\"https:\/\/www.asimina-cbh.com\/de\/elixier-spa\/\" \/>\n<meta property=\"og:site_name\" content=\"Asimina Suites Hotel\" \/>\n<meta property=\"article:modified_time\" content=\"2024-09-17T09:54:57+00:00\" \/>\n<meta property=\"og:image\" content=\"https:\/\/www.asimina-cbh.com\/app\/uploads\/sites\/31\/2019\/05\/32-asimina-suites-hotel-spa_resized.jpg\" \/>\n\t<meta property=\"og:image:width\" content=\"1920\" \/>\n\t<meta property=\"og:image:height\" content=\"1277\" \/>\n\t<meta property=\"og:image:type\" content=\"image\/jpeg\" \/>\n<meta name=\"twitter:card\" content=\"summary_large_image\" \/>\n<meta name=\"twitter:label1\" content=\"Gesch\u00e4tzte Lesezeit\" \/>\n\t<meta name=\"twitter:data1\" content=\"2\u00a0Minuten\" \/>\n<script type=\"application\/ld+json\" class=\"yoast-schema-graph\">{\"@context\":\"https:\\\/\\\/schema.org\",\"@graph\":[{\"@type\":\"WebPage\",\"@id\":\"https:\\\/\\\/www.asimina-cbh.com\\\/de\\\/elixier-spa\\\/\",\"url\":\"https:\\\/\\\/www.asimina-cbh.com\\\/de\\\/elixier-spa\\\/\",\"name\":\"Wiederbelebendes Luxus-Spa-Hotel in Paphos || Asimina Suites Hotel\",\"isPartOf\":{\"@id\":\"https:\\\/\\\/www.asimina-cbh.com\\\/de\\\/#website\"},\"primaryImageOfPage\":{\"@id\":\"https:\\\/\\\/www.asimina-cbh.com\\\/de\\\/elixier-spa\\\/#primaryimage\"},\"image\":{\"@id\":\"https:\\\/\\\/www.asimina-cbh.com\\\/de\\\/elixier-spa\\\/#primaryimage\"},\"thumbnailUrl\":\"https:\\\/\\\/www.asimina-cbh.com\\\/app\\\/uploads\\\/sites\\\/31\\\/2019\\\/05\\\/32-asimina-suites-hotel-spa_resized.jpg\",\"datePublished\":\"2019-05-16T10:08:41+00:00\",\"dateModified\":\"2024-09-17T09:54:57+00:00\",\"description\":\"Lassen Sie all Ihre Sorgen los, begeben Sie sich in die heilenden H\u00e4nde unserer Therapeuten und erleben Sie entspannende und revitalisierende Sitzungen in unserem luxuri\u00f6sen Spa-Hotel in Paphos.\",\"breadcrumb\":{\"@id\":\"https:\\\/\\\/www.asimina-cbh.com\\\/de\\\/elixier-spa\\\/#breadcrumb\"},\"inLanguage\":\"de\",\"potentialAction\":[{\"@type\":\"ReadAction\",\"target\":[\"https:\\\/\\\/www.asimina-cbh.com\\\/de\\\/elixier-spa\\\/\"]}]},{\"@type\":\"ImageObject\",\"inLanguage\":\"de\",\"@id\":\"https:\\\/\\\/www.asimina-cbh.com\\\/de\\\/elixier-spa\\\/#primaryimage\",\"url\":\"https:\\\/\\\/www.asimina-cbh.com\\\/app\\\/uploads\\\/sites\\\/31\\\/2019\\\/05\\\/32-asimina-suites-hotel-spa_resized.jpg\",\"contentUrl\":\"https:\\\/\\\/www.asimina-cbh.com\\\/app\\\/uploads\\\/sites\\\/31\\\/2019\\\/05\\\/32-asimina-suites-hotel-spa_resized.jpg\",\"width\":1920,\"height\":1277},{\"@type\":\"BreadcrumbList\",\"@id\":\"https:\\\/\\\/www.asimina-cbh.com\\\/de\\\/elixier-spa\\\/#breadcrumb\",\"itemListElement\":[{\"@type\":\"ListItem\",\"position\":1,\"name\":\"Home\",\"item\":\"https:\\\/\\\/www.asimina-cbh.com\\\/de\\\/\"},{\"@type\":\"ListItem\",\"position\":2,\"name\":\"Elixier Spa\"}]},{\"@type\":\"WebSite\",\"@id\":\"https:\\\/\\\/www.asimina-cbh.com\\\/de\\\/#website\",\"url\":\"https:\\\/\\\/www.asimina-cbh.com\\\/de\\\/\",\"name\":\"Asimina Suites Hotel\",\"description\":\"Constantinou Bros Asimina Suites Hotel, 4 star hotel in Paphos Cyprus\",\"potentialAction\":[{\"@type\":\"SearchAction\",\"target\":{\"@type\":\"EntryPoint\",\"urlTemplate\":\"https:\\\/\\\/www.asimina-cbh.com\\\/de\\\/?s={search_term_string}\"},\"query-input\":{\"@type\":\"PropertyValueSpecification\",\"valueRequired\":true,\"valueName\":\"search_term_string\"}}],\"inLanguage\":\"de\"}]}<\/script>\n<!-- \/ Yoast SEO plugin. -->","yoast_head_json":{"title":"Wiederbelebendes Luxus-Spa-Hotel in Paphos || Asimina Suites Hotel","description":"Lassen Sie all Ihre Sorgen los, begeben Sie sich in die heilenden H\u00e4nde unserer Therapeuten und erleben Sie entspannende und revitalisierende Sitzungen in unserem luxuri\u00f6sen Spa-Hotel in Paphos.","robots":{"index":"index","follow":"follow","max-snippet":"max-snippet:-1","max-image-preview":"max-image-preview:large","max-video-preview":"max-video-preview:-1"},"canonical":"https:\/\/www.asimina-cbh.com\/de\/elixier-spa\/","og_locale":"de_DE","og_type":"article","og_title":"Wiederbelebendes Luxus-Spa-Hotel in Paphos || Asimina Suites Hotel","og_description":"Lassen Sie all Ihre Sorgen los, begeben Sie sich in die heilenden H\u00e4nde unserer Therapeuten und erleben Sie entspannende und revitalisierende Sitzungen in unserem luxuri\u00f6sen Spa-Hotel in Paphos.","og_url":"https:\/\/www.asimina-cbh.com\/de\/elixier-spa\/","og_site_name":"Asimina Suites Hotel","article_modified_time":"2024-09-17T09:54:57+00:00","og_image":[{"width":1920,"height":1277,"url":"https:\/\/www.asimina-cbh.com\/app\/uploads\/sites\/31\/2019\/05\/32-asimina-suites-hotel-spa_resized.jpg","type":"image\/jpeg"}],"twitter_card":"summary_large_image","twitter_misc":{"Gesch\u00e4tzte Lesezeit":"2\u00a0Minuten"},"schema":{"@context":"https:\/\/schema.org","@graph":[{"@type":"WebPage","@id":"https:\/\/www.asimina-cbh.com\/de\/elixier-spa\/","url":"https:\/\/www.asimina-cbh.com\/de\/elixier-spa\/","name":"Wiederbelebendes Luxus-Spa-Hotel in Paphos || Asimina Suites Hotel","isPartOf":{"@id":"https:\/\/www.asimina-cbh.com\/de\/#website"},"primaryImageOfPage":{"@id":"https:\/\/www.asimina-cbh.com\/de\/elixier-spa\/#primaryimage"},"image":{"@id":"https:\/\/www.asimina-cbh.com\/de\/elixier-spa\/#primaryimage"},"thumbnailUrl":"https:\/\/www.asimina-cbh.com\/app\/uploads\/sites\/31\/2019\/05\/32-asimina-suites-hotel-spa_resized.jpg","datePublished":"2019-05-16T10:08:41+00:00","dateModified":"2024-09-17T09:54:57+00:00","description":"Lassen Sie all Ihre Sorgen los, begeben Sie sich in die heilenden H\u00e4nde unserer Therapeuten und erleben Sie entspannende und revitalisierende Sitzungen in unserem luxuri\u00f6sen Spa-Hotel in Paphos.","breadcrumb":{"@id":"https:\/\/www.asimina-cbh.com\/de\/elixier-spa\/#breadcrumb"},"inLanguage":"de","potentialAction":[{"@type":"ReadAction","target":["https:\/\/www.asimina-cbh.com\/de\/elixier-spa\/"]}]},{"@type":"ImageObject","inLanguage":"de","@id":"https:\/\/www.asimina-cbh.com\/de\/elixier-spa\/#primaryimage","url":"https:\/\/www.asimina-cbh.com\/app\/uploads\/sites\/31\/2019\/05\/32-asimina-suites-hotel-spa_resized.jpg","contentUrl":"https:\/\/www.asimina-cbh.com\/app\/uploads\/sites\/31\/2019\/05\/32-asimina-suites-hotel-spa_resized.jpg","width":1920,"height":1277},{"@type":"BreadcrumbList","@id":"https:\/\/www.asimina-cbh.com\/de\/elixier-spa\/#breadcrumb","itemListElement":[{"@type":"ListItem","position":1,"name":"Home","item":"https:\/\/www.asimina-cbh.com\/de\/"},{"@type":"ListItem","position":2,"name":"Elixier Spa"}]},{"@type":"WebSite","@id":"https:\/\/www.asimina-cbh.com\/de\/#website","url":"https:\/\/www.asimina-cbh.com\/de\/","name":"Asimina Suites Hotel","description":"Constantinou Bros Asimina Suites Hotel, 4 star hotel in Paphos Cyprus","potentialAction":[{"@type":"SearchAction","target":{"@type":"EntryPoint","urlTemplate":"https:\/\/www.asimina-cbh.com\/de\/?s={search_term_string}"},"query-input":{"@type":"PropertyValueSpecification","valueRequired":true,"valueName":"search_term_string"}}],"inLanguage":"de"}]}},"_links":{"self":[{"href":"https:\/\/www.asimina-cbh.com\/de\/wp-json\/wp\/v2\/pages\/2224","targetHints":{"allow":["GET"]}}],"collection":[{"href":"https:\/\/www.asimina-cbh.com\/de\/wp-json\/wp\/v2\/pages"}],"about":[{"href":"https:\/\/www.asimina-cbh.com\/de\/wp-json\/wp\/v2\/types\/page"}],"author":[{"embeddable":true,"href":"https:\/\/www.asimina-cbh.com\/de\/wp-json\/wp\/v2\/users\/1"}],"replies":[{"embeddable":true,"href":"https:\/\/www.asimina-cbh.com\/de\/wp-json\/wp\/v2\/comments?post=2224"}],"version-history":[{"count":10,"href":"https:\/\/www.asimina-cbh.com\/de\/wp-json\/wp\/v2\/pages\/2224\/revisions"}],"predecessor-version":[{"id":14544,"href":"https:\/\/www.asimina-cbh.com\/de\/wp-json\/wp\/v2\/pages\/2224\/revisions\/14544"}],"wp:featuredmedia":[{"embeddable":true,"href":"https:\/\/www.asimina-cbh.com\/de\/wp-json\/wp\/v2\/media\/1982"}],"wp:attachment":[{"href":"https:\/\/www.asimina-cbh.com\/de\/wp-json\/wp\/v2\/media?parent=2224"}],"curies":[{"name":"wp","href":"https:\/\/api.w.org\/{rel}","templated":true}]}}