{"id":2249,"date":"2019-05-16T13:08:40","date_gmt":"2019-05-16T10:08:40","guid":{"rendered":"http:\/\/asimina-cbh.cms4.nelios.com\/home\/"},"modified":"2025-03-10T17:21:59","modified_gmt":"2025-03-10T14:21:59","slug":"zuhause","status":"publish","type":"page","link":"https:\/\/www.asimina-cbh.com\/de\/","title":{"rendered":"Luxus auf Meeresh\u00f6he"},"content":{"rendered":"<p>Wo die Zeit vergessen wird &#8230;<br \/>\nDas Constantinou Bros Asimina Suites Hotel ist ein luxuri\u00f6ses, auf Erwachsene ausgerichtetes 5-Sterne-Hotel mit eigenem, wundersch\u00f6nem Sandstrand und 2 S\u00fc\u00dfwasser-Au\u00dfenpools (die miteinander verbunden sind).<br \/>\nEinige der Suiten haben private Pools mit Holzdecks, w\u00e4hrend alle Suiten \u00fcber gro\u00dfe Balkone verf\u00fcgen.<\/p>\n<p style=\"text-align: center;\"><a href=\"https:\/\/www.asimina-cbh.com\/the-hotel\/\">Mehr lesen<\/a><\/p>\n","protected":false},"excerpt":{"rendered":"<p>Wo die Zeit vergessen wird &#8230; Das Constantinou Bros Asimina Suites Hotel ist ein luxuri\u00f6ses, auf Erwachsene ausgerichtetes 5-Sterne-Hotel mit eigenem, wundersch\u00f6nem Sandstrand und 2 S\u00fc\u00dfwasser-Au\u00dfenpools (die miteinander verbunden sind). Einige der Suiten haben private Pools mit Holzdecks, w\u00e4hrend alle Suiten \u00fcber gro\u00dfe Balkone verf\u00fcgen. Mehr lesen<\/p>\n","protected":false},"author":1,"featured_media":1716,"parent":0,"menu_order":0,"comment_status":"closed","ping_status":"closed","template":"","meta":{"_acf_changed":false,"footnotes":""},"class_list":["post-2249","page","type-page","status-publish","has-post-thumbnail","hentry"],"acf":[],"yoast_head":"<!-- This site is optimized with the Yoast SEO plugin v27.4 - https:\/\/yoast.com\/product\/yoast-seo-wordpress\/ -->\n<title>5-Sterne-Hotel in Strandn\u00e4he in Paphos, Zypern || Asimina Suites Hotel<\/title>\n<meta name=\"description\" content=\"Das Asimina Suites by Constantinou Bros Hotels ist ein atemberaubendes 5-Sterne-Hotel in Paphos, Zypern, das Sie nicht so schnell vergessen werden - ein Paradies am Strand nur f\u00fcr Erwachsene.\" \/>\n<meta name=\"robots\" content=\"index, follow, max-snippet:-1, max-image-preview:large, max-video-preview:-1\" \/>\n<link rel=\"canonical\" href=\"https:\/\/www.asimina-cbh.com\/de\/\" \/>\n<meta property=\"og:locale\" content=\"de_DE\" \/>\n<meta property=\"og:type\" content=\"article\" \/>\n<meta property=\"og:title\" content=\"5-Sterne-Hotel in Strandn\u00e4he in Paphos, Zypern || Asimina Suites Hotel\" \/>\n<meta property=\"og:description\" content=\"Das Asimina Suites by Constantinou Bros Hotels ist ein atemberaubendes 5-Sterne-Hotel in Paphos, Zypern, das Sie nicht so schnell vergessen werden - ein Paradies am Strand nur f\u00fcr Erwachsene.\" \/>\n<meta property=\"og:url\" content=\"https:\/\/www.asimina-cbh.com\/de\/\" \/>\n<meta property=\"og:site_name\" content=\"Asimina Suites Hotel\" \/>\n<meta property=\"article:modified_time\" content=\"2025-03-10T14:21:59+00:00\" \/>\n<meta property=\"og:image\" content=\"https:\/\/www.asimina-cbh.com\/app\/uploads\/sites\/31\/2019\/05\/7-athena-beach-hotel-outdoor-pool_resized.jpg\" \/>\n\t<meta property=\"og:image:width\" content=\"1920\" \/>\n\t<meta property=\"og:image:height\" content=\"1279\" \/>\n\t<meta property=\"og:image:type\" content=\"image\/jpeg\" \/>\n<meta name=\"twitter:card\" content=\"summary_large_image\" \/>\n<meta name=\"twitter:label1\" content=\"Gesch\u00e4tzte Lesezeit\" \/>\n\t<meta name=\"twitter:data1\" content=\"1\u00a0Minute\" \/>\n<script type=\"application\/ld+json\" class=\"yoast-schema-graph\">{\"@context\":\"https:\\\/\\\/schema.org\",\"@graph\":[{\"@type\":\"WebPage\",\"@id\":\"https:\\\/\\\/www.asimina-cbh.com\\\/de\\\/\",\"url\":\"https:\\\/\\\/www.asimina-cbh.com\\\/de\\\/\",\"name\":\"5-Sterne-Hotel in Strandn\u00e4he in Paphos, Zypern || Asimina Suites Hotel\",\"isPartOf\":{\"@id\":\"https:\\\/\\\/www.asimina-cbh.com\\\/de\\\/#website\"},\"primaryImageOfPage\":{\"@id\":\"https:\\\/\\\/www.asimina-cbh.com\\\/de\\\/#primaryimage\"},\"image\":{\"@id\":\"https:\\\/\\\/www.asimina-cbh.com\\\/de\\\/#primaryimage\"},\"thumbnailUrl\":\"https:\\\/\\\/www.asimina-cbh.com\\\/app\\\/uploads\\\/sites\\\/31\\\/2019\\\/05\\\/7-athena-beach-hotel-outdoor-pool_resized.jpg\",\"datePublished\":\"2019-05-16T10:08:40+00:00\",\"dateModified\":\"2025-03-10T14:21:59+00:00\",\"description\":\"Das Asimina Suites by Constantinou Bros Hotels ist ein atemberaubendes 5-Sterne-Hotel in Paphos, Zypern, das Sie nicht so schnell vergessen werden - ein Paradies am Strand nur f\u00fcr Erwachsene.\",\"breadcrumb\":{\"@id\":\"https:\\\/\\\/www.asimina-cbh.com\\\/de\\\/#breadcrumb\"},\"inLanguage\":\"de\",\"potentialAction\":[{\"@type\":\"ReadAction\",\"target\":[\"https:\\\/\\\/www.asimina-cbh.com\\\/de\\\/\"]}]},{\"@type\":\"ImageObject\",\"inLanguage\":\"de\",\"@id\":\"https:\\\/\\\/www.asimina-cbh.com\\\/de\\\/#primaryimage\",\"url\":\"https:\\\/\\\/www.asimina-cbh.com\\\/app\\\/uploads\\\/sites\\\/31\\\/2019\\\/05\\\/7-athena-beach-hotel-outdoor-pool_resized.jpg\",\"contentUrl\":\"https:\\\/\\\/www.asimina-cbh.com\\\/app\\\/uploads\\\/sites\\\/31\\\/2019\\\/05\\\/7-athena-beach-hotel-outdoor-pool_resized.jpg\",\"width\":1920,\"height\":1279},{\"@type\":\"BreadcrumbList\",\"@id\":\"https:\\\/\\\/www.asimina-cbh.com\\\/de\\\/#breadcrumb\",\"itemListElement\":[{\"@type\":\"ListItem\",\"position\":1,\"name\":\"Home\",\"item\":\"https:\\\/\\\/www.asimina-cbh.com\\\/de\\\/\"},{\"@type\":\"ListItem\",\"position\":2,\"name\":\"Luxus auf Meeresh\u00f6he\"}]},{\"@type\":\"WebSite\",\"@id\":\"https:\\\/\\\/www.asimina-cbh.com\\\/de\\\/#website\",\"url\":\"https:\\\/\\\/www.asimina-cbh.com\\\/de\\\/\",\"name\":\"Asimina Suites Hotel\",\"description\":\"Constantinou Bros Asimina Suites Hotel, 4 star hotel in Paphos Cyprus\",\"potentialAction\":[{\"@type\":\"SearchAction\",\"target\":{\"@type\":\"EntryPoint\",\"urlTemplate\":\"https:\\\/\\\/www.asimina-cbh.com\\\/de\\\/?s={search_term_string}\"},\"query-input\":{\"@type\":\"PropertyValueSpecification\",\"valueRequired\":true,\"valueName\":\"search_term_string\"}}],\"inLanguage\":\"de\"}]}<\/script>\n<!-- \/ Yoast SEO plugin. -->","yoast_head_json":{"title":"5-Sterne-Hotel in Strandn\u00e4he in Paphos, Zypern || Asimina Suites Hotel","description":"Das Asimina Suites by Constantinou Bros Hotels ist ein atemberaubendes 5-Sterne-Hotel in Paphos, Zypern, das Sie nicht so schnell vergessen werden - ein Paradies am Strand nur f\u00fcr Erwachsene.","robots":{"index":"index","follow":"follow","max-snippet":"max-snippet:-1","max-image-preview":"max-image-preview:large","max-video-preview":"max-video-preview:-1"},"canonical":"https:\/\/www.asimina-cbh.com\/de\/","og_locale":"de_DE","og_type":"article","og_title":"5-Sterne-Hotel in Strandn\u00e4he in Paphos, Zypern || Asimina Suites Hotel","og_description":"Das Asimina Suites by Constantinou Bros Hotels ist ein atemberaubendes 5-Sterne-Hotel in Paphos, Zypern, das Sie nicht so schnell vergessen werden - ein Paradies am Strand nur f\u00fcr Erwachsene.","og_url":"https:\/\/www.asimina-cbh.com\/de\/","og_site_name":"Asimina Suites Hotel","article_modified_time":"2025-03-10T14:21:59+00:00","og_image":[{"width":1920,"height":1279,"url":"https:\/\/www.asimina-cbh.com\/app\/uploads\/sites\/31\/2019\/05\/7-athena-beach-hotel-outdoor-pool_resized.jpg","type":"image\/jpeg"}],"twitter_card":"summary_large_image","twitter_misc":{"Gesch\u00e4tzte Lesezeit":"1\u00a0Minute"},"schema":{"@context":"https:\/\/schema.org","@graph":[{"@type":"WebPage","@id":"https:\/\/www.asimina-cbh.com\/de\/","url":"https:\/\/www.asimina-cbh.com\/de\/","name":"5-Sterne-Hotel in Strandn\u00e4he in Paphos, Zypern || Asimina Suites Hotel","isPartOf":{"@id":"https:\/\/www.asimina-cbh.com\/de\/#website"},"primaryImageOfPage":{"@id":"https:\/\/www.asimina-cbh.com\/de\/#primaryimage"},"image":{"@id":"https:\/\/www.asimina-cbh.com\/de\/#primaryimage"},"thumbnailUrl":"https:\/\/www.asimina-cbh.com\/app\/uploads\/sites\/31\/2019\/05\/7-athena-beach-hotel-outdoor-pool_resized.jpg","datePublished":"2019-05-16T10:08:40+00:00","dateModified":"2025-03-10T14:21:59+00:00","description":"Das Asimina Suites by Constantinou Bros Hotels ist ein atemberaubendes 5-Sterne-Hotel in Paphos, Zypern, das Sie nicht so schnell vergessen werden - ein Paradies am Strand nur f\u00fcr Erwachsene.","breadcrumb":{"@id":"https:\/\/www.asimina-cbh.com\/de\/#breadcrumb"},"inLanguage":"de","potentialAction":[{"@type":"ReadAction","target":["https:\/\/www.asimina-cbh.com\/de\/"]}]},{"@type":"ImageObject","inLanguage":"de","@id":"https:\/\/www.asimina-cbh.com\/de\/#primaryimage","url":"https:\/\/www.asimina-cbh.com\/app\/uploads\/sites\/31\/2019\/05\/7-athena-beach-hotel-outdoor-pool_resized.jpg","contentUrl":"https:\/\/www.asimina-cbh.com\/app\/uploads\/sites\/31\/2019\/05\/7-athena-beach-hotel-outdoor-pool_resized.jpg","width":1920,"height":1279},{"@type":"BreadcrumbList","@id":"https:\/\/www.asimina-cbh.com\/de\/#breadcrumb","itemListElement":[{"@type":"ListItem","position":1,"name":"Home","item":"https:\/\/www.asimina-cbh.com\/de\/"},{"@type":"ListItem","position":2,"name":"Luxus auf Meeresh\u00f6he"}]},{"@type":"WebSite","@id":"https:\/\/www.asimina-cbh.com\/de\/#website","url":"https:\/\/www.asimina-cbh.com\/de\/","name":"Asimina Suites Hotel","description":"Constantinou Bros Asimina Suites Hotel, 4 star hotel in Paphos Cyprus","potentialAction":[{"@type":"SearchAction","target":{"@type":"EntryPoint","urlTemplate":"https:\/\/www.asimina-cbh.com\/de\/?s={search_term_string}"},"query-input":{"@type":"PropertyValueSpecification","valueRequired":true,"valueName":"search_term_string"}}],"inLanguage":"de"}]}},"_links":{"self":[{"href":"https:\/\/www.asimina-cbh.com\/de\/wp-json\/wp\/v2\/pages\/2249","targetHints":{"allow":["GET"]}}],"collection":[{"href":"https:\/\/www.asimina-cbh.com\/de\/wp-json\/wp\/v2\/pages"}],"about":[{"href":"https:\/\/www.asimina-cbh.com\/de\/wp-json\/wp\/v2\/types\/page"}],"author":[{"embeddable":true,"href":"https:\/\/www.asimina-cbh.com\/de\/wp-json\/wp\/v2\/users\/1"}],"replies":[{"embeddable":true,"href":"https:\/\/www.asimina-cbh.com\/de\/wp-json\/wp\/v2\/comments?post=2249"}],"version-history":[{"count":12,"href":"https:\/\/www.asimina-cbh.com\/de\/wp-json\/wp\/v2\/pages\/2249\/revisions"}],"predecessor-version":[{"id":14811,"href":"https:\/\/www.asimina-cbh.com\/de\/wp-json\/wp\/v2\/pages\/2249\/revisions\/14811"}],"wp:featuredmedia":[{"embeddable":true,"href":"https:\/\/www.asimina-cbh.com\/de\/wp-json\/wp\/v2\/media\/1716"}],"wp:attachment":[{"href":"https:\/\/www.asimina-cbh.com\/de\/wp-json\/wp\/v2\/media?parent=2249"}],"curies":[{"name":"wp","href":"https:\/\/api.w.org\/{rel}","templated":true}]}}