{"id":2287,"date":"2019-04-17T15:23:14","date_gmt":"2019-04-17T12:23:14","guid":{"rendered":"http:\/\/asimina-cbh.cms4.nelios.com\/dining\/half-full-board-deluxe-package\/"},"modified":"2026-04-06T15:24:41","modified_gmt":"2026-04-06T12:24:41","slug":"dining-options","status":"publish","type":"page","link":"https:\/\/www.asimina-cbh.com\/de\/essen\/dining-options\/","title":{"rendered":"Optionen zum Essen"},"content":{"rendered":"<h4>Halbpension \/ Vollpension Optionen<\/h4>\n<ul>\n<li>Ein flexibles Essenspaket ist f\u00fcr mindestens 4 Tage pro Woche erh\u00e4ltlich.<\/li>\n<li>Mittagessen: Sie haben die Wahl zwischen dem Pool Restaurant und dem Kymata Restaurant.<\/li>\n<li>Abendessen: Auswahl zwischen Estia Restaurant, A la Carte Restaurant &amp; Kymata Restaurant (mediterrane A la Carte ohne Aufpreis)<\/li>\n<li>F\u00fcr beide A la Carte Restaurants ist eine Reservierung erforderlich.<\/li>\n<li>Private Abendessen auf Anfrage.<\/li>\n<\/ul>\n<h4>Deluxe-Paket (Ultra All-Inclusive-Option)<\/h4>\n<ul>\n<li>Profitieren Sie von unserem Deluxe-Paket und erleben Sie Authentizit\u00e4t ohne Grenzen in all unseren Bars und Restaurants.<\/li>\n<\/ul>\n<p><a href=\"https:\/\/www.asimina-cbh.com\/app\/uploads\/sites\/31\/2024\/07\/ASIMINA-SUITES-HOTEL-DELUXE-PACKAGE-AI-ENG.pdf\" target=\"_blank\" rel=\"noopener\">Laden Sie unser Deluxe-Paket herunter, um mehr zu erfahren<\/a><\/p>\n<h4>Zimmerservice<\/h4>\n<ul>\n<li>Eine k\u00f6stliche Auswahl an Speisen und Getr\u00e4nken steht auf der Zimmerservicekarte, die 24 Stunden am Tag verf\u00fcgbar ist.<\/li>\n<\/ul>\n","protected":false},"excerpt":{"rendered":"<p>Halbpension \/ Vollpension Optionen Ein flexibles Essenspaket ist f\u00fcr mindestens 4 Tage pro Woche erh\u00e4ltlich. Mittagessen: Sie haben die Wahl zwischen dem Pool Restaurant und dem Kymata Restaurant. Abendessen: Auswahl zwischen Estia Restaurant, A la Carte Restaurant &amp; Kymata Restaurant (mediterrane A la Carte ohne Aufpreis) F\u00fcr beide A la Carte Restaurants ist eine Reservierung<\/p>\n","protected":false},"author":1,"featured_media":3732,"parent":2255,"menu_order":0,"comment_status":"closed","ping_status":"closed","template":"","meta":{"_acf_changed":false,"footnotes":""},"class_list":["post-2287","page","type-page","status-publish","has-post-thumbnail","hentry"],"acf":[],"yoast_head":"<!-- This site is optimized with the Yoast SEO plugin v27.5 - https:\/\/yoast.com\/product\/yoast-seo-wordpress\/ -->\n<title>Asimina Suites Paphos Essensm\u00f6glichkeiten || Asimina Suites Hotel<\/title>\n<meta name=\"description\" content=\"Informieren Sie sich \u00fcber alle drei Verpflegungsoptionen des Asimina Suites Paphos, darunter Halb- und Vollpension, Zimmerservice und das Ultra-All-Inclusive-Paket Deluxe.\" \/>\n<meta name=\"robots\" content=\"index, follow, max-snippet:-1, max-image-preview:large, max-video-preview:-1\" \/>\n<link rel=\"canonical\" href=\"https:\/\/www.asimina-cbh.com\/de\/essen\/dining-options\/\" \/>\n<meta property=\"og:locale\" content=\"de_DE\" \/>\n<meta property=\"og:type\" content=\"article\" \/>\n<meta property=\"og:title\" content=\"Asimina Suites Paphos Essensm\u00f6glichkeiten || Asimina Suites Hotel\" \/>\n<meta property=\"og:description\" content=\"Informieren Sie sich \u00fcber alle drei Verpflegungsoptionen des Asimina Suites Paphos, darunter Halb- und Vollpension, Zimmerservice und das Ultra-All-Inclusive-Paket Deluxe.\" \/>\n<meta property=\"og:url\" content=\"https:\/\/www.asimina-cbh.com\/de\/essen\/dining-options\/\" \/>\n<meta property=\"og:site_name\" content=\"Asimina Suites Hotel\" \/>\n<meta property=\"article:modified_time\" content=\"2026-04-06T12:24:41+00:00\" \/>\n<meta property=\"og:image\" content=\"https:\/\/www.asimina-cbh.com\/app\/uploads\/sites\/31\/2020\/09\/39-ASIMINA-SUITES-HOTEL-KYMATA-DINNER.jpg\" \/>\n\t<meta property=\"og:image:width\" content=\"1200\" \/>\n\t<meta property=\"og:image:height\" content=\"798\" \/>\n\t<meta property=\"og:image:type\" content=\"image\/jpeg\" \/>\n<meta name=\"twitter:card\" content=\"summary_large_image\" \/>\n<meta name=\"twitter:label1\" content=\"Gesch\u00e4tzte Lesezeit\" \/>\n\t<meta name=\"twitter:data1\" content=\"1\u00a0Minute\" \/>\n<script type=\"application\/ld+json\" class=\"yoast-schema-graph\">{\"@context\":\"https:\\\/\\\/schema.org\",\"@graph\":[{\"@type\":\"WebPage\",\"@id\":\"https:\\\/\\\/www.asimina-cbh.com\\\/de\\\/essen\\\/dining-options\\\/\",\"url\":\"https:\\\/\\\/www.asimina-cbh.com\\\/de\\\/essen\\\/dining-options\\\/\",\"name\":\"Asimina Suites Paphos Essensm\u00f6glichkeiten || Asimina Suites Hotel\",\"isPartOf\":{\"@id\":\"https:\\\/\\\/www.asimina-cbh.com\\\/de\\\/#website\"},\"primaryImageOfPage\":{\"@id\":\"https:\\\/\\\/www.asimina-cbh.com\\\/de\\\/essen\\\/dining-options\\\/#primaryimage\"},\"image\":{\"@id\":\"https:\\\/\\\/www.asimina-cbh.com\\\/de\\\/essen\\\/dining-options\\\/#primaryimage\"},\"thumbnailUrl\":\"https:\\\/\\\/www.asimina-cbh.com\\\/app\\\/uploads\\\/sites\\\/31\\\/2020\\\/09\\\/39-ASIMINA-SUITES-HOTEL-KYMATA-DINNER.jpg\",\"datePublished\":\"2019-04-17T12:23:14+00:00\",\"dateModified\":\"2026-04-06T12:24:41+00:00\",\"description\":\"Informieren Sie sich \u00fcber alle drei Verpflegungsoptionen des Asimina Suites Paphos, darunter Halb- und Vollpension, Zimmerservice und das Ultra-All-Inclusive-Paket Deluxe.\",\"breadcrumb\":{\"@id\":\"https:\\\/\\\/www.asimina-cbh.com\\\/de\\\/essen\\\/dining-options\\\/#breadcrumb\"},\"inLanguage\":\"de\",\"potentialAction\":[{\"@type\":\"ReadAction\",\"target\":[\"https:\\\/\\\/www.asimina-cbh.com\\\/de\\\/essen\\\/dining-options\\\/\"]}]},{\"@type\":\"ImageObject\",\"inLanguage\":\"de\",\"@id\":\"https:\\\/\\\/www.asimina-cbh.com\\\/de\\\/essen\\\/dining-options\\\/#primaryimage\",\"url\":\"https:\\\/\\\/www.asimina-cbh.com\\\/app\\\/uploads\\\/sites\\\/31\\\/2020\\\/09\\\/39-ASIMINA-SUITES-HOTEL-KYMATA-DINNER.jpg\",\"contentUrl\":\"https:\\\/\\\/www.asimina-cbh.com\\\/app\\\/uploads\\\/sites\\\/31\\\/2020\\\/09\\\/39-ASIMINA-SUITES-HOTEL-KYMATA-DINNER.jpg\",\"width\":1200,\"height\":798,\"caption\":\"Kymata-Dinner\"},{\"@type\":\"BreadcrumbList\",\"@id\":\"https:\\\/\\\/www.asimina-cbh.com\\\/de\\\/essen\\\/dining-options\\\/#breadcrumb\",\"itemListElement\":[{\"@type\":\"ListItem\",\"position\":1,\"name\":\"Home\",\"item\":\"https:\\\/\\\/www.asimina-cbh.com\\\/de\\\/\"},{\"@type\":\"ListItem\",\"position\":2,\"name\":\"Dining\",\"item\":\"https:\\\/\\\/www.asimina-cbh.com\\\/de\\\/essen\\\/\"},{\"@type\":\"ListItem\",\"position\":3,\"name\":\"Optionen zum Essen\"}]},{\"@type\":\"WebSite\",\"@id\":\"https:\\\/\\\/www.asimina-cbh.com\\\/de\\\/#website\",\"url\":\"https:\\\/\\\/www.asimina-cbh.com\\\/de\\\/\",\"name\":\"Asimina Suites Hotel\",\"description\":\"Constantinou Bros Asimina Suites Hotel, 4 star hotel in Paphos Cyprus\",\"potentialAction\":[{\"@type\":\"SearchAction\",\"target\":{\"@type\":\"EntryPoint\",\"urlTemplate\":\"https:\\\/\\\/www.asimina-cbh.com\\\/de\\\/?s={search_term_string}\"},\"query-input\":{\"@type\":\"PropertyValueSpecification\",\"valueRequired\":true,\"valueName\":\"search_term_string\"}}],\"inLanguage\":\"de\"}]}<\/script>\n<!-- \/ Yoast SEO plugin. -->","yoast_head_json":{"title":"Asimina Suites Paphos Essensm\u00f6glichkeiten || Asimina Suites Hotel","description":"Informieren Sie sich \u00fcber alle drei Verpflegungsoptionen des Asimina Suites Paphos, darunter Halb- und Vollpension, Zimmerservice und das Ultra-All-Inclusive-Paket Deluxe.","robots":{"index":"index","follow":"follow","max-snippet":"max-snippet:-1","max-image-preview":"max-image-preview:large","max-video-preview":"max-video-preview:-1"},"canonical":"https:\/\/www.asimina-cbh.com\/de\/essen\/dining-options\/","og_locale":"de_DE","og_type":"article","og_title":"Asimina Suites Paphos Essensm\u00f6glichkeiten || Asimina Suites Hotel","og_description":"Informieren Sie sich \u00fcber alle drei Verpflegungsoptionen des Asimina Suites Paphos, darunter Halb- und Vollpension, Zimmerservice und das Ultra-All-Inclusive-Paket Deluxe.","og_url":"https:\/\/www.asimina-cbh.com\/de\/essen\/dining-options\/","og_site_name":"Asimina Suites Hotel","article_modified_time":"2026-04-06T12:24:41+00:00","og_image":[{"width":1200,"height":798,"url":"https:\/\/www.asimina-cbh.com\/app\/uploads\/sites\/31\/2020\/09\/39-ASIMINA-SUITES-HOTEL-KYMATA-DINNER.jpg","type":"image\/jpeg"}],"twitter_card":"summary_large_image","twitter_misc":{"Gesch\u00e4tzte Lesezeit":"1\u00a0Minute"},"schema":{"@context":"https:\/\/schema.org","@graph":[{"@type":"WebPage","@id":"https:\/\/www.asimina-cbh.com\/de\/essen\/dining-options\/","url":"https:\/\/www.asimina-cbh.com\/de\/essen\/dining-options\/","name":"Asimina Suites Paphos Essensm\u00f6glichkeiten || Asimina Suites Hotel","isPartOf":{"@id":"https:\/\/www.asimina-cbh.com\/de\/#website"},"primaryImageOfPage":{"@id":"https:\/\/www.asimina-cbh.com\/de\/essen\/dining-options\/#primaryimage"},"image":{"@id":"https:\/\/www.asimina-cbh.com\/de\/essen\/dining-options\/#primaryimage"},"thumbnailUrl":"https:\/\/www.asimina-cbh.com\/app\/uploads\/sites\/31\/2020\/09\/39-ASIMINA-SUITES-HOTEL-KYMATA-DINNER.jpg","datePublished":"2019-04-17T12:23:14+00:00","dateModified":"2026-04-06T12:24:41+00:00","description":"Informieren Sie sich \u00fcber alle drei Verpflegungsoptionen des Asimina Suites Paphos, darunter Halb- und Vollpension, Zimmerservice und das Ultra-All-Inclusive-Paket Deluxe.","breadcrumb":{"@id":"https:\/\/www.asimina-cbh.com\/de\/essen\/dining-options\/#breadcrumb"},"inLanguage":"de","potentialAction":[{"@type":"ReadAction","target":["https:\/\/www.asimina-cbh.com\/de\/essen\/dining-options\/"]}]},{"@type":"ImageObject","inLanguage":"de","@id":"https:\/\/www.asimina-cbh.com\/de\/essen\/dining-options\/#primaryimage","url":"https:\/\/www.asimina-cbh.com\/app\/uploads\/sites\/31\/2020\/09\/39-ASIMINA-SUITES-HOTEL-KYMATA-DINNER.jpg","contentUrl":"https:\/\/www.asimina-cbh.com\/app\/uploads\/sites\/31\/2020\/09\/39-ASIMINA-SUITES-HOTEL-KYMATA-DINNER.jpg","width":1200,"height":798,"caption":"Kymata-Dinner"},{"@type":"BreadcrumbList","@id":"https:\/\/www.asimina-cbh.com\/de\/essen\/dining-options\/#breadcrumb","itemListElement":[{"@type":"ListItem","position":1,"name":"Home","item":"https:\/\/www.asimina-cbh.com\/de\/"},{"@type":"ListItem","position":2,"name":"Dining","item":"https:\/\/www.asimina-cbh.com\/de\/essen\/"},{"@type":"ListItem","position":3,"name":"Optionen zum Essen"}]},{"@type":"WebSite","@id":"https:\/\/www.asimina-cbh.com\/de\/#website","url":"https:\/\/www.asimina-cbh.com\/de\/","name":"Asimina Suites Hotel","description":"Constantinou Bros Asimina Suites Hotel, 4 star hotel in Paphos Cyprus","potentialAction":[{"@type":"SearchAction","target":{"@type":"EntryPoint","urlTemplate":"https:\/\/www.asimina-cbh.com\/de\/?s={search_term_string}"},"query-input":{"@type":"PropertyValueSpecification","valueRequired":true,"valueName":"search_term_string"}}],"inLanguage":"de"}]}},"_links":{"self":[{"href":"https:\/\/www.asimina-cbh.com\/de\/wp-json\/wp\/v2\/pages\/2287","targetHints":{"allow":["GET"]}}],"collection":[{"href":"https:\/\/www.asimina-cbh.com\/de\/wp-json\/wp\/v2\/pages"}],"about":[{"href":"https:\/\/www.asimina-cbh.com\/de\/wp-json\/wp\/v2\/types\/page"}],"author":[{"embeddable":true,"href":"https:\/\/www.asimina-cbh.com\/de\/wp-json\/wp\/v2\/users\/1"}],"replies":[{"embeddable":true,"href":"https:\/\/www.asimina-cbh.com\/de\/wp-json\/wp\/v2\/comments?post=2287"}],"version-history":[{"count":11,"href":"https:\/\/www.asimina-cbh.com\/de\/wp-json\/wp\/v2\/pages\/2287\/revisions"}],"predecessor-version":[{"id":16347,"href":"https:\/\/www.asimina-cbh.com\/de\/wp-json\/wp\/v2\/pages\/2287\/revisions\/16347"}],"up":[{"embeddable":true,"href":"https:\/\/www.asimina-cbh.com\/de\/wp-json\/wp\/v2\/pages\/2255"}],"wp:featuredmedia":[{"embeddable":true,"href":"https:\/\/www.asimina-cbh.com\/de\/wp-json\/wp\/v2\/media\/3732"}],"wp:attachment":[{"href":"https:\/\/www.asimina-cbh.com\/de\/wp-json\/wp\/v2\/media?parent=2287"}],"curies":[{"name":"wp","href":"https:\/\/api.w.org\/{rel}","templated":true}]}}