{"id":2306,"date":"2019-10-30T14:14:11","date_gmt":"2019-10-30T11:14:11","guid":{"rendered":"http:\/\/asimina-cbh.cms4.nelios.com\/user-agreement\/"},"modified":"2024-09-23T18:10:27","modified_gmt":"2024-09-23T15:10:27","slug":"nutzungsvertrag","status":"publish","type":"page","link":"https:\/\/www.asimina-cbh.com\/de\/nutzungsvertrag\/","title":{"rendered":"Benutzervereinbarung"},"content":{"rendered":"<p>Copyright \u00a9 Constantinou Bros Hotels Ltd 2019. Alle Rechte vorbehalten<\/p>\n<h4>Nutzungsbedingungen der Constantinou Bros Hotels-Websites:<\/h4>\n<p><a href=\"https:\/\/www.cbh-cyprus.com\/\">https:\/\/www.cbh-cyprus.com \u2013 CONSTANTINOU BROS HOTELS PUBLIC CO. LTD \u2013 HE 38303 \u2013 THEAS APHRODITES AVENUE 8101, PAPHOS<\/a><br \/>\n<a href=\"https:\/\/www.athena-cbh.com\/\">https:\/\/www.athena-cbh.com \u2013 ATHENA BEACH HOTEL = CONSTANTINOU BROS HOTELS PUBLIC CO. LTD \u2013 HE 38303 \u2013 THEAS APHRODITES AVENUE 8101, PAPHOS<\/a><br \/>\n<a href=\"https:\/\/www.athenaroyal-cbh.com\/\">https:\/\/www.athenaroyal-cbh.com \u2013 ATHENA ROYA BEACH HOTEL = LAYSTER INVESTMENTS PLC \u2013 HE 106396 \u2013 THEAS APHRODITES AVENUE 8101, PAPHOS<\/a><br \/>\n<a href=\"https:\/\/www.pioneer-cbh.com\/\">https:\/\/www.pioneer-cbh.com \u2013 PIONEER BEACH HOTEL = KINGS HEAD DEVELOPMENT PLC \u2013 HE 11041 \u2013 THEAS APHRODITES AVENUE 8101, PAPHOS<\/a><br \/>\n<a href=\"https:\/\/www.asimina-cbh.com\/\">https:\/\/www.asimina-cbh.com \u2013 ASIMINA SUITES HOTEL = PAPHOS STONE C. ESTATES PLC \u2013 HE 10098 \u2013 THEAS APHRODITES AVENUE 8101, PAPHOS<\/a><br \/>\n<a href=\"https:\/\/www.cbh-loyaltyclub.com\/\">https:\/\/www.cbh-loyaltyclub.com \u2013 CONSTANTINOU BROS HOTELS PUBLIC CO.<\/a> <a href=\"https:\/\/www.cbh-loyaltyclub.com\/\">LTD \u2013 HE 38303 \u2013 THEAS APHRODITES AVENUE 8101, PAPHOS<\/a><\/p>\n<p>Die Benutzer haben ausschlie\u00dflich f\u00fcr den pers\u00f6nlichen Gebrauch Zugang zu den Informationen und Materialien auf unseren Websites. Es ist nicht gestattet, Dokumente von Constantinou Bros Hotels und deren Inhalte, einschlie\u00dflich Text und Grafiken, ohne die ausdr\u00fcckliche Genehmigung von Constantinou Bros Hotels zu \u00e4ndern, zu kopieren oder anderweitig zu verbreiten.<\/p>\n<p><b><strong>Haftungsausschluss<\/strong><\/b><\/p>\n<p>Constantinou Bros Hotels bem\u00fcht sich nach Kr\u00e4ften, die Richtigkeit der auf seinen Websites enthaltenen Informationen sicherzustellen. Constantinou Bros Hotels \u00fcbernimmt jedoch keine Garantie, weder ausdr\u00fccklich noch stillschweigend, f\u00fcr deren Genauigkeit, Richtigkeit und Vollst\u00e4ndigkeit. Constantinou Bros Hotels ist nicht verantwortlich f\u00fcr den Inhalt externer Websites, die mit seinen Websites durch Hyperlinks verlinkt sind. Die Erw\u00e4hnung von Produkten oder Dienstleistungen Dritter dient ausschlie\u00dflich zu Informationszwecken und stellt weder eine Billigung noch eine Empfehlung dar.<\/p>\n<p><b><strong>Urheberrecht<\/strong><\/b><\/p>\n<p>Alle auf den Websites von Constantinou Bros Hotels enthaltenen Inhalte wie Texte, Grafiken, Logos, Schaltfl\u00e4chensymbole, Bilder, digitale Downloads, Datenzusammenstellungen und Software sind Eigentum von Constantinou Bros Hotels, seinen Lizenzgebern oder seinen Inhaltsanbietern und sind durch zyprische und internationale Urheberrechtsgesetze gesch\u00fctzt. Die Zusammenstellung aller Inhalte auf diesen Websites ist das ausschlie\u00dfliche Eigentum von Constantinou Bros Hotels und durch zyprische und internationale Urheberrechtsgesetze gesch\u00fctzt. Die gesamte auf diesen Websites verwendete Software ist Eigentum von Constantinou Bros Hotels oder seiner Softwarelieferanten und ist durch zyprische und internationale Urheberrechtsgesetze gesch\u00fctzt.<\/p>\n<p><b><strong>Markenzeichen<\/strong><\/b><\/p>\n<p>Die Markenzeichen und alle anderen Marken, die in Verbindung mit den auf diesen Websites beschriebenen Dienstleistungen und Produkten erscheinen, geh\u00f6ren Constantinou Bros Hotels oder den jeweiligen Eigent\u00fcmern dieser Marken und sind durch zyprische und internationale Markenrechte gesch\u00fctzt. Die Nutzung dieser Marken ohne ausdr\u00fcckliche schriftliche Zustimmung von Constantinou Bros Hotels oder dem Eigent\u00fcmer der Marke ist strengstens untersagt.<\/p>\n<p><b><strong>Mitteilungen<\/strong><\/b><\/p>\n<p>In Bezug auf alle Mitteilungen an Constantinou Bros Hotels, einschlie\u00dflich, aber nicht beschr\u00e4nkt auf Feedback, Fragen, Kommentare und Vorschl\u00e4ge (\u201eMitteilungen\u201c): (a) besteht kein Recht auf Vertraulichkeit in Bezug auf Mitteilungen und Constantinou Bros Hotels ist nicht verpflichtet, Mitteilungen vor Offenlegung zu sch\u00fctzen; (b) steht es Constantinou Bros Hotels frei, Mitteilungen zu vervielf\u00e4ltigen, zu verwenden, offenzulegen und an andere weiterzugeben; und (c) steht es Constantinou Bros Hotels frei, in Mitteilungen enthaltene Ideen, Konzepte, Know-how oder Techniken f\u00fcr beliebige Zwecke zu verwenden, einschlie\u00dflich, aber nicht beschr\u00e4nkt auf die Entwicklung, Produktion und Vermarktung von Produkten und Dienstleistungen, die solche Informationen enthalten.<\/p>\n<p>Bitte verwenden Sie Internet-E-Mail nur, um uns nicht vertrauliche Mitteilungen zu senden. F\u00fcgen Sie keine vertraulichen pers\u00f6nlichen oder privaten Informationen bei. Zu Ihrem Schutz enthalten unsere Antworten keine vertraulichen Informationen. Bitte senden Sie uns keine Transaktionsanweisungen per Internet-E-Mail. Kunden, die Internet-E-Mail-Nachrichten mit vertraulichen, privaten oder pers\u00f6nlichen Informationen an Constantinou Bros Hotels senden, tun dies auf eigenes Risiko.<\/p>\n<p><b><strong>Marketing-Kommunikation \u2013 E-NEWSLETTER<\/strong><\/b><\/p>\n<p>Wir senden Ihnen m\u00f6glicherweise gelegentlich Informationen \u00fcber unsere Produkte und Dienstleistungen, einschlie\u00dflich Neuigkeiten \u00fcber unsere Hotels, oder laden Sie per E-Mail (E-Newsletter) zu Veranstaltungen ein.<br \/>\nSie k\u00f6nnen sich jederzeit daf\u00fcr entscheiden, diesen E-Newsletter nicht mehr zu erhalten, indem Sie uns eine E-Mail an <a href=\"mailto:newsletter@cbh-cyprus.com\">newsletter@cbh-cyprus.com<\/a> mit dem Wort \u201eABMELDEN\u201c in der Betreffzeile senden.<\/p>\n<p><b><strong>Wenn Sie Fragen haben, kontaktieren Sie uns bitte unter:<\/strong><\/b><\/p>\n<p><b><strong>Adresse:<\/strong><\/b><\/p>\n<p>Theas Afroditis Ave. P.O.Box 60182<br \/>\nCY 8101, Paphos, Zypern<br \/>\nTel: 00357 26 965866<br \/>\nFax: 00357 26 964867<br \/>\nE-Mail: <a href=\"mailto:info@cbh-cyprus.com\">info@cbh-cyprus.com<\/a><\/p>\n<p>Diese Nutzungsbedingungen wurden zuletzt am 25. Oktober 2019 ge\u00e4ndert.<\/p>\n<p><b><strong>\u00a9CONSTANTINOU BROS HOTELS LTD 2019<\/strong><\/b><\/p>\n","protected":false},"excerpt":{"rendered":"<p>Copyright \u00a9 Constantinou Bros Hotels Ltd 2019. Alle Rechte vorbehalten Nutzungsbedingungen der Constantinou Bros Hotels-Websites: https:\/\/www.cbh-cyprus.com \u2013 CONSTANTINOU BROS HOTELS PUBLIC CO. LTD \u2013 HE 38303 \u2013 THEAS APHRODITES AVENUE 8101, PAPHOS https:\/\/www.athena-cbh.com \u2013 ATHENA BEACH HOTEL = CONSTANTINOU BROS HOTELS PUBLIC CO. LTD \u2013 HE 38303 \u2013 THEAS APHRODITES AVENUE 8101, PAPHOS https:\/\/www.athenaroyal-cbh.com \u2013<\/p>\n","protected":false},"author":1,"featured_media":2048,"parent":0,"menu_order":0,"comment_status":"closed","ping_status":"closed","template":"","meta":{"_acf_changed":false,"footnotes":""},"class_list":["post-2306","page","type-page","status-publish","has-post-thumbnail","hentry"],"acf":[],"yoast_head":"<!-- This site is optimized with the Yoast SEO plugin v27.5 - https:\/\/yoast.com\/product\/yoast-seo-wordpress\/ -->\n<title>Benutzervereinbarung - Asimina Suites Hotel<\/title>\n<meta name=\"description\" content=\"Hier finden Sie die Nutzungsvereinbarung, die im Asimina Suites Hotel in Paphos by Constantinou Bros. gilt.\" \/>\n<meta name=\"robots\" content=\"index, follow, max-snippet:-1, max-image-preview:large, max-video-preview:-1\" \/>\n<link rel=\"canonical\" href=\"https:\/\/www.asimina-cbh.com\/de\/nutzungsvertrag\/\" \/>\n<meta property=\"og:locale\" content=\"de_DE\" \/>\n<meta property=\"og:type\" content=\"article\" \/>\n<meta property=\"og:title\" content=\"Benutzervereinbarung - Asimina Suites Hotel\" \/>\n<meta property=\"og:description\" content=\"Hier finden Sie die Nutzungsvereinbarung, die im Asimina Suites Hotel in Paphos by Constantinou Bros. gilt.\" \/>\n<meta property=\"og:url\" content=\"https:\/\/www.asimina-cbh.com\/de\/nutzungsvertrag\/\" \/>\n<meta property=\"og:site_name\" content=\"Asimina Suites Hotel\" \/>\n<meta property=\"article:modified_time\" content=\"2024-09-23T15:10:27+00:00\" \/>\n<meta property=\"og:image\" content=\"https:\/\/www.asimina-cbh.com\/app\/uploads\/sites\/31\/2019\/05\/01-asimina-suites-hotel_resized-e1593075740856.jpg\" \/>\n\t<meta property=\"og:image:width\" content=\"1920\" \/>\n\t<meta property=\"og:image:height\" content=\"1277\" \/>\n\t<meta property=\"og:image:type\" content=\"image\/jpeg\" \/>\n<meta name=\"twitter:card\" content=\"summary_large_image\" \/>\n<meta name=\"twitter:label1\" content=\"Gesch\u00e4tzte Lesezeit\" \/>\n\t<meta name=\"twitter:data1\" content=\"3\u00a0Minuten\" \/>\n<script type=\"application\/ld+json\" class=\"yoast-schema-graph\">{\"@context\":\"https:\\\/\\\/schema.org\",\"@graph\":[{\"@type\":\"WebPage\",\"@id\":\"https:\\\/\\\/www.asimina-cbh.com\\\/de\\\/nutzungsvertrag\\\/\",\"url\":\"https:\\\/\\\/www.asimina-cbh.com\\\/de\\\/nutzungsvertrag\\\/\",\"name\":\"Benutzervereinbarung - Asimina Suites Hotel\",\"isPartOf\":{\"@id\":\"https:\\\/\\\/www.asimina-cbh.com\\\/de\\\/#website\"},\"primaryImageOfPage\":{\"@id\":\"https:\\\/\\\/www.asimina-cbh.com\\\/de\\\/nutzungsvertrag\\\/#primaryimage\"},\"image\":{\"@id\":\"https:\\\/\\\/www.asimina-cbh.com\\\/de\\\/nutzungsvertrag\\\/#primaryimage\"},\"thumbnailUrl\":\"https:\\\/\\\/www.asimina-cbh.com\\\/app\\\/uploads\\\/sites\\\/31\\\/2019\\\/05\\\/01-asimina-suites-hotel_resized-e1593075740856.jpg\",\"datePublished\":\"2019-10-30T11:14:11+00:00\",\"dateModified\":\"2024-09-23T15:10:27+00:00\",\"description\":\"Hier finden Sie die Nutzungsvereinbarung, die im Asimina Suites Hotel in Paphos by Constantinou Bros. gilt.\",\"breadcrumb\":{\"@id\":\"https:\\\/\\\/www.asimina-cbh.com\\\/de\\\/nutzungsvertrag\\\/#breadcrumb\"},\"inLanguage\":\"de\",\"potentialAction\":[{\"@type\":\"ReadAction\",\"target\":[\"https:\\\/\\\/www.asimina-cbh.com\\\/de\\\/nutzungsvertrag\\\/\"]}]},{\"@type\":\"ImageObject\",\"inLanguage\":\"de\",\"@id\":\"https:\\\/\\\/www.asimina-cbh.com\\\/de\\\/nutzungsvertrag\\\/#primaryimage\",\"url\":\"https:\\\/\\\/www.asimina-cbh.com\\\/app\\\/uploads\\\/sites\\\/31\\\/2019\\\/05\\\/01-asimina-suites-hotel_resized-e1593075740856.jpg\",\"contentUrl\":\"https:\\\/\\\/www.asimina-cbh.com\\\/app\\\/uploads\\\/sites\\\/31\\\/2019\\\/05\\\/01-asimina-suites-hotel_resized-e1593075740856.jpg\",\"width\":1920,\"height\":1277,\"caption\":\"Privater Zugang zum Strand\"},{\"@type\":\"BreadcrumbList\",\"@id\":\"https:\\\/\\\/www.asimina-cbh.com\\\/de\\\/nutzungsvertrag\\\/#breadcrumb\",\"itemListElement\":[{\"@type\":\"ListItem\",\"position\":1,\"name\":\"Home\",\"item\":\"https:\\\/\\\/www.asimina-cbh.com\\\/de\\\/\"},{\"@type\":\"ListItem\",\"position\":2,\"name\":\"Benutzervereinbarung\"}]},{\"@type\":\"WebSite\",\"@id\":\"https:\\\/\\\/www.asimina-cbh.com\\\/de\\\/#website\",\"url\":\"https:\\\/\\\/www.asimina-cbh.com\\\/de\\\/\",\"name\":\"Asimina Suites Hotel\",\"description\":\"Constantinou Bros Asimina Suites Hotel, 4 star hotel in Paphos Cyprus\",\"potentialAction\":[{\"@type\":\"SearchAction\",\"target\":{\"@type\":\"EntryPoint\",\"urlTemplate\":\"https:\\\/\\\/www.asimina-cbh.com\\\/de\\\/?s={search_term_string}\"},\"query-input\":{\"@type\":\"PropertyValueSpecification\",\"valueRequired\":true,\"valueName\":\"search_term_string\"}}],\"inLanguage\":\"de\"}]}<\/script>\n<!-- \/ Yoast SEO plugin. -->","yoast_head_json":{"title":"Benutzervereinbarung - Asimina Suites Hotel","description":"Hier finden Sie die Nutzungsvereinbarung, die im Asimina Suites Hotel in Paphos by Constantinou Bros. gilt.","robots":{"index":"index","follow":"follow","max-snippet":"max-snippet:-1","max-image-preview":"max-image-preview:large","max-video-preview":"max-video-preview:-1"},"canonical":"https:\/\/www.asimina-cbh.com\/de\/nutzungsvertrag\/","og_locale":"de_DE","og_type":"article","og_title":"Benutzervereinbarung - Asimina Suites Hotel","og_description":"Hier finden Sie die Nutzungsvereinbarung, die im Asimina Suites Hotel in Paphos by Constantinou Bros. gilt.","og_url":"https:\/\/www.asimina-cbh.com\/de\/nutzungsvertrag\/","og_site_name":"Asimina Suites Hotel","article_modified_time":"2024-09-23T15:10:27+00:00","og_image":[{"width":1920,"height":1277,"url":"https:\/\/www.asimina-cbh.com\/app\/uploads\/sites\/31\/2019\/05\/01-asimina-suites-hotel_resized-e1593075740856.jpg","type":"image\/jpeg"}],"twitter_card":"summary_large_image","twitter_misc":{"Gesch\u00e4tzte Lesezeit":"3\u00a0Minuten"},"schema":{"@context":"https:\/\/schema.org","@graph":[{"@type":"WebPage","@id":"https:\/\/www.asimina-cbh.com\/de\/nutzungsvertrag\/","url":"https:\/\/www.asimina-cbh.com\/de\/nutzungsvertrag\/","name":"Benutzervereinbarung - Asimina Suites Hotel","isPartOf":{"@id":"https:\/\/www.asimina-cbh.com\/de\/#website"},"primaryImageOfPage":{"@id":"https:\/\/www.asimina-cbh.com\/de\/nutzungsvertrag\/#primaryimage"},"image":{"@id":"https:\/\/www.asimina-cbh.com\/de\/nutzungsvertrag\/#primaryimage"},"thumbnailUrl":"https:\/\/www.asimina-cbh.com\/app\/uploads\/sites\/31\/2019\/05\/01-asimina-suites-hotel_resized-e1593075740856.jpg","datePublished":"2019-10-30T11:14:11+00:00","dateModified":"2024-09-23T15:10:27+00:00","description":"Hier finden Sie die Nutzungsvereinbarung, die im Asimina Suites Hotel in Paphos by Constantinou Bros. gilt.","breadcrumb":{"@id":"https:\/\/www.asimina-cbh.com\/de\/nutzungsvertrag\/#breadcrumb"},"inLanguage":"de","potentialAction":[{"@type":"ReadAction","target":["https:\/\/www.asimina-cbh.com\/de\/nutzungsvertrag\/"]}]},{"@type":"ImageObject","inLanguage":"de","@id":"https:\/\/www.asimina-cbh.com\/de\/nutzungsvertrag\/#primaryimage","url":"https:\/\/www.asimina-cbh.com\/app\/uploads\/sites\/31\/2019\/05\/01-asimina-suites-hotel_resized-e1593075740856.jpg","contentUrl":"https:\/\/www.asimina-cbh.com\/app\/uploads\/sites\/31\/2019\/05\/01-asimina-suites-hotel_resized-e1593075740856.jpg","width":1920,"height":1277,"caption":"Privater Zugang zum Strand"},{"@type":"BreadcrumbList","@id":"https:\/\/www.asimina-cbh.com\/de\/nutzungsvertrag\/#breadcrumb","itemListElement":[{"@type":"ListItem","position":1,"name":"Home","item":"https:\/\/www.asimina-cbh.com\/de\/"},{"@type":"ListItem","position":2,"name":"Benutzervereinbarung"}]},{"@type":"WebSite","@id":"https:\/\/www.asimina-cbh.com\/de\/#website","url":"https:\/\/www.asimina-cbh.com\/de\/","name":"Asimina Suites Hotel","description":"Constantinou Bros Asimina Suites Hotel, 4 star hotel in Paphos Cyprus","potentialAction":[{"@type":"SearchAction","target":{"@type":"EntryPoint","urlTemplate":"https:\/\/www.asimina-cbh.com\/de\/?s={search_term_string}"},"query-input":{"@type":"PropertyValueSpecification","valueRequired":true,"valueName":"search_term_string"}}],"inLanguage":"de"}]}},"_links":{"self":[{"href":"https:\/\/www.asimina-cbh.com\/de\/wp-json\/wp\/v2\/pages\/2306","targetHints":{"allow":["GET"]}}],"collection":[{"href":"https:\/\/www.asimina-cbh.com\/de\/wp-json\/wp\/v2\/pages"}],"about":[{"href":"https:\/\/www.asimina-cbh.com\/de\/wp-json\/wp\/v2\/types\/page"}],"author":[{"embeddable":true,"href":"https:\/\/www.asimina-cbh.com\/de\/wp-json\/wp\/v2\/users\/1"}],"replies":[{"embeddable":true,"href":"https:\/\/www.asimina-cbh.com\/de\/wp-json\/wp\/v2\/comments?post=2306"}],"version-history":[{"count":5,"href":"https:\/\/www.asimina-cbh.com\/de\/wp-json\/wp\/v2\/pages\/2306\/revisions"}],"predecessor-version":[{"id":14705,"href":"https:\/\/www.asimina-cbh.com\/de\/wp-json\/wp\/v2\/pages\/2306\/revisions\/14705"}],"wp:featuredmedia":[{"embeddable":true,"href":"https:\/\/www.asimina-cbh.com\/de\/wp-json\/wp\/v2\/media\/2048"}],"wp:attachment":[{"href":"https:\/\/www.asimina-cbh.com\/de\/wp-json\/wp\/v2\/media?parent=2306"}],"curies":[{"name":"wp","href":"https:\/\/api.w.org\/{rel}","templated":true}]}}