{"id":2401,"date":"2019-07-22T10:42:34","date_gmt":"2019-07-22T07:42:34","guid":{"rendered":"http:\/\/asimina-cbh.cms4.nelios.com\/news\/cyprus-breakfast-at-constantinou-bros-hotels\/"},"modified":"2024-09-17T12:55:59","modified_gmt":"2024-09-17T09:55:59","slug":"zypern-fruhstuck-im-constantinou-bros-hotels","status":"publish","type":"page","link":"https:\/\/www.asimina-cbh.com\/de\/nachrichten\/zypern-fruhstuck-im-constantinou-bros-hotels\/","title":{"rendered":"Zypern Fr\u00fchst\u00fcck bei Constantinou Bros Hotels"},"content":{"rendered":"<p>Constantinou Bros Hotels ist vor kurzem Mitglied des Cyprus Breakfast Programms geworden.<br \/>\nDieses Programm wurde von der Cyprus Tourism Organisation (CTO), der Travel Foundation, UK und der Cyprus Sustainable Tourism Initiative (CSTI) im Rahmen des Programms &#8218;Cyprus Destination Partnership&#8216; ins Leben gerufen, um die Geschichte und Kultur der traditionellen lokalen Gastronomie zu f\u00f6rdern und die Authentizit\u00e4t in den Hotels auf Zypern zu verbessern.<br \/>\nConstantinou Bros Hotels unterst\u00fctzt das &#8218;Zypern-Fr\u00fchst\u00fcck&#8216; und pr\u00e4sentiert die zypriotische Identit\u00e4t, indem es seinen G\u00e4sten eine Reihe von lokalen Produkten anbietet.<br \/>\nDas Buffet enth\u00e4lt eine gro\u00dfe Auswahl an zypriotischen Spezialit\u00e4ten, darunter der traditionelle Halloumi-K\u00e4se und Anari, der hausgemachte Halloumi-Kuchen und Olivenkuchen sowie frisches Obst aus der Region, die mit der Authentizit\u00e4t Zyperns verbunden sind.<br \/>\nUnsere G\u00e4ste k\u00f6nnen die einzigartigen und traditionellen K\u00f6stlichkeiten und Aromen der Insel probieren, die aus dem Leben der b\u00e4uerlichen Familie stammen, wie z.B. frische Ziegenmilch, gr\u00fcne Oliven, Souzouko (eine traditionelle S\u00fc\u00dfspeise aus Traubenmost, N\u00fcssen und Mehl), Kl\u00f6\u00dfe aus Johannisbrot-Sirup, frische Kr\u00e4uter, ger\u00e4uchertes Fleisch aus Zypern und L\u00f6ffelbonbons (eingemachte Fr\u00fcchte in Sirup) wie z.B. &#8222;Glyko karidaki&#8220; (Walnuss-L\u00f6ffelbonbon), die alle auf nat\u00fcrliche Weise von unseren lokalen Gemeinschaften hergestellt werden. Die Constantinou Bros Hotels haben sich das &#8218;zypriotische Fr\u00fchst\u00fcck&#8216; auf die Fahnen geschrieben und bereichern die zypriotische Fr\u00fchst\u00fccksecke des Hotels kontinuierlich mit traditionellen Aromen.<br \/>\nSeit kurzem bieten wir auch &#8218;Kserotigana&#8216; (Krapfen mit Honig und N\u00fcssen) und &#8218;Bourekia mit Anari&#8216; (eine Art Geb\u00e4ck, das mit wei\u00dfem Weichk\u00e4se gef\u00fcllt ist) an, zusammen mit einer Auswahl an lokalen rohen N\u00fcssen und Trockenfr\u00fcchten wie Mandeln, Waln\u00fcssen, Haseln\u00fcssen, Sonnenblumenkernen sowie getrockneten Aprikosen, Datteln, Feigen und vielen anderen.<br \/>\nLassen Sie das englische und kontinentale Fr\u00fchst\u00fcck sein und g\u00f6nnen Sie sich w\u00e4hrend Ihres Urlaubs in den Constantinou Bros Hotels ein gesundes Fr\u00fchst\u00fcck.<br \/>\nLassen Sie sich von unserem zypriotischen Fr\u00fchst\u00fcck verw\u00f6hnen. <a href=\"https:\/\/www.asimina-cbh.com\/\" target=\"_blank\" rel=\"noopener noreferrer\">Constantinou Bros Asimina Suites Hotel<\/a> &#8211; <strong>Eine Top-Wahl f\u00fcr den September-Urlaub laut The Times<\/strong> Wir sind sehr stolz darauf, dass die Zeitung <strong>The<\/strong> Times das Constantinou Bros <strong>Asimina Suites Hotel<\/strong> als eines <strong>der zwei besten Hotels<\/strong> auf <strong>Zypern<\/strong> unter den 20 besten Hotels in ganz <strong>Europa<\/strong> f\u00fcr den <strong>September-Urlaub<\/strong> aufgef\u00fchrt hat.<br \/>\nDas <strong>Constantinou Bros Asimina Suites Hotel<\/strong>, ein luxuri\u00f6ses Hotel nur f\u00fcr Erwachsene, verf\u00fcgt \u00fcber einen eigenen Sandstrand, private Pools und Cabanas mit herrlichem Blick auf den Sonnenuntergang.<br \/>\nEntspannen Sie sich und steigern Sie Ihr Wohlbefinden, indem Sie in die ruhige und gelassene Atmosph\u00e4re unseres <strong>Elixir Spa<\/strong> eintauchen.<br \/>\nDie Restaurants des Hotels garantieren Ihnen mit ihrer au\u00dfergew\u00f6hnlichen Qualit\u00e4t und ihrem tadellosen Service ein unvergessliches kulinarisches Erlebnis.<br \/>\nEin herzliches Dankesch\u00f6n an unsere gesch\u00e4tzten G\u00e4ste f\u00fcr ihre kontinuierliche Unterst\u00fctzung bei der Wahl des Asimina Suites Hotel f\u00fcr ihren Urlaub.<\/p>\n<hr \/>\n<p><a href=\"https:\/\/www.cbh-cyprus.com\/\" target=\"_blank\" rel=\"noopener noreferrer\">Constantinou Bros Hotels<\/a> gab bekannt, dass das Constantinou Bros Asimina Suites Hotel bei den <a href=\"\/wp-content\/uploads\/sites\/31\/2019\/11\/asimina-tripadvisor-travellers-choice-award-2017.pdf\" target=\"_blank\" rel=\"noopener noreferrer\">TripAdvisor Travelers&#8216; Choice\u00ae Awards f\u00fcr Hotels 2017<\/a> als Gewinner der Top 25 Hotels in den Kategorien Top Hotels und Top Luxury Hotels ausgezeichnet wurde.<br \/>\nDer TripAdvisor Travelers&#8216; Choice Award ist eine wahre Quelle des Stolzes f\u00fcr das gesamte Team von <a href=\"https:\/\/www.cbh-cyprus.com\/\" target=\"_blank\" rel=\"noopener noreferrer\">Constantinou Bros Hotels<\/a> und wir m\u00f6chten uns bei all unseren G\u00e4sten bedanken, die sich die Zeit genommen haben, eine Bewertung auf Trip Advisor abzugeben.<\/p>\n<hr \/>\n<p>Als Goldsponsor von Pafos 2017 wird unser <a href=\"https:\/\/www.asimina-cbh.com\/\" target=\"_blank\" rel=\"noopener noreferrer\">5-Sterne-Hotel Constantinou Bros Asimina Suites<\/a> die offizielle Unterkunft f\u00fcr die international bekannte K\u00fcnstlerin Yasmin Levy w\u00e4hrend ihres einmaligen Auftritts in Pafos am 26. Juli 2016 sponsern.<br \/>\n<a class=\"jcepopup\" href=\"\/wp-content\/uploads\/sites\/31\/2019\/11\/Yasmin-Levy-poster-copy.jpg\" target=\"_blank\" rel=\"noopener noreferrer\">Klicken Sie hier f\u00fcr weitere Details<\/a> Die Europ\u00e4ische Kulturhauptstadt &#8211; <a href=\"http:\/\/www.pafos2017.eu\/\" target=\"_blank\" rel=\"noopener noreferrer\">Pafos2017<\/a> setzt die musikalische Reise des Programms &#8222;The Travelling Stage&#8220; fort und pr\u00e4sentiert eine gro\u00dfartige K\u00fcnstlerin mit multikulturellen Kl\u00e4ngen.<br \/>\nYasmin Levy wurde international bekannt mit ihren Interpretationen der sephardischen Musik, die mehr als 500 Jahre Geschichte z\u00e4hlt und uns mit Ladino-Kl\u00e4ngen (spanisch-j\u00fcdische Musik) und Flamenco beschenkt hat.<\/p>\n<hr \/>\n<p><strong>Trip Advisor&#8217;s Awards 2016Constantinou<\/strong><a href=\"https:\/\/www.cbh-cyprus.com\/\" target=\"_blank\" rel=\"noopener noreferrer\">Bros Hotels<\/a> gab bekannt, dass das Constantinou Bros Asimina Suites Hotel bei den <a href=\"https:\/\/www.tripadvisor.co.uk\/Hotel_Review-g190384-d284381-Reviews-Constantinou_Bros_Asimina_Suites_Hotel-Paphos_Paphos_District.html\" target=\"_blank\" rel=\"noopener noreferrer\">TripAdvisor Travelers&#8216; Choice\u00ae Awards 2016 f\u00fcr<\/a> Hotels als Top 25 Hotel Gewinner in den Kategorien Top Hotels und Top Luxury Hotels ausgezeichnet wurde.<br \/>\nDer TripAdvisor Travelers&#8216; Choice Award ist eine wahre Quelle des Stolzes f\u00fcr das gesamte Team von <a href=\"https:\/\/www.cbh-cyprus.com\/\" target=\"_blank\" rel=\"noopener noreferrer\">Constantinou Bros Hotels<\/a> und wir m\u00f6chten uns bei all unseren ehemaligen G\u00e4sten bedanken, die sich die Zeit genommen haben, eine Bewertung auf Trip Advisor abzugeben.<br \/>\nEs gibt kein gr\u00f6\u00dferes G\u00fctesiegel, als von seinen Kunden anerkannt zu werden.<br \/>\nDa der TripAdvisor Travelers&#8216; Choice Award auf Kundenbewertungen basiert, ist diese Auszeichnung ein bemerkenswertes Vertrauensvotum f\u00fcr unser Unternehmen und unser kontinuierliches Engagement f\u00fcr hervorragende Leistungen.<\/p>\n","protected":false},"excerpt":{"rendered":"<p>Constantinou Bros Hotels ist vor kurzem Mitglied des Cyprus Breakfast Programms geworden. Dieses Programm wurde von der Cyprus Tourism Organisation (CTO), der Travel Foundation, UK und der Cyprus Sustainable Tourism Initiative (CSTI) im Rahmen des Programms &#8218;Cyprus Destination Partnership&#8216; ins Leben gerufen, um die Geschichte und Kultur der traditionellen lokalen Gastronomie zu f\u00f6rdern und die<\/p>\n","protected":false},"author":1,"featured_media":1922,"parent":2383,"menu_order":0,"comment_status":"closed","ping_status":"closed","template":"","meta":{"_acf_changed":false,"footnotes":""},"class_list":["post-2401","page","type-page","status-publish","has-post-thumbnail","hentry"],"acf":[],"yoast_head":"<!-- This site is optimized with the Yoast SEO plugin v27.5 - https:\/\/yoast.com\/product\/yoast-seo-wordpress\/ -->\n<title>Zypern Fr\u00fchst\u00fcck bei Constantinou Bros Hotels - Asimina Suites Hotel<\/title>\n<meta name=\"robots\" content=\"index, follow, max-snippet:-1, max-image-preview:large, max-video-preview:-1\" \/>\n<link rel=\"canonical\" href=\"https:\/\/www.asimina-cbh.com\/de\/nachrichten\/zypern-fruhstuck-im-constantinou-bros-hotels\/\" \/>\n<meta property=\"og:locale\" content=\"de_DE\" \/>\n<meta property=\"og:type\" content=\"article\" \/>\n<meta property=\"og:title\" content=\"Zypern Fr\u00fchst\u00fcck bei Constantinou Bros Hotels - Asimina Suites Hotel\" \/>\n<meta property=\"og:description\" content=\"Constantinou Bros Hotels ist vor kurzem Mitglied des Cyprus Breakfast Programms geworden. Dieses Programm wurde von der Cyprus Tourism Organisation (CTO), der Travel Foundation, UK und der Cyprus Sustainable Tourism Initiative (CSTI) im Rahmen des Programms &#8218;Cyprus Destination Partnership&#8216; ins Leben gerufen, um die Geschichte und Kultur der traditionellen lokalen Gastronomie zu f\u00f6rdern und die\" \/>\n<meta property=\"og:url\" content=\"https:\/\/www.asimina-cbh.com\/de\/nachrichten\/zypern-fruhstuck-im-constantinou-bros-hotels\/\" \/>\n<meta property=\"og:site_name\" content=\"Asimina Suites Hotel\" \/>\n<meta property=\"article:modified_time\" content=\"2024-09-17T09:55:59+00:00\" \/>\n<meta property=\"og:image\" content=\"https:\/\/www.asimina-cbh.com\/app\/uploads\/sites\/31\/2019\/07\/cyprusbreakfast4_resized.jpg\" \/>\n\t<meta property=\"og:image:width\" content=\"1920\" \/>\n\t<meta property=\"og:image:height\" content=\"1357\" \/>\n\t<meta property=\"og:image:type\" content=\"image\/jpeg\" \/>\n<meta name=\"twitter:card\" content=\"summary_large_image\" \/>\n<meta name=\"twitter:label1\" content=\"Gesch\u00e4tzte Lesezeit\" \/>\n\t<meta name=\"twitter:data1\" content=\"4\u00a0Minuten\" \/>\n<script type=\"application\/ld+json\" class=\"yoast-schema-graph\">{\"@context\":\"https:\\\/\\\/schema.org\",\"@graph\":[{\"@type\":\"WebPage\",\"@id\":\"https:\\\/\\\/www.asimina-cbh.com\\\/de\\\/nachrichten\\\/zypern-fruhstuck-im-constantinou-bros-hotels\\\/\",\"url\":\"https:\\\/\\\/www.asimina-cbh.com\\\/de\\\/nachrichten\\\/zypern-fruhstuck-im-constantinou-bros-hotels\\\/\",\"name\":\"Zypern Fr\u00fchst\u00fcck bei Constantinou Bros Hotels - Asimina Suites Hotel\",\"isPartOf\":{\"@id\":\"https:\\\/\\\/www.asimina-cbh.com\\\/de\\\/#website\"},\"primaryImageOfPage\":{\"@id\":\"https:\\\/\\\/www.asimina-cbh.com\\\/de\\\/nachrichten\\\/zypern-fruhstuck-im-constantinou-bros-hotels\\\/#primaryimage\"},\"image\":{\"@id\":\"https:\\\/\\\/www.asimina-cbh.com\\\/de\\\/nachrichten\\\/zypern-fruhstuck-im-constantinou-bros-hotels\\\/#primaryimage\"},\"thumbnailUrl\":\"https:\\\/\\\/www.asimina-cbh.com\\\/app\\\/uploads\\\/sites\\\/31\\\/2019\\\/07\\\/cyprusbreakfast4_resized.jpg\",\"datePublished\":\"2019-07-22T07:42:34+00:00\",\"dateModified\":\"2024-09-17T09:55:59+00:00\",\"breadcrumb\":{\"@id\":\"https:\\\/\\\/www.asimina-cbh.com\\\/de\\\/nachrichten\\\/zypern-fruhstuck-im-constantinou-bros-hotels\\\/#breadcrumb\"},\"inLanguage\":\"de\",\"potentialAction\":[{\"@type\":\"ReadAction\",\"target\":[\"https:\\\/\\\/www.asimina-cbh.com\\\/de\\\/nachrichten\\\/zypern-fruhstuck-im-constantinou-bros-hotels\\\/\"]}]},{\"@type\":\"ImageObject\",\"inLanguage\":\"de\",\"@id\":\"https:\\\/\\\/www.asimina-cbh.com\\\/de\\\/nachrichten\\\/zypern-fruhstuck-im-constantinou-bros-hotels\\\/#primaryimage\",\"url\":\"https:\\\/\\\/www.asimina-cbh.com\\\/app\\\/uploads\\\/sites\\\/31\\\/2019\\\/07\\\/cyprusbreakfast4_resized.jpg\",\"contentUrl\":\"https:\\\/\\\/www.asimina-cbh.com\\\/app\\\/uploads\\\/sites\\\/31\\\/2019\\\/07\\\/cyprusbreakfast4_resized.jpg\",\"width\":1920,\"height\":1357},{\"@type\":\"BreadcrumbList\",\"@id\":\"https:\\\/\\\/www.asimina-cbh.com\\\/de\\\/nachrichten\\\/zypern-fruhstuck-im-constantinou-bros-hotels\\\/#breadcrumb\",\"itemListElement\":[{\"@type\":\"ListItem\",\"position\":1,\"name\":\"Home\",\"item\":\"https:\\\/\\\/www.asimina-cbh.com\\\/de\\\/\"},{\"@type\":\"ListItem\",\"position\":2,\"name\":\"Nachrichten\",\"item\":\"https:\\\/\\\/www.asimina-cbh.com\\\/de\\\/nachrichten\\\/\"},{\"@type\":\"ListItem\",\"position\":3,\"name\":\"Zypern Fr\u00fchst\u00fcck bei Constantinou Bros Hotels\"}]},{\"@type\":\"WebSite\",\"@id\":\"https:\\\/\\\/www.asimina-cbh.com\\\/de\\\/#website\",\"url\":\"https:\\\/\\\/www.asimina-cbh.com\\\/de\\\/\",\"name\":\"Asimina Suites Hotel\",\"description\":\"Constantinou Bros Asimina Suites Hotel, 4 star hotel in Paphos Cyprus\",\"potentialAction\":[{\"@type\":\"SearchAction\",\"target\":{\"@type\":\"EntryPoint\",\"urlTemplate\":\"https:\\\/\\\/www.asimina-cbh.com\\\/de\\\/?s={search_term_string}\"},\"query-input\":{\"@type\":\"PropertyValueSpecification\",\"valueRequired\":true,\"valueName\":\"search_term_string\"}}],\"inLanguage\":\"de\"}]}<\/script>\n<!-- \/ Yoast SEO plugin. -->","yoast_head_json":{"title":"Zypern Fr\u00fchst\u00fcck bei Constantinou Bros Hotels - Asimina Suites Hotel","robots":{"index":"index","follow":"follow","max-snippet":"max-snippet:-1","max-image-preview":"max-image-preview:large","max-video-preview":"max-video-preview:-1"},"canonical":"https:\/\/www.asimina-cbh.com\/de\/nachrichten\/zypern-fruhstuck-im-constantinou-bros-hotels\/","og_locale":"de_DE","og_type":"article","og_title":"Zypern Fr\u00fchst\u00fcck bei Constantinou Bros Hotels - Asimina Suites Hotel","og_description":"Constantinou Bros Hotels ist vor kurzem Mitglied des Cyprus Breakfast Programms geworden. Dieses Programm wurde von der Cyprus Tourism Organisation (CTO), der Travel Foundation, UK und der Cyprus Sustainable Tourism Initiative (CSTI) im Rahmen des Programms &#8218;Cyprus Destination Partnership&#8216; ins Leben gerufen, um die Geschichte und Kultur der traditionellen lokalen Gastronomie zu f\u00f6rdern und die","og_url":"https:\/\/www.asimina-cbh.com\/de\/nachrichten\/zypern-fruhstuck-im-constantinou-bros-hotels\/","og_site_name":"Asimina Suites Hotel","article_modified_time":"2024-09-17T09:55:59+00:00","og_image":[{"width":1920,"height":1357,"url":"https:\/\/www.asimina-cbh.com\/app\/uploads\/sites\/31\/2019\/07\/cyprusbreakfast4_resized.jpg","type":"image\/jpeg"}],"twitter_card":"summary_large_image","twitter_misc":{"Gesch\u00e4tzte Lesezeit":"4\u00a0Minuten"},"schema":{"@context":"https:\/\/schema.org","@graph":[{"@type":"WebPage","@id":"https:\/\/www.asimina-cbh.com\/de\/nachrichten\/zypern-fruhstuck-im-constantinou-bros-hotels\/","url":"https:\/\/www.asimina-cbh.com\/de\/nachrichten\/zypern-fruhstuck-im-constantinou-bros-hotels\/","name":"Zypern Fr\u00fchst\u00fcck bei Constantinou Bros Hotels - Asimina Suites Hotel","isPartOf":{"@id":"https:\/\/www.asimina-cbh.com\/de\/#website"},"primaryImageOfPage":{"@id":"https:\/\/www.asimina-cbh.com\/de\/nachrichten\/zypern-fruhstuck-im-constantinou-bros-hotels\/#primaryimage"},"image":{"@id":"https:\/\/www.asimina-cbh.com\/de\/nachrichten\/zypern-fruhstuck-im-constantinou-bros-hotels\/#primaryimage"},"thumbnailUrl":"https:\/\/www.asimina-cbh.com\/app\/uploads\/sites\/31\/2019\/07\/cyprusbreakfast4_resized.jpg","datePublished":"2019-07-22T07:42:34+00:00","dateModified":"2024-09-17T09:55:59+00:00","breadcrumb":{"@id":"https:\/\/www.asimina-cbh.com\/de\/nachrichten\/zypern-fruhstuck-im-constantinou-bros-hotels\/#breadcrumb"},"inLanguage":"de","potentialAction":[{"@type":"ReadAction","target":["https:\/\/www.asimina-cbh.com\/de\/nachrichten\/zypern-fruhstuck-im-constantinou-bros-hotels\/"]}]},{"@type":"ImageObject","inLanguage":"de","@id":"https:\/\/www.asimina-cbh.com\/de\/nachrichten\/zypern-fruhstuck-im-constantinou-bros-hotels\/#primaryimage","url":"https:\/\/www.asimina-cbh.com\/app\/uploads\/sites\/31\/2019\/07\/cyprusbreakfast4_resized.jpg","contentUrl":"https:\/\/www.asimina-cbh.com\/app\/uploads\/sites\/31\/2019\/07\/cyprusbreakfast4_resized.jpg","width":1920,"height":1357},{"@type":"BreadcrumbList","@id":"https:\/\/www.asimina-cbh.com\/de\/nachrichten\/zypern-fruhstuck-im-constantinou-bros-hotels\/#breadcrumb","itemListElement":[{"@type":"ListItem","position":1,"name":"Home","item":"https:\/\/www.asimina-cbh.com\/de\/"},{"@type":"ListItem","position":2,"name":"Nachrichten","item":"https:\/\/www.asimina-cbh.com\/de\/nachrichten\/"},{"@type":"ListItem","position":3,"name":"Zypern Fr\u00fchst\u00fcck bei Constantinou Bros Hotels"}]},{"@type":"WebSite","@id":"https:\/\/www.asimina-cbh.com\/de\/#website","url":"https:\/\/www.asimina-cbh.com\/de\/","name":"Asimina Suites Hotel","description":"Constantinou Bros Asimina Suites Hotel, 4 star hotel in Paphos Cyprus","potentialAction":[{"@type":"SearchAction","target":{"@type":"EntryPoint","urlTemplate":"https:\/\/www.asimina-cbh.com\/de\/?s={search_term_string}"},"query-input":{"@type":"PropertyValueSpecification","valueRequired":true,"valueName":"search_term_string"}}],"inLanguage":"de"}]}},"_links":{"self":[{"href":"https:\/\/www.asimina-cbh.com\/de\/wp-json\/wp\/v2\/pages\/2401","targetHints":{"allow":["GET"]}}],"collection":[{"href":"https:\/\/www.asimina-cbh.com\/de\/wp-json\/wp\/v2\/pages"}],"about":[{"href":"https:\/\/www.asimina-cbh.com\/de\/wp-json\/wp\/v2\/types\/page"}],"author":[{"embeddable":true,"href":"https:\/\/www.asimina-cbh.com\/de\/wp-json\/wp\/v2\/users\/1"}],"replies":[{"embeddable":true,"href":"https:\/\/www.asimina-cbh.com\/de\/wp-json\/wp\/v2\/comments?post=2401"}],"version-history":[{"count":7,"href":"https:\/\/www.asimina-cbh.com\/de\/wp-json\/wp\/v2\/pages\/2401\/revisions"}],"predecessor-version":[{"id":14552,"href":"https:\/\/www.asimina-cbh.com\/de\/wp-json\/wp\/v2\/pages\/2401\/revisions\/14552"}],"up":[{"embeddable":true,"href":"https:\/\/www.asimina-cbh.com\/de\/wp-json\/wp\/v2\/pages\/2383"}],"wp:featuredmedia":[{"embeddable":true,"href":"https:\/\/www.asimina-cbh.com\/de\/wp-json\/wp\/v2\/media\/1922"}],"wp:attachment":[{"href":"https:\/\/www.asimina-cbh.com\/de\/wp-json\/wp\/v2\/media?parent=2401"}],"curies":[{"name":"wp","href":"https:\/\/api.w.org\/{rel}","templated":true}]}}