{"id":7061,"date":"2022-07-04T16:10:37","date_gmt":"2022-07-04T13:10:37","guid":{"rendered":"https:\/\/www.asimina-cbh.com\/adults-only-holidays\/"},"modified":"2024-09-23T11:46:25","modified_gmt":"2024-09-23T08:46:25","slug":"nur-erwachsenen-hotel-paphos-urlaub","status":"publish","type":"page","link":"https:\/\/www.asimina-cbh.com\/de\/nur-erwachsenen-hotel-paphos-urlaub\/","title":{"rendered":"Urlaub nur f\u00fcr Erwachsene"},"content":{"rendered":"<p>Constantinou Bros Hotels bietet Urlaub nur f\u00fcr Erwachsene in einer entspannenden, kinderfreien Umgebung und bietet das ultimative Hotelerlebnis nur f\u00fcr Erwachsene in Paphos.<br \/>\nMit ruhigen Tagen am Pool und einem Unterhaltungs- und Freizeitprogramm, das auf Ihren perfekten Urlaub f\u00fcr Erwachsene ausgerichtet ist, richtet sich unser Hotel ausschlie\u00dflich an Erwachsene, die Ruhe und Luxus suchen.<br \/>\nConstantinou Bros Hotels ist bekannt f\u00fcr die Entwicklung des Konzepts des Urlaubs nur f\u00fcr Erwachsene in Paphos und bietet eine Reihe von Hotels an, die Ihrem Budget und Ihren Urlaubsanforderungen entsprechen, damit Sie das perfekte Hotel nur f\u00fcr Erwachsene in Paphos f\u00fcr Ihren Aufenthalt finden.<br \/>\nDas Asimina Suites Hotel ist ein leuchtendes Beispiel, ein 5-Sterne-Hotel mit Suiten und luxuri\u00f6sen Hotel- und <a href=\"https:\/\/www.asimina-cbh.com\/elixir-spa\/\">Spa-Einrichtungen<\/a>.<br \/>\nDieses exquisite Anwesen richtet sich ausschlie\u00dflich an anspruchsvolle Erwachsene, die eine exklusive und wirklich ruhige Umgebung f\u00fcr totale Entspannung zu sch\u00e4tzen wissen und setzt den Standard f\u00fcr Hotels nur f\u00fcr Erwachsene in Paphos.<br \/>\nDas Hotel liegt an einem herrlichen Sandstrand und ist von gepflegten G\u00e4rten umgeben und bietet eine gro\u00dfe Auswahl an<a href=\"https:\/\/www.asimina-cbh.com\/dining\/\"> Restaurants im Freien und im Haus<\/a>.<br \/>\nPaphos-Stadt ist nur 2 Kilometer entfernt, so dass Sie die Stadt erkunden und gleichzeitig die Abgeschiedenheit unserer Oase nur f\u00fcr Erwachsene in Paphos genie\u00dfen k\u00f6nnen.<\/p>\n","protected":false},"excerpt":{"rendered":"<p>Constantinou Bros Hotels bietet Urlaub nur f\u00fcr Erwachsene in einer entspannenden, kinderfreien Umgebung und bietet das ultimative Hotelerlebnis nur f\u00fcr Erwachsene in Paphos. Mit ruhigen Tagen am Pool und einem Unterhaltungs- und Freizeitprogramm, das auf Ihren perfekten Urlaub f\u00fcr Erwachsene ausgerichtet ist, richtet sich unser Hotel ausschlie\u00dflich an Erwachsene, die Ruhe und Luxus suchen. Constantinou<\/p>\n","protected":false},"author":100,"featured_media":15404,"parent":0,"menu_order":0,"comment_status":"closed","ping_status":"closed","template":"","meta":{"_acf_changed":false,"footnotes":""},"class_list":["post-7061","page","type-page","status-publish","has-post-thumbnail","hentry"],"acf":[],"yoast_head":"<!-- This site is optimized with the Yoast SEO plugin v27.5 - https:\/\/yoast.com\/product\/yoast-seo-wordpress\/ -->\n<title>Adult Only Hotel in Paphos | Gelassener Adults Only Urlaub auf Zypern<\/title>\n<meta name=\"description\" content=\"Erleben Sie heiteren Luxus in unserem Hotel nur f\u00fcr Erwachsene in Paphos, Zypern, dem Asimina Suites Hotel by Constantinou Bros.\" \/>\n<meta name=\"robots\" content=\"index, follow, max-snippet:-1, max-image-preview:large, max-video-preview:-1\" \/>\n<link rel=\"canonical\" href=\"https:\/\/www.asimina-cbh.com\/de\/nur-erwachsenen-hotel-paphos-urlaub\/\" \/>\n<meta property=\"og:locale\" content=\"de_DE\" \/>\n<meta property=\"og:type\" content=\"article\" \/>\n<meta property=\"og:title\" content=\"Adult Only Hotel in Paphos | Gelassener Adults Only Urlaub auf Zypern\" \/>\n<meta property=\"og:description\" content=\"Erleben Sie heiteren Luxus in unserem Hotel nur f\u00fcr Erwachsene in Paphos, Zypern, dem Asimina Suites Hotel by Constantinou Bros.\" \/>\n<meta property=\"og:url\" content=\"https:\/\/www.asimina-cbh.com\/de\/nur-erwachsenen-hotel-paphos-urlaub\/\" \/>\n<meta property=\"og:site_name\" content=\"Asimina Suites Hotel\" \/>\n<meta property=\"article:modified_time\" content=\"2024-09-23T08:46:25+00:00\" \/>\n<meta property=\"og:image\" content=\"https:\/\/www.asimina-cbh.com\/app\/uploads\/sites\/31\/2022\/05\/42-ASIMINA-SUITES-HOTEL-PRIVATE-DINNER-BY-THE-BEACH-scaled.jpg\" \/>\n\t<meta property=\"og:image:width\" content=\"2560\" \/>\n\t<meta property=\"og:image:height\" content=\"1703\" \/>\n\t<meta property=\"og:image:type\" content=\"image\/jpeg\" \/>\n<meta name=\"twitter:card\" content=\"summary_large_image\" \/>\n<meta name=\"twitter:label1\" content=\"Gesch\u00e4tzte Lesezeit\" \/>\n\t<meta name=\"twitter:data1\" content=\"1\u00a0Minute\" \/>\n<script type=\"application\/ld+json\" class=\"yoast-schema-graph\">{\"@context\":\"https:\\\/\\\/schema.org\",\"@graph\":[{\"@type\":\"WebPage\",\"@id\":\"https:\\\/\\\/www.asimina-cbh.com\\\/de\\\/nur-erwachsenen-hotel-paphos-urlaub\\\/\",\"url\":\"https:\\\/\\\/www.asimina-cbh.com\\\/de\\\/nur-erwachsenen-hotel-paphos-urlaub\\\/\",\"name\":\"Adult Only Hotel in Paphos | Gelassener Adults Only Urlaub auf Zypern\",\"isPartOf\":{\"@id\":\"https:\\\/\\\/www.asimina-cbh.com\\\/de\\\/#website\"},\"primaryImageOfPage\":{\"@id\":\"https:\\\/\\\/www.asimina-cbh.com\\\/de\\\/nur-erwachsenen-hotel-paphos-urlaub\\\/#primaryimage\"},\"image\":{\"@id\":\"https:\\\/\\\/www.asimina-cbh.com\\\/de\\\/nur-erwachsenen-hotel-paphos-urlaub\\\/#primaryimage\"},\"thumbnailUrl\":\"https:\\\/\\\/www.asimina-cbh.com\\\/app\\\/uploads\\\/sites\\\/31\\\/2025\\\/10\\\/34-ASIMINA-SUITES-HOTEL-PRIVATE-DINNER-BY-THE-BEACH.jpg\",\"datePublished\":\"2022-07-04T13:10:37+00:00\",\"dateModified\":\"2024-09-23T08:46:25+00:00\",\"description\":\"Erleben Sie heiteren Luxus in unserem Hotel nur f\u00fcr Erwachsene in Paphos, Zypern, dem Asimina Suites Hotel by Constantinou Bros.\",\"breadcrumb\":{\"@id\":\"https:\\\/\\\/www.asimina-cbh.com\\\/de\\\/nur-erwachsenen-hotel-paphos-urlaub\\\/#breadcrumb\"},\"inLanguage\":\"de\",\"potentialAction\":[{\"@type\":\"ReadAction\",\"target\":[\"https:\\\/\\\/www.asimina-cbh.com\\\/de\\\/nur-erwachsenen-hotel-paphos-urlaub\\\/\"]}]},{\"@type\":\"ImageObject\",\"inLanguage\":\"de\",\"@id\":\"https:\\\/\\\/www.asimina-cbh.com\\\/de\\\/nur-erwachsenen-hotel-paphos-urlaub\\\/#primaryimage\",\"url\":\"https:\\\/\\\/www.asimina-cbh.com\\\/app\\\/uploads\\\/sites\\\/31\\\/2025\\\/10\\\/34-ASIMINA-SUITES-HOTEL-PRIVATE-DINNER-BY-THE-BEACH.jpg\",\"contentUrl\":\"https:\\\/\\\/www.asimina-cbh.com\\\/app\\\/uploads\\\/sites\\\/31\\\/2025\\\/10\\\/34-ASIMINA-SUITES-HOTEL-PRIVATE-DINNER-BY-THE-BEACH.jpg\",\"width\":2500,\"height\":1664,\"caption\":\"ASIMINA-SUITES-HOTEL-PRIVATE-DINNER-BY-THE-BEACH\"},{\"@type\":\"BreadcrumbList\",\"@id\":\"https:\\\/\\\/www.asimina-cbh.com\\\/de\\\/nur-erwachsenen-hotel-paphos-urlaub\\\/#breadcrumb\",\"itemListElement\":[{\"@type\":\"ListItem\",\"position\":1,\"name\":\"Home\",\"item\":\"https:\\\/\\\/www.asimina-cbh.com\\\/de\\\/\"},{\"@type\":\"ListItem\",\"position\":2,\"name\":\"Urlaub nur f\u00fcr Erwachsene\"}]},{\"@type\":\"WebSite\",\"@id\":\"https:\\\/\\\/www.asimina-cbh.com\\\/de\\\/#website\",\"url\":\"https:\\\/\\\/www.asimina-cbh.com\\\/de\\\/\",\"name\":\"Asimina Suites Hotel\",\"description\":\"Constantinou Bros Asimina Suites Hotel, 4 star hotel in Paphos Cyprus\",\"potentialAction\":[{\"@type\":\"SearchAction\",\"target\":{\"@type\":\"EntryPoint\",\"urlTemplate\":\"https:\\\/\\\/www.asimina-cbh.com\\\/de\\\/?s={search_term_string}\"},\"query-input\":{\"@type\":\"PropertyValueSpecification\",\"valueRequired\":true,\"valueName\":\"search_term_string\"}}],\"inLanguage\":\"de\"}]}<\/script>\n<!-- \/ Yoast SEO plugin. -->","yoast_head_json":{"title":"Adult Only Hotel in Paphos | Gelassener Adults Only Urlaub auf Zypern","description":"Erleben Sie heiteren Luxus in unserem Hotel nur f\u00fcr Erwachsene in Paphos, Zypern, dem Asimina Suites Hotel by Constantinou Bros.","robots":{"index":"index","follow":"follow","max-snippet":"max-snippet:-1","max-image-preview":"max-image-preview:large","max-video-preview":"max-video-preview:-1"},"canonical":"https:\/\/www.asimina-cbh.com\/de\/nur-erwachsenen-hotel-paphos-urlaub\/","og_locale":"de_DE","og_type":"article","og_title":"Adult Only Hotel in Paphos | Gelassener Adults Only Urlaub auf Zypern","og_description":"Erleben Sie heiteren Luxus in unserem Hotel nur f\u00fcr Erwachsene in Paphos, Zypern, dem Asimina Suites Hotel by Constantinou Bros.","og_url":"https:\/\/www.asimina-cbh.com\/de\/nur-erwachsenen-hotel-paphos-urlaub\/","og_site_name":"Asimina Suites Hotel","article_modified_time":"2024-09-23T08:46:25+00:00","og_image":[{"width":2560,"height":1703,"url":"https:\/\/www.asimina-cbh.com\/app\/uploads\/sites\/31\/2022\/05\/42-ASIMINA-SUITES-HOTEL-PRIVATE-DINNER-BY-THE-BEACH-scaled.jpg","type":"image\/jpeg"}],"twitter_card":"summary_large_image","twitter_misc":{"Gesch\u00e4tzte Lesezeit":"1\u00a0Minute"},"schema":{"@context":"https:\/\/schema.org","@graph":[{"@type":"WebPage","@id":"https:\/\/www.asimina-cbh.com\/de\/nur-erwachsenen-hotel-paphos-urlaub\/","url":"https:\/\/www.asimina-cbh.com\/de\/nur-erwachsenen-hotel-paphos-urlaub\/","name":"Adult Only Hotel in Paphos | Gelassener Adults Only Urlaub auf Zypern","isPartOf":{"@id":"https:\/\/www.asimina-cbh.com\/de\/#website"},"primaryImageOfPage":{"@id":"https:\/\/www.asimina-cbh.com\/de\/nur-erwachsenen-hotel-paphos-urlaub\/#primaryimage"},"image":{"@id":"https:\/\/www.asimina-cbh.com\/de\/nur-erwachsenen-hotel-paphos-urlaub\/#primaryimage"},"thumbnailUrl":"https:\/\/www.asimina-cbh.com\/app\/uploads\/sites\/31\/2025\/10\/34-ASIMINA-SUITES-HOTEL-PRIVATE-DINNER-BY-THE-BEACH.jpg","datePublished":"2022-07-04T13:10:37+00:00","dateModified":"2024-09-23T08:46:25+00:00","description":"Erleben Sie heiteren Luxus in unserem Hotel nur f\u00fcr Erwachsene in Paphos, Zypern, dem Asimina Suites Hotel by Constantinou Bros.","breadcrumb":{"@id":"https:\/\/www.asimina-cbh.com\/de\/nur-erwachsenen-hotel-paphos-urlaub\/#breadcrumb"},"inLanguage":"de","potentialAction":[{"@type":"ReadAction","target":["https:\/\/www.asimina-cbh.com\/de\/nur-erwachsenen-hotel-paphos-urlaub\/"]}]},{"@type":"ImageObject","inLanguage":"de","@id":"https:\/\/www.asimina-cbh.com\/de\/nur-erwachsenen-hotel-paphos-urlaub\/#primaryimage","url":"https:\/\/www.asimina-cbh.com\/app\/uploads\/sites\/31\/2025\/10\/34-ASIMINA-SUITES-HOTEL-PRIVATE-DINNER-BY-THE-BEACH.jpg","contentUrl":"https:\/\/www.asimina-cbh.com\/app\/uploads\/sites\/31\/2025\/10\/34-ASIMINA-SUITES-HOTEL-PRIVATE-DINNER-BY-THE-BEACH.jpg","width":2500,"height":1664,"caption":"ASIMINA-SUITES-HOTEL-PRIVATE-DINNER-BY-THE-BEACH"},{"@type":"BreadcrumbList","@id":"https:\/\/www.asimina-cbh.com\/de\/nur-erwachsenen-hotel-paphos-urlaub\/#breadcrumb","itemListElement":[{"@type":"ListItem","position":1,"name":"Home","item":"https:\/\/www.asimina-cbh.com\/de\/"},{"@type":"ListItem","position":2,"name":"Urlaub nur f\u00fcr Erwachsene"}]},{"@type":"WebSite","@id":"https:\/\/www.asimina-cbh.com\/de\/#website","url":"https:\/\/www.asimina-cbh.com\/de\/","name":"Asimina Suites Hotel","description":"Constantinou Bros Asimina Suites Hotel, 4 star hotel in Paphos Cyprus","potentialAction":[{"@type":"SearchAction","target":{"@type":"EntryPoint","urlTemplate":"https:\/\/www.asimina-cbh.com\/de\/?s={search_term_string}"},"query-input":{"@type":"PropertyValueSpecification","valueRequired":true,"valueName":"search_term_string"}}],"inLanguage":"de"}]}},"_links":{"self":[{"href":"https:\/\/www.asimina-cbh.com\/de\/wp-json\/wp\/v2\/pages\/7061","targetHints":{"allow":["GET"]}}],"collection":[{"href":"https:\/\/www.asimina-cbh.com\/de\/wp-json\/wp\/v2\/pages"}],"about":[{"href":"https:\/\/www.asimina-cbh.com\/de\/wp-json\/wp\/v2\/types\/page"}],"author":[{"embeddable":true,"href":"https:\/\/www.asimina-cbh.com\/de\/wp-json\/wp\/v2\/users\/100"}],"replies":[{"embeddable":true,"href":"https:\/\/www.asimina-cbh.com\/de\/wp-json\/wp\/v2\/comments?post=7061"}],"version-history":[{"count":7,"href":"https:\/\/www.asimina-cbh.com\/de\/wp-json\/wp\/v2\/pages\/7061\/revisions"}],"predecessor-version":[{"id":14659,"href":"https:\/\/www.asimina-cbh.com\/de\/wp-json\/wp\/v2\/pages\/7061\/revisions\/14659"}],"wp:featuredmedia":[{"embeddable":true,"href":"https:\/\/www.asimina-cbh.com\/de\/wp-json\/wp\/v2\/media\/15404"}],"wp:attachment":[{"href":"https:\/\/www.asimina-cbh.com\/de\/wp-json\/wp\/v2\/media?parent=7061"}],"curies":[{"name":"wp","href":"https:\/\/api.w.org\/{rel}","templated":true}]}}