{"id":12720,"date":"2023-09-22T17:45:49","date_gmt":"2023-09-22T14:45:49","guid":{"rendered":"https:\/\/www.asimina-cbh.com\/sustainability\/"},"modified":"2026-01-26T12:48:07","modified_gmt":"2026-01-26T09:48:07","slug":"sustainability","status":"publish","type":"page","link":"https:\/\/www.asimina-cbh.com\/fr\/sustainability\/","title":{"rendered":"Durabilit\u00e9"},"content":{"rendered":"<p>L&rsquo;Asimina Suites Hotel, qui fait partie des Constantinou Bros Hotels, est un <i>h\u00f4tel de luxe <\/i>certifi\u00e9 et <i>respectueux de l&rsquo;environnement situ\u00e9 \u00e0 Paphos, <\/i>le long d&rsquo;une plage de sable priv\u00e9e.<\/p>\n<p>La certification Gold de Travelife, que nous avons re\u00e7ue avec grand plaisir, atteste de nos normes \u00e9lev\u00e9es en mati\u00e8re de droits de l&rsquo;homme, de travail, d&rsquo;engagement communautaire, d&rsquo;impact sur l&rsquo;environnement et de durabilit\u00e9.<\/p>\n<p>C&rsquo;est une distinction dont nous sommes tr\u00e8s fiers car elle est le r\u00e9sultat de nombreux efforts visant \u00e0 offrir la meilleure exp\u00e9rience possible aux visiteurs tout en respectant l&rsquo;environnement.<\/p>\n<p>&nbsp;<\/p>\n<blockquote><p><img loading=\"lazy\" decoding=\"async\" class=\"size-medium wp-image-12016 aligncenter\" src=\"https:\/\/www.asimina-cbh.com\/app\/uploads\/sites\/31\/2023\/03\/Travelife-Gold-2-600x323.jpg\" alt=\"\" width=\"600\" height=\"323\" srcset=\"https:\/\/www.asimina-cbh.com\/app\/uploads\/sites\/31\/2023\/03\/Travelife-Gold-2-600x323.jpg 600w, https:\/\/www.asimina-cbh.com\/app\/uploads\/sites\/31\/2023\/03\/Travelife-Gold-2-768x413.jpg 768w, https:\/\/www.asimina-cbh.com\/app\/uploads\/sites\/31\/2023\/03\/Travelife-Gold-2-1536x826.jpg 1536w, https:\/\/www.asimina-cbh.com\/app\/uploads\/sites\/31\/2023\/03\/Travelife-Gold-2-1488x800.jpg 1488w, https:\/\/www.asimina-cbh.com\/app\/uploads\/sites\/31\/2023\/03\/Travelife-Gold-2.jpg 1920w\" sizes=\"auto, (max-width: 600px) 100vw, 600px\" \/><\/p><\/blockquote>\n<p>&nbsp;<\/p>\n<p>Nous sommes ravis que notre <i>h\u00f4tel de luxe \u00e9cologique <\/i>Asimina Suites Hotel <i>\u00e0 Paphos <\/i>joue officiellement un r\u00f4le actif dans le changement de culture global de l&rsquo;h\u00f4tellerie, qui vise un mod\u00e8le de d\u00e9veloppement plus durable, dans toute une s\u00e9rie de domaines.<\/p>\n<p><b>Nos pratiques en mati\u00e8re de d\u00e9veloppement durable en un coup d&rsquo;\u0153il :<\/b><b><\/b><\/p>\n<p>&nbsp;<\/p>\n<p><b>Politiques environnementales :<\/b><\/p>\n<p>Un syst\u00e8me d&rsquo;\u00e9conomie d&rsquo;\u00e9nergie nous aide \u00e0 comprendre la performance environnementale de notre h\u00f4tel et \u00e0 prendre des mesures contre les effets n\u00e9gatifs, comme la r\u00e9duction et la gestion des d\u00e9chets tout en pr\u00e9servant les ressources naturelles.<\/p>\n<p><b>S\u00e9curit\u00e9 F&amp;B :<\/b><\/p>\n<p>Notre proc\u00e9dure de gestion de la s\u00e9curit\u00e9 alimentaire comprend l&rsquo;identification, l&rsquo;\u00e9valuation et le contr\u00f4le de tous les risques li\u00e9s \u00e0 la s\u00e9curit\u00e9 alimentaire, ainsi que l&rsquo;approvisionnement en mati\u00e8res premi\u00e8res de la plus haute qualit\u00e9.<\/p>\n<p>&nbsp;<\/p>\n<p><b>Actions communautaires : <\/b><br \/>\nNotre <i>h\u00f4tel de luxe \u00e9cologique de Paphos<\/i> apporte des contributions financi\u00e8res et sociales chaque fois que cela est possible, en reconnaissance de l&rsquo;importance qu&rsquo;il accorde \u00e0 la communaut\u00e9 qui l&rsquo;entoure.<\/p>\n<p>&nbsp;<\/p>\n<p><b>Ressources humaines : <\/b><\/p>\n<p>Il n&rsquo;y a pas de discrimination sur notre lieu de travail fond\u00e9e sur l&rsquo;\u00e2ge, la race, le sexe, la nationalit\u00e9, le handicap ou la religion. Nous offrons des possibilit\u00e9s de d\u00e9veloppement au personnel tout en maintenant un processus de recrutement \u00e9quitable et fond\u00e9 sur le m\u00e9rite.<\/p>\n<p>&nbsp;<\/p>\n<p><b>Sant\u00e9 et s\u00e9curit\u00e9 au travail : <\/b><\/p>\n<p>L&rsquo;Asimina Suites Hotel s&rsquo;engage \u00e0 fournir un environnement de travail s\u00fbr et sain o\u00f9 chacun se sent membre d&rsquo;une \u00e9quipe et confiant dans sa capacit\u00e9 \u00e0 remplir ses fonctions. La gentillesse et la s\u00e9curit\u00e9 sont les pierres angulaires de notre culture.<\/p>\n<p>&nbsp;<\/p>\n<p><b>Assurance qualit\u00e9 : <\/b><\/p>\n<p>En am\u00e9liorant continuellement nos services, nous contribuons \u00e0 la satisfaction de nos h\u00f4tes, en am\u00e9liorant \u00e0 la fois la performance de nos produits et le d\u00e9veloppement des personnes, r\u00e9pondant ainsi aux normes de qualit\u00e9 les plus \u00e9lev\u00e9es.<\/p>\n<p>&nbsp;<\/p>\n<p>En savoir plus sur les pratiques de nos <a href=\"https:\/\/www.cbh-cyprus.com\/sustainability\/\">h\u00f4tels durables \u00e0 Chypre<\/a>.<\/p>\n","protected":false},"excerpt":{"rendered":"<p>L&rsquo;Asimina Suites Hotel, qui fait partie des Constantinou Bros Hotels, est un h\u00f4tel de luxe certifi\u00e9 et respectueux de l&rsquo;environnement situ\u00e9 \u00e0 Paphos, le long d&rsquo;une plage de sable priv\u00e9e. La certification Gold de Travelife, que nous avons re\u00e7ue avec grand plaisir, atteste de nos normes \u00e9lev\u00e9es en mati\u00e8re de droits de l&rsquo;homme, de travail,<\/p>\n","protected":false},"author":367,"featured_media":0,"parent":0,"menu_order":0,"comment_status":"closed","ping_status":"closed","template":"","meta":{"_acf_changed":false,"footnotes":""},"class_list":["post-12720","page","type-page","status-publish","hentry"],"acf":[],"yoast_head":"<!-- This site is optimized with the Yoast SEO plugin v27.4 - https:\/\/yoast.com\/product\/yoast-seo-wordpress\/ -->\n<title>D\u00e9veloppement durable| Asimina Suites Hotel<\/title>\n<meta name=\"description\" content=\"L&#039;Asimina Suites Hotel, qui fait partie des Constantinou Bros Hotels, est un h\u00f4tel de luxe certifi\u00e9 et respectueux de l&#039;environnement situ\u00e9 \u00e0 Paphos, le long d&#039;une plage de sable priv\u00e9e.\" \/>\n<meta name=\"robots\" content=\"index, follow, max-snippet:-1, max-image-preview:large, max-video-preview:-1\" \/>\n<link rel=\"canonical\" href=\"https:\/\/www.asimina-cbh.com\/fr\/sustainability\/\" \/>\n<meta property=\"og:locale\" content=\"fr_FR\" \/>\n<meta property=\"og:type\" content=\"article\" \/>\n<meta property=\"og:title\" content=\"D\u00e9veloppement durable| Asimina Suites Hotel\" \/>\n<meta property=\"og:description\" content=\"L&#039;Asimina Suites Hotel, qui fait partie des Constantinou Bros Hotels, est un h\u00f4tel de luxe certifi\u00e9 et respectueux de l&#039;environnement situ\u00e9 \u00e0 Paphos, le long d&#039;une plage de sable priv\u00e9e.\" \/>\n<meta property=\"og:url\" content=\"https:\/\/www.asimina-cbh.com\/fr\/sustainability\/\" \/>\n<meta property=\"og:site_name\" content=\"Asimina Suites Hotel\" \/>\n<meta property=\"article:modified_time\" content=\"2026-01-26T09:48:07+00:00\" \/>\n<meta property=\"og:image\" content=\"https:\/\/www.asimina-cbh.com\/app\/uploads\/sites\/31\/2023\/03\/Travelife-Gold-2.jpg\" \/>\n\t<meta property=\"og:image:width\" content=\"1920\" \/>\n\t<meta property=\"og:image:height\" content=\"1032\" \/>\n\t<meta property=\"og:image:type\" content=\"image\/jpeg\" \/>\n<meta name=\"twitter:card\" content=\"summary_large_image\" \/>\n<meta name=\"twitter:label1\" content=\"Dur\u00e9e de lecture estim\u00e9e\" \/>\n\t<meta name=\"twitter:data1\" content=\"2 minutes\" \/>\n<script type=\"application\/ld+json\" class=\"yoast-schema-graph\">{\"@context\":\"https:\\\/\\\/schema.org\",\"@graph\":[{\"@type\":\"WebPage\",\"@id\":\"https:\\\/\\\/www.asimina-cbh.com\\\/fr\\\/sustainability\\\/\",\"url\":\"https:\\\/\\\/www.asimina-cbh.com\\\/fr\\\/sustainability\\\/\",\"name\":\"D\u00e9veloppement durable| Asimina Suites Hotel\",\"isPartOf\":{\"@id\":\"https:\\\/\\\/www.asimina-cbh.com\\\/fr\\\/#website\"},\"primaryImageOfPage\":{\"@id\":\"https:\\\/\\\/www.asimina-cbh.com\\\/fr\\\/sustainability\\\/#primaryimage\"},\"image\":{\"@id\":\"https:\\\/\\\/www.asimina-cbh.com\\\/fr\\\/sustainability\\\/#primaryimage\"},\"thumbnailUrl\":\"https:\\\/\\\/www.asimina-cbh.com\\\/app\\\/uploads\\\/sites\\\/31\\\/2023\\\/03\\\/Travelife-Gold-2-600x323.jpg\",\"datePublished\":\"2023-09-22T14:45:49+00:00\",\"dateModified\":\"2026-01-26T09:48:07+00:00\",\"description\":\"L'Asimina Suites Hotel, qui fait partie des Constantinou Bros Hotels, est un h\u00f4tel de luxe certifi\u00e9 et respectueux de l'environnement situ\u00e9 \u00e0 Paphos, le long d'une plage de sable priv\u00e9e.\",\"breadcrumb\":{\"@id\":\"https:\\\/\\\/www.asimina-cbh.com\\\/fr\\\/sustainability\\\/#breadcrumb\"},\"inLanguage\":\"fr-FR\",\"potentialAction\":[{\"@type\":\"ReadAction\",\"target\":[\"https:\\\/\\\/www.asimina-cbh.com\\\/fr\\\/sustainability\\\/\"]}]},{\"@type\":\"ImageObject\",\"inLanguage\":\"fr-FR\",\"@id\":\"https:\\\/\\\/www.asimina-cbh.com\\\/fr\\\/sustainability\\\/#primaryimage\",\"url\":\"https:\\\/\\\/www.asimina-cbh.com\\\/app\\\/uploads\\\/sites\\\/31\\\/2023\\\/03\\\/Travelife-Gold-2-600x323.jpg\",\"contentUrl\":\"https:\\\/\\\/www.asimina-cbh.com\\\/app\\\/uploads\\\/sites\\\/31\\\/2023\\\/03\\\/Travelife-Gold-2-600x323.jpg\"},{\"@type\":\"BreadcrumbList\",\"@id\":\"https:\\\/\\\/www.asimina-cbh.com\\\/fr\\\/sustainability\\\/#breadcrumb\",\"itemListElement\":[{\"@type\":\"ListItem\",\"position\":1,\"name\":\"Home\",\"item\":\"https:\\\/\\\/www.asimina-cbh.com\\\/fr\\\/\"},{\"@type\":\"ListItem\",\"position\":2,\"name\":\"Durabilit\u00e9\"}]},{\"@type\":\"WebSite\",\"@id\":\"https:\\\/\\\/www.asimina-cbh.com\\\/fr\\\/#website\",\"url\":\"https:\\\/\\\/www.asimina-cbh.com\\\/fr\\\/\",\"name\":\"Asimina Suites Hotel\",\"description\":\"Constantinou Bros Asimina Suites Hotel, 4 star hotel in Paphos Cyprus\",\"potentialAction\":[{\"@type\":\"SearchAction\",\"target\":{\"@type\":\"EntryPoint\",\"urlTemplate\":\"https:\\\/\\\/www.asimina-cbh.com\\\/fr\\\/?s={search_term_string}\"},\"query-input\":{\"@type\":\"PropertyValueSpecification\",\"valueRequired\":true,\"valueName\":\"search_term_string\"}}],\"inLanguage\":\"fr-FR\"}]}<\/script>\n<!-- \/ Yoast SEO plugin. -->","yoast_head_json":{"title":"D\u00e9veloppement durable| Asimina Suites Hotel","description":"L'Asimina Suites Hotel, qui fait partie des Constantinou Bros Hotels, est un h\u00f4tel de luxe certifi\u00e9 et respectueux de l'environnement situ\u00e9 \u00e0 Paphos, le long d'une plage de sable priv\u00e9e.","robots":{"index":"index","follow":"follow","max-snippet":"max-snippet:-1","max-image-preview":"max-image-preview:large","max-video-preview":"max-video-preview:-1"},"canonical":"https:\/\/www.asimina-cbh.com\/fr\/sustainability\/","og_locale":"fr_FR","og_type":"article","og_title":"D\u00e9veloppement durable| Asimina Suites Hotel","og_description":"L'Asimina Suites Hotel, qui fait partie des Constantinou Bros Hotels, est un h\u00f4tel de luxe certifi\u00e9 et respectueux de l'environnement situ\u00e9 \u00e0 Paphos, le long d'une plage de sable priv\u00e9e.","og_url":"https:\/\/www.asimina-cbh.com\/fr\/sustainability\/","og_site_name":"Asimina Suites Hotel","article_modified_time":"2026-01-26T09:48:07+00:00","og_image":[{"width":1920,"height":1032,"url":"https:\/\/www.asimina-cbh.com\/app\/uploads\/sites\/31\/2023\/03\/Travelife-Gold-2.jpg","type":"image\/jpeg"}],"twitter_card":"summary_large_image","twitter_misc":{"Dur\u00e9e de lecture estim\u00e9e":"2 minutes"},"schema":{"@context":"https:\/\/schema.org","@graph":[{"@type":"WebPage","@id":"https:\/\/www.asimina-cbh.com\/fr\/sustainability\/","url":"https:\/\/www.asimina-cbh.com\/fr\/sustainability\/","name":"D\u00e9veloppement durable| Asimina Suites Hotel","isPartOf":{"@id":"https:\/\/www.asimina-cbh.com\/fr\/#website"},"primaryImageOfPage":{"@id":"https:\/\/www.asimina-cbh.com\/fr\/sustainability\/#primaryimage"},"image":{"@id":"https:\/\/www.asimina-cbh.com\/fr\/sustainability\/#primaryimage"},"thumbnailUrl":"https:\/\/www.asimina-cbh.com\/app\/uploads\/sites\/31\/2023\/03\/Travelife-Gold-2-600x323.jpg","datePublished":"2023-09-22T14:45:49+00:00","dateModified":"2026-01-26T09:48:07+00:00","description":"L'Asimina Suites Hotel, qui fait partie des Constantinou Bros Hotels, est un h\u00f4tel de luxe certifi\u00e9 et respectueux de l'environnement situ\u00e9 \u00e0 Paphos, le long d'une plage de sable priv\u00e9e.","breadcrumb":{"@id":"https:\/\/www.asimina-cbh.com\/fr\/sustainability\/#breadcrumb"},"inLanguage":"fr-FR","potentialAction":[{"@type":"ReadAction","target":["https:\/\/www.asimina-cbh.com\/fr\/sustainability\/"]}]},{"@type":"ImageObject","inLanguage":"fr-FR","@id":"https:\/\/www.asimina-cbh.com\/fr\/sustainability\/#primaryimage","url":"https:\/\/www.asimina-cbh.com\/app\/uploads\/sites\/31\/2023\/03\/Travelife-Gold-2-600x323.jpg","contentUrl":"https:\/\/www.asimina-cbh.com\/app\/uploads\/sites\/31\/2023\/03\/Travelife-Gold-2-600x323.jpg"},{"@type":"BreadcrumbList","@id":"https:\/\/www.asimina-cbh.com\/fr\/sustainability\/#breadcrumb","itemListElement":[{"@type":"ListItem","position":1,"name":"Home","item":"https:\/\/www.asimina-cbh.com\/fr\/"},{"@type":"ListItem","position":2,"name":"Durabilit\u00e9"}]},{"@type":"WebSite","@id":"https:\/\/www.asimina-cbh.com\/fr\/#website","url":"https:\/\/www.asimina-cbh.com\/fr\/","name":"Asimina Suites Hotel","description":"Constantinou Bros Asimina Suites Hotel, 4 star hotel in Paphos Cyprus","potentialAction":[{"@type":"SearchAction","target":{"@type":"EntryPoint","urlTemplate":"https:\/\/www.asimina-cbh.com\/fr\/?s={search_term_string}"},"query-input":{"@type":"PropertyValueSpecification","valueRequired":true,"valueName":"search_term_string"}}],"inLanguage":"fr-FR"}]}},"_links":{"self":[{"href":"https:\/\/www.asimina-cbh.com\/fr\/wp-json\/wp\/v2\/pages\/12720","targetHints":{"allow":["GET"]}}],"collection":[{"href":"https:\/\/www.asimina-cbh.com\/fr\/wp-json\/wp\/v2\/pages"}],"about":[{"href":"https:\/\/www.asimina-cbh.com\/fr\/wp-json\/wp\/v2\/types\/page"}],"author":[{"embeddable":true,"href":"https:\/\/www.asimina-cbh.com\/fr\/wp-json\/wp\/v2\/users\/367"}],"replies":[{"embeddable":true,"href":"https:\/\/www.asimina-cbh.com\/fr\/wp-json\/wp\/v2\/comments?post=12720"}],"version-history":[{"count":5,"href":"https:\/\/www.asimina-cbh.com\/fr\/wp-json\/wp\/v2\/pages\/12720\/revisions"}],"predecessor-version":[{"id":15720,"href":"https:\/\/www.asimina-cbh.com\/fr\/wp-json\/wp\/v2\/pages\/12720\/revisions\/15720"}],"wp:attachment":[{"href":"https:\/\/www.asimina-cbh.com\/fr\/wp-json\/wp\/v2\/media?parent=12720"}],"curies":[{"name":"wp","href":"https:\/\/api.w.org\/{rel}","templated":true}]}}