{"id":12724,"date":"2023-09-22T18:06:40","date_gmt":"2023-09-22T15:06:40","guid":{"rendered":"https:\/\/www.asimina-cbh.com\/honeymoon-holidays\/"},"modified":"2024-09-23T15:04:06","modified_gmt":"2024-09-23T12:04:06","slug":"honeymoon-holidays","status":"publish","type":"page","link":"https:\/\/www.asimina-cbh.com\/fr\/honeymoon-holidays\/","title":{"rendered":"Vacances lune de miel"},"content":{"rendered":"<p>Vos vacances de lune de miel \u00e0 Paphos, \u00e0 l&rsquo;h\u00f4tel Asimina Suites, ne manqueront pas d&rsquo;amplifier l&rsquo;amour que vous partagez. Outre son emplacement sensationnel en bord de mer, le long de la plage de Paphos, qui offre une vue imprenable du matin au soir, l&rsquo;h\u00f4tel cherche \u00e0 envelopper les jeunes mari\u00e9s de mani\u00e8re \u00e0 ce que leur amour s&rsquo;\u00e9panouisse encore davantage.<\/p>\n<p>Choisir l&rsquo;h\u00f4tel Asimina Suites pour vos vacances de lune de miel \u00e0 Paphos sera une exp\u00e9rience que vous et votre bien-aim\u00e9 ch\u00e9rirez toute votre vie.<\/p>\n<p>Voici ce que nous offrons \u00e0 nos jeunes mari\u00e9s pendant leurs vacances de lune de miel :<\/p>\n<ul>\n<li>Une suite d\u00e9cor\u00e9e \u00e0 l&rsquo;arriv\u00e9e, accompagn\u00e9e d&rsquo;une bouteille de vin mousseux.<\/li>\n<li>Un d\u00eener romantique aux chandelles pour deux, \u00e0 titre gracieux.<\/li>\n<li>L&rsquo;utilisation gratuite de notre sauna et de notre bain de vapeur, qui vous d\u00e9tendront davantage, selon les disponibilit\u00e9s.<\/li>\n<li>Une suite surclass\u00e9e, selon les disponibilit\u00e9s.<\/li>\n<\/ul>\n","protected":false},"excerpt":{"rendered":"<p>Vos vacances de lune de miel \u00e0 Paphos, \u00e0 l&rsquo;h\u00f4tel Asimina Suites, ne manqueront pas d&rsquo;amplifier l&rsquo;amour que vous partagez. Outre son emplacement sensationnel en bord de mer, le long de la plage de Paphos, qui offre une vue imprenable du matin au soir, l&rsquo;h\u00f4tel cherche \u00e0 envelopper les jeunes mari\u00e9s de mani\u00e8re \u00e0 ce<\/p>\n","protected":false},"author":100,"featured_media":15847,"parent":0,"menu_order":0,"comment_status":"closed","ping_status":"closed","template":"","meta":{"_acf_changed":false,"footnotes":""},"class_list":["post-12724","page","type-page","status-publish","has-post-thumbnail","hentry"],"acf":[],"yoast_head":"<!-- This site is optimized with the Yoast SEO plugin v27.5 - https:\/\/yoast.com\/product\/yoast-seo-wordpress\/ -->\n<title>Vacances de lune de miel \u00e0 Paphos, Chypre | Asimina Suites Hotel<\/title>\n<meta name=\"description\" content=\"\u00c0 l&#039;h\u00f4tel Asimina Suites, vos vacances de lune de miel \u00e0 Paphos offrent aux jeunes mari\u00e9s des avantages suppl\u00e9mentaires et des exp\u00e9riences romantiques indulgentes.\" \/>\n<meta name=\"robots\" content=\"index, follow, max-snippet:-1, max-image-preview:large, max-video-preview:-1\" \/>\n<link rel=\"canonical\" href=\"https:\/\/www.asimina-cbh.com\/fr\/honeymoon-holidays\/\" \/>\n<meta property=\"og:locale\" content=\"fr_FR\" \/>\n<meta property=\"og:type\" content=\"article\" \/>\n<meta property=\"og:title\" content=\"Vacances de lune de miel \u00e0 Paphos, Chypre | Asimina Suites Hotel\" \/>\n<meta property=\"og:description\" content=\"\u00c0 l&#039;h\u00f4tel Asimina Suites, vos vacances de lune de miel \u00e0 Paphos offrent aux jeunes mari\u00e9s des avantages suppl\u00e9mentaires et des exp\u00e9riences romantiques indulgentes.\" \/>\n<meta property=\"og:url\" content=\"https:\/\/www.asimina-cbh.com\/fr\/honeymoon-holidays\/\" \/>\n<meta property=\"og:site_name\" content=\"Asimina Suites Hotel\" \/>\n<meta property=\"article:modified_time\" content=\"2024-09-23T12:04:06+00:00\" \/>\n<meta property=\"og:image\" content=\"https:\/\/www.asimina-cbh.com\/app\/uploads\/sites\/31\/2020\/09\/42-ASIMINA-SUITES-HOTEL-PRIVATE-DINNER-BY-THE-BEACH.jpg\" \/>\n\t<meta property=\"og:image:width\" content=\"1200\" \/>\n\t<meta property=\"og:image:height\" content=\"798\" \/>\n\t<meta property=\"og:image:type\" content=\"image\/jpeg\" \/>\n<meta name=\"twitter:card\" content=\"summary_large_image\" \/>\n<meta name=\"twitter:label1\" content=\"Dur\u00e9e de lecture estim\u00e9e\" \/>\n\t<meta name=\"twitter:data1\" content=\"1 minute\" \/>\n<script type=\"application\/ld+json\" class=\"yoast-schema-graph\">{\"@context\":\"https:\\\/\\\/schema.org\",\"@graph\":[{\"@type\":\"WebPage\",\"@id\":\"https:\\\/\\\/www.asimina-cbh.com\\\/fr\\\/honeymoon-holidays\\\/\",\"url\":\"https:\\\/\\\/www.asimina-cbh.com\\\/fr\\\/honeymoon-holidays\\\/\",\"name\":\"Vacances de lune de miel \u00e0 Paphos, Chypre | Asimina Suites Hotel\",\"isPartOf\":{\"@id\":\"https:\\\/\\\/www.asimina-cbh.com\\\/fr\\\/#website\"},\"primaryImageOfPage\":{\"@id\":\"https:\\\/\\\/www.asimina-cbh.com\\\/fr\\\/honeymoon-holidays\\\/#primaryimage\"},\"image\":{\"@id\":\"https:\\\/\\\/www.asimina-cbh.com\\\/fr\\\/honeymoon-holidays\\\/#primaryimage\"},\"thumbnailUrl\":\"https:\\\/\\\/www.asimina-cbh.com\\\/app\\\/uploads\\\/sites\\\/31\\\/2026\\\/02\\\/55.1-ASIMINA-SUITES-HOTEL-EXECUTIVE-SUITE-PRIVATE-POOL-SV-1-scaled.jpg\",\"datePublished\":\"2023-09-22T15:06:40+00:00\",\"dateModified\":\"2024-09-23T12:04:06+00:00\",\"description\":\"\u00c0 l'h\u00f4tel Asimina Suites, vos vacances de lune de miel \u00e0 Paphos offrent aux jeunes mari\u00e9s des avantages suppl\u00e9mentaires et des exp\u00e9riences romantiques indulgentes.\",\"breadcrumb\":{\"@id\":\"https:\\\/\\\/www.asimina-cbh.com\\\/fr\\\/honeymoon-holidays\\\/#breadcrumb\"},\"inLanguage\":\"fr-FR\",\"potentialAction\":[{\"@type\":\"ReadAction\",\"target\":[\"https:\\\/\\\/www.asimina-cbh.com\\\/fr\\\/honeymoon-holidays\\\/\"]}]},{\"@type\":\"ImageObject\",\"inLanguage\":\"fr-FR\",\"@id\":\"https:\\\/\\\/www.asimina-cbh.com\\\/fr\\\/honeymoon-holidays\\\/#primaryimage\",\"url\":\"https:\\\/\\\/www.asimina-cbh.com\\\/app\\\/uploads\\\/sites\\\/31\\\/2026\\\/02\\\/55.1-ASIMINA-SUITES-HOTEL-EXECUTIVE-SUITE-PRIVATE-POOL-SV-1-scaled.jpg\",\"contentUrl\":\"https:\\\/\\\/www.asimina-cbh.com\\\/app\\\/uploads\\\/sites\\\/31\\\/2026\\\/02\\\/55.1-ASIMINA-SUITES-HOTEL-EXECUTIVE-SUITE-PRIVATE-POOL-SV-1-scaled.jpg\",\"width\":2560,\"height\":1440},{\"@type\":\"BreadcrumbList\",\"@id\":\"https:\\\/\\\/www.asimina-cbh.com\\\/fr\\\/honeymoon-holidays\\\/#breadcrumb\",\"itemListElement\":[{\"@type\":\"ListItem\",\"position\":1,\"name\":\"Home\",\"item\":\"https:\\\/\\\/www.asimina-cbh.com\\\/fr\\\/\"},{\"@type\":\"ListItem\",\"position\":2,\"name\":\"Vacances lune de miel\"}]},{\"@type\":\"WebSite\",\"@id\":\"https:\\\/\\\/www.asimina-cbh.com\\\/fr\\\/#website\",\"url\":\"https:\\\/\\\/www.asimina-cbh.com\\\/fr\\\/\",\"name\":\"Asimina Suites Hotel\",\"description\":\"Constantinou Bros Asimina Suites Hotel, 4 star hotel in Paphos Cyprus\",\"potentialAction\":[{\"@type\":\"SearchAction\",\"target\":{\"@type\":\"EntryPoint\",\"urlTemplate\":\"https:\\\/\\\/www.asimina-cbh.com\\\/fr\\\/?s={search_term_string}\"},\"query-input\":{\"@type\":\"PropertyValueSpecification\",\"valueRequired\":true,\"valueName\":\"search_term_string\"}}],\"inLanguage\":\"fr-FR\"}]}<\/script>\n<!-- \/ Yoast SEO plugin. -->","yoast_head_json":{"title":"Vacances de lune de miel \u00e0 Paphos, Chypre | Asimina Suites Hotel","description":"\u00c0 l'h\u00f4tel Asimina Suites, vos vacances de lune de miel \u00e0 Paphos offrent aux jeunes mari\u00e9s des avantages suppl\u00e9mentaires et des exp\u00e9riences romantiques indulgentes.","robots":{"index":"index","follow":"follow","max-snippet":"max-snippet:-1","max-image-preview":"max-image-preview:large","max-video-preview":"max-video-preview:-1"},"canonical":"https:\/\/www.asimina-cbh.com\/fr\/honeymoon-holidays\/","og_locale":"fr_FR","og_type":"article","og_title":"Vacances de lune de miel \u00e0 Paphos, Chypre | Asimina Suites Hotel","og_description":"\u00c0 l'h\u00f4tel Asimina Suites, vos vacances de lune de miel \u00e0 Paphos offrent aux jeunes mari\u00e9s des avantages suppl\u00e9mentaires et des exp\u00e9riences romantiques indulgentes.","og_url":"https:\/\/www.asimina-cbh.com\/fr\/honeymoon-holidays\/","og_site_name":"Asimina Suites Hotel","article_modified_time":"2024-09-23T12:04:06+00:00","og_image":[{"width":1200,"height":798,"url":"https:\/\/www.asimina-cbh.com\/app\/uploads\/sites\/31\/2020\/09\/42-ASIMINA-SUITES-HOTEL-PRIVATE-DINNER-BY-THE-BEACH.jpg","type":"image\/jpeg"}],"twitter_card":"summary_large_image","twitter_misc":{"Dur\u00e9e de lecture estim\u00e9e":"1 minute"},"schema":{"@context":"https:\/\/schema.org","@graph":[{"@type":"WebPage","@id":"https:\/\/www.asimina-cbh.com\/fr\/honeymoon-holidays\/","url":"https:\/\/www.asimina-cbh.com\/fr\/honeymoon-holidays\/","name":"Vacances de lune de miel \u00e0 Paphos, Chypre | Asimina Suites Hotel","isPartOf":{"@id":"https:\/\/www.asimina-cbh.com\/fr\/#website"},"primaryImageOfPage":{"@id":"https:\/\/www.asimina-cbh.com\/fr\/honeymoon-holidays\/#primaryimage"},"image":{"@id":"https:\/\/www.asimina-cbh.com\/fr\/honeymoon-holidays\/#primaryimage"},"thumbnailUrl":"https:\/\/www.asimina-cbh.com\/app\/uploads\/sites\/31\/2026\/02\/55.1-ASIMINA-SUITES-HOTEL-EXECUTIVE-SUITE-PRIVATE-POOL-SV-1-scaled.jpg","datePublished":"2023-09-22T15:06:40+00:00","dateModified":"2024-09-23T12:04:06+00:00","description":"\u00c0 l'h\u00f4tel Asimina Suites, vos vacances de lune de miel \u00e0 Paphos offrent aux jeunes mari\u00e9s des avantages suppl\u00e9mentaires et des exp\u00e9riences romantiques indulgentes.","breadcrumb":{"@id":"https:\/\/www.asimina-cbh.com\/fr\/honeymoon-holidays\/#breadcrumb"},"inLanguage":"fr-FR","potentialAction":[{"@type":"ReadAction","target":["https:\/\/www.asimina-cbh.com\/fr\/honeymoon-holidays\/"]}]},{"@type":"ImageObject","inLanguage":"fr-FR","@id":"https:\/\/www.asimina-cbh.com\/fr\/honeymoon-holidays\/#primaryimage","url":"https:\/\/www.asimina-cbh.com\/app\/uploads\/sites\/31\/2026\/02\/55.1-ASIMINA-SUITES-HOTEL-EXECUTIVE-SUITE-PRIVATE-POOL-SV-1-scaled.jpg","contentUrl":"https:\/\/www.asimina-cbh.com\/app\/uploads\/sites\/31\/2026\/02\/55.1-ASIMINA-SUITES-HOTEL-EXECUTIVE-SUITE-PRIVATE-POOL-SV-1-scaled.jpg","width":2560,"height":1440},{"@type":"BreadcrumbList","@id":"https:\/\/www.asimina-cbh.com\/fr\/honeymoon-holidays\/#breadcrumb","itemListElement":[{"@type":"ListItem","position":1,"name":"Home","item":"https:\/\/www.asimina-cbh.com\/fr\/"},{"@type":"ListItem","position":2,"name":"Vacances lune de miel"}]},{"@type":"WebSite","@id":"https:\/\/www.asimina-cbh.com\/fr\/#website","url":"https:\/\/www.asimina-cbh.com\/fr\/","name":"Asimina Suites Hotel","description":"Constantinou Bros Asimina Suites Hotel, 4 star hotel in Paphos Cyprus","potentialAction":[{"@type":"SearchAction","target":{"@type":"EntryPoint","urlTemplate":"https:\/\/www.asimina-cbh.com\/fr\/?s={search_term_string}"},"query-input":{"@type":"PropertyValueSpecification","valueRequired":true,"valueName":"search_term_string"}}],"inLanguage":"fr-FR"}]}},"_links":{"self":[{"href":"https:\/\/www.asimina-cbh.com\/fr\/wp-json\/wp\/v2\/pages\/12724","targetHints":{"allow":["GET"]}}],"collection":[{"href":"https:\/\/www.asimina-cbh.com\/fr\/wp-json\/wp\/v2\/pages"}],"about":[{"href":"https:\/\/www.asimina-cbh.com\/fr\/wp-json\/wp\/v2\/types\/page"}],"author":[{"embeddable":true,"href":"https:\/\/www.asimina-cbh.com\/fr\/wp-json\/wp\/v2\/users\/100"}],"replies":[{"embeddable":true,"href":"https:\/\/www.asimina-cbh.com\/fr\/wp-json\/wp\/v2\/comments?post=12724"}],"version-history":[{"count":5,"href":"https:\/\/www.asimina-cbh.com\/fr\/wp-json\/wp\/v2\/pages\/12724\/revisions"}],"predecessor-version":[{"id":14678,"href":"https:\/\/www.asimina-cbh.com\/fr\/wp-json\/wp\/v2\/pages\/12724\/revisions\/14678"}],"wp:featuredmedia":[{"embeddable":true,"href":"https:\/\/www.asimina-cbh.com\/fr\/wp-json\/wp\/v2\/media\/15847"}],"wp:attachment":[{"href":"https:\/\/www.asimina-cbh.com\/fr\/wp-json\/wp\/v2\/media?parent=12724"}],"curies":[{"name":"wp","href":"https:\/\/api.w.org\/{rel}","templated":true}]}}