{"id":5492,"date":"2022-03-21T11:51:03","date_gmt":"2022-03-21T08:51:03","guid":{"rendered":"https:\/\/www.asimina-cbh.com\/mesures-de-sante-et-de-securite-covid-19\/"},"modified":"2024-09-17T12:36:39","modified_gmt":"2024-09-17T09:36:39","slug":"covid-19-health-safety-measures","status":"publish","type":"page","link":"https:\/\/www.asimina-cbh.com\/fr\/covid-19-health-safety-measures\/","title":{"rendered":"Mesures de sant\u00e9 et de s\u00e9curit\u00e9 COVID-19"},"content":{"rendered":"<p><strong>Constantinou Bros annonce la r\u00e9ouverture de tous les h\u00f4tels<\/strong><\/p>\n<p>Chez Constantinou Bros Hotels, nous avons le plaisir de vous annoncer que nous commen\u00e7ons \u00e0 rouvrir nos h\u00f4tels.<\/p>\n<p>Il ne fait aucun doute que la situation a \u00e9t\u00e9 difficile pour la plan\u00e8te enti\u00e8re, cependant, les mesures strictes qui ont \u00e9t\u00e9 imm\u00e9diatement prises par le gouvernement chypriote et la contribution de chacun pour s&rsquo;y conformer se sont rapidement concr\u00e9tis\u00e9es. L&rsquo;Organisation mondiale de la sant\u00e9 a officiellement annonc\u00e9 que Chypre \u00e9tait <strong>\u00ab le pays m\u00e9diterran\u00e9en le plus s\u00fbr et le cinqui\u00e8me pays le plus s\u00fbr au monde \u00bb. <\/strong>Ayant d\u00e9j\u00e0 travers\u00e9 trois phases d&rsquo;assouplissement progressif des mesures restrictives, Chypre est d\u00e9sormais dans une position privil\u00e9gi\u00e9e pour se vanter de l&rsquo;ouverture et de l&rsquo;exploitation de ses a\u00e9roports, h\u00f4tels, transports en commun, taxis, sites arch\u00e9ologiques, mus\u00e9es, restaurants, bars et centres commerciaux.<\/p>\n<p>Dans nos h\u00f4tels, notre priorit\u00e9 absolue a toujours \u00e9t\u00e9 la s\u00e9curit\u00e9, la sant\u00e9 et le bien-\u00eatre de nos pr\u00e9cieux clients. Avec l&rsquo;apparition de la pand\u00e9mie de Covid-19, ce qui a chang\u00e9 dans les processus que nous avons toujours suivis, c&rsquo;est que nous avons renforc\u00e9 et maximis\u00e9 les mesures d&rsquo;hygi\u00e8ne et de s\u00e9curit\u00e9 existantes, sur la base des protocoles qui nous ont \u00e9t\u00e9 pr\u00e9sent\u00e9s par les organismes officiels ci-dessous, et aussi par consultants, \u00e0 qui nous avons confi\u00e9 le d\u00e9veloppement des nouveaux processus de fonctionnement et la formation de notre personnel :<\/p>\n<p>\u2713 Minist\u00e8re de la Sant\u00e9 de Chypre<br \/>\n\u2713 Centre europ\u00e9en de pr\u00e9vention et de contr\u00f4le des maladies (ECDC)<br \/>\n\u2713 Organisation mondiale de la sant\u00e9<\/p>\n<p>Nous comprenons que les mesures d&rsquo;hygi\u00e8ne et de distanciation sociale concernent chaque voyageur, mais nous voulons vous assurer que nous avons pris, et continuerons de prendre, toutes les mesures n\u00e9cessaires pour la protection de nos clients et de notre personnel, et nous sommes \u00e0 titre indicatif mentionnant les faits saillants ici:<\/p>\n<p>\u27a2 Maintenir l&rsquo;occupation des h\u00f4tels \u00e0 un niveau s\u00e9curitaire<br \/>\n\u27a2 Avis indiquant le nombre maximum de personnes autoris\u00e9es aux entr\u00e9es de tous les espaces publics, restaurants, bars et ascenseurs<br \/>\n\u27a2 Stations de d\u00e9sinfection des mains dans toutes les zones pour les clients et le personnel<br \/>\n\u27a2 Des panneaux de r\u00e9partition transparents entre les employ\u00e9s et les clients \u00e0 la r\u00e9ception et dans les sup\u00e9rettes<br \/>\n\u27a2 Port constant des \u00c9quipements de Protection Individuelle par tout le personnel (masque facial, gants) et dans tous les points de service<br \/>\n\u27a2 Enregistrement en ligne encourag\u00e9 via notre site Web ou l&rsquo;application mobile Constantinou Bros Hotels)<br \/>\n\u27a2 Tous les points de vente fonctionnent sans esp\u00e8ces (frais de chambre ou paiement par carte de cr\u00e9dit uniquement)<br \/>\n\u27a2 D\u00e9sinfection et transfert des bagages des clients par notre personnel \u00e0 l&rsquo;ext\u00e9rieur de la chambre, sauf demande contraire du client<br \/>\n\u27a2 Apr\u00e8s le d\u00e9part, toutes les chambres soigneusement nettoy\u00e9es, a\u00e9r\u00e9es et d\u00e9sinfect\u00e9es et offertes \u00e0 un nouvel arrivant apr\u00e8s un minimum de deux heures<br \/>\n\u27a2 Plaids, menus, magazines et fiches d&rsquo;information retir\u00e9s des chambres (disponibles sur demande)<br \/>\n\u27a2 Les oreillers et couvertures suppl\u00e9mentaires restent dans la chambre emball\u00e9s et scell\u00e9s avec du ruban de d\u00e9sinfection.<br \/>\n\u27a2 Le service de couverture est temporairement suspendu<br \/>\n\u27a2 Toutes les zones, tables, chaises, chaises longues et surfaces \u00e0 contact \u00e9lev\u00e9 (poign\u00e9es de porte, boutons d&rsquo;ascenseur, poign\u00e9es, robinets) constamment d\u00e9sinfect\u00e9es et d\u00e9sinfect\u00e9es<br \/>\n\u27a2 Dans les restaurants et les bars, respect strict de la distance de s\u00e9curit\u00e9 entre les tables et repas propos\u00e9s \u00e0 la fois dans les restaurants et \u2013 si le temps le permet \u2013 en plein air<br \/>\n\u27a2 Les repas proposent une combinaison de choix de buffet et de services, et autant d&rsquo;articles \u00e0 usage unique que possible (menus, nappes, etc.), ainsi que des secondes s\u00e9ances si cela est jug\u00e9 n\u00e9cessaire<br \/>\n\u27a2 A la plage et aux piscines respect strict des distances de s\u00e9curit\u00e9 entre parasols<br \/>\n\u27a2 Sports, gymnases, salons de coiffure, spas &#8211; fonctionnant uniquement sur la base des protocoles<br \/>\n\u27a2 Poursuite des contr\u00f4les stricts par nos \u00e9quipes d\u00e9di\u00e9es quant au respect et \u00e0 la mise en \u0153uvre de toutes les mesures et protocoles pour votre hygi\u00e8ne et votre s\u00e9curit\u00e9<\/p>\n<p style=\"text-align: center;\"><strong>Nos h\u00f4tels rouvriront aux dates suivantes :<\/strong><\/p>\n<p style=\"text-align: center;\">H\u00d4TEL TUI BLUE PIONEER BEACH 28\/06\/2020<br \/>\nH\u00d4TEL CONSTANTINOU BROS ASIMINA SUITES 02\/07\/2020<br \/>\nCONSTANTINOU BROS H\u00d4TEL ATHENA ROYAL BEACH 01\/08\/2020<br \/>\nCONSTANTINOU BROS H\u00d4TEL ATHENA BEACH 19\/08\/2020<\/p>\n<p>Veuillez contacter votre conseiller en voyages pour conna\u00eetre nos offres sp\u00e9ciales ou visiter notre page Web <a href=\"https:\/\/www.cbh-cyprus.com\/\">www.cbh-cyprus.com<\/a><\/p>\n<p>Nous nous r\u00e9jouissons de vous accueillir \u00e0 nouveau au plus vite et de vous offrir des vacances inoubliables au niveau d&rsquo;hospitalit\u00e9 auquel vous \u00eates habitu\u00e9 et que vous avez appris \u00e0 appr\u00e9cier toutes ces ann\u00e9es, agr\u00e9ment\u00e9 d&rsquo;encore plus d&rsquo;attention pour vous et vos proches.<\/p>\n","protected":false},"excerpt":{"rendered":"<p>Constantinou Bros annonce la r\u00e9ouverture de tous les h\u00f4tels Chez Constantinou Bros Hotels, nous avons le plaisir de vous annoncer que nous commen\u00e7ons \u00e0 rouvrir nos h\u00f4tels. Il ne fait aucun doute que la situation a \u00e9t\u00e9 difficile pour la plan\u00e8te enti\u00e8re, cependant, les mesures strictes qui ont \u00e9t\u00e9 imm\u00e9diatement prises par le gouvernement chypriote<\/p>\n","protected":false},"author":1,"featured_media":0,"parent":0,"menu_order":0,"comment_status":"closed","ping_status":"closed","template":"","meta":{"_acf_changed":false,"footnotes":""},"class_list":["post-5492","page","type-page","status-publish","hentry"],"acf":[],"yoast_head":"<!-- This site is optimized with the Yoast SEO plugin v27.5 - https:\/\/yoast.com\/product\/yoast-seo-wordpress\/ -->\n<title>Mesures de sant\u00e9 et de s\u00e9curit\u00e9 COVID-19 - Asimina Suites Hotel<\/title>\n<meta name=\"robots\" content=\"index, follow, max-snippet:-1, max-image-preview:large, max-video-preview:-1\" \/>\n<link rel=\"canonical\" href=\"https:\/\/www.asimina-cbh.com\/fr\/covid-19-health-safety-measures\/\" \/>\n<meta property=\"og:locale\" content=\"fr_FR\" \/>\n<meta property=\"og:type\" content=\"article\" \/>\n<meta property=\"og:title\" content=\"Mesures de sant\u00e9 et de s\u00e9curit\u00e9 COVID-19 - Asimina Suites Hotel\" \/>\n<meta property=\"og:description\" content=\"Constantinou Bros annonce la r\u00e9ouverture de tous les h\u00f4tels Chez Constantinou Bros Hotels, nous avons le plaisir de vous annoncer que nous commen\u00e7ons \u00e0 rouvrir nos h\u00f4tels. Il ne fait aucun doute que la situation a \u00e9t\u00e9 difficile pour la plan\u00e8te enti\u00e8re, cependant, les mesures strictes qui ont \u00e9t\u00e9 imm\u00e9diatement prises par le gouvernement chypriote\" \/>\n<meta property=\"og:url\" content=\"https:\/\/www.asimina-cbh.com\/fr\/covid-19-health-safety-measures\/\" \/>\n<meta property=\"og:site_name\" content=\"Asimina Suites Hotel\" \/>\n<meta property=\"article:modified_time\" content=\"2024-09-17T09:36:39+00:00\" \/>\n<meta name=\"twitter:card\" content=\"summary_large_image\" \/>\n<meta name=\"twitter:label1\" content=\"Dur\u00e9e de lecture estim\u00e9e\" \/>\n\t<meta name=\"twitter:data1\" content=\"4 minutes\" \/>\n<script type=\"application\/ld+json\" class=\"yoast-schema-graph\">{\"@context\":\"https:\\\/\\\/schema.org\",\"@graph\":[{\"@type\":\"WebPage\",\"@id\":\"https:\\\/\\\/www.asimina-cbh.com\\\/fr\\\/covid-19-health-safety-measures\\\/\",\"url\":\"https:\\\/\\\/www.asimina-cbh.com\\\/fr\\\/covid-19-health-safety-measures\\\/\",\"name\":\"Mesures de sant\u00e9 et de s\u00e9curit\u00e9 COVID-19 - Asimina Suites Hotel\",\"isPartOf\":{\"@id\":\"https:\\\/\\\/www.asimina-cbh.com\\\/fr\\\/#website\"},\"datePublished\":\"2022-03-21T08:51:03+00:00\",\"dateModified\":\"2024-09-17T09:36:39+00:00\",\"breadcrumb\":{\"@id\":\"https:\\\/\\\/www.asimina-cbh.com\\\/fr\\\/covid-19-health-safety-measures\\\/#breadcrumb\"},\"inLanguage\":\"fr-FR\",\"potentialAction\":[{\"@type\":\"ReadAction\",\"target\":[\"https:\\\/\\\/www.asimina-cbh.com\\\/fr\\\/covid-19-health-safety-measures\\\/\"]}]},{\"@type\":\"BreadcrumbList\",\"@id\":\"https:\\\/\\\/www.asimina-cbh.com\\\/fr\\\/covid-19-health-safety-measures\\\/#breadcrumb\",\"itemListElement\":[{\"@type\":\"ListItem\",\"position\":1,\"name\":\"Home\",\"item\":\"https:\\\/\\\/www.asimina-cbh.com\\\/fr\\\/\"},{\"@type\":\"ListItem\",\"position\":2,\"name\":\"Mesures de sant\u00e9 et de s\u00e9curit\u00e9 COVID-19\"}]},{\"@type\":\"WebSite\",\"@id\":\"https:\\\/\\\/www.asimina-cbh.com\\\/fr\\\/#website\",\"url\":\"https:\\\/\\\/www.asimina-cbh.com\\\/fr\\\/\",\"name\":\"Asimina Suites Hotel\",\"description\":\"Constantinou Bros Asimina Suites Hotel, 4 star hotel in Paphos Cyprus\",\"potentialAction\":[{\"@type\":\"SearchAction\",\"target\":{\"@type\":\"EntryPoint\",\"urlTemplate\":\"https:\\\/\\\/www.asimina-cbh.com\\\/fr\\\/?s={search_term_string}\"},\"query-input\":{\"@type\":\"PropertyValueSpecification\",\"valueRequired\":true,\"valueName\":\"search_term_string\"}}],\"inLanguage\":\"fr-FR\"}]}<\/script>\n<!-- \/ Yoast SEO plugin. -->","yoast_head_json":{"title":"Mesures de sant\u00e9 et de s\u00e9curit\u00e9 COVID-19 - Asimina Suites Hotel","robots":{"index":"index","follow":"follow","max-snippet":"max-snippet:-1","max-image-preview":"max-image-preview:large","max-video-preview":"max-video-preview:-1"},"canonical":"https:\/\/www.asimina-cbh.com\/fr\/covid-19-health-safety-measures\/","og_locale":"fr_FR","og_type":"article","og_title":"Mesures de sant\u00e9 et de s\u00e9curit\u00e9 COVID-19 - Asimina Suites Hotel","og_description":"Constantinou Bros annonce la r\u00e9ouverture de tous les h\u00f4tels Chez Constantinou Bros Hotels, nous avons le plaisir de vous annoncer que nous commen\u00e7ons \u00e0 rouvrir nos h\u00f4tels. Il ne fait aucun doute que la situation a \u00e9t\u00e9 difficile pour la plan\u00e8te enti\u00e8re, cependant, les mesures strictes qui ont \u00e9t\u00e9 imm\u00e9diatement prises par le gouvernement chypriote","og_url":"https:\/\/www.asimina-cbh.com\/fr\/covid-19-health-safety-measures\/","og_site_name":"Asimina Suites Hotel","article_modified_time":"2024-09-17T09:36:39+00:00","twitter_card":"summary_large_image","twitter_misc":{"Dur\u00e9e de lecture estim\u00e9e":"4 minutes"},"schema":{"@context":"https:\/\/schema.org","@graph":[{"@type":"WebPage","@id":"https:\/\/www.asimina-cbh.com\/fr\/covid-19-health-safety-measures\/","url":"https:\/\/www.asimina-cbh.com\/fr\/covid-19-health-safety-measures\/","name":"Mesures de sant\u00e9 et de s\u00e9curit\u00e9 COVID-19 - Asimina Suites Hotel","isPartOf":{"@id":"https:\/\/www.asimina-cbh.com\/fr\/#website"},"datePublished":"2022-03-21T08:51:03+00:00","dateModified":"2024-09-17T09:36:39+00:00","breadcrumb":{"@id":"https:\/\/www.asimina-cbh.com\/fr\/covid-19-health-safety-measures\/#breadcrumb"},"inLanguage":"fr-FR","potentialAction":[{"@type":"ReadAction","target":["https:\/\/www.asimina-cbh.com\/fr\/covid-19-health-safety-measures\/"]}]},{"@type":"BreadcrumbList","@id":"https:\/\/www.asimina-cbh.com\/fr\/covid-19-health-safety-measures\/#breadcrumb","itemListElement":[{"@type":"ListItem","position":1,"name":"Home","item":"https:\/\/www.asimina-cbh.com\/fr\/"},{"@type":"ListItem","position":2,"name":"Mesures de sant\u00e9 et de s\u00e9curit\u00e9 COVID-19"}]},{"@type":"WebSite","@id":"https:\/\/www.asimina-cbh.com\/fr\/#website","url":"https:\/\/www.asimina-cbh.com\/fr\/","name":"Asimina Suites Hotel","description":"Constantinou Bros Asimina Suites Hotel, 4 star hotel in Paphos Cyprus","potentialAction":[{"@type":"SearchAction","target":{"@type":"EntryPoint","urlTemplate":"https:\/\/www.asimina-cbh.com\/fr\/?s={search_term_string}"},"query-input":{"@type":"PropertyValueSpecification","valueRequired":true,"valueName":"search_term_string"}}],"inLanguage":"fr-FR"}]}},"_links":{"self":[{"href":"https:\/\/www.asimina-cbh.com\/fr\/wp-json\/wp\/v2\/pages\/5492","targetHints":{"allow":["GET"]}}],"collection":[{"href":"https:\/\/www.asimina-cbh.com\/fr\/wp-json\/wp\/v2\/pages"}],"about":[{"href":"https:\/\/www.asimina-cbh.com\/fr\/wp-json\/wp\/v2\/types\/page"}],"author":[{"embeddable":true,"href":"https:\/\/www.asimina-cbh.com\/fr\/wp-json\/wp\/v2\/users\/1"}],"replies":[{"embeddable":true,"href":"https:\/\/www.asimina-cbh.com\/fr\/wp-json\/wp\/v2\/comments?post=5492"}],"version-history":[{"count":4,"href":"https:\/\/www.asimina-cbh.com\/fr\/wp-json\/wp\/v2\/pages\/5492\/revisions"}],"predecessor-version":[{"id":14530,"href":"https:\/\/www.asimina-cbh.com\/fr\/wp-json\/wp\/v2\/pages\/5492\/revisions\/14530"}],"wp:attachment":[{"href":"https:\/\/www.asimina-cbh.com\/fr\/wp-json\/wp\/v2\/media?parent=5492"}],"curies":[{"name":"wp","href":"https:\/\/api.w.org\/{rel}","templated":true}]}}