{"id":5502,"date":"2022-03-21T13:05:42","date_gmt":"2022-03-21T10:05:42","guid":{"rendered":"https:\/\/www.asimina-cbh.com\/constantinou-bros-announces-the-reopening-of-all-hotels\/"},"modified":"2024-09-17T12:36:50","modified_gmt":"2024-09-17T09:36:50","slug":"constantinou-bros-announces-the-reopening-of-all-hotels","status":"publish","type":"page","link":"https:\/\/www.asimina-cbh.com\/fr\/news\/constantinou-bros-announces-the-reopening-of-all-hotels\/","title":{"rendered":"R\u00e9ouverture des h\u00f4tels Constantinou Bros."},"content":{"rendered":"<p>Chez Constantinou Bros Hotels, nous avons le plaisir d&rsquo;annoncer la r\u00e9ouverture de tous nos h\u00f4tels. Il ne fait aucun doute que la situation a \u00e9t\u00e9 difficile pour la plan\u00e8te enti\u00e8re, mais les mesures strictes qui ont \u00e9t\u00e9 imm\u00e9diatement prises par le gouvernement chypriote et la contribution de chacun pour s&rsquo;y conformer ont rapidement port\u00e9 leurs fruits. L&rsquo;Organisation mondiale de la sant\u00e9 a officiellement annonc\u00e9 que Chypre \u00e9tait \u00ab\u00a0le pays m\u00e9diterran\u00e9en le plus s\u00fbr et le cinqui\u00e8me pays le plus s\u00fbr du monde\u00a0\u00bb. Ayant d\u00e9j\u00e0 travers\u00e9 trois phases d&rsquo;assouplissement progressif des mesures restrictives, Chypre se trouve aujourd&rsquo;hui dans une position privil\u00e9gi\u00e9e pour se vanter de l&rsquo;ouverture et du fonctionnement de ses a\u00e9roports, h\u00f4tels, transports publics, taxis, sites arch\u00e9ologiques, mus\u00e9es, restaurants, bars et centres commerciaux. Dans nos h\u00f4tels, notre priorit\u00e9 absolue a toujours \u00e9t\u00e9 la s\u00e9curit\u00e9, la sant\u00e9 et le bien-\u00eatre de nos pr\u00e9cieux clients. Avec l&rsquo;apparition de la pand\u00e9mie de Covid-19, ce qui a chang\u00e9 dans les processus que nous avons toujours suivis, c&rsquo;est que nous avons renforc\u00e9 et maximis\u00e9 les mesures d&rsquo;hygi\u00e8ne et de s\u00e9curit\u00e9, sur la base des protocoles qui nous ont \u00e9t\u00e9 pr\u00e9sent\u00e9s par les organismes officiels ci-dessous, et aussi par des consultants, \u00e0 qui nous avons confi\u00e9 le d\u00e9veloppement des nouveaux processus op\u00e9rationnels et la formation de notre personnel :<\/p>\n<ul>\n<li>Minist\u00e8re de la sant\u00e9 de Chypre<\/li>\n<li>Centre europ\u00e9en de pr\u00e9vention et de contr\u00f4le des maladies (ECDC)<\/li>\n<li>Organisation mondiale de la sant\u00e9<\/li>\n<\/ul>\n<p>Nous comprenons que les mesures d&rsquo;hygi\u00e8ne et de distanciation sociale concernent chaque voyageur, mais nous voulons vous assurer que nous avons pris, et que nous continuerons \u00e0 prendre, toutes les mesures n\u00e9cessaires \u00e0 la protection de nos h\u00f4tes et de notre personnel, et nous en mentionnons ici les points saillants \u00e0 titre indicatif :<\/p>\n<ul>\n<li>maintenir le taux d&rsquo;occupation des h\u00f4tels \u00e0 un niveau s\u00fbr<\/li>\n<li>Adapter le fonctionnement de l&rsquo;h\u00f4tel pour garantir le respect des distances suffisantes.<\/li>\n<li>Postes de d\u00e9sinfection des mains dans toutes les zones pour les clients et le personnel.<\/li>\n<li>Panneaux de s\u00e9paration transparents entre employ\u00e9s et clients \u00e0 la r\u00e9ception et dans les sup\u00e9rettes<\/li>\n<li>Port permanent d&rsquo;\u00e9quipements de protection individuelle par l&rsquo;ensemble du personnel (masque, gants) et \u00e0 tous les points de service.<\/li>\n<li>L&rsquo;enregistrement en ligne est encourag\u00e9<\/li>\n<li>Tous les points de vente fonctionnent sans argent liquide (paiement par chambre ou par carte de cr\u00e9dit uniquement).<\/li>\n<li>D\u00e9sinfection et transfert des bagages des clients par notre personnel en dehors de la chambre, sauf demande contraire du client.<\/li>\n<li>Apr\u00e8s le d\u00e9part, toutes les chambres sont soigneusement nettoy\u00e9es, a\u00e9r\u00e9es et d\u00e9sinfect\u00e9es et propos\u00e9es \u00e0 un nouvel arrivant apr\u00e8s un minimum de deux heures.<\/li>\n<li>Couvre-lits, oreillers suppl\u00e9mentaires, couvertures, menus, magazines et feuilles d&rsquo;information retir\u00e9s des chambres (disponibles sur demande).<\/li>\n<li>Toutes les zones, les tables, les chaises, les chaises longues et les surfaces \u00e0 fort contact (poign\u00e9es de porte, boutons d&rsquo;ascenseur, poign\u00e9es, robinets) sont constamment d\u00e9sinfect\u00e9es et assainies.<\/li>\n<li>Distance de s\u00e9curit\u00e9 de 3m<sup>2<\/sup> par client dans les restaurants et les bars, et repas propos\u00e9s dans les restaurants et &#8211; si le temps le permet &#8211; en plein air.<\/li>\n<li>Les clients continueront de b\u00e9n\u00e9ficier d&rsquo;une vari\u00e9t\u00e9 d&rsquo;options de restauration, notamment des buffets, des menus fixes et des menus \u00e0 la carte. Les restaurants ouvriront progressivement en fonction de l&rsquo;occupation de l&rsquo;h\u00f4tel.<\/li>\n<li>A la plage et aux piscines, respect strict d&rsquo;une distance de s\u00e9curit\u00e9 de 4m entre les parasols ; chaque ensemble parasol et deux chaises longues est plac\u00e9 \u00e0 une distance de 2m.<\/li>\n<li>Autorisation d&rsquo;une personne par 5m<sup>2<\/sup> d&rsquo;eau dans les piscines.<\/li>\n<li>Sports, gymnases, salons de coiffure, spas &#8211; fonctionnement uniquement sur la base des protocoles<\/li>\n<li>Contr\u00f4les stricts continus par nos \u00e9quipes d\u00e9di\u00e9es concernant le respect et la mise en \u0153uvre de toutes les mesures et protocoles pour votre hygi\u00e8ne et votre s\u00e9curit\u00e9.<\/li>\n<\/ul>\n<p>&nbsp;<\/p>\n<p style=\"text-align: center;\"><strong>Nos h\u00f4tels rouvriront leurs portes aux dates suivantes :<\/strong><\/p>\n<p style=\"text-align: center;\">H\u00d4TEL TUI BLUE PIONEER BEACH 28\/06\/2020<\/p>\n<p style=\"text-align: center;\">CONSTANTINOU BROS ATHENA BEACH HOTEL 01\/08\/2020<\/p>\n<p style=\"text-align: center;\">CONSTANTINOU BROS H\u00d4TEL ATHENA ROYAL BEACH 01\/08\/2020<\/p>\n<p style=\"text-align: center;\">H\u00d4TEL CONSTANTINOU BROS ASIMINA SUITES 02\/07\/2020<\/p>\n<p>\u00a0 Veuillez contacter votre conseiller en voyages pour conna\u00eetre nos offres sp\u00e9ciales ou visitez notre page web. <a href=\"http:\/\/www.cbh-cyprus.com\">www.cbh-cyprus.com<\/a> Nous nous r\u00e9jouissons de vous accueillir \u00e0 nouveau le plus t\u00f4t possible et de vous offrir des vacances inoubliables, avec le niveau d&rsquo;hospitalit\u00e9 auquel vous \u00eates habitu\u00e9s et que vous avez appris \u00e0 appr\u00e9cier au fil des ans, et avec encore plus de soins pour vous et vos proches.<\/p>\n","protected":false},"excerpt":{"rendered":"<p>Chez Constantinou Bros Hotels, nous avons le plaisir d&rsquo;annoncer la r\u00e9ouverture de tous nos h\u00f4tels. Il ne fait aucun doute que la situation a \u00e9t\u00e9 difficile pour la plan\u00e8te enti\u00e8re, mais les mesures strictes qui ont \u00e9t\u00e9 imm\u00e9diatement prises par le gouvernement chypriote et la contribution de chacun pour s&rsquo;y conformer ont rapidement port\u00e9 leurs<\/p>\n","protected":false},"author":1,"featured_media":0,"parent":5572,"menu_order":0,"comment_status":"closed","ping_status":"closed","template":"","meta":{"_acf_changed":false,"footnotes":""},"class_list":["post-5502","page","type-page","status-publish","hentry"],"acf":[],"yoast_head":"<!-- This site is optimized with the Yoast SEO plugin v27.5 - https:\/\/yoast.com\/product\/yoast-seo-wordpress\/ -->\n<title>R\u00e9ouverture des h\u00f4tels Constantinou Bros. - Asimina Suites Hotel<\/title>\n<meta name=\"robots\" content=\"index, follow, max-snippet:-1, max-image-preview:large, max-video-preview:-1\" \/>\n<link rel=\"canonical\" href=\"https:\/\/www.asimina-cbh.com\/fr\/news\/constantinou-bros-announces-the-reopening-of-all-hotels\/\" \/>\n<meta property=\"og:locale\" content=\"fr_FR\" \/>\n<meta property=\"og:type\" content=\"article\" \/>\n<meta property=\"og:title\" content=\"R\u00e9ouverture des h\u00f4tels Constantinou Bros. - Asimina Suites Hotel\" \/>\n<meta property=\"og:description\" content=\"Chez Constantinou Bros Hotels, nous avons le plaisir d&rsquo;annoncer la r\u00e9ouverture de tous nos h\u00f4tels. Il ne fait aucun doute que la situation a \u00e9t\u00e9 difficile pour la plan\u00e8te enti\u00e8re, mais les mesures strictes qui ont \u00e9t\u00e9 imm\u00e9diatement prises par le gouvernement chypriote et la contribution de chacun pour s&rsquo;y conformer ont rapidement port\u00e9 leurs\" \/>\n<meta property=\"og:url\" content=\"https:\/\/www.asimina-cbh.com\/fr\/news\/constantinou-bros-announces-the-reopening-of-all-hotels\/\" \/>\n<meta property=\"og:site_name\" content=\"Asimina Suites Hotel\" \/>\n<meta property=\"article:modified_time\" content=\"2024-09-17T09:36:50+00:00\" \/>\n<meta name=\"twitter:card\" content=\"summary_large_image\" \/>\n<meta name=\"twitter:label1\" content=\"Dur\u00e9e de lecture estim\u00e9e\" \/>\n\t<meta name=\"twitter:data1\" content=\"4 minutes\" \/>\n<script type=\"application\/ld+json\" class=\"yoast-schema-graph\">{\"@context\":\"https:\\\/\\\/schema.org\",\"@graph\":[{\"@type\":\"WebPage\",\"@id\":\"https:\\\/\\\/www.asimina-cbh.com\\\/fr\\\/news\\\/constantinou-bros-announces-the-reopening-of-all-hotels\\\/\",\"url\":\"https:\\\/\\\/www.asimina-cbh.com\\\/fr\\\/news\\\/constantinou-bros-announces-the-reopening-of-all-hotels\\\/\",\"name\":\"R\u00e9ouverture des h\u00f4tels Constantinou Bros. - Asimina Suites Hotel\",\"isPartOf\":{\"@id\":\"https:\\\/\\\/www.asimina-cbh.com\\\/fr\\\/#website\"},\"datePublished\":\"2022-03-21T10:05:42+00:00\",\"dateModified\":\"2024-09-17T09:36:50+00:00\",\"breadcrumb\":{\"@id\":\"https:\\\/\\\/www.asimina-cbh.com\\\/fr\\\/news\\\/constantinou-bros-announces-the-reopening-of-all-hotels\\\/#breadcrumb\"},\"inLanguage\":\"fr-FR\",\"potentialAction\":[{\"@type\":\"ReadAction\",\"target\":[\"https:\\\/\\\/www.asimina-cbh.com\\\/fr\\\/news\\\/constantinou-bros-announces-the-reopening-of-all-hotels\\\/\"]}]},{\"@type\":\"BreadcrumbList\",\"@id\":\"https:\\\/\\\/www.asimina-cbh.com\\\/fr\\\/news\\\/constantinou-bros-announces-the-reopening-of-all-hotels\\\/#breadcrumb\",\"itemListElement\":[{\"@type\":\"ListItem\",\"position\":1,\"name\":\"Home\",\"item\":\"https:\\\/\\\/www.asimina-cbh.com\\\/fr\\\/\"},{\"@type\":\"ListItem\",\"position\":2,\"name\":\"Nouvelles\",\"item\":\"https:\\\/\\\/www.asimina-cbh.com\\\/fr\\\/news\\\/\"},{\"@type\":\"ListItem\",\"position\":3,\"name\":\"R\u00e9ouverture des h\u00f4tels Constantinou Bros.\"}]},{\"@type\":\"WebSite\",\"@id\":\"https:\\\/\\\/www.asimina-cbh.com\\\/fr\\\/#website\",\"url\":\"https:\\\/\\\/www.asimina-cbh.com\\\/fr\\\/\",\"name\":\"Asimina Suites Hotel\",\"description\":\"Constantinou Bros Asimina Suites Hotel, 4 star hotel in Paphos Cyprus\",\"potentialAction\":[{\"@type\":\"SearchAction\",\"target\":{\"@type\":\"EntryPoint\",\"urlTemplate\":\"https:\\\/\\\/www.asimina-cbh.com\\\/fr\\\/?s={search_term_string}\"},\"query-input\":{\"@type\":\"PropertyValueSpecification\",\"valueRequired\":true,\"valueName\":\"search_term_string\"}}],\"inLanguage\":\"fr-FR\"}]}<\/script>\n<!-- \/ Yoast SEO plugin. -->","yoast_head_json":{"title":"R\u00e9ouverture des h\u00f4tels Constantinou Bros. - Asimina Suites Hotel","robots":{"index":"index","follow":"follow","max-snippet":"max-snippet:-1","max-image-preview":"max-image-preview:large","max-video-preview":"max-video-preview:-1"},"canonical":"https:\/\/www.asimina-cbh.com\/fr\/news\/constantinou-bros-announces-the-reopening-of-all-hotels\/","og_locale":"fr_FR","og_type":"article","og_title":"R\u00e9ouverture des h\u00f4tels Constantinou Bros. - Asimina Suites Hotel","og_description":"Chez Constantinou Bros Hotels, nous avons le plaisir d&rsquo;annoncer la r\u00e9ouverture de tous nos h\u00f4tels. Il ne fait aucun doute que la situation a \u00e9t\u00e9 difficile pour la plan\u00e8te enti\u00e8re, mais les mesures strictes qui ont \u00e9t\u00e9 imm\u00e9diatement prises par le gouvernement chypriote et la contribution de chacun pour s&rsquo;y conformer ont rapidement port\u00e9 leurs","og_url":"https:\/\/www.asimina-cbh.com\/fr\/news\/constantinou-bros-announces-the-reopening-of-all-hotels\/","og_site_name":"Asimina Suites Hotel","article_modified_time":"2024-09-17T09:36:50+00:00","twitter_card":"summary_large_image","twitter_misc":{"Dur\u00e9e de lecture estim\u00e9e":"4 minutes"},"schema":{"@context":"https:\/\/schema.org","@graph":[{"@type":"WebPage","@id":"https:\/\/www.asimina-cbh.com\/fr\/news\/constantinou-bros-announces-the-reopening-of-all-hotels\/","url":"https:\/\/www.asimina-cbh.com\/fr\/news\/constantinou-bros-announces-the-reopening-of-all-hotels\/","name":"R\u00e9ouverture des h\u00f4tels Constantinou Bros. - Asimina Suites Hotel","isPartOf":{"@id":"https:\/\/www.asimina-cbh.com\/fr\/#website"},"datePublished":"2022-03-21T10:05:42+00:00","dateModified":"2024-09-17T09:36:50+00:00","breadcrumb":{"@id":"https:\/\/www.asimina-cbh.com\/fr\/news\/constantinou-bros-announces-the-reopening-of-all-hotels\/#breadcrumb"},"inLanguage":"fr-FR","potentialAction":[{"@type":"ReadAction","target":["https:\/\/www.asimina-cbh.com\/fr\/news\/constantinou-bros-announces-the-reopening-of-all-hotels\/"]}]},{"@type":"BreadcrumbList","@id":"https:\/\/www.asimina-cbh.com\/fr\/news\/constantinou-bros-announces-the-reopening-of-all-hotels\/#breadcrumb","itemListElement":[{"@type":"ListItem","position":1,"name":"Home","item":"https:\/\/www.asimina-cbh.com\/fr\/"},{"@type":"ListItem","position":2,"name":"Nouvelles","item":"https:\/\/www.asimina-cbh.com\/fr\/news\/"},{"@type":"ListItem","position":3,"name":"R\u00e9ouverture des h\u00f4tels Constantinou Bros."}]},{"@type":"WebSite","@id":"https:\/\/www.asimina-cbh.com\/fr\/#website","url":"https:\/\/www.asimina-cbh.com\/fr\/","name":"Asimina Suites Hotel","description":"Constantinou Bros Asimina Suites Hotel, 4 star hotel in Paphos Cyprus","potentialAction":[{"@type":"SearchAction","target":{"@type":"EntryPoint","urlTemplate":"https:\/\/www.asimina-cbh.com\/fr\/?s={search_term_string}"},"query-input":{"@type":"PropertyValueSpecification","valueRequired":true,"valueName":"search_term_string"}}],"inLanguage":"fr-FR"}]}},"_links":{"self":[{"href":"https:\/\/www.asimina-cbh.com\/fr\/wp-json\/wp\/v2\/pages\/5502","targetHints":{"allow":["GET"]}}],"collection":[{"href":"https:\/\/www.asimina-cbh.com\/fr\/wp-json\/wp\/v2\/pages"}],"about":[{"href":"https:\/\/www.asimina-cbh.com\/fr\/wp-json\/wp\/v2\/types\/page"}],"author":[{"embeddable":true,"href":"https:\/\/www.asimina-cbh.com\/fr\/wp-json\/wp\/v2\/users\/1"}],"replies":[{"embeddable":true,"href":"https:\/\/www.asimina-cbh.com\/fr\/wp-json\/wp\/v2\/comments?post=5502"}],"version-history":[{"count":4,"href":"https:\/\/www.asimina-cbh.com\/fr\/wp-json\/wp\/v2\/pages\/5502\/revisions"}],"predecessor-version":[{"id":14532,"href":"https:\/\/www.asimina-cbh.com\/fr\/wp-json\/wp\/v2\/pages\/5502\/revisions\/14532"}],"up":[{"embeddable":true,"href":"https:\/\/www.asimina-cbh.com\/fr\/wp-json\/wp\/v2\/pages\/5572"}],"wp:attachment":[{"href":"https:\/\/www.asimina-cbh.com\/fr\/wp-json\/wp\/v2\/media?parent=5502"}],"curies":[{"name":"wp","href":"https:\/\/api.w.org\/{rel}","templated":true}]}}