{"id":5506,"date":"2022-03-21T13:06:50","date_gmt":"2022-03-21T10:06:50","guid":{"rendered":"https:\/\/www.asimina-cbh.com\/user-agreement\/"},"modified":"2024-09-23T18:10:03","modified_gmt":"2024-09-23T15:10:03","slug":"user-agreement","status":"publish","type":"page","link":"https:\/\/www.asimina-cbh.com\/fr\/user-agreement\/","title":{"rendered":"Accord de l&rsquo;utilisateur"},"content":{"rendered":"<p>Copyright \u00a9Constantinou Bros Hotels Ltd 2019. Tous droits r\u00e9serv\u00e9s<\/p>\n<h4>Conditions d&rsquo;utilisation des sites web de Constantinou Bros Hotels :<\/h4>\n<p><a href=\"https:\/\/www.cbh-cyprus.com\/\">https:\/\/www.cbh-cyprus.com &#8211; CONSTANTINOU BROS HOTELS PUBLIC CO.<\/a> <a href=\"https:\/\/www.cbh-cyprus.com\/\">LTD &#8211; HE 38303 &#8211; THEAS APHRODITES AVENUE 8101, PAPHOS<\/a><br \/>\n<a href=\"https:\/\/www.athena-cbh.com\/\">https:\/\/www.athena-cbh.com &#8211; ATHENA BEACH HOTEL = CONSTANTINOU BROS HOTELS PUBLIC CO.<\/a> <a href=\"https:\/\/www.athena-cbh.com\/\">LTD &#8211; HE 38303 &#8211; THEAS APHRODITES AVENUE 8101, PAPHOS<\/a><br \/>\n<a href=\"https:\/\/www.athenaroyal-cbh.com\/\">https:\/\/www.athenaroyal-cbh.com &#8211; ATHENA ROYA BEACH HOTEL = LAYSTER INVESTMENTS PLC &#8211; HE 106396 &#8211; THEAS APHRODITES AVENUE 8101, PAPHOS<\/a><br \/>\n<a href=\"https:\/\/www.pioneer-cbh.com\/\">https:\/\/www.pioneer-cbh.com &#8211; PIONEER BEACH HOTEL = KINGS HEAD DEVELOPMENT PLC &#8211; HE 11041 &#8211; THEAS APHRODITES AVENUE 8101, PAPHOS<\/a><br \/>\n<a href=\"https:\/\/www.asimina-cbh.com\/\">https:\/\/www.asimina-cbh.com &#8211; ASIMINA SUITES HOTEL = PAPHOS STONE C. ESTATES PLC &#8211; HE 10098 &#8211; THEAS APHRODITES AVENUE 8101, PAPHOS<\/a><br \/>\n<a href=\"https:\/\/www.cbh-loyaltyclub.com\/\">https:\/\/www.cbh-loyaltyclub.com &#8211; CONSTANTINOU BROS HOTELS PUBLIC CO.<\/a> <a href=\"https:\/\/www.cbh-loyaltyclub.com\/\">LTD &#8211; HE 38303 &#8211; THEAS APHRODITES AVENUE 8101, PAPHOS<\/a><\/p>\n<p>Les utilisateurs ont acc\u00e8s aux informations et au mat\u00e9riel de nos sites web pour leur usage personnel uniquement. Vous n&rsquo;\u00eates pas autoris\u00e9 \u00e0 modifier, copier ou distribuer de quelque mani\u00e8re que ce soit les documents de Constantinou Bros Hotels et leur contenu, y compris les textes et les graphiques, sans l&rsquo;autorisation expresse de Constantinou Bros Hotels.<\/p>\n<p><b><strong>Clause de non-responsabilit\u00e9<\/strong><\/b><\/p>\n<p>Constantinou Bros Hotels s&rsquo;efforce d&rsquo;assurer l&rsquo;exactitude des informations contenues dans ses sites Web. Toutefois, les h\u00f4tels Constantinou Bros ne donnent aucune garantie, expresse ou implicite, quant \u00e0 leur pr\u00e9cision, leur exactitude et leur exhaustivit\u00e9. Les h\u00f4tels Constantinou Bros ne sont pas responsables du contenu des sites Web externes li\u00e9s \u00e0 leurs sites par un hyperlien. La mention de produits ou de services de tiers n&rsquo;est faite qu&rsquo;\u00e0 titre d&rsquo;information et ne constitue ni une approbation ni une recommandation.<\/p>\n<p><b><strong>Droits d&rsquo;auteur<\/strong><\/b><\/p>\n<p>Tout le contenu des sites Web de Constantinou Bros Hotels, tel que les textes, les graphiques, les logos, les ic\u00f4nes, les images, les t\u00e9l\u00e9chargements num\u00e9riques, les compilations de donn\u00e9es et les logiciels, est la propri\u00e9t\u00e9 de Constantinou Bros Hotels, de ses conc\u00e9dants ou de ses fournisseurs de contenu et est prot\u00e9g\u00e9 par les lois chypriotes et internationales sur les droits d&rsquo;auteur. La compilation de tout le contenu de ces sites Web est la propri\u00e9t\u00e9 exclusive de Constantinou Bros Hotels et est prot\u00e9g\u00e9e par les lois chypriotes et internationales sur les droits d&rsquo;auteur. Tous les logiciels utilis\u00e9s sur ces sites Web sont la propri\u00e9t\u00e9 de Constantinou Bros Hotels ou de ses fournisseurs de logiciels et sont prot\u00e9g\u00e9s par les lois chypriotes et internationales sur les droits d&rsquo;auteur.<\/p>\n<p><b><strong>Marques d\u00e9pos\u00e9es<\/strong><\/b><\/p>\n<p>Les marques commerciales et toutes les autres marques qui apparaissent en relation avec les services et les produits d\u00e9crits sur ces sites Web appartiennent \u00e0 Constantinou Bros Hotels ou aux propri\u00e9taires respectifs de ces marques et sont prot\u00e9g\u00e9es par les lois chypriotes et internationales sur les marques commerciales. L&rsquo;utilisation de l&rsquo;une de ces marques sans le consentement \u00e9crit de Constantinou Bros Hotels ou du propri\u00e9taire de la marque, selon le cas, est strictement interdite.<\/p>\n<p><b><strong>Communications<\/strong><\/b><\/p>\n<p>En ce qui concerne toutes les communications faites \u00e0 Constantinou Bros Hotels, y compris, mais sans s&rsquo;y limiter, les r\u00e9actions, les questions, les commentaires et les suggestions (\u00ab communications \u00bb) : (a) aucun droit de confidentialit\u00e9 ne s&rsquo;applique aux communications et Constantinou Bros Hotels n&rsquo;a aucune obligation de prot\u00e9ger les communications contre la divulgation ; (b) Constantinou Bros Hotels est libre de reproduire, d&rsquo;utiliser, de divulguer et de distribuer les communications \u00e0 d&rsquo;autres ; et (c) Constantinou Bros Hotels est libre d&rsquo;utiliser les id\u00e9es, concepts, savoir-faire ou techniques contenus dans les communications \u00e0 quelque fin que ce soit, y compris, sans s&rsquo;y limiter, le d\u00e9veloppement, la production et la commercialisation de produits et de services qui int\u00e8grent de telles informations.<\/p>\n<p>Veuillez utiliser le courrier \u00e9lectronique sur Internet uniquement pour nous envoyer des notes non confidentielles. N&rsquo;incluez pas d&rsquo;informations confidentielles personnelles ou priv\u00e9es. Pour votre protection, nos r\u00e9ponses ne contiendront aucune information confidentielle. N&rsquo;utilisez pas le courrier \u00e9lectronique pour nous envoyer des instructions de transaction. Les clients qui choisissent d&rsquo;envoyer \u00e0 Constantinou Bros Hotels des messages \u00e9lectroniques contenant des informations confidentielles, priv\u00e9es ou personnelles le font \u00e0 leurs propres risques.<\/p>\n<p><b><strong>Communications marketing &#8211; e-NEWSLETTERS<\/strong><\/b><\/p>\n<p>Nous pouvons parfois vous envoyer des informations sur nos produits et services, y compris des nouvelles sur nos h\u00f4tels, ou vous inviter \u00e0 des \u00e9v\u00e9nements par courrier \u00e9lectronique (lettres d&rsquo;information \u00e9lectroniques).<br \/>\nVous pouvez \u00e0 tout moment d\u00e9cider de ne plus recevoir ce bulletin d&rsquo;information \u00e9lectronique en nous envoyant un courrier \u00e9lectronique \u00e0 l&rsquo;adresse <a href=\"mailto:newsletter@cbh-cyprus.com\">newsletter@cbh-cyprus.com<\/a>, en indiquant \u00ab UNSUBSCRIBE \u00bb dans l&rsquo;objet du message.<\/p>\n<p><b><strong>Si vous avez des questions, n&rsquo;h\u00e9sitez pas \u00e0 nous contacter :<\/strong><\/b><\/p>\n<p><b><strong>Adresse :<\/strong><\/b><\/p>\n<p>Theas Afroditis Ave. P.O.Box 60182<br \/>\nCY 8101, Paphos, Chypre<br \/>\nT\u00e9l : 00357 26 965866<br \/>\nFax : 00357 26 964867<br \/>\nE-mail : <a href=\"mailto:info@cbh-cyprus.com\">info@cbh-cyprus.com<\/a><\/p>\n<p>Cet accord d&rsquo;utilisation a \u00e9t\u00e9 modifi\u00e9 pour la derni\u00e8re fois le 25 octobre 2019.<\/p>\n<p><b><strong>\u00a9CONSTANTINOU BROS HOTELS LTD 2019<\/strong><\/b><\/p>\n","protected":false},"excerpt":{"rendered":"<p>Copyright \u00a9Constantinou Bros Hotels Ltd 2019. Tous droits r\u00e9serv\u00e9s Conditions d&rsquo;utilisation des sites web de Constantinou Bros Hotels : https:\/\/www.cbh-cyprus.com &#8211; CONSTANTINOU BROS HOTELS PUBLIC CO. LTD &#8211; HE 38303 &#8211; THEAS APHRODITES AVENUE 8101, PAPHOS https:\/\/www.athena-cbh.com &#8211; ATHENA BEACH HOTEL = CONSTANTINOU BROS HOTELS PUBLIC CO. LTD &#8211; HE 38303 &#8211; THEAS APHRODITES AVENUE<\/p>\n","protected":false},"author":1,"featured_media":0,"parent":0,"menu_order":0,"comment_status":"closed","ping_status":"closed","template":"","meta":{"_acf_changed":false,"footnotes":""},"class_list":["post-5506","page","type-page","status-publish","hentry"],"acf":[],"yoast_head":"<!-- This site is optimized with the Yoast SEO plugin v27.4 - https:\/\/yoast.com\/product\/yoast-seo-wordpress\/ -->\n<title>Accord de l&#039;utilisateur - Asimina Suites Hotel<\/title>\n<meta name=\"description\" content=\"Vous trouverez ici l&#039;accord d&#039;utilisation mis en \u0153uvre \u00e0 l&#039;h\u00f4tel Asimina Suites \u00e0 Paphos par Constantinou Bros.\" \/>\n<meta name=\"robots\" content=\"index, follow, max-snippet:-1, max-image-preview:large, max-video-preview:-1\" \/>\n<link rel=\"canonical\" href=\"https:\/\/www.asimina-cbh.com\/fr\/user-agreement\/\" \/>\n<meta property=\"og:locale\" content=\"fr_FR\" \/>\n<meta property=\"og:type\" content=\"article\" \/>\n<meta property=\"og:title\" content=\"Accord de l&#039;utilisateur - Asimina Suites Hotel\" \/>\n<meta property=\"og:description\" content=\"Vous trouverez ici l&#039;accord d&#039;utilisation mis en \u0153uvre \u00e0 l&#039;h\u00f4tel Asimina Suites \u00e0 Paphos par Constantinou Bros.\" \/>\n<meta property=\"og:url\" content=\"https:\/\/www.asimina-cbh.com\/fr\/user-agreement\/\" \/>\n<meta property=\"og:site_name\" content=\"Asimina Suites Hotel\" \/>\n<meta property=\"article:modified_time\" content=\"2024-09-23T15:10:03+00:00\" \/>\n<meta name=\"twitter:card\" content=\"summary_large_image\" \/>\n<meta name=\"twitter:label1\" content=\"Dur\u00e9e de lecture estim\u00e9e\" \/>\n\t<meta name=\"twitter:data1\" content=\"4 minutes\" \/>\n<script type=\"application\/ld+json\" class=\"yoast-schema-graph\">{\"@context\":\"https:\\\/\\\/schema.org\",\"@graph\":[{\"@type\":\"WebPage\",\"@id\":\"https:\\\/\\\/www.asimina-cbh.com\\\/fr\\\/user-agreement\\\/\",\"url\":\"https:\\\/\\\/www.asimina-cbh.com\\\/fr\\\/user-agreement\\\/\",\"name\":\"Accord de l'utilisateur - Asimina Suites Hotel\",\"isPartOf\":{\"@id\":\"https:\\\/\\\/www.asimina-cbh.com\\\/fr\\\/#website\"},\"datePublished\":\"2022-03-21T10:06:50+00:00\",\"dateModified\":\"2024-09-23T15:10:03+00:00\",\"description\":\"Vous trouverez ici l'accord d'utilisation mis en \u0153uvre \u00e0 l'h\u00f4tel Asimina Suites \u00e0 Paphos par Constantinou Bros.\",\"breadcrumb\":{\"@id\":\"https:\\\/\\\/www.asimina-cbh.com\\\/fr\\\/user-agreement\\\/#breadcrumb\"},\"inLanguage\":\"fr-FR\",\"potentialAction\":[{\"@type\":\"ReadAction\",\"target\":[\"https:\\\/\\\/www.asimina-cbh.com\\\/fr\\\/user-agreement\\\/\"]}]},{\"@type\":\"BreadcrumbList\",\"@id\":\"https:\\\/\\\/www.asimina-cbh.com\\\/fr\\\/user-agreement\\\/#breadcrumb\",\"itemListElement\":[{\"@type\":\"ListItem\",\"position\":1,\"name\":\"Home\",\"item\":\"https:\\\/\\\/www.asimina-cbh.com\\\/fr\\\/\"},{\"@type\":\"ListItem\",\"position\":2,\"name\":\"Accord de l&#8217;utilisateur\"}]},{\"@type\":\"WebSite\",\"@id\":\"https:\\\/\\\/www.asimina-cbh.com\\\/fr\\\/#website\",\"url\":\"https:\\\/\\\/www.asimina-cbh.com\\\/fr\\\/\",\"name\":\"Asimina Suites Hotel\",\"description\":\"Constantinou Bros Asimina Suites Hotel, 4 star hotel in Paphos Cyprus\",\"potentialAction\":[{\"@type\":\"SearchAction\",\"target\":{\"@type\":\"EntryPoint\",\"urlTemplate\":\"https:\\\/\\\/www.asimina-cbh.com\\\/fr\\\/?s={search_term_string}\"},\"query-input\":{\"@type\":\"PropertyValueSpecification\",\"valueRequired\":true,\"valueName\":\"search_term_string\"}}],\"inLanguage\":\"fr-FR\"}]}<\/script>\n<!-- \/ Yoast SEO plugin. -->","yoast_head_json":{"title":"Accord de l'utilisateur - Asimina Suites Hotel","description":"Vous trouverez ici l'accord d'utilisation mis en \u0153uvre \u00e0 l'h\u00f4tel Asimina Suites \u00e0 Paphos par Constantinou Bros.","robots":{"index":"index","follow":"follow","max-snippet":"max-snippet:-1","max-image-preview":"max-image-preview:large","max-video-preview":"max-video-preview:-1"},"canonical":"https:\/\/www.asimina-cbh.com\/fr\/user-agreement\/","og_locale":"fr_FR","og_type":"article","og_title":"Accord de l'utilisateur - Asimina Suites Hotel","og_description":"Vous trouverez ici l'accord d'utilisation mis en \u0153uvre \u00e0 l'h\u00f4tel Asimina Suites \u00e0 Paphos par Constantinou Bros.","og_url":"https:\/\/www.asimina-cbh.com\/fr\/user-agreement\/","og_site_name":"Asimina Suites Hotel","article_modified_time":"2024-09-23T15:10:03+00:00","twitter_card":"summary_large_image","twitter_misc":{"Dur\u00e9e de lecture estim\u00e9e":"4 minutes"},"schema":{"@context":"https:\/\/schema.org","@graph":[{"@type":"WebPage","@id":"https:\/\/www.asimina-cbh.com\/fr\/user-agreement\/","url":"https:\/\/www.asimina-cbh.com\/fr\/user-agreement\/","name":"Accord de l'utilisateur - Asimina Suites Hotel","isPartOf":{"@id":"https:\/\/www.asimina-cbh.com\/fr\/#website"},"datePublished":"2022-03-21T10:06:50+00:00","dateModified":"2024-09-23T15:10:03+00:00","description":"Vous trouverez ici l'accord d'utilisation mis en \u0153uvre \u00e0 l'h\u00f4tel Asimina Suites \u00e0 Paphos par Constantinou Bros.","breadcrumb":{"@id":"https:\/\/www.asimina-cbh.com\/fr\/user-agreement\/#breadcrumb"},"inLanguage":"fr-FR","potentialAction":[{"@type":"ReadAction","target":["https:\/\/www.asimina-cbh.com\/fr\/user-agreement\/"]}]},{"@type":"BreadcrumbList","@id":"https:\/\/www.asimina-cbh.com\/fr\/user-agreement\/#breadcrumb","itemListElement":[{"@type":"ListItem","position":1,"name":"Home","item":"https:\/\/www.asimina-cbh.com\/fr\/"},{"@type":"ListItem","position":2,"name":"Accord de l&#8217;utilisateur"}]},{"@type":"WebSite","@id":"https:\/\/www.asimina-cbh.com\/fr\/#website","url":"https:\/\/www.asimina-cbh.com\/fr\/","name":"Asimina Suites Hotel","description":"Constantinou Bros Asimina Suites Hotel, 4 star hotel in Paphos Cyprus","potentialAction":[{"@type":"SearchAction","target":{"@type":"EntryPoint","urlTemplate":"https:\/\/www.asimina-cbh.com\/fr\/?s={search_term_string}"},"query-input":{"@type":"PropertyValueSpecification","valueRequired":true,"valueName":"search_term_string"}}],"inLanguage":"fr-FR"}]}},"_links":{"self":[{"href":"https:\/\/www.asimina-cbh.com\/fr\/wp-json\/wp\/v2\/pages\/5506","targetHints":{"allow":["GET"]}}],"collection":[{"href":"https:\/\/www.asimina-cbh.com\/fr\/wp-json\/wp\/v2\/pages"}],"about":[{"href":"https:\/\/www.asimina-cbh.com\/fr\/wp-json\/wp\/v2\/types\/page"}],"author":[{"embeddable":true,"href":"https:\/\/www.asimina-cbh.com\/fr\/wp-json\/wp\/v2\/users\/1"}],"replies":[{"embeddable":true,"href":"https:\/\/www.asimina-cbh.com\/fr\/wp-json\/wp\/v2\/comments?post=5506"}],"version-history":[{"count":5,"href":"https:\/\/www.asimina-cbh.com\/fr\/wp-json\/wp\/v2\/pages\/5506\/revisions"}],"predecessor-version":[{"id":14704,"href":"https:\/\/www.asimina-cbh.com\/fr\/wp-json\/wp\/v2\/pages\/5506\/revisions\/14704"}],"wp:attachment":[{"href":"https:\/\/www.asimina-cbh.com\/fr\/wp-json\/wp\/v2\/media?parent=5506"}],"curies":[{"name":"wp","href":"https:\/\/api.w.org\/{rel}","templated":true}]}}