{"id":5530,"date":"2022-03-21T13:07:55","date_gmt":"2022-03-21T10:07:55","guid":{"rendered":"https:\/\/www.asimina-cbh.com\/about-cyprus-paphos\/"},"modified":"2024-09-23T17:58:52","modified_gmt":"2024-09-23T14:58:52","slug":"about-cyprus-paphos","status":"publish","type":"page","link":"https:\/\/www.asimina-cbh.com\/fr\/the-hotel\/about-cyprus-paphos\/","title":{"rendered":"\u00c0 propos de Paphos \/ Chypre"},"content":{"rendered":"<p><b><strong>Paphos<\/strong><\/b>, petite ville pittoresque, est situ\u00e9e sur la c\u00f4te ouest de Chypre et s&rsquo;\u00e9tend de la magnifique p\u00e9ninsule d&rsquo;Akamas au nord-ouest jusqu&rsquo;au rocher d&rsquo;Aphrodites \u00e0 l&rsquo;est. Elle est charg\u00e9e d&rsquo;histoire, ayant \u00e9t\u00e9 la capitale de Chypre dans certains temps anciens, et a une fois de plus c\u00e9l\u00e9br\u00e9 cette accolade en devenant en 2017 la capitale europ\u00e9enne de la culture, attirant des milliers de visiteurs chaque ann\u00e9e.<\/p>\n<p>Paphos compte d&rsquo;innombrables sites d&rsquo;int\u00e9r\u00eat historique, religieux et culturel et figure sur la liste du patrimoine culturel mondial de l&rsquo;UNESCO. Les tombes des rois, le fort m\u00e9di\u00e9val, l&rsquo;Od\u00e9on, la maison de Dionysos, le rocher d&rsquo;Aphrodite et les bains d&rsquo;Aphrodite, ainsi que le pilier de Saint-Paul, ne sont que quelques-uns de ces sites.<\/p>\n<p>L&rsquo;exploitation d&rsquo;un a\u00e9roport international avec des connexions vers de nombreuses grandes villes du monde a rendu Paphos tr\u00e8s accessible. De plus, une nouvelle autoroute relie Paphos facilement et en toute s\u00e9curit\u00e9 \u00e0 toutes les autres villes.<\/p>\n<p>Bord\u00e9e par un magnifique littoral, la r\u00e9gion de Paphos poss\u00e8de de charmants villages dans ses montagnes o\u00f9 se nichent des monast\u00e8res centenaires. Le centre-ville est moderne, avec des boutiques \u00e0 la mode, un march\u00e9 traditionnel int\u00e9ressant et de bons mus\u00e9es.<\/p>\n<p>Paphos est une charmante station baln\u00e9aire, s\u00fbre et agr\u00e9able, avec beaucoup de choses \u00e0 voir et \u00e0 faire, qui deviendra rapidement une destination de vacances tr\u00e8s pris\u00e9e.<\/p>\n<p><b><strong>Chypre<\/strong><\/b> est la troisi\u00e8me plus grande \u00eele de la M\u00e9diterran\u00e9e et un v\u00e9ritable carrefour entre trois continents, l&rsquo;Europe, l&rsquo;Asie et l&rsquo;Afrique. Elle est devenue une r\u00e9publique ind\u00e9pendante en 1960 et a rejoint l&rsquo;Union europ\u00e9enne en 2004. Elle poss\u00e8de deux a\u00e9roports internationaux, \u00e0 Larnaca et \u00e0 Paphos, qui offrent d&rsquo;excellentes liaisons avec la plupart des grandes villes du monde.<\/p>\n<p>Chypre doit son nom au cuivre qui y \u00e9tait abondant dans l&rsquo;Antiquit\u00e9. C&rsquo;est une \u00eele charg\u00e9e d&rsquo;histoire qui a \u00e9t\u00e9 sous domination perse, assyrienne, \u00e9gyptienne, romaine, byzantine, v\u00e9nitienne, ottomane et britannique. Elle a \u00e9galement \u00e9t\u00e9 l&rsquo;un des premiers pays au monde \u00e0 se convertir au christianisme, lorsque saint Paul s&rsquo;est rendu sur l&rsquo;\u00eele pour y pr\u00eacher la nouvelle foi. En fait, \u00e0 Paphos, on peut encore voir le pilier de Saint-Paul, o\u00f9 l&rsquo;ap\u00f4tre a \u00e9t\u00e9 attach\u00e9 et flagell\u00e9 39 fois, et \u00e0 Larnaca, dans l&rsquo;\u00e9glise Saint-Lazare, se trouve la crypte de ce saint qui a \u00e9t\u00e9 ressuscit\u00e9 par J\u00e9sus-Christ. Cela explique pourquoi Chypre est une \u00eele qui suscite l&rsquo;int\u00e9r\u00eat de toutes sortes de personnes : des amateurs d&rsquo;arch\u00e9ologie aux amis de la nature, en passant par les couples en lune de miel, les familles qui adorent le soleil, les gourmands et les hommes d&rsquo;affaires. Les ruines d&rsquo;anciens temples et les fresques \u00e9tonnantes des \u00e9glises byzantines, les vignobles en terrasses et les sentiers naturels enchanteurs, les montagnes couvertes de pins et les c\u00f4tes baign\u00e9es de soleil, un repas de meze et de fromage halloumi frais ainsi que des installations de conf\u00e9rence ultramodernes ne sont que quelques-uns des \u00e9l\u00e9ments qui vous feront tomber amoureux de Chypre.<\/p>\n<p>Chypre est peut-\u00eatre un pays qui plonge ses racines dans un pass\u00e9 riche et vari\u00e9, mais c&rsquo;est aussi un pays moderne qui se dirige rapidement vers l&rsquo;avenir. C&rsquo;est une \u00eele aux nombreuses et belles contradictions, un chaleureux m\u00e9lange de cultures, de couleurs, de civilisations, de chansons et de mythes.<\/p>\n<p>Nous vous invitons \u00e0 venir go\u00fbter \u00e0 l&rsquo;hospitalit\u00e9 sur l&rsquo;\u00eele o\u00f9, dans notre langue maternelle, le mot xenos signifie \u00e0 la fois \u00e9tranger et invit\u00e9. Venez d\u00e9couvrir une \u00eele dont la beaut\u00e9 et le charme sont magnifi\u00e9s par la gentillesse de ses habitants. Venez d\u00e9couvrir Chypre.<\/p>\n","protected":false},"excerpt":{"rendered":"<p>Paphos, petite ville pittoresque, est situ\u00e9e sur la c\u00f4te ouest de Chypre et s&rsquo;\u00e9tend de la magnifique p\u00e9ninsule d&rsquo;Akamas au nord-ouest jusqu&rsquo;au rocher d&rsquo;Aphrodites \u00e0 l&rsquo;est. Elle est charg\u00e9e d&rsquo;histoire, ayant \u00e9t\u00e9 la capitale de Chypre dans certains temps anciens, et a une fois de plus c\u00e9l\u00e9br\u00e9 cette accolade en devenant en 2017 la capitale<\/p>\n","protected":false},"author":1,"featured_media":5486,"parent":5548,"menu_order":0,"comment_status":"closed","ping_status":"closed","template":"","meta":{"_acf_changed":false,"footnotes":""},"class_list":["post-5530","page","type-page","status-publish","has-post-thumbnail","hentry"],"acf":[],"yoast_head":"<!-- This site is optimized with the Yoast SEO plugin v27.5 - https:\/\/yoast.com\/product\/yoast-seo-wordpress\/ -->\n<title>\u00c0 propos de Paphos \/ Chypre - Asimina Suites Hotel<\/title>\n<meta name=\"description\" content=\"Tout ce que vous devez savoir sur la destination de Paphos et de Chypre, \u00e0 travers le prisme de notre vision locale \u00e0 l&#039;Asimina Suites Hotel by Constantinou Bros.\" \/>\n<meta name=\"robots\" content=\"index, follow, max-snippet:-1, max-image-preview:large, max-video-preview:-1\" \/>\n<link rel=\"canonical\" href=\"https:\/\/www.asimina-cbh.com\/fr\/the-hotel\/about-cyprus-paphos\/\" \/>\n<meta property=\"og:locale\" content=\"fr_FR\" \/>\n<meta property=\"og:type\" content=\"article\" \/>\n<meta property=\"og:title\" content=\"\u00c0 propos de Paphos \/ Chypre - Asimina Suites Hotel\" \/>\n<meta property=\"og:description\" content=\"Tout ce que vous devez savoir sur la destination de Paphos et de Chypre, \u00e0 travers le prisme de notre vision locale \u00e0 l&#039;Asimina Suites Hotel by Constantinou Bros.\" \/>\n<meta property=\"og:url\" content=\"https:\/\/www.asimina-cbh.com\/fr\/the-hotel\/about-cyprus-paphos\/\" \/>\n<meta property=\"og:site_name\" content=\"Asimina Suites Hotel\" \/>\n<meta property=\"article:modified_time\" content=\"2024-09-23T14:58:52+00:00\" \/>\n<meta property=\"og:image\" content=\"https:\/\/www.asimina-cbh.com\/app\/uploads\/sites\/31\/2022\/03\/1PAPHOS-CASTLE-scaled.jpg\" \/>\n\t<meta property=\"og:image:width\" content=\"2560\" \/>\n\t<meta property=\"og:image:height\" content=\"1703\" \/>\n\t<meta property=\"og:image:type\" content=\"image\/jpeg\" \/>\n<meta name=\"twitter:card\" content=\"summary_large_image\" \/>\n<meta name=\"twitter:label1\" content=\"Dur\u00e9e de lecture estim\u00e9e\" \/>\n\t<meta name=\"twitter:data1\" content=\"3 minutes\" \/>\n<script type=\"application\/ld+json\" class=\"yoast-schema-graph\">{\"@context\":\"https:\\\/\\\/schema.org\",\"@graph\":[{\"@type\":\"WebPage\",\"@id\":\"https:\\\/\\\/www.asimina-cbh.com\\\/fr\\\/the-hotel\\\/about-cyprus-paphos\\\/\",\"url\":\"https:\\\/\\\/www.asimina-cbh.com\\\/fr\\\/the-hotel\\\/about-cyprus-paphos\\\/\",\"name\":\"\u00c0 propos de Paphos \\\/ Chypre - Asimina Suites Hotel\",\"isPartOf\":{\"@id\":\"https:\\\/\\\/www.asimina-cbh.com\\\/fr\\\/#website\"},\"primaryImageOfPage\":{\"@id\":\"https:\\\/\\\/www.asimina-cbh.com\\\/fr\\\/the-hotel\\\/about-cyprus-paphos\\\/#primaryimage\"},\"image\":{\"@id\":\"https:\\\/\\\/www.asimina-cbh.com\\\/fr\\\/the-hotel\\\/about-cyprus-paphos\\\/#primaryimage\"},\"thumbnailUrl\":\"https:\\\/\\\/www.asimina-cbh.com\\\/app\\\/uploads\\\/sites\\\/31\\\/2022\\\/03\\\/1PAPHOS-CASTLE-scaled.jpg\",\"datePublished\":\"2022-03-21T10:07:55+00:00\",\"dateModified\":\"2024-09-23T14:58:52+00:00\",\"description\":\"Tout ce que vous devez savoir sur la destination de Paphos et de Chypre, \u00e0 travers le prisme de notre vision locale \u00e0 l'Asimina Suites Hotel by Constantinou Bros.\",\"breadcrumb\":{\"@id\":\"https:\\\/\\\/www.asimina-cbh.com\\\/fr\\\/the-hotel\\\/about-cyprus-paphos\\\/#breadcrumb\"},\"inLanguage\":\"fr-FR\",\"potentialAction\":[{\"@type\":\"ReadAction\",\"target\":[\"https:\\\/\\\/www.asimina-cbh.com\\\/fr\\\/the-hotel\\\/about-cyprus-paphos\\\/\"]}]},{\"@type\":\"ImageObject\",\"inLanguage\":\"fr-FR\",\"@id\":\"https:\\\/\\\/www.asimina-cbh.com\\\/fr\\\/the-hotel\\\/about-cyprus-paphos\\\/#primaryimage\",\"url\":\"https:\\\/\\\/www.asimina-cbh.com\\\/app\\\/uploads\\\/sites\\\/31\\\/2022\\\/03\\\/1PAPHOS-CASTLE-scaled.jpg\",\"contentUrl\":\"https:\\\/\\\/www.asimina-cbh.com\\\/app\\\/uploads\\\/sites\\\/31\\\/2022\\\/03\\\/1PAPHOS-CASTLE-scaled.jpg\",\"width\":2560,\"height\":1703,\"caption\":\"??????\"},{\"@type\":\"BreadcrumbList\",\"@id\":\"https:\\\/\\\/www.asimina-cbh.com\\\/fr\\\/the-hotel\\\/about-cyprus-paphos\\\/#breadcrumb\",\"itemListElement\":[{\"@type\":\"ListItem\",\"position\":1,\"name\":\"Home\",\"item\":\"https:\\\/\\\/www.asimina-cbh.com\\\/fr\\\/\"},{\"@type\":\"ListItem\",\"position\":2,\"name\":\"L&rsquo;h\u00f4tel\",\"item\":\"https:\\\/\\\/www.asimina-cbh.com\\\/fr\\\/the-hotel\\\/\"},{\"@type\":\"ListItem\",\"position\":3,\"name\":\"\u00c0 propos de Paphos \\\/ Chypre\"}]},{\"@type\":\"WebSite\",\"@id\":\"https:\\\/\\\/www.asimina-cbh.com\\\/fr\\\/#website\",\"url\":\"https:\\\/\\\/www.asimina-cbh.com\\\/fr\\\/\",\"name\":\"Asimina Suites Hotel\",\"description\":\"Constantinou Bros Asimina Suites Hotel, 4 star hotel in Paphos Cyprus\",\"potentialAction\":[{\"@type\":\"SearchAction\",\"target\":{\"@type\":\"EntryPoint\",\"urlTemplate\":\"https:\\\/\\\/www.asimina-cbh.com\\\/fr\\\/?s={search_term_string}\"},\"query-input\":{\"@type\":\"PropertyValueSpecification\",\"valueRequired\":true,\"valueName\":\"search_term_string\"}}],\"inLanguage\":\"fr-FR\"}]}<\/script>\n<!-- \/ Yoast SEO plugin. -->","yoast_head_json":{"title":"\u00c0 propos de Paphos \/ Chypre - Asimina Suites Hotel","description":"Tout ce que vous devez savoir sur la destination de Paphos et de Chypre, \u00e0 travers le prisme de notre vision locale \u00e0 l'Asimina Suites Hotel by Constantinou Bros.","robots":{"index":"index","follow":"follow","max-snippet":"max-snippet:-1","max-image-preview":"max-image-preview:large","max-video-preview":"max-video-preview:-1"},"canonical":"https:\/\/www.asimina-cbh.com\/fr\/the-hotel\/about-cyprus-paphos\/","og_locale":"fr_FR","og_type":"article","og_title":"\u00c0 propos de Paphos \/ Chypre - Asimina Suites Hotel","og_description":"Tout ce que vous devez savoir sur la destination de Paphos et de Chypre, \u00e0 travers le prisme de notre vision locale \u00e0 l'Asimina Suites Hotel by Constantinou Bros.","og_url":"https:\/\/www.asimina-cbh.com\/fr\/the-hotel\/about-cyprus-paphos\/","og_site_name":"Asimina Suites Hotel","article_modified_time":"2024-09-23T14:58:52+00:00","og_image":[{"width":2560,"height":1703,"url":"https:\/\/www.asimina-cbh.com\/app\/uploads\/sites\/31\/2022\/03\/1PAPHOS-CASTLE-scaled.jpg","type":"image\/jpeg"}],"twitter_card":"summary_large_image","twitter_misc":{"Dur\u00e9e de lecture estim\u00e9e":"3 minutes"},"schema":{"@context":"https:\/\/schema.org","@graph":[{"@type":"WebPage","@id":"https:\/\/www.asimina-cbh.com\/fr\/the-hotel\/about-cyprus-paphos\/","url":"https:\/\/www.asimina-cbh.com\/fr\/the-hotel\/about-cyprus-paphos\/","name":"\u00c0 propos de Paphos \/ Chypre - Asimina Suites Hotel","isPartOf":{"@id":"https:\/\/www.asimina-cbh.com\/fr\/#website"},"primaryImageOfPage":{"@id":"https:\/\/www.asimina-cbh.com\/fr\/the-hotel\/about-cyprus-paphos\/#primaryimage"},"image":{"@id":"https:\/\/www.asimina-cbh.com\/fr\/the-hotel\/about-cyprus-paphos\/#primaryimage"},"thumbnailUrl":"https:\/\/www.asimina-cbh.com\/app\/uploads\/sites\/31\/2022\/03\/1PAPHOS-CASTLE-scaled.jpg","datePublished":"2022-03-21T10:07:55+00:00","dateModified":"2024-09-23T14:58:52+00:00","description":"Tout ce que vous devez savoir sur la destination de Paphos et de Chypre, \u00e0 travers le prisme de notre vision locale \u00e0 l'Asimina Suites Hotel by Constantinou Bros.","breadcrumb":{"@id":"https:\/\/www.asimina-cbh.com\/fr\/the-hotel\/about-cyprus-paphos\/#breadcrumb"},"inLanguage":"fr-FR","potentialAction":[{"@type":"ReadAction","target":["https:\/\/www.asimina-cbh.com\/fr\/the-hotel\/about-cyprus-paphos\/"]}]},{"@type":"ImageObject","inLanguage":"fr-FR","@id":"https:\/\/www.asimina-cbh.com\/fr\/the-hotel\/about-cyprus-paphos\/#primaryimage","url":"https:\/\/www.asimina-cbh.com\/app\/uploads\/sites\/31\/2022\/03\/1PAPHOS-CASTLE-scaled.jpg","contentUrl":"https:\/\/www.asimina-cbh.com\/app\/uploads\/sites\/31\/2022\/03\/1PAPHOS-CASTLE-scaled.jpg","width":2560,"height":1703,"caption":"??????"},{"@type":"BreadcrumbList","@id":"https:\/\/www.asimina-cbh.com\/fr\/the-hotel\/about-cyprus-paphos\/#breadcrumb","itemListElement":[{"@type":"ListItem","position":1,"name":"Home","item":"https:\/\/www.asimina-cbh.com\/fr\/"},{"@type":"ListItem","position":2,"name":"L&rsquo;h\u00f4tel","item":"https:\/\/www.asimina-cbh.com\/fr\/the-hotel\/"},{"@type":"ListItem","position":3,"name":"\u00c0 propos de Paphos \/ Chypre"}]},{"@type":"WebSite","@id":"https:\/\/www.asimina-cbh.com\/fr\/#website","url":"https:\/\/www.asimina-cbh.com\/fr\/","name":"Asimina Suites Hotel","description":"Constantinou Bros Asimina Suites Hotel, 4 star hotel in Paphos Cyprus","potentialAction":[{"@type":"SearchAction","target":{"@type":"EntryPoint","urlTemplate":"https:\/\/www.asimina-cbh.com\/fr\/?s={search_term_string}"},"query-input":{"@type":"PropertyValueSpecification","valueRequired":true,"valueName":"search_term_string"}}],"inLanguage":"fr-FR"}]}},"_links":{"self":[{"href":"https:\/\/www.asimina-cbh.com\/fr\/wp-json\/wp\/v2\/pages\/5530","targetHints":{"allow":["GET"]}}],"collection":[{"href":"https:\/\/www.asimina-cbh.com\/fr\/wp-json\/wp\/v2\/pages"}],"about":[{"href":"https:\/\/www.asimina-cbh.com\/fr\/wp-json\/wp\/v2\/types\/page"}],"author":[{"embeddable":true,"href":"https:\/\/www.asimina-cbh.com\/fr\/wp-json\/wp\/v2\/users\/1"}],"replies":[{"embeddable":true,"href":"https:\/\/www.asimina-cbh.com\/fr\/wp-json\/wp\/v2\/comments?post=5530"}],"version-history":[{"count":5,"href":"https:\/\/www.asimina-cbh.com\/fr\/wp-json\/wp\/v2\/pages\/5530\/revisions"}],"predecessor-version":[{"id":14699,"href":"https:\/\/www.asimina-cbh.com\/fr\/wp-json\/wp\/v2\/pages\/5530\/revisions\/14699"}],"up":[{"embeddable":true,"href":"https:\/\/www.asimina-cbh.com\/fr\/wp-json\/wp\/v2\/pages\/5548"}],"wp:featuredmedia":[{"embeddable":true,"href":"https:\/\/www.asimina-cbh.com\/fr\/wp-json\/wp\/v2\/media\/5486"}],"wp:attachment":[{"href":"https:\/\/www.asimina-cbh.com\/fr\/wp-json\/wp\/v2\/media?parent=5530"}],"curies":[{"name":"wp","href":"https:\/\/api.w.org\/{rel}","templated":true}]}}