{"id":5532,"date":"2022-03-21T13:08:16","date_gmt":"2022-03-21T10:08:16","guid":{"rendered":"https:\/\/www.asimina-cbh.com\/leisure-facilities\/"},"modified":"2026-03-19T15:58:52","modified_gmt":"2026-03-19T12:58:52","slug":"leisure-facilities","status":"publish","type":"page","link":"https:\/\/www.asimina-cbh.com\/fr\/the-hotel\/leisure-facilities\/","title":{"rendered":"Installations de l&rsquo;h\u00f4tel"},"content":{"rendered":"<p>L&rsquo;h\u00f4tel propose un large \u00e9ventail d&rsquo;activit\u00e9s pour le plaisir de tous.<\/p>\n<h3>Installations sportives et de loisirs<\/h3>\n<ul>\n<li>2 piscines ext\u00e9rieures d&rsquo;eau douce, de forme libre, reli\u00e9es entre elles, avec jets jacuzzi (reli\u00e9es entre elles)<\/li>\n<li>1 piscine int\u00e9rieure d&rsquo;eau douce, chauff\u00e9e (avril), avec jets jacuzzi<\/li>\n<li>Serviettes de plage, chaises longues et parasols gratuits autour des piscines et sur la plage.<\/li>\n<li>1 court de tennis \u00e9clair\u00e9<\/li>\n<li>22 greens de bowling plats dans nos h\u00f4tels fr\u00e8res voisins (environ 300m) (avec frais)<\/li>\n<li>6 terrains de bowling couverts dans nos h\u00f4tels fr\u00e8res voisins (\u00e0 environ 300 m) (payant)<\/li>\n<li>12 terrains de bowling int\u00e9rieurs \u00e0 tapis court dans nos h\u00f4tels fr\u00e8res voisins (environ 300 m) (payant)<\/li>\n<li>Tennis de table<\/li>\n<li>Musique en direct<\/li>\n<li>Salle de rangement pour les clubs de golf<\/li>\n<li>Centre de gymnastique et SPA<\/li>\n<li>Activit\u00e9s de bien-\u00eatre<\/li>\n<li>Local \u00e0 v\u00e9los (partag\u00e9 avec l&rsquo;h\u00f4tel jumeau) (capacit\u00e9 de 98 v\u00e9los)<\/li>\n<\/ul>\n","protected":false},"excerpt":{"rendered":"<p>L&rsquo;h\u00f4tel propose un large \u00e9ventail d&rsquo;activit\u00e9s pour le plaisir de tous. Installations sportives et de loisirs 2 piscines ext\u00e9rieures d&rsquo;eau douce, de forme libre, reli\u00e9es entre elles, avec jets jacuzzi (reli\u00e9es entre elles) 1 piscine int\u00e9rieure d&rsquo;eau douce, chauff\u00e9e (avril), avec jets jacuzzi Serviettes de plage, chaises longues et parasols gratuits autour des piscines et<\/p>\n","protected":false},"author":1,"featured_media":15913,"parent":5548,"menu_order":0,"comment_status":"closed","ping_status":"closed","template":"","meta":{"_acf_changed":false,"footnotes":""},"class_list":["post-5532","page","type-page","status-publish","has-post-thumbnail","hentry"],"acf":[],"yoast_head":"<!-- This site is optimized with the Yoast SEO plugin v27.5 - https:\/\/yoast.com\/product\/yoast-seo-wordpress\/ -->\n<title>Installations de l&#039;h\u00f4tel - Asimina Suites Hotel<\/title>\n<meta name=\"description\" content=\"Vous trouverez ici toutes les informations concernant les installations h\u00f4teli\u00e8res de l&#039;h\u00f4tel Asimina Suites \u00e0 Paphos par Constantinou Bros.\" \/>\n<meta name=\"robots\" content=\"index, follow, max-snippet:-1, max-image-preview:large, max-video-preview:-1\" \/>\n<link rel=\"canonical\" href=\"https:\/\/www.asimina-cbh.com\/fr\/the-hotel\/leisure-facilities\/\" \/>\n<meta property=\"og:locale\" content=\"fr_FR\" \/>\n<meta property=\"og:type\" content=\"article\" \/>\n<meta property=\"og:title\" content=\"Installations de l&#039;h\u00f4tel - Asimina Suites Hotel\" \/>\n<meta property=\"og:description\" content=\"Vous trouverez ici toutes les informations concernant les installations h\u00f4teli\u00e8res de l&#039;h\u00f4tel Asimina Suites \u00e0 Paphos par Constantinou Bros.\" \/>\n<meta property=\"og:url\" content=\"https:\/\/www.asimina-cbh.com\/fr\/the-hotel\/leisure-facilities\/\" \/>\n<meta property=\"og:site_name\" content=\"Asimina Suites Hotel\" \/>\n<meta property=\"article:modified_time\" content=\"2026-03-19T12:58:52+00:00\" \/>\n<meta property=\"og:image\" content=\"https:\/\/www.asimina-cbh.com\/app\/uploads\/sites\/31\/2026\/02\/6.1-ASIMINA-SUITES-HOTEL-BEACH-scaled.jpg\" \/>\n\t<meta property=\"og:image:width\" content=\"2560\" \/>\n\t<meta property=\"og:image:height\" content=\"1516\" \/>\n\t<meta property=\"og:image:type\" content=\"image\/jpeg\" \/>\n<meta name=\"twitter:card\" content=\"summary_large_image\" \/>\n<meta name=\"twitter:label1\" content=\"Dur\u00e9e de lecture estim\u00e9e\" \/>\n\t<meta name=\"twitter:data1\" content=\"1 minute\" \/>\n<script type=\"application\/ld+json\" class=\"yoast-schema-graph\">{\"@context\":\"https:\\\/\\\/schema.org\",\"@graph\":[{\"@type\":\"WebPage\",\"@id\":\"https:\\\/\\\/www.asimina-cbh.com\\\/fr\\\/the-hotel\\\/leisure-facilities\\\/\",\"url\":\"https:\\\/\\\/www.asimina-cbh.com\\\/fr\\\/the-hotel\\\/leisure-facilities\\\/\",\"name\":\"Installations de l'h\u00f4tel - Asimina Suites Hotel\",\"isPartOf\":{\"@id\":\"https:\\\/\\\/www.asimina-cbh.com\\\/fr\\\/#website\"},\"primaryImageOfPage\":{\"@id\":\"https:\\\/\\\/www.asimina-cbh.com\\\/fr\\\/the-hotel\\\/leisure-facilities\\\/#primaryimage\"},\"image\":{\"@id\":\"https:\\\/\\\/www.asimina-cbh.com\\\/fr\\\/the-hotel\\\/leisure-facilities\\\/#primaryimage\"},\"thumbnailUrl\":\"https:\\\/\\\/www.asimina-cbh.com\\\/app\\\/uploads\\\/sites\\\/31\\\/2026\\\/02\\\/6.1-ASIMINA-SUITES-HOTEL-BEACH-scaled.jpg\",\"datePublished\":\"2022-03-21T10:08:16+00:00\",\"dateModified\":\"2026-03-19T12:58:52+00:00\",\"description\":\"Vous trouverez ici toutes les informations concernant les installations h\u00f4teli\u00e8res de l'h\u00f4tel Asimina Suites \u00e0 Paphos par Constantinou Bros.\",\"breadcrumb\":{\"@id\":\"https:\\\/\\\/www.asimina-cbh.com\\\/fr\\\/the-hotel\\\/leisure-facilities\\\/#breadcrumb\"},\"inLanguage\":\"fr-FR\",\"potentialAction\":[{\"@type\":\"ReadAction\",\"target\":[\"https:\\\/\\\/www.asimina-cbh.com\\\/fr\\\/the-hotel\\\/leisure-facilities\\\/\"]}]},{\"@type\":\"ImageObject\",\"inLanguage\":\"fr-FR\",\"@id\":\"https:\\\/\\\/www.asimina-cbh.com\\\/fr\\\/the-hotel\\\/leisure-facilities\\\/#primaryimage\",\"url\":\"https:\\\/\\\/www.asimina-cbh.com\\\/app\\\/uploads\\\/sites\\\/31\\\/2026\\\/02\\\/6.1-ASIMINA-SUITES-HOTEL-BEACH-scaled.jpg\",\"contentUrl\":\"https:\\\/\\\/www.asimina-cbh.com\\\/app\\\/uploads\\\/sites\\\/31\\\/2026\\\/02\\\/6.1-ASIMINA-SUITES-HOTEL-BEACH-scaled.jpg\",\"width\":2560,\"height\":1516},{\"@type\":\"BreadcrumbList\",\"@id\":\"https:\\\/\\\/www.asimina-cbh.com\\\/fr\\\/the-hotel\\\/leisure-facilities\\\/#breadcrumb\",\"itemListElement\":[{\"@type\":\"ListItem\",\"position\":1,\"name\":\"Home\",\"item\":\"https:\\\/\\\/www.asimina-cbh.com\\\/fr\\\/\"},{\"@type\":\"ListItem\",\"position\":2,\"name\":\"L&rsquo;h\u00f4tel\",\"item\":\"https:\\\/\\\/www.asimina-cbh.com\\\/fr\\\/the-hotel\\\/\"},{\"@type\":\"ListItem\",\"position\":3,\"name\":\"Installations de l&rsquo;h\u00f4tel\"}]},{\"@type\":\"WebSite\",\"@id\":\"https:\\\/\\\/www.asimina-cbh.com\\\/fr\\\/#website\",\"url\":\"https:\\\/\\\/www.asimina-cbh.com\\\/fr\\\/\",\"name\":\"Asimina Suites Hotel\",\"description\":\"Constantinou Bros Asimina Suites Hotel, 4 star hotel in Paphos Cyprus\",\"potentialAction\":[{\"@type\":\"SearchAction\",\"target\":{\"@type\":\"EntryPoint\",\"urlTemplate\":\"https:\\\/\\\/www.asimina-cbh.com\\\/fr\\\/?s={search_term_string}\"},\"query-input\":{\"@type\":\"PropertyValueSpecification\",\"valueRequired\":true,\"valueName\":\"search_term_string\"}}],\"inLanguage\":\"fr-FR\"}]}<\/script>\n<!-- \/ Yoast SEO plugin. -->","yoast_head_json":{"title":"Installations de l'h\u00f4tel - Asimina Suites Hotel","description":"Vous trouverez ici toutes les informations concernant les installations h\u00f4teli\u00e8res de l'h\u00f4tel Asimina Suites \u00e0 Paphos par Constantinou Bros.","robots":{"index":"index","follow":"follow","max-snippet":"max-snippet:-1","max-image-preview":"max-image-preview:large","max-video-preview":"max-video-preview:-1"},"canonical":"https:\/\/www.asimina-cbh.com\/fr\/the-hotel\/leisure-facilities\/","og_locale":"fr_FR","og_type":"article","og_title":"Installations de l'h\u00f4tel - Asimina Suites Hotel","og_description":"Vous trouverez ici toutes les informations concernant les installations h\u00f4teli\u00e8res de l'h\u00f4tel Asimina Suites \u00e0 Paphos par Constantinou Bros.","og_url":"https:\/\/www.asimina-cbh.com\/fr\/the-hotel\/leisure-facilities\/","og_site_name":"Asimina Suites Hotel","article_modified_time":"2026-03-19T12:58:52+00:00","og_image":[{"width":2560,"height":1516,"url":"https:\/\/www.asimina-cbh.com\/app\/uploads\/sites\/31\/2026\/02\/6.1-ASIMINA-SUITES-HOTEL-BEACH-scaled.jpg","type":"image\/jpeg"}],"twitter_card":"summary_large_image","twitter_misc":{"Dur\u00e9e de lecture estim\u00e9e":"1 minute"},"schema":{"@context":"https:\/\/schema.org","@graph":[{"@type":"WebPage","@id":"https:\/\/www.asimina-cbh.com\/fr\/the-hotel\/leisure-facilities\/","url":"https:\/\/www.asimina-cbh.com\/fr\/the-hotel\/leisure-facilities\/","name":"Installations de l'h\u00f4tel - Asimina Suites Hotel","isPartOf":{"@id":"https:\/\/www.asimina-cbh.com\/fr\/#website"},"primaryImageOfPage":{"@id":"https:\/\/www.asimina-cbh.com\/fr\/the-hotel\/leisure-facilities\/#primaryimage"},"image":{"@id":"https:\/\/www.asimina-cbh.com\/fr\/the-hotel\/leisure-facilities\/#primaryimage"},"thumbnailUrl":"https:\/\/www.asimina-cbh.com\/app\/uploads\/sites\/31\/2026\/02\/6.1-ASIMINA-SUITES-HOTEL-BEACH-scaled.jpg","datePublished":"2022-03-21T10:08:16+00:00","dateModified":"2026-03-19T12:58:52+00:00","description":"Vous trouverez ici toutes les informations concernant les installations h\u00f4teli\u00e8res de l'h\u00f4tel Asimina Suites \u00e0 Paphos par Constantinou Bros.","breadcrumb":{"@id":"https:\/\/www.asimina-cbh.com\/fr\/the-hotel\/leisure-facilities\/#breadcrumb"},"inLanguage":"fr-FR","potentialAction":[{"@type":"ReadAction","target":["https:\/\/www.asimina-cbh.com\/fr\/the-hotel\/leisure-facilities\/"]}]},{"@type":"ImageObject","inLanguage":"fr-FR","@id":"https:\/\/www.asimina-cbh.com\/fr\/the-hotel\/leisure-facilities\/#primaryimage","url":"https:\/\/www.asimina-cbh.com\/app\/uploads\/sites\/31\/2026\/02\/6.1-ASIMINA-SUITES-HOTEL-BEACH-scaled.jpg","contentUrl":"https:\/\/www.asimina-cbh.com\/app\/uploads\/sites\/31\/2026\/02\/6.1-ASIMINA-SUITES-HOTEL-BEACH-scaled.jpg","width":2560,"height":1516},{"@type":"BreadcrumbList","@id":"https:\/\/www.asimina-cbh.com\/fr\/the-hotel\/leisure-facilities\/#breadcrumb","itemListElement":[{"@type":"ListItem","position":1,"name":"Home","item":"https:\/\/www.asimina-cbh.com\/fr\/"},{"@type":"ListItem","position":2,"name":"L&rsquo;h\u00f4tel","item":"https:\/\/www.asimina-cbh.com\/fr\/the-hotel\/"},{"@type":"ListItem","position":3,"name":"Installations de l&rsquo;h\u00f4tel"}]},{"@type":"WebSite","@id":"https:\/\/www.asimina-cbh.com\/fr\/#website","url":"https:\/\/www.asimina-cbh.com\/fr\/","name":"Asimina Suites Hotel","description":"Constantinou Bros Asimina Suites Hotel, 4 star hotel in Paphos Cyprus","potentialAction":[{"@type":"SearchAction","target":{"@type":"EntryPoint","urlTemplate":"https:\/\/www.asimina-cbh.com\/fr\/?s={search_term_string}"},"query-input":{"@type":"PropertyValueSpecification","valueRequired":true,"valueName":"search_term_string"}}],"inLanguage":"fr-FR"}]}},"_links":{"self":[{"href":"https:\/\/www.asimina-cbh.com\/fr\/wp-json\/wp\/v2\/pages\/5532","targetHints":{"allow":["GET"]}}],"collection":[{"href":"https:\/\/www.asimina-cbh.com\/fr\/wp-json\/wp\/v2\/pages"}],"about":[{"href":"https:\/\/www.asimina-cbh.com\/fr\/wp-json\/wp\/v2\/types\/page"}],"author":[{"embeddable":true,"href":"https:\/\/www.asimina-cbh.com\/fr\/wp-json\/wp\/v2\/users\/1"}],"replies":[{"embeddable":true,"href":"https:\/\/www.asimina-cbh.com\/fr\/wp-json\/wp\/v2\/comments?post=5532"}],"version-history":[{"count":5,"href":"https:\/\/www.asimina-cbh.com\/fr\/wp-json\/wp\/v2\/pages\/5532\/revisions"}],"predecessor-version":[{"id":14484,"href":"https:\/\/www.asimina-cbh.com\/fr\/wp-json\/wp\/v2\/pages\/5532\/revisions\/14484"}],"up":[{"embeddable":true,"href":"https:\/\/www.asimina-cbh.com\/fr\/wp-json\/wp\/v2\/pages\/5548"}],"wp:featuredmedia":[{"embeddable":true,"href":"https:\/\/www.asimina-cbh.com\/fr\/wp-json\/wp\/v2\/media\/15913"}],"wp:attachment":[{"href":"https:\/\/www.asimina-cbh.com\/fr\/wp-json\/wp\/v2\/media?parent=5532"}],"curies":[{"name":"wp","href":"https:\/\/api.w.org\/{rel}","templated":true}]}}