{"id":5534,"date":"2022-03-21T13:08:40","date_gmt":"2022-03-21T10:08:40","guid":{"rendered":"https:\/\/www.asimina-cbh.com\/special-features\/"},"modified":"2026-03-19T15:58:57","modified_gmt":"2026-03-19T12:58:57","slug":"special-features","status":"publish","type":"page","link":"https:\/\/www.asimina-cbh.com\/fr\/the-hotel\/special-features\/","title":{"rendered":"Caract\u00e9ristiques sp\u00e9ciales"},"content":{"rendered":"<h3>Caract\u00e9ristiques sp\u00e9ciales<\/h3>\n<ul>\n<li>H\u00f4tel centr\u00e9 sur l&rsquo;adulte (plus de 16 ans)<\/li>\n<li>Service d&rsquo;enregistrement VIP avec boisson de bienvenue et serviettes froides gratuites.<\/li>\n<li>Interdiction de fumer dans tous les espaces int\u00e9rieurs<\/li>\n<li>Les scooters de mobilit\u00e9 ne sont pas autoris\u00e9s dans l&rsquo;enceinte de l&rsquo;h\u00f4tel &#8211; un parking d\u00e9sign\u00e9 est disponible.<\/li>\n<li>Les fauteuils roulants \u00e9lectriques ou manuels sont autoris\u00e9s dans l&rsquo;enceinte de l&rsquo;h\u00f4tel.<\/li>\n<li>Tous les services de restauration et de boissons ne sont pas pay\u00e9s en esp\u00e8ces (paiement par chambre ou par carte de cr\u00e9dit uniquement).<\/li>\n<li>Boutique de souvenirs<\/li>\n<li>Service Wi-Fi gratuit dans toutes les suites et les espaces publics<\/li>\n<li>Petit-d\u00e9jeuner tardif jusqu&rsquo;\u00e0 11h00.<\/li>\n<li>Parking gratuit<\/li>\n<li>Jardins somptueux et plage de sable<\/li>\n<li>R\u00e9servations des compagnies a\u00e9riennes<\/li>\n<li>Service de taxi 24 heures sur 24<\/li>\n<li>M\u00e9decin de garde 24 heures sur 24<\/li>\n<li>Change de devises<\/li>\n<li>Location de voitures et de v\u00e9los<\/li>\n<li>R\u00e9servations d&rsquo;excursions et de croisi\u00e8res<\/li>\n<li>Service de limousine<\/li>\n<li>Blanchisserie et nettoyage \u00e0 sec disponibles<\/li>\n<li>Location d&rsquo;h\u00e9licopt\u00e8res et de jets priv\u00e9s<\/li>\n<li>Location de yachts<\/li>\n<\/ul>\n","protected":false},"excerpt":{"rendered":"<p>Caract\u00e9ristiques sp\u00e9ciales H\u00f4tel centr\u00e9 sur l&rsquo;adulte (plus de 16 ans) Service d&rsquo;enregistrement VIP avec boisson de bienvenue et serviettes froides gratuites. Interdiction de fumer dans tous les espaces int\u00e9rieurs Les scooters de mobilit\u00e9 ne sont pas autoris\u00e9s dans l&rsquo;enceinte de l&rsquo;h\u00f4tel &#8211; un parking d\u00e9sign\u00e9 est disponible. Les fauteuils roulants \u00e9lectriques ou manuels sont autoris\u00e9s<\/p>\n","protected":false},"author":1,"featured_media":16008,"parent":5548,"menu_order":0,"comment_status":"closed","ping_status":"closed","template":"","meta":{"_acf_changed":false,"footnotes":""},"class_list":["post-5534","page","type-page","status-publish","has-post-thumbnail","hentry"],"acf":[],"yoast_head":"<!-- This site is optimized with the Yoast SEO plugin v27.5 - https:\/\/yoast.com\/product\/yoast-seo-wordpress\/ -->\n<title>Caract\u00e9ristiques sp\u00e9ciales - Asimina Suites Hotel<\/title>\n<meta name=\"description\" content=\"Vous trouverez ici toute la gamme des services et des caract\u00e9ristiques sp\u00e9ciales propos\u00e9s \u00e0 l&#039;h\u00f4tel Asimina Suites \u00e0 Paphos par Constantinou Bros.\" \/>\n<meta name=\"robots\" content=\"index, follow, max-snippet:-1, max-image-preview:large, max-video-preview:-1\" \/>\n<link rel=\"canonical\" href=\"https:\/\/www.asimina-cbh.com\/fr\/the-hotel\/special-features\/\" \/>\n<meta property=\"og:locale\" content=\"fr_FR\" \/>\n<meta property=\"og:type\" content=\"article\" \/>\n<meta property=\"og:title\" content=\"Caract\u00e9ristiques sp\u00e9ciales - Asimina Suites Hotel\" \/>\n<meta property=\"og:description\" content=\"Vous trouverez ici toute la gamme des services et des caract\u00e9ristiques sp\u00e9ciales propos\u00e9s \u00e0 l&#039;h\u00f4tel Asimina Suites \u00e0 Paphos par Constantinou Bros.\" \/>\n<meta property=\"og:url\" content=\"https:\/\/www.asimina-cbh.com\/fr\/the-hotel\/special-features\/\" \/>\n<meta property=\"og:site_name\" content=\"Asimina Suites Hotel\" \/>\n<meta property=\"article:modified_time\" content=\"2026-03-19T12:58:57+00:00\" \/>\n<meta property=\"og:image\" content=\"https:\/\/www.asimina-cbh.com\/app\/uploads\/sites\/31\/2026\/02\/5.1-ASIMINA-SUITES-HOTEL-BEACH-CABANAS-1-scaled.jpg\" \/>\n\t<meta property=\"og:image:width\" content=\"2560\" \/>\n\t<meta property=\"og:image:height\" content=\"1440\" \/>\n\t<meta property=\"og:image:type\" content=\"image\/jpeg\" \/>\n<meta name=\"twitter:card\" content=\"summary_large_image\" \/>\n<meta name=\"twitter:label1\" content=\"Dur\u00e9e de lecture estim\u00e9e\" \/>\n\t<meta name=\"twitter:data1\" content=\"1 minute\" \/>\n<script type=\"application\/ld+json\" class=\"yoast-schema-graph\">{\"@context\":\"https:\\\/\\\/schema.org\",\"@graph\":[{\"@type\":\"WebPage\",\"@id\":\"https:\\\/\\\/www.asimina-cbh.com\\\/fr\\\/the-hotel\\\/special-features\\\/\",\"url\":\"https:\\\/\\\/www.asimina-cbh.com\\\/fr\\\/the-hotel\\\/special-features\\\/\",\"name\":\"Caract\u00e9ristiques sp\u00e9ciales - Asimina Suites Hotel\",\"isPartOf\":{\"@id\":\"https:\\\/\\\/www.asimina-cbh.com\\\/fr\\\/#website\"},\"primaryImageOfPage\":{\"@id\":\"https:\\\/\\\/www.asimina-cbh.com\\\/fr\\\/the-hotel\\\/special-features\\\/#primaryimage\"},\"image\":{\"@id\":\"https:\\\/\\\/www.asimina-cbh.com\\\/fr\\\/the-hotel\\\/special-features\\\/#primaryimage\"},\"thumbnailUrl\":\"https:\\\/\\\/www.asimina-cbh.com\\\/app\\\/uploads\\\/sites\\\/31\\\/2026\\\/02\\\/5.1-ASIMINA-SUITES-HOTEL-BEACH-CABANAS-1-scaled.jpg\",\"datePublished\":\"2022-03-21T10:08:40+00:00\",\"dateModified\":\"2026-03-19T12:58:57+00:00\",\"description\":\"Vous trouverez ici toute la gamme des services et des caract\u00e9ristiques sp\u00e9ciales propos\u00e9s \u00e0 l'h\u00f4tel Asimina Suites \u00e0 Paphos par Constantinou Bros.\",\"breadcrumb\":{\"@id\":\"https:\\\/\\\/www.asimina-cbh.com\\\/fr\\\/the-hotel\\\/special-features\\\/#breadcrumb\"},\"inLanguage\":\"fr-FR\",\"potentialAction\":[{\"@type\":\"ReadAction\",\"target\":[\"https:\\\/\\\/www.asimina-cbh.com\\\/fr\\\/the-hotel\\\/special-features\\\/\"]}]},{\"@type\":\"ImageObject\",\"inLanguage\":\"fr-FR\",\"@id\":\"https:\\\/\\\/www.asimina-cbh.com\\\/fr\\\/the-hotel\\\/special-features\\\/#primaryimage\",\"url\":\"https:\\\/\\\/www.asimina-cbh.com\\\/app\\\/uploads\\\/sites\\\/31\\\/2026\\\/02\\\/5.1-ASIMINA-SUITES-HOTEL-BEACH-CABANAS-1-scaled.jpg\",\"contentUrl\":\"https:\\\/\\\/www.asimina-cbh.com\\\/app\\\/uploads\\\/sites\\\/31\\\/2026\\\/02\\\/5.1-ASIMINA-SUITES-HOTEL-BEACH-CABANAS-1-scaled.jpg\",\"width\":2560,\"height\":1440},{\"@type\":\"BreadcrumbList\",\"@id\":\"https:\\\/\\\/www.asimina-cbh.com\\\/fr\\\/the-hotel\\\/special-features\\\/#breadcrumb\",\"itemListElement\":[{\"@type\":\"ListItem\",\"position\":1,\"name\":\"Home\",\"item\":\"https:\\\/\\\/www.asimina-cbh.com\\\/fr\\\/\"},{\"@type\":\"ListItem\",\"position\":2,\"name\":\"L&rsquo;h\u00f4tel\",\"item\":\"https:\\\/\\\/www.asimina-cbh.com\\\/fr\\\/the-hotel\\\/\"},{\"@type\":\"ListItem\",\"position\":3,\"name\":\"Caract\u00e9ristiques sp\u00e9ciales\"}]},{\"@type\":\"WebSite\",\"@id\":\"https:\\\/\\\/www.asimina-cbh.com\\\/fr\\\/#website\",\"url\":\"https:\\\/\\\/www.asimina-cbh.com\\\/fr\\\/\",\"name\":\"Asimina Suites Hotel\",\"description\":\"Constantinou Bros Asimina Suites Hotel, 4 star hotel in Paphos Cyprus\",\"potentialAction\":[{\"@type\":\"SearchAction\",\"target\":{\"@type\":\"EntryPoint\",\"urlTemplate\":\"https:\\\/\\\/www.asimina-cbh.com\\\/fr\\\/?s={search_term_string}\"},\"query-input\":{\"@type\":\"PropertyValueSpecification\",\"valueRequired\":true,\"valueName\":\"search_term_string\"}}],\"inLanguage\":\"fr-FR\"}]}<\/script>\n<!-- \/ Yoast SEO plugin. -->","yoast_head_json":{"title":"Caract\u00e9ristiques sp\u00e9ciales - Asimina Suites Hotel","description":"Vous trouverez ici toute la gamme des services et des caract\u00e9ristiques sp\u00e9ciales propos\u00e9s \u00e0 l'h\u00f4tel Asimina Suites \u00e0 Paphos par Constantinou Bros.","robots":{"index":"index","follow":"follow","max-snippet":"max-snippet:-1","max-image-preview":"max-image-preview:large","max-video-preview":"max-video-preview:-1"},"canonical":"https:\/\/www.asimina-cbh.com\/fr\/the-hotel\/special-features\/","og_locale":"fr_FR","og_type":"article","og_title":"Caract\u00e9ristiques sp\u00e9ciales - Asimina Suites Hotel","og_description":"Vous trouverez ici toute la gamme des services et des caract\u00e9ristiques sp\u00e9ciales propos\u00e9s \u00e0 l'h\u00f4tel Asimina Suites \u00e0 Paphos par Constantinou Bros.","og_url":"https:\/\/www.asimina-cbh.com\/fr\/the-hotel\/special-features\/","og_site_name":"Asimina Suites Hotel","article_modified_time":"2026-03-19T12:58:57+00:00","og_image":[{"width":2560,"height":1440,"url":"https:\/\/www.asimina-cbh.com\/app\/uploads\/sites\/31\/2026\/02\/5.1-ASIMINA-SUITES-HOTEL-BEACH-CABANAS-1-scaled.jpg","type":"image\/jpeg"}],"twitter_card":"summary_large_image","twitter_misc":{"Dur\u00e9e de lecture estim\u00e9e":"1 minute"},"schema":{"@context":"https:\/\/schema.org","@graph":[{"@type":"WebPage","@id":"https:\/\/www.asimina-cbh.com\/fr\/the-hotel\/special-features\/","url":"https:\/\/www.asimina-cbh.com\/fr\/the-hotel\/special-features\/","name":"Caract\u00e9ristiques sp\u00e9ciales - Asimina Suites Hotel","isPartOf":{"@id":"https:\/\/www.asimina-cbh.com\/fr\/#website"},"primaryImageOfPage":{"@id":"https:\/\/www.asimina-cbh.com\/fr\/the-hotel\/special-features\/#primaryimage"},"image":{"@id":"https:\/\/www.asimina-cbh.com\/fr\/the-hotel\/special-features\/#primaryimage"},"thumbnailUrl":"https:\/\/www.asimina-cbh.com\/app\/uploads\/sites\/31\/2026\/02\/5.1-ASIMINA-SUITES-HOTEL-BEACH-CABANAS-1-scaled.jpg","datePublished":"2022-03-21T10:08:40+00:00","dateModified":"2026-03-19T12:58:57+00:00","description":"Vous trouverez ici toute la gamme des services et des caract\u00e9ristiques sp\u00e9ciales propos\u00e9s \u00e0 l'h\u00f4tel Asimina Suites \u00e0 Paphos par Constantinou Bros.","breadcrumb":{"@id":"https:\/\/www.asimina-cbh.com\/fr\/the-hotel\/special-features\/#breadcrumb"},"inLanguage":"fr-FR","potentialAction":[{"@type":"ReadAction","target":["https:\/\/www.asimina-cbh.com\/fr\/the-hotel\/special-features\/"]}]},{"@type":"ImageObject","inLanguage":"fr-FR","@id":"https:\/\/www.asimina-cbh.com\/fr\/the-hotel\/special-features\/#primaryimage","url":"https:\/\/www.asimina-cbh.com\/app\/uploads\/sites\/31\/2026\/02\/5.1-ASIMINA-SUITES-HOTEL-BEACH-CABANAS-1-scaled.jpg","contentUrl":"https:\/\/www.asimina-cbh.com\/app\/uploads\/sites\/31\/2026\/02\/5.1-ASIMINA-SUITES-HOTEL-BEACH-CABANAS-1-scaled.jpg","width":2560,"height":1440},{"@type":"BreadcrumbList","@id":"https:\/\/www.asimina-cbh.com\/fr\/the-hotel\/special-features\/#breadcrumb","itemListElement":[{"@type":"ListItem","position":1,"name":"Home","item":"https:\/\/www.asimina-cbh.com\/fr\/"},{"@type":"ListItem","position":2,"name":"L&rsquo;h\u00f4tel","item":"https:\/\/www.asimina-cbh.com\/fr\/the-hotel\/"},{"@type":"ListItem","position":3,"name":"Caract\u00e9ristiques sp\u00e9ciales"}]},{"@type":"WebSite","@id":"https:\/\/www.asimina-cbh.com\/fr\/#website","url":"https:\/\/www.asimina-cbh.com\/fr\/","name":"Asimina Suites Hotel","description":"Constantinou Bros Asimina Suites Hotel, 4 star hotel in Paphos Cyprus","potentialAction":[{"@type":"SearchAction","target":{"@type":"EntryPoint","urlTemplate":"https:\/\/www.asimina-cbh.com\/fr\/?s={search_term_string}"},"query-input":{"@type":"PropertyValueSpecification","valueRequired":true,"valueName":"search_term_string"}}],"inLanguage":"fr-FR"}]}},"_links":{"self":[{"href":"https:\/\/www.asimina-cbh.com\/fr\/wp-json\/wp\/v2\/pages\/5534","targetHints":{"allow":["GET"]}}],"collection":[{"href":"https:\/\/www.asimina-cbh.com\/fr\/wp-json\/wp\/v2\/pages"}],"about":[{"href":"https:\/\/www.asimina-cbh.com\/fr\/wp-json\/wp\/v2\/types\/page"}],"author":[{"embeddable":true,"href":"https:\/\/www.asimina-cbh.com\/fr\/wp-json\/wp\/v2\/users\/1"}],"replies":[{"embeddable":true,"href":"https:\/\/www.asimina-cbh.com\/fr\/wp-json\/wp\/v2\/comments?post=5534"}],"version-history":[{"count":3,"href":"https:\/\/www.asimina-cbh.com\/fr\/wp-json\/wp\/v2\/pages\/5534\/revisions"}],"predecessor-version":[{"id":12699,"href":"https:\/\/www.asimina-cbh.com\/fr\/wp-json\/wp\/v2\/pages\/5534\/revisions\/12699"}],"up":[{"embeddable":true,"href":"https:\/\/www.asimina-cbh.com\/fr\/wp-json\/wp\/v2\/pages\/5548"}],"wp:featuredmedia":[{"embeddable":true,"href":"https:\/\/www.asimina-cbh.com\/fr\/wp-json\/wp\/v2\/media\/16008"}],"wp:attachment":[{"href":"https:\/\/www.asimina-cbh.com\/fr\/wp-json\/wp\/v2\/media?parent=5534"}],"curies":[{"name":"wp","href":"https:\/\/api.w.org\/{rel}","templated":true}]}}