{"id":5536,"date":"2022-03-21T13:08:59","date_gmt":"2022-03-21T10:08:59","guid":{"rendered":"https:\/\/www.asimina-cbh.com\/bars\/"},"modified":"2026-03-19T16:04:48","modified_gmt":"2026-03-19T13:04:48","slug":"bars","status":"publish","type":"page","link":"https:\/\/www.asimina-cbh.com\/fr\/dining\/bars\/","title":{"rendered":"Bars"},"content":{"rendered":"<p><!--strong>Lounge Bar\n<\/strong>Cosmopolitan atmosphere for before and after dinner drinks with late-night entertainment and dancing.\n\n<strong>VIP'S Bar\n<\/strong>Cosy bar for a night cap.\n\n<strong>Sports Bar\n<\/strong>Enjoy a pint or other drink of your choice together with a game of American pool or just relax and watch a good game of football on the big screen TV.\n\n<strong>Garden Bar<\/strong>\n\nThe ideal place to enjoy a refreshing drink in the open air.\n\n<strong>St. Andrew's Rooftop Bar<\/strong>\n\nThe perfect spot to enjoy spectacular sunsets for evening cocktails.--><\/p>\n","protected":false},"excerpt":{"rendered":"","protected":false},"author":1,"featured_media":15248,"parent":5551,"menu_order":0,"comment_status":"closed","ping_status":"closed","template":"","meta":{"_acf_changed":false,"footnotes":""},"class_list":["post-5536","page","type-page","status-publish","has-post-thumbnail","hentry"],"acf":[],"yoast_head":"<!-- This site is optimized with the Yoast SEO plugin v27.5 - https:\/\/yoast.com\/product\/yoast-seo-wordpress\/ -->\n<title>Soir\u00e9es \u00e0 l&#039;Asimina Suites Paphos bars || Asimina Suites Hotel<\/title>\n<meta name=\"description\" content=\"Rehaussez vos soir\u00e9es avec de d\u00e9licieux rafra\u00eechissements, des cocktails et des vins dans les bars de l&#039;Asimina Suites Paphos, qui comprennent un salon, un bar VIP et un bar sportif.\" \/>\n<meta name=\"robots\" content=\"index, follow, max-snippet:-1, max-image-preview:large, max-video-preview:-1\" \/>\n<link rel=\"canonical\" href=\"https:\/\/www.asimina-cbh.com\/fr\/dining\/bars\/\" \/>\n<meta property=\"og:locale\" content=\"fr_FR\" \/>\n<meta property=\"og:type\" content=\"article\" \/>\n<meta property=\"og:title\" content=\"Soir\u00e9es \u00e0 l&#039;Asimina Suites Paphos bars || Asimina Suites Hotel\" \/>\n<meta property=\"og:description\" content=\"Rehaussez vos soir\u00e9es avec de d\u00e9licieux rafra\u00eechissements, des cocktails et des vins dans les bars de l&#039;Asimina Suites Paphos, qui comprennent un salon, un bar VIP et un bar sportif.\" \/>\n<meta property=\"og:url\" content=\"https:\/\/www.asimina-cbh.com\/fr\/dining\/bars\/\" \/>\n<meta property=\"og:site_name\" content=\"Asimina Suites Hotel\" \/>\n<meta property=\"article:modified_time\" content=\"2026-03-19T13:04:48+00:00\" \/>\n<meta property=\"og:image\" content=\"https:\/\/www.asimina-cbh.com\/app\/uploads\/sites\/31\/2025\/10\/22-ASIMINA-SUITES-HOTEL-VIPS-BAR-scaled.jpg\" \/>\n\t<meta property=\"og:image:width\" content=\"2560\" \/>\n\t<meta property=\"og:image:height\" content=\"1706\" \/>\n\t<meta property=\"og:image:type\" content=\"image\/jpeg\" \/>\n<meta name=\"twitter:card\" content=\"summary_large_image\" \/>\n<meta name=\"twitter:label1\" content=\"Dur\u00e9e de lecture estim\u00e9e\" \/>\n\t<meta name=\"twitter:data1\" content=\"1 minute\" \/>\n<script type=\"application\/ld+json\" class=\"yoast-schema-graph\">{\"@context\":\"https:\\\/\\\/schema.org\",\"@graph\":[{\"@type\":\"WebPage\",\"@id\":\"https:\\\/\\\/www.asimina-cbh.com\\\/fr\\\/dining\\\/bars\\\/\",\"url\":\"https:\\\/\\\/www.asimina-cbh.com\\\/fr\\\/dining\\\/bars\\\/\",\"name\":\"Soir\u00e9es \u00e0 l'Asimina Suites Paphos bars || Asimina Suites Hotel\",\"isPartOf\":{\"@id\":\"https:\\\/\\\/www.asimina-cbh.com\\\/fr\\\/#website\"},\"primaryImageOfPage\":{\"@id\":\"https:\\\/\\\/www.asimina-cbh.com\\\/fr\\\/dining\\\/bars\\\/#primaryimage\"},\"image\":{\"@id\":\"https:\\\/\\\/www.asimina-cbh.com\\\/fr\\\/dining\\\/bars\\\/#primaryimage\"},\"thumbnailUrl\":\"https:\\\/\\\/www.asimina-cbh.com\\\/app\\\/uploads\\\/sites\\\/31\\\/2025\\\/10\\\/22-ASIMINA-SUITES-HOTEL-VIPS-BAR-scaled.jpg\",\"datePublished\":\"2022-03-21T10:08:59+00:00\",\"dateModified\":\"2026-03-19T13:04:48+00:00\",\"description\":\"Rehaussez vos soir\u00e9es avec de d\u00e9licieux rafra\u00eechissements, des cocktails et des vins dans les bars de l'Asimina Suites Paphos, qui comprennent un salon, un bar VIP et un bar sportif.\",\"breadcrumb\":{\"@id\":\"https:\\\/\\\/www.asimina-cbh.com\\\/fr\\\/dining\\\/bars\\\/#breadcrumb\"},\"inLanguage\":\"fr-FR\",\"potentialAction\":[{\"@type\":\"ReadAction\",\"target\":[\"https:\\\/\\\/www.asimina-cbh.com\\\/fr\\\/dining\\\/bars\\\/\"]}]},{\"@type\":\"ImageObject\",\"inLanguage\":\"fr-FR\",\"@id\":\"https:\\\/\\\/www.asimina-cbh.com\\\/fr\\\/dining\\\/bars\\\/#primaryimage\",\"url\":\"https:\\\/\\\/www.asimina-cbh.com\\\/app\\\/uploads\\\/sites\\\/31\\\/2025\\\/10\\\/22-ASIMINA-SUITES-HOTEL-VIPS-BAR-scaled.jpg\",\"contentUrl\":\"https:\\\/\\\/www.asimina-cbh.com\\\/app\\\/uploads\\\/sites\\\/31\\\/2025\\\/10\\\/22-ASIMINA-SUITES-HOTEL-VIPS-BAR-scaled.jpg\",\"width\":2560,\"height\":1706},{\"@type\":\"BreadcrumbList\",\"@id\":\"https:\\\/\\\/www.asimina-cbh.com\\\/fr\\\/dining\\\/bars\\\/#breadcrumb\",\"itemListElement\":[{\"@type\":\"ListItem\",\"position\":1,\"name\":\"Home\",\"item\":\"https:\\\/\\\/www.asimina-cbh.com\\\/fr\\\/\"},{\"@type\":\"ListItem\",\"position\":2,\"name\":\"Salle \u00e0 manger\",\"item\":\"https:\\\/\\\/www.asimina-cbh.com\\\/fr\\\/dining\\\/\"},{\"@type\":\"ListItem\",\"position\":3,\"name\":\"Bars\"}]},{\"@type\":\"WebSite\",\"@id\":\"https:\\\/\\\/www.asimina-cbh.com\\\/fr\\\/#website\",\"url\":\"https:\\\/\\\/www.asimina-cbh.com\\\/fr\\\/\",\"name\":\"Asimina Suites Hotel\",\"description\":\"Constantinou Bros Asimina Suites Hotel, 4 star hotel in Paphos Cyprus\",\"potentialAction\":[{\"@type\":\"SearchAction\",\"target\":{\"@type\":\"EntryPoint\",\"urlTemplate\":\"https:\\\/\\\/www.asimina-cbh.com\\\/fr\\\/?s={search_term_string}\"},\"query-input\":{\"@type\":\"PropertyValueSpecification\",\"valueRequired\":true,\"valueName\":\"search_term_string\"}}],\"inLanguage\":\"fr-FR\"}]}<\/script>\n<!-- \/ Yoast SEO plugin. -->","yoast_head_json":{"title":"Soir\u00e9es \u00e0 l'Asimina Suites Paphos bars || Asimina Suites Hotel","description":"Rehaussez vos soir\u00e9es avec de d\u00e9licieux rafra\u00eechissements, des cocktails et des vins dans les bars de l'Asimina Suites Paphos, qui comprennent un salon, un bar VIP et un bar sportif.","robots":{"index":"index","follow":"follow","max-snippet":"max-snippet:-1","max-image-preview":"max-image-preview:large","max-video-preview":"max-video-preview:-1"},"canonical":"https:\/\/www.asimina-cbh.com\/fr\/dining\/bars\/","og_locale":"fr_FR","og_type":"article","og_title":"Soir\u00e9es \u00e0 l'Asimina Suites Paphos bars || Asimina Suites Hotel","og_description":"Rehaussez vos soir\u00e9es avec de d\u00e9licieux rafra\u00eechissements, des cocktails et des vins dans les bars de l'Asimina Suites Paphos, qui comprennent un salon, un bar VIP et un bar sportif.","og_url":"https:\/\/www.asimina-cbh.com\/fr\/dining\/bars\/","og_site_name":"Asimina Suites Hotel","article_modified_time":"2026-03-19T13:04:48+00:00","og_image":[{"width":2560,"height":1706,"url":"https:\/\/www.asimina-cbh.com\/app\/uploads\/sites\/31\/2025\/10\/22-ASIMINA-SUITES-HOTEL-VIPS-BAR-scaled.jpg","type":"image\/jpeg"}],"twitter_card":"summary_large_image","twitter_misc":{"Dur\u00e9e de lecture estim\u00e9e":"1 minute"},"schema":{"@context":"https:\/\/schema.org","@graph":[{"@type":"WebPage","@id":"https:\/\/www.asimina-cbh.com\/fr\/dining\/bars\/","url":"https:\/\/www.asimina-cbh.com\/fr\/dining\/bars\/","name":"Soir\u00e9es \u00e0 l'Asimina Suites Paphos bars || Asimina Suites Hotel","isPartOf":{"@id":"https:\/\/www.asimina-cbh.com\/fr\/#website"},"primaryImageOfPage":{"@id":"https:\/\/www.asimina-cbh.com\/fr\/dining\/bars\/#primaryimage"},"image":{"@id":"https:\/\/www.asimina-cbh.com\/fr\/dining\/bars\/#primaryimage"},"thumbnailUrl":"https:\/\/www.asimina-cbh.com\/app\/uploads\/sites\/31\/2025\/10\/22-ASIMINA-SUITES-HOTEL-VIPS-BAR-scaled.jpg","datePublished":"2022-03-21T10:08:59+00:00","dateModified":"2026-03-19T13:04:48+00:00","description":"Rehaussez vos soir\u00e9es avec de d\u00e9licieux rafra\u00eechissements, des cocktails et des vins dans les bars de l'Asimina Suites Paphos, qui comprennent un salon, un bar VIP et un bar sportif.","breadcrumb":{"@id":"https:\/\/www.asimina-cbh.com\/fr\/dining\/bars\/#breadcrumb"},"inLanguage":"fr-FR","potentialAction":[{"@type":"ReadAction","target":["https:\/\/www.asimina-cbh.com\/fr\/dining\/bars\/"]}]},{"@type":"ImageObject","inLanguage":"fr-FR","@id":"https:\/\/www.asimina-cbh.com\/fr\/dining\/bars\/#primaryimage","url":"https:\/\/www.asimina-cbh.com\/app\/uploads\/sites\/31\/2025\/10\/22-ASIMINA-SUITES-HOTEL-VIPS-BAR-scaled.jpg","contentUrl":"https:\/\/www.asimina-cbh.com\/app\/uploads\/sites\/31\/2025\/10\/22-ASIMINA-SUITES-HOTEL-VIPS-BAR-scaled.jpg","width":2560,"height":1706},{"@type":"BreadcrumbList","@id":"https:\/\/www.asimina-cbh.com\/fr\/dining\/bars\/#breadcrumb","itemListElement":[{"@type":"ListItem","position":1,"name":"Home","item":"https:\/\/www.asimina-cbh.com\/fr\/"},{"@type":"ListItem","position":2,"name":"Salle \u00e0 manger","item":"https:\/\/www.asimina-cbh.com\/fr\/dining\/"},{"@type":"ListItem","position":3,"name":"Bars"}]},{"@type":"WebSite","@id":"https:\/\/www.asimina-cbh.com\/fr\/#website","url":"https:\/\/www.asimina-cbh.com\/fr\/","name":"Asimina Suites Hotel","description":"Constantinou Bros Asimina Suites Hotel, 4 star hotel in Paphos Cyprus","potentialAction":[{"@type":"SearchAction","target":{"@type":"EntryPoint","urlTemplate":"https:\/\/www.asimina-cbh.com\/fr\/?s={search_term_string}"},"query-input":{"@type":"PropertyValueSpecification","valueRequired":true,"valueName":"search_term_string"}}],"inLanguage":"fr-FR"}]}},"_links":{"self":[{"href":"https:\/\/www.asimina-cbh.com\/fr\/wp-json\/wp\/v2\/pages\/5536","targetHints":{"allow":["GET"]}}],"collection":[{"href":"https:\/\/www.asimina-cbh.com\/fr\/wp-json\/wp\/v2\/pages"}],"about":[{"href":"https:\/\/www.asimina-cbh.com\/fr\/wp-json\/wp\/v2\/types\/page"}],"author":[{"embeddable":true,"href":"https:\/\/www.asimina-cbh.com\/fr\/wp-json\/wp\/v2\/users\/1"}],"replies":[{"embeddable":true,"href":"https:\/\/www.asimina-cbh.com\/fr\/wp-json\/wp\/v2\/comments?post=5536"}],"version-history":[{"count":7,"href":"https:\/\/www.asimina-cbh.com\/fr\/wp-json\/wp\/v2\/pages\/5536\/revisions"}],"predecessor-version":[{"id":16275,"href":"https:\/\/www.asimina-cbh.com\/fr\/wp-json\/wp\/v2\/pages\/5536\/revisions\/16275"}],"up":[{"embeddable":true,"href":"https:\/\/www.asimina-cbh.com\/fr\/wp-json\/wp\/v2\/pages\/5551"}],"wp:featuredmedia":[{"embeddable":true,"href":"https:\/\/www.asimina-cbh.com\/fr\/wp-json\/wp\/v2\/media\/15248"}],"wp:attachment":[{"href":"https:\/\/www.asimina-cbh.com\/fr\/wp-json\/wp\/v2\/media?parent=5536"}],"curies":[{"name":"wp","href":"https:\/\/api.w.org\/{rel}","templated":true}]}}