{"id":5544,"date":"2022-03-21T13:10:17","date_gmt":"2022-03-21T10:10:17","guid":{"rendered":"https:\/\/www.asimina-cbh.com\/elixir-spa\/"},"modified":"2024-09-17T12:37:14","modified_gmt":"2024-09-17T09:37:14","slug":"elixir-spa","status":"publish","type":"page","link":"https:\/\/www.asimina-cbh.com\/fr\/elixir-spa\/","title":{"rendered":"Spa Elixir"},"content":{"rendered":"<h1 class=\"welcome-title big-size font-regular mt-5\">Elixir Spa au sein de l&rsquo;Asimina Suites, h\u00f4tel spa de luxe \u00e0 Paphos<\/h1>\n<p>&nbsp;<\/p>\n<p style=\"text-align: center;\"><img loading=\"lazy\" decoding=\"async\" class=\"aligncenter wp-image-2623\" src=\"https:\/\/www.asimina-cbh.com\/app\/uploads\/sites\/31\/2019\/12\/elixir-spa-600x300-1.jpg\" alt=\"\" width=\"250\" height=\"125\" \/><\/p>\n<p style=\"text-align: left;\">Vivez des moments de loisirs et de d\u00e9tente au bord de la mer ou p\u00e9n\u00e9trez dans l&rsquo;environnement paisible du spa Elixir, enti\u00e8rement \u00e9quip\u00e9.<\/p>\n<p style=\"text-align: left;\">Un sens de l&rsquo;\u00e9quilibre et de la tranquillit\u00e9, de la relaxation et de l&rsquo;inspiration, tout est r\u00e9uni \u00e0 l&rsquo;Elixir Spa. Dans l&rsquo;environnement exquis de nos h\u00f4tels, nos clients ont la possibilit\u00e9 de choisir parmi une vaste gamme de soins thermaux. Ressentez le bonheur et la s\u00e9r\u00e9nit\u00e9 dans un sanctuaire o\u00f9 vous pourrez vous d\u00e9tendre, vous relaxer, vous ressourcer et vous rajeunir. Vous pourrez profiter de certains de nos soins dans notre espace de massage priv\u00e9 en plein air, tandis que la vue sur la M\u00e9diterran\u00e9e turquoise et la brise parfum\u00e9e apport\u00e9e par les palmiers se balan\u00e7ant \u00e0 l&rsquo;horizon revigoreront vos sens.<\/p>\n<h4 style=\"text-align: left;\">Installations et commodit\u00e9s<\/h4>\n<ul style=\"text-align: left;\">\n<li>Massages relaxants et th\u00e9rapeutiques<\/li>\n<li>Aromath\u00e9rapie<\/li>\n<li>Massages sportifs<\/li>\n<li>Soins Signature Elixir Spa<\/li>\n<li>Bain de vapeur (gratuit selon disponibilit\u00e9)<\/li>\n<li>Sauna (gratuit selon disponibilit\u00e9)<\/li>\n<li>Sauna pour nudistes (libre selon disponibilit\u00e9)<\/li>\n<li>Espace d\u00e9tente<\/li>\n<li>Forfaits pour les couples<\/li>\n<li>Forfaits lune de miel<\/li>\n<li>Forfaits Spa<\/li>\n<li>Salon de coiffure unisexe<\/li>\n<li>Centre de gymnastique (143 m\u00b2) avec \u00e9quipements de cardio et de musculation.<\/li>\n<li>Activit\u00e9s de bien-\u00eatre<\/li>\n<\/ul>\n<p style=\"text-align: left;\">\n","protected":false},"excerpt":{"rendered":"<p>Elixir Spa au sein de l&rsquo;Asimina Suites, h\u00f4tel spa de luxe \u00e0 Paphos &nbsp; Vivez des moments de loisirs et de d\u00e9tente au bord de la mer ou p\u00e9n\u00e9trez dans l&rsquo;environnement paisible du spa Elixir, enti\u00e8rement \u00e9quip\u00e9. Un sens de l&rsquo;\u00e9quilibre et de la tranquillit\u00e9, de la relaxation et de l&rsquo;inspiration, tout est r\u00e9uni \u00e0<\/p>\n","protected":false},"author":1,"featured_media":15890,"parent":0,"menu_order":0,"comment_status":"closed","ping_status":"closed","template":"","meta":{"_acf_changed":false,"footnotes":""},"class_list":["post-5544","page","type-page","status-publish","has-post-thumbnail","hentry"],"acf":[],"yoast_head":"<!-- This site is optimized with the Yoast SEO plugin v27.5 - https:\/\/yoast.com\/product\/yoast-seo-wordpress\/ -->\n<title>L&#039;h\u00f4tel Asimina Suites Hotel est un h\u00f4tel spa de luxe revitalisant situ\u00e9 \u00e0 Paphos.<\/title>\n<meta name=\"description\" content=\"L\u00e2chez tous vos soucis, abandonnez-vous aux mains bienfaisantes de nos th\u00e9rapeutes et profitez de s\u00e9ances relaxantes et revitalisantes dans notre h\u00f4tel spa de luxe \u00e0 Paphos.\" \/>\n<meta name=\"robots\" content=\"index, follow, max-snippet:-1, max-image-preview:large, max-video-preview:-1\" \/>\n<link rel=\"canonical\" href=\"https:\/\/www.asimina-cbh.com\/fr\/elixir-spa\/\" \/>\n<meta property=\"og:locale\" content=\"fr_FR\" \/>\n<meta property=\"og:type\" content=\"article\" \/>\n<meta property=\"og:title\" content=\"L&#039;h\u00f4tel Asimina Suites Hotel est un h\u00f4tel spa de luxe revitalisant situ\u00e9 \u00e0 Paphos.\" \/>\n<meta property=\"og:description\" content=\"L\u00e2chez tous vos soucis, abandonnez-vous aux mains bienfaisantes de nos th\u00e9rapeutes et profitez de s\u00e9ances relaxantes et revitalisantes dans notre h\u00f4tel spa de luxe \u00e0 Paphos.\" \/>\n<meta property=\"og:url\" content=\"https:\/\/www.asimina-cbh.com\/fr\/elixir-spa\/\" \/>\n<meta property=\"og:site_name\" content=\"Asimina Suites Hotel\" \/>\n<meta property=\"article:modified_time\" content=\"2024-09-17T09:37:14+00:00\" \/>\n<meta property=\"og:image\" content=\"https:\/\/www.asimina-cbh.com\/app\/uploads\/sites\/31\/2019\/12\/elixir-spa-600x300-1.jpg\" \/>\n<meta name=\"twitter:card\" content=\"summary_large_image\" \/>\n<meta name=\"twitter:label1\" content=\"Dur\u00e9e de lecture estim\u00e9e\" \/>\n\t<meta name=\"twitter:data1\" content=\"2 minutes\" \/>\n<script type=\"application\/ld+json\" class=\"yoast-schema-graph\">{\"@context\":\"https:\\\/\\\/schema.org\",\"@graph\":[{\"@type\":\"WebPage\",\"@id\":\"https:\\\/\\\/www.asimina-cbh.com\\\/fr\\\/elixir-spa\\\/\",\"url\":\"https:\\\/\\\/www.asimina-cbh.com\\\/fr\\\/elixir-spa\\\/\",\"name\":\"L'h\u00f4tel Asimina Suites Hotel est un h\u00f4tel spa de luxe revitalisant situ\u00e9 \u00e0 Paphos.\",\"isPartOf\":{\"@id\":\"https:\\\/\\\/www.asimina-cbh.com\\\/fr\\\/#website\"},\"primaryImageOfPage\":{\"@id\":\"https:\\\/\\\/www.asimina-cbh.com\\\/fr\\\/elixir-spa\\\/#primaryimage\"},\"image\":{\"@id\":\"https:\\\/\\\/www.asimina-cbh.com\\\/fr\\\/elixir-spa\\\/#primaryimage\"},\"thumbnailUrl\":\"https:\\\/\\\/www.asimina-cbh.com\\\/app\\\/uploads\\\/sites\\\/31\\\/2026\\\/02\\\/69-ASIMINA-SUITES-HOTEL-INDOOR-POOL.jpg\",\"datePublished\":\"2022-03-21T10:10:17+00:00\",\"dateModified\":\"2024-09-17T09:37:14+00:00\",\"description\":\"L\u00e2chez tous vos soucis, abandonnez-vous aux mains bienfaisantes de nos th\u00e9rapeutes et profitez de s\u00e9ances relaxantes et revitalisantes dans notre h\u00f4tel spa de luxe \u00e0 Paphos.\",\"breadcrumb\":{\"@id\":\"https:\\\/\\\/www.asimina-cbh.com\\\/fr\\\/elixir-spa\\\/#breadcrumb\"},\"inLanguage\":\"fr-FR\",\"potentialAction\":[{\"@type\":\"ReadAction\",\"target\":[\"https:\\\/\\\/www.asimina-cbh.com\\\/fr\\\/elixir-spa\\\/\"]}]},{\"@type\":\"ImageObject\",\"inLanguage\":\"fr-FR\",\"@id\":\"https:\\\/\\\/www.asimina-cbh.com\\\/fr\\\/elixir-spa\\\/#primaryimage\",\"url\":\"https:\\\/\\\/www.asimina-cbh.com\\\/app\\\/uploads\\\/sites\\\/31\\\/2026\\\/02\\\/69-ASIMINA-SUITES-HOTEL-INDOOR-POOL.jpg\",\"contentUrl\":\"https:\\\/\\\/www.asimina-cbh.com\\\/app\\\/uploads\\\/sites\\\/31\\\/2026\\\/02\\\/69-ASIMINA-SUITES-HOTEL-INDOOR-POOL.jpg\",\"width\":8256,\"height\":5504},{\"@type\":\"BreadcrumbList\",\"@id\":\"https:\\\/\\\/www.asimina-cbh.com\\\/fr\\\/elixir-spa\\\/#breadcrumb\",\"itemListElement\":[{\"@type\":\"ListItem\",\"position\":1,\"name\":\"Home\",\"item\":\"https:\\\/\\\/www.asimina-cbh.com\\\/fr\\\/\"},{\"@type\":\"ListItem\",\"position\":2,\"name\":\"Spa Elixir\"}]},{\"@type\":\"WebSite\",\"@id\":\"https:\\\/\\\/www.asimina-cbh.com\\\/fr\\\/#website\",\"url\":\"https:\\\/\\\/www.asimina-cbh.com\\\/fr\\\/\",\"name\":\"Asimina Suites Hotel\",\"description\":\"Constantinou Bros Asimina Suites Hotel, 4 star hotel in Paphos Cyprus\",\"potentialAction\":[{\"@type\":\"SearchAction\",\"target\":{\"@type\":\"EntryPoint\",\"urlTemplate\":\"https:\\\/\\\/www.asimina-cbh.com\\\/fr\\\/?s={search_term_string}\"},\"query-input\":{\"@type\":\"PropertyValueSpecification\",\"valueRequired\":true,\"valueName\":\"search_term_string\"}}],\"inLanguage\":\"fr-FR\"}]}<\/script>\n<!-- \/ Yoast SEO plugin. -->","yoast_head_json":{"title":"L'h\u00f4tel Asimina Suites Hotel est un h\u00f4tel spa de luxe revitalisant situ\u00e9 \u00e0 Paphos.","description":"L\u00e2chez tous vos soucis, abandonnez-vous aux mains bienfaisantes de nos th\u00e9rapeutes et profitez de s\u00e9ances relaxantes et revitalisantes dans notre h\u00f4tel spa de luxe \u00e0 Paphos.","robots":{"index":"index","follow":"follow","max-snippet":"max-snippet:-1","max-image-preview":"max-image-preview:large","max-video-preview":"max-video-preview:-1"},"canonical":"https:\/\/www.asimina-cbh.com\/fr\/elixir-spa\/","og_locale":"fr_FR","og_type":"article","og_title":"L'h\u00f4tel Asimina Suites Hotel est un h\u00f4tel spa de luxe revitalisant situ\u00e9 \u00e0 Paphos.","og_description":"L\u00e2chez tous vos soucis, abandonnez-vous aux mains bienfaisantes de nos th\u00e9rapeutes et profitez de s\u00e9ances relaxantes et revitalisantes dans notre h\u00f4tel spa de luxe \u00e0 Paphos.","og_url":"https:\/\/www.asimina-cbh.com\/fr\/elixir-spa\/","og_site_name":"Asimina Suites Hotel","article_modified_time":"2024-09-17T09:37:14+00:00","og_image":[{"url":"https:\/\/www.asimina-cbh.com\/app\/uploads\/sites\/31\/2019\/12\/elixir-spa-600x300-1.jpg","type":"","width":"","height":""}],"twitter_card":"summary_large_image","twitter_misc":{"Dur\u00e9e de lecture estim\u00e9e":"2 minutes"},"schema":{"@context":"https:\/\/schema.org","@graph":[{"@type":"WebPage","@id":"https:\/\/www.asimina-cbh.com\/fr\/elixir-spa\/","url":"https:\/\/www.asimina-cbh.com\/fr\/elixir-spa\/","name":"L'h\u00f4tel Asimina Suites Hotel est un h\u00f4tel spa de luxe revitalisant situ\u00e9 \u00e0 Paphos.","isPartOf":{"@id":"https:\/\/www.asimina-cbh.com\/fr\/#website"},"primaryImageOfPage":{"@id":"https:\/\/www.asimina-cbh.com\/fr\/elixir-spa\/#primaryimage"},"image":{"@id":"https:\/\/www.asimina-cbh.com\/fr\/elixir-spa\/#primaryimage"},"thumbnailUrl":"https:\/\/www.asimina-cbh.com\/app\/uploads\/sites\/31\/2026\/02\/69-ASIMINA-SUITES-HOTEL-INDOOR-POOL.jpg","datePublished":"2022-03-21T10:10:17+00:00","dateModified":"2024-09-17T09:37:14+00:00","description":"L\u00e2chez tous vos soucis, abandonnez-vous aux mains bienfaisantes de nos th\u00e9rapeutes et profitez de s\u00e9ances relaxantes et revitalisantes dans notre h\u00f4tel spa de luxe \u00e0 Paphos.","breadcrumb":{"@id":"https:\/\/www.asimina-cbh.com\/fr\/elixir-spa\/#breadcrumb"},"inLanguage":"fr-FR","potentialAction":[{"@type":"ReadAction","target":["https:\/\/www.asimina-cbh.com\/fr\/elixir-spa\/"]}]},{"@type":"ImageObject","inLanguage":"fr-FR","@id":"https:\/\/www.asimina-cbh.com\/fr\/elixir-spa\/#primaryimage","url":"https:\/\/www.asimina-cbh.com\/app\/uploads\/sites\/31\/2026\/02\/69-ASIMINA-SUITES-HOTEL-INDOOR-POOL.jpg","contentUrl":"https:\/\/www.asimina-cbh.com\/app\/uploads\/sites\/31\/2026\/02\/69-ASIMINA-SUITES-HOTEL-INDOOR-POOL.jpg","width":8256,"height":5504},{"@type":"BreadcrumbList","@id":"https:\/\/www.asimina-cbh.com\/fr\/elixir-spa\/#breadcrumb","itemListElement":[{"@type":"ListItem","position":1,"name":"Home","item":"https:\/\/www.asimina-cbh.com\/fr\/"},{"@type":"ListItem","position":2,"name":"Spa Elixir"}]},{"@type":"WebSite","@id":"https:\/\/www.asimina-cbh.com\/fr\/#website","url":"https:\/\/www.asimina-cbh.com\/fr\/","name":"Asimina Suites Hotel","description":"Constantinou Bros Asimina Suites Hotel, 4 star hotel in Paphos Cyprus","potentialAction":[{"@type":"SearchAction","target":{"@type":"EntryPoint","urlTemplate":"https:\/\/www.asimina-cbh.com\/fr\/?s={search_term_string}"},"query-input":{"@type":"PropertyValueSpecification","valueRequired":true,"valueName":"search_term_string"}}],"inLanguage":"fr-FR"}]}},"_links":{"self":[{"href":"https:\/\/www.asimina-cbh.com\/fr\/wp-json\/wp\/v2\/pages\/5544","targetHints":{"allow":["GET"]}}],"collection":[{"href":"https:\/\/www.asimina-cbh.com\/fr\/wp-json\/wp\/v2\/pages"}],"about":[{"href":"https:\/\/www.asimina-cbh.com\/fr\/wp-json\/wp\/v2\/types\/page"}],"author":[{"embeddable":true,"href":"https:\/\/www.asimina-cbh.com\/fr\/wp-json\/wp\/v2\/users\/1"}],"replies":[{"embeddable":true,"href":"https:\/\/www.asimina-cbh.com\/fr\/wp-json\/wp\/v2\/comments?post=5544"}],"version-history":[{"count":6,"href":"https:\/\/www.asimina-cbh.com\/fr\/wp-json\/wp\/v2\/pages\/5544\/revisions"}],"predecessor-version":[{"id":14534,"href":"https:\/\/www.asimina-cbh.com\/fr\/wp-json\/wp\/v2\/pages\/5544\/revisions\/14534"}],"wp:featuredmedia":[{"embeddable":true,"href":"https:\/\/www.asimina-cbh.com\/fr\/wp-json\/wp\/v2\/media\/15890"}],"wp:attachment":[{"href":"https:\/\/www.asimina-cbh.com\/fr\/wp-json\/wp\/v2\/media?parent=5544"}],"curies":[{"name":"wp","href":"https:\/\/api.w.org\/{rel}","templated":true}]}}