{"id":5548,"date":"2022-03-21T13:10:44","date_gmt":"2022-03-21T10:10:44","guid":{"rendered":"https:\/\/www.asimina-cbh.com\/the-hotel\/"},"modified":"2026-03-19T15:59:03","modified_gmt":"2026-03-19T12:59:03","slug":"the-hotel","status":"publish","type":"page","link":"https:\/\/www.asimina-cbh.com\/fr\/the-hotel\/","title":{"rendered":"L&rsquo;h\u00f4tel"},"content":{"rendered":"<h4>O\u00f9 le temps est oubli\u00e9 &#8230;<\/h4>\n<p>Le Constantinou Bros Asimina Suites Hotel est un luxueux h\u00f4tel 5 \u00e9toiles, ax\u00e9 sur les adultes, avec ses suites, sa propre plage de sable et ses deux piscines ext\u00e9rieures (interconnect\u00e9es) d&rsquo;eau douce. Certaines suites disposent d&rsquo;une piscine priv\u00e9e avec des terrasses en bois, tandis que toutes les suites poss\u00e8dent un grand balcon. <\/p>\n<p>L&rsquo;h\u00f4tel est situ\u00e9 dans un endroit calme mais \u00e0 proximit\u00e9 de l&rsquo;a\u00e9roport de Paphos, du centre-ville, des magasins et de la vie nocturne.<\/p>\n<p>Les suites offrent un large \u00e9ventail d&rsquo;\u00e9quipements, notamment la climatisation et le chauffage central, un salon s\u00e9par\u00e9 (pour la plupart des types de suites), des salles de bains de luxe en marbre, une t\u00e9l\u00e9vision satellite Smart LCD, un coffre-fort, des peignoirs et des pantoufles, un n\u00e9cessaire \u00e0 th\u00e9 et \u00e0 caf\u00e9 ainsi qu&rsquo;une machine \u00e0 expresso, un mini-bar, un s\u00e8che-cheveux, du mat\u00e9riel de repassage et bien d&rsquo;autres choses encore.<\/p>\n<p>Les caract\u00e9ristiques sp\u00e9ciales comprennent une connexion Wi-Fi gratuite dans toutes les chambres, les espaces publics et les jardins, ainsi qu&rsquo;un parking gratuit.<\/p>\n<p>Les installations sportives et de loisirs comprennent deux piscines ext\u00e9rieures d&rsquo;eau douce reli\u00e9es, une piscine int\u00e9rieure chauff\u00e9e, un court de tennis \u00e9clair\u00e9 et d&rsquo;excellentes installations de bowling dans les h\u00f4tels voisins de l&rsquo;Asimina.<\/p>\n<p>Le spa de l&rsquo;h\u00f4tel propose une s\u00e9lection impressionnante de th\u00e9rapies et de soins du corps, un salon de coiffure, une salle de sport enti\u00e8rement \u00e9quip\u00e9e, un bain de vapeur et des saunas (dont un pour les nudistes).<\/p>\n","protected":false},"excerpt":{"rendered":"<p>O\u00f9 le temps est oubli\u00e9 &#8230; Le Constantinou Bros Asimina Suites Hotel est un luxueux h\u00f4tel 5 \u00e9toiles, ax\u00e9 sur les adultes, avec ses suites, sa propre plage de sable et ses deux piscines ext\u00e9rieures (interconnect\u00e9es) d&rsquo;eau douce. Certaines suites disposent d&rsquo;une piscine priv\u00e9e avec des terrasses en bois, tandis que toutes les suites poss\u00e8dent<\/p>\n","protected":false},"author":1,"featured_media":15929,"parent":0,"menu_order":0,"comment_status":"closed","ping_status":"closed","template":"page-templates\/simple-list.php","meta":{"_acf_changed":false,"footnotes":""},"class_list":["post-5548","page","type-page","status-publish","has-post-thumbnail","hentry"],"acf":[],"yoast_head":"<!-- This site is optimized with the Yoast SEO plugin v27.5 - https:\/\/yoast.com\/product\/yoast-seo-wordpress\/ -->\n<title>H\u00f4tel 5 \u00e9toiles r\u00e9serv\u00e9 aux adultes sur la plage de Paphos || Asimina Suites Hotel<\/title>\n<meta name=\"description\" content=\"Le \u0391simina Suites by Constantinou Bros Hotels est un havre de paix en bord de mer et un h\u00f4tel 5 \u00e9toiles r\u00e9serv\u00e9 aux adultes \u00e0 Paphos, \u00e0 Chypre, pour des vacances des plus romantiques et des plus tranquilles.\" \/>\n<meta name=\"robots\" content=\"index, follow, max-snippet:-1, max-image-preview:large, max-video-preview:-1\" \/>\n<link rel=\"canonical\" href=\"https:\/\/www.asimina-cbh.com\/fr\/the-hotel\/\" \/>\n<meta property=\"og:locale\" content=\"fr_FR\" \/>\n<meta property=\"og:type\" content=\"article\" \/>\n<meta property=\"og:title\" content=\"H\u00f4tel 5 \u00e9toiles r\u00e9serv\u00e9 aux adultes sur la plage de Paphos || Asimina Suites Hotel\" \/>\n<meta property=\"og:description\" content=\"Le \u0391simina Suites by Constantinou Bros Hotels est un havre de paix en bord de mer et un h\u00f4tel 5 \u00e9toiles r\u00e9serv\u00e9 aux adultes \u00e0 Paphos, \u00e0 Chypre, pour des vacances des plus romantiques et des plus tranquilles.\" \/>\n<meta property=\"og:url\" content=\"https:\/\/www.asimina-cbh.com\/fr\/the-hotel\/\" \/>\n<meta property=\"og:site_name\" content=\"Asimina Suites Hotel\" \/>\n<meta property=\"article:modified_time\" content=\"2026-03-19T12:59:03+00:00\" \/>\n<meta property=\"og:image\" content=\"https:\/\/www.asimina-cbh.com\/app\/uploads\/sites\/31\/2026\/02\/2-ASIMINA-SUITES-HOTEL-POOL-1.jpg\" \/>\n\t<meta property=\"og:image:width\" content=\"2500\" \/>\n\t<meta property=\"og:image:height\" content=\"1562\" \/>\n\t<meta property=\"og:image:type\" content=\"image\/jpeg\" \/>\n<meta name=\"twitter:card\" content=\"summary_large_image\" \/>\n<meta name=\"twitter:label1\" content=\"Dur\u00e9e de lecture estim\u00e9e\" \/>\n\t<meta name=\"twitter:data1\" content=\"1 minute\" \/>\n<script type=\"application\/ld+json\" class=\"yoast-schema-graph\">{\"@context\":\"https:\\\/\\\/schema.org\",\"@graph\":[{\"@type\":\"WebPage\",\"@id\":\"https:\\\/\\\/www.asimina-cbh.com\\\/fr\\\/the-hotel\\\/\",\"url\":\"https:\\\/\\\/www.asimina-cbh.com\\\/fr\\\/the-hotel\\\/\",\"name\":\"H\u00f4tel 5 \u00e9toiles r\u00e9serv\u00e9 aux adultes sur la plage de Paphos || Asimina Suites Hotel\",\"isPartOf\":{\"@id\":\"https:\\\/\\\/www.asimina-cbh.com\\\/fr\\\/#website\"},\"primaryImageOfPage\":{\"@id\":\"https:\\\/\\\/www.asimina-cbh.com\\\/fr\\\/the-hotel\\\/#primaryimage\"},\"image\":{\"@id\":\"https:\\\/\\\/www.asimina-cbh.com\\\/fr\\\/the-hotel\\\/#primaryimage\"},\"thumbnailUrl\":\"https:\\\/\\\/www.asimina-cbh.com\\\/app\\\/uploads\\\/sites\\\/31\\\/2026\\\/02\\\/2-ASIMINA-SUITES-HOTEL-POOL-1.jpg\",\"datePublished\":\"2022-03-21T10:10:44+00:00\",\"dateModified\":\"2026-03-19T12:59:03+00:00\",\"description\":\"Le \u0391simina Suites by Constantinou Bros Hotels est un havre de paix en bord de mer et un h\u00f4tel 5 \u00e9toiles r\u00e9serv\u00e9 aux adultes \u00e0 Paphos, \u00e0 Chypre, pour des vacances des plus romantiques et des plus tranquilles.\",\"breadcrumb\":{\"@id\":\"https:\\\/\\\/www.asimina-cbh.com\\\/fr\\\/the-hotel\\\/#breadcrumb\"},\"inLanguage\":\"fr-FR\",\"potentialAction\":[{\"@type\":\"ReadAction\",\"target\":[\"https:\\\/\\\/www.asimina-cbh.com\\\/fr\\\/the-hotel\\\/\"]}]},{\"@type\":\"ImageObject\",\"inLanguage\":\"fr-FR\",\"@id\":\"https:\\\/\\\/www.asimina-cbh.com\\\/fr\\\/the-hotel\\\/#primaryimage\",\"url\":\"https:\\\/\\\/www.asimina-cbh.com\\\/app\\\/uploads\\\/sites\\\/31\\\/2026\\\/02\\\/2-ASIMINA-SUITES-HOTEL-POOL-1.jpg\",\"contentUrl\":\"https:\\\/\\\/www.asimina-cbh.com\\\/app\\\/uploads\\\/sites\\\/31\\\/2026\\\/02\\\/2-ASIMINA-SUITES-HOTEL-POOL-1.jpg\",\"width\":2500,\"height\":1562},{\"@type\":\"BreadcrumbList\",\"@id\":\"https:\\\/\\\/www.asimina-cbh.com\\\/fr\\\/the-hotel\\\/#breadcrumb\",\"itemListElement\":[{\"@type\":\"ListItem\",\"position\":1,\"name\":\"Home\",\"item\":\"https:\\\/\\\/www.asimina-cbh.com\\\/fr\\\/\"},{\"@type\":\"ListItem\",\"position\":2,\"name\":\"L&rsquo;h\u00f4tel\"}]},{\"@type\":\"WebSite\",\"@id\":\"https:\\\/\\\/www.asimina-cbh.com\\\/fr\\\/#website\",\"url\":\"https:\\\/\\\/www.asimina-cbh.com\\\/fr\\\/\",\"name\":\"Asimina Suites Hotel\",\"description\":\"Constantinou Bros Asimina Suites Hotel, 4 star hotel in Paphos Cyprus\",\"potentialAction\":[{\"@type\":\"SearchAction\",\"target\":{\"@type\":\"EntryPoint\",\"urlTemplate\":\"https:\\\/\\\/www.asimina-cbh.com\\\/fr\\\/?s={search_term_string}\"},\"query-input\":{\"@type\":\"PropertyValueSpecification\",\"valueRequired\":true,\"valueName\":\"search_term_string\"}}],\"inLanguage\":\"fr-FR\"}]}<\/script>\n<!-- \/ Yoast SEO plugin. -->","yoast_head_json":{"title":"H\u00f4tel 5 \u00e9toiles r\u00e9serv\u00e9 aux adultes sur la plage de Paphos || Asimina Suites Hotel","description":"Le \u0391simina Suites by Constantinou Bros Hotels est un havre de paix en bord de mer et un h\u00f4tel 5 \u00e9toiles r\u00e9serv\u00e9 aux adultes \u00e0 Paphos, \u00e0 Chypre, pour des vacances des plus romantiques et des plus tranquilles.","robots":{"index":"index","follow":"follow","max-snippet":"max-snippet:-1","max-image-preview":"max-image-preview:large","max-video-preview":"max-video-preview:-1"},"canonical":"https:\/\/www.asimina-cbh.com\/fr\/the-hotel\/","og_locale":"fr_FR","og_type":"article","og_title":"H\u00f4tel 5 \u00e9toiles r\u00e9serv\u00e9 aux adultes sur la plage de Paphos || Asimina Suites Hotel","og_description":"Le \u0391simina Suites by Constantinou Bros Hotels est un havre de paix en bord de mer et un h\u00f4tel 5 \u00e9toiles r\u00e9serv\u00e9 aux adultes \u00e0 Paphos, \u00e0 Chypre, pour des vacances des plus romantiques et des plus tranquilles.","og_url":"https:\/\/www.asimina-cbh.com\/fr\/the-hotel\/","og_site_name":"Asimina Suites Hotel","article_modified_time":"2026-03-19T12:59:03+00:00","og_image":[{"width":2500,"height":1562,"url":"https:\/\/www.asimina-cbh.com\/app\/uploads\/sites\/31\/2026\/02\/2-ASIMINA-SUITES-HOTEL-POOL-1.jpg","type":"image\/jpeg"}],"twitter_card":"summary_large_image","twitter_misc":{"Dur\u00e9e de lecture estim\u00e9e":"1 minute"},"schema":{"@context":"https:\/\/schema.org","@graph":[{"@type":"WebPage","@id":"https:\/\/www.asimina-cbh.com\/fr\/the-hotel\/","url":"https:\/\/www.asimina-cbh.com\/fr\/the-hotel\/","name":"H\u00f4tel 5 \u00e9toiles r\u00e9serv\u00e9 aux adultes sur la plage de Paphos || Asimina Suites Hotel","isPartOf":{"@id":"https:\/\/www.asimina-cbh.com\/fr\/#website"},"primaryImageOfPage":{"@id":"https:\/\/www.asimina-cbh.com\/fr\/the-hotel\/#primaryimage"},"image":{"@id":"https:\/\/www.asimina-cbh.com\/fr\/the-hotel\/#primaryimage"},"thumbnailUrl":"https:\/\/www.asimina-cbh.com\/app\/uploads\/sites\/31\/2026\/02\/2-ASIMINA-SUITES-HOTEL-POOL-1.jpg","datePublished":"2022-03-21T10:10:44+00:00","dateModified":"2026-03-19T12:59:03+00:00","description":"Le \u0391simina Suites by Constantinou Bros Hotels est un havre de paix en bord de mer et un h\u00f4tel 5 \u00e9toiles r\u00e9serv\u00e9 aux adultes \u00e0 Paphos, \u00e0 Chypre, pour des vacances des plus romantiques et des plus tranquilles.","breadcrumb":{"@id":"https:\/\/www.asimina-cbh.com\/fr\/the-hotel\/#breadcrumb"},"inLanguage":"fr-FR","potentialAction":[{"@type":"ReadAction","target":["https:\/\/www.asimina-cbh.com\/fr\/the-hotel\/"]}]},{"@type":"ImageObject","inLanguage":"fr-FR","@id":"https:\/\/www.asimina-cbh.com\/fr\/the-hotel\/#primaryimage","url":"https:\/\/www.asimina-cbh.com\/app\/uploads\/sites\/31\/2026\/02\/2-ASIMINA-SUITES-HOTEL-POOL-1.jpg","contentUrl":"https:\/\/www.asimina-cbh.com\/app\/uploads\/sites\/31\/2026\/02\/2-ASIMINA-SUITES-HOTEL-POOL-1.jpg","width":2500,"height":1562},{"@type":"BreadcrumbList","@id":"https:\/\/www.asimina-cbh.com\/fr\/the-hotel\/#breadcrumb","itemListElement":[{"@type":"ListItem","position":1,"name":"Home","item":"https:\/\/www.asimina-cbh.com\/fr\/"},{"@type":"ListItem","position":2,"name":"L&rsquo;h\u00f4tel"}]},{"@type":"WebSite","@id":"https:\/\/www.asimina-cbh.com\/fr\/#website","url":"https:\/\/www.asimina-cbh.com\/fr\/","name":"Asimina Suites Hotel","description":"Constantinou Bros Asimina Suites Hotel, 4 star hotel in Paphos Cyprus","potentialAction":[{"@type":"SearchAction","target":{"@type":"EntryPoint","urlTemplate":"https:\/\/www.asimina-cbh.com\/fr\/?s={search_term_string}"},"query-input":{"@type":"PropertyValueSpecification","valueRequired":true,"valueName":"search_term_string"}}],"inLanguage":"fr-FR"}]}},"_links":{"self":[{"href":"https:\/\/www.asimina-cbh.com\/fr\/wp-json\/wp\/v2\/pages\/5548","targetHints":{"allow":["GET"]}}],"collection":[{"href":"https:\/\/www.asimina-cbh.com\/fr\/wp-json\/wp\/v2\/pages"}],"about":[{"href":"https:\/\/www.asimina-cbh.com\/fr\/wp-json\/wp\/v2\/types\/page"}],"author":[{"embeddable":true,"href":"https:\/\/www.asimina-cbh.com\/fr\/wp-json\/wp\/v2\/users\/1"}],"replies":[{"embeddable":true,"href":"https:\/\/www.asimina-cbh.com\/fr\/wp-json\/wp\/v2\/comments?post=5548"}],"version-history":[{"count":8,"href":"https:\/\/www.asimina-cbh.com\/fr\/wp-json\/wp\/v2\/pages\/5548\/revisions"}],"predecessor-version":[{"id":16272,"href":"https:\/\/www.asimina-cbh.com\/fr\/wp-json\/wp\/v2\/pages\/5548\/revisions\/16272"}],"wp:featuredmedia":[{"embeddable":true,"href":"https:\/\/www.asimina-cbh.com\/fr\/wp-json\/wp\/v2\/media\/15929"}],"wp:attachment":[{"href":"https:\/\/www.asimina-cbh.com\/fr\/wp-json\/wp\/v2\/media?parent=5548"}],"curies":[{"name":"wp","href":"https:\/\/api.w.org\/{rel}","templated":true}]}}