{"id":5549,"date":"2022-03-21T13:11:11","date_gmt":"2022-03-21T10:11:11","guid":{"rendered":"https:\/\/www.asimina-cbh.com\/the-hotel\/location\/"},"modified":"2026-02-18T12:17:23","modified_gmt":"2026-02-18T09:17:23","slug":"location","status":"publish","type":"page","link":"https:\/\/www.asimina-cbh.com\/fr\/the-hotel\/location\/","title":{"rendered":"Localisation"},"content":{"rendered":"<p>Le luxueux Asimina Suites Hotel 5 \u00e9toiles est situ\u00e9 dans l&rsquo;un des quartiers les plus calmes de Kato Paphos, partageant la belle plage de sable avec le Pioneer Beach Hotel 4 \u00e9toiles et \u00e0 proximit\u00e9 de l&rsquo;Athena Beach Hotel et de l&rsquo;Athena Royal Beach Hotel. L&rsquo;h\u00f4tel se trouve \u00e0 quelques minutes de marche du centre touristique et urbain et \u00e0 proximit\u00e9 des monuments historiques, du ch\u00e2teau et du port.<\/p>\n<ul>\n<li>Situ\u00e9 \u00e0 Kato Paphos<\/li>\n<li>Directement sur la plage<\/li>\n<li>500m des bars et restaurants<\/li>\n<li>2 km du centre de la station<\/li>\n<li>\u00c0 3 km du port de p\u00eache de Paphos<\/li>\n<li>15 km de l&rsquo;a\u00e9roport international de Paphos<\/li>\n<li>140 km de l&rsquo;a\u00e9roport international de Larnaca<\/li>\n<\/ul>\n<p><h4>Itin\u00e9raire<\/h4>\n<p><h5>Itin\u00e9raire de l&rsquo;a\u00e9roport de Paphos \u00e0 l&rsquo;ASIMINA SUITES HOTEL :<\/h5>\n<ul>\n<li>Lorsque vous sortez de la route de l&rsquo;a\u00e9roport de Paphos pour rejoindre la route principale, vous tournez \u00e0 gauche pour Paphos.<\/li>\n<li>Environ 1 km plus loin, vous verrez un panneau indiquant la voie rapide A1, tournez \u00e0 droite.<\/li>\n<li>En approchant de la route principale, tournez \u00e0 gauche avant le pont volant pour entrer dans la route principale menant \u00e0 Paphos.<\/li>\n<li>Continuez jusqu&rsquo;\u00e0 la fin de la voie rapide. Il y a un grand rond-point. Prenez la premi\u00e8re \u00e0 gauche.<\/li>\n<li>Descendez jusqu&rsquo;\u00e0 ce que vous voyiez un autre rond-point. Vous verrez les magasins Debenhams\/Next sur votre gauche.<\/li>\n<li>Continuez tout droit sur le rond-point (2\u00e8me sortie) et plus loin jusqu&rsquo;\u00e0 ce que vous trouviez un autre petit rond-point.<\/li>\n<li>Continuez \u00e0 aller tout droit. Vous arriverez \u00e0 un croisement en T. Tournez \u00e0 gauche.<\/li>\n<li>Suivez la route tout droit jusqu&rsquo;\u00e0 un mini rond-point, passez-le (2\u00e8me sortie) et vous verrez sur votre droite l&rsquo;h\u00f4tel Asimina Suites.<\/li>\n<\/ul>\n<p><h5>Itin\u00e9raire de l&rsquo;a\u00e9roport de Larnaca \u00e0 l&rsquo;ASIMINA SUITES HOTEL :<\/h5>\n<\/p>\n<ul>\n<li>Sortir de l&rsquo;a\u00e9roport et prendre la route \u00e0 deux voies jusqu&rsquo;\u00e0 la sortie de gauche indiquant Lemesos\/Limassol.<\/li>\n<li>Descendez cette route et vous approcherez d&rsquo;un grand rond-point, prenez la 1\u00e8re \u00e0 gauche. Vous \u00eates maintenant sur l&rsquo;autoroute vers Lemesos\/Paphos.<\/li>\n<li>En traversant Lemesos\/Limassol, continuez \u00e0 suivre les panneaux en direction de Paphos.<\/li>\n<li>Continuez jusqu&rsquo;\u00e0 la fin de la voie rapide. Il y a un grand rond-point. Prenez la premi\u00e8re \u00e0 gauche.<\/li>\n<li>Descendez jusqu&rsquo;\u00e0 ce que vous voyiez un autre rond-point. Vous verrez les magasins Debenhams\/Next sur votre gauche.<\/li>\n<li>Continuez tout droit sur le rond-point (2\u00e8me sortie) et plus loin jusqu&rsquo;\u00e0 ce que vous trouviez un autre petit rond-point.<\/li>\n<li>Continuez \u00e0 aller tout droit. Vous arriverez \u00e0 un croisement en T. Tournez \u00e0 gauche.<\/li>\n<li>Suivez la route tout droit jusqu&rsquo;\u00e0 ce que vous atteigniez un mini rond-point, passez-le (2\u00e8me sortie) et vous verrez sur votre droite l&rsquo;Asimina Suites Hotel.Le temps de trajet entre l&rsquo;a\u00e9roport de Larnaca et l&rsquo;h\u00f4tel est d&rsquo;environ 1,5 heure.<\/li>\n<\/ul>\n","protected":false},"excerpt":{"rendered":"<p>Le luxueux Asimina Suites Hotel 5 \u00e9toiles est situ\u00e9 dans l&rsquo;un des quartiers les plus calmes de Kato Paphos, partageant la belle plage de sable avec le Pioneer Beach Hotel 4 \u00e9toiles et \u00e0 proximit\u00e9 de l&rsquo;Athena Beach Hotel et de l&rsquo;Athena Royal Beach Hotel. L&rsquo;h\u00f4tel se trouve \u00e0 quelques minutes de marche du centre<\/p>\n","protected":false},"author":1,"featured_media":15393,"parent":5548,"menu_order":0,"comment_status":"closed","ping_status":"closed","template":"page-templates\/location.php","meta":{"_acf_changed":false,"footnotes":""},"class_list":["post-5549","page","type-page","status-publish","has-post-thumbnail","hentry"],"acf":[],"yoast_head":"<!-- This site is optimized with the Yoast SEO plugin v27.4 - https:\/\/yoast.com\/product\/yoast-seo-wordpress\/ -->\n<title>Luxueux h\u00f4tel de plage priv\u00e9 \u00e0 Paphos || Asimina Suites Hotel<\/title>\n<meta name=\"description\" content=\"L&#039;Asimina Suites Hotel by Constantinou Bros est un luxueux h\u00f4tel de plage priv\u00e9 situ\u00e9 \u00e0 Paphos, \u00e0 proximit\u00e9 du centre-ville et des sites d&#039;int\u00e9r\u00eat de la r\u00e9gion.\" \/>\n<meta name=\"robots\" content=\"index, follow, max-snippet:-1, max-image-preview:large, max-video-preview:-1\" \/>\n<link rel=\"canonical\" href=\"https:\/\/www.asimina-cbh.com\/fr\/the-hotel\/location\/\" \/>\n<meta property=\"og:locale\" content=\"fr_FR\" \/>\n<meta property=\"og:type\" content=\"article\" \/>\n<meta property=\"og:title\" content=\"Luxueux h\u00f4tel de plage priv\u00e9 \u00e0 Paphos || Asimina Suites Hotel\" \/>\n<meta property=\"og:description\" content=\"L&#039;Asimina Suites Hotel by Constantinou Bros est un luxueux h\u00f4tel de plage priv\u00e9 situ\u00e9 \u00e0 Paphos, \u00e0 proximit\u00e9 du centre-ville et des sites d&#039;int\u00e9r\u00eat de la r\u00e9gion.\" \/>\n<meta property=\"og:url\" content=\"https:\/\/www.asimina-cbh.com\/fr\/the-hotel\/location\/\" \/>\n<meta property=\"og:site_name\" content=\"Asimina Suites Hotel\" \/>\n<meta property=\"article:modified_time\" content=\"2026-02-18T09:17:23+00:00\" \/>\n<meta property=\"og:image\" content=\"https:\/\/www.asimina-cbh.com\/app\/uploads\/sites\/31\/2025\/10\/14-ASIMINA-SUITES-HOTEL-LOBBY.jpg\" \/>\n\t<meta property=\"og:image:width\" content=\"2500\" \/>\n\t<meta property=\"og:image:height\" content=\"1664\" \/>\n\t<meta property=\"og:image:type\" content=\"image\/jpeg\" \/>\n<meta name=\"twitter:card\" content=\"summary_large_image\" \/>\n<meta name=\"twitter:label1\" content=\"Dur\u00e9e de lecture estim\u00e9e\" \/>\n\t<meta name=\"twitter:data1\" content=\"2 minutes\" \/>\n<script type=\"application\/ld+json\" class=\"yoast-schema-graph\">{\"@context\":\"https:\\\/\\\/schema.org\",\"@graph\":[{\"@type\":\"WebPage\",\"@id\":\"https:\\\/\\\/www.asimina-cbh.com\\\/fr\\\/the-hotel\\\/location\\\/\",\"url\":\"https:\\\/\\\/www.asimina-cbh.com\\\/fr\\\/the-hotel\\\/location\\\/\",\"name\":\"Luxueux h\u00f4tel de plage priv\u00e9 \u00e0 Paphos || Asimina Suites Hotel\",\"isPartOf\":{\"@id\":\"https:\\\/\\\/www.asimina-cbh.com\\\/fr\\\/#website\"},\"primaryImageOfPage\":{\"@id\":\"https:\\\/\\\/www.asimina-cbh.com\\\/fr\\\/the-hotel\\\/location\\\/#primaryimage\"},\"image\":{\"@id\":\"https:\\\/\\\/www.asimina-cbh.com\\\/fr\\\/the-hotel\\\/location\\\/#primaryimage\"},\"thumbnailUrl\":\"https:\\\/\\\/www.asimina-cbh.com\\\/app\\\/uploads\\\/sites\\\/31\\\/2025\\\/10\\\/14-ASIMINA-SUITES-HOTEL-LOBBY.jpg\",\"datePublished\":\"2022-03-21T10:11:11+00:00\",\"dateModified\":\"2026-02-18T09:17:23+00:00\",\"description\":\"L'Asimina Suites Hotel by Constantinou Bros est un luxueux h\u00f4tel de plage priv\u00e9 situ\u00e9 \u00e0 Paphos, \u00e0 proximit\u00e9 du centre-ville et des sites d'int\u00e9r\u00eat de la r\u00e9gion.\",\"breadcrumb\":{\"@id\":\"https:\\\/\\\/www.asimina-cbh.com\\\/fr\\\/the-hotel\\\/location\\\/#breadcrumb\"},\"inLanguage\":\"fr-FR\",\"potentialAction\":[{\"@type\":\"ReadAction\",\"target\":[\"https:\\\/\\\/www.asimina-cbh.com\\\/fr\\\/the-hotel\\\/location\\\/\"]}]},{\"@type\":\"ImageObject\",\"inLanguage\":\"fr-FR\",\"@id\":\"https:\\\/\\\/www.asimina-cbh.com\\\/fr\\\/the-hotel\\\/location\\\/#primaryimage\",\"url\":\"https:\\\/\\\/www.asimina-cbh.com\\\/app\\\/uploads\\\/sites\\\/31\\\/2025\\\/10\\\/14-ASIMINA-SUITES-HOTEL-LOBBY.jpg\",\"contentUrl\":\"https:\\\/\\\/www.asimina-cbh.com\\\/app\\\/uploads\\\/sites\\\/31\\\/2025\\\/10\\\/14-ASIMINA-SUITES-HOTEL-LOBBY.jpg\",\"width\":2500,\"height\":1664,\"caption\":\"ASIMINA-SUITES-HOTEL-LOBBY\"},{\"@type\":\"BreadcrumbList\",\"@id\":\"https:\\\/\\\/www.asimina-cbh.com\\\/fr\\\/the-hotel\\\/location\\\/#breadcrumb\",\"itemListElement\":[{\"@type\":\"ListItem\",\"position\":1,\"name\":\"Home\",\"item\":\"https:\\\/\\\/www.asimina-cbh.com\\\/fr\\\/\"},{\"@type\":\"ListItem\",\"position\":2,\"name\":\"L&rsquo;h\u00f4tel\",\"item\":\"https:\\\/\\\/www.asimina-cbh.com\\\/fr\\\/the-hotel\\\/\"},{\"@type\":\"ListItem\",\"position\":3,\"name\":\"Localisation\"}]},{\"@type\":\"WebSite\",\"@id\":\"https:\\\/\\\/www.asimina-cbh.com\\\/fr\\\/#website\",\"url\":\"https:\\\/\\\/www.asimina-cbh.com\\\/fr\\\/\",\"name\":\"Asimina Suites Hotel\",\"description\":\"Constantinou Bros Asimina Suites Hotel, 4 star hotel in Paphos Cyprus\",\"potentialAction\":[{\"@type\":\"SearchAction\",\"target\":{\"@type\":\"EntryPoint\",\"urlTemplate\":\"https:\\\/\\\/www.asimina-cbh.com\\\/fr\\\/?s={search_term_string}\"},\"query-input\":{\"@type\":\"PropertyValueSpecification\",\"valueRequired\":true,\"valueName\":\"search_term_string\"}}],\"inLanguage\":\"fr-FR\"}]}<\/script>\n<!-- \/ Yoast SEO plugin. -->","yoast_head_json":{"title":"Luxueux h\u00f4tel de plage priv\u00e9 \u00e0 Paphos || Asimina Suites Hotel","description":"L'Asimina Suites Hotel by Constantinou Bros est un luxueux h\u00f4tel de plage priv\u00e9 situ\u00e9 \u00e0 Paphos, \u00e0 proximit\u00e9 du centre-ville et des sites d'int\u00e9r\u00eat de la r\u00e9gion.","robots":{"index":"index","follow":"follow","max-snippet":"max-snippet:-1","max-image-preview":"max-image-preview:large","max-video-preview":"max-video-preview:-1"},"canonical":"https:\/\/www.asimina-cbh.com\/fr\/the-hotel\/location\/","og_locale":"fr_FR","og_type":"article","og_title":"Luxueux h\u00f4tel de plage priv\u00e9 \u00e0 Paphos || Asimina Suites Hotel","og_description":"L'Asimina Suites Hotel by Constantinou Bros est un luxueux h\u00f4tel de plage priv\u00e9 situ\u00e9 \u00e0 Paphos, \u00e0 proximit\u00e9 du centre-ville et des sites d'int\u00e9r\u00eat de la r\u00e9gion.","og_url":"https:\/\/www.asimina-cbh.com\/fr\/the-hotel\/location\/","og_site_name":"Asimina Suites Hotel","article_modified_time":"2026-02-18T09:17:23+00:00","og_image":[{"width":2500,"height":1664,"url":"https:\/\/www.asimina-cbh.com\/app\/uploads\/sites\/31\/2025\/10\/14-ASIMINA-SUITES-HOTEL-LOBBY.jpg","type":"image\/jpeg"}],"twitter_card":"summary_large_image","twitter_misc":{"Dur\u00e9e de lecture estim\u00e9e":"2 minutes"},"schema":{"@context":"https:\/\/schema.org","@graph":[{"@type":"WebPage","@id":"https:\/\/www.asimina-cbh.com\/fr\/the-hotel\/location\/","url":"https:\/\/www.asimina-cbh.com\/fr\/the-hotel\/location\/","name":"Luxueux h\u00f4tel de plage priv\u00e9 \u00e0 Paphos || Asimina Suites Hotel","isPartOf":{"@id":"https:\/\/www.asimina-cbh.com\/fr\/#website"},"primaryImageOfPage":{"@id":"https:\/\/www.asimina-cbh.com\/fr\/the-hotel\/location\/#primaryimage"},"image":{"@id":"https:\/\/www.asimina-cbh.com\/fr\/the-hotel\/location\/#primaryimage"},"thumbnailUrl":"https:\/\/www.asimina-cbh.com\/app\/uploads\/sites\/31\/2025\/10\/14-ASIMINA-SUITES-HOTEL-LOBBY.jpg","datePublished":"2022-03-21T10:11:11+00:00","dateModified":"2026-02-18T09:17:23+00:00","description":"L'Asimina Suites Hotel by Constantinou Bros est un luxueux h\u00f4tel de plage priv\u00e9 situ\u00e9 \u00e0 Paphos, \u00e0 proximit\u00e9 du centre-ville et des sites d'int\u00e9r\u00eat de la r\u00e9gion.","breadcrumb":{"@id":"https:\/\/www.asimina-cbh.com\/fr\/the-hotel\/location\/#breadcrumb"},"inLanguage":"fr-FR","potentialAction":[{"@type":"ReadAction","target":["https:\/\/www.asimina-cbh.com\/fr\/the-hotel\/location\/"]}]},{"@type":"ImageObject","inLanguage":"fr-FR","@id":"https:\/\/www.asimina-cbh.com\/fr\/the-hotel\/location\/#primaryimage","url":"https:\/\/www.asimina-cbh.com\/app\/uploads\/sites\/31\/2025\/10\/14-ASIMINA-SUITES-HOTEL-LOBBY.jpg","contentUrl":"https:\/\/www.asimina-cbh.com\/app\/uploads\/sites\/31\/2025\/10\/14-ASIMINA-SUITES-HOTEL-LOBBY.jpg","width":2500,"height":1664,"caption":"ASIMINA-SUITES-HOTEL-LOBBY"},{"@type":"BreadcrumbList","@id":"https:\/\/www.asimina-cbh.com\/fr\/the-hotel\/location\/#breadcrumb","itemListElement":[{"@type":"ListItem","position":1,"name":"Home","item":"https:\/\/www.asimina-cbh.com\/fr\/"},{"@type":"ListItem","position":2,"name":"L&rsquo;h\u00f4tel","item":"https:\/\/www.asimina-cbh.com\/fr\/the-hotel\/"},{"@type":"ListItem","position":3,"name":"Localisation"}]},{"@type":"WebSite","@id":"https:\/\/www.asimina-cbh.com\/fr\/#website","url":"https:\/\/www.asimina-cbh.com\/fr\/","name":"Asimina Suites Hotel","description":"Constantinou Bros Asimina Suites Hotel, 4 star hotel in Paphos Cyprus","potentialAction":[{"@type":"SearchAction","target":{"@type":"EntryPoint","urlTemplate":"https:\/\/www.asimina-cbh.com\/fr\/?s={search_term_string}"},"query-input":{"@type":"PropertyValueSpecification","valueRequired":true,"valueName":"search_term_string"}}],"inLanguage":"fr-FR"}]}},"_links":{"self":[{"href":"https:\/\/www.asimina-cbh.com\/fr\/wp-json\/wp\/v2\/pages\/5549","targetHints":{"allow":["GET"]}}],"collection":[{"href":"https:\/\/www.asimina-cbh.com\/fr\/wp-json\/wp\/v2\/pages"}],"about":[{"href":"https:\/\/www.asimina-cbh.com\/fr\/wp-json\/wp\/v2\/types\/page"}],"author":[{"embeddable":true,"href":"https:\/\/www.asimina-cbh.com\/fr\/wp-json\/wp\/v2\/users\/1"}],"replies":[{"embeddable":true,"href":"https:\/\/www.asimina-cbh.com\/fr\/wp-json\/wp\/v2\/comments?post=5549"}],"version-history":[{"count":8,"href":"https:\/\/www.asimina-cbh.com\/fr\/wp-json\/wp\/v2\/pages\/5549\/revisions"}],"predecessor-version":[{"id":15872,"href":"https:\/\/www.asimina-cbh.com\/fr\/wp-json\/wp\/v2\/pages\/5549\/revisions\/15872"}],"up":[{"embeddable":true,"href":"https:\/\/www.asimina-cbh.com\/fr\/wp-json\/wp\/v2\/pages\/5548"}],"wp:featuredmedia":[{"embeddable":true,"href":"https:\/\/www.asimina-cbh.com\/fr\/wp-json\/wp\/v2\/media\/15393"}],"wp:attachment":[{"href":"https:\/\/www.asimina-cbh.com\/fr\/wp-json\/wp\/v2\/media?parent=5549"}],"curies":[{"name":"wp","href":"https:\/\/api.w.org\/{rel}","templated":true}]}}