{"id":5554,"date":"2022-03-21T13:12:24","date_gmt":"2022-03-21T10:12:24","guid":{"rendered":"https:\/\/www.asimina-cbh.com\/dining\/restaurants\/"},"modified":"2026-04-06T15:23:43","modified_gmt":"2026-04-06T12:23:43","slug":"restaurants","status":"publish","type":"page","link":"https:\/\/www.asimina-cbh.com\/fr\/dining\/restaurants\/","title":{"rendered":"Restaurants"},"content":{"rendered":"<h1 class=\"welcome-title big-size font-regular mt-5 text-center\">D\u00e9couvrez les restaurants de l&rsquo;h\u00f4tel Asimina Suites, Paphos &#8211; Chypre<\/h1>\n<p>&nbsp;<\/p>\n<p><!--strong>Estia Restaurant\n<\/strong>Serving an enriched full buffet breakfast with show cooking. Refined gastronomy and theme night buffets also a choice from the Table d'H\u00f4te menu. Indoor and outdoor al fresco dining area. The whole restaurant indoors is non-smoking.\n\n<strong>A La Carte Restaurant\n<\/strong>Exquisite, a la carte dinner. The entire restaurant is non smoking. Reservations required.\n\n<strong>Pool Restaurant\n<\/strong>Elegant light meals and a la carte lunch. Outdoor Al Fresco Dining Area.\n\n<strong>Kymata Restaurant\n<\/strong>Elegant light a la carte meals for lunch. Mediterranean a la carte dinner. Reservations required.\n\n<strong>Romantic Dinner for two at the Pier (extra charge applies)\n<\/strong>Guests who prefer to dine in a more intimate setting can enjoy a romantic evening for two at the Pier, serving exquisite Mediterranean A la Carte Dinner in a cozy candlelight-filled atmosphere overlooking the Mediterranean Sea.\n\n<strong>*Dress Code<\/strong>\n\n\n<ul>\n \t\n\n<li>Guests are kindly requested to dress appropriately in all restaurants and bars in the evenings (shorts, sleeveless t-shirts, swimwear and flip flops are not permitted).<\/li>\n\n\n \t\n\n<li>Gentlemen are kindly requested to wear long trousers in the A La Carte restaurant in the evenings.<\/li>\n\n\n \t\n\n<li>Casual clothing is acceptable in all public areas. Nevertheless, topless, wet clothes or swimsuits are not allowed in any of the indoor public areas especially the lobby, bars or restaurants.<\/li>\n\n\n<\/ul-->\n","protected":false},"excerpt":{"rendered":"<p>D\u00e9couvrez les restaurants de l&rsquo;h\u00f4tel Asimina Suites, Paphos &#8211; Chypre &nbsp;<\/p>\n","protected":false},"author":1,"featured_media":5423,"parent":5551,"menu_order":0,"comment_status":"closed","ping_status":"closed","template":"","meta":{"_acf_changed":false,"footnotes":""},"class_list":["post-5554","page","type-page","status-publish","has-post-thumbnail","hentry"],"acf":[],"yoast_head":"<!-- This site is optimized with the Yoast SEO plugin v27.5 - https:\/\/yoast.com\/product\/yoast-seo-wordpress\/ -->\n<title>Restaurants de Paphos au bord de la mer - D\u00eener \u00e0 l&#039;Asimina Suites Hotel<\/title>\n<meta name=\"description\" content=\"R\u00e9galez vos sens en d\u00eenant dans les restaurants de l&#039;Asimina Suites Paphos qui combinent les saveurs les plus all\u00e9chantes avec les vues sur la mer les plus inspirantes.\" \/>\n<meta name=\"robots\" content=\"index, follow, max-snippet:-1, max-image-preview:large, max-video-preview:-1\" \/>\n<link rel=\"canonical\" href=\"https:\/\/www.asimina-cbh.com\/fr\/dining\/restaurants\/\" \/>\n<meta property=\"og:locale\" content=\"fr_FR\" \/>\n<meta property=\"og:type\" content=\"article\" \/>\n<meta property=\"og:title\" content=\"Restaurants de Paphos au bord de la mer - D\u00eener \u00e0 l&#039;Asimina Suites Hotel\" \/>\n<meta property=\"og:description\" content=\"R\u00e9galez vos sens en d\u00eenant dans les restaurants de l&#039;Asimina Suites Paphos qui combinent les saveurs les plus all\u00e9chantes avec les vues sur la mer les plus inspirantes.\" \/>\n<meta property=\"og:url\" content=\"https:\/\/www.asimina-cbh.com\/fr\/dining\/restaurants\/\" \/>\n<meta property=\"og:site_name\" content=\"Asimina Suites Hotel\" \/>\n<meta property=\"article:modified_time\" content=\"2026-04-06T12:23:43+00:00\" \/>\n<meta property=\"og:image\" content=\"https:\/\/www.asimina-cbh.com\/app\/uploads\/sites\/31\/2020\/09\/40-ASIMINA-SUITES-HOTEL-KYMATA-RESTAURANT.jpg\" \/>\n\t<meta property=\"og:image:width\" content=\"1200\" \/>\n\t<meta property=\"og:image:height\" content=\"798\" \/>\n\t<meta property=\"og:image:type\" content=\"image\/jpeg\" \/>\n<meta name=\"twitter:card\" content=\"summary_large_image\" \/>\n<meta name=\"twitter:label1\" content=\"Dur\u00e9e de lecture estim\u00e9e\" \/>\n\t<meta name=\"twitter:data1\" content=\"2 minutes\" \/>\n<script type=\"application\/ld+json\" class=\"yoast-schema-graph\">{\"@context\":\"https:\\\/\\\/schema.org\",\"@graph\":[{\"@type\":\"WebPage\",\"@id\":\"https:\\\/\\\/www.asimina-cbh.com\\\/fr\\\/dining\\\/restaurants\\\/\",\"url\":\"https:\\\/\\\/www.asimina-cbh.com\\\/fr\\\/dining\\\/restaurants\\\/\",\"name\":\"Restaurants de Paphos au bord de la mer - D\u00eener \u00e0 l'Asimina Suites Hotel\",\"isPartOf\":{\"@id\":\"https:\\\/\\\/www.asimina-cbh.com\\\/fr\\\/#website\"},\"primaryImageOfPage\":{\"@id\":\"https:\\\/\\\/www.asimina-cbh.com\\\/fr\\\/dining\\\/restaurants\\\/#primaryimage\"},\"image\":{\"@id\":\"https:\\\/\\\/www.asimina-cbh.com\\\/fr\\\/dining\\\/restaurants\\\/#primaryimage\"},\"thumbnailUrl\":\"https:\\\/\\\/www.asimina-cbh.com\\\/app\\\/uploads\\\/sites\\\/31\\\/2020\\\/09\\\/40-ASIMINA-SUITES-HOTEL-KYMATA-RESTAURANT.jpg\",\"datePublished\":\"2022-03-21T10:12:24+00:00\",\"dateModified\":\"2026-04-06T12:23:43+00:00\",\"description\":\"R\u00e9galez vos sens en d\u00eenant dans les restaurants de l'Asimina Suites Paphos qui combinent les saveurs les plus all\u00e9chantes avec les vues sur la mer les plus inspirantes.\",\"breadcrumb\":{\"@id\":\"https:\\\/\\\/www.asimina-cbh.com\\\/fr\\\/dining\\\/restaurants\\\/#breadcrumb\"},\"inLanguage\":\"fr-FR\",\"potentialAction\":[{\"@type\":\"ReadAction\",\"target\":[\"https:\\\/\\\/www.asimina-cbh.com\\\/fr\\\/dining\\\/restaurants\\\/\"]}]},{\"@type\":\"ImageObject\",\"inLanguage\":\"fr-FR\",\"@id\":\"https:\\\/\\\/www.asimina-cbh.com\\\/fr\\\/dining\\\/restaurants\\\/#primaryimage\",\"url\":\"https:\\\/\\\/www.asimina-cbh.com\\\/app\\\/uploads\\\/sites\\\/31\\\/2020\\\/09\\\/40-ASIMINA-SUITES-HOTEL-KYMATA-RESTAURANT.jpg\",\"contentUrl\":\"https:\\\/\\\/www.asimina-cbh.com\\\/app\\\/uploads\\\/sites\\\/31\\\/2020\\\/09\\\/40-ASIMINA-SUITES-HOTEL-KYMATA-RESTAURANT.jpg\",\"width\":1200,\"height\":798},{\"@type\":\"BreadcrumbList\",\"@id\":\"https:\\\/\\\/www.asimina-cbh.com\\\/fr\\\/dining\\\/restaurants\\\/#breadcrumb\",\"itemListElement\":[{\"@type\":\"ListItem\",\"position\":1,\"name\":\"Home\",\"item\":\"https:\\\/\\\/www.asimina-cbh.com\\\/fr\\\/\"},{\"@type\":\"ListItem\",\"position\":2,\"name\":\"Salle \u00e0 manger\",\"item\":\"https:\\\/\\\/www.asimina-cbh.com\\\/fr\\\/dining\\\/\"},{\"@type\":\"ListItem\",\"position\":3,\"name\":\"Restaurants\"}]},{\"@type\":\"WebSite\",\"@id\":\"https:\\\/\\\/www.asimina-cbh.com\\\/fr\\\/#website\",\"url\":\"https:\\\/\\\/www.asimina-cbh.com\\\/fr\\\/\",\"name\":\"Asimina Suites Hotel\",\"description\":\"Constantinou Bros Asimina Suites Hotel, 4 star hotel in Paphos Cyprus\",\"potentialAction\":[{\"@type\":\"SearchAction\",\"target\":{\"@type\":\"EntryPoint\",\"urlTemplate\":\"https:\\\/\\\/www.asimina-cbh.com\\\/fr\\\/?s={search_term_string}\"},\"query-input\":{\"@type\":\"PropertyValueSpecification\",\"valueRequired\":true,\"valueName\":\"search_term_string\"}}],\"inLanguage\":\"fr-FR\"}]}<\/script>\n<!-- \/ Yoast SEO plugin. -->","yoast_head_json":{"title":"Restaurants de Paphos au bord de la mer - D\u00eener \u00e0 l'Asimina Suites Hotel","description":"R\u00e9galez vos sens en d\u00eenant dans les restaurants de l'Asimina Suites Paphos qui combinent les saveurs les plus all\u00e9chantes avec les vues sur la mer les plus inspirantes.","robots":{"index":"index","follow":"follow","max-snippet":"max-snippet:-1","max-image-preview":"max-image-preview:large","max-video-preview":"max-video-preview:-1"},"canonical":"https:\/\/www.asimina-cbh.com\/fr\/dining\/restaurants\/","og_locale":"fr_FR","og_type":"article","og_title":"Restaurants de Paphos au bord de la mer - D\u00eener \u00e0 l'Asimina Suites Hotel","og_description":"R\u00e9galez vos sens en d\u00eenant dans les restaurants de l'Asimina Suites Paphos qui combinent les saveurs les plus all\u00e9chantes avec les vues sur la mer les plus inspirantes.","og_url":"https:\/\/www.asimina-cbh.com\/fr\/dining\/restaurants\/","og_site_name":"Asimina Suites Hotel","article_modified_time":"2026-04-06T12:23:43+00:00","og_image":[{"width":1200,"height":798,"url":"https:\/\/www.asimina-cbh.com\/app\/uploads\/sites\/31\/2020\/09\/40-ASIMINA-SUITES-HOTEL-KYMATA-RESTAURANT.jpg","type":"image\/jpeg"}],"twitter_card":"summary_large_image","twitter_misc":{"Dur\u00e9e de lecture estim\u00e9e":"2 minutes"},"schema":{"@context":"https:\/\/schema.org","@graph":[{"@type":"WebPage","@id":"https:\/\/www.asimina-cbh.com\/fr\/dining\/restaurants\/","url":"https:\/\/www.asimina-cbh.com\/fr\/dining\/restaurants\/","name":"Restaurants de Paphos au bord de la mer - D\u00eener \u00e0 l'Asimina Suites Hotel","isPartOf":{"@id":"https:\/\/www.asimina-cbh.com\/fr\/#website"},"primaryImageOfPage":{"@id":"https:\/\/www.asimina-cbh.com\/fr\/dining\/restaurants\/#primaryimage"},"image":{"@id":"https:\/\/www.asimina-cbh.com\/fr\/dining\/restaurants\/#primaryimage"},"thumbnailUrl":"https:\/\/www.asimina-cbh.com\/app\/uploads\/sites\/31\/2020\/09\/40-ASIMINA-SUITES-HOTEL-KYMATA-RESTAURANT.jpg","datePublished":"2022-03-21T10:12:24+00:00","dateModified":"2026-04-06T12:23:43+00:00","description":"R\u00e9galez vos sens en d\u00eenant dans les restaurants de l'Asimina Suites Paphos qui combinent les saveurs les plus all\u00e9chantes avec les vues sur la mer les plus inspirantes.","breadcrumb":{"@id":"https:\/\/www.asimina-cbh.com\/fr\/dining\/restaurants\/#breadcrumb"},"inLanguage":"fr-FR","potentialAction":[{"@type":"ReadAction","target":["https:\/\/www.asimina-cbh.com\/fr\/dining\/restaurants\/"]}]},{"@type":"ImageObject","inLanguage":"fr-FR","@id":"https:\/\/www.asimina-cbh.com\/fr\/dining\/restaurants\/#primaryimage","url":"https:\/\/www.asimina-cbh.com\/app\/uploads\/sites\/31\/2020\/09\/40-ASIMINA-SUITES-HOTEL-KYMATA-RESTAURANT.jpg","contentUrl":"https:\/\/www.asimina-cbh.com\/app\/uploads\/sites\/31\/2020\/09\/40-ASIMINA-SUITES-HOTEL-KYMATA-RESTAURANT.jpg","width":1200,"height":798},{"@type":"BreadcrumbList","@id":"https:\/\/www.asimina-cbh.com\/fr\/dining\/restaurants\/#breadcrumb","itemListElement":[{"@type":"ListItem","position":1,"name":"Home","item":"https:\/\/www.asimina-cbh.com\/fr\/"},{"@type":"ListItem","position":2,"name":"Salle \u00e0 manger","item":"https:\/\/www.asimina-cbh.com\/fr\/dining\/"},{"@type":"ListItem","position":3,"name":"Restaurants"}]},{"@type":"WebSite","@id":"https:\/\/www.asimina-cbh.com\/fr\/#website","url":"https:\/\/www.asimina-cbh.com\/fr\/","name":"Asimina Suites Hotel","description":"Constantinou Bros Asimina Suites Hotel, 4 star hotel in Paphos Cyprus","potentialAction":[{"@type":"SearchAction","target":{"@type":"EntryPoint","urlTemplate":"https:\/\/www.asimina-cbh.com\/fr\/?s={search_term_string}"},"query-input":{"@type":"PropertyValueSpecification","valueRequired":true,"valueName":"search_term_string"}}],"inLanguage":"fr-FR"}]}},"_links":{"self":[{"href":"https:\/\/www.asimina-cbh.com\/fr\/wp-json\/wp\/v2\/pages\/5554","targetHints":{"allow":["GET"]}}],"collection":[{"href":"https:\/\/www.asimina-cbh.com\/fr\/wp-json\/wp\/v2\/pages"}],"about":[{"href":"https:\/\/www.asimina-cbh.com\/fr\/wp-json\/wp\/v2\/types\/page"}],"author":[{"embeddable":true,"href":"https:\/\/www.asimina-cbh.com\/fr\/wp-json\/wp\/v2\/users\/1"}],"replies":[{"embeddable":true,"href":"https:\/\/www.asimina-cbh.com\/fr\/wp-json\/wp\/v2\/comments?post=5554"}],"version-history":[{"count":7,"href":"https:\/\/www.asimina-cbh.com\/fr\/wp-json\/wp\/v2\/pages\/5554\/revisions"}],"predecessor-version":[{"id":16342,"href":"https:\/\/www.asimina-cbh.com\/fr\/wp-json\/wp\/v2\/pages\/5554\/revisions\/16342"}],"up":[{"embeddable":true,"href":"https:\/\/www.asimina-cbh.com\/fr\/wp-json\/wp\/v2\/pages\/5551"}],"wp:featuredmedia":[{"embeddable":true,"href":"https:\/\/www.asimina-cbh.com\/fr\/wp-json\/wp\/v2\/media\/5423"}],"wp:attachment":[{"href":"https:\/\/www.asimina-cbh.com\/fr\/wp-json\/wp\/v2\/media?parent=5554"}],"curies":[{"name":"wp","href":"https:\/\/api.w.org\/{rel}","templated":true}]}}