{"id":5575,"date":"2022-03-21T13:26:57","date_gmt":"2022-03-21T10:26:57","guid":{"rendered":"https:\/\/www.asimina-cbh.com\/offers\/"},"modified":"2025-09-23T11:22:52","modified_gmt":"2025-09-23T08:22:52","slug":"offers","status":"publish","type":"page","link":"https:\/\/www.asimina-cbh.com\/fr\/offers\/","title":{"rendered":"Des offres"},"content":{"rendered":"<p>Voir nos offres sp\u00e9ciales<\/p>\n","protected":false},"excerpt":{"rendered":"<p>Voir nos offres sp\u00e9ciales<\/p>\n","protected":false},"author":1,"featured_media":15347,"parent":0,"menu_order":0,"comment_status":"closed","ping_status":"closed","template":"page-templates\/simple-list.php","meta":{"_acf_changed":false,"footnotes":""},"class_list":["post-5575","page","type-page","status-publish","has-post-thumbnail","hentry"],"acf":[],"yoast_head":"<!-- This site is optimized with the Yoast SEO plugin v27.5 - https:\/\/yoast.com\/product\/yoast-seo-wordpress\/ -->\n<title>Les meilleures offres sp\u00e9ciales des h\u00f4tels de Paphos || Asimina Suites Hotel<\/title>\n<meta name=\"description\" content=\"Consultez la liste actuelle des offres sp\u00e9ciales des h\u00f4tels Constantinou Bros Paphos pour trouver celle qui vous convient le mieux pour votre prochain s\u00e9jour \u00e0 l&#039;Asimina Suites.\" \/>\n<meta name=\"robots\" content=\"index, follow, max-snippet:-1, max-image-preview:large, max-video-preview:-1\" \/>\n<link rel=\"canonical\" href=\"https:\/\/www.asimina-cbh.com\/fr\/offers\/\" \/>\n<meta property=\"og:locale\" content=\"fr_FR\" \/>\n<meta property=\"og:type\" content=\"article\" \/>\n<meta property=\"og:title\" content=\"Les meilleures offres sp\u00e9ciales des h\u00f4tels de Paphos || Asimina Suites Hotel\" \/>\n<meta property=\"og:description\" content=\"Consultez la liste actuelle des offres sp\u00e9ciales des h\u00f4tels Constantinou Bros Paphos pour trouver celle qui vous convient le mieux pour votre prochain s\u00e9jour \u00e0 l&#039;Asimina Suites.\" \/>\n<meta property=\"og:url\" content=\"https:\/\/www.asimina-cbh.com\/fr\/offers\/\" \/>\n<meta property=\"og:site_name\" content=\"Asimina Suites Hotel\" \/>\n<meta property=\"article:modified_time\" content=\"2025-09-23T08:22:52+00:00\" \/>\n<meta name=\"twitter:card\" content=\"summary_large_image\" \/>\n<meta name=\"twitter:label1\" content=\"Dur\u00e9e de lecture estim\u00e9e\" \/>\n\t<meta name=\"twitter:data1\" content=\"1 minute\" \/>\n<script type=\"application\/ld+json\" class=\"yoast-schema-graph\">{\"@context\":\"https:\\\/\\\/schema.org\",\"@graph\":[{\"@type\":\"WebPage\",\"@id\":\"https:\\\/\\\/www.asimina-cbh.com\\\/fr\\\/offers\\\/\",\"url\":\"https:\\\/\\\/www.asimina-cbh.com\\\/fr\\\/offers\\\/\",\"name\":\"Les meilleures offres sp\u00e9ciales des h\u00f4tels de Paphos || Asimina Suites Hotel\",\"isPartOf\":{\"@id\":\"https:\\\/\\\/www.asimina-cbh.com\\\/fr\\\/#website\"},\"primaryImageOfPage\":{\"@id\":\"https:\\\/\\\/www.asimina-cbh.com\\\/fr\\\/offers\\\/#primaryimage\"},\"image\":{\"@id\":\"https:\\\/\\\/www.asimina-cbh.com\\\/fr\\\/offers\\\/#primaryimage\"},\"thumbnailUrl\":\"https:\\\/\\\/www.asimina-cbh.com\\\/app\\\/uploads\\\/sites\\\/31\\\/2025\\\/10\\\/1-ASIMINA-SUITES-HOTEL-POOL.jpg\",\"datePublished\":\"2022-03-21T10:26:57+00:00\",\"dateModified\":\"2025-09-23T08:22:52+00:00\",\"description\":\"Consultez la liste actuelle des offres sp\u00e9ciales des h\u00f4tels Constantinou Bros Paphos pour trouver celle qui vous convient le mieux pour votre prochain s\u00e9jour \u00e0 l'Asimina Suites.\",\"breadcrumb\":{\"@id\":\"https:\\\/\\\/www.asimina-cbh.com\\\/fr\\\/offers\\\/#breadcrumb\"},\"inLanguage\":\"fr-FR\",\"potentialAction\":[{\"@type\":\"ReadAction\",\"target\":[\"https:\\\/\\\/www.asimina-cbh.com\\\/fr\\\/offers\\\/\"]}]},{\"@type\":\"ImageObject\",\"inLanguage\":\"fr-FR\",\"@id\":\"https:\\\/\\\/www.asimina-cbh.com\\\/fr\\\/offers\\\/#primaryimage\",\"url\":\"https:\\\/\\\/www.asimina-cbh.com\\\/app\\\/uploads\\\/sites\\\/31\\\/2025\\\/10\\\/1-ASIMINA-SUITES-HOTEL-POOL.jpg\",\"contentUrl\":\"https:\\\/\\\/www.asimina-cbh.com\\\/app\\\/uploads\\\/sites\\\/31\\\/2025\\\/10\\\/1-ASIMINA-SUITES-HOTEL-POOL.jpg\",\"width\":2500,\"height\":1663,\"caption\":\"ASIMINA-SUITES-HOTEL-POOL\"},{\"@type\":\"BreadcrumbList\",\"@id\":\"https:\\\/\\\/www.asimina-cbh.com\\\/fr\\\/offers\\\/#breadcrumb\",\"itemListElement\":[{\"@type\":\"ListItem\",\"position\":1,\"name\":\"Home\",\"item\":\"https:\\\/\\\/www.asimina-cbh.com\\\/fr\\\/\"},{\"@type\":\"ListItem\",\"position\":2,\"name\":\"Des offres\"}]},{\"@type\":\"WebSite\",\"@id\":\"https:\\\/\\\/www.asimina-cbh.com\\\/fr\\\/#website\",\"url\":\"https:\\\/\\\/www.asimina-cbh.com\\\/fr\\\/\",\"name\":\"Asimina Suites Hotel\",\"description\":\"Constantinou Bros Asimina Suites Hotel, 4 star hotel in Paphos Cyprus\",\"potentialAction\":[{\"@type\":\"SearchAction\",\"target\":{\"@type\":\"EntryPoint\",\"urlTemplate\":\"https:\\\/\\\/www.asimina-cbh.com\\\/fr\\\/?s={search_term_string}\"},\"query-input\":{\"@type\":\"PropertyValueSpecification\",\"valueRequired\":true,\"valueName\":\"search_term_string\"}}],\"inLanguage\":\"fr-FR\"}]}<\/script>\n<!-- \/ Yoast SEO plugin. -->","yoast_head_json":{"title":"Les meilleures offres sp\u00e9ciales des h\u00f4tels de Paphos || Asimina Suites Hotel","description":"Consultez la liste actuelle des offres sp\u00e9ciales des h\u00f4tels Constantinou Bros Paphos pour trouver celle qui vous convient le mieux pour votre prochain s\u00e9jour \u00e0 l'Asimina Suites.","robots":{"index":"index","follow":"follow","max-snippet":"max-snippet:-1","max-image-preview":"max-image-preview:large","max-video-preview":"max-video-preview:-1"},"canonical":"https:\/\/www.asimina-cbh.com\/fr\/offers\/","og_locale":"fr_FR","og_type":"article","og_title":"Les meilleures offres sp\u00e9ciales des h\u00f4tels de Paphos || Asimina Suites Hotel","og_description":"Consultez la liste actuelle des offres sp\u00e9ciales des h\u00f4tels Constantinou Bros Paphos pour trouver celle qui vous convient le mieux pour votre prochain s\u00e9jour \u00e0 l'Asimina Suites.","og_url":"https:\/\/www.asimina-cbh.com\/fr\/offers\/","og_site_name":"Asimina Suites Hotel","article_modified_time":"2025-09-23T08:22:52+00:00","twitter_card":"summary_large_image","twitter_misc":{"Dur\u00e9e de lecture estim\u00e9e":"1 minute"},"schema":{"@context":"https:\/\/schema.org","@graph":[{"@type":"WebPage","@id":"https:\/\/www.asimina-cbh.com\/fr\/offers\/","url":"https:\/\/www.asimina-cbh.com\/fr\/offers\/","name":"Les meilleures offres sp\u00e9ciales des h\u00f4tels de Paphos || Asimina Suites Hotel","isPartOf":{"@id":"https:\/\/www.asimina-cbh.com\/fr\/#website"},"primaryImageOfPage":{"@id":"https:\/\/www.asimina-cbh.com\/fr\/offers\/#primaryimage"},"image":{"@id":"https:\/\/www.asimina-cbh.com\/fr\/offers\/#primaryimage"},"thumbnailUrl":"https:\/\/www.asimina-cbh.com\/app\/uploads\/sites\/31\/2025\/10\/1-ASIMINA-SUITES-HOTEL-POOL.jpg","datePublished":"2022-03-21T10:26:57+00:00","dateModified":"2025-09-23T08:22:52+00:00","description":"Consultez la liste actuelle des offres sp\u00e9ciales des h\u00f4tels Constantinou Bros Paphos pour trouver celle qui vous convient le mieux pour votre prochain s\u00e9jour \u00e0 l'Asimina Suites.","breadcrumb":{"@id":"https:\/\/www.asimina-cbh.com\/fr\/offers\/#breadcrumb"},"inLanguage":"fr-FR","potentialAction":[{"@type":"ReadAction","target":["https:\/\/www.asimina-cbh.com\/fr\/offers\/"]}]},{"@type":"ImageObject","inLanguage":"fr-FR","@id":"https:\/\/www.asimina-cbh.com\/fr\/offers\/#primaryimage","url":"https:\/\/www.asimina-cbh.com\/app\/uploads\/sites\/31\/2025\/10\/1-ASIMINA-SUITES-HOTEL-POOL.jpg","contentUrl":"https:\/\/www.asimina-cbh.com\/app\/uploads\/sites\/31\/2025\/10\/1-ASIMINA-SUITES-HOTEL-POOL.jpg","width":2500,"height":1663,"caption":"ASIMINA-SUITES-HOTEL-POOL"},{"@type":"BreadcrumbList","@id":"https:\/\/www.asimina-cbh.com\/fr\/offers\/#breadcrumb","itemListElement":[{"@type":"ListItem","position":1,"name":"Home","item":"https:\/\/www.asimina-cbh.com\/fr\/"},{"@type":"ListItem","position":2,"name":"Des offres"}]},{"@type":"WebSite","@id":"https:\/\/www.asimina-cbh.com\/fr\/#website","url":"https:\/\/www.asimina-cbh.com\/fr\/","name":"Asimina Suites Hotel","description":"Constantinou Bros Asimina Suites Hotel, 4 star hotel in Paphos Cyprus","potentialAction":[{"@type":"SearchAction","target":{"@type":"EntryPoint","urlTemplate":"https:\/\/www.asimina-cbh.com\/fr\/?s={search_term_string}"},"query-input":{"@type":"PropertyValueSpecification","valueRequired":true,"valueName":"search_term_string"}}],"inLanguage":"fr-FR"}]}},"_links":{"self":[{"href":"https:\/\/www.asimina-cbh.com\/fr\/wp-json\/wp\/v2\/pages\/5575","targetHints":{"allow":["GET"]}}],"collection":[{"href":"https:\/\/www.asimina-cbh.com\/fr\/wp-json\/wp\/v2\/pages"}],"about":[{"href":"https:\/\/www.asimina-cbh.com\/fr\/wp-json\/wp\/v2\/types\/page"}],"author":[{"embeddable":true,"href":"https:\/\/www.asimina-cbh.com\/fr\/wp-json\/wp\/v2\/users\/1"}],"replies":[{"embeddable":true,"href":"https:\/\/www.asimina-cbh.com\/fr\/wp-json\/wp\/v2\/comments?post=5575"}],"version-history":[{"count":13,"href":"https:\/\/www.asimina-cbh.com\/fr\/wp-json\/wp\/v2\/pages\/5575\/revisions"}],"predecessor-version":[{"id":14816,"href":"https:\/\/www.asimina-cbh.com\/fr\/wp-json\/wp\/v2\/pages\/5575\/revisions\/14816"}],"wp:featuredmedia":[{"embeddable":true,"href":"https:\/\/www.asimina-cbh.com\/fr\/wp-json\/wp\/v2\/media\/15347"}],"wp:attachment":[{"href":"https:\/\/www.asimina-cbh.com\/fr\/wp-json\/wp\/v2\/media?parent=5575"}],"curies":[{"name":"wp","href":"https:\/\/api.w.org\/{rel}","templated":true}]}}