{"id":5576,"date":"2022-03-21T13:27:22","date_gmt":"2022-03-21T10:27:22","guid":{"rendered":"https:\/\/www.asimina-cbh.com\/rooms\/"},"modified":"2026-03-19T16:13:19","modified_gmt":"2026-03-19T13:13:19","slug":"rooms","status":"publish","type":"page","link":"https:\/\/www.asimina-cbh.com\/fr\/rooms\/","title":{"rendered":"Suites"},"content":{"rendered":"<p>Les suites offrent un large \u00e9ventail d&rsquo;\u00e9quipements, notamment la climatisation et le chauffage central, un salon s\u00e9par\u00e9 (pour la plupart des types de suites), des salles de bains en marbre de luxe, une t\u00e9l\u00e9vision par satellite LCD \u00e0 \u00e9cran plat et une radio, un coffre-fort gratuit (pour ordinateur portable), des peignoirs et des chaussons, un plateau de th\u00e9 et de caf\u00e9 ainsi qu&rsquo;une machine \u00e0 expresso, un minibar, un s\u00e8che-cheveux, du mat\u00e9riel de repassage et de nombreuses autres attentions. Les caract\u00e9ristiques sp\u00e9ciales comprennent une connexion Wi-Fi haut d\u00e9bit gratuite dans toutes les chambres, les espaces publics et les jardins, ainsi qu&rsquo;un parking gratuit.<\/p>\n","protected":false},"excerpt":{"rendered":"<p>Les suites offrent un large \u00e9ventail d&rsquo;\u00e9quipements, notamment la climatisation et le chauffage central, un salon s\u00e9par\u00e9 (pour la plupart des types de suites), des salles de bains en marbre de luxe, une t\u00e9l\u00e9vision par satellite LCD \u00e0 \u00e9cran plat et une radio, un coffre-fort gratuit (pour ordinateur portable), des peignoirs et des chaussons, un<\/p>\n","protected":false},"author":1,"featured_media":15347,"parent":0,"menu_order":0,"comment_status":"closed","ping_status":"closed","template":"page-templates\/rooms.php","meta":{"_acf_changed":false,"footnotes":""},"class_list":["post-5576","page","type-page","status-publish","has-post-thumbnail","hentry"],"acf":[],"yoast_head":"<!-- This site is optimized with the Yoast SEO plugin v27.5 - https:\/\/yoast.com\/product\/yoast-seo-wordpress\/ -->\n<title>H\u00e9bergement de luxe Paphos, Chypre || Asimina Suites Hotel<\/title>\n<meta name=\"description\" content=\"\u00c0 l&#039;h\u00f4tel \u0391simina Suites by Constantinou Bros Hotels, vous trouverez la meilleure s\u00e9lection d&#039;h\u00e9bergements de luxe \u00e0 Paphos pour des s\u00e9jours confortables et somptueux.\" \/>\n<meta name=\"robots\" content=\"index, follow, max-snippet:-1, max-image-preview:large, max-video-preview:-1\" \/>\n<link rel=\"canonical\" href=\"https:\/\/www.asimina-cbh.com\/fr\/rooms\/\" \/>\n<meta property=\"og:locale\" content=\"fr_FR\" \/>\n<meta property=\"og:type\" content=\"article\" \/>\n<meta property=\"og:title\" content=\"H\u00e9bergement de luxe Paphos, Chypre || Asimina Suites Hotel\" \/>\n<meta property=\"og:description\" content=\"\u00c0 l&#039;h\u00f4tel \u0391simina Suites by Constantinou Bros Hotels, vous trouverez la meilleure s\u00e9lection d&#039;h\u00e9bergements de luxe \u00e0 Paphos pour des s\u00e9jours confortables et somptueux.\" \/>\n<meta property=\"og:url\" content=\"https:\/\/www.asimina-cbh.com\/fr\/rooms\/\" \/>\n<meta property=\"og:site_name\" content=\"Asimina Suites Hotel\" \/>\n<meta property=\"article:modified_time\" content=\"2026-03-19T13:13:19+00:00\" \/>\n<meta property=\"og:image\" content=\"https:\/\/www.asimina-cbh.com\/app\/uploads\/sites\/31\/2025\/10\/1-ASIMINA-SUITES-HOTEL-POOL.jpg\" \/>\n\t<meta property=\"og:image:width\" content=\"2500\" \/>\n\t<meta property=\"og:image:height\" content=\"1663\" \/>\n\t<meta property=\"og:image:type\" content=\"image\/jpeg\" \/>\n<meta name=\"twitter:card\" content=\"summary_large_image\" \/>\n<meta name=\"twitter:label1\" content=\"Dur\u00e9e de lecture estim\u00e9e\" \/>\n\t<meta name=\"twitter:data1\" content=\"1 minute\" \/>\n<script type=\"application\/ld+json\" class=\"yoast-schema-graph\">{\"@context\":\"https:\\\/\\\/schema.org\",\"@graph\":[{\"@type\":\"WebPage\",\"@id\":\"https:\\\/\\\/www.asimina-cbh.com\\\/fr\\\/rooms\\\/\",\"url\":\"https:\\\/\\\/www.asimina-cbh.com\\\/fr\\\/rooms\\\/\",\"name\":\"H\u00e9bergement de luxe Paphos, Chypre || Asimina Suites Hotel\",\"isPartOf\":{\"@id\":\"https:\\\/\\\/www.asimina-cbh.com\\\/fr\\\/#website\"},\"primaryImageOfPage\":{\"@id\":\"https:\\\/\\\/www.asimina-cbh.com\\\/fr\\\/rooms\\\/#primaryimage\"},\"image\":{\"@id\":\"https:\\\/\\\/www.asimina-cbh.com\\\/fr\\\/rooms\\\/#primaryimage\"},\"thumbnailUrl\":\"https:\\\/\\\/www.asimina-cbh.com\\\/app\\\/uploads\\\/sites\\\/31\\\/2025\\\/10\\\/1-ASIMINA-SUITES-HOTEL-POOL.jpg\",\"datePublished\":\"2022-03-21T10:27:22+00:00\",\"dateModified\":\"2026-03-19T13:13:19+00:00\",\"description\":\"\u00c0 l'h\u00f4tel \u0391simina Suites by Constantinou Bros Hotels, vous trouverez la meilleure s\u00e9lection d'h\u00e9bergements de luxe \u00e0 Paphos pour des s\u00e9jours confortables et somptueux.\",\"breadcrumb\":{\"@id\":\"https:\\\/\\\/www.asimina-cbh.com\\\/fr\\\/rooms\\\/#breadcrumb\"},\"inLanguage\":\"fr-FR\",\"potentialAction\":[{\"@type\":\"ReadAction\",\"target\":[\"https:\\\/\\\/www.asimina-cbh.com\\\/fr\\\/rooms\\\/\"]}]},{\"@type\":\"ImageObject\",\"inLanguage\":\"fr-FR\",\"@id\":\"https:\\\/\\\/www.asimina-cbh.com\\\/fr\\\/rooms\\\/#primaryimage\",\"url\":\"https:\\\/\\\/www.asimina-cbh.com\\\/app\\\/uploads\\\/sites\\\/31\\\/2025\\\/10\\\/1-ASIMINA-SUITES-HOTEL-POOL.jpg\",\"contentUrl\":\"https:\\\/\\\/www.asimina-cbh.com\\\/app\\\/uploads\\\/sites\\\/31\\\/2025\\\/10\\\/1-ASIMINA-SUITES-HOTEL-POOL.jpg\",\"width\":2500,\"height\":1663,\"caption\":\"ASIMINA-SUITES-HOTEL-POOL\"},{\"@type\":\"BreadcrumbList\",\"@id\":\"https:\\\/\\\/www.asimina-cbh.com\\\/fr\\\/rooms\\\/#breadcrumb\",\"itemListElement\":[{\"@type\":\"ListItem\",\"position\":1,\"name\":\"Home\",\"item\":\"https:\\\/\\\/www.asimina-cbh.com\\\/fr\\\/\"},{\"@type\":\"ListItem\",\"position\":2,\"name\":\"Suites\"}]},{\"@type\":\"WebSite\",\"@id\":\"https:\\\/\\\/www.asimina-cbh.com\\\/fr\\\/#website\",\"url\":\"https:\\\/\\\/www.asimina-cbh.com\\\/fr\\\/\",\"name\":\"Asimina Suites Hotel\",\"description\":\"Constantinou Bros Asimina Suites Hotel, 4 star hotel in Paphos Cyprus\",\"potentialAction\":[{\"@type\":\"SearchAction\",\"target\":{\"@type\":\"EntryPoint\",\"urlTemplate\":\"https:\\\/\\\/www.asimina-cbh.com\\\/fr\\\/?s={search_term_string}\"},\"query-input\":{\"@type\":\"PropertyValueSpecification\",\"valueRequired\":true,\"valueName\":\"search_term_string\"}}],\"inLanguage\":\"fr-FR\"}]}<\/script>\n<!-- \/ Yoast SEO plugin. -->","yoast_head_json":{"title":"H\u00e9bergement de luxe Paphos, Chypre || Asimina Suites Hotel","description":"\u00c0 l'h\u00f4tel \u0391simina Suites by Constantinou Bros Hotels, vous trouverez la meilleure s\u00e9lection d'h\u00e9bergements de luxe \u00e0 Paphos pour des s\u00e9jours confortables et somptueux.","robots":{"index":"index","follow":"follow","max-snippet":"max-snippet:-1","max-image-preview":"max-image-preview:large","max-video-preview":"max-video-preview:-1"},"canonical":"https:\/\/www.asimina-cbh.com\/fr\/rooms\/","og_locale":"fr_FR","og_type":"article","og_title":"H\u00e9bergement de luxe Paphos, Chypre || Asimina Suites Hotel","og_description":"\u00c0 l'h\u00f4tel \u0391simina Suites by Constantinou Bros Hotels, vous trouverez la meilleure s\u00e9lection d'h\u00e9bergements de luxe \u00e0 Paphos pour des s\u00e9jours confortables et somptueux.","og_url":"https:\/\/www.asimina-cbh.com\/fr\/rooms\/","og_site_name":"Asimina Suites Hotel","article_modified_time":"2026-03-19T13:13:19+00:00","og_image":[{"width":2500,"height":1663,"url":"https:\/\/www.asimina-cbh.com\/app\/uploads\/sites\/31\/2025\/10\/1-ASIMINA-SUITES-HOTEL-POOL.jpg","type":"image\/jpeg"}],"twitter_card":"summary_large_image","twitter_misc":{"Dur\u00e9e de lecture estim\u00e9e":"1 minute"},"schema":{"@context":"https:\/\/schema.org","@graph":[{"@type":"WebPage","@id":"https:\/\/www.asimina-cbh.com\/fr\/rooms\/","url":"https:\/\/www.asimina-cbh.com\/fr\/rooms\/","name":"H\u00e9bergement de luxe Paphos, Chypre || Asimina Suites Hotel","isPartOf":{"@id":"https:\/\/www.asimina-cbh.com\/fr\/#website"},"primaryImageOfPage":{"@id":"https:\/\/www.asimina-cbh.com\/fr\/rooms\/#primaryimage"},"image":{"@id":"https:\/\/www.asimina-cbh.com\/fr\/rooms\/#primaryimage"},"thumbnailUrl":"https:\/\/www.asimina-cbh.com\/app\/uploads\/sites\/31\/2025\/10\/1-ASIMINA-SUITES-HOTEL-POOL.jpg","datePublished":"2022-03-21T10:27:22+00:00","dateModified":"2026-03-19T13:13:19+00:00","description":"\u00c0 l'h\u00f4tel \u0391simina Suites by Constantinou Bros Hotels, vous trouverez la meilleure s\u00e9lection d'h\u00e9bergements de luxe \u00e0 Paphos pour des s\u00e9jours confortables et somptueux.","breadcrumb":{"@id":"https:\/\/www.asimina-cbh.com\/fr\/rooms\/#breadcrumb"},"inLanguage":"fr-FR","potentialAction":[{"@type":"ReadAction","target":["https:\/\/www.asimina-cbh.com\/fr\/rooms\/"]}]},{"@type":"ImageObject","inLanguage":"fr-FR","@id":"https:\/\/www.asimina-cbh.com\/fr\/rooms\/#primaryimage","url":"https:\/\/www.asimina-cbh.com\/app\/uploads\/sites\/31\/2025\/10\/1-ASIMINA-SUITES-HOTEL-POOL.jpg","contentUrl":"https:\/\/www.asimina-cbh.com\/app\/uploads\/sites\/31\/2025\/10\/1-ASIMINA-SUITES-HOTEL-POOL.jpg","width":2500,"height":1663,"caption":"ASIMINA-SUITES-HOTEL-POOL"},{"@type":"BreadcrumbList","@id":"https:\/\/www.asimina-cbh.com\/fr\/rooms\/#breadcrumb","itemListElement":[{"@type":"ListItem","position":1,"name":"Home","item":"https:\/\/www.asimina-cbh.com\/fr\/"},{"@type":"ListItem","position":2,"name":"Suites"}]},{"@type":"WebSite","@id":"https:\/\/www.asimina-cbh.com\/fr\/#website","url":"https:\/\/www.asimina-cbh.com\/fr\/","name":"Asimina Suites Hotel","description":"Constantinou Bros Asimina Suites Hotel, 4 star hotel in Paphos Cyprus","potentialAction":[{"@type":"SearchAction","target":{"@type":"EntryPoint","urlTemplate":"https:\/\/www.asimina-cbh.com\/fr\/?s={search_term_string}"},"query-input":{"@type":"PropertyValueSpecification","valueRequired":true,"valueName":"search_term_string"}}],"inLanguage":"fr-FR"}]}},"_links":{"self":[{"href":"https:\/\/www.asimina-cbh.com\/fr\/wp-json\/wp\/v2\/pages\/5576","targetHints":{"allow":["GET"]}}],"collection":[{"href":"https:\/\/www.asimina-cbh.com\/fr\/wp-json\/wp\/v2\/pages"}],"about":[{"href":"https:\/\/www.asimina-cbh.com\/fr\/wp-json\/wp\/v2\/types\/page"}],"author":[{"embeddable":true,"href":"https:\/\/www.asimina-cbh.com\/fr\/wp-json\/wp\/v2\/users\/1"}],"replies":[{"embeddable":true,"href":"https:\/\/www.asimina-cbh.com\/fr\/wp-json\/wp\/v2\/comments?post=5576"}],"version-history":[{"count":4,"href":"https:\/\/www.asimina-cbh.com\/fr\/wp-json\/wp\/v2\/pages\/5576\/revisions"}],"predecessor-version":[{"id":16281,"href":"https:\/\/www.asimina-cbh.com\/fr\/wp-json\/wp\/v2\/pages\/5576\/revisions\/16281"}],"wp:featuredmedia":[{"embeddable":true,"href":"https:\/\/www.asimina-cbh.com\/fr\/wp-json\/wp\/v2\/media\/15347"}],"wp:attachment":[{"href":"https:\/\/www.asimina-cbh.com\/fr\/wp-json\/wp\/v2\/media?parent=5576"}],"curies":[{"name":"wp","href":"https:\/\/api.w.org\/{rel}","templated":true}]}}