{"id":5580,"date":"2022-03-21T13:31:16","date_gmt":"2022-03-21T10:31:16","guid":{"rendered":"https:\/\/www.asimina-cbh.com\/awards\/"},"modified":"2026-03-31T14:39:29","modified_gmt":"2026-03-31T11:39:29","slug":"awards","status":"publish","type":"page","link":"https:\/\/www.asimina-cbh.com\/fr\/awards\/","title":{"rendered":"Prix"},"content":{"rendered":"<p>Chaque secteur d&rsquo;activit\u00e9 a ses crit\u00e8res, les crit\u00e8res qui permettent de mesurer le succ\u00e8s. L&rsquo;industrie h\u00f4teli\u00e8re utilise un syst\u00e8me de r\u00e9compense bas\u00e9 sur les points accumul\u00e9s par les h\u00f4tels en fonction des questionnaires que les voyagistes demandent \u00e0 leurs clients de remplir \u00e0 la fin de leurs vacances. <\/p>\n<p>L&rsquo;Asimina Suites Hotel est fier de son impressionnant palmar\u00e8s depuis son ouverture.<\/p>\n","protected":false},"excerpt":{"rendered":"<p>Chaque secteur d&rsquo;activit\u00e9 a ses crit\u00e8res, les crit\u00e8res qui permettent de mesurer le succ\u00e8s. L&rsquo;industrie h\u00f4teli\u00e8re utilise un syst\u00e8me de r\u00e9compense bas\u00e9 sur les points accumul\u00e9s par les h\u00f4tels en fonction des questionnaires que les voyagistes demandent \u00e0 leurs clients de remplir \u00e0 la fin de leurs vacances. L&rsquo;Asimina Suites Hotel est fier de son<\/p>\n","protected":false},"author":1,"featured_media":14265,"parent":0,"menu_order":0,"comment_status":"closed","ping_status":"closed","template":"page-templates\/accordion.php","meta":{"_acf_changed":false,"footnotes":""},"class_list":["post-5580","page","type-page","status-publish","has-post-thumbnail","hentry"],"acf":[],"yoast_head":"<!-- This site is optimized with the Yoast SEO plugin v27.4 - https:\/\/yoast.com\/product\/yoast-seo-wordpress\/ -->\n<title>Liste des r\u00e9compenses de l&#039;h\u00f4tel Asimina Suites || Asimina Suites Hotel<\/title>\n<meta name=\"description\" content=\"Vous trouverez ici une liste de tous les prix, accolades, distinctions et certifications de l&#039;Asimina Suites Hotel de 2010 \u00e0 aujourd&#039;hui.\" \/>\n<meta name=\"robots\" content=\"index, follow, max-snippet:-1, max-image-preview:large, max-video-preview:-1\" \/>\n<link rel=\"canonical\" href=\"https:\/\/www.asimina-cbh.com\/fr\/awards\/\" \/>\n<meta property=\"og:locale\" content=\"fr_FR\" \/>\n<meta property=\"og:type\" content=\"article\" \/>\n<meta property=\"og:title\" content=\"Liste des r\u00e9compenses de l&#039;h\u00f4tel Asimina Suites || Asimina Suites Hotel\" \/>\n<meta property=\"og:description\" content=\"Vous trouverez ici une liste de tous les prix, accolades, distinctions et certifications de l&#039;Asimina Suites Hotel de 2010 \u00e0 aujourd&#039;hui.\" \/>\n<meta property=\"og:url\" content=\"https:\/\/www.asimina-cbh.com\/fr\/awards\/\" \/>\n<meta property=\"og:site_name\" content=\"Asimina Suites Hotel\" \/>\n<meta property=\"article:modified_time\" content=\"2026-03-31T11:39:29+00:00\" \/>\n<meta property=\"og:image\" content=\"https:\/\/www.asimina-cbh.com\/app\/uploads\/sites\/31\/2024\/07\/Logo_BW_with_Gold_Star_-_Quallity_Award_2023_-_Asimina_Suites_copy.jpg\" \/>\n\t<meta property=\"og:image:width\" content=\"640\" \/>\n\t<meta property=\"og:image:height\" content=\"640\" \/>\n\t<meta property=\"og:image:type\" content=\"image\/jpeg\" \/>\n<meta name=\"twitter:card\" content=\"summary_large_image\" \/>\n<meta name=\"twitter:label1\" content=\"Dur\u00e9e de lecture estim\u00e9e\" \/>\n\t<meta name=\"twitter:data1\" content=\"1 minute\" \/>\n<script type=\"application\/ld+json\" class=\"yoast-schema-graph\">{\"@context\":\"https:\\\/\\\/schema.org\",\"@graph\":[{\"@type\":\"WebPage\",\"@id\":\"https:\\\/\\\/www.asimina-cbh.com\\\/fr\\\/awards\\\/\",\"url\":\"https:\\\/\\\/www.asimina-cbh.com\\\/fr\\\/awards\\\/\",\"name\":\"Liste des r\u00e9compenses de l'h\u00f4tel Asimina Suites || Asimina Suites Hotel\",\"isPartOf\":{\"@id\":\"https:\\\/\\\/www.asimina-cbh.com\\\/fr\\\/#website\"},\"primaryImageOfPage\":{\"@id\":\"https:\\\/\\\/www.asimina-cbh.com\\\/fr\\\/awards\\\/#primaryimage\"},\"image\":{\"@id\":\"https:\\\/\\\/www.asimina-cbh.com\\\/fr\\\/awards\\\/#primaryimage\"},\"thumbnailUrl\":\"https:\\\/\\\/www.asimina-cbh.com\\\/app\\\/uploads\\\/sites\\\/31\\\/2024\\\/07\\\/Logo_BW_with_Gold_Star_-_Quallity_Award_2023_-_Asimina_Suites_copy.jpg\",\"datePublished\":\"2022-03-21T10:31:16+00:00\",\"dateModified\":\"2026-03-31T11:39:29+00:00\",\"description\":\"Vous trouverez ici une liste de tous les prix, accolades, distinctions et certifications de l'Asimina Suites Hotel de 2010 \u00e0 aujourd'hui.\",\"breadcrumb\":{\"@id\":\"https:\\\/\\\/www.asimina-cbh.com\\\/fr\\\/awards\\\/#breadcrumb\"},\"inLanguage\":\"fr-FR\",\"potentialAction\":[{\"@type\":\"ReadAction\",\"target\":[\"https:\\\/\\\/www.asimina-cbh.com\\\/fr\\\/awards\\\/\"]}]},{\"@type\":\"ImageObject\",\"inLanguage\":\"fr-FR\",\"@id\":\"https:\\\/\\\/www.asimina-cbh.com\\\/fr\\\/awards\\\/#primaryimage\",\"url\":\"https:\\\/\\\/www.asimina-cbh.com\\\/app\\\/uploads\\\/sites\\\/31\\\/2024\\\/07\\\/Logo_BW_with_Gold_Star_-_Quallity_Award_2023_-_Asimina_Suites_copy.jpg\",\"contentUrl\":\"https:\\\/\\\/www.asimina-cbh.com\\\/app\\\/uploads\\\/sites\\\/31\\\/2024\\\/07\\\/Logo_BW_with_Gold_Star_-_Quallity_Award_2023_-_Asimina_Suites_copy.jpg\",\"width\":640,\"height\":640},{\"@type\":\"BreadcrumbList\",\"@id\":\"https:\\\/\\\/www.asimina-cbh.com\\\/fr\\\/awards\\\/#breadcrumb\",\"itemListElement\":[{\"@type\":\"ListItem\",\"position\":1,\"name\":\"Home\",\"item\":\"https:\\\/\\\/www.asimina-cbh.com\\\/fr\\\/\"},{\"@type\":\"ListItem\",\"position\":2,\"name\":\"Prix\"}]},{\"@type\":\"WebSite\",\"@id\":\"https:\\\/\\\/www.asimina-cbh.com\\\/fr\\\/#website\",\"url\":\"https:\\\/\\\/www.asimina-cbh.com\\\/fr\\\/\",\"name\":\"Asimina Suites Hotel\",\"description\":\"Constantinou Bros Asimina Suites Hotel, 4 star hotel in Paphos Cyprus\",\"potentialAction\":[{\"@type\":\"SearchAction\",\"target\":{\"@type\":\"EntryPoint\",\"urlTemplate\":\"https:\\\/\\\/www.asimina-cbh.com\\\/fr\\\/?s={search_term_string}\"},\"query-input\":{\"@type\":\"PropertyValueSpecification\",\"valueRequired\":true,\"valueName\":\"search_term_string\"}}],\"inLanguage\":\"fr-FR\"}]}<\/script>\n<!-- \/ Yoast SEO plugin. -->","yoast_head_json":{"title":"Liste des r\u00e9compenses de l'h\u00f4tel Asimina Suites || Asimina Suites Hotel","description":"Vous trouverez ici une liste de tous les prix, accolades, distinctions et certifications de l'Asimina Suites Hotel de 2010 \u00e0 aujourd'hui.","robots":{"index":"index","follow":"follow","max-snippet":"max-snippet:-1","max-image-preview":"max-image-preview:large","max-video-preview":"max-video-preview:-1"},"canonical":"https:\/\/www.asimina-cbh.com\/fr\/awards\/","og_locale":"fr_FR","og_type":"article","og_title":"Liste des r\u00e9compenses de l'h\u00f4tel Asimina Suites || Asimina Suites Hotel","og_description":"Vous trouverez ici une liste de tous les prix, accolades, distinctions et certifications de l'Asimina Suites Hotel de 2010 \u00e0 aujourd'hui.","og_url":"https:\/\/www.asimina-cbh.com\/fr\/awards\/","og_site_name":"Asimina Suites Hotel","article_modified_time":"2026-03-31T11:39:29+00:00","og_image":[{"width":640,"height":640,"url":"https:\/\/www.asimina-cbh.com\/app\/uploads\/sites\/31\/2024\/07\/Logo_BW_with_Gold_Star_-_Quallity_Award_2023_-_Asimina_Suites_copy.jpg","type":"image\/jpeg"}],"twitter_card":"summary_large_image","twitter_misc":{"Dur\u00e9e de lecture estim\u00e9e":"1 minute"},"schema":{"@context":"https:\/\/schema.org","@graph":[{"@type":"WebPage","@id":"https:\/\/www.asimina-cbh.com\/fr\/awards\/","url":"https:\/\/www.asimina-cbh.com\/fr\/awards\/","name":"Liste des r\u00e9compenses de l'h\u00f4tel Asimina Suites || Asimina Suites Hotel","isPartOf":{"@id":"https:\/\/www.asimina-cbh.com\/fr\/#website"},"primaryImageOfPage":{"@id":"https:\/\/www.asimina-cbh.com\/fr\/awards\/#primaryimage"},"image":{"@id":"https:\/\/www.asimina-cbh.com\/fr\/awards\/#primaryimage"},"thumbnailUrl":"https:\/\/www.asimina-cbh.com\/app\/uploads\/sites\/31\/2024\/07\/Logo_BW_with_Gold_Star_-_Quallity_Award_2023_-_Asimina_Suites_copy.jpg","datePublished":"2022-03-21T10:31:16+00:00","dateModified":"2026-03-31T11:39:29+00:00","description":"Vous trouverez ici une liste de tous les prix, accolades, distinctions et certifications de l'Asimina Suites Hotel de 2010 \u00e0 aujourd'hui.","breadcrumb":{"@id":"https:\/\/www.asimina-cbh.com\/fr\/awards\/#breadcrumb"},"inLanguage":"fr-FR","potentialAction":[{"@type":"ReadAction","target":["https:\/\/www.asimina-cbh.com\/fr\/awards\/"]}]},{"@type":"ImageObject","inLanguage":"fr-FR","@id":"https:\/\/www.asimina-cbh.com\/fr\/awards\/#primaryimage","url":"https:\/\/www.asimina-cbh.com\/app\/uploads\/sites\/31\/2024\/07\/Logo_BW_with_Gold_Star_-_Quallity_Award_2023_-_Asimina_Suites_copy.jpg","contentUrl":"https:\/\/www.asimina-cbh.com\/app\/uploads\/sites\/31\/2024\/07\/Logo_BW_with_Gold_Star_-_Quallity_Award_2023_-_Asimina_Suites_copy.jpg","width":640,"height":640},{"@type":"BreadcrumbList","@id":"https:\/\/www.asimina-cbh.com\/fr\/awards\/#breadcrumb","itemListElement":[{"@type":"ListItem","position":1,"name":"Home","item":"https:\/\/www.asimina-cbh.com\/fr\/"},{"@type":"ListItem","position":2,"name":"Prix"}]},{"@type":"WebSite","@id":"https:\/\/www.asimina-cbh.com\/fr\/#website","url":"https:\/\/www.asimina-cbh.com\/fr\/","name":"Asimina Suites Hotel","description":"Constantinou Bros Asimina Suites Hotel, 4 star hotel in Paphos Cyprus","potentialAction":[{"@type":"SearchAction","target":{"@type":"EntryPoint","urlTemplate":"https:\/\/www.asimina-cbh.com\/fr\/?s={search_term_string}"},"query-input":{"@type":"PropertyValueSpecification","valueRequired":true,"valueName":"search_term_string"}}],"inLanguage":"fr-FR"}]}},"_links":{"self":[{"href":"https:\/\/www.asimina-cbh.com\/fr\/wp-json\/wp\/v2\/pages\/5580","targetHints":{"allow":["GET"]}}],"collection":[{"href":"https:\/\/www.asimina-cbh.com\/fr\/wp-json\/wp\/v2\/pages"}],"about":[{"href":"https:\/\/www.asimina-cbh.com\/fr\/wp-json\/wp\/v2\/types\/page"}],"author":[{"embeddable":true,"href":"https:\/\/www.asimina-cbh.com\/fr\/wp-json\/wp\/v2\/users\/1"}],"replies":[{"embeddable":true,"href":"https:\/\/www.asimina-cbh.com\/fr\/wp-json\/wp\/v2\/comments?post=5580"}],"version-history":[{"count":18,"href":"https:\/\/www.asimina-cbh.com\/fr\/wp-json\/wp\/v2\/pages\/5580\/revisions"}],"predecessor-version":[{"id":15555,"href":"https:\/\/www.asimina-cbh.com\/fr\/wp-json\/wp\/v2\/pages\/5580\/revisions\/15555"}],"wp:featuredmedia":[{"embeddable":true,"href":"https:\/\/www.asimina-cbh.com\/fr\/wp-json\/wp\/v2\/media\/14265"}],"wp:attachment":[{"href":"https:\/\/www.asimina-cbh.com\/fr\/wp-json\/wp\/v2\/media?parent=5580"}],"curies":[{"name":"wp","href":"https:\/\/api.w.org\/{rel}","templated":true}]}}