{"id":7060,"date":"2022-07-04T16:10:37","date_gmt":"2022-07-04T13:10:37","guid":{"rendered":"https:\/\/www.asimina-cbh.com\/adults-only-holidays\/"},"modified":"2024-09-17T12:37:24","modified_gmt":"2024-09-17T09:37:24","slug":"hotel-pour-adultes-seulement-vacances-a-paphos","status":"publish","type":"page","link":"https:\/\/www.asimina-cbh.com\/fr\/hotel-pour-adultes-seulement-vacances-a-paphos\/","title":{"rendered":"Vacances pour adultes seulement"},"content":{"rendered":"<p>Le Constantinou Bros Hotels propose des vacances r\u00e9serv\u00e9es aux adultes dans un environnement relaxant et sans enfants, offrant l&rsquo;exp\u00e9rience ultime d&rsquo;un h\u00f4tel r\u00e9serv\u00e9 aux adultes \u00e0 Paphos.<br \/>\nAvec des journ\u00e9es paisibles au bord de la piscine et un programme de divertissements et de loisirs ax\u00e9 sur la cr\u00e9ation de vacances parfaites pour adultes, notre h\u00f4tel s&rsquo;adresse exclusivement aux adultes en qu\u00eate de tranquillit\u00e9 et de luxe.<br \/>\nLes h\u00f4tels Constantinou Bros sont r\u00e9put\u00e9s pour avoir d\u00e9velopp\u00e9 le concept de vacances pour adultes \u00e0 Paphos et proposent une gamme d&rsquo;h\u00f4tels adapt\u00e9s \u00e0 votre budget et \u00e0 vos besoins de vacances, vous assurant de trouver l&rsquo;h\u00f4tel pour adultes id\u00e9al pour votre s\u00e9jour \u00e0 Paphos.<br \/>\nL&rsquo;Asimina Suites Hotel est un exemple brillant, un h\u00f4tel 5 \u00e9toiles compos\u00e9 de suites et dot\u00e9 d&rsquo;<a href=\"https:\/\/www.asimina-cbh.com\/elixir-spa\/\">installations<\/a> h\u00f4teli\u00e8res et de <a href=\"https:\/\/www.asimina-cbh.com\/elixir-spa\/\">spa<\/a> luxueuses.<br \/>\nCette propri\u00e9t\u00e9 exquise s&rsquo;adresse exclusivement aux adultes exigeants qui appr\u00e9cient un environnement exclusif et vraiment tranquille pour une relaxation totale, \u00e9tablissant ainsi la norme pour les h\u00f4tels r\u00e9serv\u00e9s aux adultes \u00e0 Paphos.<br \/>\nSitu\u00e9 sur une magnifique plage de sable et entour\u00e9 de jardins matures et bien entretenus, il propose un large \u00e9ventail de<a href=\"https:\/\/www.asimina-cbh.com\/dining\/\"> possibilit\u00e9s de restauration \u00e0 l&rsquo;ext\u00e9rieur et \u00e0 l&rsquo;int\u00e9rieur<\/a>.<br \/>\nLa ville de Paphos n&rsquo;est qu&rsquo;\u00e0 2 kilom\u00e8tres, ce qui vous permet d&rsquo;explorer la ville tout en profitant de l&rsquo;isolement de cet h\u00f4tel r\u00e9serv\u00e9 aux adultes \u00e0 Paphos.<\/p>\n","protected":false},"excerpt":{"rendered":"<p>Le Constantinou Bros Hotels propose des vacances r\u00e9serv\u00e9es aux adultes dans un environnement relaxant et sans enfants, offrant l&rsquo;exp\u00e9rience ultime d&rsquo;un h\u00f4tel r\u00e9serv\u00e9 aux adultes \u00e0 Paphos. Avec des journ\u00e9es paisibles au bord de la piscine et un programme de divertissements et de loisirs ax\u00e9 sur la cr\u00e9ation de vacances parfaites pour adultes, notre h\u00f4tel<\/p>\n","protected":false},"author":100,"featured_media":15403,"parent":0,"menu_order":0,"comment_status":"closed","ping_status":"closed","template":"","meta":{"_acf_changed":false,"footnotes":""},"class_list":["post-7060","page","type-page","status-publish","has-post-thumbnail","hentry"],"acf":[],"yoast_head":"<!-- This site is optimized with the Yoast SEO plugin v27.5 - https:\/\/yoast.com\/product\/yoast-seo-wordpress\/ -->\n<title>H\u00f4tel pour adultes \u00e0 Paphos | Vacances sereines pour adultes \u00e0 Chypre<\/title>\n<meta name=\"description\" content=\"Faites l&#039;exp\u00e9rience d&#039;un luxe serein dans notre h\u00f4tel r\u00e9serv\u00e9 aux adultes \u00e0 Paphos, \u00e0 Chypre, l&#039;Asimina Suites Hotel by Constantinou Bros.\" \/>\n<meta name=\"robots\" content=\"index, follow, max-snippet:-1, max-image-preview:large, max-video-preview:-1\" \/>\n<link rel=\"canonical\" href=\"https:\/\/www.asimina-cbh.com\/fr\/hotel-pour-adultes-seulement-vacances-a-paphos\/\" \/>\n<meta property=\"og:locale\" content=\"fr_FR\" \/>\n<meta property=\"og:type\" content=\"article\" \/>\n<meta property=\"og:title\" content=\"H\u00f4tel pour adultes \u00e0 Paphos | Vacances sereines pour adultes \u00e0 Chypre\" \/>\n<meta property=\"og:description\" content=\"Faites l&#039;exp\u00e9rience d&#039;un luxe serein dans notre h\u00f4tel r\u00e9serv\u00e9 aux adultes \u00e0 Paphos, \u00e0 Chypre, l&#039;Asimina Suites Hotel by Constantinou Bros.\" \/>\n<meta property=\"og:url\" content=\"https:\/\/www.asimina-cbh.com\/fr\/hotel-pour-adultes-seulement-vacances-a-paphos\/\" \/>\n<meta property=\"og:site_name\" content=\"Asimina Suites Hotel\" \/>\n<meta property=\"article:modified_time\" content=\"2024-09-17T09:37:24+00:00\" \/>\n<meta property=\"og:image\" content=\"https:\/\/www.asimina-cbh.com\/app\/uploads\/sites\/31\/2022\/05\/42-ASIMINA-SUITES-HOTEL-PRIVATE-DINNER-BY-THE-BEACH-scaled.jpg\" \/>\n\t<meta property=\"og:image:width\" content=\"2560\" \/>\n\t<meta property=\"og:image:height\" content=\"1703\" \/>\n\t<meta property=\"og:image:type\" content=\"image\/jpeg\" \/>\n<meta name=\"twitter:card\" content=\"summary_large_image\" \/>\n<meta name=\"twitter:label1\" content=\"Dur\u00e9e de lecture estim\u00e9e\" \/>\n\t<meta name=\"twitter:data1\" content=\"2 minutes\" \/>\n<script type=\"application\/ld+json\" class=\"yoast-schema-graph\">{\"@context\":\"https:\\\/\\\/schema.org\",\"@graph\":[{\"@type\":\"WebPage\",\"@id\":\"https:\\\/\\\/www.asimina-cbh.com\\\/fr\\\/hotel-pour-adultes-seulement-vacances-a-paphos\\\/\",\"url\":\"https:\\\/\\\/www.asimina-cbh.com\\\/fr\\\/hotel-pour-adultes-seulement-vacances-a-paphos\\\/\",\"name\":\"H\u00f4tel pour adultes \u00e0 Paphos | Vacances sereines pour adultes \u00e0 Chypre\",\"isPartOf\":{\"@id\":\"https:\\\/\\\/www.asimina-cbh.com\\\/fr\\\/#website\"},\"primaryImageOfPage\":{\"@id\":\"https:\\\/\\\/www.asimina-cbh.com\\\/fr\\\/hotel-pour-adultes-seulement-vacances-a-paphos\\\/#primaryimage\"},\"image\":{\"@id\":\"https:\\\/\\\/www.asimina-cbh.com\\\/fr\\\/hotel-pour-adultes-seulement-vacances-a-paphos\\\/#primaryimage\"},\"thumbnailUrl\":\"https:\\\/\\\/www.asimina-cbh.com\\\/app\\\/uploads\\\/sites\\\/31\\\/2025\\\/10\\\/34-ASIMINA-SUITES-HOTEL-PRIVATE-DINNER-BY-THE-BEACH.jpg\",\"datePublished\":\"2022-07-04T13:10:37+00:00\",\"dateModified\":\"2024-09-17T09:37:24+00:00\",\"description\":\"Faites l'exp\u00e9rience d'un luxe serein dans notre h\u00f4tel r\u00e9serv\u00e9 aux adultes \u00e0 Paphos, \u00e0 Chypre, l'Asimina Suites Hotel by Constantinou Bros.\",\"breadcrumb\":{\"@id\":\"https:\\\/\\\/www.asimina-cbh.com\\\/fr\\\/hotel-pour-adultes-seulement-vacances-a-paphos\\\/#breadcrumb\"},\"inLanguage\":\"fr-FR\",\"potentialAction\":[{\"@type\":\"ReadAction\",\"target\":[\"https:\\\/\\\/www.asimina-cbh.com\\\/fr\\\/hotel-pour-adultes-seulement-vacances-a-paphos\\\/\"]}]},{\"@type\":\"ImageObject\",\"inLanguage\":\"fr-FR\",\"@id\":\"https:\\\/\\\/www.asimina-cbh.com\\\/fr\\\/hotel-pour-adultes-seulement-vacances-a-paphos\\\/#primaryimage\",\"url\":\"https:\\\/\\\/www.asimina-cbh.com\\\/app\\\/uploads\\\/sites\\\/31\\\/2025\\\/10\\\/34-ASIMINA-SUITES-HOTEL-PRIVATE-DINNER-BY-THE-BEACH.jpg\",\"contentUrl\":\"https:\\\/\\\/www.asimina-cbh.com\\\/app\\\/uploads\\\/sites\\\/31\\\/2025\\\/10\\\/34-ASIMINA-SUITES-HOTEL-PRIVATE-DINNER-BY-THE-BEACH.jpg\",\"width\":2500,\"height\":1664,\"caption\":\"ASIMINA-SUITES-HOTEL-PRIVATE-DINNER-BY-THE-BEACH\"},{\"@type\":\"BreadcrumbList\",\"@id\":\"https:\\\/\\\/www.asimina-cbh.com\\\/fr\\\/hotel-pour-adultes-seulement-vacances-a-paphos\\\/#breadcrumb\",\"itemListElement\":[{\"@type\":\"ListItem\",\"position\":1,\"name\":\"Home\",\"item\":\"https:\\\/\\\/www.asimina-cbh.com\\\/fr\\\/\"},{\"@type\":\"ListItem\",\"position\":2,\"name\":\"Vacances pour adultes seulement\"}]},{\"@type\":\"WebSite\",\"@id\":\"https:\\\/\\\/www.asimina-cbh.com\\\/fr\\\/#website\",\"url\":\"https:\\\/\\\/www.asimina-cbh.com\\\/fr\\\/\",\"name\":\"Asimina Suites Hotel\",\"description\":\"Constantinou Bros Asimina Suites Hotel, 4 star hotel in Paphos Cyprus\",\"potentialAction\":[{\"@type\":\"SearchAction\",\"target\":{\"@type\":\"EntryPoint\",\"urlTemplate\":\"https:\\\/\\\/www.asimina-cbh.com\\\/fr\\\/?s={search_term_string}\"},\"query-input\":{\"@type\":\"PropertyValueSpecification\",\"valueRequired\":true,\"valueName\":\"search_term_string\"}}],\"inLanguage\":\"fr-FR\"}]}<\/script>\n<!-- \/ Yoast SEO plugin. -->","yoast_head_json":{"title":"H\u00f4tel pour adultes \u00e0 Paphos | Vacances sereines pour adultes \u00e0 Chypre","description":"Faites l'exp\u00e9rience d'un luxe serein dans notre h\u00f4tel r\u00e9serv\u00e9 aux adultes \u00e0 Paphos, \u00e0 Chypre, l'Asimina Suites Hotel by Constantinou Bros.","robots":{"index":"index","follow":"follow","max-snippet":"max-snippet:-1","max-image-preview":"max-image-preview:large","max-video-preview":"max-video-preview:-1"},"canonical":"https:\/\/www.asimina-cbh.com\/fr\/hotel-pour-adultes-seulement-vacances-a-paphos\/","og_locale":"fr_FR","og_type":"article","og_title":"H\u00f4tel pour adultes \u00e0 Paphos | Vacances sereines pour adultes \u00e0 Chypre","og_description":"Faites l'exp\u00e9rience d'un luxe serein dans notre h\u00f4tel r\u00e9serv\u00e9 aux adultes \u00e0 Paphos, \u00e0 Chypre, l'Asimina Suites Hotel by Constantinou Bros.","og_url":"https:\/\/www.asimina-cbh.com\/fr\/hotel-pour-adultes-seulement-vacances-a-paphos\/","og_site_name":"Asimina Suites Hotel","article_modified_time":"2024-09-17T09:37:24+00:00","og_image":[{"width":2560,"height":1703,"url":"https:\/\/www.asimina-cbh.com\/app\/uploads\/sites\/31\/2022\/05\/42-ASIMINA-SUITES-HOTEL-PRIVATE-DINNER-BY-THE-BEACH-scaled.jpg","type":"image\/jpeg"}],"twitter_card":"summary_large_image","twitter_misc":{"Dur\u00e9e de lecture estim\u00e9e":"2 minutes"},"schema":{"@context":"https:\/\/schema.org","@graph":[{"@type":"WebPage","@id":"https:\/\/www.asimina-cbh.com\/fr\/hotel-pour-adultes-seulement-vacances-a-paphos\/","url":"https:\/\/www.asimina-cbh.com\/fr\/hotel-pour-adultes-seulement-vacances-a-paphos\/","name":"H\u00f4tel pour adultes \u00e0 Paphos | Vacances sereines pour adultes \u00e0 Chypre","isPartOf":{"@id":"https:\/\/www.asimina-cbh.com\/fr\/#website"},"primaryImageOfPage":{"@id":"https:\/\/www.asimina-cbh.com\/fr\/hotel-pour-adultes-seulement-vacances-a-paphos\/#primaryimage"},"image":{"@id":"https:\/\/www.asimina-cbh.com\/fr\/hotel-pour-adultes-seulement-vacances-a-paphos\/#primaryimage"},"thumbnailUrl":"https:\/\/www.asimina-cbh.com\/app\/uploads\/sites\/31\/2025\/10\/34-ASIMINA-SUITES-HOTEL-PRIVATE-DINNER-BY-THE-BEACH.jpg","datePublished":"2022-07-04T13:10:37+00:00","dateModified":"2024-09-17T09:37:24+00:00","description":"Faites l'exp\u00e9rience d'un luxe serein dans notre h\u00f4tel r\u00e9serv\u00e9 aux adultes \u00e0 Paphos, \u00e0 Chypre, l'Asimina Suites Hotel by Constantinou Bros.","breadcrumb":{"@id":"https:\/\/www.asimina-cbh.com\/fr\/hotel-pour-adultes-seulement-vacances-a-paphos\/#breadcrumb"},"inLanguage":"fr-FR","potentialAction":[{"@type":"ReadAction","target":["https:\/\/www.asimina-cbh.com\/fr\/hotel-pour-adultes-seulement-vacances-a-paphos\/"]}]},{"@type":"ImageObject","inLanguage":"fr-FR","@id":"https:\/\/www.asimina-cbh.com\/fr\/hotel-pour-adultes-seulement-vacances-a-paphos\/#primaryimage","url":"https:\/\/www.asimina-cbh.com\/app\/uploads\/sites\/31\/2025\/10\/34-ASIMINA-SUITES-HOTEL-PRIVATE-DINNER-BY-THE-BEACH.jpg","contentUrl":"https:\/\/www.asimina-cbh.com\/app\/uploads\/sites\/31\/2025\/10\/34-ASIMINA-SUITES-HOTEL-PRIVATE-DINNER-BY-THE-BEACH.jpg","width":2500,"height":1664,"caption":"ASIMINA-SUITES-HOTEL-PRIVATE-DINNER-BY-THE-BEACH"},{"@type":"BreadcrumbList","@id":"https:\/\/www.asimina-cbh.com\/fr\/hotel-pour-adultes-seulement-vacances-a-paphos\/#breadcrumb","itemListElement":[{"@type":"ListItem","position":1,"name":"Home","item":"https:\/\/www.asimina-cbh.com\/fr\/"},{"@type":"ListItem","position":2,"name":"Vacances pour adultes seulement"}]},{"@type":"WebSite","@id":"https:\/\/www.asimina-cbh.com\/fr\/#website","url":"https:\/\/www.asimina-cbh.com\/fr\/","name":"Asimina Suites Hotel","description":"Constantinou Bros Asimina Suites Hotel, 4 star hotel in Paphos Cyprus","potentialAction":[{"@type":"SearchAction","target":{"@type":"EntryPoint","urlTemplate":"https:\/\/www.asimina-cbh.com\/fr\/?s={search_term_string}"},"query-input":{"@type":"PropertyValueSpecification","valueRequired":true,"valueName":"search_term_string"}}],"inLanguage":"fr-FR"}]}},"_links":{"self":[{"href":"https:\/\/www.asimina-cbh.com\/fr\/wp-json\/wp\/v2\/pages\/7060","targetHints":{"allow":["GET"]}}],"collection":[{"href":"https:\/\/www.asimina-cbh.com\/fr\/wp-json\/wp\/v2\/pages"}],"about":[{"href":"https:\/\/www.asimina-cbh.com\/fr\/wp-json\/wp\/v2\/types\/page"}],"author":[{"embeddable":true,"href":"https:\/\/www.asimina-cbh.com\/fr\/wp-json\/wp\/v2\/users\/100"}],"replies":[{"embeddable":true,"href":"https:\/\/www.asimina-cbh.com\/fr\/wp-json\/wp\/v2\/comments?post=7060"}],"version-history":[{"count":5,"href":"https:\/\/www.asimina-cbh.com\/fr\/wp-json\/wp\/v2\/pages\/7060\/revisions"}],"predecessor-version":[{"id":12951,"href":"https:\/\/www.asimina-cbh.com\/fr\/wp-json\/wp\/v2\/pages\/7060\/revisions\/12951"}],"wp:featuredmedia":[{"embeddable":true,"href":"https:\/\/www.asimina-cbh.com\/fr\/wp-json\/wp\/v2\/media\/15403"}],"wp:attachment":[{"href":"https:\/\/www.asimina-cbh.com\/fr\/wp-json\/wp\/v2\/media?parent=7060"}],"curies":[{"name":"wp","href":"https:\/\/api.w.org\/{rel}","templated":true}]}}