{"id":7767,"date":"2022-07-11T11:09:27","date_gmt":"2022-07-11T08:09:27","guid":{"rendered":"https:\/\/www.asimina-cbh.com\/adults-only-holidays\/"},"modified":"2024-09-17T12:59:06","modified_gmt":"2024-09-17T09:59:06","slug":"hotel-per-soli-adulti-paphos-vacanze","status":"publish","type":"page","link":"https:\/\/www.asimina-cbh.com\/it\/hotel-per-soli-adulti-paphos-vacanze\/","title":{"rendered":"Vacanze per soli adulti"},"content":{"rendered":"<p>Constantinou Bros Hotels offre vacanze per soli adulti in un ambiente rilassante e privo di bambini, offrendo un&#8217;esperienza alberghiera per soli adulti a Paphos. Con giornate tranquille a bordo piscina e un programma di intrattenimento e svago incentrato sulla creazione di una vacanza perfetta per soli adulti, il nostro hotel si rivolge esclusivamente agli adulti in cerca di tranquillit\u00e0 e lusso. I Constantinou Bros Hotels sono rinomati per aver sviluppato il concetto di vacanze per soli adulti a Paphos e offrono una gamma di hotel adatti al suo budget e alle sue esigenze di vacanza, assicurandole di trovare l&#8217;hotel per soli adulti a Paphos perfetto per il suo soggiorno. L&#8217;Hotel Asimina Suites ne \u00e8 un esempio lampante, un hotel 5 stelle con tutte le suite e con <a href=\"https:\/\/www.asimina-cbh.com\/elixir-spa\/\">strutture<\/a> alberghiere e <a href=\"https:\/\/www.asimina-cbh.com\/elixir-spa\/\">termali<\/a> di lusso. Questa squisita struttura si rivolge esclusivamente ad adulti esigenti che apprezzano un ambiente esclusivo e veramente tranquillo per un relax totale, stabilendo lo standard degli hotel per soli adulti a Paphos. Situato su una splendida spiaggia sabbiosa e circondato da giardini maturi e ben curati, offre una vasta gamma di<a href=\"https:\/\/www.asimina-cbh.com\/dining\/\"> opzioni di ristorazione all&#8217;aperto e al chiuso<\/a>. La citt\u00e0 di Paphos \u00e8 comodamente a soli 2 chilometri di distanza, consentendole di esplorare la citt\u00e0 pur godendo dell&#8217;isolamento del nostro rifugio per soli adulti a Paphos.<\/p>\n","protected":false},"excerpt":{"rendered":"<p>Constantinou Bros Hotels offre vacanze per soli adulti in un ambiente rilassante e privo di bambini, offrendo un&#8217;esperienza alberghiera per soli adulti a Paphos. Con giornate tranquille a bordo piscina e un programma di intrattenimento e svago incentrato sulla creazione di una vacanza perfetta per soli adulti, il nostro hotel si rivolge esclusivamente agli adulti<\/p>\n","protected":false},"author":100,"featured_media":15406,"parent":0,"menu_order":0,"comment_status":"closed","ping_status":"closed","template":"","meta":{"_acf_changed":false,"footnotes":""},"class_list":["post-7767","page","type-page","status-publish","has-post-thumbnail","hentry"],"acf":[],"yoast_head":"<!-- This site is optimized with the Yoast SEO plugin v27.3 - https:\/\/yoast.com\/product\/yoast-seo-wordpress\/ -->\n<title>Hotel per soli adulti a Paphos | Serene vacanze per soli adulti a Cipro<\/title>\n<meta name=\"description\" content=\"Sperimenti il lusso sereno nel nostro hotel per soli adulti a Paphos, Cipro, l&#039;Asimina Suites Hotel by Constantinou Bros.\" \/>\n<meta name=\"robots\" content=\"index, follow, max-snippet:-1, max-image-preview:large, max-video-preview:-1\" \/>\n<link rel=\"canonical\" href=\"https:\/\/www.asimina-cbh.com\/it\/hotel-per-soli-adulti-paphos-vacanze\/\" \/>\n<meta property=\"og:locale\" content=\"it_IT\" \/>\n<meta property=\"og:type\" content=\"article\" \/>\n<meta property=\"og:title\" content=\"Hotel per soli adulti a Paphos | Serene vacanze per soli adulti a Cipro\" \/>\n<meta property=\"og:description\" content=\"Sperimenti il lusso sereno nel nostro hotel per soli adulti a Paphos, Cipro, l&#039;Asimina Suites Hotel by Constantinou Bros.\" \/>\n<meta property=\"og:url\" content=\"https:\/\/www.asimina-cbh.com\/it\/hotel-per-soli-adulti-paphos-vacanze\/\" \/>\n<meta property=\"og:site_name\" content=\"Asimina Suites Hotel\" \/>\n<meta property=\"article:modified_time\" content=\"2024-09-17T09:59:06+00:00\" \/>\n<meta property=\"og:image\" content=\"https:\/\/www.asimina-cbh.com\/app\/uploads\/sites\/31\/2022\/05\/42-ASIMINA-SUITES-HOTEL-PRIVATE-DINNER-BY-THE-BEACH-scaled.jpg\" \/>\n\t<meta property=\"og:image:width\" content=\"2560\" \/>\n\t<meta property=\"og:image:height\" content=\"1703\" \/>\n\t<meta property=\"og:image:type\" content=\"image\/jpeg\" \/>\n<meta name=\"twitter:card\" content=\"summary_large_image\" \/>\n<meta name=\"twitter:label1\" content=\"Tempo di lettura stimato\" \/>\n\t<meta name=\"twitter:data1\" content=\"2 minuti\" \/>\n<script type=\"application\/ld+json\" class=\"yoast-schema-graph\">{\"@context\":\"https:\\\/\\\/schema.org\",\"@graph\":[{\"@type\":\"WebPage\",\"@id\":\"https:\\\/\\\/www.asimina-cbh.com\\\/it\\\/hotel-per-soli-adulti-paphos-vacanze\\\/\",\"url\":\"https:\\\/\\\/www.asimina-cbh.com\\\/it\\\/hotel-per-soli-adulti-paphos-vacanze\\\/\",\"name\":\"Hotel per soli adulti a Paphos | Serene vacanze per soli adulti a Cipro\",\"isPartOf\":{\"@id\":\"https:\\\/\\\/www.asimina-cbh.com\\\/it\\\/#website\"},\"primaryImageOfPage\":{\"@id\":\"https:\\\/\\\/www.asimina-cbh.com\\\/it\\\/hotel-per-soli-adulti-paphos-vacanze\\\/#primaryimage\"},\"image\":{\"@id\":\"https:\\\/\\\/www.asimina-cbh.com\\\/it\\\/hotel-per-soli-adulti-paphos-vacanze\\\/#primaryimage\"},\"thumbnailUrl\":\"https:\\\/\\\/www.asimina-cbh.com\\\/app\\\/uploads\\\/sites\\\/31\\\/2025\\\/10\\\/34-ASIMINA-SUITES-HOTEL-PRIVATE-DINNER-BY-THE-BEACH.jpg\",\"datePublished\":\"2022-07-11T08:09:27+00:00\",\"dateModified\":\"2024-09-17T09:59:06+00:00\",\"description\":\"Sperimenti il lusso sereno nel nostro hotel per soli adulti a Paphos, Cipro, l'Asimina Suites Hotel by Constantinou Bros.\",\"breadcrumb\":{\"@id\":\"https:\\\/\\\/www.asimina-cbh.com\\\/it\\\/hotel-per-soli-adulti-paphos-vacanze\\\/#breadcrumb\"},\"inLanguage\":\"it-IT\",\"potentialAction\":[{\"@type\":\"ReadAction\",\"target\":[\"https:\\\/\\\/www.asimina-cbh.com\\\/it\\\/hotel-per-soli-adulti-paphos-vacanze\\\/\"]}]},{\"@type\":\"ImageObject\",\"inLanguage\":\"it-IT\",\"@id\":\"https:\\\/\\\/www.asimina-cbh.com\\\/it\\\/hotel-per-soli-adulti-paphos-vacanze\\\/#primaryimage\",\"url\":\"https:\\\/\\\/www.asimina-cbh.com\\\/app\\\/uploads\\\/sites\\\/31\\\/2025\\\/10\\\/34-ASIMINA-SUITES-HOTEL-PRIVATE-DINNER-BY-THE-BEACH.jpg\",\"contentUrl\":\"https:\\\/\\\/www.asimina-cbh.com\\\/app\\\/uploads\\\/sites\\\/31\\\/2025\\\/10\\\/34-ASIMINA-SUITES-HOTEL-PRIVATE-DINNER-BY-THE-BEACH.jpg\",\"width\":2500,\"height\":1664,\"caption\":\"ASIMINA-SUITES-HOTEL-PRIVATE-DINNER-BY-THE-BEACH\"},{\"@type\":\"BreadcrumbList\",\"@id\":\"https:\\\/\\\/www.asimina-cbh.com\\\/it\\\/hotel-per-soli-adulti-paphos-vacanze\\\/#breadcrumb\",\"itemListElement\":[{\"@type\":\"ListItem\",\"position\":1,\"name\":\"Home\",\"item\":\"https:\\\/\\\/www.asimina-cbh.com\\\/it\\\/\"},{\"@type\":\"ListItem\",\"position\":2,\"name\":\"Vacanze per soli adulti\"}]},{\"@type\":\"WebSite\",\"@id\":\"https:\\\/\\\/www.asimina-cbh.com\\\/it\\\/#website\",\"url\":\"https:\\\/\\\/www.asimina-cbh.com\\\/it\\\/\",\"name\":\"Asimina Suites Hotel\",\"description\":\"Constantinou Bros Asimina Suites Hotel, 4 star hotel in Paphos Cyprus\",\"potentialAction\":[{\"@type\":\"SearchAction\",\"target\":{\"@type\":\"EntryPoint\",\"urlTemplate\":\"https:\\\/\\\/www.asimina-cbh.com\\\/it\\\/?s={search_term_string}\"},\"query-input\":{\"@type\":\"PropertyValueSpecification\",\"valueRequired\":true,\"valueName\":\"search_term_string\"}}],\"inLanguage\":\"it-IT\"}]}<\/script>\n<!-- \/ Yoast SEO plugin. -->","yoast_head_json":{"title":"Hotel per soli adulti a Paphos | Serene vacanze per soli adulti a Cipro","description":"Sperimenti il lusso sereno nel nostro hotel per soli adulti a Paphos, Cipro, l'Asimina Suites Hotel by Constantinou Bros.","robots":{"index":"index","follow":"follow","max-snippet":"max-snippet:-1","max-image-preview":"max-image-preview:large","max-video-preview":"max-video-preview:-1"},"canonical":"https:\/\/www.asimina-cbh.com\/it\/hotel-per-soli-adulti-paphos-vacanze\/","og_locale":"it_IT","og_type":"article","og_title":"Hotel per soli adulti a Paphos | Serene vacanze per soli adulti a Cipro","og_description":"Sperimenti il lusso sereno nel nostro hotel per soli adulti a Paphos, Cipro, l'Asimina Suites Hotel by Constantinou Bros.","og_url":"https:\/\/www.asimina-cbh.com\/it\/hotel-per-soli-adulti-paphos-vacanze\/","og_site_name":"Asimina Suites Hotel","article_modified_time":"2024-09-17T09:59:06+00:00","og_image":[{"width":2560,"height":1703,"url":"https:\/\/www.asimina-cbh.com\/app\/uploads\/sites\/31\/2022\/05\/42-ASIMINA-SUITES-HOTEL-PRIVATE-DINNER-BY-THE-BEACH-scaled.jpg","type":"image\/jpeg"}],"twitter_card":"summary_large_image","twitter_misc":{"Tempo di lettura stimato":"2 minuti"},"schema":{"@context":"https:\/\/schema.org","@graph":[{"@type":"WebPage","@id":"https:\/\/www.asimina-cbh.com\/it\/hotel-per-soli-adulti-paphos-vacanze\/","url":"https:\/\/www.asimina-cbh.com\/it\/hotel-per-soli-adulti-paphos-vacanze\/","name":"Hotel per soli adulti a Paphos | Serene vacanze per soli adulti a Cipro","isPartOf":{"@id":"https:\/\/www.asimina-cbh.com\/it\/#website"},"primaryImageOfPage":{"@id":"https:\/\/www.asimina-cbh.com\/it\/hotel-per-soli-adulti-paphos-vacanze\/#primaryimage"},"image":{"@id":"https:\/\/www.asimina-cbh.com\/it\/hotel-per-soli-adulti-paphos-vacanze\/#primaryimage"},"thumbnailUrl":"https:\/\/www.asimina-cbh.com\/app\/uploads\/sites\/31\/2025\/10\/34-ASIMINA-SUITES-HOTEL-PRIVATE-DINNER-BY-THE-BEACH.jpg","datePublished":"2022-07-11T08:09:27+00:00","dateModified":"2024-09-17T09:59:06+00:00","description":"Sperimenti il lusso sereno nel nostro hotel per soli adulti a Paphos, Cipro, l'Asimina Suites Hotel by Constantinou Bros.","breadcrumb":{"@id":"https:\/\/www.asimina-cbh.com\/it\/hotel-per-soli-adulti-paphos-vacanze\/#breadcrumb"},"inLanguage":"it-IT","potentialAction":[{"@type":"ReadAction","target":["https:\/\/www.asimina-cbh.com\/it\/hotel-per-soli-adulti-paphos-vacanze\/"]}]},{"@type":"ImageObject","inLanguage":"it-IT","@id":"https:\/\/www.asimina-cbh.com\/it\/hotel-per-soli-adulti-paphos-vacanze\/#primaryimage","url":"https:\/\/www.asimina-cbh.com\/app\/uploads\/sites\/31\/2025\/10\/34-ASIMINA-SUITES-HOTEL-PRIVATE-DINNER-BY-THE-BEACH.jpg","contentUrl":"https:\/\/www.asimina-cbh.com\/app\/uploads\/sites\/31\/2025\/10\/34-ASIMINA-SUITES-HOTEL-PRIVATE-DINNER-BY-THE-BEACH.jpg","width":2500,"height":1664,"caption":"ASIMINA-SUITES-HOTEL-PRIVATE-DINNER-BY-THE-BEACH"},{"@type":"BreadcrumbList","@id":"https:\/\/www.asimina-cbh.com\/it\/hotel-per-soli-adulti-paphos-vacanze\/#breadcrumb","itemListElement":[{"@type":"ListItem","position":1,"name":"Home","item":"https:\/\/www.asimina-cbh.com\/it\/"},{"@type":"ListItem","position":2,"name":"Vacanze per soli adulti"}]},{"@type":"WebSite","@id":"https:\/\/www.asimina-cbh.com\/it\/#website","url":"https:\/\/www.asimina-cbh.com\/it\/","name":"Asimina Suites Hotel","description":"Constantinou Bros Asimina Suites Hotel, 4 star hotel in Paphos Cyprus","potentialAction":[{"@type":"SearchAction","target":{"@type":"EntryPoint","urlTemplate":"https:\/\/www.asimina-cbh.com\/it\/?s={search_term_string}"},"query-input":{"@type":"PropertyValueSpecification","valueRequired":true,"valueName":"search_term_string"}}],"inLanguage":"it-IT"}]}},"_links":{"self":[{"href":"https:\/\/www.asimina-cbh.com\/it\/wp-json\/wp\/v2\/pages\/7767","targetHints":{"allow":["GET"]}}],"collection":[{"href":"https:\/\/www.asimina-cbh.com\/it\/wp-json\/wp\/v2\/pages"}],"about":[{"href":"https:\/\/www.asimina-cbh.com\/it\/wp-json\/wp\/v2\/types\/page"}],"author":[{"embeddable":true,"href":"https:\/\/www.asimina-cbh.com\/it\/wp-json\/wp\/v2\/users\/100"}],"replies":[{"embeddable":true,"href":"https:\/\/www.asimina-cbh.com\/it\/wp-json\/wp\/v2\/comments?post=7767"}],"version-history":[{"count":3,"href":"https:\/\/www.asimina-cbh.com\/it\/wp-json\/wp\/v2\/pages\/7767\/revisions"}],"predecessor-version":[{"id":14562,"href":"https:\/\/www.asimina-cbh.com\/it\/wp-json\/wp\/v2\/pages\/7767\/revisions\/14562"}],"wp:featuredmedia":[{"embeddable":true,"href":"https:\/\/www.asimina-cbh.com\/it\/wp-json\/wp\/v2\/media\/15406"}],"wp:attachment":[{"href":"https:\/\/www.asimina-cbh.com\/it\/wp-json\/wp\/v2\/media?parent=7767"}],"curies":[{"name":"wp","href":"https:\/\/api.w.org\/{rel}","templated":true}]}}