{"id":7770,"date":"2022-07-11T11:12:44","date_gmt":"2022-07-11T08:12:44","guid":{"rendered":"https:\/\/www.asimina-cbh.com\/constantinou-bros-announces-the-reopening-of-all-hotels\/"},"modified":"2024-09-17T12:58:30","modified_gmt":"2024-09-17T09:58:30","slug":"constantinou-bros-announces-the-reopening-of-all-hotels","status":"publish","type":"page","link":"https:\/\/www.asimina-cbh.com\/it\/news\/constantinou-bros-announces-the-reopening-of-all-hotels\/","title":{"rendered":"Riapertura degli hotel Constantinou Bros"},"content":{"rendered":"<p>La Constantinou Bros Hotels ha il piacere di annunciare la riapertura di tutti i suoi hotel. Indubbiamente \u00e8 stata una situazione difficile per l&#8217;intero pianeta, ma le misure rigorose adottate immediatamente dal governo cipriota e il contributo di tutti nel rispettarle hanno dato rapidamente i loro frutti. L&#8217;Organizzazione Mondiale della Sanit\u00e0 ha annunciato ufficialmente che Cipro \u00e8 &#8220;il Paese mediterraneo pi\u00f9 sicuro e il quinto Paese pi\u00f9 sicuro al mondo&#8221;. Avendo gi\u00e0 attraversato tre fasi di graduale allentamento delle misure restrittive, Cipro si trova ora nella posizione privilegiata di poter vantare l&#8217;apertura e il funzionamento di aeroporti, hotel, trasporti pubblici, taxi, siti archeologici, musei, ristoranti, bar e centri commerciali. Nei nostri hotel la priorit\u00e0 assoluta \u00e8 sempre stata la sicurezza, la salute e il benessere dei nostri stimati ospiti. Con la comparsa della pandemia di Covid-19, ci\u00f2 che \u00e8 cambiato nei processi che abbiamo sempre seguito \u00e8 che abbiamo potenziato e massimizzato le misure igieniche e di sicurezza, sulla base dei protocolli che ci sono stati presentati dagli organismi ufficiali sottostanti e anche da consulenti, ai quali abbiamo affidato lo sviluppo dei nuovi processi operativi e la formazione del nostro personale:<\/p>\n<ul>\n<li>Ministero della Salute di Cipro<\/li>\n<li>Centro europeo per la prevenzione e il controllo delle malattie (ECDC)<\/li>\n<li>Organizzazione Mondiale della Sanit\u00e0<\/li>\n<\/ul>\n<p>Comprendiamo che le misure igieniche e di allontanamento sociale interessano tutti i viaggiatori, ma vogliamo assicurarvi che abbiamo adottato, e continueremo ad adottare, tutte le misure necessarie per la protezione dei nostri ospiti e del nostro personale, di cui riportiamo indicativamente i punti salienti:<\/p>\n<ul>\n<li>Mantenere l&#8217;occupazione dell&#8217;hotel a un livello sicuro.<\/li>\n<li>Adattare il funzionamento dell&#8217;hotel per garantire il rispetto delle distanze sufficienti.<\/li>\n<li>Postazioni per la sanificazione delle mani in tutte le aree per gli ospiti e il personale<\/li>\n<li>Pannelli di divisione trasparenti tra dipendenti e ospiti alla reception e nei minimarket<\/li>\n<li>Indossare costantemente i Dispositivi di Protezione Individuale da parte di tutto il personale (mascherina, guanti) e in tutti i punti del servizio.<\/li>\n<li>Il check-in online \u00e8 incoraggiato<\/li>\n<li>Tutti i punti vendita funzionano senza contanti (solo pagamento in camera o con carta di credito).<\/li>\n<li>Disinfezione e trasferimento dei bagagli degli ospiti da parte del nostro personale all&#8217;esterno della camera, salvo diversa richiesta dell&#8217;ospite<\/li>\n<li>Dopo la partenza, tutte le camere vengono pulite, arieggiate e disinfettate a fondo e offerte al nuovo arrivato dopo un minimo di due ore.<\/li>\n<li>Copriletto, cuscini aggiuntivi, coperte, men\u00f9, riviste e fogli informativi rimossi dalle camere (disponibili su richiesta)<\/li>\n<li>Tutte le aree, i tavoli, le sedie, i lettini e le superfici ad alto contatto (maniglie, pulsanti dell&#8217;ascensore, maniglie, rubinetti) sono costantemente disinfettati e igienizzati.<\/li>\n<li>Distanza di sicurezza di 3 m<sup>2<\/sup> per ospite nei ristoranti e nei bar e pasti offerti sia nei ristoranti che &#8211; tempo permettendo &#8211; all&#8217;aperto.<\/li>\n<li>Gli ospiti continueranno ad avere a disposizione una variet\u00e0 di opzioni per la ristorazione, tra cui buffet, menu fisso e \u00e0 la carte, mentre i ristoranti saranno aperti gradualmente in base all&#8217;occupazione dell&#8217;hotel.<\/li>\n<li>In spiaggia e nelle piscine rispettare rigorosamente la distanza di sicurezza di 4 metri tra gli ombrelloni; ogni ombrellone e set di due lettini \u00e8 posto a una distanza di 2 metri.<\/li>\n<li>Consenso di 1 persona per 5m<sup>2<\/sup> di acqua nelle piscine<\/li>\n<li>Sport, palestre, saloni di parrucchieri, centri benessere &#8211; operano solo sulla base dei protocolli<\/li>\n<li>Controlli continui e rigorosi da parte dei nostri team dedicati per quanto riguarda la conformit\u00e0 e l&#8217;attuazione di tutte le misure e i protocolli per la vostra igiene e sicurezza.<\/li>\n<\/ul>\n<p>&nbsp;<\/p>\n<p style=\"text-align: center;\"><strong>I nostri hotel riapriranno nelle seguenti date:<\/strong><\/p>\n<p style=\"text-align: center;\">TUI BLUE PIONEER BEACH HOTEL 28\/06\/2020<\/p>\n<p style=\"text-align: center;\">CONSTANTINOU BROS ATHENA BEACH HOTEL 01\/08\/2020<\/p>\n<p style=\"text-align: center;\">CONSTANTINOU BROS ATHENA ROYAL BEACH HOTEL 01\/08\/2020<\/p>\n<p style=\"text-align: center;\">CONSTANTINOU BROS ASIMINA SUITES HOTEL 02\/07\/2020<\/p>\n<p>\u00a0 La preghiamo di contattare il suo consulente di viaggio per conoscere le nostre offerte speciali o di visitare la nostra pagina web. <a href=\"http:\/\/www.cbh-cyprus.com\">www.cbh-cyprus.com<\/a> Ci auguriamo di riabbracciarvi al pi\u00f9 presto e di offrirvi vacanze indimenticabili ai livelli di ospitalit\u00e0 a cui siete abituati e che avete imparato ad apprezzare in tutti questi anni, arricchite da una cura ancora maggiore per voi e per i vostri cari.<\/p>\n","protected":false},"excerpt":{"rendered":"<p>La Constantinou Bros Hotels ha il piacere di annunciare la riapertura di tutti i suoi hotel. Indubbiamente \u00e8 stata una situazione difficile per l&#8217;intero pianeta, ma le misure rigorose adottate immediatamente dal governo cipriota e il contributo di tutti nel rispettarle hanno dato rapidamente i loro frutti. L&#8217;Organizzazione Mondiale della Sanit\u00e0 ha annunciato ufficialmente che<\/p>\n","protected":false},"author":1,"featured_media":0,"parent":7821,"menu_order":0,"comment_status":"closed","ping_status":"closed","template":"","meta":{"_acf_changed":false,"footnotes":""},"class_list":["post-7770","page","type-page","status-publish","hentry"],"acf":[],"yoast_head":"<!-- This site is optimized with the Yoast SEO plugin v27.5 - https:\/\/yoast.com\/product\/yoast-seo-wordpress\/ -->\n<title>Riapertura degli hotel Constantinou Bros - Asimina Suites Hotel<\/title>\n<meta name=\"robots\" content=\"index, follow, max-snippet:-1, max-image-preview:large, max-video-preview:-1\" \/>\n<link rel=\"canonical\" href=\"https:\/\/www.asimina-cbh.com\/it\/news\/constantinou-bros-announces-the-reopening-of-all-hotels\/\" \/>\n<meta property=\"og:locale\" content=\"it_IT\" \/>\n<meta property=\"og:type\" content=\"article\" \/>\n<meta property=\"og:title\" content=\"Riapertura degli hotel Constantinou Bros - Asimina Suites Hotel\" \/>\n<meta property=\"og:description\" content=\"La Constantinou Bros Hotels ha il piacere di annunciare la riapertura di tutti i suoi hotel. Indubbiamente \u00e8 stata una situazione difficile per l&#8217;intero pianeta, ma le misure rigorose adottate immediatamente dal governo cipriota e il contributo di tutti nel rispettarle hanno dato rapidamente i loro frutti. L&#8217;Organizzazione Mondiale della Sanit\u00e0 ha annunciato ufficialmente che\" \/>\n<meta property=\"og:url\" content=\"https:\/\/www.asimina-cbh.com\/it\/news\/constantinou-bros-announces-the-reopening-of-all-hotels\/\" \/>\n<meta property=\"og:site_name\" content=\"Asimina Suites Hotel\" \/>\n<meta property=\"article:modified_time\" content=\"2024-09-17T09:58:30+00:00\" \/>\n<meta name=\"twitter:card\" content=\"summary_large_image\" \/>\n<meta name=\"twitter:label1\" content=\"Tempo di lettura stimato\" \/>\n\t<meta name=\"twitter:data1\" content=\"4 minuti\" \/>\n<script type=\"application\/ld+json\" class=\"yoast-schema-graph\">{\"@context\":\"https:\\\/\\\/schema.org\",\"@graph\":[{\"@type\":\"WebPage\",\"@id\":\"https:\\\/\\\/www.asimina-cbh.com\\\/it\\\/news\\\/constantinou-bros-announces-the-reopening-of-all-hotels\\\/\",\"url\":\"https:\\\/\\\/www.asimina-cbh.com\\\/it\\\/news\\\/constantinou-bros-announces-the-reopening-of-all-hotels\\\/\",\"name\":\"Riapertura degli hotel Constantinou Bros - Asimina Suites Hotel\",\"isPartOf\":{\"@id\":\"https:\\\/\\\/www.asimina-cbh.com\\\/it\\\/#website\"},\"datePublished\":\"2022-07-11T08:12:44+00:00\",\"dateModified\":\"2024-09-17T09:58:30+00:00\",\"breadcrumb\":{\"@id\":\"https:\\\/\\\/www.asimina-cbh.com\\\/it\\\/news\\\/constantinou-bros-announces-the-reopening-of-all-hotels\\\/#breadcrumb\"},\"inLanguage\":\"it-IT\",\"potentialAction\":[{\"@type\":\"ReadAction\",\"target\":[\"https:\\\/\\\/www.asimina-cbh.com\\\/it\\\/news\\\/constantinou-bros-announces-the-reopening-of-all-hotels\\\/\"]}]},{\"@type\":\"BreadcrumbList\",\"@id\":\"https:\\\/\\\/www.asimina-cbh.com\\\/it\\\/news\\\/constantinou-bros-announces-the-reopening-of-all-hotels\\\/#breadcrumb\",\"itemListElement\":[{\"@type\":\"ListItem\",\"position\":1,\"name\":\"Home\",\"item\":\"https:\\\/\\\/www.asimina-cbh.com\\\/it\\\/\"},{\"@type\":\"ListItem\",\"position\":2,\"name\":\"Notizie\",\"item\":\"https:\\\/\\\/www.asimina-cbh.com\\\/it\\\/news\\\/\"},{\"@type\":\"ListItem\",\"position\":3,\"name\":\"Riapertura degli hotel Constantinou Bros\"}]},{\"@type\":\"WebSite\",\"@id\":\"https:\\\/\\\/www.asimina-cbh.com\\\/it\\\/#website\",\"url\":\"https:\\\/\\\/www.asimina-cbh.com\\\/it\\\/\",\"name\":\"Asimina Suites Hotel\",\"description\":\"Constantinou Bros Asimina Suites Hotel, 4 star hotel in Paphos Cyprus\",\"potentialAction\":[{\"@type\":\"SearchAction\",\"target\":{\"@type\":\"EntryPoint\",\"urlTemplate\":\"https:\\\/\\\/www.asimina-cbh.com\\\/it\\\/?s={search_term_string}\"},\"query-input\":{\"@type\":\"PropertyValueSpecification\",\"valueRequired\":true,\"valueName\":\"search_term_string\"}}],\"inLanguage\":\"it-IT\"}]}<\/script>\n<!-- \/ Yoast SEO plugin. -->","yoast_head_json":{"title":"Riapertura degli hotel Constantinou Bros - Asimina Suites Hotel","robots":{"index":"index","follow":"follow","max-snippet":"max-snippet:-1","max-image-preview":"max-image-preview:large","max-video-preview":"max-video-preview:-1"},"canonical":"https:\/\/www.asimina-cbh.com\/it\/news\/constantinou-bros-announces-the-reopening-of-all-hotels\/","og_locale":"it_IT","og_type":"article","og_title":"Riapertura degli hotel Constantinou Bros - Asimina Suites Hotel","og_description":"La Constantinou Bros Hotels ha il piacere di annunciare la riapertura di tutti i suoi hotel. Indubbiamente \u00e8 stata una situazione difficile per l&#8217;intero pianeta, ma le misure rigorose adottate immediatamente dal governo cipriota e il contributo di tutti nel rispettarle hanno dato rapidamente i loro frutti. L&#8217;Organizzazione Mondiale della Sanit\u00e0 ha annunciato ufficialmente che","og_url":"https:\/\/www.asimina-cbh.com\/it\/news\/constantinou-bros-announces-the-reopening-of-all-hotels\/","og_site_name":"Asimina Suites Hotel","article_modified_time":"2024-09-17T09:58:30+00:00","twitter_card":"summary_large_image","twitter_misc":{"Tempo di lettura stimato":"4 minuti"},"schema":{"@context":"https:\/\/schema.org","@graph":[{"@type":"WebPage","@id":"https:\/\/www.asimina-cbh.com\/it\/news\/constantinou-bros-announces-the-reopening-of-all-hotels\/","url":"https:\/\/www.asimina-cbh.com\/it\/news\/constantinou-bros-announces-the-reopening-of-all-hotels\/","name":"Riapertura degli hotel Constantinou Bros - Asimina Suites Hotel","isPartOf":{"@id":"https:\/\/www.asimina-cbh.com\/it\/#website"},"datePublished":"2022-07-11T08:12:44+00:00","dateModified":"2024-09-17T09:58:30+00:00","breadcrumb":{"@id":"https:\/\/www.asimina-cbh.com\/it\/news\/constantinou-bros-announces-the-reopening-of-all-hotels\/#breadcrumb"},"inLanguage":"it-IT","potentialAction":[{"@type":"ReadAction","target":["https:\/\/www.asimina-cbh.com\/it\/news\/constantinou-bros-announces-the-reopening-of-all-hotels\/"]}]},{"@type":"BreadcrumbList","@id":"https:\/\/www.asimina-cbh.com\/it\/news\/constantinou-bros-announces-the-reopening-of-all-hotels\/#breadcrumb","itemListElement":[{"@type":"ListItem","position":1,"name":"Home","item":"https:\/\/www.asimina-cbh.com\/it\/"},{"@type":"ListItem","position":2,"name":"Notizie","item":"https:\/\/www.asimina-cbh.com\/it\/news\/"},{"@type":"ListItem","position":3,"name":"Riapertura degli hotel Constantinou Bros"}]},{"@type":"WebSite","@id":"https:\/\/www.asimina-cbh.com\/it\/#website","url":"https:\/\/www.asimina-cbh.com\/it\/","name":"Asimina Suites Hotel","description":"Constantinou Bros Asimina Suites Hotel, 4 star hotel in Paphos Cyprus","potentialAction":[{"@type":"SearchAction","target":{"@type":"EntryPoint","urlTemplate":"https:\/\/www.asimina-cbh.com\/it\/?s={search_term_string}"},"query-input":{"@type":"PropertyValueSpecification","valueRequired":true,"valueName":"search_term_string"}}],"inLanguage":"it-IT"}]}},"_links":{"self":[{"href":"https:\/\/www.asimina-cbh.com\/it\/wp-json\/wp\/v2\/pages\/7770","targetHints":{"allow":["GET"]}}],"collection":[{"href":"https:\/\/www.asimina-cbh.com\/it\/wp-json\/wp\/v2\/pages"}],"about":[{"href":"https:\/\/www.asimina-cbh.com\/it\/wp-json\/wp\/v2\/types\/page"}],"author":[{"embeddable":true,"href":"https:\/\/www.asimina-cbh.com\/it\/wp-json\/wp\/v2\/users\/1"}],"replies":[{"embeddable":true,"href":"https:\/\/www.asimina-cbh.com\/it\/wp-json\/wp\/v2\/comments?post=7770"}],"version-history":[{"count":3,"href":"https:\/\/www.asimina-cbh.com\/it\/wp-json\/wp\/v2\/pages\/7770\/revisions"}],"predecessor-version":[{"id":14557,"href":"https:\/\/www.asimina-cbh.com\/it\/wp-json\/wp\/v2\/pages\/7770\/revisions\/14557"}],"up":[{"embeddable":true,"href":"https:\/\/www.asimina-cbh.com\/it\/wp-json\/wp\/v2\/pages\/7821"}],"wp:attachment":[{"href":"https:\/\/www.asimina-cbh.com\/it\/wp-json\/wp\/v2\/media?parent=7770"}],"curies":[{"name":"wp","href":"https:\/\/api.w.org\/{rel}","templated":true}]}}