{"id":7772,"date":"2022-07-11T11:14:08","date_gmt":"2022-07-11T08:14:08","guid":{"rendered":"https:\/\/www.asimina-cbh.com\/covid-19-health-safety-measures\/"},"modified":"2024-09-23T14:17:48","modified_gmt":"2024-09-23T11:17:48","slug":"covid-19-health-safety-measures","status":"publish","type":"page","link":"https:\/\/www.asimina-cbh.com\/it\/covid-19-health-safety-measures\/","title":{"rendered":"COVID-19 Misure di salute e sicurezza"},"content":{"rendered":"<p><strong>Constantinou Bros annuncia la riapertura di tutti gli hotel<\/strong><\/p>\n<p>La Constantinou Bros Hotels ha il piacere di annunciare l&#8217;inizio della riapertura dei propri alberghi.<\/p>\n<p>Indubbiamente la situazione \u00e8 stata difficile per l&#8217;intero pianeta, ma le misure rigorose adottate immediatamente dal governo cipriota e il contributo di tutti nel rispettarle hanno dato rapidamente i loro frutti. L&#8217;Organizzazione Mondiale della Sanit\u00e0 ha annunciato ufficialmente che Cipro \u00e8 <strong>\u201cil Paese mediterraneo pi\u00f9 sicuro e il quinto Paese pi\u00f9 sicuro al mondo\u201d.<\/strong> Avendo gi\u00e0 attraversato tre fasi di graduale allentamento delle misure restrittive, Cipro \u00e8 ora nella posizione privilegiata di poter vantare l&#8217;apertura e l&#8217;operativit\u00e0 di aeroporti, hotel, trasporti pubblici, taxi, siti archeologici, musei, ristoranti, bar e centri commerciali.<\/p>\n<p>Nei nostri hotel, la priorit\u00e0 assoluta \u00e8 sempre stata la sicurezza, la salute e il benessere dei nostri preziosi ospiti. Con la comparsa della pandemia di Covid-19, ci\u00f2 che \u00e8 cambiato nei processi che abbiamo sempre seguito \u00e8 che abbiamo potenziato e massimizzato le misure igieniche e di sicurezza esistenti, sulla base dei protocolli che ci sono stati presentati dagli organismi ufficiali sottostanti e anche da consulenti, ai quali abbiamo affidato lo sviluppo dei nuovi processi operativi e la formazione del nostro personale:<\/p>\n<p>\u2713 Ministero della Salute di Cipro<br \/>\n\u2713 Centro europeo per la prevenzione e il controllo delle malattie (ECDC)<br \/>\nOrganizzazione Mondiale della Sanit\u00e0<\/p>\n<p>Siamo consapevoli che le misure igieniche e di allontanamento sociale riguardano tutti i viaggiatori, ma vogliamo assicurarvi che abbiamo adottato, e continueremo ad adottare, tutte le misure necessarie per la protezione dei nostri ospiti e del nostro personale:<\/p>\n<p>\u27a2 Mantenere l&#8217;occupazione degli hotel a un livello di sicurezza<br \/>\n\u27a2 Avvisi che indicano il numero massimo di persone consentite all&#8217;ingresso di tutte le aree pubbliche, dei ristoranti, dei bar e degli ascensori.<br \/>\n\u27a2 Postazioni per l&#8217;igienizzazione delle mani in tutte le aree per gli ospiti e il personale<br \/>\n\u27a2 Pannelli divisori trasparenti tra dipendenti e ospiti alla reception e nei minimarket<br \/>\n\u27a2 Utilizzo costante dei Dispositivi di Protezione Individuale da parte di tutto il personale (mascherina, guanti) e in tutti i punti di servizio.<br \/>\n\u27a2 Check-in online incoraggiato tramite il nostro sito web o l&#8217;applicazione mobile Constantinou Bros Hotels)<br \/>\n\u27a2 Tutti i punti vendita sono privi di contanti (solo pagamento in camera o con carta di credito).<br \/>\n\u27a2 Disinfezione e trasferimento dei bagagli degli ospiti da parte del nostro personale al di fuori della camera, se non diversamente richiesto dall&#8217;ospite.<br \/>\n\u27a2 Dopo la partenza, tutte le camere vengono accuratamente pulite, arieggiate e disinfettate e offerte al nuovo arrivo dopo un minimo di due ore.<br \/>\n\u27a2 Rimozione di coperte, menu, riviste e fogli informativi dalle camere (disponibili su richiesta).<br \/>\n\u27a2 Cuscini e coperte extra rimangono in camera imballati e sigillati con nastro adesivo per la sanificazione.<br \/>\n\u27a2 Il servizio di couverture \u00e8 temporaneamente sospeso.<br \/>\n\u27a2 Tutte le aree, i tavoli, le sedie, i lettini e le superfici ad alto contatto (maniglie, pulsanti dell&#8217;ascensore, maniglie, rubinetti) vengono costantemente disinfettati e igienizzati.<br \/>\n\u27a2 Nei ristoranti e nei bar, il rispetto della distanza di sicurezza tra i tavoli e i pasti offerti sia nei ristoranti che &#8211; tempo permettendo &#8211; all&#8217;aperto.<br \/>\n\u27a2 I pasti sono caratterizzati da una combinazione di scelte a buffet e serviti, con il massimo utilizzo possibile di articoli monouso (menu, tovaglie, ecc.) e con la possibilit\u00e0 di sedersi una seconda volta, se necessario.<br \/>\n\u27a2 In spiaggia e in piscina rispettare rigorosamente le distanze di sicurezza tra gli ombrelloni.<br \/>\n\u27a2 Sport, palestre, saloni di parrucchieri, centri termali: operare solo sulla base dei protocolli<br \/>\n\u27a2 Controlli continui e rigorosi da parte dei nostri team dedicati per quanto riguarda il rispetto e l&#8217;attuazione di tutte le misure e i protocolli per la vostra igiene e sicurezza.<\/p>\n<p style=\"text-align: center;\"><strong>I nostri hotel riapriranno nelle seguenti date:<\/strong><\/p>\n<p style=\"text-align: center;\">TUI BLUE PIONEER BEACH HOTEL 28\/06\/2020<br \/>\nCONSTANTINOU BROS ASIMINA SUITES HOTEL 02\/07\/2020<br \/>\nCONSTANTINOU BROS ATHENA ROYAL BEACH HOTEL 01\/08\/2020<br \/>\nCONSTANTINOU BROS ATHENA BEACH HOTEL 19\/08\/2020<\/p>\n<p>Vi preghiamo di contattare il vostro consulente di viaggio per conoscere le nostre offerte speciali o di visitare la nostra pagina web <a href=\"https:\/\/www.cbh-cyprus.com\/\">www.cbh-cyprus.com<\/a>.<\/p>\n<p>Saremo lieti di riaccogliervi al pi\u00f9 presto e di offrirvi vacanze indimenticabili ai livelli di ospitalit\u00e0 a cui siete abituati e che avete imparato ad apprezzare in tutti questi anni, arricchiti da una cura ancora maggiore per voi e per i vostri cari.<\/p>\n","protected":false},"excerpt":{"rendered":"<p>Constantinou Bros annuncia la riapertura di tutti gli hotel La Constantinou Bros Hotels ha il piacere di annunciare l&#8217;inizio della riapertura dei propri alberghi. Indubbiamente la situazione \u00e8 stata difficile per l&#8217;intero pianeta, ma le misure rigorose adottate immediatamente dal governo cipriota e il contributo di tutti nel rispettarle hanno dato rapidamente i loro frutti.<\/p>\n","protected":false},"author":1,"featured_media":0,"parent":0,"menu_order":0,"comment_status":"closed","ping_status":"closed","template":"","meta":{"_acf_changed":false,"footnotes":""},"class_list":["post-7772","page","type-page","status-publish","hentry"],"acf":[],"yoast_head":"<!-- This site is optimized with the Yoast SEO plugin v27.5 - https:\/\/yoast.com\/product\/yoast-seo-wordpress\/ -->\n<title>COVID-19 Misure di salute e sicurezza - Asimina Suites Hotel<\/title>\n<meta name=\"robots\" content=\"index, follow, max-snippet:-1, max-image-preview:large, max-video-preview:-1\" \/>\n<link rel=\"canonical\" href=\"https:\/\/www.asimina-cbh.com\/it\/covid-19-health-safety-measures\/\" \/>\n<meta property=\"og:locale\" content=\"it_IT\" \/>\n<meta property=\"og:type\" content=\"article\" \/>\n<meta property=\"og:title\" content=\"COVID-19 Misure di salute e sicurezza - Asimina Suites Hotel\" \/>\n<meta property=\"og:description\" content=\"Constantinou Bros annuncia la riapertura di tutti gli hotel La Constantinou Bros Hotels ha il piacere di annunciare l&#8217;inizio della riapertura dei propri alberghi. Indubbiamente la situazione \u00e8 stata difficile per l&#8217;intero pianeta, ma le misure rigorose adottate immediatamente dal governo cipriota e il contributo di tutti nel rispettarle hanno dato rapidamente i loro frutti.\" \/>\n<meta property=\"og:url\" content=\"https:\/\/www.asimina-cbh.com\/it\/covid-19-health-safety-measures\/\" \/>\n<meta property=\"og:site_name\" content=\"Asimina Suites Hotel\" \/>\n<meta property=\"article:modified_time\" content=\"2024-09-23T11:17:48+00:00\" \/>\n<meta name=\"twitter:card\" content=\"summary_large_image\" \/>\n<meta name=\"twitter:label1\" content=\"Tempo di lettura stimato\" \/>\n\t<meta name=\"twitter:data1\" content=\"4 minuti\" \/>\n<script type=\"application\/ld+json\" class=\"yoast-schema-graph\">{\"@context\":\"https:\\\/\\\/schema.org\",\"@graph\":[{\"@type\":\"WebPage\",\"@id\":\"https:\\\/\\\/www.asimina-cbh.com\\\/it\\\/covid-19-health-safety-measures\\\/\",\"url\":\"https:\\\/\\\/www.asimina-cbh.com\\\/it\\\/covid-19-health-safety-measures\\\/\",\"name\":\"COVID-19 Misure di salute e sicurezza - Asimina Suites Hotel\",\"isPartOf\":{\"@id\":\"https:\\\/\\\/www.asimina-cbh.com\\\/it\\\/#website\"},\"datePublished\":\"2022-07-11T08:14:08+00:00\",\"dateModified\":\"2024-09-23T11:17:48+00:00\",\"breadcrumb\":{\"@id\":\"https:\\\/\\\/www.asimina-cbh.com\\\/it\\\/covid-19-health-safety-measures\\\/#breadcrumb\"},\"inLanguage\":\"it-IT\",\"potentialAction\":[{\"@type\":\"ReadAction\",\"target\":[\"https:\\\/\\\/www.asimina-cbh.com\\\/it\\\/covid-19-health-safety-measures\\\/\"]}]},{\"@type\":\"BreadcrumbList\",\"@id\":\"https:\\\/\\\/www.asimina-cbh.com\\\/it\\\/covid-19-health-safety-measures\\\/#breadcrumb\",\"itemListElement\":[{\"@type\":\"ListItem\",\"position\":1,\"name\":\"Home\",\"item\":\"https:\\\/\\\/www.asimina-cbh.com\\\/it\\\/\"},{\"@type\":\"ListItem\",\"position\":2,\"name\":\"COVID-19 Misure di salute e sicurezza\"}]},{\"@type\":\"WebSite\",\"@id\":\"https:\\\/\\\/www.asimina-cbh.com\\\/it\\\/#website\",\"url\":\"https:\\\/\\\/www.asimina-cbh.com\\\/it\\\/\",\"name\":\"Asimina Suites Hotel\",\"description\":\"Constantinou Bros Asimina Suites Hotel, 4 star hotel in Paphos Cyprus\",\"potentialAction\":[{\"@type\":\"SearchAction\",\"target\":{\"@type\":\"EntryPoint\",\"urlTemplate\":\"https:\\\/\\\/www.asimina-cbh.com\\\/it\\\/?s={search_term_string}\"},\"query-input\":{\"@type\":\"PropertyValueSpecification\",\"valueRequired\":true,\"valueName\":\"search_term_string\"}}],\"inLanguage\":\"it-IT\"}]}<\/script>\n<!-- \/ Yoast SEO plugin. -->","yoast_head_json":{"title":"COVID-19 Misure di salute e sicurezza - Asimina Suites Hotel","robots":{"index":"index","follow":"follow","max-snippet":"max-snippet:-1","max-image-preview":"max-image-preview:large","max-video-preview":"max-video-preview:-1"},"canonical":"https:\/\/www.asimina-cbh.com\/it\/covid-19-health-safety-measures\/","og_locale":"it_IT","og_type":"article","og_title":"COVID-19 Misure di salute e sicurezza - Asimina Suites Hotel","og_description":"Constantinou Bros annuncia la riapertura di tutti gli hotel La Constantinou Bros Hotels ha il piacere di annunciare l&#8217;inizio della riapertura dei propri alberghi. Indubbiamente la situazione \u00e8 stata difficile per l&#8217;intero pianeta, ma le misure rigorose adottate immediatamente dal governo cipriota e il contributo di tutti nel rispettarle hanno dato rapidamente i loro frutti.","og_url":"https:\/\/www.asimina-cbh.com\/it\/covid-19-health-safety-measures\/","og_site_name":"Asimina Suites Hotel","article_modified_time":"2024-09-23T11:17:48+00:00","twitter_card":"summary_large_image","twitter_misc":{"Tempo di lettura stimato":"4 minuti"},"schema":{"@context":"https:\/\/schema.org","@graph":[{"@type":"WebPage","@id":"https:\/\/www.asimina-cbh.com\/it\/covid-19-health-safety-measures\/","url":"https:\/\/www.asimina-cbh.com\/it\/covid-19-health-safety-measures\/","name":"COVID-19 Misure di salute e sicurezza - Asimina Suites Hotel","isPartOf":{"@id":"https:\/\/www.asimina-cbh.com\/it\/#website"},"datePublished":"2022-07-11T08:14:08+00:00","dateModified":"2024-09-23T11:17:48+00:00","breadcrumb":{"@id":"https:\/\/www.asimina-cbh.com\/it\/covid-19-health-safety-measures\/#breadcrumb"},"inLanguage":"it-IT","potentialAction":[{"@type":"ReadAction","target":["https:\/\/www.asimina-cbh.com\/it\/covid-19-health-safety-measures\/"]}]},{"@type":"BreadcrumbList","@id":"https:\/\/www.asimina-cbh.com\/it\/covid-19-health-safety-measures\/#breadcrumb","itemListElement":[{"@type":"ListItem","position":1,"name":"Home","item":"https:\/\/www.asimina-cbh.com\/it\/"},{"@type":"ListItem","position":2,"name":"COVID-19 Misure di salute e sicurezza"}]},{"@type":"WebSite","@id":"https:\/\/www.asimina-cbh.com\/it\/#website","url":"https:\/\/www.asimina-cbh.com\/it\/","name":"Asimina Suites Hotel","description":"Constantinou Bros Asimina Suites Hotel, 4 star hotel in Paphos Cyprus","potentialAction":[{"@type":"SearchAction","target":{"@type":"EntryPoint","urlTemplate":"https:\/\/www.asimina-cbh.com\/it\/?s={search_term_string}"},"query-input":{"@type":"PropertyValueSpecification","valueRequired":true,"valueName":"search_term_string"}}],"inLanguage":"it-IT"}]}},"_links":{"self":[{"href":"https:\/\/www.asimina-cbh.com\/it\/wp-json\/wp\/v2\/pages\/7772","targetHints":{"allow":["GET"]}}],"collection":[{"href":"https:\/\/www.asimina-cbh.com\/it\/wp-json\/wp\/v2\/pages"}],"about":[{"href":"https:\/\/www.asimina-cbh.com\/it\/wp-json\/wp\/v2\/types\/page"}],"author":[{"embeddable":true,"href":"https:\/\/www.asimina-cbh.com\/it\/wp-json\/wp\/v2\/users\/1"}],"replies":[{"embeddable":true,"href":"https:\/\/www.asimina-cbh.com\/it\/wp-json\/wp\/v2\/comments?post=7772"}],"version-history":[{"count":4,"href":"https:\/\/www.asimina-cbh.com\/it\/wp-json\/wp\/v2\/pages\/7772\/revisions"}],"predecessor-version":[{"id":14666,"href":"https:\/\/www.asimina-cbh.com\/it\/wp-json\/wp\/v2\/pages\/7772\/revisions\/14666"}],"wp:attachment":[{"href":"https:\/\/www.asimina-cbh.com\/it\/wp-json\/wp\/v2\/media?parent=7772"}],"curies":[{"name":"wp","href":"https:\/\/api.w.org\/{rel}","templated":true}]}}