{"id":7778,"date":"2022-07-11T11:19:50","date_gmt":"2022-07-11T08:19:50","guid":{"rendered":"https:\/\/www.asimina-cbh.com\/user-agreement\/"},"modified":"2024-09-23T18:10:48","modified_gmt":"2024-09-23T15:10:48","slug":"user-agreement","status":"publish","type":"page","link":"https:\/\/www.asimina-cbh.com\/it\/user-agreement\/","title":{"rendered":"Accordo con l&#8217;utente"},"content":{"rendered":"<p>Copyright \u00a9Constantinou Bros Hotels Ltd 2019. Tutti i diritti riservati<\/p>\n<h4>Termini e condizioni d&#8217;uso dei siti web di Constantinou Bros Hotels:<\/h4>\n<p><a href=\"https:\/\/www.cbh-cyprus.com\/\">https:\/\/www.cbh-cyprus.com &#8211; CONSTANTINOU BROS HOTELS PUBLIC CO.<\/a> <a href=\"https:\/\/www.cbh-cyprus.com\/\">LTD &#8211; HE 38303 &#8211; THEAS APHRODITES AVENUE 8101, PAPHOS<\/a><br \/>\n<a href=\"https:\/\/www.athena-cbh.com\/\">https:\/\/www.athena-cbh.com &#8211; ATHENA BEACH HOTEL = CONSTANTINOU BROS HOTELS PUBLIC CO.<\/a> <a href=\"https:\/\/www.athena-cbh.com\/\">LTD &#8211; HE 38303 &#8211; THEAS APHRODITES AVENUE 8101, PAPHOS<\/a><br \/>\n<a href=\"https:\/\/www.athenaroyal-cbh.com\/\">https:\/\/www.athenaroyal-cbh.com &#8211; ATHENA ROYA BEACH HOTEL = LAYSTER INVESTMENTS PLC &#8211; HE 106396 &#8211; THEAS APHRODITES AVENUE 8101, PAPHOS<\/a><br \/>\n<a href=\"https:\/\/www.pioneer-cbh.com\/\">https:\/\/www.pioneer-cbh.com &#8211; PIONEER BEACH HOTEL = KINGS HEAD DEVELOPMENT PLC &#8211; HE 11041 &#8211; THEAS APHRODITES AVENUE 8101, PAPHOS<\/a><br \/>\n<a href=\"https:\/\/www.asimina-cbh.com\/\">https:\/\/www.asimina-cbh.com &#8211; ASIMINA SUITES HOTEL = PAPHOS STONE C. ESTATES PLC &#8211; HE 10098 &#8211; THEAS APHRODITES AVENUE 8101, PAPHOS<\/a><br \/>\n<a href=\"https:\/\/www.cbh-loyaltyclub.com\/\">https:\/\/www.cbh-loyaltyclub.com &#8211; CONSTANTINOU BROS HOTELS PUBLIC CO.<\/a> <a href=\"https:\/\/www.cbh-loyaltyclub.com\/\">LTD &#8211; HE 38303 &#8211; THEAS APHRODITES AVENUE 8101, PAPHOS<\/a><\/p>\n<p>Gli utenti hanno accesso alle informazioni e al materiale presente sui nostri siti Web solo per uso personale. Non \u00e8 consentito modificare, copiare o distribuire in altro modo i documenti della Constantinou Bros Hotels e i loro contenuti, compresi i testi e i grafici, senza l&#8217;espressa autorizzazione della Constantinou Bros Hotels.<\/p>\n<p><b><strong>Esclusione di responsabilit\u00e0<\/strong><\/b><\/p>\n<p>La Constantinou Bros Hotels compie ogni sforzo per garantire che le informazioni contenute nei suoi siti web siano accurate. Tuttavia, i Constantinou Bros Hotels non forniscono alcuna garanzia, espressa o implicita, circa la loro precisione, correttezza e completezza. La Constantinou Bros Hotels non \u00e8 responsabile del contenuto di siti web esterni collegati ai suoi siti tramite link ipertestuali. La menzione di prodotti o servizi di terzi \u00e8 solo a scopo informativo e non costituisce n\u00e9 un&#8217;approvazione n\u00e9 una raccomandazione.<\/p>\n<p><b><strong>Copyright<\/strong><\/b><\/p>\n<p>Tutti i contenuti inclusi nei siti Web dei Constantinou Bros Hotels, come testi, grafici, loghi, icone di pulsanti, immagini, download digitali, compilazioni di dati e software sono di propriet\u00e0 dei Constantinou Bros Hotels, dei suoi licenziatari o dei suoi fornitori di contenuti e sono protetti dalle leggi cipriote e internazionali sul copyright. La compilazione di tutti i contenuti di questi siti Web \u00e8 di propriet\u00e0 esclusiva di Constantinou Bros Hotels ed \u00e8 protetta dalle leggi cipriote e internazionali sul copyright. Tutto il software utilizzato in questi siti Web \u00e8 di propriet\u00e0 di Constantinou Bros Hotels o dei suoi fornitori di software ed \u00e8 protetto dalle leggi cipriote e internazionali sul copyright.<\/p>\n<p><b><strong>Marchi di fabbrica<\/strong><\/b><\/p>\n<p>I marchi e tutti gli altri marchi che appaiono in relazione ai servizi e ai prodotti descritti in questi siti web appartengono ai Constantinou Bros Hotels o ai rispettivi proprietari di tali marchi e sono protetti dalle leggi cipriote e internazionali sui marchi. L&#8217;uso di uno qualsiasi di questi marchi senza l&#8217;espresso consenso scritto di Constantinou Bros Hotels o del proprietario del marchio, a seconda dei casi, \u00e8 severamente vietato.<\/p>\n<p><b><strong>Comunicazioni<\/strong><\/b><\/p>\n<p>Per quanto riguarda tutte le comunicazioni fatte ai Constantinou Bros Hotels, compresi, senza limitazione, feedback, domande, commenti e suggerimenti (\u201cComunicazioni\u201d): (a) nessun diritto di riservatezza si applicher\u00e0 alle comunicazioni e i Constantinou Bros Hotels non avranno alcun obbligo di proteggere le comunicazioni dalla divulgazione; (b) i Constantinou Bros Hotels saranno liberi di riprodurre, utilizzare, divulgare e distribuire le comunicazioni ad altri; e (c) i Constantinou Bros Hotels saranno liberi di utilizzare qualsiasi idea, concetto, know-how o tecnica contenuta nelle comunicazioni per qualsiasi scopo, incluso, senza limitazione, lo sviluppo, la produzione e la commercializzazione di prodotti e servizi che incorporino tali informazioni.<\/p>\n<p>Si prega di utilizzare la posta elettronica via Internet solo per inviare note non riservate. Non includete informazioni personali o private riservate. Per la vostra tutela, le nostre risposte non includeranno informazioni riservate. Non utilizzate la posta elettronica via Internet per inviarci istruzioni sulle transazioni. I clienti che scelgono di inviare messaggi di posta elettronica via Internet ai Constantinou Bros Hotels contenenti informazioni riservate, private o personali lo fanno a proprio rischio e pericolo.<\/p>\n<p><b><strong>Comunicazioni di marketing &#8211; e-NEWSLETTERS<\/strong><\/b><\/p>\n<p>A volte possiamo inviarvi informazioni sui nostri prodotti e servizi, comprese notizie sui nostri hotel, o invitarvi a eventi via e-mail (e-newsletter).<br \/>\nPotete scegliere in qualsiasi momento di non ricevere pi\u00f9 queste e-newsletter inviandoci un&#8217;e-mail all&#8217;indirizzo <a href=\"mailto:newsletter@cbh-cyprus.com\">newsletter@cbh-cyprus.com<\/a> con la dicitura \u201cUNSUBSCRIBE\u201d nell&#8217;oggetto.<\/p>\n<p><b><strong>Per qualsiasi domanda, contattateci a:<\/strong><\/b><\/p>\n<p><b><strong>Indirizzo:<\/strong><\/b><\/p>\n<p>Theas Afroditis Ave. P.O.Box 60182<br \/>\nCY 8101, Paphos, Cipro<br \/>\nTel: 00357 26 965866<br \/>\nFax: 00357 26 964867<br \/>\nE-mail: <a href=\"mailto:info@cbh-cyprus.com\">info@cbh-cyprus.com<\/a><\/p>\n<p>Il presente Accordo per gli utenti \u00e8 stato modificato l&#8217;ultima volta il 25 ottobre 2019.<\/p>\n<p><b><strong>\u00a9CONSTANTINOU BROS HOTELS LTD 2019<\/strong><\/b><\/p>\n","protected":false},"excerpt":{"rendered":"<p>Copyright \u00a9Constantinou Bros Hotels Ltd 2019. Tutti i diritti riservati Termini e condizioni d&#8217;uso dei siti web di Constantinou Bros Hotels: https:\/\/www.cbh-cyprus.com &#8211; CONSTANTINOU BROS HOTELS PUBLIC CO. LTD &#8211; HE 38303 &#8211; THEAS APHRODITES AVENUE 8101, PAPHOS https:\/\/www.athena-cbh.com &#8211; ATHENA BEACH HOTEL = CONSTANTINOU BROS HOTELS PUBLIC CO. LTD &#8211; HE 38303 &#8211; THEAS<\/p>\n","protected":false},"author":1,"featured_media":0,"parent":0,"menu_order":0,"comment_status":"closed","ping_status":"closed","template":"","meta":{"_acf_changed":false,"footnotes":""},"class_list":["post-7778","page","type-page","status-publish","hentry"],"acf":[],"yoast_head":"<!-- This site is optimized with the Yoast SEO plugin v27.3 - https:\/\/yoast.com\/product\/yoast-seo-wordpress\/ -->\n<title>Accordo con l&#039;utente - Asimina Suites Hotel<\/title>\n<meta name=\"description\" content=\"Qui trover\u00e0 l&#039;Accordo per gli utenti che viene applicato all&#039;Asimina Suites Hotel di Paphos da Constantinou Bros.\" \/>\n<meta name=\"robots\" content=\"index, follow, max-snippet:-1, max-image-preview:large, max-video-preview:-1\" \/>\n<link rel=\"canonical\" href=\"https:\/\/www.asimina-cbh.com\/it\/user-agreement\/\" \/>\n<meta property=\"og:locale\" content=\"it_IT\" \/>\n<meta property=\"og:type\" content=\"article\" \/>\n<meta property=\"og:title\" content=\"Accordo con l&#039;utente - Asimina Suites Hotel\" \/>\n<meta property=\"og:description\" content=\"Qui trover\u00e0 l&#039;Accordo per gli utenti che viene applicato all&#039;Asimina Suites Hotel di Paphos da Constantinou Bros.\" \/>\n<meta property=\"og:url\" content=\"https:\/\/www.asimina-cbh.com\/it\/user-agreement\/\" \/>\n<meta property=\"og:site_name\" content=\"Asimina Suites Hotel\" \/>\n<meta property=\"article:modified_time\" content=\"2024-09-23T15:10:48+00:00\" \/>\n<meta name=\"twitter:card\" content=\"summary_large_image\" \/>\n<meta name=\"twitter:label1\" content=\"Tempo di lettura stimato\" \/>\n\t<meta name=\"twitter:data1\" content=\"4 minuti\" \/>\n<script type=\"application\/ld+json\" class=\"yoast-schema-graph\">{\"@context\":\"https:\\\/\\\/schema.org\",\"@graph\":[{\"@type\":\"WebPage\",\"@id\":\"https:\\\/\\\/www.asimina-cbh.com\\\/it\\\/user-agreement\\\/\",\"url\":\"https:\\\/\\\/www.asimina-cbh.com\\\/it\\\/user-agreement\\\/\",\"name\":\"Accordo con l'utente - Asimina Suites Hotel\",\"isPartOf\":{\"@id\":\"https:\\\/\\\/www.asimina-cbh.com\\\/it\\\/#website\"},\"datePublished\":\"2022-07-11T08:19:50+00:00\",\"dateModified\":\"2024-09-23T15:10:48+00:00\",\"description\":\"Qui trover\u00e0 l'Accordo per gli utenti che viene applicato all'Asimina Suites Hotel di Paphos da Constantinou Bros.\",\"breadcrumb\":{\"@id\":\"https:\\\/\\\/www.asimina-cbh.com\\\/it\\\/user-agreement\\\/#breadcrumb\"},\"inLanguage\":\"it-IT\",\"potentialAction\":[{\"@type\":\"ReadAction\",\"target\":[\"https:\\\/\\\/www.asimina-cbh.com\\\/it\\\/user-agreement\\\/\"]}]},{\"@type\":\"BreadcrumbList\",\"@id\":\"https:\\\/\\\/www.asimina-cbh.com\\\/it\\\/user-agreement\\\/#breadcrumb\",\"itemListElement\":[{\"@type\":\"ListItem\",\"position\":1,\"name\":\"Home\",\"item\":\"https:\\\/\\\/www.asimina-cbh.com\\\/it\\\/\"},{\"@type\":\"ListItem\",\"position\":2,\"name\":\"Accordo con l&#8217;utente\"}]},{\"@type\":\"WebSite\",\"@id\":\"https:\\\/\\\/www.asimina-cbh.com\\\/it\\\/#website\",\"url\":\"https:\\\/\\\/www.asimina-cbh.com\\\/it\\\/\",\"name\":\"Asimina Suites Hotel\",\"description\":\"Constantinou Bros Asimina Suites Hotel, 4 star hotel in Paphos Cyprus\",\"potentialAction\":[{\"@type\":\"SearchAction\",\"target\":{\"@type\":\"EntryPoint\",\"urlTemplate\":\"https:\\\/\\\/www.asimina-cbh.com\\\/it\\\/?s={search_term_string}\"},\"query-input\":{\"@type\":\"PropertyValueSpecification\",\"valueRequired\":true,\"valueName\":\"search_term_string\"}}],\"inLanguage\":\"it-IT\"}]}<\/script>\n<!-- \/ Yoast SEO plugin. -->","yoast_head_json":{"title":"Accordo con l'utente - Asimina Suites Hotel","description":"Qui trover\u00e0 l'Accordo per gli utenti che viene applicato all'Asimina Suites Hotel di Paphos da Constantinou Bros.","robots":{"index":"index","follow":"follow","max-snippet":"max-snippet:-1","max-image-preview":"max-image-preview:large","max-video-preview":"max-video-preview:-1"},"canonical":"https:\/\/www.asimina-cbh.com\/it\/user-agreement\/","og_locale":"it_IT","og_type":"article","og_title":"Accordo con l'utente - Asimina Suites Hotel","og_description":"Qui trover\u00e0 l'Accordo per gli utenti che viene applicato all'Asimina Suites Hotel di Paphos da Constantinou Bros.","og_url":"https:\/\/www.asimina-cbh.com\/it\/user-agreement\/","og_site_name":"Asimina Suites Hotel","article_modified_time":"2024-09-23T15:10:48+00:00","twitter_card":"summary_large_image","twitter_misc":{"Tempo di lettura stimato":"4 minuti"},"schema":{"@context":"https:\/\/schema.org","@graph":[{"@type":"WebPage","@id":"https:\/\/www.asimina-cbh.com\/it\/user-agreement\/","url":"https:\/\/www.asimina-cbh.com\/it\/user-agreement\/","name":"Accordo con l'utente - Asimina Suites Hotel","isPartOf":{"@id":"https:\/\/www.asimina-cbh.com\/it\/#website"},"datePublished":"2022-07-11T08:19:50+00:00","dateModified":"2024-09-23T15:10:48+00:00","description":"Qui trover\u00e0 l'Accordo per gli utenti che viene applicato all'Asimina Suites Hotel di Paphos da Constantinou Bros.","breadcrumb":{"@id":"https:\/\/www.asimina-cbh.com\/it\/user-agreement\/#breadcrumb"},"inLanguage":"it-IT","potentialAction":[{"@type":"ReadAction","target":["https:\/\/www.asimina-cbh.com\/it\/user-agreement\/"]}]},{"@type":"BreadcrumbList","@id":"https:\/\/www.asimina-cbh.com\/it\/user-agreement\/#breadcrumb","itemListElement":[{"@type":"ListItem","position":1,"name":"Home","item":"https:\/\/www.asimina-cbh.com\/it\/"},{"@type":"ListItem","position":2,"name":"Accordo con l&#8217;utente"}]},{"@type":"WebSite","@id":"https:\/\/www.asimina-cbh.com\/it\/#website","url":"https:\/\/www.asimina-cbh.com\/it\/","name":"Asimina Suites Hotel","description":"Constantinou Bros Asimina Suites Hotel, 4 star hotel in Paphos Cyprus","potentialAction":[{"@type":"SearchAction","target":{"@type":"EntryPoint","urlTemplate":"https:\/\/www.asimina-cbh.com\/it\/?s={search_term_string}"},"query-input":{"@type":"PropertyValueSpecification","valueRequired":true,"valueName":"search_term_string"}}],"inLanguage":"it-IT"}]}},"_links":{"self":[{"href":"https:\/\/www.asimina-cbh.com\/it\/wp-json\/wp\/v2\/pages\/7778","targetHints":{"allow":["GET"]}}],"collection":[{"href":"https:\/\/www.asimina-cbh.com\/it\/wp-json\/wp\/v2\/pages"}],"about":[{"href":"https:\/\/www.asimina-cbh.com\/it\/wp-json\/wp\/v2\/types\/page"}],"author":[{"embeddable":true,"href":"https:\/\/www.asimina-cbh.com\/it\/wp-json\/wp\/v2\/users\/1"}],"replies":[{"embeddable":true,"href":"https:\/\/www.asimina-cbh.com\/it\/wp-json\/wp\/v2\/comments?post=7778"}],"version-history":[{"count":4,"href":"https:\/\/www.asimina-cbh.com\/it\/wp-json\/wp\/v2\/pages\/7778\/revisions"}],"predecessor-version":[{"id":14706,"href":"https:\/\/www.asimina-cbh.com\/it\/wp-json\/wp\/v2\/pages\/7778\/revisions\/14706"}],"wp:attachment":[{"href":"https:\/\/www.asimina-cbh.com\/it\/wp-json\/wp\/v2\/media?parent=7778"}],"curies":[{"name":"wp","href":"https:\/\/api.w.org\/{rel}","templated":true}]}}