{"id":7790,"date":"2022-07-11T11:21:13","date_gmt":"2022-07-11T08:21:13","guid":{"rendered":"https:\/\/www.asimina-cbh.com\/about-cyprus-paphos\/"},"modified":"2024-09-23T17:59:50","modified_gmt":"2024-09-23T14:59:50","slug":"about-cyprus-paphos","status":"publish","type":"page","link":"https:\/\/www.asimina-cbh.com\/it\/the-hotel\/about-cyprus-paphos\/","title":{"rendered":"Informazioni su Paphos \/ Cipro"},"content":{"rendered":"<p><b><strong>Paphos<\/strong><\/b>, una piccola citt\u00e0 pittoresca, si trova sulla costa occidentale di Cipro e si estende dalla bellissima penisola di Akamas a nord-ovest fino alla roccia di Afrodite a est. \u00c8 ricca di storia, essendo stata la capitale di Cipro in tempi antichi e ancora una volta ha celebrato questo riconoscimento quando nel 2017 \u00e8 stata Capitale Europea della Cultura, attirando migliaia di visitatori ogni anno.<\/p>\n<p>A Paphos ci sono innumerevoli siti di interesse storico, religioso e culturale ed \u00e8 inclusa nella lista dei siti del patrimonio culturale mondiale dell&#8217;UNESCO. Le Tombe dei Re, la fortezza medievale, l&#8217;Odeon, la Casa di Dioniso, la Roccia delle Afroditi, i Bagni di Afrodite e la Colonna di San Paolo sono solo alcuni di questi siti.<\/p>\n<p>La presenza di un aeroporto internazionale con collegamenti con le principali citt\u00e0 del mondo ha reso Paphos molto accessibile. Inoltre, una nuova autostrada collega Paphos in modo facile e sicuro a tutte le altre citt\u00e0.<\/p>\n<p>Delimitata da una splendida costa, l&#8217;area di Paphos vanta incantevoli villaggi nelle sue montagne con monasteri secolari incastonati. Il centro della citt\u00e0 \u00e8 invece moderno, con negozi alla moda, un interessante mercato tradizionale e ottimi musei.<\/p>\n<p>Paphos \u00e8 una localit\u00e0 affascinante, sicura e piacevole, con molte cose da vedere e da fare, che diventer\u00e0 presto una delle mete preferite per le vacanze.<\/p>\n<p><b><strong>Cipro<\/strong><\/b> \u00e8 la terza isola pi\u00f9 grande del Mediterraneo e un vero e proprio crocevia di tre continenti, Europa, Asia e Africa. \u00c8 diventata una Repubblica indipendente nel 1960 ed \u00e8 entrata a far parte dell&#8217;Unione Europea nel 2004. Vanta due aeroporti internazionali a Larnaca e Paphos con ottimi collegamenti dalla maggior parte delle citt\u00e0 del mondo.<\/p>\n<p>Il nome di Cipro deriva dal rame che qui era abbondante nell&#8217;antichit\u00e0. \u00c8 un&#8217;isola ricca di storia, essendo stata sotto il dominio persiano, assiro, egiziano, romano, bizantino, veneziano, ottomano e britannico. \u00c8 stata anche uno dei primi Paesi al mondo a convertirsi al cristianesimo, quando San Paolo visit\u00f2 l&#8217;isola e predic\u00f2 la nuova fede. Infatti, a Paphos \u00e8 ancora visibile la colonna di San Paolo, dove l&#8217;apostolo fu legato e flagellato 39 volte, mentre a Larnaca, nella chiesa di San Lazzaro, si trova la cripta di questo santo che fu resuscitato da Ges\u00f9 Cristo. Questo spiega perch\u00e9 Cipro \u00e8 un&#8217;isola che cattura l&#8217;interesse di tutti i tipi di persone: dagli appassionati di archeologia agli amici della natura, dalle coppie in viaggio di nozze alle famiglie che amano il sole, dagli amanti del cibo agli uomini d&#8217;affari. Antiche rovine di templi e splendidi affreschi di chiese bizantine, vigneti terrazzati e incantevoli sentieri naturali, montagne ricoperte di pini e coste baciate dal sole, un pasto a base di meze e formaggio halloumi fresco e strutture congressuali all&#8217;avanguardia sono solo alcune delle cose che vi faranno innamorare di Cipro.<\/p>\n<p>Cipro pu\u00f2 essere un Paese con radici profonde nel suo ricco e variegato passato, ma \u00e8 un Paese moderno che si proietta rapidamente verso il futuro. \u00c8 un&#8217;isola con molte belle contraddizioni, una calda miscela di culture, colori, civilt\u00e0, canzoni e miti.<\/p>\n<p>Vi invitiamo a venire ad assaporare l&#8217;ospitalit\u00e0 sull&#8217;isola dove, nella nostra lingua madre, la parola xenos significa sia straniero che ospite. Venite a scoprire un&#8217;isola la cui bellezza e il cui fascino sono amplificati dalla gentilezza della sua gente. Venite a scoprire Cipro.<\/p>\n","protected":false},"excerpt":{"rendered":"<p>Paphos, una piccola citt\u00e0 pittoresca, si trova sulla costa occidentale di Cipro e si estende dalla bellissima penisola di Akamas a nord-ovest fino alla roccia di Afrodite a est. \u00c8 ricca di storia, essendo stata la capitale di Cipro in tempi antichi e ancora una volta ha celebrato questo riconoscimento quando nel 2017 \u00e8 stata<\/p>\n","protected":false},"author":1,"featured_media":7738,"parent":7804,"menu_order":0,"comment_status":"closed","ping_status":"closed","template":"","meta":{"_acf_changed":false,"footnotes":""},"class_list":["post-7790","page","type-page","status-publish","has-post-thumbnail","hentry"],"acf":[],"yoast_head":"<!-- This site is optimized with the Yoast SEO plugin v27.5 - https:\/\/yoast.com\/product\/yoast-seo-wordpress\/ -->\n<title>Informazioni su Paphos \/ Cipro - Asimina Suites Hotel<\/title>\n<meta name=\"description\" content=\"Tutto quello che deve sapere sulla destinazione di Paphos e Cipro, attraverso il prisma della nostra visione locale all&#039;Asimina Suites Hotel by Constantinou Bros.\" \/>\n<meta name=\"robots\" content=\"index, follow, max-snippet:-1, max-image-preview:large, max-video-preview:-1\" \/>\n<link rel=\"canonical\" href=\"https:\/\/www.asimina-cbh.com\/it\/the-hotel\/about-cyprus-paphos\/\" \/>\n<meta property=\"og:locale\" content=\"it_IT\" \/>\n<meta property=\"og:type\" content=\"article\" \/>\n<meta property=\"og:title\" content=\"Informazioni su Paphos \/ Cipro - Asimina Suites Hotel\" \/>\n<meta property=\"og:description\" content=\"Tutto quello che deve sapere sulla destinazione di Paphos e Cipro, attraverso il prisma della nostra visione locale all&#039;Asimina Suites Hotel by Constantinou Bros.\" \/>\n<meta property=\"og:url\" content=\"https:\/\/www.asimina-cbh.com\/it\/the-hotel\/about-cyprus-paphos\/\" \/>\n<meta property=\"og:site_name\" content=\"Asimina Suites Hotel\" \/>\n<meta property=\"article:modified_time\" content=\"2024-09-23T14:59:50+00:00\" \/>\n<meta property=\"og:image\" content=\"https:\/\/www.asimina-cbh.com\/app\/uploads\/sites\/31\/2022\/03\/1PAPHOS-CASTLE-scaled.jpg\" \/>\n\t<meta property=\"og:image:width\" content=\"2560\" \/>\n\t<meta property=\"og:image:height\" content=\"1703\" \/>\n\t<meta property=\"og:image:type\" content=\"image\/jpeg\" \/>\n<meta name=\"twitter:card\" content=\"summary_large_image\" \/>\n<meta name=\"twitter:label1\" content=\"Tempo di lettura stimato\" \/>\n\t<meta name=\"twitter:data1\" content=\"3 minuti\" \/>\n<script type=\"application\/ld+json\" class=\"yoast-schema-graph\">{\"@context\":\"https:\\\/\\\/schema.org\",\"@graph\":[{\"@type\":\"WebPage\",\"@id\":\"https:\\\/\\\/www.asimina-cbh.com\\\/it\\\/the-hotel\\\/about-cyprus-paphos\\\/\",\"url\":\"https:\\\/\\\/www.asimina-cbh.com\\\/it\\\/the-hotel\\\/about-cyprus-paphos\\\/\",\"name\":\"Informazioni su Paphos \\\/ Cipro - Asimina Suites Hotel\",\"isPartOf\":{\"@id\":\"https:\\\/\\\/www.asimina-cbh.com\\\/it\\\/#website\"},\"primaryImageOfPage\":{\"@id\":\"https:\\\/\\\/www.asimina-cbh.com\\\/it\\\/the-hotel\\\/about-cyprus-paphos\\\/#primaryimage\"},\"image\":{\"@id\":\"https:\\\/\\\/www.asimina-cbh.com\\\/it\\\/the-hotel\\\/about-cyprus-paphos\\\/#primaryimage\"},\"thumbnailUrl\":\"https:\\\/\\\/www.asimina-cbh.com\\\/app\\\/uploads\\\/sites\\\/31\\\/2022\\\/03\\\/1PAPHOS-CASTLE-scaled.jpg\",\"datePublished\":\"2022-07-11T08:21:13+00:00\",\"dateModified\":\"2024-09-23T14:59:50+00:00\",\"description\":\"Tutto quello che deve sapere sulla destinazione di Paphos e Cipro, attraverso il prisma della nostra visione locale all'Asimina Suites Hotel by Constantinou Bros.\",\"breadcrumb\":{\"@id\":\"https:\\\/\\\/www.asimina-cbh.com\\\/it\\\/the-hotel\\\/about-cyprus-paphos\\\/#breadcrumb\"},\"inLanguage\":\"it-IT\",\"potentialAction\":[{\"@type\":\"ReadAction\",\"target\":[\"https:\\\/\\\/www.asimina-cbh.com\\\/it\\\/the-hotel\\\/about-cyprus-paphos\\\/\"]}]},{\"@type\":\"ImageObject\",\"inLanguage\":\"it-IT\",\"@id\":\"https:\\\/\\\/www.asimina-cbh.com\\\/it\\\/the-hotel\\\/about-cyprus-paphos\\\/#primaryimage\",\"url\":\"https:\\\/\\\/www.asimina-cbh.com\\\/app\\\/uploads\\\/sites\\\/31\\\/2022\\\/03\\\/1PAPHOS-CASTLE-scaled.jpg\",\"contentUrl\":\"https:\\\/\\\/www.asimina-cbh.com\\\/app\\\/uploads\\\/sites\\\/31\\\/2022\\\/03\\\/1PAPHOS-CASTLE-scaled.jpg\",\"width\":2560,\"height\":1703,\"caption\":\"??????\"},{\"@type\":\"BreadcrumbList\",\"@id\":\"https:\\\/\\\/www.asimina-cbh.com\\\/it\\\/the-hotel\\\/about-cyprus-paphos\\\/#breadcrumb\",\"itemListElement\":[{\"@type\":\"ListItem\",\"position\":1,\"name\":\"Home\",\"item\":\"https:\\\/\\\/www.asimina-cbh.com\\\/it\\\/\"},{\"@type\":\"ListItem\",\"position\":2,\"name\":\"L&#8217;albergo\",\"item\":\"https:\\\/\\\/www.asimina-cbh.com\\\/it\\\/the-hotel\\\/\"},{\"@type\":\"ListItem\",\"position\":3,\"name\":\"Informazioni su Paphos \\\/ Cipro\"}]},{\"@type\":\"WebSite\",\"@id\":\"https:\\\/\\\/www.asimina-cbh.com\\\/it\\\/#website\",\"url\":\"https:\\\/\\\/www.asimina-cbh.com\\\/it\\\/\",\"name\":\"Asimina Suites Hotel\",\"description\":\"Constantinou Bros Asimina Suites Hotel, 4 star hotel in Paphos Cyprus\",\"potentialAction\":[{\"@type\":\"SearchAction\",\"target\":{\"@type\":\"EntryPoint\",\"urlTemplate\":\"https:\\\/\\\/www.asimina-cbh.com\\\/it\\\/?s={search_term_string}\"},\"query-input\":{\"@type\":\"PropertyValueSpecification\",\"valueRequired\":true,\"valueName\":\"search_term_string\"}}],\"inLanguage\":\"it-IT\"}]}<\/script>\n<!-- \/ Yoast SEO plugin. -->","yoast_head_json":{"title":"Informazioni su Paphos \/ Cipro - Asimina Suites Hotel","description":"Tutto quello che deve sapere sulla destinazione di Paphos e Cipro, attraverso il prisma della nostra visione locale all'Asimina Suites Hotel by Constantinou Bros.","robots":{"index":"index","follow":"follow","max-snippet":"max-snippet:-1","max-image-preview":"max-image-preview:large","max-video-preview":"max-video-preview:-1"},"canonical":"https:\/\/www.asimina-cbh.com\/it\/the-hotel\/about-cyprus-paphos\/","og_locale":"it_IT","og_type":"article","og_title":"Informazioni su Paphos \/ Cipro - Asimina Suites Hotel","og_description":"Tutto quello che deve sapere sulla destinazione di Paphos e Cipro, attraverso il prisma della nostra visione locale all'Asimina Suites Hotel by Constantinou Bros.","og_url":"https:\/\/www.asimina-cbh.com\/it\/the-hotel\/about-cyprus-paphos\/","og_site_name":"Asimina Suites Hotel","article_modified_time":"2024-09-23T14:59:50+00:00","og_image":[{"width":2560,"height":1703,"url":"https:\/\/www.asimina-cbh.com\/app\/uploads\/sites\/31\/2022\/03\/1PAPHOS-CASTLE-scaled.jpg","type":"image\/jpeg"}],"twitter_card":"summary_large_image","twitter_misc":{"Tempo di lettura stimato":"3 minuti"},"schema":{"@context":"https:\/\/schema.org","@graph":[{"@type":"WebPage","@id":"https:\/\/www.asimina-cbh.com\/it\/the-hotel\/about-cyprus-paphos\/","url":"https:\/\/www.asimina-cbh.com\/it\/the-hotel\/about-cyprus-paphos\/","name":"Informazioni su Paphos \/ Cipro - Asimina Suites Hotel","isPartOf":{"@id":"https:\/\/www.asimina-cbh.com\/it\/#website"},"primaryImageOfPage":{"@id":"https:\/\/www.asimina-cbh.com\/it\/the-hotel\/about-cyprus-paphos\/#primaryimage"},"image":{"@id":"https:\/\/www.asimina-cbh.com\/it\/the-hotel\/about-cyprus-paphos\/#primaryimage"},"thumbnailUrl":"https:\/\/www.asimina-cbh.com\/app\/uploads\/sites\/31\/2022\/03\/1PAPHOS-CASTLE-scaled.jpg","datePublished":"2022-07-11T08:21:13+00:00","dateModified":"2024-09-23T14:59:50+00:00","description":"Tutto quello che deve sapere sulla destinazione di Paphos e Cipro, attraverso il prisma della nostra visione locale all'Asimina Suites Hotel by Constantinou Bros.","breadcrumb":{"@id":"https:\/\/www.asimina-cbh.com\/it\/the-hotel\/about-cyprus-paphos\/#breadcrumb"},"inLanguage":"it-IT","potentialAction":[{"@type":"ReadAction","target":["https:\/\/www.asimina-cbh.com\/it\/the-hotel\/about-cyprus-paphos\/"]}]},{"@type":"ImageObject","inLanguage":"it-IT","@id":"https:\/\/www.asimina-cbh.com\/it\/the-hotel\/about-cyprus-paphos\/#primaryimage","url":"https:\/\/www.asimina-cbh.com\/app\/uploads\/sites\/31\/2022\/03\/1PAPHOS-CASTLE-scaled.jpg","contentUrl":"https:\/\/www.asimina-cbh.com\/app\/uploads\/sites\/31\/2022\/03\/1PAPHOS-CASTLE-scaled.jpg","width":2560,"height":1703,"caption":"??????"},{"@type":"BreadcrumbList","@id":"https:\/\/www.asimina-cbh.com\/it\/the-hotel\/about-cyprus-paphos\/#breadcrumb","itemListElement":[{"@type":"ListItem","position":1,"name":"Home","item":"https:\/\/www.asimina-cbh.com\/it\/"},{"@type":"ListItem","position":2,"name":"L&#8217;albergo","item":"https:\/\/www.asimina-cbh.com\/it\/the-hotel\/"},{"@type":"ListItem","position":3,"name":"Informazioni su Paphos \/ Cipro"}]},{"@type":"WebSite","@id":"https:\/\/www.asimina-cbh.com\/it\/#website","url":"https:\/\/www.asimina-cbh.com\/it\/","name":"Asimina Suites Hotel","description":"Constantinou Bros Asimina Suites Hotel, 4 star hotel in Paphos Cyprus","potentialAction":[{"@type":"SearchAction","target":{"@type":"EntryPoint","urlTemplate":"https:\/\/www.asimina-cbh.com\/it\/?s={search_term_string}"},"query-input":{"@type":"PropertyValueSpecification","valueRequired":true,"valueName":"search_term_string"}}],"inLanguage":"it-IT"}]}},"_links":{"self":[{"href":"https:\/\/www.asimina-cbh.com\/it\/wp-json\/wp\/v2\/pages\/7790","targetHints":{"allow":["GET"]}}],"collection":[{"href":"https:\/\/www.asimina-cbh.com\/it\/wp-json\/wp\/v2\/pages"}],"about":[{"href":"https:\/\/www.asimina-cbh.com\/it\/wp-json\/wp\/v2\/types\/page"}],"author":[{"embeddable":true,"href":"https:\/\/www.asimina-cbh.com\/it\/wp-json\/wp\/v2\/users\/1"}],"replies":[{"embeddable":true,"href":"https:\/\/www.asimina-cbh.com\/it\/wp-json\/wp\/v2\/comments?post=7790"}],"version-history":[{"count":4,"href":"https:\/\/www.asimina-cbh.com\/it\/wp-json\/wp\/v2\/pages\/7790\/revisions"}],"predecessor-version":[{"id":14700,"href":"https:\/\/www.asimina-cbh.com\/it\/wp-json\/wp\/v2\/pages\/7790\/revisions\/14700"}],"up":[{"embeddable":true,"href":"https:\/\/www.asimina-cbh.com\/it\/wp-json\/wp\/v2\/pages\/7804"}],"wp:featuredmedia":[{"embeddable":true,"href":"https:\/\/www.asimina-cbh.com\/it\/wp-json\/wp\/v2\/media\/7738"}],"wp:attachment":[{"href":"https:\/\/www.asimina-cbh.com\/it\/wp-json\/wp\/v2\/media?parent=7790"}],"curies":[{"name":"wp","href":"https:\/\/api.w.org\/{rel}","templated":true}]}}