{"id":7804,"date":"2022-07-11T11:41:57","date_gmt":"2022-07-11T08:41:57","guid":{"rendered":"https:\/\/www.asimina-cbh.com\/the-hotel\/"},"modified":"2026-03-19T15:58:57","modified_gmt":"2026-03-19T12:58:57","slug":"the-hotel","status":"publish","type":"page","link":"https:\/\/www.asimina-cbh.com\/it\/the-hotel\/","title":{"rendered":"L&#8217;albergo"},"content":{"rendered":"<h4>Dove il tempo \u00e8 dimenticato &#8230;<\/h4>\n<p>Il Constantinou Bros Asimina Suites Hotel \u00e8 un lussuoso hotel a 5 stelle, dedicato agli adulti, dotato di una bellissima spiaggia sabbiosa e di 2 piscine all&#8217;aperto (interconnesse) di acqua dolce. Alcune suite sono dotate di piscina privata con ponte in legno, mentre tutte le suite dispongono di ampi balconi. <\/p>\n<p>L&#8217;hotel \u00e8 situato in una posizione tranquilla ma a breve distanza dall&#8217;aeroporto di Paphos, dal centro citt\u00e0, dai negozi e dalla vita notturna.<\/p>\n<p>Le suite offrono una super gamma di servizi che includono aria condizionata e riscaldamento centralizzato, zona soggiorno separata (per la maggior parte dei tipi di suite), bagni in marmo deluxe, Smart TV LCD satellitare, cassetta di sicurezza, accappatoi e pantofole, set per la preparazione di t\u00e8 e caff\u00e8 e macchina per caff\u00e8 espresso, minibar, asciugacapelli, set da stiro e molti altri tocchi speciali.<\/p>\n<p>Le caratteristiche speciali includono la connessione Wi-Fi gratuita in tutte le camere, le aree pubbliche e i giardini e un parcheggio gratuito.<\/p>\n<p>Le strutture sportive e ricreative includono 2 piscine esterne d&#8217;acqua dolce collegate, 1 piscina interna riscaldata, un campo da tennis illuminato e ottime strutture per il bowling presso i vicini hotel gemelli dell&#8217;Asimina.<\/p>\n<p>Nel centro benessere dell&#8217;hotel troverete un&#8217;impressionante selezione di terapie e trattamenti per il corpo, un parrucchiere, una palestra completamente attrezzata, un bagno turco e saune (una delle quali per nudisti).<\/p>\n","protected":false},"excerpt":{"rendered":"<p>Dove il tempo \u00e8 dimenticato &#8230; Il Constantinou Bros Asimina Suites Hotel \u00e8 un lussuoso hotel a 5 stelle, dedicato agli adulti, dotato di una bellissima spiaggia sabbiosa e di 2 piscine all&#8217;aperto (interconnesse) di acqua dolce. Alcune suite sono dotate di piscina privata con ponte in legno, mentre tutte le suite dispongono di ampi<\/p>\n","protected":false},"author":1,"featured_media":15932,"parent":0,"menu_order":0,"comment_status":"closed","ping_status":"closed","template":"page-templates\/simple-list.php","meta":{"_acf_changed":false,"footnotes":""},"class_list":["post-7804","page","type-page","status-publish","has-post-thumbnail","hentry"],"acf":[],"yoast_head":"<!-- This site is optimized with the Yoast SEO plugin v27.5 - https:\/\/yoast.com\/product\/yoast-seo-wordpress\/ -->\n<title>Hotel 5 stelle per soli adulti sulla spiaggia di Paphos || Asimina Suites Hotel<\/title>\n<meta name=\"description\" content=\"L&#039;A.Simina Suites di Constantinou Bros Hotels \u00e8 un paradiso sulla spiaggia e un hotel 5 stelle per soli adulti a Paphos, Cipro, per le vacanze pi\u00f9 romantiche e tranquille.\" \/>\n<meta name=\"robots\" content=\"index, follow, max-snippet:-1, max-image-preview:large, max-video-preview:-1\" \/>\n<link rel=\"canonical\" href=\"https:\/\/www.asimina-cbh.com\/it\/the-hotel\/\" \/>\n<meta property=\"og:locale\" content=\"it_IT\" \/>\n<meta property=\"og:type\" content=\"article\" \/>\n<meta property=\"og:title\" content=\"Hotel 5 stelle per soli adulti sulla spiaggia di Paphos || Asimina Suites Hotel\" \/>\n<meta property=\"og:description\" content=\"L&#039;A.Simina Suites di Constantinou Bros Hotels \u00e8 un paradiso sulla spiaggia e un hotel 5 stelle per soli adulti a Paphos, Cipro, per le vacanze pi\u00f9 romantiche e tranquille.\" \/>\n<meta property=\"og:url\" content=\"https:\/\/www.asimina-cbh.com\/it\/the-hotel\/\" \/>\n<meta property=\"og:site_name\" content=\"Asimina Suites Hotel\" \/>\n<meta property=\"article:modified_time\" content=\"2026-03-19T12:58:57+00:00\" \/>\n<meta property=\"og:image\" content=\"https:\/\/www.asimina-cbh.com\/app\/uploads\/sites\/31\/2026\/02\/2-ASIMINA-SUITES-HOTEL-POOL-1.jpg\" \/>\n\t<meta property=\"og:image:width\" content=\"2500\" \/>\n\t<meta property=\"og:image:height\" content=\"1562\" \/>\n\t<meta property=\"og:image:type\" content=\"image\/jpeg\" \/>\n<meta name=\"twitter:card\" content=\"summary_large_image\" \/>\n<meta name=\"twitter:label1\" content=\"Tempo di lettura stimato\" \/>\n\t<meta name=\"twitter:data1\" content=\"2 minuti\" \/>\n<script type=\"application\/ld+json\" class=\"yoast-schema-graph\">{\"@context\":\"https:\\\/\\\/schema.org\",\"@graph\":[{\"@type\":\"WebPage\",\"@id\":\"https:\\\/\\\/www.asimina-cbh.com\\\/it\\\/the-hotel\\\/\",\"url\":\"https:\\\/\\\/www.asimina-cbh.com\\\/it\\\/the-hotel\\\/\",\"name\":\"Hotel 5 stelle per soli adulti sulla spiaggia di Paphos || Asimina Suites Hotel\",\"isPartOf\":{\"@id\":\"https:\\\/\\\/www.asimina-cbh.com\\\/it\\\/#website\"},\"primaryImageOfPage\":{\"@id\":\"https:\\\/\\\/www.asimina-cbh.com\\\/it\\\/the-hotel\\\/#primaryimage\"},\"image\":{\"@id\":\"https:\\\/\\\/www.asimina-cbh.com\\\/it\\\/the-hotel\\\/#primaryimage\"},\"thumbnailUrl\":\"https:\\\/\\\/www.asimina-cbh.com\\\/app\\\/uploads\\\/sites\\\/31\\\/2026\\\/02\\\/2-ASIMINA-SUITES-HOTEL-POOL-1.jpg\",\"datePublished\":\"2022-07-11T08:41:57+00:00\",\"dateModified\":\"2026-03-19T12:58:57+00:00\",\"description\":\"L'A.Simina Suites di Constantinou Bros Hotels \u00e8 un paradiso sulla spiaggia e un hotel 5 stelle per soli adulti a Paphos, Cipro, per le vacanze pi\u00f9 romantiche e tranquille.\",\"breadcrumb\":{\"@id\":\"https:\\\/\\\/www.asimina-cbh.com\\\/it\\\/the-hotel\\\/#breadcrumb\"},\"inLanguage\":\"it-IT\",\"potentialAction\":[{\"@type\":\"ReadAction\",\"target\":[\"https:\\\/\\\/www.asimina-cbh.com\\\/it\\\/the-hotel\\\/\"]}]},{\"@type\":\"ImageObject\",\"inLanguage\":\"it-IT\",\"@id\":\"https:\\\/\\\/www.asimina-cbh.com\\\/it\\\/the-hotel\\\/#primaryimage\",\"url\":\"https:\\\/\\\/www.asimina-cbh.com\\\/app\\\/uploads\\\/sites\\\/31\\\/2026\\\/02\\\/2-ASIMINA-SUITES-HOTEL-POOL-1.jpg\",\"contentUrl\":\"https:\\\/\\\/www.asimina-cbh.com\\\/app\\\/uploads\\\/sites\\\/31\\\/2026\\\/02\\\/2-ASIMINA-SUITES-HOTEL-POOL-1.jpg\",\"width\":2500,\"height\":1562},{\"@type\":\"BreadcrumbList\",\"@id\":\"https:\\\/\\\/www.asimina-cbh.com\\\/it\\\/the-hotel\\\/#breadcrumb\",\"itemListElement\":[{\"@type\":\"ListItem\",\"position\":1,\"name\":\"Home\",\"item\":\"https:\\\/\\\/www.asimina-cbh.com\\\/it\\\/\"},{\"@type\":\"ListItem\",\"position\":2,\"name\":\"L&#8217;albergo\"}]},{\"@type\":\"WebSite\",\"@id\":\"https:\\\/\\\/www.asimina-cbh.com\\\/it\\\/#website\",\"url\":\"https:\\\/\\\/www.asimina-cbh.com\\\/it\\\/\",\"name\":\"Asimina Suites Hotel\",\"description\":\"Constantinou Bros Asimina Suites Hotel, 4 star hotel in Paphos Cyprus\",\"potentialAction\":[{\"@type\":\"SearchAction\",\"target\":{\"@type\":\"EntryPoint\",\"urlTemplate\":\"https:\\\/\\\/www.asimina-cbh.com\\\/it\\\/?s={search_term_string}\"},\"query-input\":{\"@type\":\"PropertyValueSpecification\",\"valueRequired\":true,\"valueName\":\"search_term_string\"}}],\"inLanguage\":\"it-IT\"}]}<\/script>\n<!-- \/ Yoast SEO plugin. -->","yoast_head_json":{"title":"Hotel 5 stelle per soli adulti sulla spiaggia di Paphos || Asimina Suites Hotel","description":"L'A.Simina Suites di Constantinou Bros Hotels \u00e8 un paradiso sulla spiaggia e un hotel 5 stelle per soli adulti a Paphos, Cipro, per le vacanze pi\u00f9 romantiche e tranquille.","robots":{"index":"index","follow":"follow","max-snippet":"max-snippet:-1","max-image-preview":"max-image-preview:large","max-video-preview":"max-video-preview:-1"},"canonical":"https:\/\/www.asimina-cbh.com\/it\/the-hotel\/","og_locale":"it_IT","og_type":"article","og_title":"Hotel 5 stelle per soli adulti sulla spiaggia di Paphos || Asimina Suites Hotel","og_description":"L'A.Simina Suites di Constantinou Bros Hotels \u00e8 un paradiso sulla spiaggia e un hotel 5 stelle per soli adulti a Paphos, Cipro, per le vacanze pi\u00f9 romantiche e tranquille.","og_url":"https:\/\/www.asimina-cbh.com\/it\/the-hotel\/","og_site_name":"Asimina Suites Hotel","article_modified_time":"2026-03-19T12:58:57+00:00","og_image":[{"width":2500,"height":1562,"url":"https:\/\/www.asimina-cbh.com\/app\/uploads\/sites\/31\/2026\/02\/2-ASIMINA-SUITES-HOTEL-POOL-1.jpg","type":"image\/jpeg"}],"twitter_card":"summary_large_image","twitter_misc":{"Tempo di lettura stimato":"2 minuti"},"schema":{"@context":"https:\/\/schema.org","@graph":[{"@type":"WebPage","@id":"https:\/\/www.asimina-cbh.com\/it\/the-hotel\/","url":"https:\/\/www.asimina-cbh.com\/it\/the-hotel\/","name":"Hotel 5 stelle per soli adulti sulla spiaggia di Paphos || Asimina Suites Hotel","isPartOf":{"@id":"https:\/\/www.asimina-cbh.com\/it\/#website"},"primaryImageOfPage":{"@id":"https:\/\/www.asimina-cbh.com\/it\/the-hotel\/#primaryimage"},"image":{"@id":"https:\/\/www.asimina-cbh.com\/it\/the-hotel\/#primaryimage"},"thumbnailUrl":"https:\/\/www.asimina-cbh.com\/app\/uploads\/sites\/31\/2026\/02\/2-ASIMINA-SUITES-HOTEL-POOL-1.jpg","datePublished":"2022-07-11T08:41:57+00:00","dateModified":"2026-03-19T12:58:57+00:00","description":"L'A.Simina Suites di Constantinou Bros Hotels \u00e8 un paradiso sulla spiaggia e un hotel 5 stelle per soli adulti a Paphos, Cipro, per le vacanze pi\u00f9 romantiche e tranquille.","breadcrumb":{"@id":"https:\/\/www.asimina-cbh.com\/it\/the-hotel\/#breadcrumb"},"inLanguage":"it-IT","potentialAction":[{"@type":"ReadAction","target":["https:\/\/www.asimina-cbh.com\/it\/the-hotel\/"]}]},{"@type":"ImageObject","inLanguage":"it-IT","@id":"https:\/\/www.asimina-cbh.com\/it\/the-hotel\/#primaryimage","url":"https:\/\/www.asimina-cbh.com\/app\/uploads\/sites\/31\/2026\/02\/2-ASIMINA-SUITES-HOTEL-POOL-1.jpg","contentUrl":"https:\/\/www.asimina-cbh.com\/app\/uploads\/sites\/31\/2026\/02\/2-ASIMINA-SUITES-HOTEL-POOL-1.jpg","width":2500,"height":1562},{"@type":"BreadcrumbList","@id":"https:\/\/www.asimina-cbh.com\/it\/the-hotel\/#breadcrumb","itemListElement":[{"@type":"ListItem","position":1,"name":"Home","item":"https:\/\/www.asimina-cbh.com\/it\/"},{"@type":"ListItem","position":2,"name":"L&#8217;albergo"}]},{"@type":"WebSite","@id":"https:\/\/www.asimina-cbh.com\/it\/#website","url":"https:\/\/www.asimina-cbh.com\/it\/","name":"Asimina Suites Hotel","description":"Constantinou Bros Asimina Suites Hotel, 4 star hotel in Paphos Cyprus","potentialAction":[{"@type":"SearchAction","target":{"@type":"EntryPoint","urlTemplate":"https:\/\/www.asimina-cbh.com\/it\/?s={search_term_string}"},"query-input":{"@type":"PropertyValueSpecification","valueRequired":true,"valueName":"search_term_string"}}],"inLanguage":"it-IT"}]}},"_links":{"self":[{"href":"https:\/\/www.asimina-cbh.com\/it\/wp-json\/wp\/v2\/pages\/7804","targetHints":{"allow":["GET"]}}],"collection":[{"href":"https:\/\/www.asimina-cbh.com\/it\/wp-json\/wp\/v2\/pages"}],"about":[{"href":"https:\/\/www.asimina-cbh.com\/it\/wp-json\/wp\/v2\/types\/page"}],"author":[{"embeddable":true,"href":"https:\/\/www.asimina-cbh.com\/it\/wp-json\/wp\/v2\/users\/1"}],"replies":[{"embeddable":true,"href":"https:\/\/www.asimina-cbh.com\/it\/wp-json\/wp\/v2\/comments?post=7804"}],"version-history":[{"count":8,"href":"https:\/\/www.asimina-cbh.com\/it\/wp-json\/wp\/v2\/pages\/7804\/revisions"}],"predecessor-version":[{"id":16270,"href":"https:\/\/www.asimina-cbh.com\/it\/wp-json\/wp\/v2\/pages\/7804\/revisions\/16270"}],"wp:featuredmedia":[{"embeddable":true,"href":"https:\/\/www.asimina-cbh.com\/it\/wp-json\/wp\/v2\/media\/15932"}],"wp:attachment":[{"href":"https:\/\/www.asimina-cbh.com\/it\/wp-json\/wp\/v2\/media?parent=7804"}],"curies":[{"name":"wp","href":"https:\/\/api.w.org\/{rel}","templated":true}]}}