{"id":12916,"date":"2024-07-22T15:05:41","date_gmt":"2024-07-22T12:05:41","guid":{"rendered":"https:\/\/www.asimina-cbh.com\/lokalizacja\/"},"modified":"2026-02-18T12:24:28","modified_gmt":"2026-02-18T09:24:28","slug":"lokalizacja","status":"publish","type":"page","link":"https:\/\/www.asimina-cbh.com\/pl\/hotel\/lokalizacja\/","title":{"rendered":"Lokalizacja"},"content":{"rendered":"<p>Luksusowy 5-gwiazdkowy hotel Asimina Suites po\u0142o\u017cony jest w jednej z najspokojniejszych cz\u0119\u015bci Kato Pafos, przy pi\u0119knej piaszczystej pla\u017cy, kt\u00f3r\u0105 dzieli z 4-gwiazdkowym hotelem Pioneer Beach oraz w bezpo\u015brednim s\u0105siedztwie hoteli Athena Beach i Athena Royal Beach.<br \/>\nHotel znajduje si\u0119 zaledwie kilka minut spacerem od centrum turystycznego i miejskiego oraz bardzo blisko zabytk\u00f3w, zamku i portu.<\/p>\n<ul>\n<li>Po\u0142o\u017cony w Kato Pafos<\/li>\n<li>Bezpo\u015brednio na pla\u017cy<\/li>\n<li>500 m od bar\u00f3w i restauracji<\/li>\n<li>2 km od centrum kurortu<\/li>\n<li>3 km od portu rybackiego w Pafos<\/li>\n<li>15 km od mi\u0119dzynarodowego lotniska w Pafos<\/li>\n<li>140 km od mi\u0119dzynarodowego lotniska w Larnace<\/li>\n<\/ul>\n<p><h4>Wskaz\u00f3wki dojazdu<\/h4>\n<\/p>\n<h5>Dojazd z lotniska w Pafos do ASIMINA SUITES HOTEL:<\/h5>\n<ul>\n<li>Zje\u017cd\u017caj\u0105c z lotniska w Pafos na g\u0142\u00f3wn\u0105 drog\u0119, nale\u017cy skr\u0119ci\u0107 w lewo w kierunku Pafos.<\/li>\n<li>Oko\u0142o 1 km dalej zobacz\u0105 Pa\u0144stwo znak wskazuj\u0105cy drog\u0119 A1, prosz\u0119 skr\u0119ci\u0107 w prawo.<\/li>\n<li>Zbli\u017caj\u0105c si\u0119 do autostrady, prosz\u0119 skr\u0119ci\u0107 w lewo przed wiaduktem, aby wjecha\u0107 na autostrad\u0119 prowadz\u0105c\u0105 do Pafos.<\/li>\n<li>Prosz\u0119 jecha\u0107 a\u017c do ko\u0144ca drogi szybkiego ruchu.<br \/>\nZnajduje si\u0119 tam du\u017ce rondo.<br \/>\nProsz\u0119 skr\u0119ci\u0107 w pierwsz\u0105 w lewo.<\/li>\n<li>Prosz\u0119 jecha\u0107 w d\u00f3\u0142 a\u017c do kolejnego ronda.<br \/>\nPo lewej stronie zobacz\u0105 Pa\u0144stwo sklepy Debenhams\/Next.<\/li>\n<li>Prosz\u0119 jecha\u0107 prosto na rondzie (drugi zjazd) i dalej, a\u017c do kolejnego ma\u0142ego ronda.<\/li>\n<li>Prosz\u0119 jecha\u0107 prosto.<br \/>\nDojd\u0105 Pa\u0144stwo do skrzy\u017cowania w kszta\u0142cie litery T.<br \/>\nProsz\u0119 skr\u0119ci\u0107 w lewo.<\/li>\n<li>Prosz\u0119 jecha\u0107 prosto, a\u017c dojad\u0105 Pa\u0144stwo do mini ronda, prosz\u0119 je min\u0105\u0107 (drugi zjazd), a po prawej stronie zobacz\u0105 Pa\u0144stwo hotel Asimina Suites.<\/li>\n<\/ul>\n<p><h5>Dojazd z lotniska w Larnace do ASIMINA SUITES HOTEL:<\/h5>\n<\/p>\n<ul>\n<li>Prosz\u0119 wyjecha\u0107 z lotniska na dwupasmow\u0105 autostrad\u0119, a\u017c dotr\u0105 Pa\u0144stwo do zjazdu w lewo z kierunkowskazem Lemesos\/Limassol.<\/li>\n<li>Jad\u0105c t\u0105 drog\u0105, zbli\u017c\u0105 si\u0119 Pa\u0144stwo do du\u017cego ronda, prosz\u0119 skr\u0119ci\u0107 w pierwsz\u0105 drog\u0119 w lewo.<br \/>\nZnajduj\u0105 si\u0119 Pa\u0144stwo teraz na autostradzie prowadz\u0105cej do Lemesos\/Paphos.<\/li>\n<li>Podr\u00f3\u017cuj\u0105c przez Lemesos\/Limassol prosz\u0119 kierowa\u0107 si\u0119 znakami na Pafos.<\/li>\n<li>Prosz\u0119 jecha\u0107 dalej, a\u017c do ko\u0144ca autostrady.<br \/>\nZnajduje si\u0119 tam du\u017ce rondo.<br \/>\nProsz\u0119 skr\u0119ci\u0107 w pierwsz\u0105 w lewo.<\/li>\n<li>Prosz\u0119 jecha\u0107 w d\u00f3\u0142 a\u017c do kolejnego ronda.<br \/>\nPo lewej stronie zobacz\u0105 Pa\u0144stwo sklepy Debenhams\/Next.<\/li>\n<li>Prosz\u0119 jecha\u0107 prosto na rondzie (drugi zjazd) i dalej, a\u017c do kolejnego ma\u0142ego ronda.<\/li>\n<li>Prosz\u0119 jecha\u0107 prosto.<br \/>\nDojd\u0105 Pa\u0144stwo do skrzy\u017cowania w kszta\u0142cie litery T.<br \/>\nProsz\u0119 skr\u0119ci\u0107 w lewo.<\/li>\n<li>Prosz\u0119 jecha\u0107 prosto, a\u017c do mini ronda, prosz\u0119 je min\u0105\u0107 (drugi zjazd), a po prawej stronie zobaczycie Pa\u0144stwo hotel Asimina Suites. Czas podr\u00f3\u017cy z lotniska w Larnace do hotelu wynosi oko\u0142o 1,5 godziny.<\/li>\n<\/ul>\n","protected":false},"excerpt":{"rendered":"<p>Luksusowy 5-gwiazdkowy hotel Asimina Suites po\u0142o\u017cony jest w jednej z najspokojniejszych cz\u0119\u015bci Kato Pafos, przy pi\u0119knej piaszczystej pla\u017cy, kt\u00f3r\u0105 dzieli z 4-gwiazdkowym hotelem Pioneer Beach oraz w bezpo\u015brednim s\u0105siedztwie hoteli Athena Beach i Athena Royal Beach. Hotel znajduje si\u0119 zaledwie kilka minut spacerem od centrum turystycznego i miejskiego oraz bardzo blisko zabytk\u00f3w, zamku i portu.<\/p>\n","protected":false},"author":1,"featured_media":15397,"parent":12981,"menu_order":0,"comment_status":"closed","ping_status":"closed","template":"page-templates\/location.php","meta":{"_acf_changed":false,"footnotes":""},"class_list":["post-12916","page","type-page","status-publish","has-post-thumbnail","hentry"],"acf":[],"yoast_head":"<!-- This site is optimized with the Yoast SEO plugin v27.5 - https:\/\/yoast.com\/product\/yoast-seo-wordpress\/ -->\n<title>Luksusowy, prywatny hotel przy pla\u017cy w Pafos || Asimina Suites Hotel<\/title>\n<meta name=\"description\" content=\"Nasz luksusowy, prywatny hotel przy pla\u017cy w Pafos, Asimina Suites Hotel by Constantinou Bros, jest dobrze usytuowany, blisko centrum miasta i zabytk\u00f3w okolicy.\" \/>\n<meta name=\"robots\" content=\"index, follow, max-snippet:-1, max-image-preview:large, max-video-preview:-1\" \/>\n<link rel=\"canonical\" href=\"https:\/\/www.asimina-cbh.com\/pl\/hotel\/lokalizacja\/\" \/>\n<meta property=\"og:locale\" content=\"pl_PL\" \/>\n<meta property=\"og:type\" content=\"article\" \/>\n<meta property=\"og:title\" content=\"Luksusowy, prywatny hotel przy pla\u017cy w Pafos || Asimina Suites Hotel\" \/>\n<meta property=\"og:description\" content=\"Nasz luksusowy, prywatny hotel przy pla\u017cy w Pafos, Asimina Suites Hotel by Constantinou Bros, jest dobrze usytuowany, blisko centrum miasta i zabytk\u00f3w okolicy.\" \/>\n<meta property=\"og:url\" content=\"https:\/\/www.asimina-cbh.com\/pl\/hotel\/lokalizacja\/\" \/>\n<meta property=\"og:site_name\" content=\"Asimina Suites Hotel\" \/>\n<meta property=\"article:modified_time\" content=\"2026-02-18T09:24:28+00:00\" \/>\n<meta property=\"og:image\" content=\"https:\/\/www.asimina-cbh.com\/app\/uploads\/sites\/31\/2025\/10\/14-ASIMINA-SUITES-HOTEL-LOBBY.jpg\" \/>\n\t<meta property=\"og:image:width\" content=\"2500\" \/>\n\t<meta property=\"og:image:height\" content=\"1664\" \/>\n\t<meta property=\"og:image:type\" content=\"image\/jpeg\" \/>\n<meta name=\"twitter:card\" content=\"summary_large_image\" \/>\n<meta name=\"twitter:label1\" content=\"Est. reading time\" \/>\n\t<meta name=\"twitter:data1\" content=\"2 minutes\" \/>\n<script type=\"application\/ld+json\" class=\"yoast-schema-graph\">{\"@context\":\"https:\\\/\\\/schema.org\",\"@graph\":[{\"@type\":\"WebPage\",\"@id\":\"https:\\\/\\\/www.asimina-cbh.com\\\/pl\\\/hotel\\\/lokalizacja\\\/\",\"url\":\"https:\\\/\\\/www.asimina-cbh.com\\\/pl\\\/hotel\\\/lokalizacja\\\/\",\"name\":\"Luksusowy, prywatny hotel przy pla\u017cy w Pafos || Asimina Suites Hotel\",\"isPartOf\":{\"@id\":\"https:\\\/\\\/www.asimina-cbh.com\\\/pl\\\/#website\"},\"primaryImageOfPage\":{\"@id\":\"https:\\\/\\\/www.asimina-cbh.com\\\/pl\\\/hotel\\\/lokalizacja\\\/#primaryimage\"},\"image\":{\"@id\":\"https:\\\/\\\/www.asimina-cbh.com\\\/pl\\\/hotel\\\/lokalizacja\\\/#primaryimage\"},\"thumbnailUrl\":\"https:\\\/\\\/www.asimina-cbh.com\\\/app\\\/uploads\\\/sites\\\/31\\\/2025\\\/10\\\/14-ASIMINA-SUITES-HOTEL-LOBBY.jpg\",\"datePublished\":\"2024-07-22T12:05:41+00:00\",\"dateModified\":\"2026-02-18T09:24:28+00:00\",\"description\":\"Nasz luksusowy, prywatny hotel przy pla\u017cy w Pafos, Asimina Suites Hotel by Constantinou Bros, jest dobrze usytuowany, blisko centrum miasta i zabytk\u00f3w okolicy.\",\"breadcrumb\":{\"@id\":\"https:\\\/\\\/www.asimina-cbh.com\\\/pl\\\/hotel\\\/lokalizacja\\\/#breadcrumb\"},\"inLanguage\":\"pl-PL\",\"potentialAction\":[{\"@type\":\"ReadAction\",\"target\":[\"https:\\\/\\\/www.asimina-cbh.com\\\/pl\\\/hotel\\\/lokalizacja\\\/\"]}]},{\"@type\":\"ImageObject\",\"inLanguage\":\"pl-PL\",\"@id\":\"https:\\\/\\\/www.asimina-cbh.com\\\/pl\\\/hotel\\\/lokalizacja\\\/#primaryimage\",\"url\":\"https:\\\/\\\/www.asimina-cbh.com\\\/app\\\/uploads\\\/sites\\\/31\\\/2025\\\/10\\\/14-ASIMINA-SUITES-HOTEL-LOBBY.jpg\",\"contentUrl\":\"https:\\\/\\\/www.asimina-cbh.com\\\/app\\\/uploads\\\/sites\\\/31\\\/2025\\\/10\\\/14-ASIMINA-SUITES-HOTEL-LOBBY.jpg\",\"width\":2500,\"height\":1664,\"caption\":\"ASIMINA-SUITES-HOTEL-LOBBY\"},{\"@type\":\"BreadcrumbList\",\"@id\":\"https:\\\/\\\/www.asimina-cbh.com\\\/pl\\\/hotel\\\/lokalizacja\\\/#breadcrumb\",\"itemListElement\":[{\"@type\":\"ListItem\",\"position\":1,\"name\":\"Home\",\"item\":\"https:\\\/\\\/www.asimina-cbh.com\\\/pl\\\/\"},{\"@type\":\"ListItem\",\"position\":2,\"name\":\"Hotel\",\"item\":\"https:\\\/\\\/www.asimina-cbh.com\\\/pl\\\/hotel\\\/\"},{\"@type\":\"ListItem\",\"position\":3,\"name\":\"Lokalizacja\"}]},{\"@type\":\"WebSite\",\"@id\":\"https:\\\/\\\/www.asimina-cbh.com\\\/pl\\\/#website\",\"url\":\"https:\\\/\\\/www.asimina-cbh.com\\\/pl\\\/\",\"name\":\"Asimina Suites Hotel\",\"description\":\"Constantinou Bros Asimina Suites Hotel, 4 star hotel in Paphos Cyprus\",\"potentialAction\":[{\"@type\":\"SearchAction\",\"target\":{\"@type\":\"EntryPoint\",\"urlTemplate\":\"https:\\\/\\\/www.asimina-cbh.com\\\/pl\\\/?s={search_term_string}\"},\"query-input\":{\"@type\":\"PropertyValueSpecification\",\"valueRequired\":true,\"valueName\":\"search_term_string\"}}],\"inLanguage\":\"pl-PL\"}]}<\/script>\n<!-- \/ Yoast SEO plugin. -->","yoast_head_json":{"title":"Luksusowy, prywatny hotel przy pla\u017cy w Pafos || Asimina Suites Hotel","description":"Nasz luksusowy, prywatny hotel przy pla\u017cy w Pafos, Asimina Suites Hotel by Constantinou Bros, jest dobrze usytuowany, blisko centrum miasta i zabytk\u00f3w okolicy.","robots":{"index":"index","follow":"follow","max-snippet":"max-snippet:-1","max-image-preview":"max-image-preview:large","max-video-preview":"max-video-preview:-1"},"canonical":"https:\/\/www.asimina-cbh.com\/pl\/hotel\/lokalizacja\/","og_locale":"pl_PL","og_type":"article","og_title":"Luksusowy, prywatny hotel przy pla\u017cy w Pafos || Asimina Suites Hotel","og_description":"Nasz luksusowy, prywatny hotel przy pla\u017cy w Pafos, Asimina Suites Hotel by Constantinou Bros, jest dobrze usytuowany, blisko centrum miasta i zabytk\u00f3w okolicy.","og_url":"https:\/\/www.asimina-cbh.com\/pl\/hotel\/lokalizacja\/","og_site_name":"Asimina Suites Hotel","article_modified_time":"2026-02-18T09:24:28+00:00","og_image":[{"width":2500,"height":1664,"url":"https:\/\/www.asimina-cbh.com\/app\/uploads\/sites\/31\/2025\/10\/14-ASIMINA-SUITES-HOTEL-LOBBY.jpg","type":"image\/jpeg"}],"twitter_card":"summary_large_image","twitter_misc":{"Est. reading time":"2 minutes"},"schema":{"@context":"https:\/\/schema.org","@graph":[{"@type":"WebPage","@id":"https:\/\/www.asimina-cbh.com\/pl\/hotel\/lokalizacja\/","url":"https:\/\/www.asimina-cbh.com\/pl\/hotel\/lokalizacja\/","name":"Luksusowy, prywatny hotel przy pla\u017cy w Pafos || Asimina Suites Hotel","isPartOf":{"@id":"https:\/\/www.asimina-cbh.com\/pl\/#website"},"primaryImageOfPage":{"@id":"https:\/\/www.asimina-cbh.com\/pl\/hotel\/lokalizacja\/#primaryimage"},"image":{"@id":"https:\/\/www.asimina-cbh.com\/pl\/hotel\/lokalizacja\/#primaryimage"},"thumbnailUrl":"https:\/\/www.asimina-cbh.com\/app\/uploads\/sites\/31\/2025\/10\/14-ASIMINA-SUITES-HOTEL-LOBBY.jpg","datePublished":"2024-07-22T12:05:41+00:00","dateModified":"2026-02-18T09:24:28+00:00","description":"Nasz luksusowy, prywatny hotel przy pla\u017cy w Pafos, Asimina Suites Hotel by Constantinou Bros, jest dobrze usytuowany, blisko centrum miasta i zabytk\u00f3w okolicy.","breadcrumb":{"@id":"https:\/\/www.asimina-cbh.com\/pl\/hotel\/lokalizacja\/#breadcrumb"},"inLanguage":"pl-PL","potentialAction":[{"@type":"ReadAction","target":["https:\/\/www.asimina-cbh.com\/pl\/hotel\/lokalizacja\/"]}]},{"@type":"ImageObject","inLanguage":"pl-PL","@id":"https:\/\/www.asimina-cbh.com\/pl\/hotel\/lokalizacja\/#primaryimage","url":"https:\/\/www.asimina-cbh.com\/app\/uploads\/sites\/31\/2025\/10\/14-ASIMINA-SUITES-HOTEL-LOBBY.jpg","contentUrl":"https:\/\/www.asimina-cbh.com\/app\/uploads\/sites\/31\/2025\/10\/14-ASIMINA-SUITES-HOTEL-LOBBY.jpg","width":2500,"height":1664,"caption":"ASIMINA-SUITES-HOTEL-LOBBY"},{"@type":"BreadcrumbList","@id":"https:\/\/www.asimina-cbh.com\/pl\/hotel\/lokalizacja\/#breadcrumb","itemListElement":[{"@type":"ListItem","position":1,"name":"Home","item":"https:\/\/www.asimina-cbh.com\/pl\/"},{"@type":"ListItem","position":2,"name":"Hotel","item":"https:\/\/www.asimina-cbh.com\/pl\/hotel\/"},{"@type":"ListItem","position":3,"name":"Lokalizacja"}]},{"@type":"WebSite","@id":"https:\/\/www.asimina-cbh.com\/pl\/#website","url":"https:\/\/www.asimina-cbh.com\/pl\/","name":"Asimina Suites Hotel","description":"Constantinou Bros Asimina Suites Hotel, 4 star hotel in Paphos Cyprus","potentialAction":[{"@type":"SearchAction","target":{"@type":"EntryPoint","urlTemplate":"https:\/\/www.asimina-cbh.com\/pl\/?s={search_term_string}"},"query-input":{"@type":"PropertyValueSpecification","valueRequired":true,"valueName":"search_term_string"}}],"inLanguage":"pl-PL"}]}},"_links":{"self":[{"href":"https:\/\/www.asimina-cbh.com\/pl\/wp-json\/wp\/v2\/pages\/12916","targetHints":{"allow":["GET"]}}],"collection":[{"href":"https:\/\/www.asimina-cbh.com\/pl\/wp-json\/wp\/v2\/pages"}],"about":[{"href":"https:\/\/www.asimina-cbh.com\/pl\/wp-json\/wp\/v2\/types\/page"}],"author":[{"embeddable":true,"href":"https:\/\/www.asimina-cbh.com\/pl\/wp-json\/wp\/v2\/users\/1"}],"replies":[{"embeddable":true,"href":"https:\/\/www.asimina-cbh.com\/pl\/wp-json\/wp\/v2\/comments?post=12916"}],"version-history":[{"count":4,"href":"https:\/\/www.asimina-cbh.com\/pl\/wp-json\/wp\/v2\/pages\/12916\/revisions"}],"predecessor-version":[{"id":15920,"href":"https:\/\/www.asimina-cbh.com\/pl\/wp-json\/wp\/v2\/pages\/12916\/revisions\/15920"}],"up":[{"embeddable":true,"href":"https:\/\/www.asimina-cbh.com\/pl\/wp-json\/wp\/v2\/pages\/12981"}],"wp:featuredmedia":[{"embeddable":true,"href":"https:\/\/www.asimina-cbh.com\/pl\/wp-json\/wp\/v2\/media\/15397"}],"wp:attachment":[{"href":"https:\/\/www.asimina-cbh.com\/pl\/wp-json\/wp\/v2\/media?parent=12916"}],"curies":[{"name":"wp","href":"https:\/\/api.w.org\/{rel}","templated":true}]}}