{"id":12917,"date":"2024-07-22T15:05:41","date_gmt":"2024-07-22T12:05:41","guid":{"rendered":"https:\/\/www.asimina-cbh.com\/obiekty-rekreacyjne\/"},"modified":"2026-03-19T15:58:52","modified_gmt":"2026-03-19T12:58:52","slug":"obiekty-rekreacyjne","status":"publish","type":"page","link":"https:\/\/www.asimina-cbh.com\/pl\/hotel\/obiekty-rekreacyjne\/","title":{"rendered":"Wyposa\u017cenie hotelu"},"content":{"rendered":"<p>Hotel oferuje szereg atrakcji dla ka\u017cdego.<\/p>\n<h3>Obiekty sportowe i rekreacyjne<\/h3>\n<ul>\n<li>2 odkryte s\u0142odkowodne baseny o swobodnym kszta\u0142cie z dyszami jacuzzi (po\u0142\u0105czone ze sob\u0105)<\/li>\n<li>1 kryty basen ze s\u0142odk\u0105 wod\u0105, podgrzewany (kwiecie\u0144) z dyszami jacuzzi<\/li>\n<li>Bezp\u0142atne r\u0119czniki pla\u017cowe, le\u017caki i parasole wok\u00f3\u0142 basen\u00f3w i na pla\u017cy.<\/li>\n<li>1 o\u015bwietlony kort tenisowy<\/li>\n<li>22 p\u0142askie kr\u0119gielnie w naszych s\u0105siednich siostrzanych hotelach (ok. 300 m) (za op\u0142at\u0105)<\/li>\n<li>6 krytych kr\u0119gielni w naszych s\u0105siednich siostrzanych hotelach (ok. 300 m) (za op\u0142at\u0105)<\/li>\n<li>12 krytych kr\u0119gielni Short Mat Bowling Greens w naszych s\u0105siednich siostrzanych hotelach (ok. 300 m) (za op\u0142at\u0105)<\/li>\n<li>Tenis sto\u0142owy<\/li>\n<li>Muzyka na \u017cywo<\/li>\n<li>Przechowalnia kij\u00f3w golfowych<\/li>\n<li>Centrum si\u0142owni i SPA<\/li>\n<li>Dzia\u0142ania Wellness<\/li>\n<li>Przechowalnia rower\u00f3w\/rowerownia (wsp\u00f3lna dla siostrzanego hotelu) (pojemno\u015b\u0107 98 rower\u00f3w)<\/li>\n<\/ul>\n","protected":false},"excerpt":{"rendered":"<p>Hotel oferuje szereg atrakcji dla ka\u017cdego. Obiekty sportowe i rekreacyjne 2 odkryte s\u0142odkowodne baseny o swobodnym kszta\u0142cie z dyszami jacuzzi (po\u0142\u0105czone ze sob\u0105) 1 kryty basen ze s\u0142odk\u0105 wod\u0105, podgrzewany (kwiecie\u0144) z dyszami jacuzzi Bezp\u0142atne r\u0119czniki pla\u017cowe, le\u017caki i parasole wok\u00f3\u0142 basen\u00f3w i na pla\u017cy. 1 o\u015bwietlony kort tenisowy 22 p\u0142askie kr\u0119gielnie w naszych s\u0105siednich<\/p>\n","protected":false},"author":1,"featured_media":15917,"parent":12981,"menu_order":0,"comment_status":"closed","ping_status":"closed","template":"","meta":{"_acf_changed":false,"footnotes":""},"class_list":["post-12917","page","type-page","status-publish","has-post-thumbnail","hentry"],"acf":[],"yoast_head":"<!-- This site is optimized with the Yoast SEO plugin v27.5 - https:\/\/yoast.com\/product\/yoast-seo-wordpress\/ -->\n<title>Wyposa\u017cenie hotelu - Asimina Suites Hotel<\/title>\n<meta name=\"description\" content=\"Tutaj znajd\u0105 Pa\u0144stwo wszystkie informacje dotycz\u0105ce udogodnie\u0144 hotelowych w Asimina Suites Hotel w Pafos by Constantinou Bros.\" \/>\n<meta name=\"robots\" content=\"index, follow, max-snippet:-1, max-image-preview:large, max-video-preview:-1\" \/>\n<link rel=\"canonical\" href=\"https:\/\/www.asimina-cbh.com\/pl\/hotel\/obiekty-rekreacyjne\/\" \/>\n<meta property=\"og:locale\" content=\"pl_PL\" \/>\n<meta property=\"og:type\" content=\"article\" \/>\n<meta property=\"og:title\" content=\"Wyposa\u017cenie hotelu - Asimina Suites Hotel\" \/>\n<meta property=\"og:description\" content=\"Tutaj znajd\u0105 Pa\u0144stwo wszystkie informacje dotycz\u0105ce udogodnie\u0144 hotelowych w Asimina Suites Hotel w Pafos by Constantinou Bros.\" \/>\n<meta property=\"og:url\" content=\"https:\/\/www.asimina-cbh.com\/pl\/hotel\/obiekty-rekreacyjne\/\" \/>\n<meta property=\"og:site_name\" content=\"Asimina Suites Hotel\" \/>\n<meta property=\"article:modified_time\" content=\"2026-03-19T12:58:52+00:00\" \/>\n<meta property=\"og:image\" content=\"https:\/\/www.asimina-cbh.com\/app\/uploads\/sites\/31\/2026\/02\/6.1-ASIMINA-SUITES-HOTEL-BEACH-scaled.jpg\" \/>\n\t<meta property=\"og:image:width\" content=\"2560\" \/>\n\t<meta property=\"og:image:height\" content=\"1516\" \/>\n\t<meta property=\"og:image:type\" content=\"image\/jpeg\" \/>\n<meta name=\"twitter:card\" content=\"summary_large_image\" \/>\n<meta name=\"twitter:label1\" content=\"Est. reading time\" \/>\n\t<meta name=\"twitter:data1\" content=\"1 minute\" \/>\n<script type=\"application\/ld+json\" class=\"yoast-schema-graph\">{\"@context\":\"https:\\\/\\\/schema.org\",\"@graph\":[{\"@type\":\"WebPage\",\"@id\":\"https:\\\/\\\/www.asimina-cbh.com\\\/pl\\\/hotel\\\/obiekty-rekreacyjne\\\/\",\"url\":\"https:\\\/\\\/www.asimina-cbh.com\\\/pl\\\/hotel\\\/obiekty-rekreacyjne\\\/\",\"name\":\"Wyposa\u017cenie hotelu - Asimina Suites Hotel\",\"isPartOf\":{\"@id\":\"https:\\\/\\\/www.asimina-cbh.com\\\/pl\\\/#website\"},\"primaryImageOfPage\":{\"@id\":\"https:\\\/\\\/www.asimina-cbh.com\\\/pl\\\/hotel\\\/obiekty-rekreacyjne\\\/#primaryimage\"},\"image\":{\"@id\":\"https:\\\/\\\/www.asimina-cbh.com\\\/pl\\\/hotel\\\/obiekty-rekreacyjne\\\/#primaryimage\"},\"thumbnailUrl\":\"https:\\\/\\\/www.asimina-cbh.com\\\/app\\\/uploads\\\/sites\\\/31\\\/2026\\\/02\\\/6.1-ASIMINA-SUITES-HOTEL-BEACH-scaled.jpg\",\"datePublished\":\"2024-07-22T12:05:41+00:00\",\"dateModified\":\"2026-03-19T12:58:52+00:00\",\"description\":\"Tutaj znajd\u0105 Pa\u0144stwo wszystkie informacje dotycz\u0105ce udogodnie\u0144 hotelowych w Asimina Suites Hotel w Pafos by Constantinou Bros.\",\"breadcrumb\":{\"@id\":\"https:\\\/\\\/www.asimina-cbh.com\\\/pl\\\/hotel\\\/obiekty-rekreacyjne\\\/#breadcrumb\"},\"inLanguage\":\"pl-PL\",\"potentialAction\":[{\"@type\":\"ReadAction\",\"target\":[\"https:\\\/\\\/www.asimina-cbh.com\\\/pl\\\/hotel\\\/obiekty-rekreacyjne\\\/\"]}]},{\"@type\":\"ImageObject\",\"inLanguage\":\"pl-PL\",\"@id\":\"https:\\\/\\\/www.asimina-cbh.com\\\/pl\\\/hotel\\\/obiekty-rekreacyjne\\\/#primaryimage\",\"url\":\"https:\\\/\\\/www.asimina-cbh.com\\\/app\\\/uploads\\\/sites\\\/31\\\/2026\\\/02\\\/6.1-ASIMINA-SUITES-HOTEL-BEACH-scaled.jpg\",\"contentUrl\":\"https:\\\/\\\/www.asimina-cbh.com\\\/app\\\/uploads\\\/sites\\\/31\\\/2026\\\/02\\\/6.1-ASIMINA-SUITES-HOTEL-BEACH-scaled.jpg\",\"width\":2560,\"height\":1516},{\"@type\":\"BreadcrumbList\",\"@id\":\"https:\\\/\\\/www.asimina-cbh.com\\\/pl\\\/hotel\\\/obiekty-rekreacyjne\\\/#breadcrumb\",\"itemListElement\":[{\"@type\":\"ListItem\",\"position\":1,\"name\":\"Home\",\"item\":\"https:\\\/\\\/www.asimina-cbh.com\\\/pl\\\/\"},{\"@type\":\"ListItem\",\"position\":2,\"name\":\"Hotel\",\"item\":\"https:\\\/\\\/www.asimina-cbh.com\\\/pl\\\/hotel\\\/\"},{\"@type\":\"ListItem\",\"position\":3,\"name\":\"Wyposa\u017cenie hotelu\"}]},{\"@type\":\"WebSite\",\"@id\":\"https:\\\/\\\/www.asimina-cbh.com\\\/pl\\\/#website\",\"url\":\"https:\\\/\\\/www.asimina-cbh.com\\\/pl\\\/\",\"name\":\"Asimina Suites Hotel\",\"description\":\"Constantinou Bros Asimina Suites Hotel, 4 star hotel in Paphos Cyprus\",\"potentialAction\":[{\"@type\":\"SearchAction\",\"target\":{\"@type\":\"EntryPoint\",\"urlTemplate\":\"https:\\\/\\\/www.asimina-cbh.com\\\/pl\\\/?s={search_term_string}\"},\"query-input\":{\"@type\":\"PropertyValueSpecification\",\"valueRequired\":true,\"valueName\":\"search_term_string\"}}],\"inLanguage\":\"pl-PL\"}]}<\/script>\n<!-- \/ Yoast SEO plugin. -->","yoast_head_json":{"title":"Wyposa\u017cenie hotelu - Asimina Suites Hotel","description":"Tutaj znajd\u0105 Pa\u0144stwo wszystkie informacje dotycz\u0105ce udogodnie\u0144 hotelowych w Asimina Suites Hotel w Pafos by Constantinou Bros.","robots":{"index":"index","follow":"follow","max-snippet":"max-snippet:-1","max-image-preview":"max-image-preview:large","max-video-preview":"max-video-preview:-1"},"canonical":"https:\/\/www.asimina-cbh.com\/pl\/hotel\/obiekty-rekreacyjne\/","og_locale":"pl_PL","og_type":"article","og_title":"Wyposa\u017cenie hotelu - Asimina Suites Hotel","og_description":"Tutaj znajd\u0105 Pa\u0144stwo wszystkie informacje dotycz\u0105ce udogodnie\u0144 hotelowych w Asimina Suites Hotel w Pafos by Constantinou Bros.","og_url":"https:\/\/www.asimina-cbh.com\/pl\/hotel\/obiekty-rekreacyjne\/","og_site_name":"Asimina Suites Hotel","article_modified_time":"2026-03-19T12:58:52+00:00","og_image":[{"width":2560,"height":1516,"url":"https:\/\/www.asimina-cbh.com\/app\/uploads\/sites\/31\/2026\/02\/6.1-ASIMINA-SUITES-HOTEL-BEACH-scaled.jpg","type":"image\/jpeg"}],"twitter_card":"summary_large_image","twitter_misc":{"Est. reading time":"1 minute"},"schema":{"@context":"https:\/\/schema.org","@graph":[{"@type":"WebPage","@id":"https:\/\/www.asimina-cbh.com\/pl\/hotel\/obiekty-rekreacyjne\/","url":"https:\/\/www.asimina-cbh.com\/pl\/hotel\/obiekty-rekreacyjne\/","name":"Wyposa\u017cenie hotelu - Asimina Suites Hotel","isPartOf":{"@id":"https:\/\/www.asimina-cbh.com\/pl\/#website"},"primaryImageOfPage":{"@id":"https:\/\/www.asimina-cbh.com\/pl\/hotel\/obiekty-rekreacyjne\/#primaryimage"},"image":{"@id":"https:\/\/www.asimina-cbh.com\/pl\/hotel\/obiekty-rekreacyjne\/#primaryimage"},"thumbnailUrl":"https:\/\/www.asimina-cbh.com\/app\/uploads\/sites\/31\/2026\/02\/6.1-ASIMINA-SUITES-HOTEL-BEACH-scaled.jpg","datePublished":"2024-07-22T12:05:41+00:00","dateModified":"2026-03-19T12:58:52+00:00","description":"Tutaj znajd\u0105 Pa\u0144stwo wszystkie informacje dotycz\u0105ce udogodnie\u0144 hotelowych w Asimina Suites Hotel w Pafos by Constantinou Bros.","breadcrumb":{"@id":"https:\/\/www.asimina-cbh.com\/pl\/hotel\/obiekty-rekreacyjne\/#breadcrumb"},"inLanguage":"pl-PL","potentialAction":[{"@type":"ReadAction","target":["https:\/\/www.asimina-cbh.com\/pl\/hotel\/obiekty-rekreacyjne\/"]}]},{"@type":"ImageObject","inLanguage":"pl-PL","@id":"https:\/\/www.asimina-cbh.com\/pl\/hotel\/obiekty-rekreacyjne\/#primaryimage","url":"https:\/\/www.asimina-cbh.com\/app\/uploads\/sites\/31\/2026\/02\/6.1-ASIMINA-SUITES-HOTEL-BEACH-scaled.jpg","contentUrl":"https:\/\/www.asimina-cbh.com\/app\/uploads\/sites\/31\/2026\/02\/6.1-ASIMINA-SUITES-HOTEL-BEACH-scaled.jpg","width":2560,"height":1516},{"@type":"BreadcrumbList","@id":"https:\/\/www.asimina-cbh.com\/pl\/hotel\/obiekty-rekreacyjne\/#breadcrumb","itemListElement":[{"@type":"ListItem","position":1,"name":"Home","item":"https:\/\/www.asimina-cbh.com\/pl\/"},{"@type":"ListItem","position":2,"name":"Hotel","item":"https:\/\/www.asimina-cbh.com\/pl\/hotel\/"},{"@type":"ListItem","position":3,"name":"Wyposa\u017cenie hotelu"}]},{"@type":"WebSite","@id":"https:\/\/www.asimina-cbh.com\/pl\/#website","url":"https:\/\/www.asimina-cbh.com\/pl\/","name":"Asimina Suites Hotel","description":"Constantinou Bros Asimina Suites Hotel, 4 star hotel in Paphos Cyprus","potentialAction":[{"@type":"SearchAction","target":{"@type":"EntryPoint","urlTemplate":"https:\/\/www.asimina-cbh.com\/pl\/?s={search_term_string}"},"query-input":{"@type":"PropertyValueSpecification","valueRequired":true,"valueName":"search_term_string"}}],"inLanguage":"pl-PL"}]}},"_links":{"self":[{"href":"https:\/\/www.asimina-cbh.com\/pl\/wp-json\/wp\/v2\/pages\/12917","targetHints":{"allow":["GET"]}}],"collection":[{"href":"https:\/\/www.asimina-cbh.com\/pl\/wp-json\/wp\/v2\/pages"}],"about":[{"href":"https:\/\/www.asimina-cbh.com\/pl\/wp-json\/wp\/v2\/types\/page"}],"author":[{"embeddable":true,"href":"https:\/\/www.asimina-cbh.com\/pl\/wp-json\/wp\/v2\/users\/1"}],"replies":[{"embeddable":true,"href":"https:\/\/www.asimina-cbh.com\/pl\/wp-json\/wp\/v2\/comments?post=12917"}],"version-history":[{"count":2,"href":"https:\/\/www.asimina-cbh.com\/pl\/wp-json\/wp\/v2\/pages\/12917\/revisions"}],"predecessor-version":[{"id":14486,"href":"https:\/\/www.asimina-cbh.com\/pl\/wp-json\/wp\/v2\/pages\/12917\/revisions\/14486"}],"up":[{"embeddable":true,"href":"https:\/\/www.asimina-cbh.com\/pl\/wp-json\/wp\/v2\/pages\/12981"}],"wp:featuredmedia":[{"embeddable":true,"href":"https:\/\/www.asimina-cbh.com\/pl\/wp-json\/wp\/v2\/media\/15917"}],"wp:attachment":[{"href":"https:\/\/www.asimina-cbh.com\/pl\/wp-json\/wp\/v2\/media?parent=12917"}],"curies":[{"name":"wp","href":"https:\/\/api.w.org\/{rel}","templated":true}]}}