{"id":12921,"date":"2024-07-22T15:05:43","date_gmt":"2024-07-22T12:05:43","guid":{"rendered":"https:\/\/www.asimina-cbh.com\/cechy-szczegolne\/"},"modified":"2026-03-19T15:58:56","modified_gmt":"2026-03-19T12:58:56","slug":"cechy-szczegolne","status":"publish","type":"page","link":"https:\/\/www.asimina-cbh.com\/pl\/hotel\/cechy-szczegolne\/","title":{"rendered":"Cechy szczeg\u00f3lne"},"content":{"rendered":"<h3>Cechy szczeg\u00f3lne<\/h3>\n<ul>\n<li>Hotel dla doros\u0142ych (powy\u017cej 16 roku \u017cycia)<\/li>\n<li>Us\u0142uga zameldowania VIP z bezp\u0142atnym drinkiem powitalnym i zimnymi r\u0119cznikami<\/li>\n<li>Zakaz palenia we wszystkich pomieszczeniach<\/li>\n<li>Skutery inwalidzkie nie s\u0105 dozwolone na terenie hotelu &#8211; dost\u0119pny jest wyznaczony parking.<\/li>\n<li>Elektryczne lub r\u0119czne w\u00f3zki inwalidzkie s\u0105 dozwolone na terenie hotelu.<\/li>\n<li>Wszystkie dzia\u0142y \u017cywno\u015bci i napoj\u00f3w bezgot\u00f3wkowe (tylko op\u0142ata za pok\u00f3j lub p\u0142atno\u015b\u0107 kart\u0105 kredytow\u0105)<\/li>\n<li>Sklep z pami\u0105tkami<\/li>\n<li>Bezp\u0142atny bezprzewodowy dost\u0119p do Internetu we wszystkich apartamentach i pomieszczeniach og\u00f3lnodost\u0119pnych<\/li>\n<li>P\u00f3\u017ane \u015bniadanie do godziny 11:00.<\/li>\n<li>Bezp\u0142atny parking<\/li>\n<li>Pi\u0119kne ogrody i piaszczysta pla\u017ca<\/li>\n<li>Rezerwacje linii lotniczych<\/li>\n<li>24-godzinny serwis taks\u00f3wkowy<\/li>\n<li>24-godzinny lekarz na wezwanie<\/li>\n<li>Wymiana walut<\/li>\n<li>Wypo\u017cyczalnie samochod\u00f3w i rower\u00f3w<\/li>\n<li>Rezerwacje wycieczek i rejs\u00f3w<\/li>\n<li>Us\u0142ugi limuzynowe<\/li>\n<li>Pralnia i czyszczenie chemiczne dost\u0119pne<\/li>\n<li>Wynajem helikopter\u00f3w i prywatnych odrzutowc\u00f3w<\/li>\n<li>Wynajem jacht\u00f3w<\/li>\n<\/ul>\n","protected":false},"excerpt":{"rendered":"<p>Cechy szczeg\u00f3lne Hotel dla doros\u0142ych (powy\u017cej 16 roku \u017cycia) Us\u0142uga zameldowania VIP z bezp\u0142atnym drinkiem powitalnym i zimnymi r\u0119cznikami Zakaz palenia we wszystkich pomieszczeniach Skutery inwalidzkie nie s\u0105 dozwolone na terenie hotelu &#8211; dost\u0119pny jest wyznaczony parking. Elektryczne lub r\u0119czne w\u00f3zki inwalidzkie s\u0105 dozwolone na terenie hotelu. Wszystkie dzia\u0142y \u017cywno\u015bci i napoj\u00f3w bezgot\u00f3wkowe (tylko op\u0142ata<\/p>\n","protected":false},"author":1,"featured_media":16012,"parent":12981,"menu_order":0,"comment_status":"closed","ping_status":"closed","template":"","meta":{"_acf_changed":false,"footnotes":""},"class_list":["post-12921","page","type-page","status-publish","has-post-thumbnail","hentry"],"acf":[],"yoast_head":"<!-- This site is optimized with the Yoast SEO plugin v27.5 - https:\/\/yoast.com\/product\/yoast-seo-wordpress\/ -->\n<title>Cechy szczeg\u00f3lne - Asimina Suites Hotel<\/title>\n<meta name=\"description\" content=\"Tutaj znajd\u0105 Pa\u0144stwo pe\u0142ne spektrum us\u0142ug i specjalnych funkcji oferowanych przez Asimina Suites Hotel w Pafos by Constantinou Bros.\" \/>\n<meta name=\"robots\" content=\"index, follow, max-snippet:-1, max-image-preview:large, max-video-preview:-1\" \/>\n<link rel=\"canonical\" href=\"https:\/\/www.asimina-cbh.com\/pl\/hotel\/cechy-szczegolne\/\" \/>\n<meta property=\"og:locale\" content=\"pl_PL\" \/>\n<meta property=\"og:type\" content=\"article\" \/>\n<meta property=\"og:title\" content=\"Cechy szczeg\u00f3lne - Asimina Suites Hotel\" \/>\n<meta property=\"og:description\" content=\"Tutaj znajd\u0105 Pa\u0144stwo pe\u0142ne spektrum us\u0142ug i specjalnych funkcji oferowanych przez Asimina Suites Hotel w Pafos by Constantinou Bros.\" \/>\n<meta property=\"og:url\" content=\"https:\/\/www.asimina-cbh.com\/pl\/hotel\/cechy-szczegolne\/\" \/>\n<meta property=\"og:site_name\" content=\"Asimina Suites Hotel\" \/>\n<meta property=\"article:modified_time\" content=\"2026-03-19T12:58:56+00:00\" \/>\n<meta property=\"og:image\" content=\"https:\/\/www.asimina-cbh.com\/app\/uploads\/sites\/31\/2026\/02\/5.1-ASIMINA-SUITES-HOTEL-BEACH-CABANAS-1-scaled.jpg\" \/>\n\t<meta property=\"og:image:width\" content=\"2560\" \/>\n\t<meta property=\"og:image:height\" content=\"1440\" \/>\n\t<meta property=\"og:image:type\" content=\"image\/jpeg\" \/>\n<meta name=\"twitter:card\" content=\"summary_large_image\" \/>\n<meta name=\"twitter:label1\" content=\"Est. reading time\" \/>\n\t<meta name=\"twitter:data1\" content=\"1 minute\" \/>\n<script type=\"application\/ld+json\" class=\"yoast-schema-graph\">{\"@context\":\"https:\\\/\\\/schema.org\",\"@graph\":[{\"@type\":\"WebPage\",\"@id\":\"https:\\\/\\\/www.asimina-cbh.com\\\/pl\\\/hotel\\\/cechy-szczegolne\\\/\",\"url\":\"https:\\\/\\\/www.asimina-cbh.com\\\/pl\\\/hotel\\\/cechy-szczegolne\\\/\",\"name\":\"Cechy szczeg\u00f3lne - Asimina Suites Hotel\",\"isPartOf\":{\"@id\":\"https:\\\/\\\/www.asimina-cbh.com\\\/pl\\\/#website\"},\"primaryImageOfPage\":{\"@id\":\"https:\\\/\\\/www.asimina-cbh.com\\\/pl\\\/hotel\\\/cechy-szczegolne\\\/#primaryimage\"},\"image\":{\"@id\":\"https:\\\/\\\/www.asimina-cbh.com\\\/pl\\\/hotel\\\/cechy-szczegolne\\\/#primaryimage\"},\"thumbnailUrl\":\"https:\\\/\\\/www.asimina-cbh.com\\\/app\\\/uploads\\\/sites\\\/31\\\/2026\\\/02\\\/5.1-ASIMINA-SUITES-HOTEL-BEACH-CABANAS-1-scaled.jpg\",\"datePublished\":\"2024-07-22T12:05:43+00:00\",\"dateModified\":\"2026-03-19T12:58:56+00:00\",\"description\":\"Tutaj znajd\u0105 Pa\u0144stwo pe\u0142ne spektrum us\u0142ug i specjalnych funkcji oferowanych przez Asimina Suites Hotel w Pafos by Constantinou Bros.\",\"breadcrumb\":{\"@id\":\"https:\\\/\\\/www.asimina-cbh.com\\\/pl\\\/hotel\\\/cechy-szczegolne\\\/#breadcrumb\"},\"inLanguage\":\"pl-PL\",\"potentialAction\":[{\"@type\":\"ReadAction\",\"target\":[\"https:\\\/\\\/www.asimina-cbh.com\\\/pl\\\/hotel\\\/cechy-szczegolne\\\/\"]}]},{\"@type\":\"ImageObject\",\"inLanguage\":\"pl-PL\",\"@id\":\"https:\\\/\\\/www.asimina-cbh.com\\\/pl\\\/hotel\\\/cechy-szczegolne\\\/#primaryimage\",\"url\":\"https:\\\/\\\/www.asimina-cbh.com\\\/app\\\/uploads\\\/sites\\\/31\\\/2026\\\/02\\\/5.1-ASIMINA-SUITES-HOTEL-BEACH-CABANAS-1-scaled.jpg\",\"contentUrl\":\"https:\\\/\\\/www.asimina-cbh.com\\\/app\\\/uploads\\\/sites\\\/31\\\/2026\\\/02\\\/5.1-ASIMINA-SUITES-HOTEL-BEACH-CABANAS-1-scaled.jpg\",\"width\":2560,\"height\":1440},{\"@type\":\"BreadcrumbList\",\"@id\":\"https:\\\/\\\/www.asimina-cbh.com\\\/pl\\\/hotel\\\/cechy-szczegolne\\\/#breadcrumb\",\"itemListElement\":[{\"@type\":\"ListItem\",\"position\":1,\"name\":\"Home\",\"item\":\"https:\\\/\\\/www.asimina-cbh.com\\\/pl\\\/\"},{\"@type\":\"ListItem\",\"position\":2,\"name\":\"Hotel\",\"item\":\"https:\\\/\\\/www.asimina-cbh.com\\\/pl\\\/hotel\\\/\"},{\"@type\":\"ListItem\",\"position\":3,\"name\":\"Cechy szczeg\u00f3lne\"}]},{\"@type\":\"WebSite\",\"@id\":\"https:\\\/\\\/www.asimina-cbh.com\\\/pl\\\/#website\",\"url\":\"https:\\\/\\\/www.asimina-cbh.com\\\/pl\\\/\",\"name\":\"Asimina Suites Hotel\",\"description\":\"Constantinou Bros Asimina Suites Hotel, 4 star hotel in Paphos Cyprus\",\"potentialAction\":[{\"@type\":\"SearchAction\",\"target\":{\"@type\":\"EntryPoint\",\"urlTemplate\":\"https:\\\/\\\/www.asimina-cbh.com\\\/pl\\\/?s={search_term_string}\"},\"query-input\":{\"@type\":\"PropertyValueSpecification\",\"valueRequired\":true,\"valueName\":\"search_term_string\"}}],\"inLanguage\":\"pl-PL\"}]}<\/script>\n<!-- \/ Yoast SEO plugin. -->","yoast_head_json":{"title":"Cechy szczeg\u00f3lne - Asimina Suites Hotel","description":"Tutaj znajd\u0105 Pa\u0144stwo pe\u0142ne spektrum us\u0142ug i specjalnych funkcji oferowanych przez Asimina Suites Hotel w Pafos by Constantinou Bros.","robots":{"index":"index","follow":"follow","max-snippet":"max-snippet:-1","max-image-preview":"max-image-preview:large","max-video-preview":"max-video-preview:-1"},"canonical":"https:\/\/www.asimina-cbh.com\/pl\/hotel\/cechy-szczegolne\/","og_locale":"pl_PL","og_type":"article","og_title":"Cechy szczeg\u00f3lne - Asimina Suites Hotel","og_description":"Tutaj znajd\u0105 Pa\u0144stwo pe\u0142ne spektrum us\u0142ug i specjalnych funkcji oferowanych przez Asimina Suites Hotel w Pafos by Constantinou Bros.","og_url":"https:\/\/www.asimina-cbh.com\/pl\/hotel\/cechy-szczegolne\/","og_site_name":"Asimina Suites Hotel","article_modified_time":"2026-03-19T12:58:56+00:00","og_image":[{"width":2560,"height":1440,"url":"https:\/\/www.asimina-cbh.com\/app\/uploads\/sites\/31\/2026\/02\/5.1-ASIMINA-SUITES-HOTEL-BEACH-CABANAS-1-scaled.jpg","type":"image\/jpeg"}],"twitter_card":"summary_large_image","twitter_misc":{"Est. reading time":"1 minute"},"schema":{"@context":"https:\/\/schema.org","@graph":[{"@type":"WebPage","@id":"https:\/\/www.asimina-cbh.com\/pl\/hotel\/cechy-szczegolne\/","url":"https:\/\/www.asimina-cbh.com\/pl\/hotel\/cechy-szczegolne\/","name":"Cechy szczeg\u00f3lne - Asimina Suites Hotel","isPartOf":{"@id":"https:\/\/www.asimina-cbh.com\/pl\/#website"},"primaryImageOfPage":{"@id":"https:\/\/www.asimina-cbh.com\/pl\/hotel\/cechy-szczegolne\/#primaryimage"},"image":{"@id":"https:\/\/www.asimina-cbh.com\/pl\/hotel\/cechy-szczegolne\/#primaryimage"},"thumbnailUrl":"https:\/\/www.asimina-cbh.com\/app\/uploads\/sites\/31\/2026\/02\/5.1-ASIMINA-SUITES-HOTEL-BEACH-CABANAS-1-scaled.jpg","datePublished":"2024-07-22T12:05:43+00:00","dateModified":"2026-03-19T12:58:56+00:00","description":"Tutaj znajd\u0105 Pa\u0144stwo pe\u0142ne spektrum us\u0142ug i specjalnych funkcji oferowanych przez Asimina Suites Hotel w Pafos by Constantinou Bros.","breadcrumb":{"@id":"https:\/\/www.asimina-cbh.com\/pl\/hotel\/cechy-szczegolne\/#breadcrumb"},"inLanguage":"pl-PL","potentialAction":[{"@type":"ReadAction","target":["https:\/\/www.asimina-cbh.com\/pl\/hotel\/cechy-szczegolne\/"]}]},{"@type":"ImageObject","inLanguage":"pl-PL","@id":"https:\/\/www.asimina-cbh.com\/pl\/hotel\/cechy-szczegolne\/#primaryimage","url":"https:\/\/www.asimina-cbh.com\/app\/uploads\/sites\/31\/2026\/02\/5.1-ASIMINA-SUITES-HOTEL-BEACH-CABANAS-1-scaled.jpg","contentUrl":"https:\/\/www.asimina-cbh.com\/app\/uploads\/sites\/31\/2026\/02\/5.1-ASIMINA-SUITES-HOTEL-BEACH-CABANAS-1-scaled.jpg","width":2560,"height":1440},{"@type":"BreadcrumbList","@id":"https:\/\/www.asimina-cbh.com\/pl\/hotel\/cechy-szczegolne\/#breadcrumb","itemListElement":[{"@type":"ListItem","position":1,"name":"Home","item":"https:\/\/www.asimina-cbh.com\/pl\/"},{"@type":"ListItem","position":2,"name":"Hotel","item":"https:\/\/www.asimina-cbh.com\/pl\/hotel\/"},{"@type":"ListItem","position":3,"name":"Cechy szczeg\u00f3lne"}]},{"@type":"WebSite","@id":"https:\/\/www.asimina-cbh.com\/pl\/#website","url":"https:\/\/www.asimina-cbh.com\/pl\/","name":"Asimina Suites Hotel","description":"Constantinou Bros Asimina Suites Hotel, 4 star hotel in Paphos Cyprus","potentialAction":[{"@type":"SearchAction","target":{"@type":"EntryPoint","urlTemplate":"https:\/\/www.asimina-cbh.com\/pl\/?s={search_term_string}"},"query-input":{"@type":"PropertyValueSpecification","valueRequired":true,"valueName":"search_term_string"}}],"inLanguage":"pl-PL"}]}},"_links":{"self":[{"href":"https:\/\/www.asimina-cbh.com\/pl\/wp-json\/wp\/v2\/pages\/12921","targetHints":{"allow":["GET"]}}],"collection":[{"href":"https:\/\/www.asimina-cbh.com\/pl\/wp-json\/wp\/v2\/pages"}],"about":[{"href":"https:\/\/www.asimina-cbh.com\/pl\/wp-json\/wp\/v2\/types\/page"}],"author":[{"embeddable":true,"href":"https:\/\/www.asimina-cbh.com\/pl\/wp-json\/wp\/v2\/users\/1"}],"replies":[{"embeddable":true,"href":"https:\/\/www.asimina-cbh.com\/pl\/wp-json\/wp\/v2\/comments?post=12921"}],"version-history":[{"count":1,"href":"https:\/\/www.asimina-cbh.com\/pl\/wp-json\/wp\/v2\/pages\/12921\/revisions"}],"predecessor-version":[{"id":12983,"href":"https:\/\/www.asimina-cbh.com\/pl\/wp-json\/wp\/v2\/pages\/12921\/revisions\/12983"}],"up":[{"embeddable":true,"href":"https:\/\/www.asimina-cbh.com\/pl\/wp-json\/wp\/v2\/pages\/12981"}],"wp:featuredmedia":[{"embeddable":true,"href":"https:\/\/www.asimina-cbh.com\/pl\/wp-json\/wp\/v2\/media\/16012"}],"wp:attachment":[{"href":"https:\/\/www.asimina-cbh.com\/pl\/wp-json\/wp\/v2\/media?parent=12921"}],"curies":[{"name":"wp","href":"https:\/\/api.w.org\/{rel}","templated":true}]}}