{"id":12932,"date":"2024-07-22T15:05:52","date_gmt":"2024-07-22T12:05:52","guid":{"rendered":"https:\/\/www.asimina-cbh.com\/nagrody\/"},"modified":"2026-03-31T14:39:32","modified_gmt":"2026-03-31T11:39:32","slug":"nagrody","status":"publish","type":"page","link":"https:\/\/www.asimina-cbh.com\/pl\/nagrody\/","title":{"rendered":"Nagrody"},"content":{"rendered":"<p>Ka\u017cda bran\u017ca ma swoje kryteria, mierniki sukcesu. Bran\u017ca hotelarska stosuje system nagr\u00f3d oparty na punktach zgromadzonych przez hotele zgodnie z kwestionariuszami, kt\u00f3re touroperatorzy prosz\u0105 swoich klient\u00f3w o wype\u0142nienie pod koniec wakacji. <\/p>\n<p>Hotel Asimina Suites mo\u017ce poszczyci\u0107 si\u0119 imponuj\u0105c\u0105 liczb\u0105 nagr\u00f3d zdobytych od momentu jego otwarcia.<\/p>\n","protected":false},"excerpt":{"rendered":"<p>Ka\u017cda bran\u017ca ma swoje kryteria, mierniki sukcesu. Bran\u017ca hotelarska stosuje system nagr\u00f3d oparty na punktach zgromadzonych przez hotele zgodnie z kwestionariuszami, kt\u00f3re touroperatorzy prosz\u0105 swoich klient\u00f3w o wype\u0142nienie pod koniec wakacji. Hotel Asimina Suites mo\u017ce poszczyci\u0107 si\u0119 imponuj\u0105c\u0105 liczb\u0105 nagr\u00f3d zdobytych od momentu jego otwarcia.<\/p>\n","protected":false},"author":1,"featured_media":14269,"parent":0,"menu_order":0,"comment_status":"closed","ping_status":"closed","template":"page-templates\/accordion.php","meta":{"_acf_changed":false,"footnotes":""},"class_list":["post-12932","page","type-page","status-publish","has-post-thumbnail","hentry"],"acf":[],"yoast_head":"<!-- This site is optimized with the Yoast SEO plugin v27.5 - https:\/\/yoast.com\/product\/yoast-seo-wordpress\/ -->\n<title>Lista nagr\u00f3d dla hotelu Asimina Suites || Hotel Asimina Suites<\/title>\n<meta name=\"description\" content=\"Tutaj znajd\u0105 Pa\u0144stwo list\u0119 wszystkich nagr\u00f3d, wyr\u00f3\u017cnie\u0144, odznacze\u0144 i certyfikat\u00f3w przyznanych Asimina Suites Hotel od 2010 roku do dzi\u015b.\" \/>\n<meta name=\"robots\" content=\"index, follow, max-snippet:-1, max-image-preview:large, max-video-preview:-1\" \/>\n<link rel=\"canonical\" href=\"https:\/\/www.asimina-cbh.com\/pl\/nagrody\/\" \/>\n<meta property=\"og:locale\" content=\"pl_PL\" \/>\n<meta property=\"og:type\" content=\"article\" \/>\n<meta property=\"og:title\" content=\"Lista nagr\u00f3d dla hotelu Asimina Suites || Hotel Asimina Suites\" \/>\n<meta property=\"og:description\" content=\"Tutaj znajd\u0105 Pa\u0144stwo list\u0119 wszystkich nagr\u00f3d, wyr\u00f3\u017cnie\u0144, odznacze\u0144 i certyfikat\u00f3w przyznanych Asimina Suites Hotel od 2010 roku do dzi\u015b.\" \/>\n<meta property=\"og:url\" content=\"https:\/\/www.asimina-cbh.com\/pl\/nagrody\/\" \/>\n<meta property=\"og:site_name\" content=\"Asimina Suites Hotel\" \/>\n<meta property=\"article:modified_time\" content=\"2026-03-31T11:39:32+00:00\" \/>\n<meta property=\"og:image\" content=\"https:\/\/www.asimina-cbh.com\/app\/uploads\/sites\/31\/2024\/07\/Logo_BW_with_Gold_Star_-_Quallity_Award_2023_-_Asimina_Suites_copy.jpg\" \/>\n\t<meta property=\"og:image:width\" content=\"640\" \/>\n\t<meta property=\"og:image:height\" content=\"640\" \/>\n\t<meta property=\"og:image:type\" content=\"image\/jpeg\" \/>\n<meta name=\"twitter:card\" content=\"summary_large_image\" \/>\n<meta name=\"twitter:label1\" content=\"Est. reading time\" \/>\n\t<meta name=\"twitter:data1\" content=\"1 minute\" \/>\n<script type=\"application\/ld+json\" class=\"yoast-schema-graph\">{\"@context\":\"https:\\\/\\\/schema.org\",\"@graph\":[{\"@type\":\"WebPage\",\"@id\":\"https:\\\/\\\/www.asimina-cbh.com\\\/pl\\\/nagrody\\\/\",\"url\":\"https:\\\/\\\/www.asimina-cbh.com\\\/pl\\\/nagrody\\\/\",\"name\":\"Lista nagr\u00f3d dla hotelu Asimina Suites || Hotel Asimina Suites\",\"isPartOf\":{\"@id\":\"https:\\\/\\\/www.asimina-cbh.com\\\/pl\\\/#website\"},\"primaryImageOfPage\":{\"@id\":\"https:\\\/\\\/www.asimina-cbh.com\\\/pl\\\/nagrody\\\/#primaryimage\"},\"image\":{\"@id\":\"https:\\\/\\\/www.asimina-cbh.com\\\/pl\\\/nagrody\\\/#primaryimage\"},\"thumbnailUrl\":\"https:\\\/\\\/www.asimina-cbh.com\\\/app\\\/uploads\\\/sites\\\/31\\\/2024\\\/07\\\/Logo_BW_with_Gold_Star_-_Quallity_Award_2023_-_Asimina_Suites_copy.jpg\",\"datePublished\":\"2024-07-22T12:05:52+00:00\",\"dateModified\":\"2026-03-31T11:39:32+00:00\",\"description\":\"Tutaj znajd\u0105 Pa\u0144stwo list\u0119 wszystkich nagr\u00f3d, wyr\u00f3\u017cnie\u0144, odznacze\u0144 i certyfikat\u00f3w przyznanych Asimina Suites Hotel od 2010 roku do dzi\u015b.\",\"breadcrumb\":{\"@id\":\"https:\\\/\\\/www.asimina-cbh.com\\\/pl\\\/nagrody\\\/#breadcrumb\"},\"inLanguage\":\"pl-PL\",\"potentialAction\":[{\"@type\":\"ReadAction\",\"target\":[\"https:\\\/\\\/www.asimina-cbh.com\\\/pl\\\/nagrody\\\/\"]}]},{\"@type\":\"ImageObject\",\"inLanguage\":\"pl-PL\",\"@id\":\"https:\\\/\\\/www.asimina-cbh.com\\\/pl\\\/nagrody\\\/#primaryimage\",\"url\":\"https:\\\/\\\/www.asimina-cbh.com\\\/app\\\/uploads\\\/sites\\\/31\\\/2024\\\/07\\\/Logo_BW_with_Gold_Star_-_Quallity_Award_2023_-_Asimina_Suites_copy.jpg\",\"contentUrl\":\"https:\\\/\\\/www.asimina-cbh.com\\\/app\\\/uploads\\\/sites\\\/31\\\/2024\\\/07\\\/Logo_BW_with_Gold_Star_-_Quallity_Award_2023_-_Asimina_Suites_copy.jpg\",\"width\":640,\"height\":640},{\"@type\":\"BreadcrumbList\",\"@id\":\"https:\\\/\\\/www.asimina-cbh.com\\\/pl\\\/nagrody\\\/#breadcrumb\",\"itemListElement\":[{\"@type\":\"ListItem\",\"position\":1,\"name\":\"Home\",\"item\":\"https:\\\/\\\/www.asimina-cbh.com\\\/pl\\\/\"},{\"@type\":\"ListItem\",\"position\":2,\"name\":\"Nagrody\"}]},{\"@type\":\"WebSite\",\"@id\":\"https:\\\/\\\/www.asimina-cbh.com\\\/pl\\\/#website\",\"url\":\"https:\\\/\\\/www.asimina-cbh.com\\\/pl\\\/\",\"name\":\"Asimina Suites Hotel\",\"description\":\"Constantinou Bros Asimina Suites Hotel, 4 star hotel in Paphos Cyprus\",\"potentialAction\":[{\"@type\":\"SearchAction\",\"target\":{\"@type\":\"EntryPoint\",\"urlTemplate\":\"https:\\\/\\\/www.asimina-cbh.com\\\/pl\\\/?s={search_term_string}\"},\"query-input\":{\"@type\":\"PropertyValueSpecification\",\"valueRequired\":true,\"valueName\":\"search_term_string\"}}],\"inLanguage\":\"pl-PL\"}]}<\/script>\n<!-- \/ Yoast SEO plugin. -->","yoast_head_json":{"title":"Lista nagr\u00f3d dla hotelu Asimina Suites || Hotel Asimina Suites","description":"Tutaj znajd\u0105 Pa\u0144stwo list\u0119 wszystkich nagr\u00f3d, wyr\u00f3\u017cnie\u0144, odznacze\u0144 i certyfikat\u00f3w przyznanych Asimina Suites Hotel od 2010 roku do dzi\u015b.","robots":{"index":"index","follow":"follow","max-snippet":"max-snippet:-1","max-image-preview":"max-image-preview:large","max-video-preview":"max-video-preview:-1"},"canonical":"https:\/\/www.asimina-cbh.com\/pl\/nagrody\/","og_locale":"pl_PL","og_type":"article","og_title":"Lista nagr\u00f3d dla hotelu Asimina Suites || Hotel Asimina Suites","og_description":"Tutaj znajd\u0105 Pa\u0144stwo list\u0119 wszystkich nagr\u00f3d, wyr\u00f3\u017cnie\u0144, odznacze\u0144 i certyfikat\u00f3w przyznanych Asimina Suites Hotel od 2010 roku do dzi\u015b.","og_url":"https:\/\/www.asimina-cbh.com\/pl\/nagrody\/","og_site_name":"Asimina Suites Hotel","article_modified_time":"2026-03-31T11:39:32+00:00","og_image":[{"width":640,"height":640,"url":"https:\/\/www.asimina-cbh.com\/app\/uploads\/sites\/31\/2024\/07\/Logo_BW_with_Gold_Star_-_Quallity_Award_2023_-_Asimina_Suites_copy.jpg","type":"image\/jpeg"}],"twitter_card":"summary_large_image","twitter_misc":{"Est. reading time":"1 minute"},"schema":{"@context":"https:\/\/schema.org","@graph":[{"@type":"WebPage","@id":"https:\/\/www.asimina-cbh.com\/pl\/nagrody\/","url":"https:\/\/www.asimina-cbh.com\/pl\/nagrody\/","name":"Lista nagr\u00f3d dla hotelu Asimina Suites || Hotel Asimina Suites","isPartOf":{"@id":"https:\/\/www.asimina-cbh.com\/pl\/#website"},"primaryImageOfPage":{"@id":"https:\/\/www.asimina-cbh.com\/pl\/nagrody\/#primaryimage"},"image":{"@id":"https:\/\/www.asimina-cbh.com\/pl\/nagrody\/#primaryimage"},"thumbnailUrl":"https:\/\/www.asimina-cbh.com\/app\/uploads\/sites\/31\/2024\/07\/Logo_BW_with_Gold_Star_-_Quallity_Award_2023_-_Asimina_Suites_copy.jpg","datePublished":"2024-07-22T12:05:52+00:00","dateModified":"2026-03-31T11:39:32+00:00","description":"Tutaj znajd\u0105 Pa\u0144stwo list\u0119 wszystkich nagr\u00f3d, wyr\u00f3\u017cnie\u0144, odznacze\u0144 i certyfikat\u00f3w przyznanych Asimina Suites Hotel od 2010 roku do dzi\u015b.","breadcrumb":{"@id":"https:\/\/www.asimina-cbh.com\/pl\/nagrody\/#breadcrumb"},"inLanguage":"pl-PL","potentialAction":[{"@type":"ReadAction","target":["https:\/\/www.asimina-cbh.com\/pl\/nagrody\/"]}]},{"@type":"ImageObject","inLanguage":"pl-PL","@id":"https:\/\/www.asimina-cbh.com\/pl\/nagrody\/#primaryimage","url":"https:\/\/www.asimina-cbh.com\/app\/uploads\/sites\/31\/2024\/07\/Logo_BW_with_Gold_Star_-_Quallity_Award_2023_-_Asimina_Suites_copy.jpg","contentUrl":"https:\/\/www.asimina-cbh.com\/app\/uploads\/sites\/31\/2024\/07\/Logo_BW_with_Gold_Star_-_Quallity_Award_2023_-_Asimina_Suites_copy.jpg","width":640,"height":640},{"@type":"BreadcrumbList","@id":"https:\/\/www.asimina-cbh.com\/pl\/nagrody\/#breadcrumb","itemListElement":[{"@type":"ListItem","position":1,"name":"Home","item":"https:\/\/www.asimina-cbh.com\/pl\/"},{"@type":"ListItem","position":2,"name":"Nagrody"}]},{"@type":"WebSite","@id":"https:\/\/www.asimina-cbh.com\/pl\/#website","url":"https:\/\/www.asimina-cbh.com\/pl\/","name":"Asimina Suites Hotel","description":"Constantinou Bros Asimina Suites Hotel, 4 star hotel in Paphos Cyprus","potentialAction":[{"@type":"SearchAction","target":{"@type":"EntryPoint","urlTemplate":"https:\/\/www.asimina-cbh.com\/pl\/?s={search_term_string}"},"query-input":{"@type":"PropertyValueSpecification","valueRequired":true,"valueName":"search_term_string"}}],"inLanguage":"pl-PL"}]}},"_links":{"self":[{"href":"https:\/\/www.asimina-cbh.com\/pl\/wp-json\/wp\/v2\/pages\/12932","targetHints":{"allow":["GET"]}}],"collection":[{"href":"https:\/\/www.asimina-cbh.com\/pl\/wp-json\/wp\/v2\/pages"}],"about":[{"href":"https:\/\/www.asimina-cbh.com\/pl\/wp-json\/wp\/v2\/types\/page"}],"author":[{"embeddable":true,"href":"https:\/\/www.asimina-cbh.com\/pl\/wp-json\/wp\/v2\/users\/1"}],"replies":[{"embeddable":true,"href":"https:\/\/www.asimina-cbh.com\/pl\/wp-json\/wp\/v2\/comments?post=12932"}],"version-history":[{"count":10,"href":"https:\/\/www.asimina-cbh.com\/pl\/wp-json\/wp\/v2\/pages\/12932\/revisions"}],"predecessor-version":[{"id":15557,"href":"https:\/\/www.asimina-cbh.com\/pl\/wp-json\/wp\/v2\/pages\/12932\/revisions\/15557"}],"wp:featuredmedia":[{"embeddable":true,"href":"https:\/\/www.asimina-cbh.com\/pl\/wp-json\/wp\/v2\/media\/14269"}],"wp:attachment":[{"href":"https:\/\/www.asimina-cbh.com\/pl\/wp-json\/wp\/v2\/media?parent=12932"}],"curies":[{"name":"wp","href":"https:\/\/api.w.org\/{rel}","templated":true}]}}