{"id":12937,"date":"2024-07-22T15:05:57","date_gmt":"2024-07-22T12:05:57","guid":{"rendered":"https:\/\/www.asimina-cbh.com\/covid-19-srodki-bezpieczenstwa-zdrowia\/"},"modified":"2024-09-23T14:18:29","modified_gmt":"2024-09-23T11:18:29","slug":"covid-19-srodki-bezpieczenstwa-zdrowia","status":"publish","type":"page","link":"https:\/\/www.asimina-cbh.com\/pl\/covid-19-srodki-bezpieczenstwa-zdrowia\/","title":{"rendered":"COVID-19 \u015arodki bezpiecze\u0144stwa i higieny pracy"},"content":{"rendered":"<p><strong>Constantinou Bros og\u0142asza ponowne otwarcie wszystkich hoteli<\/strong><\/p>\n<p>W Constantinou Bros Hotels mamy przyjemno\u015b\u0107 og\u0142osi\u0107, \u017ce zaczynamy ponownie otwiera\u0107 nasze hotele.<\/p>\n<p>Niew\u0105tpliwie by\u0142a to trudna sytuacja dla ca\u0142ej planety, jednak rygorystyczne \u015brodki, kt\u00f3re zosta\u0142y natychmiast podj\u0119te przez rz\u0105d Cypru i wk\u0142ad wszystkich w ich przestrzeganie, szybko przynios\u0142y efekty. \u015awiatowa Organizacja Zdrowia oficjalnie og\u0142osi\u0142a Cypr <strong>\u201enajbezpieczniejszym krajem \u015br\u00f3dziemnomorskim i pi\u0105tym najbezpieczniejszym krajem na \u015bwiecie\u201d.<\/strong> Po przej\u015bciu przez trzy fazy stopniowego rozlu\u017aniania \u015brodk\u00f3w restrykcyjnych, Cypr jest obecnie w uprzywilejowanej pozycji, aby pochwali\u0107 si\u0119 otwarciem i funkcjonowaniem swoich lotnisk, hoteli, transportu publicznego, taks\u00f3wek, stanowisk archeologicznych, muze\u00f3w, restauracji, bar\u00f3w i centr\u00f3w handlowych.<\/p>\n<p>W naszych hotelach naszym najwy\u017cszym priorytetem zawsze by\u0142o bezpiecze\u0144stwo, zdrowie i dobre samopoczucie naszych cennych go\u015bci. Wraz z pojawieniem si\u0119 pandemii Covid-19 w procesach, kt\u00f3rych zawsze przestrzegali\u015bmy, zmieni\u0142o si\u0119 to, \u017ce ulepszyli\u015bmy i zmaksymalizowali\u015bmy istniej\u0105ce \u015brodki higieny i bezpiecze\u0144stwa, w oparciu o protoko\u0142y przedstawione nam przez poni\u017csze oficjalne organy, a tak\u017ce przez konsultant\u00f3w, kt\u00f3rym powierzyli\u015bmy opracowanie nowych proces\u00f3w operacyjnych i szkolenie naszego personelu:<\/p>\n<p>Cypryjskie Ministerstwo Zdrowia<br \/>\nEuropejskie Centrum Zapobiegania i Kontroli Chor\u00f3b (ECDC)<br \/>\n\u015awiatowa Organizacja Zdrowia<\/p>\n<p>Rozumiemy, \u017ce higiena i \u015brodki dystansu spo\u0142ecznego dotycz\u0105 ka\u017cdego podr\u00f3\u017cnego, ale chcemy zapewni\u0107, \u017ce podj\u0119li\u015bmy i b\u0119dziemy nadal podejmowa\u0107 wszelkie niezb\u0119dne \u015brodki w celu ochrony naszych go\u015bci i personelu, a my orientacyjnie wymieniamy tutaj najwa\u017cniejsze z nich:<\/p>\n<p>\u27a2 Utrzymywanie ob\u0142o\u017cenia hoteli na bezpiecznym poziomie<br \/>\nTabliczki informuj\u0105ce o maksymalnej dozwolonej liczbie os\u00f3b przy wej\u015bciach do wszystkich pomieszcze\u0144 og\u00f3lnodost\u0119pnych, restauracji, bar\u00f3w i wind.<br \/>\nStacje dezynfekcji r\u0105k we wszystkich obszarach dla go\u015bci i personelu.<br \/>\n\u27a2 Przejrzyste panele oddzielaj\u0105ce pracownik\u00f3w od go\u015bci w recepcji i w minimarketach.<br \/>\n\u27a2 Sta\u0142e noszenie \u015brodk\u00f3w ochrony osobistej przez wszystkich pracownik\u00f3w (maseczki, r\u0119kawiczki) i we wszystkich punktach obs\u0142ugi.<br \/>\nZach\u0119camy do zameldowania online za po\u015brednictwem naszej strony internetowej lub aplikacji mobilnej Constantinou Bros Hotels.)<br \/>\nWszystkie punkty sprzeda\u017cy dzia\u0142aj\u0105 bezgot\u00f3wkowo (tylko op\u0142ata za pok\u00f3j lub p\u0142atno\u015b\u0107 kart\u0105 kredytow\u0105).<br \/>\nDezynfekcja i przenoszenie baga\u017cu go\u015bci przez nasz personel poza pokojem, chyba \u017ce go\u015b\u0107 za\u017c\u0105da inaczej.<br \/>\nPo wyje\u017adzie wszystkie pokoje s\u0105 dok\u0142adnie sprz\u0105tane, wietrzone i dezynfekowane oraz udost\u0119pniane nowym go\u015bciom po up\u0142ywie co najmniej dw\u00f3ch godzin.<br \/>\nRzuty, menu, czasopisma i arkusze informacyjne usuni\u0119te z pokoi (dost\u0119pne na \u017cyczenie)<br \/>\nDodatkowe poduszki i koce pozostaj\u0105 w pokoju zapakowane i zaklejone ta\u015bm\u0105 dezynfekuj\u0105c\u0105.<br \/>\nUs\u0142uga sprz\u0105tania jest tymczasowo zawieszona.<br \/>\nWszystkie obszary, sto\u0142y, krzes\u0142a, le\u017caki i powierzchnie dotykowe (klamki, przyciski windy, uchwyty, krany) s\u0105 stale dezynfekowane i odka\u017cane.<br \/>\nW restauracjach i barach \u015bcis\u0142e przestrzeganie bezpiecznej odleg\u0142o\u015bci mi\u0119dzy stolikami i posi\u0142kami oferowanymi zar\u00f3wno w restauracjach, jak i &#8211; przy sprzyjaj\u0105cej pogodzie &#8211; na \u015bwie\u017cym powietrzu.<br \/>\n\u27a2 Posi\u0142ki oferowane s\u0105 w formie bufetu i serwowane oraz w jak najwi\u0119kszym stopniu wykorzystywane s\u0105 przedmioty jednorazowego u\u017cytku (menu, obrusy itp.), a tak\u017ce drugie posi\u0142ki, je\u015bli uzna si\u0119 to za konieczne.<br \/>\nNa pla\u017cy i przy basenach \u015bcis\u0142e przestrzeganie bezpiecznych odleg\u0142o\u015bci mi\u0119dzy parasolami.<br \/>\nSport, si\u0142ownie, salony fryzjerskie, spa &#8211; dzia\u0142aj\u0105ce wy\u0142\u0105cznie w oparciu o protoko\u0142y<br \/>\n\u27a2 Ci\u0105g\u0142e \u015bcis\u0142e kontrole przeprowadzane przez nasze dedykowane zespo\u0142y w zakresie zgodno\u015bci i wdra\u017cania wszystkich \u015brodk\u00f3w i protoko\u0142\u00f3w dotycz\u0105cych higieny i bezpiecze\u0144stwa.<\/p>\n<p style=\"text-align: center;\"><strong>Nasze hotele zostan\u0105 ponownie otwarte w nast\u0119puj\u0105cych terminach:<\/strong><\/p>\n<p style=\"text-align: center;\">TUI BLUE PIONEER BEACH HOTEL 28\/06\/2020<br \/>\nCONSTANTINOU BROS ASIMINA SUITES HOTEL 02\/07\/2020<br \/>\nCONSTANTINOU BROS ATHENA ROYAL BEACH HOTEL 01\/08\/2020<br \/>\nCONSTANTINOU BROS ATHENA BEACH HOTEL 19\/08\/2020<\/p>\n<p>Prosimy o kontakt z doradc\u0105 turystycznym w celu uzyskania informacji o naszych ofertach specjalnych lub odwiedzenie naszej strony internetowej <a href=\"https:\/\/www.cbh-cyprus.com\/\">www.cbh-cyprus.com.<\/a><\/p>\n<p>Z niecierpliwo\u015bci\u0105 czekamy na ponowne powitanie i zaoferowanie niezapomnianych wakacji na poziomie go\u015bcinno\u015bci, do kt\u00f3rego jeste\u015b przyzwyczajony i kt\u00f3ry doceni\u0142e\u015b przez te wszystkie lata, wzbogacony o jeszcze wi\u0119ksz\u0105 trosk\u0119 o Ciebie i Twoich bliskich.<\/p>\n","protected":false},"excerpt":{"rendered":"<p>Constantinou Bros og\u0142asza ponowne otwarcie wszystkich hoteli W Constantinou Bros Hotels mamy przyjemno\u015b\u0107 og\u0142osi\u0107, \u017ce zaczynamy ponownie otwiera\u0107 nasze hotele. Niew\u0105tpliwie by\u0142a to trudna sytuacja dla ca\u0142ej planety, jednak rygorystyczne \u015brodki, kt\u00f3re zosta\u0142y natychmiast podj\u0119te przez rz\u0105d Cypru i wk\u0142ad wszystkich w ich przestrzeganie, szybko przynios\u0142y efekty. \u015awiatowa Organizacja Zdrowia oficjalnie og\u0142osi\u0142a Cypr \u201enajbezpieczniejszym krajem<\/p>\n","protected":false},"author":1,"featured_media":0,"parent":0,"menu_order":0,"comment_status":"closed","ping_status":"closed","template":"","meta":{"_acf_changed":false,"footnotes":""},"class_list":["post-12937","page","type-page","status-publish","hentry"],"acf":[],"yoast_head":"<!-- This site is optimized with the Yoast SEO plugin v27.5 - https:\/\/yoast.com\/product\/yoast-seo-wordpress\/ -->\n<title>COVID-19 \u015arodki bezpiecze\u0144stwa i higieny pracy - Asimina Suites Hotel<\/title>\n<meta name=\"robots\" content=\"index, follow, max-snippet:-1, max-image-preview:large, max-video-preview:-1\" \/>\n<link rel=\"canonical\" href=\"https:\/\/www.asimina-cbh.com\/pl\/covid-19-srodki-bezpieczenstwa-zdrowia\/\" \/>\n<meta property=\"og:locale\" content=\"pl_PL\" \/>\n<meta property=\"og:type\" content=\"article\" \/>\n<meta property=\"og:title\" content=\"COVID-19 \u015arodki bezpiecze\u0144stwa i higieny pracy - Asimina Suites Hotel\" \/>\n<meta property=\"og:description\" content=\"Constantinou Bros og\u0142asza ponowne otwarcie wszystkich hoteli W Constantinou Bros Hotels mamy przyjemno\u015b\u0107 og\u0142osi\u0107, \u017ce zaczynamy ponownie otwiera\u0107 nasze hotele. Niew\u0105tpliwie by\u0142a to trudna sytuacja dla ca\u0142ej planety, jednak rygorystyczne \u015brodki, kt\u00f3re zosta\u0142y natychmiast podj\u0119te przez rz\u0105d Cypru i wk\u0142ad wszystkich w ich przestrzeganie, szybko przynios\u0142y efekty. \u015awiatowa Organizacja Zdrowia oficjalnie og\u0142osi\u0142a Cypr \u201enajbezpieczniejszym krajem\" \/>\n<meta property=\"og:url\" content=\"https:\/\/www.asimina-cbh.com\/pl\/covid-19-srodki-bezpieczenstwa-zdrowia\/\" \/>\n<meta property=\"og:site_name\" content=\"Asimina Suites Hotel\" \/>\n<meta property=\"article:modified_time\" content=\"2024-09-23T11:18:29+00:00\" \/>\n<meta name=\"twitter:card\" content=\"summary_large_image\" \/>\n<meta name=\"twitter:label1\" content=\"Est. reading time\" \/>\n\t<meta name=\"twitter:data1\" content=\"3 minutes\" \/>\n<script type=\"application\/ld+json\" class=\"yoast-schema-graph\">{\"@context\":\"https:\\\/\\\/schema.org\",\"@graph\":[{\"@type\":\"WebPage\",\"@id\":\"https:\\\/\\\/www.asimina-cbh.com\\\/pl\\\/covid-19-srodki-bezpieczenstwa-zdrowia\\\/\",\"url\":\"https:\\\/\\\/www.asimina-cbh.com\\\/pl\\\/covid-19-srodki-bezpieczenstwa-zdrowia\\\/\",\"name\":\"COVID-19 \u015arodki bezpiecze\u0144stwa i higieny pracy - Asimina Suites Hotel\",\"isPartOf\":{\"@id\":\"https:\\\/\\\/www.asimina-cbh.com\\\/pl\\\/#website\"},\"datePublished\":\"2024-07-22T12:05:57+00:00\",\"dateModified\":\"2024-09-23T11:18:29+00:00\",\"breadcrumb\":{\"@id\":\"https:\\\/\\\/www.asimina-cbh.com\\\/pl\\\/covid-19-srodki-bezpieczenstwa-zdrowia\\\/#breadcrumb\"},\"inLanguage\":\"pl-PL\",\"potentialAction\":[{\"@type\":\"ReadAction\",\"target\":[\"https:\\\/\\\/www.asimina-cbh.com\\\/pl\\\/covid-19-srodki-bezpieczenstwa-zdrowia\\\/\"]}]},{\"@type\":\"BreadcrumbList\",\"@id\":\"https:\\\/\\\/www.asimina-cbh.com\\\/pl\\\/covid-19-srodki-bezpieczenstwa-zdrowia\\\/#breadcrumb\",\"itemListElement\":[{\"@type\":\"ListItem\",\"position\":1,\"name\":\"Home\",\"item\":\"https:\\\/\\\/www.asimina-cbh.com\\\/pl\\\/\"},{\"@type\":\"ListItem\",\"position\":2,\"name\":\"COVID-19 \u015arodki bezpiecze\u0144stwa i higieny pracy\"}]},{\"@type\":\"WebSite\",\"@id\":\"https:\\\/\\\/www.asimina-cbh.com\\\/pl\\\/#website\",\"url\":\"https:\\\/\\\/www.asimina-cbh.com\\\/pl\\\/\",\"name\":\"Asimina Suites Hotel\",\"description\":\"Constantinou Bros Asimina Suites Hotel, 4 star hotel in Paphos Cyprus\",\"potentialAction\":[{\"@type\":\"SearchAction\",\"target\":{\"@type\":\"EntryPoint\",\"urlTemplate\":\"https:\\\/\\\/www.asimina-cbh.com\\\/pl\\\/?s={search_term_string}\"},\"query-input\":{\"@type\":\"PropertyValueSpecification\",\"valueRequired\":true,\"valueName\":\"search_term_string\"}}],\"inLanguage\":\"pl-PL\"}]}<\/script>\n<!-- \/ Yoast SEO plugin. -->","yoast_head_json":{"title":"COVID-19 \u015arodki bezpiecze\u0144stwa i higieny pracy - Asimina Suites Hotel","robots":{"index":"index","follow":"follow","max-snippet":"max-snippet:-1","max-image-preview":"max-image-preview:large","max-video-preview":"max-video-preview:-1"},"canonical":"https:\/\/www.asimina-cbh.com\/pl\/covid-19-srodki-bezpieczenstwa-zdrowia\/","og_locale":"pl_PL","og_type":"article","og_title":"COVID-19 \u015arodki bezpiecze\u0144stwa i higieny pracy - Asimina Suites Hotel","og_description":"Constantinou Bros og\u0142asza ponowne otwarcie wszystkich hoteli W Constantinou Bros Hotels mamy przyjemno\u015b\u0107 og\u0142osi\u0107, \u017ce zaczynamy ponownie otwiera\u0107 nasze hotele. Niew\u0105tpliwie by\u0142a to trudna sytuacja dla ca\u0142ej planety, jednak rygorystyczne \u015brodki, kt\u00f3re zosta\u0142y natychmiast podj\u0119te przez rz\u0105d Cypru i wk\u0142ad wszystkich w ich przestrzeganie, szybko przynios\u0142y efekty. \u015awiatowa Organizacja Zdrowia oficjalnie og\u0142osi\u0142a Cypr \u201enajbezpieczniejszym krajem","og_url":"https:\/\/www.asimina-cbh.com\/pl\/covid-19-srodki-bezpieczenstwa-zdrowia\/","og_site_name":"Asimina Suites Hotel","article_modified_time":"2024-09-23T11:18:29+00:00","twitter_card":"summary_large_image","twitter_misc":{"Est. reading time":"3 minutes"},"schema":{"@context":"https:\/\/schema.org","@graph":[{"@type":"WebPage","@id":"https:\/\/www.asimina-cbh.com\/pl\/covid-19-srodki-bezpieczenstwa-zdrowia\/","url":"https:\/\/www.asimina-cbh.com\/pl\/covid-19-srodki-bezpieczenstwa-zdrowia\/","name":"COVID-19 \u015arodki bezpiecze\u0144stwa i higieny pracy - Asimina Suites Hotel","isPartOf":{"@id":"https:\/\/www.asimina-cbh.com\/pl\/#website"},"datePublished":"2024-07-22T12:05:57+00:00","dateModified":"2024-09-23T11:18:29+00:00","breadcrumb":{"@id":"https:\/\/www.asimina-cbh.com\/pl\/covid-19-srodki-bezpieczenstwa-zdrowia\/#breadcrumb"},"inLanguage":"pl-PL","potentialAction":[{"@type":"ReadAction","target":["https:\/\/www.asimina-cbh.com\/pl\/covid-19-srodki-bezpieczenstwa-zdrowia\/"]}]},{"@type":"BreadcrumbList","@id":"https:\/\/www.asimina-cbh.com\/pl\/covid-19-srodki-bezpieczenstwa-zdrowia\/#breadcrumb","itemListElement":[{"@type":"ListItem","position":1,"name":"Home","item":"https:\/\/www.asimina-cbh.com\/pl\/"},{"@type":"ListItem","position":2,"name":"COVID-19 \u015arodki bezpiecze\u0144stwa i higieny pracy"}]},{"@type":"WebSite","@id":"https:\/\/www.asimina-cbh.com\/pl\/#website","url":"https:\/\/www.asimina-cbh.com\/pl\/","name":"Asimina Suites Hotel","description":"Constantinou Bros Asimina Suites Hotel, 4 star hotel in Paphos Cyprus","potentialAction":[{"@type":"SearchAction","target":{"@type":"EntryPoint","urlTemplate":"https:\/\/www.asimina-cbh.com\/pl\/?s={search_term_string}"},"query-input":{"@type":"PropertyValueSpecification","valueRequired":true,"valueName":"search_term_string"}}],"inLanguage":"pl-PL"}]}},"_links":{"self":[{"href":"https:\/\/www.asimina-cbh.com\/pl\/wp-json\/wp\/v2\/pages\/12937","targetHints":{"allow":["GET"]}}],"collection":[{"href":"https:\/\/www.asimina-cbh.com\/pl\/wp-json\/wp\/v2\/pages"}],"about":[{"href":"https:\/\/www.asimina-cbh.com\/pl\/wp-json\/wp\/v2\/types\/page"}],"author":[{"embeddable":true,"href":"https:\/\/www.asimina-cbh.com\/pl\/wp-json\/wp\/v2\/users\/1"}],"replies":[{"embeddable":true,"href":"https:\/\/www.asimina-cbh.com\/pl\/wp-json\/wp\/v2\/comments?post=12937"}],"version-history":[{"count":2,"href":"https:\/\/www.asimina-cbh.com\/pl\/wp-json\/wp\/v2\/pages\/12937\/revisions"}],"predecessor-version":[{"id":14667,"href":"https:\/\/www.asimina-cbh.com\/pl\/wp-json\/wp\/v2\/pages\/12937\/revisions\/14667"}],"wp:attachment":[{"href":"https:\/\/www.asimina-cbh.com\/pl\/wp-json\/wp\/v2\/media?parent=12937"}],"curies":[{"name":"wp","href":"https:\/\/api.w.org\/{rel}","templated":true}]}}