{"id":12955,"date":"2024-07-22T15:06:05","date_gmt":"2024-07-22T12:06:05","guid":{"rendered":"https:\/\/www.asimina-cbh.com\/miesiac-miodowy-wakacje\/"},"modified":"2024-09-23T15:11:24","modified_gmt":"2024-09-23T12:11:24","slug":"miesiac-miodowy-wakacje","status":"publish","type":"page","link":"https:\/\/www.asimina-cbh.com\/pl\/miesiac-miodowy-wakacje\/","title":{"rendered":"Wakacje dla nowo\u017ce\u0144c\u00f3w"},"content":{"rendered":"<p>Wakacje dla nowo\u017ce\u0144c\u00f3w w Pafos w hotelu Asimina Suites z pewno\u015bci\u0105 wzmocni\u0105 \u0142\u0105cz\u0105c\u0105 Was mi\u0142o\u015b\u0107. Opr\u00f3cz naszego rewelacyjnego po\u0142o\u017cenia nad brzegiem morza wzd\u0142u\u017c pla\u017cy w Pafos, kt\u00f3ra hojnie zapewnia wspania\u0142e widoki od rana do nocy, staramy si\u0119 otuli\u0107 nowo\u017ce\u0144c\u00f3w w spos\u00f3b, kt\u00f3ry sprawi, \u017ce ich mi\u0142o\u015b\u0107 rozkwitnie jeszcze bardziej.<\/p>\n<p>Wyb\u00f3r hotelu Asimina Suites na wakacje dla nowo\u017ce\u0144c\u00f3w w Pafos b\u0119dzie do\u015bwiadczeniem, kt\u00f3re Ty i Twoja ukochana osoba b\u0119dziecie piel\u0119gnowa\u0107 przez ca\u0142e \u017cycie.<\/p>\n<p>Oto, co oferujemy naszym nowo\u017ce\u0144com podczas ich wakacji po\u015blubnych:<\/p>\n<ul>\n<li>Apartament udekorowany w dniu przyjazdu, wraz z butelk\u0105 wina musuj\u0105cego.<\/li>\n<li>Romantyczna kolacja przy \u015bwiecach dla dwojga, bezp\u0142atnie.<\/li>\n<li>Bezp\u0142atne korzystanie z sauny i \u0142a\u017ani parowej, kt\u00f3re dodatkowo odpr\u0119\u017caj\u0105, w zale\u017cno\u015bci od dost\u0119pno\u015bci.<\/li>\n<li>Podwy\u017cszenie standardu apartamentu w zale\u017cno\u015bci od dost\u0119pno\u015bci.<\/li>\n<\/ul>\n","protected":false},"excerpt":{"rendered":"<p>Wakacje dla nowo\u017ce\u0144c\u00f3w w Pafos w hotelu Asimina Suites z pewno\u015bci\u0105 wzmocni\u0105 \u0142\u0105cz\u0105c\u0105 Was mi\u0142o\u015b\u0107. Opr\u00f3cz naszego rewelacyjnego po\u0142o\u017cenia nad brzegiem morza wzd\u0142u\u017c pla\u017cy w Pafos, kt\u00f3ra hojnie zapewnia wspania\u0142e widoki od rana do nocy, staramy si\u0119 otuli\u0107 nowo\u017ce\u0144c\u00f3w w spos\u00f3b, kt\u00f3ry sprawi, \u017ce ich mi\u0142o\u015b\u0107 rozkwitnie jeszcze bardziej. Wyb\u00f3r hotelu Asimina Suites na wakacje<\/p>\n","protected":false},"author":100,"featured_media":15851,"parent":0,"menu_order":0,"comment_status":"closed","ping_status":"closed","template":"","meta":{"_acf_changed":false,"footnotes":""},"class_list":["post-12955","page","type-page","status-publish","has-post-thumbnail","hentry"],"acf":[],"yoast_head":"<!-- This site is optimized with the Yoast SEO plugin v27.5 - https:\/\/yoast.com\/product\/yoast-seo-wordpress\/ -->\n<title>Wakacje dla nowo\u017ce\u0144c\u00f3w w Pafos, Cypr | Asimina Suites Hotel<\/title>\n<meta name=\"description\" content=\"W hotelu Asimina Suites Pa\u0144stwa miesi\u0105c miodowy w Pafos oferuje nowo\u017ce\u0144com dodatkowe korzy\u015bci i rozpieszczaj\u0105ce romantyczne prze\u017cycia\" \/>\n<meta name=\"robots\" content=\"index, follow, max-snippet:-1, max-image-preview:large, max-video-preview:-1\" \/>\n<link rel=\"canonical\" href=\"https:\/\/www.asimina-cbh.com\/pl\/miesiac-miodowy-wakacje\/\" \/>\n<meta property=\"og:locale\" content=\"pl_PL\" \/>\n<meta property=\"og:type\" content=\"article\" \/>\n<meta property=\"og:title\" content=\"Wakacje dla nowo\u017ce\u0144c\u00f3w w Pafos, Cypr | Asimina Suites Hotel\" \/>\n<meta property=\"og:description\" content=\"W hotelu Asimina Suites Pa\u0144stwa miesi\u0105c miodowy w Pafos oferuje nowo\u017ce\u0144com dodatkowe korzy\u015bci i rozpieszczaj\u0105ce romantyczne prze\u017cycia\" \/>\n<meta property=\"og:url\" content=\"https:\/\/www.asimina-cbh.com\/pl\/miesiac-miodowy-wakacje\/\" \/>\n<meta property=\"og:site_name\" content=\"Asimina Suites Hotel\" \/>\n<meta property=\"article:modified_time\" content=\"2024-09-23T12:11:24+00:00\" \/>\n<meta property=\"og:image\" content=\"https:\/\/www.asimina-cbh.com\/app\/uploads\/sites\/31\/2020\/09\/42-ASIMINA-SUITES-HOTEL-PRIVATE-DINNER-BY-THE-BEACH.jpg\" \/>\n\t<meta property=\"og:image:width\" content=\"1200\" \/>\n\t<meta property=\"og:image:height\" content=\"798\" \/>\n\t<meta property=\"og:image:type\" content=\"image\/jpeg\" \/>\n<meta name=\"twitter:card\" content=\"summary_large_image\" \/>\n<meta name=\"twitter:label1\" content=\"Est. reading time\" \/>\n\t<meta name=\"twitter:data1\" content=\"1 minute\" \/>\n<script type=\"application\/ld+json\" class=\"yoast-schema-graph\">{\"@context\":\"https:\\\/\\\/schema.org\",\"@graph\":[{\"@type\":\"WebPage\",\"@id\":\"https:\\\/\\\/www.asimina-cbh.com\\\/pl\\\/miesiac-miodowy-wakacje\\\/\",\"url\":\"https:\\\/\\\/www.asimina-cbh.com\\\/pl\\\/miesiac-miodowy-wakacje\\\/\",\"name\":\"Wakacje dla nowo\u017ce\u0144c\u00f3w w Pafos, Cypr | Asimina Suites Hotel\",\"isPartOf\":{\"@id\":\"https:\\\/\\\/www.asimina-cbh.com\\\/pl\\\/#website\"},\"primaryImageOfPage\":{\"@id\":\"https:\\\/\\\/www.asimina-cbh.com\\\/pl\\\/miesiac-miodowy-wakacje\\\/#primaryimage\"},\"image\":{\"@id\":\"https:\\\/\\\/www.asimina-cbh.com\\\/pl\\\/miesiac-miodowy-wakacje\\\/#primaryimage\"},\"thumbnailUrl\":\"https:\\\/\\\/www.asimina-cbh.com\\\/app\\\/uploads\\\/sites\\\/31\\\/2026\\\/02\\\/55.1-ASIMINA-SUITES-HOTEL-EXECUTIVE-SUITE-PRIVATE-POOL-SV-1-scaled.jpg\",\"datePublished\":\"2024-07-22T12:06:05+00:00\",\"dateModified\":\"2024-09-23T12:11:24+00:00\",\"description\":\"W hotelu Asimina Suites Pa\u0144stwa miesi\u0105c miodowy w Pafos oferuje nowo\u017ce\u0144com dodatkowe korzy\u015bci i rozpieszczaj\u0105ce romantyczne prze\u017cycia\",\"breadcrumb\":{\"@id\":\"https:\\\/\\\/www.asimina-cbh.com\\\/pl\\\/miesiac-miodowy-wakacje\\\/#breadcrumb\"},\"inLanguage\":\"pl-PL\",\"potentialAction\":[{\"@type\":\"ReadAction\",\"target\":[\"https:\\\/\\\/www.asimina-cbh.com\\\/pl\\\/miesiac-miodowy-wakacje\\\/\"]}]},{\"@type\":\"ImageObject\",\"inLanguage\":\"pl-PL\",\"@id\":\"https:\\\/\\\/www.asimina-cbh.com\\\/pl\\\/miesiac-miodowy-wakacje\\\/#primaryimage\",\"url\":\"https:\\\/\\\/www.asimina-cbh.com\\\/app\\\/uploads\\\/sites\\\/31\\\/2026\\\/02\\\/55.1-ASIMINA-SUITES-HOTEL-EXECUTIVE-SUITE-PRIVATE-POOL-SV-1-scaled.jpg\",\"contentUrl\":\"https:\\\/\\\/www.asimina-cbh.com\\\/app\\\/uploads\\\/sites\\\/31\\\/2026\\\/02\\\/55.1-ASIMINA-SUITES-HOTEL-EXECUTIVE-SUITE-PRIVATE-POOL-SV-1-scaled.jpg\",\"width\":2560,\"height\":1440},{\"@type\":\"BreadcrumbList\",\"@id\":\"https:\\\/\\\/www.asimina-cbh.com\\\/pl\\\/miesiac-miodowy-wakacje\\\/#breadcrumb\",\"itemListElement\":[{\"@type\":\"ListItem\",\"position\":1,\"name\":\"Home\",\"item\":\"https:\\\/\\\/www.asimina-cbh.com\\\/pl\\\/\"},{\"@type\":\"ListItem\",\"position\":2,\"name\":\"Wakacje dla nowo\u017ce\u0144c\u00f3w\"}]},{\"@type\":\"WebSite\",\"@id\":\"https:\\\/\\\/www.asimina-cbh.com\\\/pl\\\/#website\",\"url\":\"https:\\\/\\\/www.asimina-cbh.com\\\/pl\\\/\",\"name\":\"Asimina Suites Hotel\",\"description\":\"Constantinou Bros Asimina Suites Hotel, 4 star hotel in Paphos Cyprus\",\"potentialAction\":[{\"@type\":\"SearchAction\",\"target\":{\"@type\":\"EntryPoint\",\"urlTemplate\":\"https:\\\/\\\/www.asimina-cbh.com\\\/pl\\\/?s={search_term_string}\"},\"query-input\":{\"@type\":\"PropertyValueSpecification\",\"valueRequired\":true,\"valueName\":\"search_term_string\"}}],\"inLanguage\":\"pl-PL\"}]}<\/script>\n<!-- \/ Yoast SEO plugin. -->","yoast_head_json":{"title":"Wakacje dla nowo\u017ce\u0144c\u00f3w w Pafos, Cypr | Asimina Suites Hotel","description":"W hotelu Asimina Suites Pa\u0144stwa miesi\u0105c miodowy w Pafos oferuje nowo\u017ce\u0144com dodatkowe korzy\u015bci i rozpieszczaj\u0105ce romantyczne prze\u017cycia","robots":{"index":"index","follow":"follow","max-snippet":"max-snippet:-1","max-image-preview":"max-image-preview:large","max-video-preview":"max-video-preview:-1"},"canonical":"https:\/\/www.asimina-cbh.com\/pl\/miesiac-miodowy-wakacje\/","og_locale":"pl_PL","og_type":"article","og_title":"Wakacje dla nowo\u017ce\u0144c\u00f3w w Pafos, Cypr | Asimina Suites Hotel","og_description":"W hotelu Asimina Suites Pa\u0144stwa miesi\u0105c miodowy w Pafos oferuje nowo\u017ce\u0144com dodatkowe korzy\u015bci i rozpieszczaj\u0105ce romantyczne prze\u017cycia","og_url":"https:\/\/www.asimina-cbh.com\/pl\/miesiac-miodowy-wakacje\/","og_site_name":"Asimina Suites Hotel","article_modified_time":"2024-09-23T12:11:24+00:00","og_image":[{"width":1200,"height":798,"url":"https:\/\/www.asimina-cbh.com\/app\/uploads\/sites\/31\/2020\/09\/42-ASIMINA-SUITES-HOTEL-PRIVATE-DINNER-BY-THE-BEACH.jpg","type":"image\/jpeg"}],"twitter_card":"summary_large_image","twitter_misc":{"Est. reading time":"1 minute"},"schema":{"@context":"https:\/\/schema.org","@graph":[{"@type":"WebPage","@id":"https:\/\/www.asimina-cbh.com\/pl\/miesiac-miodowy-wakacje\/","url":"https:\/\/www.asimina-cbh.com\/pl\/miesiac-miodowy-wakacje\/","name":"Wakacje dla nowo\u017ce\u0144c\u00f3w w Pafos, Cypr | Asimina Suites Hotel","isPartOf":{"@id":"https:\/\/www.asimina-cbh.com\/pl\/#website"},"primaryImageOfPage":{"@id":"https:\/\/www.asimina-cbh.com\/pl\/miesiac-miodowy-wakacje\/#primaryimage"},"image":{"@id":"https:\/\/www.asimina-cbh.com\/pl\/miesiac-miodowy-wakacje\/#primaryimage"},"thumbnailUrl":"https:\/\/www.asimina-cbh.com\/app\/uploads\/sites\/31\/2026\/02\/55.1-ASIMINA-SUITES-HOTEL-EXECUTIVE-SUITE-PRIVATE-POOL-SV-1-scaled.jpg","datePublished":"2024-07-22T12:06:05+00:00","dateModified":"2024-09-23T12:11:24+00:00","description":"W hotelu Asimina Suites Pa\u0144stwa miesi\u0105c miodowy w Pafos oferuje nowo\u017ce\u0144com dodatkowe korzy\u015bci i rozpieszczaj\u0105ce romantyczne prze\u017cycia","breadcrumb":{"@id":"https:\/\/www.asimina-cbh.com\/pl\/miesiac-miodowy-wakacje\/#breadcrumb"},"inLanguage":"pl-PL","potentialAction":[{"@type":"ReadAction","target":["https:\/\/www.asimina-cbh.com\/pl\/miesiac-miodowy-wakacje\/"]}]},{"@type":"ImageObject","inLanguage":"pl-PL","@id":"https:\/\/www.asimina-cbh.com\/pl\/miesiac-miodowy-wakacje\/#primaryimage","url":"https:\/\/www.asimina-cbh.com\/app\/uploads\/sites\/31\/2026\/02\/55.1-ASIMINA-SUITES-HOTEL-EXECUTIVE-SUITE-PRIVATE-POOL-SV-1-scaled.jpg","contentUrl":"https:\/\/www.asimina-cbh.com\/app\/uploads\/sites\/31\/2026\/02\/55.1-ASIMINA-SUITES-HOTEL-EXECUTIVE-SUITE-PRIVATE-POOL-SV-1-scaled.jpg","width":2560,"height":1440},{"@type":"BreadcrumbList","@id":"https:\/\/www.asimina-cbh.com\/pl\/miesiac-miodowy-wakacje\/#breadcrumb","itemListElement":[{"@type":"ListItem","position":1,"name":"Home","item":"https:\/\/www.asimina-cbh.com\/pl\/"},{"@type":"ListItem","position":2,"name":"Wakacje dla nowo\u017ce\u0144c\u00f3w"}]},{"@type":"WebSite","@id":"https:\/\/www.asimina-cbh.com\/pl\/#website","url":"https:\/\/www.asimina-cbh.com\/pl\/","name":"Asimina Suites Hotel","description":"Constantinou Bros Asimina Suites Hotel, 4 star hotel in Paphos Cyprus","potentialAction":[{"@type":"SearchAction","target":{"@type":"EntryPoint","urlTemplate":"https:\/\/www.asimina-cbh.com\/pl\/?s={search_term_string}"},"query-input":{"@type":"PropertyValueSpecification","valueRequired":true,"valueName":"search_term_string"}}],"inLanguage":"pl-PL"}]}},"_links":{"self":[{"href":"https:\/\/www.asimina-cbh.com\/pl\/wp-json\/wp\/v2\/pages\/12955","targetHints":{"allow":["GET"]}}],"collection":[{"href":"https:\/\/www.asimina-cbh.com\/pl\/wp-json\/wp\/v2\/pages"}],"about":[{"href":"https:\/\/www.asimina-cbh.com\/pl\/wp-json\/wp\/v2\/types\/page"}],"author":[{"embeddable":true,"href":"https:\/\/www.asimina-cbh.com\/pl\/wp-json\/wp\/v2\/users\/100"}],"replies":[{"embeddable":true,"href":"https:\/\/www.asimina-cbh.com\/pl\/wp-json\/wp\/v2\/comments?post=12955"}],"version-history":[{"count":3,"href":"https:\/\/www.asimina-cbh.com\/pl\/wp-json\/wp\/v2\/pages\/12955\/revisions"}],"predecessor-version":[{"id":14684,"href":"https:\/\/www.asimina-cbh.com\/pl\/wp-json\/wp\/v2\/pages\/12955\/revisions\/14684"}],"wp:featuredmedia":[{"embeddable":true,"href":"https:\/\/www.asimina-cbh.com\/pl\/wp-json\/wp\/v2\/media\/15851"}],"wp:attachment":[{"href":"https:\/\/www.asimina-cbh.com\/pl\/wp-json\/wp\/v2\/media?parent=12955"}],"curies":[{"name":"wp","href":"https:\/\/api.w.org\/{rel}","templated":true}]}}