{"id":12956,"date":"2024-07-22T15:06:05","date_gmt":"2024-07-22T12:06:05","guid":{"rendered":"https:\/\/www.asimina-cbh.com\/tylko-dla-doroslych-hotel-paphos-wakacje\/"},"modified":"2024-09-17T13:01:43","modified_gmt":"2024-09-17T10:01:43","slug":"tylko-dla-doroslych-hotel-paphos-wakacje","status":"publish","type":"page","link":"https:\/\/www.asimina-cbh.com\/pl\/tylko-dla-doroslych-hotel-paphos-wakacje\/","title":{"rendered":"Wakacje tylko dla doros\u0142ych"},"content":{"rendered":"<p>Constantinou Bros Hotels oferuje wakacje tylko dla doros\u0142ych w relaksuj\u0105cym otoczeniu bez dzieci, zapewniaj\u0105c najlepsze wra\u017cenia hotelowe tylko dla doros\u0142ych w Pafos.<br \/>\nDzi\u0119ki spokojnym dniom sp\u0119dzonym przy basenie oraz programowi rozrywkowemu i rekreacyjnemu skoncentrowanemu na stworzeniu idealnych wakacji tylko dla doros\u0142ych, nasz hotel jest przeznaczony wy\u0142\u0105cznie dla os\u00f3b doros\u0142ych poszukuj\u0105cych spokoju i luksusu.<br \/>\nHotele Constantinou Bros s\u0105 znane z rozwijania koncepcji wakacji tylko dla doros\u0142ych w Pafos i oferuj\u0105 szereg hoteli dostosowanych do Pa\u0144stwa bud\u017cetu i wymaga\u0144 wakacyjnych, zapewniaj\u0105c znalezienie idealnego hotelu tylko dla doros\u0142ych w Pafos na Pa\u0144stwa pobyt.<br \/>\nHotel Asimina Suites jest doskona\u0142ym przyk\u0142adem 5-gwiazdkowego hotelu z apartamentami i luksusowym <a href=\"https:\/\/www.asimina-cbh.com\/elixir-spa\/\">zapleczem<\/a> hotelowym i <a href=\"https:\/\/www.asimina-cbh.com\/elixir-spa\/\">spa<\/a>.<br \/>\nTen wyj\u0105tkowy obiekt jest przeznaczony wy\u0142\u0105cznie dla wymagaj\u0105cych os\u00f3b doros\u0142ych, kt\u00f3re ceni\u0105 sobie ekskluzywne i prawdziwie spokojne otoczenie zapewniaj\u0105ce ca\u0142kowity relaks, wyznaczaj\u0105c standardy dla hoteli tylko dla doros\u0142ych w Pafos.<br \/>\nPo\u0142o\u017cony przy wspania\u0142ej piaszczystej pla\u017cy i otoczony dojrza\u0142ymi, dobrze utrzymanymi ogrodami, oferuje szeroki wyb\u00f3r<a href=\"https:\/\/www.asimina-cbh.com\/dining\/\"> restauracji na \u015bwie\u017cym powietrzu i wewn\u0105trz<\/a>.<br \/>\nMiasto Pafos jest dogodnie oddalone o zaledwie 2 kilometry, dzi\u0119ki czemu mog\u0105 Pa\u0144stwo zwiedza\u0107 miasto, jednocze\u015bnie ciesz\u0105c si\u0119 zaciszem naszej przystani tylko dla doros\u0142ych w Pafos.<\/p>\n","protected":false},"excerpt":{"rendered":"<p>Constantinou Bros Hotels oferuje wakacje tylko dla doros\u0142ych w relaksuj\u0105cym otoczeniu bez dzieci, zapewniaj\u0105c najlepsze wra\u017cenia hotelowe tylko dla doros\u0142ych w Pafos. Dzi\u0119ki spokojnym dniom sp\u0119dzonym przy basenie oraz programowi rozrywkowemu i rekreacyjnemu skoncentrowanemu na stworzeniu idealnych wakacji tylko dla doros\u0142ych, nasz hotel jest przeznaczony wy\u0142\u0105cznie dla os\u00f3b doros\u0142ych poszukuj\u0105cych spokoju i luksusu. Hotele Constantinou<\/p>\n","protected":false},"author":100,"featured_media":15407,"parent":0,"menu_order":0,"comment_status":"closed","ping_status":"closed","template":"","meta":{"_acf_changed":false,"footnotes":""},"class_list":["post-12956","page","type-page","status-publish","has-post-thumbnail","hentry"],"acf":[],"yoast_head":"<!-- This site is optimized with the Yoast SEO plugin v27.5 - https:\/\/yoast.com\/product\/yoast-seo-wordpress\/ -->\n<title>Hotel tylko dla doros\u0142ych w Pafos | Spokojne wakacje tylko dla doros\u0142ych na Cyprze<\/title>\n<meta name=\"description\" content=\"Do\u015bwiadcz\u0105 Pa\u0144stwo spokojnego luksusu w naszym hotelu tylko dla doros\u0142ych w Pafos na Cyprze, Asimina Suites Hotel by Constantinou Bros.\" \/>\n<meta name=\"robots\" content=\"index, follow, max-snippet:-1, max-image-preview:large, max-video-preview:-1\" \/>\n<link rel=\"canonical\" href=\"https:\/\/www.asimina-cbh.com\/pl\/tylko-dla-doroslych-hotel-paphos-wakacje\/\" \/>\n<meta property=\"og:locale\" content=\"pl_PL\" \/>\n<meta property=\"og:type\" content=\"article\" \/>\n<meta property=\"og:title\" content=\"Hotel tylko dla doros\u0142ych w Pafos | Spokojne wakacje tylko dla doros\u0142ych na Cyprze\" \/>\n<meta property=\"og:description\" content=\"Do\u015bwiadcz\u0105 Pa\u0144stwo spokojnego luksusu w naszym hotelu tylko dla doros\u0142ych w Pafos na Cyprze, Asimina Suites Hotel by Constantinou Bros.\" \/>\n<meta property=\"og:url\" content=\"https:\/\/www.asimina-cbh.com\/pl\/tylko-dla-doroslych-hotel-paphos-wakacje\/\" \/>\n<meta property=\"og:site_name\" content=\"Asimina Suites Hotel\" \/>\n<meta property=\"article:modified_time\" content=\"2024-09-17T10:01:43+00:00\" \/>\n<meta property=\"og:image\" content=\"https:\/\/www.asimina-cbh.com\/app\/uploads\/sites\/31\/2022\/05\/42-ASIMINA-SUITES-HOTEL-PRIVATE-DINNER-BY-THE-BEACH-scaled.jpg\" \/>\n\t<meta property=\"og:image:width\" content=\"2560\" \/>\n\t<meta property=\"og:image:height\" content=\"1703\" \/>\n\t<meta property=\"og:image:type\" content=\"image\/jpeg\" \/>\n<meta name=\"twitter:card\" content=\"summary_large_image\" \/>\n<meta name=\"twitter:label1\" content=\"Est. reading time\" \/>\n\t<meta name=\"twitter:data1\" content=\"2 minutes\" \/>\n<script type=\"application\/ld+json\" class=\"yoast-schema-graph\">{\"@context\":\"https:\\\/\\\/schema.org\",\"@graph\":[{\"@type\":\"WebPage\",\"@id\":\"https:\\\/\\\/www.asimina-cbh.com\\\/pl\\\/tylko-dla-doroslych-hotel-paphos-wakacje\\\/\",\"url\":\"https:\\\/\\\/www.asimina-cbh.com\\\/pl\\\/tylko-dla-doroslych-hotel-paphos-wakacje\\\/\",\"name\":\"Hotel tylko dla doros\u0142ych w Pafos | Spokojne wakacje tylko dla doros\u0142ych na Cyprze\",\"isPartOf\":{\"@id\":\"https:\\\/\\\/www.asimina-cbh.com\\\/pl\\\/#website\"},\"primaryImageOfPage\":{\"@id\":\"https:\\\/\\\/www.asimina-cbh.com\\\/pl\\\/tylko-dla-doroslych-hotel-paphos-wakacje\\\/#primaryimage\"},\"image\":{\"@id\":\"https:\\\/\\\/www.asimina-cbh.com\\\/pl\\\/tylko-dla-doroslych-hotel-paphos-wakacje\\\/#primaryimage\"},\"thumbnailUrl\":\"https:\\\/\\\/www.asimina-cbh.com\\\/app\\\/uploads\\\/sites\\\/31\\\/2025\\\/10\\\/34-ASIMINA-SUITES-HOTEL-PRIVATE-DINNER-BY-THE-BEACH.jpg\",\"datePublished\":\"2024-07-22T12:06:05+00:00\",\"dateModified\":\"2024-09-17T10:01:43+00:00\",\"description\":\"Do\u015bwiadcz\u0105 Pa\u0144stwo spokojnego luksusu w naszym hotelu tylko dla doros\u0142ych w Pafos na Cyprze, Asimina Suites Hotel by Constantinou Bros.\",\"breadcrumb\":{\"@id\":\"https:\\\/\\\/www.asimina-cbh.com\\\/pl\\\/tylko-dla-doroslych-hotel-paphos-wakacje\\\/#breadcrumb\"},\"inLanguage\":\"pl-PL\",\"potentialAction\":[{\"@type\":\"ReadAction\",\"target\":[\"https:\\\/\\\/www.asimina-cbh.com\\\/pl\\\/tylko-dla-doroslych-hotel-paphos-wakacje\\\/\"]}]},{\"@type\":\"ImageObject\",\"inLanguage\":\"pl-PL\",\"@id\":\"https:\\\/\\\/www.asimina-cbh.com\\\/pl\\\/tylko-dla-doroslych-hotel-paphos-wakacje\\\/#primaryimage\",\"url\":\"https:\\\/\\\/www.asimina-cbh.com\\\/app\\\/uploads\\\/sites\\\/31\\\/2025\\\/10\\\/34-ASIMINA-SUITES-HOTEL-PRIVATE-DINNER-BY-THE-BEACH.jpg\",\"contentUrl\":\"https:\\\/\\\/www.asimina-cbh.com\\\/app\\\/uploads\\\/sites\\\/31\\\/2025\\\/10\\\/34-ASIMINA-SUITES-HOTEL-PRIVATE-DINNER-BY-THE-BEACH.jpg\",\"width\":2500,\"height\":1664,\"caption\":\"ASIMINA-SUITES-HOTEL-PRIVATE-DINNER-BY-THE-BEACH\"},{\"@type\":\"BreadcrumbList\",\"@id\":\"https:\\\/\\\/www.asimina-cbh.com\\\/pl\\\/tylko-dla-doroslych-hotel-paphos-wakacje\\\/#breadcrumb\",\"itemListElement\":[{\"@type\":\"ListItem\",\"position\":1,\"name\":\"Home\",\"item\":\"https:\\\/\\\/www.asimina-cbh.com\\\/pl\\\/\"},{\"@type\":\"ListItem\",\"position\":2,\"name\":\"Wakacje tylko dla doros\u0142ych\"}]},{\"@type\":\"WebSite\",\"@id\":\"https:\\\/\\\/www.asimina-cbh.com\\\/pl\\\/#website\",\"url\":\"https:\\\/\\\/www.asimina-cbh.com\\\/pl\\\/\",\"name\":\"Asimina Suites Hotel\",\"description\":\"Constantinou Bros Asimina Suites Hotel, 4 star hotel in Paphos Cyprus\",\"potentialAction\":[{\"@type\":\"SearchAction\",\"target\":{\"@type\":\"EntryPoint\",\"urlTemplate\":\"https:\\\/\\\/www.asimina-cbh.com\\\/pl\\\/?s={search_term_string}\"},\"query-input\":{\"@type\":\"PropertyValueSpecification\",\"valueRequired\":true,\"valueName\":\"search_term_string\"}}],\"inLanguage\":\"pl-PL\"}]}<\/script>\n<!-- \/ Yoast SEO plugin. -->","yoast_head_json":{"title":"Hotel tylko dla doros\u0142ych w Pafos | Spokojne wakacje tylko dla doros\u0142ych na Cyprze","description":"Do\u015bwiadcz\u0105 Pa\u0144stwo spokojnego luksusu w naszym hotelu tylko dla doros\u0142ych w Pafos na Cyprze, Asimina Suites Hotel by Constantinou Bros.","robots":{"index":"index","follow":"follow","max-snippet":"max-snippet:-1","max-image-preview":"max-image-preview:large","max-video-preview":"max-video-preview:-1"},"canonical":"https:\/\/www.asimina-cbh.com\/pl\/tylko-dla-doroslych-hotel-paphos-wakacje\/","og_locale":"pl_PL","og_type":"article","og_title":"Hotel tylko dla doros\u0142ych w Pafos | Spokojne wakacje tylko dla doros\u0142ych na Cyprze","og_description":"Do\u015bwiadcz\u0105 Pa\u0144stwo spokojnego luksusu w naszym hotelu tylko dla doros\u0142ych w Pafos na Cyprze, Asimina Suites Hotel by Constantinou Bros.","og_url":"https:\/\/www.asimina-cbh.com\/pl\/tylko-dla-doroslych-hotel-paphos-wakacje\/","og_site_name":"Asimina Suites Hotel","article_modified_time":"2024-09-17T10:01:43+00:00","og_image":[{"width":2560,"height":1703,"url":"https:\/\/www.asimina-cbh.com\/app\/uploads\/sites\/31\/2022\/05\/42-ASIMINA-SUITES-HOTEL-PRIVATE-DINNER-BY-THE-BEACH-scaled.jpg","type":"image\/jpeg"}],"twitter_card":"summary_large_image","twitter_misc":{"Est. reading time":"2 minutes"},"schema":{"@context":"https:\/\/schema.org","@graph":[{"@type":"WebPage","@id":"https:\/\/www.asimina-cbh.com\/pl\/tylko-dla-doroslych-hotel-paphos-wakacje\/","url":"https:\/\/www.asimina-cbh.com\/pl\/tylko-dla-doroslych-hotel-paphos-wakacje\/","name":"Hotel tylko dla doros\u0142ych w Pafos | Spokojne wakacje tylko dla doros\u0142ych na Cyprze","isPartOf":{"@id":"https:\/\/www.asimina-cbh.com\/pl\/#website"},"primaryImageOfPage":{"@id":"https:\/\/www.asimina-cbh.com\/pl\/tylko-dla-doroslych-hotel-paphos-wakacje\/#primaryimage"},"image":{"@id":"https:\/\/www.asimina-cbh.com\/pl\/tylko-dla-doroslych-hotel-paphos-wakacje\/#primaryimage"},"thumbnailUrl":"https:\/\/www.asimina-cbh.com\/app\/uploads\/sites\/31\/2025\/10\/34-ASIMINA-SUITES-HOTEL-PRIVATE-DINNER-BY-THE-BEACH.jpg","datePublished":"2024-07-22T12:06:05+00:00","dateModified":"2024-09-17T10:01:43+00:00","description":"Do\u015bwiadcz\u0105 Pa\u0144stwo spokojnego luksusu w naszym hotelu tylko dla doros\u0142ych w Pafos na Cyprze, Asimina Suites Hotel by Constantinou Bros.","breadcrumb":{"@id":"https:\/\/www.asimina-cbh.com\/pl\/tylko-dla-doroslych-hotel-paphos-wakacje\/#breadcrumb"},"inLanguage":"pl-PL","potentialAction":[{"@type":"ReadAction","target":["https:\/\/www.asimina-cbh.com\/pl\/tylko-dla-doroslych-hotel-paphos-wakacje\/"]}]},{"@type":"ImageObject","inLanguage":"pl-PL","@id":"https:\/\/www.asimina-cbh.com\/pl\/tylko-dla-doroslych-hotel-paphos-wakacje\/#primaryimage","url":"https:\/\/www.asimina-cbh.com\/app\/uploads\/sites\/31\/2025\/10\/34-ASIMINA-SUITES-HOTEL-PRIVATE-DINNER-BY-THE-BEACH.jpg","contentUrl":"https:\/\/www.asimina-cbh.com\/app\/uploads\/sites\/31\/2025\/10\/34-ASIMINA-SUITES-HOTEL-PRIVATE-DINNER-BY-THE-BEACH.jpg","width":2500,"height":1664,"caption":"ASIMINA-SUITES-HOTEL-PRIVATE-DINNER-BY-THE-BEACH"},{"@type":"BreadcrumbList","@id":"https:\/\/www.asimina-cbh.com\/pl\/tylko-dla-doroslych-hotel-paphos-wakacje\/#breadcrumb","itemListElement":[{"@type":"ListItem","position":1,"name":"Home","item":"https:\/\/www.asimina-cbh.com\/pl\/"},{"@type":"ListItem","position":2,"name":"Wakacje tylko dla doros\u0142ych"}]},{"@type":"WebSite","@id":"https:\/\/www.asimina-cbh.com\/pl\/#website","url":"https:\/\/www.asimina-cbh.com\/pl\/","name":"Asimina Suites Hotel","description":"Constantinou Bros Asimina Suites Hotel, 4 star hotel in Paphos Cyprus","potentialAction":[{"@type":"SearchAction","target":{"@type":"EntryPoint","urlTemplate":"https:\/\/www.asimina-cbh.com\/pl\/?s={search_term_string}"},"query-input":{"@type":"PropertyValueSpecification","valueRequired":true,"valueName":"search_term_string"}}],"inLanguage":"pl-PL"}]}},"_links":{"self":[{"href":"https:\/\/www.asimina-cbh.com\/pl\/wp-json\/wp\/v2\/pages\/12956","targetHints":{"allow":["GET"]}}],"collection":[{"href":"https:\/\/www.asimina-cbh.com\/pl\/wp-json\/wp\/v2\/pages"}],"about":[{"href":"https:\/\/www.asimina-cbh.com\/pl\/wp-json\/wp\/v2\/types\/page"}],"author":[{"embeddable":true,"href":"https:\/\/www.asimina-cbh.com\/pl\/wp-json\/wp\/v2\/users\/100"}],"replies":[{"embeddable":true,"href":"https:\/\/www.asimina-cbh.com\/pl\/wp-json\/wp\/v2\/comments?post=12956"}],"version-history":[{"count":1,"href":"https:\/\/www.asimina-cbh.com\/pl\/wp-json\/wp\/v2\/pages\/12956\/revisions"}],"predecessor-version":[{"id":14573,"href":"https:\/\/www.asimina-cbh.com\/pl\/wp-json\/wp\/v2\/pages\/12956\/revisions\/14573"}],"wp:featuredmedia":[{"embeddable":true,"href":"https:\/\/www.asimina-cbh.com\/pl\/wp-json\/wp\/v2\/media\/15407"}],"wp:attachment":[{"href":"https:\/\/www.asimina-cbh.com\/pl\/wp-json\/wp\/v2\/media?parent=12956"}],"curies":[{"name":"wp","href":"https:\/\/api.w.org\/{rel}","templated":true}]}}