{"id":12960,"date":"2024-07-22T15:06:10","date_gmt":"2024-07-22T12:06:10","guid":{"rendered":"https:\/\/www.asimina-cbh.com\/covid-srodki\/"},"modified":"2024-09-17T13:01:36","modified_gmt":"2024-09-17T10:01:36","slug":"covid-srodki","status":"publish","type":"page","link":"https:\/\/www.asimina-cbh.com\/pl\/covid-srodki\/","title":{"rendered":"\u015arodki Covid"},"content":{"rendered":"","protected":false},"excerpt":{"rendered":"","protected":false},"author":360,"featured_media":0,"parent":0,"menu_order":0,"comment_status":"closed","ping_status":"closed","template":"page-templates\/covid-measures.php","meta":{"_acf_changed":false,"footnotes":""},"class_list":["post-12960","page","type-page","status-publish","hentry"],"acf":[],"yoast_head":"<!-- This site is optimized with the Yoast SEO plugin v27.5 - https:\/\/yoast.com\/product\/yoast-seo-wordpress\/ -->\n<title>\u015arodki Covid - Asimina Suites Hotel<\/title>\n<meta name=\"description\" content=\"Odkryj nasze kompleksowe \u015brodki bezpiecze\u0144stwa COVID-19 w hotelu Asimina Suites na Cyprze. Pa\u0144stwa bezpiecze\u0144stwo jest naszym priorytetem.\" \/>\n<meta name=\"robots\" content=\"index, follow, max-snippet:-1, max-image-preview:large, max-video-preview:-1\" \/>\n<link rel=\"canonical\" href=\"https:\/\/www.asimina-cbh.com\/pl\/covid-srodki\/\" \/>\n<meta property=\"og:locale\" content=\"pl_PL\" \/>\n<meta property=\"og:type\" content=\"article\" \/>\n<meta property=\"og:title\" content=\"\u015arodki Covid - Asimina Suites Hotel\" \/>\n<meta property=\"og:description\" content=\"Odkryj nasze kompleksowe \u015brodki bezpiecze\u0144stwa COVID-19 w hotelu Asimina Suites na Cyprze. Pa\u0144stwa bezpiecze\u0144stwo jest naszym priorytetem.\" \/>\n<meta property=\"og:url\" content=\"https:\/\/www.asimina-cbh.com\/pl\/covid-srodki\/\" \/>\n<meta property=\"og:site_name\" content=\"Asimina Suites Hotel\" \/>\n<meta property=\"article:modified_time\" content=\"2024-09-17T10:01:36+00:00\" \/>\n<meta name=\"twitter:card\" content=\"summary_large_image\" \/>\n<script type=\"application\/ld+json\" class=\"yoast-schema-graph\">{\"@context\":\"https:\\\/\\\/schema.org\",\"@graph\":[{\"@type\":\"WebPage\",\"@id\":\"https:\\\/\\\/www.asimina-cbh.com\\\/pl\\\/covid-srodki\\\/\",\"url\":\"https:\\\/\\\/www.asimina-cbh.com\\\/pl\\\/covid-srodki\\\/\",\"name\":\"\u015arodki Covid - Asimina Suites Hotel\",\"isPartOf\":{\"@id\":\"https:\\\/\\\/www.asimina-cbh.com\\\/pl\\\/#website\"},\"datePublished\":\"2024-07-22T12:06:10+00:00\",\"dateModified\":\"2024-09-17T10:01:36+00:00\",\"description\":\"Odkryj nasze kompleksowe \u015brodki bezpiecze\u0144stwa COVID-19 w hotelu Asimina Suites na Cyprze. Pa\u0144stwa bezpiecze\u0144stwo jest naszym priorytetem.\",\"breadcrumb\":{\"@id\":\"https:\\\/\\\/www.asimina-cbh.com\\\/pl\\\/covid-srodki\\\/#breadcrumb\"},\"inLanguage\":\"pl-PL\",\"potentialAction\":[{\"@type\":\"ReadAction\",\"target\":[\"https:\\\/\\\/www.asimina-cbh.com\\\/pl\\\/covid-srodki\\\/\"]}]},{\"@type\":\"BreadcrumbList\",\"@id\":\"https:\\\/\\\/www.asimina-cbh.com\\\/pl\\\/covid-srodki\\\/#breadcrumb\",\"itemListElement\":[{\"@type\":\"ListItem\",\"position\":1,\"name\":\"Home\",\"item\":\"https:\\\/\\\/www.asimina-cbh.com\\\/pl\\\/\"},{\"@type\":\"ListItem\",\"position\":2,\"name\":\"\u015arodki Covid\"}]},{\"@type\":\"WebSite\",\"@id\":\"https:\\\/\\\/www.asimina-cbh.com\\\/pl\\\/#website\",\"url\":\"https:\\\/\\\/www.asimina-cbh.com\\\/pl\\\/\",\"name\":\"Asimina Suites Hotel\",\"description\":\"Constantinou Bros Asimina Suites Hotel, 4 star hotel in Paphos Cyprus\",\"potentialAction\":[{\"@type\":\"SearchAction\",\"target\":{\"@type\":\"EntryPoint\",\"urlTemplate\":\"https:\\\/\\\/www.asimina-cbh.com\\\/pl\\\/?s={search_term_string}\"},\"query-input\":{\"@type\":\"PropertyValueSpecification\",\"valueRequired\":true,\"valueName\":\"search_term_string\"}}],\"inLanguage\":\"pl-PL\"}]}<\/script>\n<!-- \/ Yoast SEO plugin. -->","yoast_head_json":{"title":"\u015arodki Covid - Asimina Suites Hotel","description":"Odkryj nasze kompleksowe \u015brodki bezpiecze\u0144stwa COVID-19 w hotelu Asimina Suites na Cyprze. Pa\u0144stwa bezpiecze\u0144stwo jest naszym priorytetem.","robots":{"index":"index","follow":"follow","max-snippet":"max-snippet:-1","max-image-preview":"max-image-preview:large","max-video-preview":"max-video-preview:-1"},"canonical":"https:\/\/www.asimina-cbh.com\/pl\/covid-srodki\/","og_locale":"pl_PL","og_type":"article","og_title":"\u015arodki Covid - Asimina Suites Hotel","og_description":"Odkryj nasze kompleksowe \u015brodki bezpiecze\u0144stwa COVID-19 w hotelu Asimina Suites na Cyprze. Pa\u0144stwa bezpiecze\u0144stwo jest naszym priorytetem.","og_url":"https:\/\/www.asimina-cbh.com\/pl\/covid-srodki\/","og_site_name":"Asimina Suites Hotel","article_modified_time":"2024-09-17T10:01:36+00:00","twitter_card":"summary_large_image","schema":{"@context":"https:\/\/schema.org","@graph":[{"@type":"WebPage","@id":"https:\/\/www.asimina-cbh.com\/pl\/covid-srodki\/","url":"https:\/\/www.asimina-cbh.com\/pl\/covid-srodki\/","name":"\u015arodki Covid - Asimina Suites Hotel","isPartOf":{"@id":"https:\/\/www.asimina-cbh.com\/pl\/#website"},"datePublished":"2024-07-22T12:06:10+00:00","dateModified":"2024-09-17T10:01:36+00:00","description":"Odkryj nasze kompleksowe \u015brodki bezpiecze\u0144stwa COVID-19 w hotelu Asimina Suites na Cyprze. Pa\u0144stwa bezpiecze\u0144stwo jest naszym priorytetem.","breadcrumb":{"@id":"https:\/\/www.asimina-cbh.com\/pl\/covid-srodki\/#breadcrumb"},"inLanguage":"pl-PL","potentialAction":[{"@type":"ReadAction","target":["https:\/\/www.asimina-cbh.com\/pl\/covid-srodki\/"]}]},{"@type":"BreadcrumbList","@id":"https:\/\/www.asimina-cbh.com\/pl\/covid-srodki\/#breadcrumb","itemListElement":[{"@type":"ListItem","position":1,"name":"Home","item":"https:\/\/www.asimina-cbh.com\/pl\/"},{"@type":"ListItem","position":2,"name":"\u015arodki Covid"}]},{"@type":"WebSite","@id":"https:\/\/www.asimina-cbh.com\/pl\/#website","url":"https:\/\/www.asimina-cbh.com\/pl\/","name":"Asimina Suites Hotel","description":"Constantinou Bros Asimina Suites Hotel, 4 star hotel in Paphos Cyprus","potentialAction":[{"@type":"SearchAction","target":{"@type":"EntryPoint","urlTemplate":"https:\/\/www.asimina-cbh.com\/pl\/?s={search_term_string}"},"query-input":{"@type":"PropertyValueSpecification","valueRequired":true,"valueName":"search_term_string"}}],"inLanguage":"pl-PL"}]}},"_links":{"self":[{"href":"https:\/\/www.asimina-cbh.com\/pl\/wp-json\/wp\/v2\/pages\/12960","targetHints":{"allow":["GET"]}}],"collection":[{"href":"https:\/\/www.asimina-cbh.com\/pl\/wp-json\/wp\/v2\/pages"}],"about":[{"href":"https:\/\/www.asimina-cbh.com\/pl\/wp-json\/wp\/v2\/types\/page"}],"author":[{"embeddable":true,"href":"https:\/\/www.asimina-cbh.com\/pl\/wp-json\/wp\/v2\/users\/360"}],"replies":[{"embeddable":true,"href":"https:\/\/www.asimina-cbh.com\/pl\/wp-json\/wp\/v2\/comments?post=12960"}],"version-history":[{"count":2,"href":"https:\/\/www.asimina-cbh.com\/pl\/wp-json\/wp\/v2\/pages\/12960\/revisions"}],"predecessor-version":[{"id":14576,"href":"https:\/\/www.asimina-cbh.com\/pl\/wp-json\/wp\/v2\/pages\/12960\/revisions\/14576"}],"wp:attachment":[{"href":"https:\/\/www.asimina-cbh.com\/pl\/wp-json\/wp\/v2\/media?parent=12960"}],"curies":[{"name":"wp","href":"https:\/\/api.w.org\/{rel}","templated":true}]}}