{"id":12961,"date":"2024-07-22T15:06:10","date_gmt":"2024-07-22T12:06:10","guid":{"rendered":"https:\/\/www.asimina-cbh.com\/zrownowazony-rozwoj\/"},"modified":"2026-01-26T12:48:17","modified_gmt":"2026-01-26T09:48:17","slug":"zrownowazony-rozwoj","status":"publish","type":"page","link":"https:\/\/www.asimina-cbh.com\/pl\/zrownowazony-rozwoj\/","title":{"rendered":"Zr\u00f3wnowa\u017cony rozw\u00f3j"},"content":{"rendered":"<p>Asimina Suites Hotel, nale\u017c\u0105cy do Constantinou Bros Hotels, to certyfikowany, <i>ekologiczny, luksusowy hotel w Pafos <\/i>, po\u0142o\u017cony przy prywatnej piaszczystej pla\u017cy.<\/p>\n<p>Potwierdzeniem naszych wysokich standard\u00f3w w zakresie praw cz\u0142owieka, pracy, zaanga\u017cowania spo\u0142eczno\u015bci, wp\u0142ywu na \u015brodowisko i zr\u00f3wnowa\u017conego rozwoju jest z\u0142oty certyfikat Travelife, kt\u00f3ry otrzymali\u015bmy z wielk\u0105 rado\u015bci\u0105.<\/p>\n<p>Jest to wyr\u00f3\u017cnienie, z kt\u00f3rego jeste\u015bmy bardzo dumni, poniewa\u017c jest wynikiem wielu wysi\u0142k\u00f3w zmierzaj\u0105cych do zapewnienia go\u015bciom jak najlepszych wra\u017ce\u0144 przy jednoczesnym poszanowaniu \u015brodowiska naturalnego.<\/p>\n<p>&nbsp;<\/p>\n<blockquote><p><img loading=\"lazy\" decoding=\"async\" class=\"size-medium wp-image-12016 aligncenter\" src=\"https:\/\/www.asimina-cbh.com\/app\/uploads\/sites\/31\/2023\/03\/Travelife-Gold-2-600x323.jpg\" alt=\"\" width=\"600\" height=\"323\" srcset=\"https:\/\/www.asimina-cbh.com\/app\/uploads\/sites\/31\/2023\/03\/Travelife-Gold-2-600x323.jpg 600w, https:\/\/www.asimina-cbh.com\/app\/uploads\/sites\/31\/2023\/03\/Travelife-Gold-2-768x413.jpg 768w, https:\/\/www.asimina-cbh.com\/app\/uploads\/sites\/31\/2023\/03\/Travelife-Gold-2-1536x826.jpg 1536w, https:\/\/www.asimina-cbh.com\/app\/uploads\/sites\/31\/2023\/03\/Travelife-Gold-2-1488x800.jpg 1488w, https:\/\/www.asimina-cbh.com\/app\/uploads\/sites\/31\/2023\/03\/Travelife-Gold-2.jpg 1920w\" sizes=\"auto, (max-width: 600px) 100vw, 600px\" \/><\/p><\/blockquote>\n<p>&nbsp;<\/p>\n<p>Jeste\u015bmy bardzo podekscytowani faktem, \u017ce nasz <i>ekologiczny luksusowy <\/i>hotel Asimina Suites Hotel <i>w Pafos <\/i>jest oficjalnie aktywn\u0105 cz\u0119\u015bci\u0105 globalnej zmiany kultury w hotelarstwie, kt\u00f3ra ma na celu bardziej zr\u00f3wnowa\u017cony model rozwoju w wielu dziedzinach.<\/p>\n<p><b>Nasze praktyki w zakresie zr\u00f3wnowa\u017conego rozwoju w skr\u00f3cie:<\/b><b><\/b><\/p>\n<p>&nbsp;<\/p>\n<p><b>Polityka ochrony \u015brodowiska:<\/b><\/p>\n<p>System oszcz\u0119dzania energii pomaga nam zrozumie\u0107 wydajno\u015b\u0107 \u015brodowiskow\u0105 naszego hotelu i podejmowa\u0107 dzia\u0142ania przeciwko negatywnym skutkom, takim jak redukcja odpad\u00f3w i zarz\u0105dzanie nimi przy jednoczesnym zachowaniu zasob\u00f3w naturalnych.<\/p>\n<p><b>Bezpiecze\u0144stwo F&amp;B:<\/b><\/p>\n<p>Nasza procedura zarz\u0105dzania bezpiecze\u0144stwem \u017cywno\u015bci obejmuje identyfikacj\u0119, ocen\u0119 i kontrol\u0119 wszystkich zagro\u017ce\u0144 zwi\u0105zanych z bezpiecze\u0144stwem \u017cywno\u015bci, a tak\u017ce pozyskiwanie surowc\u00f3w najwy\u017cszej jako\u015bci.<\/p>\n<p>&nbsp;<\/p>\n<p><b>Dzia\u0142ania na rzecz spo\u0142eczno\u015bci: <\/b><br \/>\nNasz <i>przyjazny dla \u015brodowiska luksusowy hotel w Pafos<\/i> zapewnia wsparcie finansowe i spo\u0142eczne zawsze i wsz\u0119dzie, gdzie to mo\u017cliwe, w uznaniu znaczenia, jakie przywi\u0105zuje do otaczaj\u0105cej go spo\u0142eczno\u015bci.<\/p>\n<p>&nbsp;<\/p>\n<p><b>Zasoby ludzkie:  <\/b><\/p>\n<p>W naszym miejscu pracy nie ma dyskryminacji ze wzgl\u0119du na wiek, ras\u0119, p\u0142e\u0107, narodowo\u015b\u0107, niepe\u0142nosprawno\u015b\u0107 lub religi\u0119. Oferujemy pracownikom mo\u017cliwo\u015bci rozwoju przy jednoczesnym zachowaniu uczciwego i opartego na zas\u0142ugach procesu rekrutacji. <\/p>\n<p>&nbsp;<\/p>\n<p><b>Bezpiecze\u0144stwo i higiena pracy:  <\/b><\/p>\n<p>Asimina Suites Hotel zobowi\u0105zuje si\u0119 do zapewnienia bezpiecznego i zdrowego \u015brodowiska pracy, w kt\u00f3rym ka\u017cdy czuje si\u0119 cz\u0119\u015bci\u0105 zespo\u0142u i jest przekonany o swojej zdolno\u015bci do wype\u0142niania swoich obowi\u0105zk\u00f3w. \u017byczliwo\u015b\u0107 i bezpiecze\u0144stwo s\u0105 podstaw\u0105 naszej kultury. <\/p>\n<p>&nbsp;<\/p>\n<p><b>Zapewnienie jako\u015bci:  <\/b><\/p>\n<p>Nieustannie ulepszaj\u0105c nasze us\u0142ugi, przyczyniamy si\u0119 do zadowolenia naszych go\u015bci, zwi\u0119kszaj\u0105c zar\u00f3wno wydajno\u015b\u0107 naszych produkt\u00f3w, jak i rozw\u00f3j pracownik\u00f3w, spe\u0142niaj\u0105c tym samym najwy\u017csze standardy jako\u015bci.<\/p>\n<p>&nbsp;<\/p>\n<p>Prosz\u0119 dowiedzie\u0107 si\u0119 wi\u0119cej o odpowiednich praktykach naszych <a href=\"https:\/\/www.cbh-cyprus.com\/sustainability\/\">cypryjskich zr\u00f3wnowa\u017conych hoteli<\/a>.<\/p>\n","protected":false},"excerpt":{"rendered":"<p>Asimina Suites Hotel, nale\u017c\u0105cy do Constantinou Bros Hotels, to certyfikowany, ekologiczny, luksusowy hotel w Pafos , po\u0142o\u017cony przy prywatnej piaszczystej pla\u017cy. Potwierdzeniem naszych wysokich standard\u00f3w w zakresie praw cz\u0142owieka, pracy, zaanga\u017cowania spo\u0142eczno\u015bci, wp\u0142ywu na \u015brodowisko i zr\u00f3wnowa\u017conego rozwoju jest z\u0142oty certyfikat Travelife, kt\u00f3ry otrzymali\u015bmy z wielk\u0105 rado\u015bci\u0105. Jest to wyr\u00f3\u017cnienie, z kt\u00f3rego jeste\u015bmy bardzo dumni,<\/p>\n","protected":false},"author":367,"featured_media":0,"parent":0,"menu_order":0,"comment_status":"closed","ping_status":"closed","template":"","meta":{"_acf_changed":false,"footnotes":""},"class_list":["post-12961","page","type-page","status-publish","hentry"],"acf":[],"yoast_head":"<!-- This site is optimized with the Yoast SEO plugin v27.4 - https:\/\/yoast.com\/product\/yoast-seo-wordpress\/ -->\n<title>Zr\u00f3wnowa\u017cony rozw\u00f3j || Asimina Suites Hotel<\/title>\n<meta name=\"description\" content=\"Asimina Suites Hotel, nale\u017c\u0105cy do Constantinou Bros Hotels, to certyfikowany, ekologiczny, luksusowy hotel w Pafos, po\u0142o\u017cony przy prywatnej piaszczystej pla\u017cy.\" \/>\n<meta name=\"robots\" content=\"index, follow, max-snippet:-1, max-image-preview:large, max-video-preview:-1\" \/>\n<link rel=\"canonical\" href=\"https:\/\/www.asimina-cbh.com\/pl\/zrownowazony-rozwoj\/\" \/>\n<meta property=\"og:locale\" content=\"pl_PL\" \/>\n<meta property=\"og:type\" content=\"article\" \/>\n<meta property=\"og:title\" content=\"Zr\u00f3wnowa\u017cony rozw\u00f3j || Asimina Suites Hotel\" \/>\n<meta property=\"og:description\" content=\"Asimina Suites Hotel, nale\u017c\u0105cy do Constantinou Bros Hotels, to certyfikowany, ekologiczny, luksusowy hotel w Pafos, po\u0142o\u017cony przy prywatnej piaszczystej pla\u017cy.\" \/>\n<meta property=\"og:url\" content=\"https:\/\/www.asimina-cbh.com\/pl\/zrownowazony-rozwoj\/\" \/>\n<meta property=\"og:site_name\" content=\"Asimina Suites Hotel\" \/>\n<meta property=\"article:modified_time\" content=\"2026-01-26T09:48:17+00:00\" \/>\n<meta property=\"og:image\" content=\"https:\/\/www.asimina-cbh.com\/app\/uploads\/sites\/31\/2023\/03\/Travelife-Gold-2.jpg\" \/>\n\t<meta property=\"og:image:width\" content=\"1920\" \/>\n\t<meta property=\"og:image:height\" content=\"1032\" \/>\n\t<meta property=\"og:image:type\" content=\"image\/jpeg\" \/>\n<meta name=\"twitter:card\" content=\"summary_large_image\" \/>\n<meta name=\"twitter:label1\" content=\"Est. reading time\" \/>\n\t<meta name=\"twitter:data1\" content=\"2 minutes\" \/>\n<script type=\"application\/ld+json\" class=\"yoast-schema-graph\">{\"@context\":\"https:\\\/\\\/schema.org\",\"@graph\":[{\"@type\":\"WebPage\",\"@id\":\"https:\\\/\\\/www.asimina-cbh.com\\\/pl\\\/zrownowazony-rozwoj\\\/\",\"url\":\"https:\\\/\\\/www.asimina-cbh.com\\\/pl\\\/zrownowazony-rozwoj\\\/\",\"name\":\"Zr\u00f3wnowa\u017cony rozw\u00f3j || Asimina Suites Hotel\",\"isPartOf\":{\"@id\":\"https:\\\/\\\/www.asimina-cbh.com\\\/pl\\\/#website\"},\"primaryImageOfPage\":{\"@id\":\"https:\\\/\\\/www.asimina-cbh.com\\\/pl\\\/zrownowazony-rozwoj\\\/#primaryimage\"},\"image\":{\"@id\":\"https:\\\/\\\/www.asimina-cbh.com\\\/pl\\\/zrownowazony-rozwoj\\\/#primaryimage\"},\"thumbnailUrl\":\"https:\\\/\\\/www.asimina-cbh.com\\\/app\\\/uploads\\\/sites\\\/31\\\/2023\\\/03\\\/Travelife-Gold-2-600x323.jpg\",\"datePublished\":\"2024-07-22T12:06:10+00:00\",\"dateModified\":\"2026-01-26T09:48:17+00:00\",\"description\":\"Asimina Suites Hotel, nale\u017c\u0105cy do Constantinou Bros Hotels, to certyfikowany, ekologiczny, luksusowy hotel w Pafos, po\u0142o\u017cony przy prywatnej piaszczystej pla\u017cy.\",\"breadcrumb\":{\"@id\":\"https:\\\/\\\/www.asimina-cbh.com\\\/pl\\\/zrownowazony-rozwoj\\\/#breadcrumb\"},\"inLanguage\":\"pl-PL\",\"potentialAction\":[{\"@type\":\"ReadAction\",\"target\":[\"https:\\\/\\\/www.asimina-cbh.com\\\/pl\\\/zrownowazony-rozwoj\\\/\"]}]},{\"@type\":\"ImageObject\",\"inLanguage\":\"pl-PL\",\"@id\":\"https:\\\/\\\/www.asimina-cbh.com\\\/pl\\\/zrownowazony-rozwoj\\\/#primaryimage\",\"url\":\"https:\\\/\\\/www.asimina-cbh.com\\\/app\\\/uploads\\\/sites\\\/31\\\/2023\\\/03\\\/Travelife-Gold-2-600x323.jpg\",\"contentUrl\":\"https:\\\/\\\/www.asimina-cbh.com\\\/app\\\/uploads\\\/sites\\\/31\\\/2023\\\/03\\\/Travelife-Gold-2-600x323.jpg\"},{\"@type\":\"BreadcrumbList\",\"@id\":\"https:\\\/\\\/www.asimina-cbh.com\\\/pl\\\/zrownowazony-rozwoj\\\/#breadcrumb\",\"itemListElement\":[{\"@type\":\"ListItem\",\"position\":1,\"name\":\"Home\",\"item\":\"https:\\\/\\\/www.asimina-cbh.com\\\/pl\\\/\"},{\"@type\":\"ListItem\",\"position\":2,\"name\":\"Zr\u00f3wnowa\u017cony rozw\u00f3j\"}]},{\"@type\":\"WebSite\",\"@id\":\"https:\\\/\\\/www.asimina-cbh.com\\\/pl\\\/#website\",\"url\":\"https:\\\/\\\/www.asimina-cbh.com\\\/pl\\\/\",\"name\":\"Asimina Suites Hotel\",\"description\":\"Constantinou Bros Asimina Suites Hotel, 4 star hotel in Paphos Cyprus\",\"potentialAction\":[{\"@type\":\"SearchAction\",\"target\":{\"@type\":\"EntryPoint\",\"urlTemplate\":\"https:\\\/\\\/www.asimina-cbh.com\\\/pl\\\/?s={search_term_string}\"},\"query-input\":{\"@type\":\"PropertyValueSpecification\",\"valueRequired\":true,\"valueName\":\"search_term_string\"}}],\"inLanguage\":\"pl-PL\"}]}<\/script>\n<!-- \/ Yoast SEO plugin. -->","yoast_head_json":{"title":"Zr\u00f3wnowa\u017cony rozw\u00f3j || Asimina Suites Hotel","description":"Asimina Suites Hotel, nale\u017c\u0105cy do Constantinou Bros Hotels, to certyfikowany, ekologiczny, luksusowy hotel w Pafos, po\u0142o\u017cony przy prywatnej piaszczystej pla\u017cy.","robots":{"index":"index","follow":"follow","max-snippet":"max-snippet:-1","max-image-preview":"max-image-preview:large","max-video-preview":"max-video-preview:-1"},"canonical":"https:\/\/www.asimina-cbh.com\/pl\/zrownowazony-rozwoj\/","og_locale":"pl_PL","og_type":"article","og_title":"Zr\u00f3wnowa\u017cony rozw\u00f3j || Asimina Suites Hotel","og_description":"Asimina Suites Hotel, nale\u017c\u0105cy do Constantinou Bros Hotels, to certyfikowany, ekologiczny, luksusowy hotel w Pafos, po\u0142o\u017cony przy prywatnej piaszczystej pla\u017cy.","og_url":"https:\/\/www.asimina-cbh.com\/pl\/zrownowazony-rozwoj\/","og_site_name":"Asimina Suites Hotel","article_modified_time":"2026-01-26T09:48:17+00:00","og_image":[{"width":1920,"height":1032,"url":"https:\/\/www.asimina-cbh.com\/app\/uploads\/sites\/31\/2023\/03\/Travelife-Gold-2.jpg","type":"image\/jpeg"}],"twitter_card":"summary_large_image","twitter_misc":{"Est. reading time":"2 minutes"},"schema":{"@context":"https:\/\/schema.org","@graph":[{"@type":"WebPage","@id":"https:\/\/www.asimina-cbh.com\/pl\/zrownowazony-rozwoj\/","url":"https:\/\/www.asimina-cbh.com\/pl\/zrownowazony-rozwoj\/","name":"Zr\u00f3wnowa\u017cony rozw\u00f3j || Asimina Suites Hotel","isPartOf":{"@id":"https:\/\/www.asimina-cbh.com\/pl\/#website"},"primaryImageOfPage":{"@id":"https:\/\/www.asimina-cbh.com\/pl\/zrownowazony-rozwoj\/#primaryimage"},"image":{"@id":"https:\/\/www.asimina-cbh.com\/pl\/zrownowazony-rozwoj\/#primaryimage"},"thumbnailUrl":"https:\/\/www.asimina-cbh.com\/app\/uploads\/sites\/31\/2023\/03\/Travelife-Gold-2-600x323.jpg","datePublished":"2024-07-22T12:06:10+00:00","dateModified":"2026-01-26T09:48:17+00:00","description":"Asimina Suites Hotel, nale\u017c\u0105cy do Constantinou Bros Hotels, to certyfikowany, ekologiczny, luksusowy hotel w Pafos, po\u0142o\u017cony przy prywatnej piaszczystej pla\u017cy.","breadcrumb":{"@id":"https:\/\/www.asimina-cbh.com\/pl\/zrownowazony-rozwoj\/#breadcrumb"},"inLanguage":"pl-PL","potentialAction":[{"@type":"ReadAction","target":["https:\/\/www.asimina-cbh.com\/pl\/zrownowazony-rozwoj\/"]}]},{"@type":"ImageObject","inLanguage":"pl-PL","@id":"https:\/\/www.asimina-cbh.com\/pl\/zrownowazony-rozwoj\/#primaryimage","url":"https:\/\/www.asimina-cbh.com\/app\/uploads\/sites\/31\/2023\/03\/Travelife-Gold-2-600x323.jpg","contentUrl":"https:\/\/www.asimina-cbh.com\/app\/uploads\/sites\/31\/2023\/03\/Travelife-Gold-2-600x323.jpg"},{"@type":"BreadcrumbList","@id":"https:\/\/www.asimina-cbh.com\/pl\/zrownowazony-rozwoj\/#breadcrumb","itemListElement":[{"@type":"ListItem","position":1,"name":"Home","item":"https:\/\/www.asimina-cbh.com\/pl\/"},{"@type":"ListItem","position":2,"name":"Zr\u00f3wnowa\u017cony rozw\u00f3j"}]},{"@type":"WebSite","@id":"https:\/\/www.asimina-cbh.com\/pl\/#website","url":"https:\/\/www.asimina-cbh.com\/pl\/","name":"Asimina Suites Hotel","description":"Constantinou Bros Asimina Suites Hotel, 4 star hotel in Paphos Cyprus","potentialAction":[{"@type":"SearchAction","target":{"@type":"EntryPoint","urlTemplate":"https:\/\/www.asimina-cbh.com\/pl\/?s={search_term_string}"},"query-input":{"@type":"PropertyValueSpecification","valueRequired":true,"valueName":"search_term_string"}}],"inLanguage":"pl-PL"}]}},"_links":{"self":[{"href":"https:\/\/www.asimina-cbh.com\/pl\/wp-json\/wp\/v2\/pages\/12961","targetHints":{"allow":["GET"]}}],"collection":[{"href":"https:\/\/www.asimina-cbh.com\/pl\/wp-json\/wp\/v2\/pages"}],"about":[{"href":"https:\/\/www.asimina-cbh.com\/pl\/wp-json\/wp\/v2\/types\/page"}],"author":[{"embeddable":true,"href":"https:\/\/www.asimina-cbh.com\/pl\/wp-json\/wp\/v2\/users\/367"}],"replies":[{"embeddable":true,"href":"https:\/\/www.asimina-cbh.com\/pl\/wp-json\/wp\/v2\/comments?post=12961"}],"version-history":[{"count":3,"href":"https:\/\/www.asimina-cbh.com\/pl\/wp-json\/wp\/v2\/pages\/12961\/revisions"}],"predecessor-version":[{"id":15723,"href":"https:\/\/www.asimina-cbh.com\/pl\/wp-json\/wp\/v2\/pages\/12961\/revisions\/15723"}],"wp:attachment":[{"href":"https:\/\/www.asimina-cbh.com\/pl\/wp-json\/wp\/v2\/media?parent=12961"}],"curies":[{"name":"wp","href":"https:\/\/api.w.org\/{rel}","templated":true}]}}