{"id":12975,"date":"2024-07-22T15:10:06","date_gmt":"2024-07-22T12:10:06","guid":{"rendered":"https:\/\/www.asimina-cbh.com\/elixir-spa\/"},"modified":"2024-09-17T13:00:50","modified_gmt":"2024-09-17T10:00:50","slug":"elixir-spa","status":"publish","type":"page","link":"https:\/\/www.asimina-cbh.com\/pl\/elixir-spa\/","title":{"rendered":"Elixir Spa"},"content":{"rendered":"<h1 class=\"welcome-title big-size font-regular mt-5\">Elixir Spa w Asimina Suites, luksusowy hotel spa w Pafos<\/h1>\n<p>&nbsp;<\/p>\n<p style=\"text-align: center;\"><img loading=\"lazy\" decoding=\"async\" class=\"aligncenter wp-image-2623\" src=\"https:\/\/www.asimina-cbh.com\/app\/uploads\/sites\/31\/2019\/12\/elixir-spa-600x300-1.jpg\" alt=\"\" width=\"250\" height=\"125\" \/><\/p>\n<p style=\"text-align: left;\">Mog\u0105 Pa\u0144stwo cieszy\u0107 si\u0119 chwilami wypoczynku i relaksu nad morzem lub uda\u0107 si\u0119 do w pe\u0142ni wyposa\u017conego spa Elixir.<\/p>\n<p style=\"text-align: left;\">Poczucie r\u00f3wnowagi i spokoju, relaks i inspiracja &#8211; to wszystko znajd\u0105 Pa\u0144stwo w Elixir Spa.<br \/>\nW wykwintnym otoczeniu naszych hoteli nasi go\u015bcie maj\u0105 mo\u017cliwo\u015b\u0107 wyboru spo\u015br\u00f3d szerokiej gamy ulubionych zabieg\u00f3w spa.<br \/>\nPoczuj\u0105 Pa\u0144stwo czyst\u0105 b\u0142ogo\u015b\u0107 i spok\u00f3j w sanktuarium, w kt\u00f3rym mo\u017cna si\u0119 zrelaksowa\u0107, odpr\u0119\u017cy\u0107, na\u0142adowa\u0107 i odm\u0142odzi\u0107.<br \/>\nMog\u0105 Pa\u0144stwo skorzysta\u0107 z niekt\u00f3rych naszych zabieg\u00f3w w prywatnej strefie masa\u017cu na \u015bwie\u017cym powietrzu, podczas gdy widok na turkusowe Morze \u015ar\u00f3dziemne i pachn\u0105ca bryza przynoszona przez palmy ko\u0142ysz\u0105ce si\u0119 na horyzoncie o\u017cywi\u0105 Pa\u0144stwa zmys\u0142y.<\/p>\n<h4 style=\"text-align: left;\">Wyposa\u017cenie i udogodnienia<\/h4>\n<ul style=\"text-align: left;\">\n<li>Masa\u017ce relaksacyjne i terapeutyczne<\/li>\n<li>Aromaterapia<\/li>\n<li>Masa\u017ce sportowe<\/li>\n<li>Zabiegi sygnowane przez Elixir Spa<\/li>\n<li>\u0141a\u017ania parowa (w zale\u017cno\u015bci od dost\u0119pno\u015bci)<\/li>\n<li>Sauna (bezp\u0142atna w zale\u017cno\u015bci od dost\u0119pno\u015bci)<\/li>\n<li>Sauna dla nudyst\u00f3w (w miar\u0119 dost\u0119pno\u015bci)<\/li>\n<li>Strefa relaksu<\/li>\n<li>Pakiety dla par<\/li>\n<li>Pakiety dla nowo\u017ce\u0144c\u00f3w<\/li>\n<li>Pakiety Spa<\/li>\n<li>Salon fryzjerski unisex<\/li>\n<li>Si\u0142ownia (143 mkw.) ze sprz\u0119tem do treningu cardio i si\u0142owego.<\/li>\n<li>Dzia\u0142ania Wellness<\/li>\n<\/ul>\n<p style=\"text-align: left;\">\n","protected":false},"excerpt":{"rendered":"<p>Elixir Spa w Asimina Suites, luksusowy hotel spa w Pafos &nbsp; Mog\u0105 Pa\u0144stwo cieszy\u0107 si\u0119 chwilami wypoczynku i relaksu nad morzem lub uda\u0107 si\u0119 do w pe\u0142ni wyposa\u017conego spa Elixir. Poczucie r\u00f3wnowagi i spokoju, relaks i inspiracja &#8211; to wszystko znajd\u0105 Pa\u0144stwo w Elixir Spa. W wykwintnym otoczeniu naszych hoteli nasi go\u015bcie maj\u0105 mo\u017cliwo\u015b\u0107 wyboru<\/p>\n","protected":false},"author":1,"featured_media":15894,"parent":0,"menu_order":0,"comment_status":"closed","ping_status":"closed","template":"","meta":{"_acf_changed":false,"footnotes":""},"class_list":["post-12975","page","type-page","status-publish","has-post-thumbnail","hentry"],"acf":[],"yoast_head":"<!-- This site is optimized with the Yoast SEO plugin v27.5 - https:\/\/yoast.com\/product\/yoast-seo-wordpress\/ -->\n<title>Rewitalizuj\u0105cy luksusowy hotel spa w Pafos || Asimina Suites Hotel<\/title>\n<meta name=\"description\" content=\"Prosz\u0119 pozby\u0107 si\u0119 wszystkich zmartwie\u0144, podda\u0107 si\u0119 uzdrawiaj\u0105cym d\u0142oniom naszych terapeut\u00f3w i do\u015bwiadczy\u0107 relaksuj\u0105cych i rewitalizuj\u0105cych sesji w naszym luksusowym hotelu spa w Pafos.\" \/>\n<meta name=\"robots\" content=\"index, follow, max-snippet:-1, max-image-preview:large, max-video-preview:-1\" \/>\n<link rel=\"canonical\" href=\"https:\/\/www.asimina-cbh.com\/pl\/elixir-spa\/\" \/>\n<meta property=\"og:locale\" content=\"pl_PL\" \/>\n<meta property=\"og:type\" content=\"article\" \/>\n<meta property=\"og:title\" content=\"Rewitalizuj\u0105cy luksusowy hotel spa w Pafos || Asimina Suites Hotel\" \/>\n<meta property=\"og:description\" content=\"Prosz\u0119 pozby\u0107 si\u0119 wszystkich zmartwie\u0144, podda\u0107 si\u0119 uzdrawiaj\u0105cym d\u0142oniom naszych terapeut\u00f3w i do\u015bwiadczy\u0107 relaksuj\u0105cych i rewitalizuj\u0105cych sesji w naszym luksusowym hotelu spa w Pafos.\" \/>\n<meta property=\"og:url\" content=\"https:\/\/www.asimina-cbh.com\/pl\/elixir-spa\/\" \/>\n<meta property=\"og:site_name\" content=\"Asimina Suites Hotel\" \/>\n<meta property=\"article:modified_time\" content=\"2024-09-17T10:00:50+00:00\" \/>\n<meta property=\"og:image\" content=\"https:\/\/www.asimina-cbh.com\/app\/uploads\/sites\/31\/2019\/12\/elixir-spa-600x300-1.jpg\" \/>\n<meta name=\"twitter:card\" content=\"summary_large_image\" \/>\n<meta name=\"twitter:label1\" content=\"Est. reading time\" \/>\n\t<meta name=\"twitter:data1\" content=\"2 minutes\" \/>\n<script type=\"application\/ld+json\" class=\"yoast-schema-graph\">{\"@context\":\"https:\\\/\\\/schema.org\",\"@graph\":[{\"@type\":\"WebPage\",\"@id\":\"https:\\\/\\\/www.asimina-cbh.com\\\/pl\\\/elixir-spa\\\/\",\"url\":\"https:\\\/\\\/www.asimina-cbh.com\\\/pl\\\/elixir-spa\\\/\",\"name\":\"Rewitalizuj\u0105cy luksusowy hotel spa w Pafos || Asimina Suites Hotel\",\"isPartOf\":{\"@id\":\"https:\\\/\\\/www.asimina-cbh.com\\\/pl\\\/#website\"},\"primaryImageOfPage\":{\"@id\":\"https:\\\/\\\/www.asimina-cbh.com\\\/pl\\\/elixir-spa\\\/#primaryimage\"},\"image\":{\"@id\":\"https:\\\/\\\/www.asimina-cbh.com\\\/pl\\\/elixir-spa\\\/#primaryimage\"},\"thumbnailUrl\":\"https:\\\/\\\/www.asimina-cbh.com\\\/app\\\/uploads\\\/sites\\\/31\\\/2026\\\/02\\\/69-ASIMINA-SUITES-HOTEL-INDOOR-POOL.jpg\",\"datePublished\":\"2024-07-22T12:10:06+00:00\",\"dateModified\":\"2024-09-17T10:00:50+00:00\",\"description\":\"Prosz\u0119 pozby\u0107 si\u0119 wszystkich zmartwie\u0144, podda\u0107 si\u0119 uzdrawiaj\u0105cym d\u0142oniom naszych terapeut\u00f3w i do\u015bwiadczy\u0107 relaksuj\u0105cych i rewitalizuj\u0105cych sesji w naszym luksusowym hotelu spa w Pafos.\",\"breadcrumb\":{\"@id\":\"https:\\\/\\\/www.asimina-cbh.com\\\/pl\\\/elixir-spa\\\/#breadcrumb\"},\"inLanguage\":\"pl-PL\",\"potentialAction\":[{\"@type\":\"ReadAction\",\"target\":[\"https:\\\/\\\/www.asimina-cbh.com\\\/pl\\\/elixir-spa\\\/\"]}]},{\"@type\":\"ImageObject\",\"inLanguage\":\"pl-PL\",\"@id\":\"https:\\\/\\\/www.asimina-cbh.com\\\/pl\\\/elixir-spa\\\/#primaryimage\",\"url\":\"https:\\\/\\\/www.asimina-cbh.com\\\/app\\\/uploads\\\/sites\\\/31\\\/2026\\\/02\\\/69-ASIMINA-SUITES-HOTEL-INDOOR-POOL.jpg\",\"contentUrl\":\"https:\\\/\\\/www.asimina-cbh.com\\\/app\\\/uploads\\\/sites\\\/31\\\/2026\\\/02\\\/69-ASIMINA-SUITES-HOTEL-INDOOR-POOL.jpg\",\"width\":8256,\"height\":5504},{\"@type\":\"BreadcrumbList\",\"@id\":\"https:\\\/\\\/www.asimina-cbh.com\\\/pl\\\/elixir-spa\\\/#breadcrumb\",\"itemListElement\":[{\"@type\":\"ListItem\",\"position\":1,\"name\":\"Home\",\"item\":\"https:\\\/\\\/www.asimina-cbh.com\\\/pl\\\/\"},{\"@type\":\"ListItem\",\"position\":2,\"name\":\"Elixir Spa\"}]},{\"@type\":\"WebSite\",\"@id\":\"https:\\\/\\\/www.asimina-cbh.com\\\/pl\\\/#website\",\"url\":\"https:\\\/\\\/www.asimina-cbh.com\\\/pl\\\/\",\"name\":\"Asimina Suites Hotel\",\"description\":\"Constantinou Bros Asimina Suites Hotel, 4 star hotel in Paphos Cyprus\",\"potentialAction\":[{\"@type\":\"SearchAction\",\"target\":{\"@type\":\"EntryPoint\",\"urlTemplate\":\"https:\\\/\\\/www.asimina-cbh.com\\\/pl\\\/?s={search_term_string}\"},\"query-input\":{\"@type\":\"PropertyValueSpecification\",\"valueRequired\":true,\"valueName\":\"search_term_string\"}}],\"inLanguage\":\"pl-PL\"}]}<\/script>\n<!-- \/ Yoast SEO plugin. -->","yoast_head_json":{"title":"Rewitalizuj\u0105cy luksusowy hotel spa w Pafos || Asimina Suites Hotel","description":"Prosz\u0119 pozby\u0107 si\u0119 wszystkich zmartwie\u0144, podda\u0107 si\u0119 uzdrawiaj\u0105cym d\u0142oniom naszych terapeut\u00f3w i do\u015bwiadczy\u0107 relaksuj\u0105cych i rewitalizuj\u0105cych sesji w naszym luksusowym hotelu spa w Pafos.","robots":{"index":"index","follow":"follow","max-snippet":"max-snippet:-1","max-image-preview":"max-image-preview:large","max-video-preview":"max-video-preview:-1"},"canonical":"https:\/\/www.asimina-cbh.com\/pl\/elixir-spa\/","og_locale":"pl_PL","og_type":"article","og_title":"Rewitalizuj\u0105cy luksusowy hotel spa w Pafos || Asimina Suites Hotel","og_description":"Prosz\u0119 pozby\u0107 si\u0119 wszystkich zmartwie\u0144, podda\u0107 si\u0119 uzdrawiaj\u0105cym d\u0142oniom naszych terapeut\u00f3w i do\u015bwiadczy\u0107 relaksuj\u0105cych i rewitalizuj\u0105cych sesji w naszym luksusowym hotelu spa w Pafos.","og_url":"https:\/\/www.asimina-cbh.com\/pl\/elixir-spa\/","og_site_name":"Asimina Suites Hotel","article_modified_time":"2024-09-17T10:00:50+00:00","og_image":[{"url":"https:\/\/www.asimina-cbh.com\/app\/uploads\/sites\/31\/2019\/12\/elixir-spa-600x300-1.jpg","type":"","width":"","height":""}],"twitter_card":"summary_large_image","twitter_misc":{"Est. reading time":"2 minutes"},"schema":{"@context":"https:\/\/schema.org","@graph":[{"@type":"WebPage","@id":"https:\/\/www.asimina-cbh.com\/pl\/elixir-spa\/","url":"https:\/\/www.asimina-cbh.com\/pl\/elixir-spa\/","name":"Rewitalizuj\u0105cy luksusowy hotel spa w Pafos || Asimina Suites Hotel","isPartOf":{"@id":"https:\/\/www.asimina-cbh.com\/pl\/#website"},"primaryImageOfPage":{"@id":"https:\/\/www.asimina-cbh.com\/pl\/elixir-spa\/#primaryimage"},"image":{"@id":"https:\/\/www.asimina-cbh.com\/pl\/elixir-spa\/#primaryimage"},"thumbnailUrl":"https:\/\/www.asimina-cbh.com\/app\/uploads\/sites\/31\/2026\/02\/69-ASIMINA-SUITES-HOTEL-INDOOR-POOL.jpg","datePublished":"2024-07-22T12:10:06+00:00","dateModified":"2024-09-17T10:00:50+00:00","description":"Prosz\u0119 pozby\u0107 si\u0119 wszystkich zmartwie\u0144, podda\u0107 si\u0119 uzdrawiaj\u0105cym d\u0142oniom naszych terapeut\u00f3w i do\u015bwiadczy\u0107 relaksuj\u0105cych i rewitalizuj\u0105cych sesji w naszym luksusowym hotelu spa w Pafos.","breadcrumb":{"@id":"https:\/\/www.asimina-cbh.com\/pl\/elixir-spa\/#breadcrumb"},"inLanguage":"pl-PL","potentialAction":[{"@type":"ReadAction","target":["https:\/\/www.asimina-cbh.com\/pl\/elixir-spa\/"]}]},{"@type":"ImageObject","inLanguage":"pl-PL","@id":"https:\/\/www.asimina-cbh.com\/pl\/elixir-spa\/#primaryimage","url":"https:\/\/www.asimina-cbh.com\/app\/uploads\/sites\/31\/2026\/02\/69-ASIMINA-SUITES-HOTEL-INDOOR-POOL.jpg","contentUrl":"https:\/\/www.asimina-cbh.com\/app\/uploads\/sites\/31\/2026\/02\/69-ASIMINA-SUITES-HOTEL-INDOOR-POOL.jpg","width":8256,"height":5504},{"@type":"BreadcrumbList","@id":"https:\/\/www.asimina-cbh.com\/pl\/elixir-spa\/#breadcrumb","itemListElement":[{"@type":"ListItem","position":1,"name":"Home","item":"https:\/\/www.asimina-cbh.com\/pl\/"},{"@type":"ListItem","position":2,"name":"Elixir Spa"}]},{"@type":"WebSite","@id":"https:\/\/www.asimina-cbh.com\/pl\/#website","url":"https:\/\/www.asimina-cbh.com\/pl\/","name":"Asimina Suites Hotel","description":"Constantinou Bros Asimina Suites Hotel, 4 star hotel in Paphos Cyprus","potentialAction":[{"@type":"SearchAction","target":{"@type":"EntryPoint","urlTemplate":"https:\/\/www.asimina-cbh.com\/pl\/?s={search_term_string}"},"query-input":{"@type":"PropertyValueSpecification","valueRequired":true,"valueName":"search_term_string"}}],"inLanguage":"pl-PL"}]}},"_links":{"self":[{"href":"https:\/\/www.asimina-cbh.com\/pl\/wp-json\/wp\/v2\/pages\/12975","targetHints":{"allow":["GET"]}}],"collection":[{"href":"https:\/\/www.asimina-cbh.com\/pl\/wp-json\/wp\/v2\/pages"}],"about":[{"href":"https:\/\/www.asimina-cbh.com\/pl\/wp-json\/wp\/v2\/types\/page"}],"author":[{"embeddable":true,"href":"https:\/\/www.asimina-cbh.com\/pl\/wp-json\/wp\/v2\/users\/1"}],"replies":[{"embeddable":true,"href":"https:\/\/www.asimina-cbh.com\/pl\/wp-json\/wp\/v2\/comments?post=12975"}],"version-history":[{"count":1,"href":"https:\/\/www.asimina-cbh.com\/pl\/wp-json\/wp\/v2\/pages\/12975\/revisions"}],"predecessor-version":[{"id":14566,"href":"https:\/\/www.asimina-cbh.com\/pl\/wp-json\/wp\/v2\/pages\/12975\/revisions\/14566"}],"wp:featuredmedia":[{"embeddable":true,"href":"https:\/\/www.asimina-cbh.com\/pl\/wp-json\/wp\/v2\/media\/15894"}],"wp:attachment":[{"href":"https:\/\/www.asimina-cbh.com\/pl\/wp-json\/wp\/v2\/media?parent=12975"}],"curies":[{"name":"wp","href":"https:\/\/api.w.org\/{rel}","templated":true}]}}