{"id":12981,"date":"2024-07-22T15:10:09","date_gmt":"2024-07-22T12:10:09","guid":{"rendered":"https:\/\/www.asimina-cbh.com\/hotel\/"},"modified":"2026-03-19T15:58:58","modified_gmt":"2026-03-19T12:58:58","slug":"hotel","status":"publish","type":"page","link":"https:\/\/www.asimina-cbh.com\/pl\/hotel\/","title":{"rendered":"Hotel"},"content":{"rendered":"<h4>Tam, gdzie zapomina si\u0119 o czasie&#8230;<\/h4>\n<p>Constantinou Bros Asimina Suites Hotel to luksusowy, pi\u0119ciogwiazdkowy hotel z apartamentami dla doros\u0142ych, z w\u0142asn\u0105 pi\u0119kn\u0105 piaszczyst\u0105 pla\u017c\u0105 i 2 odkrytymi (po\u0142\u0105czonymi) basenami ze s\u0142odk\u0105 wod\u0105. Niekt\u00f3re apartamenty dysponuj\u0105 prywatnymi basenami z drewnianymi tarasami, a wszystkie apartamenty maj\u0105 du\u017ce balkony. <\/p>\n<p>Hotel po\u0142o\u017cony jest w spokojnej okolicy, a jednocze\u015bnie w niewielkiej odleg\u0142o\u015bci od lotniska w Pafos, centrum miasta, sklep\u00f3w i klub\u00f3w nocnych.<\/p>\n<p>Apartamenty oferuj\u0105 szeroki wachlarz udogodnie\u0144, w tym klimatyzacj\u0119 i centralne ogrzewanie, oddzielny salon (w przypadku wi\u0119kszo\u015bci typ\u00f3w apartament\u00f3w), luksusowe marmurowe \u0142azienki, telewizj\u0119 satelitarn\u0105 Smart LCD, sejf, szlafroki i kapcie, zestaw do parzenia kawy i herbaty oraz ekspres do kawy espresso, minibar, suszark\u0119 do w\u0142os\u00f3w, sprz\u0119t do prasowania i wiele innych specjalnych udogodnie\u0144.<\/p>\n<p>Udogodnienia obejmuj\u0105 bezp\u0142atny bezprzewodowy dost\u0119p do Internetu we wszystkich pokojach, pomieszczeniach og\u00f3lnodost\u0119pnych i ogrodach oraz bezp\u0142atny parking.<\/p>\n<p>Zaplecze sportowe i rekreacyjne obejmuje 2 odkryte baseny ze s\u0142odk\u0105 wod\u0105, 1 kryty basen z podgrzewan\u0105 wod\u0105, o\u015bwietlony kort tenisowy oraz doskona\u0142e zaplecze do gry w kr\u0119gle w pobliskich hotelach siostrzanych hotelu Asimina.<\/p>\n<p>W hotelowym spa czeka na Pa\u0144stwa imponuj\u0105cy wyb\u00f3r terapii i zabieg\u00f3w na cia\u0142o, salon fryzjerski, w pe\u0142ni wyposa\u017cona si\u0142ownia, \u0142a\u017ania parowa i sauny (w tym jedna dla nudyst\u00f3w).<\/p>\n","protected":false},"excerpt":{"rendered":"<p>Tam, gdzie zapomina si\u0119 o czasie&#8230; Constantinou Bros Asimina Suites Hotel to luksusowy, pi\u0119ciogwiazdkowy hotel z apartamentami dla doros\u0142ych, z w\u0142asn\u0105 pi\u0119kn\u0105 piaszczyst\u0105 pla\u017c\u0105 i 2 odkrytymi (po\u0142\u0105czonymi) basenami ze s\u0142odk\u0105 wod\u0105. Niekt\u00f3re apartamenty dysponuj\u0105 prywatnymi basenami z drewnianymi tarasami, a wszystkie apartamenty maj\u0105 du\u017ce balkony. Hotel po\u0142o\u017cony jest w spokojnej okolicy, a jednocze\u015bnie w<\/p>\n","protected":false},"author":1,"featured_media":15933,"parent":0,"menu_order":0,"comment_status":"closed","ping_status":"closed","template":"page-templates\/simple-list.php","meta":{"_acf_changed":false,"footnotes":""},"class_list":["post-12981","page","type-page","status-publish","has-post-thumbnail","hentry"],"acf":[],"yoast_head":"<!-- This site is optimized with the Yoast SEO plugin v27.5 - https:\/\/yoast.com\/product\/yoast-seo-wordpress\/ -->\n<title>5-gwiazdkowy hotel tylko dla doros\u0142ych w Pafos || Asimina Suites Hotel<\/title>\n<meta name=\"description\" content=\"\u0391simina Suites by Constantinou Bros Hotels to nadmorska przysta\u0144 i 5-gwiazdkowy hotel tylko dla doros\u0142ych w Pafos na Cyprze na najbardziej romantyczne i spokojne wakacje.\" \/>\n<meta name=\"robots\" content=\"index, follow, max-snippet:-1, max-image-preview:large, max-video-preview:-1\" \/>\n<link rel=\"canonical\" href=\"https:\/\/www.asimina-cbh.com\/pl\/hotel\/\" \/>\n<meta property=\"og:locale\" content=\"pl_PL\" \/>\n<meta property=\"og:type\" content=\"article\" \/>\n<meta property=\"og:title\" content=\"5-gwiazdkowy hotel tylko dla doros\u0142ych w Pafos || Asimina Suites Hotel\" \/>\n<meta property=\"og:description\" content=\"\u0391simina Suites by Constantinou Bros Hotels to nadmorska przysta\u0144 i 5-gwiazdkowy hotel tylko dla doros\u0142ych w Pafos na Cyprze na najbardziej romantyczne i spokojne wakacje.\" \/>\n<meta property=\"og:url\" content=\"https:\/\/www.asimina-cbh.com\/pl\/hotel\/\" \/>\n<meta property=\"og:site_name\" content=\"Asimina Suites Hotel\" \/>\n<meta property=\"article:modified_time\" content=\"2026-03-19T12:58:58+00:00\" \/>\n<meta property=\"og:image\" content=\"https:\/\/www.asimina-cbh.com\/app\/uploads\/sites\/31\/2026\/02\/2-ASIMINA-SUITES-HOTEL-POOL-1.jpg\" \/>\n\t<meta property=\"og:image:width\" content=\"2500\" \/>\n\t<meta property=\"og:image:height\" content=\"1562\" \/>\n\t<meta property=\"og:image:type\" content=\"image\/jpeg\" \/>\n<meta name=\"twitter:card\" content=\"summary_large_image\" \/>\n<meta name=\"twitter:label1\" content=\"Est. reading time\" \/>\n\t<meta name=\"twitter:data1\" content=\"1 minute\" \/>\n<script type=\"application\/ld+json\" class=\"yoast-schema-graph\">{\"@context\":\"https:\\\/\\\/schema.org\",\"@graph\":[{\"@type\":\"WebPage\",\"@id\":\"https:\\\/\\\/www.asimina-cbh.com\\\/pl\\\/hotel\\\/\",\"url\":\"https:\\\/\\\/www.asimina-cbh.com\\\/pl\\\/hotel\\\/\",\"name\":\"5-gwiazdkowy hotel tylko dla doros\u0142ych w Pafos || Asimina Suites Hotel\",\"isPartOf\":{\"@id\":\"https:\\\/\\\/www.asimina-cbh.com\\\/pl\\\/#website\"},\"primaryImageOfPage\":{\"@id\":\"https:\\\/\\\/www.asimina-cbh.com\\\/pl\\\/hotel\\\/#primaryimage\"},\"image\":{\"@id\":\"https:\\\/\\\/www.asimina-cbh.com\\\/pl\\\/hotel\\\/#primaryimage\"},\"thumbnailUrl\":\"https:\\\/\\\/www.asimina-cbh.com\\\/app\\\/uploads\\\/sites\\\/31\\\/2026\\\/02\\\/2-ASIMINA-SUITES-HOTEL-POOL-1.jpg\",\"datePublished\":\"2024-07-22T12:10:09+00:00\",\"dateModified\":\"2026-03-19T12:58:58+00:00\",\"description\":\"\u0391simina Suites by Constantinou Bros Hotels to nadmorska przysta\u0144 i 5-gwiazdkowy hotel tylko dla doros\u0142ych w Pafos na Cyprze na najbardziej romantyczne i spokojne wakacje.\",\"breadcrumb\":{\"@id\":\"https:\\\/\\\/www.asimina-cbh.com\\\/pl\\\/hotel\\\/#breadcrumb\"},\"inLanguage\":\"pl-PL\",\"potentialAction\":[{\"@type\":\"ReadAction\",\"target\":[\"https:\\\/\\\/www.asimina-cbh.com\\\/pl\\\/hotel\\\/\"]}]},{\"@type\":\"ImageObject\",\"inLanguage\":\"pl-PL\",\"@id\":\"https:\\\/\\\/www.asimina-cbh.com\\\/pl\\\/hotel\\\/#primaryimage\",\"url\":\"https:\\\/\\\/www.asimina-cbh.com\\\/app\\\/uploads\\\/sites\\\/31\\\/2026\\\/02\\\/2-ASIMINA-SUITES-HOTEL-POOL-1.jpg\",\"contentUrl\":\"https:\\\/\\\/www.asimina-cbh.com\\\/app\\\/uploads\\\/sites\\\/31\\\/2026\\\/02\\\/2-ASIMINA-SUITES-HOTEL-POOL-1.jpg\",\"width\":2500,\"height\":1562},{\"@type\":\"BreadcrumbList\",\"@id\":\"https:\\\/\\\/www.asimina-cbh.com\\\/pl\\\/hotel\\\/#breadcrumb\",\"itemListElement\":[{\"@type\":\"ListItem\",\"position\":1,\"name\":\"Home\",\"item\":\"https:\\\/\\\/www.asimina-cbh.com\\\/pl\\\/\"},{\"@type\":\"ListItem\",\"position\":2,\"name\":\"Hotel\"}]},{\"@type\":\"WebSite\",\"@id\":\"https:\\\/\\\/www.asimina-cbh.com\\\/pl\\\/#website\",\"url\":\"https:\\\/\\\/www.asimina-cbh.com\\\/pl\\\/\",\"name\":\"Asimina Suites Hotel\",\"description\":\"Constantinou Bros Asimina Suites Hotel, 4 star hotel in Paphos Cyprus\",\"potentialAction\":[{\"@type\":\"SearchAction\",\"target\":{\"@type\":\"EntryPoint\",\"urlTemplate\":\"https:\\\/\\\/www.asimina-cbh.com\\\/pl\\\/?s={search_term_string}\"},\"query-input\":{\"@type\":\"PropertyValueSpecification\",\"valueRequired\":true,\"valueName\":\"search_term_string\"}}],\"inLanguage\":\"pl-PL\"}]}<\/script>\n<!-- \/ Yoast SEO plugin. -->","yoast_head_json":{"title":"5-gwiazdkowy hotel tylko dla doros\u0142ych w Pafos || Asimina Suites Hotel","description":"\u0391simina Suites by Constantinou Bros Hotels to nadmorska przysta\u0144 i 5-gwiazdkowy hotel tylko dla doros\u0142ych w Pafos na Cyprze na najbardziej romantyczne i spokojne wakacje.","robots":{"index":"index","follow":"follow","max-snippet":"max-snippet:-1","max-image-preview":"max-image-preview:large","max-video-preview":"max-video-preview:-1"},"canonical":"https:\/\/www.asimina-cbh.com\/pl\/hotel\/","og_locale":"pl_PL","og_type":"article","og_title":"5-gwiazdkowy hotel tylko dla doros\u0142ych w Pafos || Asimina Suites Hotel","og_description":"\u0391simina Suites by Constantinou Bros Hotels to nadmorska przysta\u0144 i 5-gwiazdkowy hotel tylko dla doros\u0142ych w Pafos na Cyprze na najbardziej romantyczne i spokojne wakacje.","og_url":"https:\/\/www.asimina-cbh.com\/pl\/hotel\/","og_site_name":"Asimina Suites Hotel","article_modified_time":"2026-03-19T12:58:58+00:00","og_image":[{"width":2500,"height":1562,"url":"https:\/\/www.asimina-cbh.com\/app\/uploads\/sites\/31\/2026\/02\/2-ASIMINA-SUITES-HOTEL-POOL-1.jpg","type":"image\/jpeg"}],"twitter_card":"summary_large_image","twitter_misc":{"Est. reading time":"1 minute"},"schema":{"@context":"https:\/\/schema.org","@graph":[{"@type":"WebPage","@id":"https:\/\/www.asimina-cbh.com\/pl\/hotel\/","url":"https:\/\/www.asimina-cbh.com\/pl\/hotel\/","name":"5-gwiazdkowy hotel tylko dla doros\u0142ych w Pafos || Asimina Suites Hotel","isPartOf":{"@id":"https:\/\/www.asimina-cbh.com\/pl\/#website"},"primaryImageOfPage":{"@id":"https:\/\/www.asimina-cbh.com\/pl\/hotel\/#primaryimage"},"image":{"@id":"https:\/\/www.asimina-cbh.com\/pl\/hotel\/#primaryimage"},"thumbnailUrl":"https:\/\/www.asimina-cbh.com\/app\/uploads\/sites\/31\/2026\/02\/2-ASIMINA-SUITES-HOTEL-POOL-1.jpg","datePublished":"2024-07-22T12:10:09+00:00","dateModified":"2026-03-19T12:58:58+00:00","description":"\u0391simina Suites by Constantinou Bros Hotels to nadmorska przysta\u0144 i 5-gwiazdkowy hotel tylko dla doros\u0142ych w Pafos na Cyprze na najbardziej romantyczne i spokojne wakacje.","breadcrumb":{"@id":"https:\/\/www.asimina-cbh.com\/pl\/hotel\/#breadcrumb"},"inLanguage":"pl-PL","potentialAction":[{"@type":"ReadAction","target":["https:\/\/www.asimina-cbh.com\/pl\/hotel\/"]}]},{"@type":"ImageObject","inLanguage":"pl-PL","@id":"https:\/\/www.asimina-cbh.com\/pl\/hotel\/#primaryimage","url":"https:\/\/www.asimina-cbh.com\/app\/uploads\/sites\/31\/2026\/02\/2-ASIMINA-SUITES-HOTEL-POOL-1.jpg","contentUrl":"https:\/\/www.asimina-cbh.com\/app\/uploads\/sites\/31\/2026\/02\/2-ASIMINA-SUITES-HOTEL-POOL-1.jpg","width":2500,"height":1562},{"@type":"BreadcrumbList","@id":"https:\/\/www.asimina-cbh.com\/pl\/hotel\/#breadcrumb","itemListElement":[{"@type":"ListItem","position":1,"name":"Home","item":"https:\/\/www.asimina-cbh.com\/pl\/"},{"@type":"ListItem","position":2,"name":"Hotel"}]},{"@type":"WebSite","@id":"https:\/\/www.asimina-cbh.com\/pl\/#website","url":"https:\/\/www.asimina-cbh.com\/pl\/","name":"Asimina Suites Hotel","description":"Constantinou Bros Asimina Suites Hotel, 4 star hotel in Paphos Cyprus","potentialAction":[{"@type":"SearchAction","target":{"@type":"EntryPoint","urlTemplate":"https:\/\/www.asimina-cbh.com\/pl\/?s={search_term_string}"},"query-input":{"@type":"PropertyValueSpecification","valueRequired":true,"valueName":"search_term_string"}}],"inLanguage":"pl-PL"}]}},"_links":{"self":[{"href":"https:\/\/www.asimina-cbh.com\/pl\/wp-json\/wp\/v2\/pages\/12981","targetHints":{"allow":["GET"]}}],"collection":[{"href":"https:\/\/www.asimina-cbh.com\/pl\/wp-json\/wp\/v2\/pages"}],"about":[{"href":"https:\/\/www.asimina-cbh.com\/pl\/wp-json\/wp\/v2\/types\/page"}],"author":[{"embeddable":true,"href":"https:\/\/www.asimina-cbh.com\/pl\/wp-json\/wp\/v2\/users\/1"}],"replies":[{"embeddable":true,"href":"https:\/\/www.asimina-cbh.com\/pl\/wp-json\/wp\/v2\/comments?post=12981"}],"version-history":[{"count":2,"href":"https:\/\/www.asimina-cbh.com\/pl\/wp-json\/wp\/v2\/pages\/12981\/revisions"}],"predecessor-version":[{"id":15699,"href":"https:\/\/www.asimina-cbh.com\/pl\/wp-json\/wp\/v2\/pages\/12981\/revisions\/15699"}],"wp:featuredmedia":[{"embeddable":true,"href":"https:\/\/www.asimina-cbh.com\/pl\/wp-json\/wp\/v2\/media\/15933"}],"wp:attachment":[{"href":"https:\/\/www.asimina-cbh.com\/pl\/wp-json\/wp\/v2\/media?parent=12981"}],"curies":[{"name":"wp","href":"https:\/\/api.w.org\/{rel}","templated":true}]}}