{"id":12987,"date":"2024-07-22T15:10:43","date_gmt":"2024-07-22T12:10:43","guid":{"rendered":"https:\/\/www.asimina-cbh.com\/oferty\/"},"modified":"2025-09-23T11:23:04","modified_gmt":"2025-09-23T08:23:04","slug":"oferty","status":"publish","type":"page","link":"https:\/\/www.asimina-cbh.com\/pl\/oferty\/","title":{"rendered":"Oferty"},"content":{"rendered":"<p>Prosz\u0119 zobaczy\u0107 nasze oferty specjalne<\/p>\n","protected":false},"excerpt":{"rendered":"<p>Prosz\u0119 zobaczy\u0107 nasze oferty specjalne<\/p>\n","protected":false},"author":1,"featured_media":15351,"parent":0,"menu_order":0,"comment_status":"closed","ping_status":"closed","template":"page-templates\/simple-list.php","meta":{"_acf_changed":false,"footnotes":""},"class_list":["post-12987","page","type-page","status-publish","has-post-thumbnail","hentry"],"acf":[],"yoast_head":"<!-- This site is optimized with the Yoast SEO plugin v27.4 - https:\/\/yoast.com\/product\/yoast-seo-wordpress\/ -->\n<title>Najlepsze oferty specjalne hoteli w Pafos || Asimina Suites Hotel<\/title>\n<meta name=\"description\" content=\"Zach\u0119camy do przejrzenia aktualnej listy ofert specjalnych hoteli Constantinou Bros Paphos, aby znale\u017a\u0107 odpowiedni\u0105 dla siebie ofert\u0119 na nast\u0119pny pobyt w obiekcie Asimina Suites.\" \/>\n<meta name=\"robots\" content=\"index, follow, max-snippet:-1, max-image-preview:large, max-video-preview:-1\" \/>\n<link rel=\"canonical\" href=\"https:\/\/www.asimina-cbh.com\/pl\/oferty\/\" \/>\n<meta property=\"og:locale\" content=\"pl_PL\" \/>\n<meta property=\"og:type\" content=\"article\" \/>\n<meta property=\"og:title\" content=\"Najlepsze oferty specjalne hoteli w Pafos || Asimina Suites Hotel\" \/>\n<meta property=\"og:description\" content=\"Zach\u0119camy do przejrzenia aktualnej listy ofert specjalnych hoteli Constantinou Bros Paphos, aby znale\u017a\u0107 odpowiedni\u0105 dla siebie ofert\u0119 na nast\u0119pny pobyt w obiekcie Asimina Suites.\" \/>\n<meta property=\"og:url\" content=\"https:\/\/www.asimina-cbh.com\/pl\/oferty\/\" \/>\n<meta property=\"og:site_name\" content=\"Asimina Suites Hotel\" \/>\n<meta property=\"article:modified_time\" content=\"2025-09-23T08:23:04+00:00\" \/>\n<meta name=\"twitter:card\" content=\"summary_large_image\" \/>\n<meta name=\"twitter:label1\" content=\"Est. reading time\" \/>\n\t<meta name=\"twitter:data1\" content=\"1 minute\" \/>\n<script type=\"application\/ld+json\" class=\"yoast-schema-graph\">{\"@context\":\"https:\\\/\\\/schema.org\",\"@graph\":[{\"@type\":\"WebPage\",\"@id\":\"https:\\\/\\\/www.asimina-cbh.com\\\/pl\\\/oferty\\\/\",\"url\":\"https:\\\/\\\/www.asimina-cbh.com\\\/pl\\\/oferty\\\/\",\"name\":\"Najlepsze oferty specjalne hoteli w Pafos || Asimina Suites Hotel\",\"isPartOf\":{\"@id\":\"https:\\\/\\\/www.asimina-cbh.com\\\/pl\\\/#website\"},\"primaryImageOfPage\":{\"@id\":\"https:\\\/\\\/www.asimina-cbh.com\\\/pl\\\/oferty\\\/#primaryimage\"},\"image\":{\"@id\":\"https:\\\/\\\/www.asimina-cbh.com\\\/pl\\\/oferty\\\/#primaryimage\"},\"thumbnailUrl\":\"https:\\\/\\\/www.asimina-cbh.com\\\/app\\\/uploads\\\/sites\\\/31\\\/2025\\\/10\\\/1-ASIMINA-SUITES-HOTEL-POOL.jpg\",\"datePublished\":\"2024-07-22T12:10:43+00:00\",\"dateModified\":\"2025-09-23T08:23:04+00:00\",\"description\":\"Zach\u0119camy do przejrzenia aktualnej listy ofert specjalnych hoteli Constantinou Bros Paphos, aby znale\u017a\u0107 odpowiedni\u0105 dla siebie ofert\u0119 na nast\u0119pny pobyt w obiekcie Asimina Suites.\",\"breadcrumb\":{\"@id\":\"https:\\\/\\\/www.asimina-cbh.com\\\/pl\\\/oferty\\\/#breadcrumb\"},\"inLanguage\":\"pl-PL\",\"potentialAction\":[{\"@type\":\"ReadAction\",\"target\":[\"https:\\\/\\\/www.asimina-cbh.com\\\/pl\\\/oferty\\\/\"]}]},{\"@type\":\"ImageObject\",\"inLanguage\":\"pl-PL\",\"@id\":\"https:\\\/\\\/www.asimina-cbh.com\\\/pl\\\/oferty\\\/#primaryimage\",\"url\":\"https:\\\/\\\/www.asimina-cbh.com\\\/app\\\/uploads\\\/sites\\\/31\\\/2025\\\/10\\\/1-ASIMINA-SUITES-HOTEL-POOL.jpg\",\"contentUrl\":\"https:\\\/\\\/www.asimina-cbh.com\\\/app\\\/uploads\\\/sites\\\/31\\\/2025\\\/10\\\/1-ASIMINA-SUITES-HOTEL-POOL.jpg\",\"width\":2500,\"height\":1663,\"caption\":\"ASIMINA-SUITES-HOTEL-POOL\"},{\"@type\":\"BreadcrumbList\",\"@id\":\"https:\\\/\\\/www.asimina-cbh.com\\\/pl\\\/oferty\\\/#breadcrumb\",\"itemListElement\":[{\"@type\":\"ListItem\",\"position\":1,\"name\":\"Home\",\"item\":\"https:\\\/\\\/www.asimina-cbh.com\\\/pl\\\/\"},{\"@type\":\"ListItem\",\"position\":2,\"name\":\"Oferty\"}]},{\"@type\":\"WebSite\",\"@id\":\"https:\\\/\\\/www.asimina-cbh.com\\\/pl\\\/#website\",\"url\":\"https:\\\/\\\/www.asimina-cbh.com\\\/pl\\\/\",\"name\":\"Asimina Suites Hotel\",\"description\":\"Constantinou Bros Asimina Suites Hotel, 4 star hotel in Paphos Cyprus\",\"potentialAction\":[{\"@type\":\"SearchAction\",\"target\":{\"@type\":\"EntryPoint\",\"urlTemplate\":\"https:\\\/\\\/www.asimina-cbh.com\\\/pl\\\/?s={search_term_string}\"},\"query-input\":{\"@type\":\"PropertyValueSpecification\",\"valueRequired\":true,\"valueName\":\"search_term_string\"}}],\"inLanguage\":\"pl-PL\"}]}<\/script>\n<!-- \/ Yoast SEO plugin. -->","yoast_head_json":{"title":"Najlepsze oferty specjalne hoteli w Pafos || Asimina Suites Hotel","description":"Zach\u0119camy do przejrzenia aktualnej listy ofert specjalnych hoteli Constantinou Bros Paphos, aby znale\u017a\u0107 odpowiedni\u0105 dla siebie ofert\u0119 na nast\u0119pny pobyt w obiekcie Asimina Suites.","robots":{"index":"index","follow":"follow","max-snippet":"max-snippet:-1","max-image-preview":"max-image-preview:large","max-video-preview":"max-video-preview:-1"},"canonical":"https:\/\/www.asimina-cbh.com\/pl\/oferty\/","og_locale":"pl_PL","og_type":"article","og_title":"Najlepsze oferty specjalne hoteli w Pafos || Asimina Suites Hotel","og_description":"Zach\u0119camy do przejrzenia aktualnej listy ofert specjalnych hoteli Constantinou Bros Paphos, aby znale\u017a\u0107 odpowiedni\u0105 dla siebie ofert\u0119 na nast\u0119pny pobyt w obiekcie Asimina Suites.","og_url":"https:\/\/www.asimina-cbh.com\/pl\/oferty\/","og_site_name":"Asimina Suites Hotel","article_modified_time":"2025-09-23T08:23:04+00:00","twitter_card":"summary_large_image","twitter_misc":{"Est. reading time":"1 minute"},"schema":{"@context":"https:\/\/schema.org","@graph":[{"@type":"WebPage","@id":"https:\/\/www.asimina-cbh.com\/pl\/oferty\/","url":"https:\/\/www.asimina-cbh.com\/pl\/oferty\/","name":"Najlepsze oferty specjalne hoteli w Pafos || Asimina Suites Hotel","isPartOf":{"@id":"https:\/\/www.asimina-cbh.com\/pl\/#website"},"primaryImageOfPage":{"@id":"https:\/\/www.asimina-cbh.com\/pl\/oferty\/#primaryimage"},"image":{"@id":"https:\/\/www.asimina-cbh.com\/pl\/oferty\/#primaryimage"},"thumbnailUrl":"https:\/\/www.asimina-cbh.com\/app\/uploads\/sites\/31\/2025\/10\/1-ASIMINA-SUITES-HOTEL-POOL.jpg","datePublished":"2024-07-22T12:10:43+00:00","dateModified":"2025-09-23T08:23:04+00:00","description":"Zach\u0119camy do przejrzenia aktualnej listy ofert specjalnych hoteli Constantinou Bros Paphos, aby znale\u017a\u0107 odpowiedni\u0105 dla siebie ofert\u0119 na nast\u0119pny pobyt w obiekcie Asimina Suites.","breadcrumb":{"@id":"https:\/\/www.asimina-cbh.com\/pl\/oferty\/#breadcrumb"},"inLanguage":"pl-PL","potentialAction":[{"@type":"ReadAction","target":["https:\/\/www.asimina-cbh.com\/pl\/oferty\/"]}]},{"@type":"ImageObject","inLanguage":"pl-PL","@id":"https:\/\/www.asimina-cbh.com\/pl\/oferty\/#primaryimage","url":"https:\/\/www.asimina-cbh.com\/app\/uploads\/sites\/31\/2025\/10\/1-ASIMINA-SUITES-HOTEL-POOL.jpg","contentUrl":"https:\/\/www.asimina-cbh.com\/app\/uploads\/sites\/31\/2025\/10\/1-ASIMINA-SUITES-HOTEL-POOL.jpg","width":2500,"height":1663,"caption":"ASIMINA-SUITES-HOTEL-POOL"},{"@type":"BreadcrumbList","@id":"https:\/\/www.asimina-cbh.com\/pl\/oferty\/#breadcrumb","itemListElement":[{"@type":"ListItem","position":1,"name":"Home","item":"https:\/\/www.asimina-cbh.com\/pl\/"},{"@type":"ListItem","position":2,"name":"Oferty"}]},{"@type":"WebSite","@id":"https:\/\/www.asimina-cbh.com\/pl\/#website","url":"https:\/\/www.asimina-cbh.com\/pl\/","name":"Asimina Suites Hotel","description":"Constantinou Bros Asimina Suites Hotel, 4 star hotel in Paphos Cyprus","potentialAction":[{"@type":"SearchAction","target":{"@type":"EntryPoint","urlTemplate":"https:\/\/www.asimina-cbh.com\/pl\/?s={search_term_string}"},"query-input":{"@type":"PropertyValueSpecification","valueRequired":true,"valueName":"search_term_string"}}],"inLanguage":"pl-PL"}]}},"_links":{"self":[{"href":"https:\/\/www.asimina-cbh.com\/pl\/wp-json\/wp\/v2\/pages\/12987","targetHints":{"allow":["GET"]}}],"collection":[{"href":"https:\/\/www.asimina-cbh.com\/pl\/wp-json\/wp\/v2\/pages"}],"about":[{"href":"https:\/\/www.asimina-cbh.com\/pl\/wp-json\/wp\/v2\/types\/page"}],"author":[{"embeddable":true,"href":"https:\/\/www.asimina-cbh.com\/pl\/wp-json\/wp\/v2\/users\/1"}],"replies":[{"embeddable":true,"href":"https:\/\/www.asimina-cbh.com\/pl\/wp-json\/wp\/v2\/comments?post=12987"}],"version-history":[{"count":3,"href":"https:\/\/www.asimina-cbh.com\/pl\/wp-json\/wp\/v2\/pages\/12987\/revisions"}],"predecessor-version":[{"id":14819,"href":"https:\/\/www.asimina-cbh.com\/pl\/wp-json\/wp\/v2\/pages\/12987\/revisions\/14819"}],"wp:featuredmedia":[{"embeddable":true,"href":"https:\/\/www.asimina-cbh.com\/pl\/wp-json\/wp\/v2\/media\/15351"}],"wp:attachment":[{"href":"https:\/\/www.asimina-cbh.com\/pl\/wp-json\/wp\/v2\/media?parent=12987"}],"curies":[{"name":"wp","href":"https:\/\/api.w.org\/{rel}","templated":true}]}}