{"id":12988,"date":"2024-07-22T15:10:43","date_gmt":"2024-07-22T12:10:43","guid":{"rendered":"https:\/\/www.asimina-cbh.com\/jadalnia\/jadalnia-opcje\/"},"modified":"2026-04-06T15:24:40","modified_gmt":"2026-04-06T12:24:40","slug":"jadalnia-opcje","status":"publish","type":"page","link":"https:\/\/www.asimina-cbh.com\/pl\/jadalnia\/jadalnia-opcje\/","title":{"rendered":"Opcje posi\u0142k\u00f3w"},"content":{"rendered":"<h4>Opcje niepe\u0142nego wy\u017cywienia \/ pe\u0142nego wy\u017cywienia<\/h4>\n<ul>\n<li>Elastyczny pakiet wy\u017cywienia jest dost\u0119pny minimum 4 dni w tygodniu.<\/li>\n<li>Lunch: Do wyboru mi\u0119dzy restauracj\u0105 przy basenie a restauracj\u0105 Kymata.<\/li>\n<li>Kolacja: Do wyboru restauracja Estia, restauracja A la Carte &amp; restauracja Kymata (\u015br\u00f3dziemnomorska restauracja A la Carte bez dodatkowej dop\u0142aty)<\/li>\n<li>Obie restauracje A la Carte wymagaj\u0105 rezerwacji.<\/li>\n<li>Prywatne kolacje na \u017cyczenie.<\/li>\n<\/ul>\n<h4>Pakiet Deluxe (opcja Ultra All-Inclusive)<\/h4>\n<ul>\n<li>Prosz\u0119 skorzysta\u0107 z naszego pakietu Deluxe i do\u015bwiadczy\u0107 autentyczno\u015bci bez ogranicze\u0144 we wszystkich naszych barach i restauracjach.<\/li>\n<\/ul>\n<p><a href=\"https:\/\/www.asimina-cbh.com\/app\/uploads\/sites\/31\/2024\/07\/ASIMINA-SUITES-HOTEL-DELUXE-PACKAGE-AI-ENG.pdf\" target=\"_blank\" rel=\"noopener\">Prosz\u0119 pobra\u0107 nasz Pakiet Deluxe, aby dowiedzie\u0107 si\u0119 wi\u0119cej<\/a><\/p>\n<h4>Obs\u0142uga pokoju<\/h4>\n<ul>\n<li>W menu obs\u0142ugi pokoju dost\u0119pnym przez ca\u0142\u0105 dob\u0119 znajd\u0105 Pa\u0144stwo wy\u015bmienite potrawy i napoje.<\/li>\n<\/ul>\n","protected":false},"excerpt":{"rendered":"<p>Opcje niepe\u0142nego wy\u017cywienia \/ pe\u0142nego wy\u017cywienia Elastyczny pakiet wy\u017cywienia jest dost\u0119pny minimum 4 dni w tygodniu. Lunch: Do wyboru mi\u0119dzy restauracj\u0105 przy basenie a restauracj\u0105 Kymata. Kolacja: Do wyboru restauracja Estia, restauracja A la Carte &amp; restauracja Kymata (\u015br\u00f3dziemnomorska restauracja A la Carte bez dodatkowej dop\u0142aty) Obie restauracje A la Carte wymagaj\u0105 rezerwacji. Prywatne kolacje<\/p>\n","protected":false},"author":1,"featured_media":12989,"parent":12978,"menu_order":0,"comment_status":"closed","ping_status":"closed","template":"","meta":{"_acf_changed":false,"footnotes":""},"class_list":["post-12988","page","type-page","status-publish","has-post-thumbnail","hentry"],"acf":[],"yoast_head":"<!-- This site is optimized with the Yoast SEO plugin v27.5 - https:\/\/yoast.com\/product\/yoast-seo-wordpress\/ -->\n<title>Asimina Suites Paphos opcje gastronomiczne || Asimina Suites Hotel<\/title>\n<meta name=\"description\" content=\"Prosz\u0119 dowiedzie\u0107 si\u0119 wi\u0119cej o wszystkich trzech opcjach wy\u017cywienia w hotelu Asimina Suites Paphos, w tym o niepe\u0142nym i pe\u0142nym wy\u017cywieniu, obs\u0142udze pokoju i pakiecie Deluxe.\" \/>\n<meta name=\"robots\" content=\"index, follow, max-snippet:-1, max-image-preview:large, max-video-preview:-1\" \/>\n<link rel=\"canonical\" href=\"https:\/\/www.asimina-cbh.com\/pl\/jadalnia\/jadalnia-opcje\/\" \/>\n<meta property=\"og:locale\" content=\"pl_PL\" \/>\n<meta property=\"og:type\" content=\"article\" \/>\n<meta property=\"og:title\" content=\"Asimina Suites Paphos opcje gastronomiczne || Asimina Suites Hotel\" \/>\n<meta property=\"og:description\" content=\"Prosz\u0119 dowiedzie\u0107 si\u0119 wi\u0119cej o wszystkich trzech opcjach wy\u017cywienia w hotelu Asimina Suites Paphos, w tym o niepe\u0142nym i pe\u0142nym wy\u017cywieniu, obs\u0142udze pokoju i pakiecie Deluxe.\" \/>\n<meta property=\"og:url\" content=\"https:\/\/www.asimina-cbh.com\/pl\/jadalnia\/jadalnia-opcje\/\" \/>\n<meta property=\"og:site_name\" content=\"Asimina Suites Hotel\" \/>\n<meta property=\"article:modified_time\" content=\"2026-04-06T12:24:40+00:00\" \/>\n<meta property=\"og:image\" content=\"https:\/\/www.asimina-cbh.com\/app\/uploads\/sites\/31\/2020\/09\/39-ASIMINA-SUITES-HOTEL-KYMATA-DINNER.jpg\" \/>\n\t<meta property=\"og:image:width\" content=\"1200\" \/>\n\t<meta property=\"og:image:height\" content=\"798\" \/>\n\t<meta property=\"og:image:type\" content=\"image\/jpeg\" \/>\n<meta name=\"twitter:card\" content=\"summary_large_image\" \/>\n<meta name=\"twitter:label1\" content=\"Est. reading time\" \/>\n\t<meta name=\"twitter:data1\" content=\"1 minute\" \/>\n<script type=\"application\/ld+json\" class=\"yoast-schema-graph\">{\"@context\":\"https:\\\/\\\/schema.org\",\"@graph\":[{\"@type\":\"WebPage\",\"@id\":\"https:\\\/\\\/www.asimina-cbh.com\\\/pl\\\/jadalnia\\\/jadalnia-opcje\\\/\",\"url\":\"https:\\\/\\\/www.asimina-cbh.com\\\/pl\\\/jadalnia\\\/jadalnia-opcje\\\/\",\"name\":\"Asimina Suites Paphos opcje gastronomiczne || Asimina Suites Hotel\",\"isPartOf\":{\"@id\":\"https:\\\/\\\/www.asimina-cbh.com\\\/pl\\\/#website\"},\"primaryImageOfPage\":{\"@id\":\"https:\\\/\\\/www.asimina-cbh.com\\\/pl\\\/jadalnia\\\/jadalnia-opcje\\\/#primaryimage\"},\"image\":{\"@id\":\"https:\\\/\\\/www.asimina-cbh.com\\\/pl\\\/jadalnia\\\/jadalnia-opcje\\\/#primaryimage\"},\"thumbnailUrl\":\"https:\\\/\\\/www.asimina-cbh.com\\\/app\\\/uploads\\\/sites\\\/31\\\/2020\\\/09\\\/39-ASIMINA-SUITES-HOTEL-KYMATA-DINNER.jpg\",\"datePublished\":\"2024-07-22T12:10:43+00:00\",\"dateModified\":\"2026-04-06T12:24:40+00:00\",\"description\":\"Prosz\u0119 dowiedzie\u0107 si\u0119 wi\u0119cej o wszystkich trzech opcjach wy\u017cywienia w hotelu Asimina Suites Paphos, w tym o niepe\u0142nym i pe\u0142nym wy\u017cywieniu, obs\u0142udze pokoju i pakiecie Deluxe.\",\"breadcrumb\":{\"@id\":\"https:\\\/\\\/www.asimina-cbh.com\\\/pl\\\/jadalnia\\\/jadalnia-opcje\\\/#breadcrumb\"},\"inLanguage\":\"pl-PL\",\"potentialAction\":[{\"@type\":\"ReadAction\",\"target\":[\"https:\\\/\\\/www.asimina-cbh.com\\\/pl\\\/jadalnia\\\/jadalnia-opcje\\\/\"]}]},{\"@type\":\"ImageObject\",\"inLanguage\":\"pl-PL\",\"@id\":\"https:\\\/\\\/www.asimina-cbh.com\\\/pl\\\/jadalnia\\\/jadalnia-opcje\\\/#primaryimage\",\"url\":\"https:\\\/\\\/www.asimina-cbh.com\\\/app\\\/uploads\\\/sites\\\/31\\\/2020\\\/09\\\/39-ASIMINA-SUITES-HOTEL-KYMATA-DINNER.jpg\",\"contentUrl\":\"https:\\\/\\\/www.asimina-cbh.com\\\/app\\\/uploads\\\/sites\\\/31\\\/2020\\\/09\\\/39-ASIMINA-SUITES-HOTEL-KYMATA-DINNER.jpg\",\"width\":1200,\"height\":798,\"caption\":\"Kymata Dinner\"},{\"@type\":\"BreadcrumbList\",\"@id\":\"https:\\\/\\\/www.asimina-cbh.com\\\/pl\\\/jadalnia\\\/jadalnia-opcje\\\/#breadcrumb\",\"itemListElement\":[{\"@type\":\"ListItem\",\"position\":1,\"name\":\"Home\",\"item\":\"https:\\\/\\\/www.asimina-cbh.com\\\/pl\\\/\"},{\"@type\":\"ListItem\",\"position\":2,\"name\":\"Jadalnia\",\"item\":\"https:\\\/\\\/www.asimina-cbh.com\\\/pl\\\/jadalnia\\\/\"},{\"@type\":\"ListItem\",\"position\":3,\"name\":\"Opcje posi\u0142k\u00f3w\"}]},{\"@type\":\"WebSite\",\"@id\":\"https:\\\/\\\/www.asimina-cbh.com\\\/pl\\\/#website\",\"url\":\"https:\\\/\\\/www.asimina-cbh.com\\\/pl\\\/\",\"name\":\"Asimina Suites Hotel\",\"description\":\"Constantinou Bros Asimina Suites Hotel, 4 star hotel in Paphos Cyprus\",\"potentialAction\":[{\"@type\":\"SearchAction\",\"target\":{\"@type\":\"EntryPoint\",\"urlTemplate\":\"https:\\\/\\\/www.asimina-cbh.com\\\/pl\\\/?s={search_term_string}\"},\"query-input\":{\"@type\":\"PropertyValueSpecification\",\"valueRequired\":true,\"valueName\":\"search_term_string\"}}],\"inLanguage\":\"pl-PL\"}]}<\/script>\n<!-- \/ Yoast SEO plugin. -->","yoast_head_json":{"title":"Asimina Suites Paphos opcje gastronomiczne || Asimina Suites Hotel","description":"Prosz\u0119 dowiedzie\u0107 si\u0119 wi\u0119cej o wszystkich trzech opcjach wy\u017cywienia w hotelu Asimina Suites Paphos, w tym o niepe\u0142nym i pe\u0142nym wy\u017cywieniu, obs\u0142udze pokoju i pakiecie Deluxe.","robots":{"index":"index","follow":"follow","max-snippet":"max-snippet:-1","max-image-preview":"max-image-preview:large","max-video-preview":"max-video-preview:-1"},"canonical":"https:\/\/www.asimina-cbh.com\/pl\/jadalnia\/jadalnia-opcje\/","og_locale":"pl_PL","og_type":"article","og_title":"Asimina Suites Paphos opcje gastronomiczne || Asimina Suites Hotel","og_description":"Prosz\u0119 dowiedzie\u0107 si\u0119 wi\u0119cej o wszystkich trzech opcjach wy\u017cywienia w hotelu Asimina Suites Paphos, w tym o niepe\u0142nym i pe\u0142nym wy\u017cywieniu, obs\u0142udze pokoju i pakiecie Deluxe.","og_url":"https:\/\/www.asimina-cbh.com\/pl\/jadalnia\/jadalnia-opcje\/","og_site_name":"Asimina Suites Hotel","article_modified_time":"2026-04-06T12:24:40+00:00","og_image":[{"width":1200,"height":798,"url":"https:\/\/www.asimina-cbh.com\/app\/uploads\/sites\/31\/2020\/09\/39-ASIMINA-SUITES-HOTEL-KYMATA-DINNER.jpg","type":"image\/jpeg"}],"twitter_card":"summary_large_image","twitter_misc":{"Est. reading time":"1 minute"},"schema":{"@context":"https:\/\/schema.org","@graph":[{"@type":"WebPage","@id":"https:\/\/www.asimina-cbh.com\/pl\/jadalnia\/jadalnia-opcje\/","url":"https:\/\/www.asimina-cbh.com\/pl\/jadalnia\/jadalnia-opcje\/","name":"Asimina Suites Paphos opcje gastronomiczne || Asimina Suites Hotel","isPartOf":{"@id":"https:\/\/www.asimina-cbh.com\/pl\/#website"},"primaryImageOfPage":{"@id":"https:\/\/www.asimina-cbh.com\/pl\/jadalnia\/jadalnia-opcje\/#primaryimage"},"image":{"@id":"https:\/\/www.asimina-cbh.com\/pl\/jadalnia\/jadalnia-opcje\/#primaryimage"},"thumbnailUrl":"https:\/\/www.asimina-cbh.com\/app\/uploads\/sites\/31\/2020\/09\/39-ASIMINA-SUITES-HOTEL-KYMATA-DINNER.jpg","datePublished":"2024-07-22T12:10:43+00:00","dateModified":"2026-04-06T12:24:40+00:00","description":"Prosz\u0119 dowiedzie\u0107 si\u0119 wi\u0119cej o wszystkich trzech opcjach wy\u017cywienia w hotelu Asimina Suites Paphos, w tym o niepe\u0142nym i pe\u0142nym wy\u017cywieniu, obs\u0142udze pokoju i pakiecie Deluxe.","breadcrumb":{"@id":"https:\/\/www.asimina-cbh.com\/pl\/jadalnia\/jadalnia-opcje\/#breadcrumb"},"inLanguage":"pl-PL","potentialAction":[{"@type":"ReadAction","target":["https:\/\/www.asimina-cbh.com\/pl\/jadalnia\/jadalnia-opcje\/"]}]},{"@type":"ImageObject","inLanguage":"pl-PL","@id":"https:\/\/www.asimina-cbh.com\/pl\/jadalnia\/jadalnia-opcje\/#primaryimage","url":"https:\/\/www.asimina-cbh.com\/app\/uploads\/sites\/31\/2020\/09\/39-ASIMINA-SUITES-HOTEL-KYMATA-DINNER.jpg","contentUrl":"https:\/\/www.asimina-cbh.com\/app\/uploads\/sites\/31\/2020\/09\/39-ASIMINA-SUITES-HOTEL-KYMATA-DINNER.jpg","width":1200,"height":798,"caption":"Kymata Dinner"},{"@type":"BreadcrumbList","@id":"https:\/\/www.asimina-cbh.com\/pl\/jadalnia\/jadalnia-opcje\/#breadcrumb","itemListElement":[{"@type":"ListItem","position":1,"name":"Home","item":"https:\/\/www.asimina-cbh.com\/pl\/"},{"@type":"ListItem","position":2,"name":"Jadalnia","item":"https:\/\/www.asimina-cbh.com\/pl\/jadalnia\/"},{"@type":"ListItem","position":3,"name":"Opcje posi\u0142k\u00f3w"}]},{"@type":"WebSite","@id":"https:\/\/www.asimina-cbh.com\/pl\/#website","url":"https:\/\/www.asimina-cbh.com\/pl\/","name":"Asimina Suites Hotel","description":"Constantinou Bros Asimina Suites Hotel, 4 star hotel in Paphos Cyprus","potentialAction":[{"@type":"SearchAction","target":{"@type":"EntryPoint","urlTemplate":"https:\/\/www.asimina-cbh.com\/pl\/?s={search_term_string}"},"query-input":{"@type":"PropertyValueSpecification","valueRequired":true,"valueName":"search_term_string"}}],"inLanguage":"pl-PL"}]}},"_links":{"self":[{"href":"https:\/\/www.asimina-cbh.com\/pl\/wp-json\/wp\/v2\/pages\/12988","targetHints":{"allow":["GET"]}}],"collection":[{"href":"https:\/\/www.asimina-cbh.com\/pl\/wp-json\/wp\/v2\/pages"}],"about":[{"href":"https:\/\/www.asimina-cbh.com\/pl\/wp-json\/wp\/v2\/types\/page"}],"author":[{"embeddable":true,"href":"https:\/\/www.asimina-cbh.com\/pl\/wp-json\/wp\/v2\/users\/1"}],"replies":[{"embeddable":true,"href":"https:\/\/www.asimina-cbh.com\/pl\/wp-json\/wp\/v2\/comments?post=12988"}],"version-history":[{"count":2,"href":"https:\/\/www.asimina-cbh.com\/pl\/wp-json\/wp\/v2\/pages\/12988\/revisions"}],"predecessor-version":[{"id":16345,"href":"https:\/\/www.asimina-cbh.com\/pl\/wp-json\/wp\/v2\/pages\/12988\/revisions\/16345"}],"up":[{"embeddable":true,"href":"https:\/\/www.asimina-cbh.com\/pl\/wp-json\/wp\/v2\/pages\/12978"}],"wp:featuredmedia":[{"embeddable":true,"href":"https:\/\/www.asimina-cbh.com\/pl\/wp-json\/wp\/v2\/media\/12989"}],"wp:attachment":[{"href":"https:\/\/www.asimina-cbh.com\/pl\/wp-json\/wp\/v2\/media?parent=12988"}],"curies":[{"name":"wp","href":"https:\/\/api.w.org\/{rel}","templated":true}]}}